{"id":198008,"date":"2024-07-01T09:37:45","date_gmt":"2024-07-01T08:37:45","guid":{"rendered":"https:\/\/hobby4geek.com\/?post_type=product&#038;p=198008"},"modified":"2025-08-30T12:20:17","modified_gmt":"2025-08-30T11:20:17","slug":"transformers-the-movie-studio-series-86-30-autobot-springer","status":"publish","type":"product","link":"https:\/\/hobby4geek.com\/de\/produkt\/transformers-the-movie-studio-series-86-30-autobot-springer\/","title":{"rendered":"Transformers: Der Film - Studio Series 86-30 Autobot Springer"},"content":{"rendered":"<p>Holen Sie sich die epische Action der Transformers-Filme von der gro\u00dfen Leinwand in Ihre Sammlung mit der Transformers Studio Series Leader Class Springer Actionfigur, inspiriert von The Transformers: The Movie! Transformers Studio Series-Spielzeuge sind Sammelfiguren, die mit vom Film inspirierten Details und Zubeh\u00f6r ausgestattet sind. Verwandle die Studio Series Transformers-Actionfigur f\u00fcr ein 3-in-1-Spiel! Die Figur l\u00e4sst sich in 31 Schritten vom Roboter in den Cybertron-Panzermodus und in 27 Schritten in den Cybertron-Hubschraubermodus verwandeln. Stelle das Springer-Spielzeug in der mitgelieferten abnehmbaren Kulisse f\u00fcr die Schlacht von Autobot City auf. Halte Ausschau nach weiteren Transformers Studio Series-Sammelfiguren, um eine vom Film inspirierte Sammlung aufzubauen (jede Figur ist separat erh\u00e4ltlich, je nach Verf\u00fcgbarkeit)!<\/p>\n<ul>\n<li>Diese Transformers Studio Series 86-30 Springer Actionfigur ist hochgradig beweglich und verf\u00fcgt \u00fcber vom Film inspirierte Deko und Details<\/li>\n<li>Diese 21,6 cm (8,5 Zoll) gro\u00dfe Sammelfigur ist hochgradig beweglich und mit Details ausgestattet, die das Universum des Transformers-Films widerspiegeln.<\/li>\n<li>Dieses Studio Series Transformers Spielzeug ist ein Dreifach-Wechsler, der sich in 31 Schritten vom Roboter in einen Cybertron-Panzer und in 27 Schritten in einen Cybertron-Hubschrauber verwandeln l\u00e4sst.<\/li>\n<li>Die Transformers-Figur kommt mit einem ansteckbaren Blaster und einem Schwert f\u00fcr lustige Posen<\/li>\n<li>Transformers-Figuren mit beweglichen K\u00f6pfen, Armen und Beinen f\u00fcr Action-Posen<\/li>\n<li>Der abnehmbare Hintergrund zeigt die Transformers Studio Series Springer-Figur in der Szene \"Schlacht um Autobot City\".<\/li>\n<li>Diese Actionfigur ist ein tolles Geschenk f\u00fcr jeden Transformers-Fan. Halten Sie Ausschau nach weiteren Transformers Studio Series-Spielzeugen, um eine Sammlung aufzubauen (jeweils separat erh\u00e4ltlich, je nach Verf\u00fcgbarkeit).<\/li>\n<\/ul>\n<p>TRANSFORMERS und HASBRO sowie alle damit verbundenen Marken und Logos sind Marken von Hasbro, Inc.<\/p>\n<p>Enth\u00e4lt die Figur, 7 Zubeh\u00f6rteile, eine abnehmbare Kulisse und eine Anleitung.<\/p>\n<p>Ma\u00dfstab der Figur: 8,5 Zoll<\/p>\n<p>8 Jahre und \u00e4lter<br \/>\nWarnung: Verschluckungsgefahr - Kleinteile. Nicht f\u00fcr Kinder unter 3 Jahren geeignet.<\/p>","protected":false},"excerpt":{"rendered":"<ul>\n<li>21,6 cm<\/li>\n<li>Leader-Klasse<\/li>\n<li>Dreifach-Wechsler<\/li>\n<li>Verwandelt sich in einen cybertronischen Panzer und Hubschrauber<\/li>\n<li>31 Schritte<\/li>\n<\/ul>","protected":false},"featured_media":198012,"comment_status":"open","ping_status":"closed","template":"","meta":{"inline_featured_image":false},"product_brand":[],"product_cat":[68,69,1955,1960],"product_tag":[2613,1759,199,335,1903,2614,1860,1975,204,2214],"giftcard-category":[],"class_list":{"0":"post-198008","1":"product","2":"type-product","3":"status-publish","4":"has-post-thumbnail","6":"product_cat-hasbro","7":"product_cat-takara-tomy","8":"product_cat-transformers","9":"product_cat-transformers-generations","10":"product_tag-86-30","11":"product_tag-action-toys","12":"product_tag-autobot","13":"product_tag-hasbro","14":"product_tag-leader-class","15":"product_tag-springer","16":"product_tag-takaratomy","17":"product_tag-toys-figures","18":"product_tag-transformers","19":"product_tag-transformers-the-movie","20":"product_shipping_class-light","21":"inventories-france-inventory","23":"first","24":"instock","25":"taxable","26":"shipping-taxable","27":"purchasable","28":"product-type-simple","29":"add-to-wishlist-after_add_to_cart"},"yoast_head":"<!-- This site is optimized with the Yoast SEO Premium plugin v25.3.1 (Yoast SEO v27.4) - https:\/\/yoast.com\/product\/yoast-seo-premium-wordpress\/ -->\n<title>Transformers: The Movie - Studio Series 86-30 Autobot Springer<\/title>\n<meta name=\"robots\" content=\"index, follow, max-snippet:-1, max-image-preview:large, max-video-preview:-1\" \/>\n<link rel=\"canonical\" href=\"https:\/\/hobby4geek.com\/de\/produkt\/transformers-the-movie-studio-series-86-30-autobot-springer\/\" \/>\n<meta property=\"og:locale\" content=\"de_DE\" \/>\n<meta property=\"og:type\" content=\"article\" \/>\n<meta property=\"og:title\" content=\"Transformers: The Movie - Studio Series 86-30 Autobot Springer\" \/>\n<meta property=\"og:description\" content=\"21.6 cm  Leader Class  Triple Changer  Converts to Cybertronian tank &amp; helicopter  31 steps\" \/>\n<meta property=\"og:url\" content=\"https:\/\/hobby4geek.com\/de\/produkt\/transformers-the-movie-studio-series-86-30-autobot-springer\/\" \/>\n<meta property=\"og:site_name\" content=\"Hobby4Geek\" \/>\n<meta property=\"article:publisher\" content=\"https:\/\/www.facebook.com\/hobby4geek\" \/>\n<meta property=\"article:modified_time\" content=\"2025-08-30T11:20:17+00:00\" \/>\n<meta property=\"og:image\" content=\"https:\/\/hobby4geek.com\/wp-content\/uploads\/2024\/07\/hr_hasf8774_e.jpg\" \/>\n\t<meta property=\"og:image:width\" content=\"2000\" \/>\n\t<meta property=\"og:image:height\" content=\"2000\" \/>\n\t<meta property=\"og:image:type\" content=\"image\/jpeg\" \/>\n<meta name=\"twitter:card\" content=\"summary_large_image\" \/>\n<meta name=\"twitter:site\" content=\"@hobby4geek\" \/>\n<script type=\"application\/ld+json\" class=\"yoast-schema-graph\">{\"@context\":\"https:\\\/\\\/schema.org\",\"@graph\":[{\"@type\":\"WebPage\",\"@id\":\"https:\\\/\\\/hobby4geek.com\\\/product\\\/transformers-the-movie-studio-series-86-30-autobot-springer\\\/\",\"url\":\"https:\\\/\\\/hobby4geek.com\\\/product\\\/transformers-the-movie-studio-series-86-30-autobot-springer\\\/\",\"name\":\"Transformers: The Movie - Studio Series 86-30 Autobot Springer\",\"isPartOf\":{\"@id\":\"https:\\\/\\\/hobby4geek.com\\\/#website\"},\"primaryImageOfPage\":{\"@id\":\"https:\\\/\\\/hobby4geek.com\\\/product\\\/transformers-the-movie-studio-series-86-30-autobot-springer\\\/#primaryimage\"},\"image\":{\"@id\":\"https:\\\/\\\/hobby4geek.com\\\/product\\\/transformers-the-movie-studio-series-86-30-autobot-springer\\\/#primaryimage\"},\"thumbnailUrl\":\"https:\\\/\\\/hobby4geek.com\\\/wp-content\\\/uploads\\\/2024\\\/07\\\/hr_hasf8774_e.jpg\",\"datePublished\":\"2024-07-01T08:37:45+00:00\",\"dateModified\":\"2025-08-30T11:20:17+00:00\",\"breadcrumb\":{\"@id\":\"https:\\\/\\\/hobby4geek.com\\\/product\\\/transformers-the-movie-studio-series-86-30-autobot-springer\\\/#breadcrumb\"},\"inLanguage\":\"de\",\"potentialAction\":[{\"@type\":\"ReadAction\",\"target\":[\"https:\\\/\\\/hobby4geek.com\\\/product\\\/transformers-the-movie-studio-series-86-30-autobot-springer\\\/\"]}]},{\"@type\":\"ImageObject\",\"inLanguage\":\"de\",\"@id\":\"https:\\\/\\\/hobby4geek.com\\\/product\\\/transformers-the-movie-studio-series-86-30-autobot-springer\\\/#primaryimage\",\"url\":\"https:\\\/\\\/hobby4geek.com\\\/wp-content\\\/uploads\\\/2024\\\/07\\\/hr_hasf8774_e.jpg\",\"contentUrl\":\"https:\\\/\\\/hobby4geek.com\\\/wp-content\\\/uploads\\\/2024\\\/07\\\/hr_hasf8774_e.jpg\",\"width\":2000,\"height\":2000},{\"@type\":\"BreadcrumbList\",\"@id\":\"https:\\\/\\\/hobby4geek.com\\\/product\\\/transformers-the-movie-studio-series-86-30-autobot-springer\\\/#breadcrumb\",\"itemListElement\":[{\"@type\":\"ListItem\",\"position\":1,\"name\":\"Home\",\"item\":\"https:\\\/\\\/hobby4geek.com\\\/\"},{\"@type\":\"ListItem\",\"position\":2,\"name\":\"Shop\",\"item\":\"https:\\\/\\\/hobby4geek.com\\\/shop\\\/\"},{\"@type\":\"ListItem\",\"position\":3,\"name\":\"Transformers: The Movie &#8211; Studio Series 86-30 Autobot Springer\"}]},{\"@type\":\"WebSite\",\"@id\":\"https:\\\/\\\/hobby4geek.com\\\/#website\",\"url\":\"https:\\\/\\\/hobby4geek.com\\\/\",\"name\":\"Hobby4Geek\",\"description\":\"Collect, Play &amp; Showcase, Embrace your Geekiness\",\"publisher\":{\"@id\":\"https:\\\/\\\/hobby4geek.com\\\/#organization\"},\"potentialAction\":[{\"@type\":\"SearchAction\",\"target\":{\"@type\":\"EntryPoint\",\"urlTemplate\":\"https:\\\/\\\/hobby4geek.com\\\/?s={search_term_string}\"},\"query-input\":{\"@type\":\"PropertyValueSpecification\",\"valueRequired\":true,\"valueName\":\"search_term_string\"}}],\"inLanguage\":\"de\"},{\"@type\":\"Organization\",\"@id\":\"https:\\\/\\\/hobby4geek.com\\\/#organization\",\"name\":\"Hobby4Geek\",\"url\":\"https:\\\/\\\/hobby4geek.com\\\/\",\"logo\":{\"@type\":\"ImageObject\",\"inLanguage\":\"de\",\"@id\":\"https:\\\/\\\/hobby4geek.com\\\/#\\\/schema\\\/logo\\\/image\\\/\",\"url\":\"https:\\\/\\\/hobby4geek.com\\\/wp-content\\\/uploads\\\/2023\\\/02\\\/default-kit.png\",\"contentUrl\":\"https:\\\/\\\/hobby4geek.com\\\/wp-content\\\/uploads\\\/2023\\\/02\\\/default-kit.png\",\"width\":600,\"height\":600,\"caption\":\"Hobby4Geek\"},\"image\":{\"@id\":\"https:\\\/\\\/hobby4geek.com\\\/#\\\/schema\\\/logo\\\/image\\\/\"},\"sameAs\":[\"https:\\\/\\\/www.facebook.com\\\/hobby4geek\",\"https:\\\/\\\/x.com\\\/hobby4geek\",\"https:\\\/\\\/www.instagram.com\\\/hobby4geek\\\/\"]}]}<\/script>\n<meta property=\"product:brand\" content=\"Hasbro\" \/>\n<meta property=\"product:price:amount\" content=\"54.80\" \/>\n<meta property=\"product:price:currency\" content=\"EUR\" \/>\n<meta property=\"og:availability\" content=\"instock\" \/>\n<meta property=\"product:availability\" content=\"instock\" \/>\n<meta property=\"product:retailer_item_id\" content=\"5010996262684\" \/>\n<meta property=\"product:condition\" content=\"new\" \/>\n<!-- \/ Yoast SEO Premium plugin. -->","yoast_head_json":{"title":"Transformers: Der Film - Studio Series 86-30 Autobot Springer","robots":{"index":"index","follow":"follow","max-snippet":"max-snippet:-1","max-image-preview":"max-image-preview:large","max-video-preview":"max-video-preview:-1"},"canonical":"https:\/\/hobby4geek.com\/de\/produkt\/transformers-the-movie-studio-series-86-30-autobot-springer\/","og_locale":"de_DE","og_type":"article","og_title":"Transformers: The Movie - Studio Series 86-30 Autobot Springer","og_description":"21.6 cm  Leader Class  Triple Changer  Converts to Cybertronian tank &amp; helicopter  31 steps","og_url":"https:\/\/hobby4geek.com\/de\/produkt\/transformers-the-movie-studio-series-86-30-autobot-springer\/","og_site_name":"Hobby4Geek","article_publisher":"https:\/\/www.facebook.com\/hobby4geek","article_modified_time":"2025-08-30T11:20:17+00:00","og_image":[{"width":2000,"height":2000,"url":"https:\/\/hobby4geek.com\/wp-content\/uploads\/2024\/07\/hr_hasf8774_e.jpg","type":"image\/jpeg"}],"twitter_card":"summary_large_image","twitter_site":"@hobby4geek","schema":{"@context":"https:\/\/schema.org","@graph":[{"@type":"WebPage","@id":"https:\/\/hobby4geek.com\/product\/transformers-the-movie-studio-series-86-30-autobot-springer\/","url":"https:\/\/hobby4geek.com\/product\/transformers-the-movie-studio-series-86-30-autobot-springer\/","name":"Transformers: Der Film - Studio Series 86-30 Autobot Springer","isPartOf":{"@id":"https:\/\/hobby4geek.com\/#website"},"primaryImageOfPage":{"@id":"https:\/\/hobby4geek.com\/product\/transformers-the-movie-studio-series-86-30-autobot-springer\/#primaryimage"},"image":{"@id":"https:\/\/hobby4geek.com\/product\/transformers-the-movie-studio-series-86-30-autobot-springer\/#primaryimage"},"thumbnailUrl":"https:\/\/hobby4geek.com\/wp-content\/uploads\/2024\/07\/hr_hasf8774_e.jpg","datePublished":"2024-07-01T08:37:45+00:00","dateModified":"2025-08-30T11:20:17+00:00","breadcrumb":{"@id":"https:\/\/hobby4geek.com\/product\/transformers-the-movie-studio-series-86-30-autobot-springer\/#breadcrumb"},"inLanguage":"de","potentialAction":[{"@type":"ReadAction","target":["https:\/\/hobby4geek.com\/product\/transformers-the-movie-studio-series-86-30-autobot-springer\/"]}]},{"@type":"ImageObject","inLanguage":"de","@id":"https:\/\/hobby4geek.com\/product\/transformers-the-movie-studio-series-86-30-autobot-springer\/#primaryimage","url":"https:\/\/hobby4geek.com\/wp-content\/uploads\/2024\/07\/hr_hasf8774_e.jpg","contentUrl":"https:\/\/hobby4geek.com\/wp-content\/uploads\/2024\/07\/hr_hasf8774_e.jpg","width":2000,"height":2000},{"@type":"BreadcrumbList","@id":"https:\/\/hobby4geek.com\/product\/transformers-the-movie-studio-series-86-30-autobot-springer\/#breadcrumb","itemListElement":[{"@type":"ListItem","position":1,"name":"Home","item":"https:\/\/hobby4geek.com\/"},{"@type":"ListItem","position":2,"name":"Shop","item":"https:\/\/hobby4geek.com\/shop\/"},{"@type":"ListItem","position":3,"name":"Transformers: The Movie &#8211; Studio Series 86-30 Autobot Springer"}]},{"@type":"WebSite","@id":"https:\/\/hobby4geek.com\/#website","url":"https:\/\/hobby4geek.com\/","name":"Hobby4Geek","description":"Sammeln, Spielen &amp; Pr\u00e4sentieren, Umarmung der Geekiness","publisher":{"@id":"https:\/\/hobby4geek.com\/#organization"},"potentialAction":[{"@type":"SearchAction","target":{"@type":"EntryPoint","urlTemplate":"https:\/\/hobby4geek.com\/?s={search_term_string}"},"query-input":{"@type":"PropertyValueSpecification","valueRequired":true,"valueName":"search_term_string"}}],"inLanguage":"de"},{"@type":"Organization","@id":"https:\/\/hobby4geek.com\/#organization","name":"Hobby4Geek","url":"https:\/\/hobby4geek.com\/","logo":{"@type":"ImageObject","inLanguage":"de","@id":"https:\/\/hobby4geek.com\/#\/schema\/logo\/image\/","url":"https:\/\/hobby4geek.com\/wp-content\/uploads\/2023\/02\/default-kit.png","contentUrl":"https:\/\/hobby4geek.com\/wp-content\/uploads\/2023\/02\/default-kit.png","width":600,"height":600,"caption":"Hobby4Geek"},"image":{"@id":"https:\/\/hobby4geek.com\/#\/schema\/logo\/image\/"},"sameAs":["https:\/\/www.facebook.com\/hobby4geek","https:\/\/x.com\/hobby4geek","https:\/\/www.instagram.com\/hobby4geek\/"]}]},"product_brand":"Hasbro","product_price_amount":"54.80","product_price_currency":"EUR","og_availability":"instock","product_availability":"instock","product_retailer_item_id":"5010996262684","product_condition":"new"},"_links":{"self":[{"href":"https:\/\/hobby4geek.com\/de\/wp-json\/wp\/v2\/product\/198008","targetHints":{"allow":["GET"]}}],"collection":[{"href":"https:\/\/hobby4geek.com\/de\/wp-json\/wp\/v2\/product"}],"about":[{"href":"https:\/\/hobby4geek.com\/de\/wp-json\/wp\/v2\/types\/product"}],"replies":[{"embeddable":true,"href":"https:\/\/hobby4geek.com\/de\/wp-json\/wp\/v2\/comments?post=198008"}],"version-history":[{"count":0,"href":"https:\/\/hobby4geek.com\/de\/wp-json\/wp\/v2\/product\/198008\/revisions"}],"wp:featuredmedia":[{"embeddable":true,"href":"https:\/\/hobby4geek.com\/de\/wp-json\/wp\/v2\/media\/198012"}],"wp:attachment":[{"href":"https:\/\/hobby4geek.com\/de\/wp-json\/wp\/v2\/media?parent=198008"}],"wp:term":[{"taxonomy":"product_brand","embeddable":true,"href":"https:\/\/hobby4geek.com\/de\/wp-json\/wp\/v2\/product_brand?post=198008"},{"taxonomy":"product_cat","embeddable":true,"href":"https:\/\/hobby4geek.com\/de\/wp-json\/wp\/v2\/product_cat?post=198008"},{"taxonomy":"product_tag","embeddable":true,"href":"https:\/\/hobby4geek.com\/de\/wp-json\/wp\/v2\/product_tag?post=198008"},{"taxonomy":"giftcard-category","embeddable":true,"href":"https:\/\/hobby4geek.com\/de\/wp-json\/wp\/v2\/giftcard-category?post=198008"}],"curies":[{"name":"wp","href":"https:\/\/api.w.org\/{rel}","templated":true}]}}