{"id":197862,"date":"2024-01-01T17:34:07","date_gmt":"2024-01-01T16:34:07","guid":{"rendered":"https:\/\/hobby4geek.com\/?post_type=product&#038;p=197862"},"modified":"2025-03-09T10:51:24","modified_gmt":"2025-03-09T09:51:24","slug":"star-wars-the-black-series-episode-vi-wicket","status":"publish","type":"product","link":"https:\/\/hobby4geek.com\/de\/produkt\/star-wars-the-black-series-episode-vi-wicket\/","title":{"rendered":"Star Wars: The Black Series - Episode VI: Wicket"},"content":{"rendered":"<p>Stellen Sie sich die gr\u00f6\u00dften Schlachten und Missionen der Star Wars-Saga mit den 6-Zoll-Actionfiguren von Star Wars The Black Series vor! Mit exquisiten Merkmalen und Dekorationen verk\u00f6rpert diese Serie die Qualit\u00e4t und den Realismus, den Star Wars-Fans lieben. Star Wars The Black Series umfasst Star Wars-Actionfiguren, Fahrzeuge und Rollenspielartikel aus der \u00fcber 40-j\u00e4hrigen Geschichte der Star Wars-Galaxie, einschlie\u00dflich Comics, Filmen und Zeichentrickserien. (Zus\u00e4tzliche Produkte sind jeweils separat erh\u00e4ltlich, je nach Verf\u00fcgbarkeit).<\/p>\n<p>Diese 6-Zoll-Sammelfigur aus der Black Series ist der Figur Wicket aus Star Wars: Die R\u00fcckkehr der Jedi detailgetreu nachempfunden und verf\u00fcgt \u00fcber mehrere Gelenkpunkte.<\/p>\n<p>Enth\u00e4lt: Figur und 6 Zubeh\u00f6rteile.<\/p>\n<ul>\n<li>WICKET: Anl\u00e4sslich des 40. Jahrestages der\u00a0<em>Star Wars: Die R\u00fcckkehr der Jedi<\/em>\u00a0mit Figuren von The Black Series, in klassischem Design und Verpackung!<\/li>\n<li><em>STAR WARS: DIE R\u00dcCKKEHR DER JEDI:<\/em>\u00a0Diese Wicket-Actionfigur ist inspiriert von der Figur aus\u00a0<em>Star Wars: Die R\u00fcckkehr der Jedi<\/em>\u00a0- ein tolles Geschenk f\u00fcr Star Wars-Sammler und -Fans ab 4 Jahren<\/li>\n<li>VON DER FIGUR INSPIRIERTES ZUBEH\u00d6R: Diese Sammelfigur Star Wars The Black Series wird mit 6 Zubeh\u00f6rteilen geliefert, darunter ein Speer und 2 Trommelst\u00f6cke.<\/li>\n<li>PREMIUM DESIGN UND KUNST: Star Wars-Fans und Sammler k\u00f6nnen diese voll bewegliche 6-Zoll-Actionfigur mit beweglichem Kopf, Armen und Beinen sowie hochwertiger Deko in ihrer Sammlung ausstellen.<\/li>\n<li>BUILD A GALAXY OF COLLECTIBLES: Halte Ausschau nach weiteren von der Unterhaltung inspirierten Star Wars The Black Series-Sammlerfiguren, um eine Star Wars-Galaxie zu bauen (jede Figur ist separat erh\u00e4ltlich, je nach Verf\u00fcgbarkeit)<\/li>\n<\/ul>\n<p>4 Jahre und \u00e4lter<\/p>\n<p>\u26a0\ufe0f WARNUNG: VERSTECKUNGSGEFAHR - Kleine Teile. Nicht f\u00fcr Kinder unter 3 Jahren geeignet.<\/p>\n<p>F7050<\/p>","protected":false},"excerpt":{"rendered":"<ul>\n<li>Star Wars: The Black Series<\/li>\n<li>Figur aus Star Wars: Episode VI<\/li>\n<li>Mit hochwertigen Details<\/li>\n<li>Mehrere Artikulationspunkte<\/li>\n<\/ul>","protected":false},"featured_media":197872,"comment_status":"open","ping_status":"closed","template":"","meta":{"inline_featured_image":false},"product_brand":[],"product_cat":[68,2005],"product_tag":[1759,2595,2008,2009,1975,2596],"giftcard-category":[],"class_list":{"0":"post-197862","1":"product","2":"type-product","3":"status-publish","4":"has-post-thumbnail","6":"product_cat-hasbro","7":"product_cat-star-wars","8":"product_tag-action-toys","9":"product_tag-episode-vi","10":"product_tag-star-wars","11":"product_tag-the-black-series","12":"product_tag-toys-figures","13":"product_tag-wicket","14":"product_shipping_class-light","16":"first","17":"outofstock","18":"taxable","19":"shipping-taxable","20":"purchasable","21":"product-type-simple","22":"add-to-wishlist-after_add_to_cart"},"yoast_head":"<!-- This site is optimized with the Yoast SEO Premium plugin v25.3.1 (Yoast SEO v27.4) - https:\/\/yoast.com\/product\/yoast-seo-premium-wordpress\/ -->\n<title>Star Wars: The Black Series - Episode VI: Wicket<\/title>\n<meta name=\"robots\" content=\"index, follow, max-snippet:-1, max-image-preview:large, max-video-preview:-1\" \/>\n<link rel=\"canonical\" href=\"https:\/\/hobby4geek.com\/de\/produkt\/star-wars-the-black-series-episode-vi-wicket\/\" \/>\n<meta property=\"og:locale\" content=\"de_DE\" \/>\n<meta property=\"og:type\" content=\"article\" \/>\n<meta property=\"og:title\" content=\"Star Wars: The Black Series - Episode VI: Wicket\" \/>\n<meta property=\"og:description\" content=\"Star Wars: The Black Series  Character from Star Wars: Episode VI  Featuring premium detail  Multiple points of articulation\" \/>\n<meta property=\"og:url\" content=\"https:\/\/hobby4geek.com\/de\/produkt\/star-wars-the-black-series-episode-vi-wicket\/\" \/>\n<meta property=\"og:site_name\" content=\"Hobby4Geek\" \/>\n<meta property=\"article:publisher\" content=\"https:\/\/www.facebook.com\/hobby4geek\" \/>\n<meta property=\"article:modified_time\" content=\"2025-03-09T09:51:24+00:00\" \/>\n<meta property=\"og:image\" content=\"https:\/\/hobby4geek.com\/wp-content\/uploads\/2024\/06\/star-wars-the-black-series-episode-vi-wicket-8.jpg\" \/>\n\t<meta property=\"og:image:width\" content=\"2000\" \/>\n\t<meta property=\"og:image:height\" content=\"2000\" \/>\n\t<meta property=\"og:image:type\" content=\"image\/jpeg\" \/>\n<meta name=\"twitter:card\" content=\"summary_large_image\" \/>\n<meta name=\"twitter:site\" content=\"@hobby4geek\" \/>\n<script type=\"application\/ld+json\" class=\"yoast-schema-graph\">{\"@context\":\"https:\\\/\\\/schema.org\",\"@graph\":[{\"@type\":\"WebPage\",\"@id\":\"https:\\\/\\\/hobby4geek.com\\\/product\\\/star-wars-the-black-series-episode-vi-wicket\\\/\",\"url\":\"https:\\\/\\\/hobby4geek.com\\\/product\\\/star-wars-the-black-series-episode-vi-wicket\\\/\",\"name\":\"Star Wars: The Black Series - Episode VI: Wicket\",\"isPartOf\":{\"@id\":\"https:\\\/\\\/hobby4geek.com\\\/#website\"},\"primaryImageOfPage\":{\"@id\":\"https:\\\/\\\/hobby4geek.com\\\/product\\\/star-wars-the-black-series-episode-vi-wicket\\\/#primaryimage\"},\"image\":{\"@id\":\"https:\\\/\\\/hobby4geek.com\\\/product\\\/star-wars-the-black-series-episode-vi-wicket\\\/#primaryimage\"},\"thumbnailUrl\":\"https:\\\/\\\/hobby4geek.com\\\/wp-content\\\/uploads\\\/2024\\\/06\\\/star-wars-the-black-series-episode-vi-wicket-8.jpg\",\"datePublished\":\"2024-01-01T16:34:07+00:00\",\"dateModified\":\"2025-03-09T09:51:24+00:00\",\"breadcrumb\":{\"@id\":\"https:\\\/\\\/hobby4geek.com\\\/product\\\/star-wars-the-black-series-episode-vi-wicket\\\/#breadcrumb\"},\"inLanguage\":\"de\",\"potentialAction\":[{\"@type\":\"ReadAction\",\"target\":[\"https:\\\/\\\/hobby4geek.com\\\/product\\\/star-wars-the-black-series-episode-vi-wicket\\\/\"]}]},{\"@type\":\"ImageObject\",\"inLanguage\":\"de\",\"@id\":\"https:\\\/\\\/hobby4geek.com\\\/product\\\/star-wars-the-black-series-episode-vi-wicket\\\/#primaryimage\",\"url\":\"https:\\\/\\\/hobby4geek.com\\\/wp-content\\\/uploads\\\/2024\\\/06\\\/star-wars-the-black-series-episode-vi-wicket-8.jpg\",\"contentUrl\":\"https:\\\/\\\/hobby4geek.com\\\/wp-content\\\/uploads\\\/2024\\\/06\\\/star-wars-the-black-series-episode-vi-wicket-8.jpg\",\"width\":2000,\"height\":2000,\"caption\":\"Star Wars: The Black Series - Episode VI: Wicket\"},{\"@type\":\"BreadcrumbList\",\"@id\":\"https:\\\/\\\/hobby4geek.com\\\/product\\\/star-wars-the-black-series-episode-vi-wicket\\\/#breadcrumb\",\"itemListElement\":[{\"@type\":\"ListItem\",\"position\":1,\"name\":\"Home\",\"item\":\"https:\\\/\\\/hobby4geek.com\\\/\"},{\"@type\":\"ListItem\",\"position\":2,\"name\":\"Shop\",\"item\":\"https:\\\/\\\/hobby4geek.com\\\/shop\\\/\"},{\"@type\":\"ListItem\",\"position\":3,\"name\":\"Star Wars: The Black Series &#8211; Episode VI: Wicket\"}]},{\"@type\":\"WebSite\",\"@id\":\"https:\\\/\\\/hobby4geek.com\\\/#website\",\"url\":\"https:\\\/\\\/hobby4geek.com\\\/\",\"name\":\"Hobby4Geek\",\"description\":\"Collect, Play &amp; Showcase, Embrace your Geekiness\",\"publisher\":{\"@id\":\"https:\\\/\\\/hobby4geek.com\\\/#organization\"},\"potentialAction\":[{\"@type\":\"SearchAction\",\"target\":{\"@type\":\"EntryPoint\",\"urlTemplate\":\"https:\\\/\\\/hobby4geek.com\\\/?s={search_term_string}\"},\"query-input\":{\"@type\":\"PropertyValueSpecification\",\"valueRequired\":true,\"valueName\":\"search_term_string\"}}],\"inLanguage\":\"de\"},{\"@type\":\"Organization\",\"@id\":\"https:\\\/\\\/hobby4geek.com\\\/#organization\",\"name\":\"Hobby4Geek\",\"url\":\"https:\\\/\\\/hobby4geek.com\\\/\",\"logo\":{\"@type\":\"ImageObject\",\"inLanguage\":\"de\",\"@id\":\"https:\\\/\\\/hobby4geek.com\\\/#\\\/schema\\\/logo\\\/image\\\/\",\"url\":\"https:\\\/\\\/hobby4geek.com\\\/wp-content\\\/uploads\\\/2023\\\/02\\\/default-kit.png\",\"contentUrl\":\"https:\\\/\\\/hobby4geek.com\\\/wp-content\\\/uploads\\\/2023\\\/02\\\/default-kit.png\",\"width\":600,\"height\":600,\"caption\":\"Hobby4Geek\"},\"image\":{\"@id\":\"https:\\\/\\\/hobby4geek.com\\\/#\\\/schema\\\/logo\\\/image\\\/\"},\"sameAs\":[\"https:\\\/\\\/www.facebook.com\\\/hobby4geek\",\"https:\\\/\\\/x.com\\\/hobby4geek\",\"https:\\\/\\\/www.instagram.com\\\/hobby4geek\\\/\"]}]}<\/script>\n<meta property=\"product:brand\" content=\"Hasbro\" \/>\n<meta property=\"product:price:amount\" content=\"29.80\" \/>\n<meta property=\"product:price:currency\" content=\"EUR\" \/>\n<meta property=\"og:availability\" content=\"out of stock\" \/>\n<meta property=\"product:availability\" content=\"out of stock\" \/>\n<meta property=\"product:retailer_item_id\" content=\"5010996136763\" \/>\n<meta property=\"product:condition\" content=\"new\" \/>\n<!-- \/ Yoast SEO Premium plugin. -->","yoast_head_json":{"title":"Star Wars: The Black Series - Episode VI: Wicket","robots":{"index":"index","follow":"follow","max-snippet":"max-snippet:-1","max-image-preview":"max-image-preview:large","max-video-preview":"max-video-preview:-1"},"canonical":"https:\/\/hobby4geek.com\/de\/produkt\/star-wars-the-black-series-episode-vi-wicket\/","og_locale":"de_DE","og_type":"article","og_title":"Star Wars: The Black Series - Episode VI: Wicket","og_description":"Star Wars: The Black Series  Character from Star Wars: Episode VI  Featuring premium detail  Multiple points of articulation","og_url":"https:\/\/hobby4geek.com\/de\/produkt\/star-wars-the-black-series-episode-vi-wicket\/","og_site_name":"Hobby4Geek","article_publisher":"https:\/\/www.facebook.com\/hobby4geek","article_modified_time":"2025-03-09T09:51:24+00:00","og_image":[{"width":2000,"height":2000,"url":"https:\/\/hobby4geek.com\/wp-content\/uploads\/2024\/06\/star-wars-the-black-series-episode-vi-wicket-8.jpg","type":"image\/jpeg"}],"twitter_card":"summary_large_image","twitter_site":"@hobby4geek","schema":{"@context":"https:\/\/schema.org","@graph":[{"@type":"WebPage","@id":"https:\/\/hobby4geek.com\/product\/star-wars-the-black-series-episode-vi-wicket\/","url":"https:\/\/hobby4geek.com\/product\/star-wars-the-black-series-episode-vi-wicket\/","name":"Star Wars: The Black Series - Episode VI: Wicket","isPartOf":{"@id":"https:\/\/hobby4geek.com\/#website"},"primaryImageOfPage":{"@id":"https:\/\/hobby4geek.com\/product\/star-wars-the-black-series-episode-vi-wicket\/#primaryimage"},"image":{"@id":"https:\/\/hobby4geek.com\/product\/star-wars-the-black-series-episode-vi-wicket\/#primaryimage"},"thumbnailUrl":"https:\/\/hobby4geek.com\/wp-content\/uploads\/2024\/06\/star-wars-the-black-series-episode-vi-wicket-8.jpg","datePublished":"2024-01-01T16:34:07+00:00","dateModified":"2025-03-09T09:51:24+00:00","breadcrumb":{"@id":"https:\/\/hobby4geek.com\/product\/star-wars-the-black-series-episode-vi-wicket\/#breadcrumb"},"inLanguage":"de","potentialAction":[{"@type":"ReadAction","target":["https:\/\/hobby4geek.com\/product\/star-wars-the-black-series-episode-vi-wicket\/"]}]},{"@type":"ImageObject","inLanguage":"de","@id":"https:\/\/hobby4geek.com\/product\/star-wars-the-black-series-episode-vi-wicket\/#primaryimage","url":"https:\/\/hobby4geek.com\/wp-content\/uploads\/2024\/06\/star-wars-the-black-series-episode-vi-wicket-8.jpg","contentUrl":"https:\/\/hobby4geek.com\/wp-content\/uploads\/2024\/06\/star-wars-the-black-series-episode-vi-wicket-8.jpg","width":2000,"height":2000,"caption":"Star Wars: The Black Series - Episode VI: Wicket"},{"@type":"BreadcrumbList","@id":"https:\/\/hobby4geek.com\/product\/star-wars-the-black-series-episode-vi-wicket\/#breadcrumb","itemListElement":[{"@type":"ListItem","position":1,"name":"Home","item":"https:\/\/hobby4geek.com\/"},{"@type":"ListItem","position":2,"name":"Shop","item":"https:\/\/hobby4geek.com\/shop\/"},{"@type":"ListItem","position":3,"name":"Star Wars: The Black Series &#8211; Episode VI: Wicket"}]},{"@type":"WebSite","@id":"https:\/\/hobby4geek.com\/#website","url":"https:\/\/hobby4geek.com\/","name":"Hobby4Geek","description":"Sammeln, Spielen &amp; Pr\u00e4sentieren, Umarmung der Geekiness","publisher":{"@id":"https:\/\/hobby4geek.com\/#organization"},"potentialAction":[{"@type":"SearchAction","target":{"@type":"EntryPoint","urlTemplate":"https:\/\/hobby4geek.com\/?s={search_term_string}"},"query-input":{"@type":"PropertyValueSpecification","valueRequired":true,"valueName":"search_term_string"}}],"inLanguage":"de"},{"@type":"Organization","@id":"https:\/\/hobby4geek.com\/#organization","name":"Hobby4Geek","url":"https:\/\/hobby4geek.com\/","logo":{"@type":"ImageObject","inLanguage":"de","@id":"https:\/\/hobby4geek.com\/#\/schema\/logo\/image\/","url":"https:\/\/hobby4geek.com\/wp-content\/uploads\/2023\/02\/default-kit.png","contentUrl":"https:\/\/hobby4geek.com\/wp-content\/uploads\/2023\/02\/default-kit.png","width":600,"height":600,"caption":"Hobby4Geek"},"image":{"@id":"https:\/\/hobby4geek.com\/#\/schema\/logo\/image\/"},"sameAs":["https:\/\/www.facebook.com\/hobby4geek","https:\/\/x.com\/hobby4geek","https:\/\/www.instagram.com\/hobby4geek\/"]}]},"product_brand":"Hasbro","product_price_amount":"29.80","product_price_currency":"EUR","og_availability":"out of stock","product_availability":"out of stock","product_retailer_item_id":"5010996136763","product_condition":"new"},"_links":{"self":[{"href":"https:\/\/hobby4geek.com\/de\/wp-json\/wp\/v2\/product\/197862","targetHints":{"allow":["GET"]}}],"collection":[{"href":"https:\/\/hobby4geek.com\/de\/wp-json\/wp\/v2\/product"}],"about":[{"href":"https:\/\/hobby4geek.com\/de\/wp-json\/wp\/v2\/types\/product"}],"replies":[{"embeddable":true,"href":"https:\/\/hobby4geek.com\/de\/wp-json\/wp\/v2\/comments?post=197862"}],"version-history":[{"count":0,"href":"https:\/\/hobby4geek.com\/de\/wp-json\/wp\/v2\/product\/197862\/revisions"}],"wp:featuredmedia":[{"embeddable":true,"href":"https:\/\/hobby4geek.com\/de\/wp-json\/wp\/v2\/media\/197872"}],"wp:attachment":[{"href":"https:\/\/hobby4geek.com\/de\/wp-json\/wp\/v2\/media?parent=197862"}],"wp:term":[{"taxonomy":"product_brand","embeddable":true,"href":"https:\/\/hobby4geek.com\/de\/wp-json\/wp\/v2\/product_brand?post=197862"},{"taxonomy":"product_cat","embeddable":true,"href":"https:\/\/hobby4geek.com\/de\/wp-json\/wp\/v2\/product_cat?post=197862"},{"taxonomy":"product_tag","embeddable":true,"href":"https:\/\/hobby4geek.com\/de\/wp-json\/wp\/v2\/product_tag?post=197862"},{"taxonomy":"giftcard-category","embeddable":true,"href":"https:\/\/hobby4geek.com\/de\/wp-json\/wp\/v2\/giftcard-category?post=197862"}],"curies":[{"name":"wp","href":"https:\/\/api.w.org\/{rel}","templated":true}]}}