{"id":197831,"date":"2024-04-15T08:56:53","date_gmt":"2024-04-15T07:56:53","guid":{"rendered":"https:\/\/hobby4geek.com\/?post_type=product&#038;p=197831"},"modified":"2025-04-02T23:15:16","modified_gmt":"2025-04-02T22:15:16","slug":"masters-of-the-universe-origins-vehicle-evil-ship-of-skeletor-cartoon-collection","status":"publish","type":"product","link":"https:\/\/hobby4geek.com\/de\/produkt\/masters-of-the-universe-origins-vehicle-evil-ship-of-skeletor-cartoon-collection\/","title":{"rendered":"Masters of the Universe: Origins - Das b\u00f6se Schiff von Skeletor (Cartoon Collection)"},"content":{"rendered":"<p>Making seine erste MOTU Origins Spielzeug Aussehen, The Collector Fahrzeug ist inspiriert von den urspr\u00fcnglichen Cartoons aus den 80er Jahren bei 5,5-Zoll-Skala, aber mit modernen Design-Akzenten und Artikulation. Das Cockpit des b\u00f6sen Luftschiffs von Skeletor l\u00e4sst sich \u00f6ffnen, um einen speziellen vergoldeten Sitz f\u00fcr den Herrn der Zerst\u00f6rung und 2 weitere Sitze zu enth\u00fcllen. Die ausfahrbaren Klauen an der Vorderseite k\u00f6nnen manuell gedreht werden und 2 einsteckbare Explosionseffekte sorgen f\u00fcr b\u00f6se Feuerkraft. Dieses lang erwartete Fahrzeug ist bereit, 3 Origins-Schurken in die Schlacht zu bef\u00f6rdern oder eine sch\u00e4ndliche Ausstellung zu gestalten. (Die Figuren sind separat erh\u00e4ltlich.) Ein tolles Geschenk f\u00fcr MOTU-Fans ab 6 Jahren. Farben und Dekorationen k\u00f6nnen variieren.<\/p>\n<ul>\n<li>Dieses MOTU Cartoon Collection Sammlerfahrzeug weckt sch\u00f6ne Erinnerungen an die 1980er Jahre. Das dunkle, mit Stacheln besetzte Gef\u00e4hrt von Skeletor ist leicht zu erkennen und ist das Fahrzeug, nach dem die Fans gefragt haben.<\/li>\n<li>Das Cockpit hat eine durchsichtige gelbe Fensterscheibe, und die gesamte Cockpitabdeckung l\u00e4sst sich von vorne anheben, um 3 Origins-Figuren (separat erh\u00e4ltlich) Platz zu bieten. Ein Sitz ist ein luftiger Skeletor-Thron, mit Sch\u00e4deldetails und metallischem Finish.<\/li>\n<li>Die \"Explosionseffekte\" werden in die manuell ausfahrbaren Klauen eingesteckt, die vorne herausfahren und bereit sind, Skeletors Feinde auf diesem b\u00f6sen Luftschiff aufzuspie\u00dfen.<\/li>\n<li>Fans werden alle Spielzeuge der Masters of the Universe Cartoon Collection sammeln wollen, um eine nostalgische Vitrine zu schaffen, die an die wunderbare Kindheit in den 1980er Jahren erinnert.<\/li>\n<li>Der Collector ist ein tolles Geschenk f\u00fcr MOTU-Fans ab 6 Jahren.<\/li>\n<\/ul>","protected":false},"excerpt":{"rendered":"<ul>\n<li>Das Fahrzeug ist von den Original-Zeichentrickfilmen aus den 80er Jahren inspiriert<\/li>\n<li>Hergestellt aus Kunststoff<\/li>\n<\/ul>","protected":false},"featured_media":197837,"comment_status":"open","ping_status":"closed","template":"","meta":{"inline_featured_image":false},"product_brand":[],"product_cat":[2218,2224,2023],"product_tag":[1759,2341,2592,2591,2589,2219,2223,2225,2348,1975,2590],"giftcard-category":[],"class_list":{"0":"post-197831","1":"product","2":"type-product","3":"status-publish","4":"has-post-thumbnail","6":"product_cat-masters-of-the-universe","7":"product_cat-masters-of-the-universe-origins","8":"product_cat-mattel","9":"product_tag-action-toys","10":"product_tag-cartoon-collection","11":"product_tag-evil-ship","12":"product_tag-evil-ship-of-skeletor","13":"product_tag-htn00","14":"product_tag-masters-of-the-universe-origins","15":"product_tag-motu","16":"product_tag-origins","17":"product_tag-skeletor","18":"product_tag-toys-figures","19":"product_tag-vehicle","20":"product_shipping_class-light","22":"first","23":"outofstock","24":"taxable","25":"shipping-taxable","26":"purchasable","27":"product-type-simple","28":"add-to-wishlist-after_add_to_cart"},"yoast_head":"<!-- This site is optimized with the Yoast SEO Premium plugin v25.3.1 (Yoast SEO v27.2) - https:\/\/yoast.com\/product\/yoast-seo-premium-wordpress\/ -->\n<title>Masters of the Universe: Origins - Vehicle Evil Ship of Skeletor (Cartoon Collection)<\/title>\n<meta name=\"robots\" content=\"index, follow, max-snippet:-1, max-image-preview:large, max-video-preview:-1\" \/>\n<link rel=\"canonical\" href=\"https:\/\/hobby4geek.com\/de\/produkt\/masters-of-the-universe-origins-vehicle-evil-ship-of-skeletor-cartoon-collection\/\" \/>\n<meta property=\"og:locale\" content=\"de_DE\" \/>\n<meta property=\"og:type\" content=\"article\" \/>\n<meta property=\"og:title\" content=\"Masters of the Universe: Origins - Vehicle Evil Ship of Skeletor (Cartoon Collection)\" \/>\n<meta property=\"og:description\" content=\"Vehicle is inspired by the original cartoons from the \u201980s  Made of plastic\" \/>\n<meta property=\"og:url\" content=\"https:\/\/hobby4geek.com\/de\/produkt\/masters-of-the-universe-origins-vehicle-evil-ship-of-skeletor-cartoon-collection\/\" \/>\n<meta property=\"og:site_name\" content=\"Hobby4Geek\" \/>\n<meta property=\"article:publisher\" content=\"https:\/\/www.facebook.com\/hobby4geek\" \/>\n<meta property=\"article:modified_time\" content=\"2025-04-02T22:15:16+00:00\" \/>\n<meta property=\"og:image\" content=\"https:\/\/hobby4geek.com\/wp-content\/uploads\/2024\/06\/masters-of-the-universe-origins-vehicle-evil-ship-of-skeletor-cartoon-collection-2.png\" \/>\n\t<meta property=\"og:image:width\" content=\"720\" \/>\n\t<meta property=\"og:image:height\" content=\"720\" \/>\n\t<meta property=\"og:image:type\" content=\"image\/png\" \/>\n<meta name=\"twitter:card\" content=\"summary_large_image\" \/>\n<meta name=\"twitter:site\" content=\"@hobby4geek\" \/>\n<script type=\"application\/ld+json\" class=\"yoast-schema-graph\">{\"@context\":\"https:\/\/schema.org\",\"@graph\":[{\"@type\":\"WebPage\",\"@id\":\"https:\/\/hobby4geek.com\/product\/masters-of-the-universe-origins-vehicle-evil-ship-of-skeletor-cartoon-collection\/\",\"url\":\"https:\/\/hobby4geek.com\/product\/masters-of-the-universe-origins-vehicle-evil-ship-of-skeletor-cartoon-collection\/\",\"name\":\"Masters of the Universe: Origins - Vehicle Evil Ship of Skeletor (Cartoon Collection)\",\"isPartOf\":{\"@id\":\"https:\/\/hobby4geek.com\/#website\"},\"primaryImageOfPage\":{\"@id\":\"https:\/\/hobby4geek.com\/product\/masters-of-the-universe-origins-vehicle-evil-ship-of-skeletor-cartoon-collection\/#primaryimage\"},\"image\":{\"@id\":\"https:\/\/hobby4geek.com\/product\/masters-of-the-universe-origins-vehicle-evil-ship-of-skeletor-cartoon-collection\/#primaryimage\"},\"thumbnailUrl\":\"https:\/\/hobby4geek.com\/wp-content\/uploads\/2024\/06\/masters-of-the-universe-origins-vehicle-evil-ship-of-skeletor-cartoon-collection-2.png\",\"datePublished\":\"2024-04-15T07:56:53+00:00\",\"dateModified\":\"2025-04-02T22:15:16+00:00\",\"breadcrumb\":{\"@id\":\"https:\/\/hobby4geek.com\/product\/masters-of-the-universe-origins-vehicle-evil-ship-of-skeletor-cartoon-collection\/#breadcrumb\"},\"inLanguage\":\"de\",\"potentialAction\":[{\"@type\":\"ReadAction\",\"target\":[\"https:\/\/hobby4geek.com\/product\/masters-of-the-universe-origins-vehicle-evil-ship-of-skeletor-cartoon-collection\/\"]}]},{\"@type\":\"ImageObject\",\"inLanguage\":\"de\",\"@id\":\"https:\/\/hobby4geek.com\/product\/masters-of-the-universe-origins-vehicle-evil-ship-of-skeletor-cartoon-collection\/#primaryimage\",\"url\":\"https:\/\/hobby4geek.com\/wp-content\/uploads\/2024\/06\/masters-of-the-universe-origins-vehicle-evil-ship-of-skeletor-cartoon-collection-2.png\",\"contentUrl\":\"https:\/\/hobby4geek.com\/wp-content\/uploads\/2024\/06\/masters-of-the-universe-origins-vehicle-evil-ship-of-skeletor-cartoon-collection-2.png\",\"width\":720,\"height\":720,\"caption\":\"Masters of the Universe: Origins - Vehicle Evil Ship of Skeletor (Cartoon Collection)\"},{\"@type\":\"BreadcrumbList\",\"@id\":\"https:\/\/hobby4geek.com\/product\/masters-of-the-universe-origins-vehicle-evil-ship-of-skeletor-cartoon-collection\/#breadcrumb\",\"itemListElement\":[{\"@type\":\"ListItem\",\"position\":1,\"name\":\"Home\",\"item\":\"https:\/\/hobby4geek.com\/\"},{\"@type\":\"ListItem\",\"position\":2,\"name\":\"Shop\",\"item\":\"https:\/\/hobby4geek.com\/shop\/\"},{\"@type\":\"ListItem\",\"position\":3,\"name\":\"Masters of the Universe: Origins &#8211; Vehicle Evil Ship of Skeletor (Cartoon Collection)\"}]},{\"@type\":\"WebSite\",\"@id\":\"https:\/\/hobby4geek.com\/#website\",\"url\":\"https:\/\/hobby4geek.com\/\",\"name\":\"Hobby4Geek\",\"description\":\"Collect, Play &amp; Showcase, Embrace your Geekiness\",\"publisher\":{\"@id\":\"https:\/\/hobby4geek.com\/#organization\"},\"potentialAction\":[{\"@type\":\"SearchAction\",\"target\":{\"@type\":\"EntryPoint\",\"urlTemplate\":\"https:\/\/hobby4geek.com\/?s={search_term_string}\"},\"query-input\":{\"@type\":\"PropertyValueSpecification\",\"valueRequired\":true,\"valueName\":\"search_term_string\"}}],\"inLanguage\":\"de\"},{\"@type\":\"Organization\",\"@id\":\"https:\/\/hobby4geek.com\/#organization\",\"name\":\"Hobby4Geek\",\"url\":\"https:\/\/hobby4geek.com\/\",\"logo\":{\"@type\":\"ImageObject\",\"inLanguage\":\"de\",\"@id\":\"https:\/\/hobby4geek.com\/#\/schema\/logo\/image\/\",\"url\":\"https:\/\/hobby4geek.com\/wp-content\/uploads\/2023\/02\/default-kit.png\",\"contentUrl\":\"https:\/\/hobby4geek.com\/wp-content\/uploads\/2023\/02\/default-kit.png\",\"width\":600,\"height\":600,\"caption\":\"Hobby4Geek\"},\"image\":{\"@id\":\"https:\/\/hobby4geek.com\/#\/schema\/logo\/image\/\"},\"sameAs\":[\"https:\/\/www.facebook.com\/hobby4geek\",\"https:\/\/x.com\/hobby4geek\",\"https:\/\/www.instagram.com\/hobby4geek\/\"]}]}<\/script>\n<meta property=\"product:brand\" content=\"Masters of the Universe\" \/>\n<meta property=\"product:price:amount\" content=\"48.60\" \/>\n<meta property=\"product:price:currency\" content=\"EUR\" \/>\n<meta property=\"og:availability\" content=\"out of stock\" \/>\n<meta property=\"product:availability\" content=\"out of stock\" \/>\n<meta property=\"product:retailer_item_id\" content=\"0194735194292\" \/>\n<meta property=\"product:condition\" content=\"new\" \/>\n<!-- \/ Yoast SEO Premium plugin. -->","yoast_head_json":{"title":"Masters of the Universe: Origins - Das b\u00f6se Schiff von Skeletor (Cartoon Collection)","robots":{"index":"index","follow":"follow","max-snippet":"max-snippet:-1","max-image-preview":"max-image-preview:large","max-video-preview":"max-video-preview:-1"},"canonical":"https:\/\/hobby4geek.com\/de\/produkt\/masters-of-the-universe-origins-vehicle-evil-ship-of-skeletor-cartoon-collection\/","og_locale":"de_DE","og_type":"article","og_title":"Masters of the Universe: Origins - Vehicle Evil Ship of Skeletor (Cartoon Collection)","og_description":"Vehicle is inspired by the original cartoons from the \u201980s  Made of plastic","og_url":"https:\/\/hobby4geek.com\/de\/produkt\/masters-of-the-universe-origins-vehicle-evil-ship-of-skeletor-cartoon-collection\/","og_site_name":"Hobby4Geek","article_publisher":"https:\/\/www.facebook.com\/hobby4geek","article_modified_time":"2025-04-02T22:15:16+00:00","og_image":[{"width":720,"height":720,"url":"https:\/\/hobby4geek.com\/wp-content\/uploads\/2024\/06\/masters-of-the-universe-origins-vehicle-evil-ship-of-skeletor-cartoon-collection-2.png","type":"image\/png"}],"twitter_card":"summary_large_image","twitter_site":"@hobby4geek","schema":{"@context":"https:\/\/schema.org","@graph":[{"@type":"WebPage","@id":"https:\/\/hobby4geek.com\/product\/masters-of-the-universe-origins-vehicle-evil-ship-of-skeletor-cartoon-collection\/","url":"https:\/\/hobby4geek.com\/product\/masters-of-the-universe-origins-vehicle-evil-ship-of-skeletor-cartoon-collection\/","name":"Masters of the Universe: Origins - Das b\u00f6se Schiff von Skeletor (Cartoon Collection)","isPartOf":{"@id":"https:\/\/hobby4geek.com\/#website"},"primaryImageOfPage":{"@id":"https:\/\/hobby4geek.com\/product\/masters-of-the-universe-origins-vehicle-evil-ship-of-skeletor-cartoon-collection\/#primaryimage"},"image":{"@id":"https:\/\/hobby4geek.com\/product\/masters-of-the-universe-origins-vehicle-evil-ship-of-skeletor-cartoon-collection\/#primaryimage"},"thumbnailUrl":"https:\/\/hobby4geek.com\/wp-content\/uploads\/2024\/06\/masters-of-the-universe-origins-vehicle-evil-ship-of-skeletor-cartoon-collection-2.png","datePublished":"2024-04-15T07:56:53+00:00","dateModified":"2025-04-02T22:15:16+00:00","breadcrumb":{"@id":"https:\/\/hobby4geek.com\/product\/masters-of-the-universe-origins-vehicle-evil-ship-of-skeletor-cartoon-collection\/#breadcrumb"},"inLanguage":"de","potentialAction":[{"@type":"ReadAction","target":["https:\/\/hobby4geek.com\/product\/masters-of-the-universe-origins-vehicle-evil-ship-of-skeletor-cartoon-collection\/"]}]},{"@type":"ImageObject","inLanguage":"de","@id":"https:\/\/hobby4geek.com\/product\/masters-of-the-universe-origins-vehicle-evil-ship-of-skeletor-cartoon-collection\/#primaryimage","url":"https:\/\/hobby4geek.com\/wp-content\/uploads\/2024\/06\/masters-of-the-universe-origins-vehicle-evil-ship-of-skeletor-cartoon-collection-2.png","contentUrl":"https:\/\/hobby4geek.com\/wp-content\/uploads\/2024\/06\/masters-of-the-universe-origins-vehicle-evil-ship-of-skeletor-cartoon-collection-2.png","width":720,"height":720,"caption":"Masters of the Universe: Origins - Vehicle Evil Ship of Skeletor (Cartoon Collection)"},{"@type":"BreadcrumbList","@id":"https:\/\/hobby4geek.com\/product\/masters-of-the-universe-origins-vehicle-evil-ship-of-skeletor-cartoon-collection\/#breadcrumb","itemListElement":[{"@type":"ListItem","position":1,"name":"Home","item":"https:\/\/hobby4geek.com\/"},{"@type":"ListItem","position":2,"name":"Shop","item":"https:\/\/hobby4geek.com\/shop\/"},{"@type":"ListItem","position":3,"name":"Masters of the Universe: Origins &#8211; Vehicle Evil Ship of Skeletor (Cartoon Collection)"}]},{"@type":"WebSite","@id":"https:\/\/hobby4geek.com\/#website","url":"https:\/\/hobby4geek.com\/","name":"Hobby4Geek","description":"Sammeln, Spielen &amp; Pr\u00e4sentieren, Umarmung der Geekiness","publisher":{"@id":"https:\/\/hobby4geek.com\/#organization"},"potentialAction":[{"@type":"SearchAction","target":{"@type":"EntryPoint","urlTemplate":"https:\/\/hobby4geek.com\/?s={search_term_string}"},"query-input":{"@type":"PropertyValueSpecification","valueRequired":true,"valueName":"search_term_string"}}],"inLanguage":"de"},{"@type":"Organization","@id":"https:\/\/hobby4geek.com\/#organization","name":"Hobby4Geek","url":"https:\/\/hobby4geek.com\/","logo":{"@type":"ImageObject","inLanguage":"de","@id":"https:\/\/hobby4geek.com\/#\/schema\/logo\/image\/","url":"https:\/\/hobby4geek.com\/wp-content\/uploads\/2023\/02\/default-kit.png","contentUrl":"https:\/\/hobby4geek.com\/wp-content\/uploads\/2023\/02\/default-kit.png","width":600,"height":600,"caption":"Hobby4Geek"},"image":{"@id":"https:\/\/hobby4geek.com\/#\/schema\/logo\/image\/"},"sameAs":["https:\/\/www.facebook.com\/hobby4geek","https:\/\/x.com\/hobby4geek","https:\/\/www.instagram.com\/hobby4geek\/"]}]},"product_brand":"Masters of the Universe","product_price_amount":"48.60","product_price_currency":"EUR","og_availability":"out of stock","product_availability":"out of stock","product_retailer_item_id":"0194735194292","product_condition":"new"},"_links":{"self":[{"href":"https:\/\/hobby4geek.com\/de\/wp-json\/wp\/v2\/product\/197831","targetHints":{"allow":["GET"]}}],"collection":[{"href":"https:\/\/hobby4geek.com\/de\/wp-json\/wp\/v2\/product"}],"about":[{"href":"https:\/\/hobby4geek.com\/de\/wp-json\/wp\/v2\/types\/product"}],"replies":[{"embeddable":true,"href":"https:\/\/hobby4geek.com\/de\/wp-json\/wp\/v2\/comments?post=197831"}],"version-history":[{"count":0,"href":"https:\/\/hobby4geek.com\/de\/wp-json\/wp\/v2\/product\/197831\/revisions"}],"wp:featuredmedia":[{"embeddable":true,"href":"https:\/\/hobby4geek.com\/de\/wp-json\/wp\/v2\/media\/197837"}],"wp:attachment":[{"href":"https:\/\/hobby4geek.com\/de\/wp-json\/wp\/v2\/media?parent=197831"}],"wp:term":[{"taxonomy":"product_brand","embeddable":true,"href":"https:\/\/hobby4geek.com\/de\/wp-json\/wp\/v2\/product_brand?post=197831"},{"taxonomy":"product_cat","embeddable":true,"href":"https:\/\/hobby4geek.com\/de\/wp-json\/wp\/v2\/product_cat?post=197831"},{"taxonomy":"product_tag","embeddable":true,"href":"https:\/\/hobby4geek.com\/de\/wp-json\/wp\/v2\/product_tag?post=197831"},{"taxonomy":"giftcard-category","embeddable":true,"href":"https:\/\/hobby4geek.com\/de\/wp-json\/wp\/v2\/giftcard-category?post=197831"}],"curies":[{"name":"wp","href":"https:\/\/api.w.org\/{rel}","templated":true}]}}