{"id":196834,"date":"2024-05-20T14:46:03","date_gmt":"2024-05-20T13:46:03","guid":{"rendered":"https:\/\/hobby4geek.com\/?post_type=product&#038;p=196834"},"modified":"2025-05-17T09:15:54","modified_gmt":"2025-05-17T08:15:54","slug":"apc-toys-giant-hammer","status":"publish","type":"product","link":"https:\/\/hobby4geek.com\/de\/produkt\/apc-toys-giant-hammer\/","title":{"rendered":"APC Toys \u2013 Giant Hammer \u201cBulkhead\u201d"},"content":{"rendered":"<p>Das Spielzeug Giant Hammer von APC Toys ist eine originalgetreue Darstellung von Bulkhead, einer Kultfigur aus der Zeichentrickserie \"Transformers Prime\".<\/p>\n<p>Dieses Modell gibt die Details und das robuste Aussehen von Bulkhead genau wieder und unterstreicht sein charakteristisches Charisma und seine St\u00e4rke. Genie\u00dfen Sie es, sich in einen 4\u00d74-Gel\u00e4ndewagen zu verwandeln.<\/p>\n<p>\"Giant Hammer\" ist ca. 16 cm gro\u00df und wird mit zwei Blastern geliefert, die sich in einen Hammer verwandeln lassen.<\/p>\n<p>As a PRE-ORDER bonus, a Miko Nakadai figure and the Forge of Solus Prime are included.<\/p>\n<p>Fans der Serie werden das sorgf\u00e4ltige Design dieses Spielzeugs zu sch\u00e4tzen wissen, das eine Hommage an einen der beliebtesten Autobots darstellt.<\/p>","protected":false},"excerpt":{"rendered":"<ul>\n<li>Ungef\u00e4hr. 16 cm gro\u00df<\/li>\n<li>2x Blasters (k\u00f6nnen in einen Hammer umgewandelt werden)<\/li>\n<li>Verwandelt sich in einen 4\u00d74-Gel\u00e4ndewagen<\/li>\n<\/ul>","protected":false},"featured_media":196856,"comment_status":"open","ping_status":"closed","template":"","meta":{"inline_featured_image":false},"product_brand":[],"product_cat":[123],"product_tag":[200,1759,2363,1347,1069,2548,2556,1975,204,1073],"giftcard-category":[],"class_list":{"0":"post-196834","1":"product","2":"type-product","3":"status-publish","4":"has-post-thumbnail","6":"product_cat-apc-toys","7":"product_tag-action-figures","8":"product_tag-action-toys","9":"product_tag-airforce","10":"product_tag-apc","11":"product_tag-apc-toys","12":"product_tag-bulkhead","13":"product_tag-giant-hammer","14":"product_tag-toys-figures","15":"product_tag-transformers","16":"product_tag-transformers-prime","17":"product_shipping_class-light","18":"inventories-china-inventory","20":"first","21":"instock","22":"taxable","23":"shipping-taxable","24":"purchasable","25":"product-type-simple","26":"add-to-wishlist-after_add_to_cart"},"yoast_head":"<!-- This site is optimized with the Yoast SEO Premium plugin v25.3.1 (Yoast SEO v27.2) - https:\/\/yoast.com\/product\/yoast-seo-premium-wordpress\/ -->\n<title>APC Toys - Giant Hammer &quot;Bulkhead&quot;<\/title>\n<meta name=\"robots\" content=\"index, follow, max-snippet:-1, max-image-preview:large, max-video-preview:-1\" \/>\n<link rel=\"canonical\" href=\"https:\/\/hobby4geek.com\/de\/produkt\/apc-toys-giant-hammer\/\" \/>\n<meta property=\"og:locale\" content=\"de_DE\" \/>\n<meta property=\"og:type\" content=\"article\" \/>\n<meta property=\"og:title\" content=\"APC Toys - Giant Hammer &quot;Bulkhead&quot;\" \/>\n<meta property=\"og:description\" content=\"Apporx. 16 cm tall  2x Blasters (can convert them into a hammer)  Transforms into a 4x4 off-road vehicle\" \/>\n<meta property=\"og:url\" content=\"https:\/\/hobby4geek.com\/de\/produkt\/apc-toys-giant-hammer\/\" \/>\n<meta property=\"og:site_name\" content=\"Hobby4Geek\" \/>\n<meta property=\"article:publisher\" content=\"https:\/\/www.facebook.com\/hobby4geek\" \/>\n<meta property=\"article:modified_time\" content=\"2025-05-17T08:15:54+00:00\" \/>\n<meta property=\"og:image\" content=\"https:\/\/hobby4geek.com\/wp-content\/uploads\/2024\/05\/apc-toys-giant-hammer-bulkhead-4.jpg\" \/>\n\t<meta property=\"og:image:width\" content=\"2048\" \/>\n\t<meta property=\"og:image:height\" content=\"1779\" \/>\n\t<meta property=\"og:image:type\" content=\"image\/jpeg\" \/>\n<meta name=\"twitter:card\" content=\"summary_large_image\" \/>\n<meta name=\"twitter:site\" content=\"@hobby4geek\" \/>\n<script type=\"application\/ld+json\" class=\"yoast-schema-graph\">{\"@context\":\"https:\/\/schema.org\",\"@graph\":[{\"@type\":\"WebPage\",\"@id\":\"https:\/\/hobby4geek.com\/product\/apc-toys-giant-hammer\/\",\"url\":\"https:\/\/hobby4geek.com\/product\/apc-toys-giant-hammer\/\",\"name\":\"APC Toys - Giant Hammer \\\"Bulkhead\\\"\",\"isPartOf\":{\"@id\":\"https:\/\/hobby4geek.com\/#website\"},\"primaryImageOfPage\":{\"@id\":\"https:\/\/hobby4geek.com\/product\/apc-toys-giant-hammer\/#primaryimage\"},\"image\":{\"@id\":\"https:\/\/hobby4geek.com\/product\/apc-toys-giant-hammer\/#primaryimage\"},\"thumbnailUrl\":\"https:\/\/hobby4geek.com\/wp-content\/uploads\/2024\/05\/apc-toys-giant-hammer-bulkhead-4.jpg\",\"datePublished\":\"2024-05-20T13:46:03+00:00\",\"dateModified\":\"2025-05-17T08:15:54+00:00\",\"breadcrumb\":{\"@id\":\"https:\/\/hobby4geek.com\/product\/apc-toys-giant-hammer\/#breadcrumb\"},\"inLanguage\":\"de\",\"potentialAction\":[{\"@type\":\"ReadAction\",\"target\":[\"https:\/\/hobby4geek.com\/product\/apc-toys-giant-hammer\/\"]}]},{\"@type\":\"ImageObject\",\"inLanguage\":\"de\",\"@id\":\"https:\/\/hobby4geek.com\/product\/apc-toys-giant-hammer\/#primaryimage\",\"url\":\"https:\/\/hobby4geek.com\/wp-content\/uploads\/2024\/05\/apc-toys-giant-hammer-bulkhead-4.jpg\",\"contentUrl\":\"https:\/\/hobby4geek.com\/wp-content\/uploads\/2024\/05\/apc-toys-giant-hammer-bulkhead-4.jpg\",\"width\":2048,\"height\":1779,\"caption\":\"APC Toys - Giant Hammer \\\"Bulkhead\\\"\"},{\"@type\":\"BreadcrumbList\",\"@id\":\"https:\/\/hobby4geek.com\/product\/apc-toys-giant-hammer\/#breadcrumb\",\"itemListElement\":[{\"@type\":\"ListItem\",\"position\":1,\"name\":\"Home\",\"item\":\"https:\/\/hobby4geek.com\/\"},{\"@type\":\"ListItem\",\"position\":2,\"name\":\"Shop\",\"item\":\"https:\/\/hobby4geek.com\/shop\/\"},{\"@type\":\"ListItem\",\"position\":3,\"name\":\"APC Toys &#8211; Giant Hammer &#8220;Bulkhead&#8221;\"}]},{\"@type\":\"WebSite\",\"@id\":\"https:\/\/hobby4geek.com\/#website\",\"url\":\"https:\/\/hobby4geek.com\/\",\"name\":\"Hobby4Geek\",\"description\":\"Collect, Play &amp; Showcase, Embrace your Geekiness\",\"publisher\":{\"@id\":\"https:\/\/hobby4geek.com\/#organization\"},\"potentialAction\":[{\"@type\":\"SearchAction\",\"target\":{\"@type\":\"EntryPoint\",\"urlTemplate\":\"https:\/\/hobby4geek.com\/?s={search_term_string}\"},\"query-input\":{\"@type\":\"PropertyValueSpecification\",\"valueRequired\":true,\"valueName\":\"search_term_string\"}}],\"inLanguage\":\"de\"},{\"@type\":\"Organization\",\"@id\":\"https:\/\/hobby4geek.com\/#organization\",\"name\":\"Hobby4Geek\",\"url\":\"https:\/\/hobby4geek.com\/\",\"logo\":{\"@type\":\"ImageObject\",\"inLanguage\":\"de\",\"@id\":\"https:\/\/hobby4geek.com\/#\/schema\/logo\/image\/\",\"url\":\"https:\/\/hobby4geek.com\/wp-content\/uploads\/2023\/02\/default-kit.png\",\"contentUrl\":\"https:\/\/hobby4geek.com\/wp-content\/uploads\/2023\/02\/default-kit.png\",\"width\":600,\"height\":600,\"caption\":\"Hobby4Geek\"},\"image\":{\"@id\":\"https:\/\/hobby4geek.com\/#\/schema\/logo\/image\/\"},\"sameAs\":[\"https:\/\/www.facebook.com\/hobby4geek\",\"https:\/\/x.com\/hobby4geek\",\"https:\/\/www.instagram.com\/hobby4geek\/\"]}]}<\/script>\n<meta property=\"product:brand\" content=\"Apc Toys\" \/>\n<meta property=\"product:price:amount\" content=\"54.80\" \/>\n<meta property=\"product:price:currency\" content=\"EUR\" \/>\n<meta property=\"og:availability\" content=\"instock\" \/>\n<meta property=\"product:availability\" content=\"instock\" \/>\n<meta property=\"product:condition\" content=\"new\" \/>\n<!-- \/ Yoast SEO Premium plugin. -->","yoast_head_json":{"title":"APC Toys - Giant Hammer \"Bulkhead\"","robots":{"index":"index","follow":"follow","max-snippet":"max-snippet:-1","max-image-preview":"max-image-preview:large","max-video-preview":"max-video-preview:-1"},"canonical":"https:\/\/hobby4geek.com\/de\/produkt\/apc-toys-giant-hammer\/","og_locale":"de_DE","og_type":"article","og_title":"APC Toys - Giant Hammer \"Bulkhead\"","og_description":"Apporx. 16 cm tall  2x Blasters (can convert them into a hammer)  Transforms into a 4x4 off-road vehicle","og_url":"https:\/\/hobby4geek.com\/de\/produkt\/apc-toys-giant-hammer\/","og_site_name":"Hobby4Geek","article_publisher":"https:\/\/www.facebook.com\/hobby4geek","article_modified_time":"2025-05-17T08:15:54+00:00","og_image":[{"width":2048,"height":1779,"url":"https:\/\/hobby4geek.com\/wp-content\/uploads\/2024\/05\/apc-toys-giant-hammer-bulkhead-4.jpg","type":"image\/jpeg"}],"twitter_card":"summary_large_image","twitter_site":"@hobby4geek","schema":{"@context":"https:\/\/schema.org","@graph":[{"@type":"WebPage","@id":"https:\/\/hobby4geek.com\/product\/apc-toys-giant-hammer\/","url":"https:\/\/hobby4geek.com\/product\/apc-toys-giant-hammer\/","name":"APC Toys - Giant Hammer \"Bulkhead\"","isPartOf":{"@id":"https:\/\/hobby4geek.com\/#website"},"primaryImageOfPage":{"@id":"https:\/\/hobby4geek.com\/product\/apc-toys-giant-hammer\/#primaryimage"},"image":{"@id":"https:\/\/hobby4geek.com\/product\/apc-toys-giant-hammer\/#primaryimage"},"thumbnailUrl":"https:\/\/hobby4geek.com\/wp-content\/uploads\/2024\/05\/apc-toys-giant-hammer-bulkhead-4.jpg","datePublished":"2024-05-20T13:46:03+00:00","dateModified":"2025-05-17T08:15:54+00:00","breadcrumb":{"@id":"https:\/\/hobby4geek.com\/product\/apc-toys-giant-hammer\/#breadcrumb"},"inLanguage":"de","potentialAction":[{"@type":"ReadAction","target":["https:\/\/hobby4geek.com\/product\/apc-toys-giant-hammer\/"]}]},{"@type":"ImageObject","inLanguage":"de","@id":"https:\/\/hobby4geek.com\/product\/apc-toys-giant-hammer\/#primaryimage","url":"https:\/\/hobby4geek.com\/wp-content\/uploads\/2024\/05\/apc-toys-giant-hammer-bulkhead-4.jpg","contentUrl":"https:\/\/hobby4geek.com\/wp-content\/uploads\/2024\/05\/apc-toys-giant-hammer-bulkhead-4.jpg","width":2048,"height":1779,"caption":"APC Toys - Giant Hammer \"Bulkhead\""},{"@type":"BreadcrumbList","@id":"https:\/\/hobby4geek.com\/product\/apc-toys-giant-hammer\/#breadcrumb","itemListElement":[{"@type":"ListItem","position":1,"name":"Home","item":"https:\/\/hobby4geek.com\/"},{"@type":"ListItem","position":2,"name":"Shop","item":"https:\/\/hobby4geek.com\/shop\/"},{"@type":"ListItem","position":3,"name":"APC Toys &#8211; Giant Hammer &#8220;Bulkhead&#8221;"}]},{"@type":"WebSite","@id":"https:\/\/hobby4geek.com\/#website","url":"https:\/\/hobby4geek.com\/","name":"Hobby4Geek","description":"Sammeln, Spielen &amp; Pr\u00e4sentieren, Umarmung der Geekiness","publisher":{"@id":"https:\/\/hobby4geek.com\/#organization"},"potentialAction":[{"@type":"SearchAction","target":{"@type":"EntryPoint","urlTemplate":"https:\/\/hobby4geek.com\/?s={search_term_string}"},"query-input":{"@type":"PropertyValueSpecification","valueRequired":true,"valueName":"search_term_string"}}],"inLanguage":"de"},{"@type":"Organization","@id":"https:\/\/hobby4geek.com\/#organization","name":"Hobby4Geek","url":"https:\/\/hobby4geek.com\/","logo":{"@type":"ImageObject","inLanguage":"de","@id":"https:\/\/hobby4geek.com\/#\/schema\/logo\/image\/","url":"https:\/\/hobby4geek.com\/wp-content\/uploads\/2023\/02\/default-kit.png","contentUrl":"https:\/\/hobby4geek.com\/wp-content\/uploads\/2023\/02\/default-kit.png","width":600,"height":600,"caption":"Hobby4Geek"},"image":{"@id":"https:\/\/hobby4geek.com\/#\/schema\/logo\/image\/"},"sameAs":["https:\/\/www.facebook.com\/hobby4geek","https:\/\/x.com\/hobby4geek","https:\/\/www.instagram.com\/hobby4geek\/"]}]},"product_brand":"Apc Toys","product_price_amount":"54.80","product_price_currency":"EUR","og_availability":"instock","product_availability":"instock","product_condition":"new"},"_links":{"self":[{"href":"https:\/\/hobby4geek.com\/de\/wp-json\/wp\/v2\/product\/196834","targetHints":{"allow":["GET"]}}],"collection":[{"href":"https:\/\/hobby4geek.com\/de\/wp-json\/wp\/v2\/product"}],"about":[{"href":"https:\/\/hobby4geek.com\/de\/wp-json\/wp\/v2\/types\/product"}],"replies":[{"embeddable":true,"href":"https:\/\/hobby4geek.com\/de\/wp-json\/wp\/v2\/comments?post=196834"}],"version-history":[{"count":0,"href":"https:\/\/hobby4geek.com\/de\/wp-json\/wp\/v2\/product\/196834\/revisions"}],"wp:featuredmedia":[{"embeddable":true,"href":"https:\/\/hobby4geek.com\/de\/wp-json\/wp\/v2\/media\/196856"}],"wp:attachment":[{"href":"https:\/\/hobby4geek.com\/de\/wp-json\/wp\/v2\/media?parent=196834"}],"wp:term":[{"taxonomy":"product_brand","embeddable":true,"href":"https:\/\/hobby4geek.com\/de\/wp-json\/wp\/v2\/product_brand?post=196834"},{"taxonomy":"product_cat","embeddable":true,"href":"https:\/\/hobby4geek.com\/de\/wp-json\/wp\/v2\/product_cat?post=196834"},{"taxonomy":"product_tag","embeddable":true,"href":"https:\/\/hobby4geek.com\/de\/wp-json\/wp\/v2\/product_tag?post=196834"},{"taxonomy":"giftcard-category","embeddable":true,"href":"https:\/\/hobby4geek.com\/de\/wp-json\/wp\/v2\/giftcard-category?post=196834"}],"curies":[{"name":"wp","href":"https:\/\/api.w.org\/{rel}","templated":true}]}}