{"id":196598,"date":"2024-05-14T16:38:05","date_gmt":"2024-05-14T15:38:05","guid":{"rendered":"https:\/\/hobby4geek.com\/?post_type=product&#038;p=196598"},"modified":"2025-03-05T05:17:57","modified_gmt":"2025-03-05T04:17:57","slug":"transformers-x-robosen-megatron-g1-flagship-series","status":"publish","type":"product","link":"https:\/\/hobby4geek.com\/de\/produkt\/transformers-x-robosen-megatron-g1-flagship-series\/","title":{"rendered":"Transformers X Robosen - Megatron - G1 Flaggschiff-Serie"},"content":{"rendered":"<h2>Der erste selbsttransformierende Decepticon-Roboter der Welt!<\/h2>\n<p>Entdecken Sie die atemberaubende Gr\u00f6\u00dfe und unbezwingbare Kraft des Megatron von Robosen. Nach drei Jahren intensiver Forschung und Entwicklung l\u00e4sst Robosen Tr\u00e4ume wahr werden: Erlebe die automatische Verwandlung des Megatron vom Panzer zum Roboter und wieder zur\u00fcck, auf seiner Mission, die Autobots zu besiegen und das Universum zu erobern.<\/p>\n<p><strong>Authentisches Design und spektakul\u00e4re Beleuchtung:<\/strong><\/p>\n<p>112 ultrahelle LED-Lichter beleuchten Megatron mit atemberaubenden blauen und violetten Akzenten - der realistischste und authentischste Decepticon-Anf\u00fchrer auf dem Markt.<\/p>\n<p><strong>Integrierter Kettenantrieb:<\/strong><\/p>\n<p>Inspiriert vom Kettenantrieb und der Achsenkonstruktion eines echten Panzers, bietet der Megatron von Robosen eine beeindruckende Leistung im Panzermodus, Gel\u00e4ndeg\u00e4ngigkeit und Drehungen vor Ort.<\/p>\n<p><strong>Gl\u00e4nzendes Metallic-Finish:<\/strong><\/p>\n<p>Die speziell entworfene Legierung in einem tiefen Silbergrau unterstreicht perfekt den r\u00fccksichtslosen Charakter und die bedrohliche Natur des Decepticon-Anf\u00fchrers.<\/p>\n<p><strong>Ein beeindruckendes Arsenal:<\/strong><\/p>\n<p>Megatron tritt in jedem Kampf mit einem noch nie dagewesenen Arsenal auf - sowohl f\u00fcr den Nahkampf als auch f\u00fcr die Vernichtung des Feindes aus der Ferne.<\/p>\n<p><strong>Ein Traum f\u00fcr jeden Sammler - signiert von Frank Welker!<\/strong><\/p>\n<p>Zur Feier des 40-j\u00e4hrigen Jubil\u00e4ums von TRANSFORMERS erhalten 40 gl\u00fcckliche K\u00e4ufer eine ganz besondere \u00dcberraschung, wenn sie ihren neuen Megatron-Roboter auspacken - eine von Frank Welker, dem Original-Doppler von 1984, signierte Faceplate.<br \/>\n*Von der Gesamtzahl der K\u00e4ufer, die w\u00e4hrend des folgenden Aktionszeitraums gekauft haben, erhalten 40 zuf\u00e4llig ausgew\u00e4hlte K\u00e4ufer ein signiertes Exemplar:<br \/>\nVom 25. April 2024 um 17:00 Uhr MESZ bis zum 26. Mai 2024 um 06:00 Uhr MESZ. Diese 40 Einheiten werden in verschiedenen Regionen der Welt verteilt, mit einer begrenzten Anzahl von Einheiten pro Region.<\/p>\n<p>&nbsp;<\/p>","protected":false},"excerpt":{"rendered":"<p><strong>Inhalt:<\/strong><\/p>\n<p>- Energon-Schwert und -Keule<br \/>\n- Kanonen-Raketen<br \/>\n- Anweisungen f\u00fcr den Gebrauch<br \/>\n- Schie\u00dfscheibe<br \/>\n- Sammlerm\u00fcnze<br \/>\n- Ladekabel und Netzger\u00e4t<\/p>\n<p><strong>Produktspezifikationen:<\/strong><\/p>\n<p>Abmessungen im Robotermodus: 168 (L) x 354 (B) x 524 (H) mm<br \/>\nDinosaur Modus Abmessungen: 439 (L) x 230 (B) x 153 (H) mm<br \/>\nProduktgewicht : 3.8 KG<br \/>\nMaterial des Produkts: ABS, PC, PA66+30%GF, Aluminiumlegierung, etc.<br \/>\nServomotoren: 36<br \/>\nChips: 118<br \/>\nBatteriespannung: 11,1 V<br \/>\nAkku-Kapazit\u00e4t: 2700mAh<br \/>\nKommunikationsmodus: BLE 5.0<br \/>\nLebensdauer der Batterie: Ca. 90 Minuten<br \/>\nAC-Adapter: 15V 2A, Eingang: 100-240V~50\/60Hz 0.8A, Ausgang: 5V-3A \/ 9V-3A \/ 12V-2.5A \/ 15V-2A \/ 20V-1.5A MAX:30W<br \/>\nPeripherie-Schnittstelle: Typ-C<br \/>\nAufladezeit: ca. 90 min.<br \/>\nSteuerungsmodus: Sprach- und App-Steuerung<\/p>","protected":false},"featured_media":196616,"comment_status":"open","ping_status":"closed","template":"","meta":{"inline_featured_image":false},"product_brand":[],"product_cat":[1955,68,138],"product_tag":[1759,2552,1976,1294,2553,335,306,1297,1298,204,2454],"giftcard-category":[],"class_list":{"0":"post-196598","1":"product","2":"type-product","3":"status-publish","4":"has-post-thumbnail","6":"product_cat-transformers","7":"product_cat-hasbro","8":"product_cat-robosen","9":"product_tag-action-toys","10":"product_tag-auto-converting","11":"product_tag-collector-figures","12":"product_tag-collectors-edition","13":"product_tag-g1-flagship-series","14":"product_tag-hasbro","15":"product_tag-megatron","16":"product_tag-programmable-robot","17":"product_tag-robosen","18":"product_tag-transformers","19":"product_tag-transformers-x-robosen","20":"product_shipping_class-heavy","22":"first","23":"outofstock","24":"sale","25":"taxable","26":"shipping-taxable","27":"purchasable","28":"product-type-simple","29":"add-to-wishlist-after_add_to_cart"},"yoast_head":"<!-- This site is optimized with the Yoast SEO Premium plugin v25.3.1 (Yoast SEO v27.2) - https:\/\/yoast.com\/product\/yoast-seo-premium-wordpress\/ -->\n<title>Transformers X Robosen - Megatron - G1 Flagship Series<\/title>\n<meta name=\"description\" content=\"The world&#039;s first self-transforming Decepticon robot! Experience the breathtaking size and indomitable power of Robosen&#039;s Megatron.\" \/>\n<meta name=\"robots\" content=\"index, follow, max-snippet:-1, max-image-preview:large, max-video-preview:-1\" \/>\n<link rel=\"canonical\" href=\"https:\/\/hobby4geek.com\/de\/produkt\/transformers-x-robosen-megatron-g1-flagship-series\/\" \/>\n<meta property=\"og:locale\" content=\"de_DE\" \/>\n<meta property=\"og:type\" content=\"article\" \/>\n<meta property=\"og:title\" content=\"Transformers X Robosen - Megatron - G1 Flagship Series\" \/>\n<meta property=\"og:description\" content=\"The world&#039;s first self-transforming Decepticon robot! Experience the breathtaking size and indomitable power of Robosen&#039;s Megatron.\" \/>\n<meta property=\"og:url\" content=\"https:\/\/hobby4geek.com\/de\/produkt\/transformers-x-robosen-megatron-g1-flagship-series\/\" \/>\n<meta property=\"og:site_name\" content=\"Hobby4Geek\" \/>\n<meta property=\"article:publisher\" content=\"https:\/\/www.facebook.com\/hobby4geek\" \/>\n<meta property=\"article:modified_time\" content=\"2025-03-05T04:17:57+00:00\" \/>\n<meta property=\"og:image\" content=\"https:\/\/hobby4geek.com\/wp-content\/uploads\/2024\/05\/transformers-x-robosen-megatron-g1-flagship-series-10.webp\" \/>\n\t<meta property=\"og:image:width\" content=\"1180\" \/>\n\t<meta property=\"og:image:height\" content=\"956\" \/>\n\t<meta property=\"og:image:type\" content=\"image\/webp\" \/>\n<meta name=\"twitter:card\" content=\"summary_large_image\" \/>\n<meta name=\"twitter:site\" content=\"@hobby4geek\" \/>\n<script type=\"application\/ld+json\" class=\"yoast-schema-graph\">{\"@context\":\"https:\/\/schema.org\",\"@graph\":[{\"@type\":\"WebPage\",\"@id\":\"https:\/\/hobby4geek.com\/product\/transformers-x-robosen-megatron-g1-flagship-series\/\",\"url\":\"https:\/\/hobby4geek.com\/product\/transformers-x-robosen-megatron-g1-flagship-series\/\",\"name\":\"Transformers X Robosen - Megatron - G1 Flagship Series\",\"isPartOf\":{\"@id\":\"https:\/\/hobby4geek.com\/#website\"},\"primaryImageOfPage\":{\"@id\":\"https:\/\/hobby4geek.com\/product\/transformers-x-robosen-megatron-g1-flagship-series\/#primaryimage\"},\"image\":{\"@id\":\"https:\/\/hobby4geek.com\/product\/transformers-x-robosen-megatron-g1-flagship-series\/#primaryimage\"},\"thumbnailUrl\":\"https:\/\/hobby4geek.com\/wp-content\/uploads\/2024\/05\/transformers-x-robosen-megatron-g1-flagship-series-10.webp\",\"datePublished\":\"2024-05-14T15:38:05+00:00\",\"dateModified\":\"2025-03-05T04:17:57+00:00\",\"description\":\"The world's first self-transforming Decepticon robot! Experience the breathtaking size and indomitable power of Robosen's Megatron.\",\"breadcrumb\":{\"@id\":\"https:\/\/hobby4geek.com\/product\/transformers-x-robosen-megatron-g1-flagship-series\/#breadcrumb\"},\"inLanguage\":\"de\",\"potentialAction\":[{\"@type\":\"ReadAction\",\"target\":[\"https:\/\/hobby4geek.com\/product\/transformers-x-robosen-megatron-g1-flagship-series\/\"]}]},{\"@type\":\"ImageObject\",\"inLanguage\":\"de\",\"@id\":\"https:\/\/hobby4geek.com\/product\/transformers-x-robosen-megatron-g1-flagship-series\/#primaryimage\",\"url\":\"https:\/\/hobby4geek.com\/wp-content\/uploads\/2024\/05\/transformers-x-robosen-megatron-g1-flagship-series-10.webp\",\"contentUrl\":\"https:\/\/hobby4geek.com\/wp-content\/uploads\/2024\/05\/transformers-x-robosen-megatron-g1-flagship-series-10.webp\",\"width\":1180,\"height\":956,\"caption\":\"Transformers X Robosen - Megatron - G1 Flagship Series\"},{\"@type\":\"BreadcrumbList\",\"@id\":\"https:\/\/hobby4geek.com\/product\/transformers-x-robosen-megatron-g1-flagship-series\/#breadcrumb\",\"itemListElement\":[{\"@type\":\"ListItem\",\"position\":1,\"name\":\"Home\",\"item\":\"https:\/\/hobby4geek.com\/\"},{\"@type\":\"ListItem\",\"position\":2,\"name\":\"Shop\",\"item\":\"https:\/\/hobby4geek.com\/shop\/\"},{\"@type\":\"ListItem\",\"position\":3,\"name\":\"Transformers X Robosen &#8211; Megatron &#8211; G1 Flagship Series\"}]},{\"@type\":\"WebSite\",\"@id\":\"https:\/\/hobby4geek.com\/#website\",\"url\":\"https:\/\/hobby4geek.com\/\",\"name\":\"Hobby4Geek\",\"description\":\"Collect, Play &amp; Showcase, Embrace your Geekiness\",\"publisher\":{\"@id\":\"https:\/\/hobby4geek.com\/#organization\"},\"potentialAction\":[{\"@type\":\"SearchAction\",\"target\":{\"@type\":\"EntryPoint\",\"urlTemplate\":\"https:\/\/hobby4geek.com\/?s={search_term_string}\"},\"query-input\":{\"@type\":\"PropertyValueSpecification\",\"valueRequired\":true,\"valueName\":\"search_term_string\"}}],\"inLanguage\":\"de\"},{\"@type\":\"Organization\",\"@id\":\"https:\/\/hobby4geek.com\/#organization\",\"name\":\"Hobby4Geek\",\"url\":\"https:\/\/hobby4geek.com\/\",\"logo\":{\"@type\":\"ImageObject\",\"inLanguage\":\"de\",\"@id\":\"https:\/\/hobby4geek.com\/#\/schema\/logo\/image\/\",\"url\":\"https:\/\/hobby4geek.com\/wp-content\/uploads\/2023\/02\/default-kit.png\",\"contentUrl\":\"https:\/\/hobby4geek.com\/wp-content\/uploads\/2023\/02\/default-kit.png\",\"width\":600,\"height\":600,\"caption\":\"Hobby4Geek\"},\"image\":{\"@id\":\"https:\/\/hobby4geek.com\/#\/schema\/logo\/image\/\"},\"sameAs\":[\"https:\/\/www.facebook.com\/hobby4geek\",\"https:\/\/x.com\/hobby4geek\",\"https:\/\/www.instagram.com\/hobby4geek\/\"]}]}<\/script>\n<meta property=\"product:brand\" content=\"Transformers\" \/>\n<meta property=\"product:price:amount\" content=\"1298.00\" \/>\n<meta property=\"product:price:currency\" content=\"EUR\" \/>\n<meta property=\"og:availability\" content=\"out of stock\" \/>\n<meta property=\"product:availability\" content=\"out of stock\" \/>\n<meta property=\"product:retailer_item_id\" content=\"6971931750545\" \/>\n<meta property=\"product:condition\" content=\"new\" \/>\n<!-- \/ Yoast SEO Premium plugin. -->","yoast_head_json":{"title":"Transformers X Robosen - Megatron - G1 Flaggschiff-Serie","description":"Der erste selbsttransformierende Decepticon-Roboter der Welt! Erlebe die atemberaubende Gr\u00f6\u00dfe und unbezwingbare Kraft des Megatron von Robosen.","robots":{"index":"index","follow":"follow","max-snippet":"max-snippet:-1","max-image-preview":"max-image-preview:large","max-video-preview":"max-video-preview:-1"},"canonical":"https:\/\/hobby4geek.com\/de\/produkt\/transformers-x-robosen-megatron-g1-flagship-series\/","og_locale":"de_DE","og_type":"article","og_title":"Transformers X Robosen - Megatron - G1 Flagship Series","og_description":"The world's first self-transforming Decepticon robot! Experience the breathtaking size and indomitable power of Robosen's Megatron.","og_url":"https:\/\/hobby4geek.com\/de\/produkt\/transformers-x-robosen-megatron-g1-flagship-series\/","og_site_name":"Hobby4Geek","article_publisher":"https:\/\/www.facebook.com\/hobby4geek","article_modified_time":"2025-03-05T04:17:57+00:00","og_image":[{"width":1180,"height":956,"url":"https:\/\/hobby4geek.com\/wp-content\/uploads\/2024\/05\/transformers-x-robosen-megatron-g1-flagship-series-10.webp","type":"image\/webp"}],"twitter_card":"summary_large_image","twitter_site":"@hobby4geek","schema":{"@context":"https:\/\/schema.org","@graph":[{"@type":"WebPage","@id":"https:\/\/hobby4geek.com\/product\/transformers-x-robosen-megatron-g1-flagship-series\/","url":"https:\/\/hobby4geek.com\/product\/transformers-x-robosen-megatron-g1-flagship-series\/","name":"Transformers X Robosen - Megatron - G1 Flaggschiff-Serie","isPartOf":{"@id":"https:\/\/hobby4geek.com\/#website"},"primaryImageOfPage":{"@id":"https:\/\/hobby4geek.com\/product\/transformers-x-robosen-megatron-g1-flagship-series\/#primaryimage"},"image":{"@id":"https:\/\/hobby4geek.com\/product\/transformers-x-robosen-megatron-g1-flagship-series\/#primaryimage"},"thumbnailUrl":"https:\/\/hobby4geek.com\/wp-content\/uploads\/2024\/05\/transformers-x-robosen-megatron-g1-flagship-series-10.webp","datePublished":"2024-05-14T15:38:05+00:00","dateModified":"2025-03-05T04:17:57+00:00","description":"Der erste selbsttransformierende Decepticon-Roboter der Welt! Erlebe die atemberaubende Gr\u00f6\u00dfe und unbezwingbare Kraft des Megatron von Robosen.","breadcrumb":{"@id":"https:\/\/hobby4geek.com\/product\/transformers-x-robosen-megatron-g1-flagship-series\/#breadcrumb"},"inLanguage":"de","potentialAction":[{"@type":"ReadAction","target":["https:\/\/hobby4geek.com\/product\/transformers-x-robosen-megatron-g1-flagship-series\/"]}]},{"@type":"ImageObject","inLanguage":"de","@id":"https:\/\/hobby4geek.com\/product\/transformers-x-robosen-megatron-g1-flagship-series\/#primaryimage","url":"https:\/\/hobby4geek.com\/wp-content\/uploads\/2024\/05\/transformers-x-robosen-megatron-g1-flagship-series-10.webp","contentUrl":"https:\/\/hobby4geek.com\/wp-content\/uploads\/2024\/05\/transformers-x-robosen-megatron-g1-flagship-series-10.webp","width":1180,"height":956,"caption":"Transformers X Robosen - Megatron - G1 Flagship Series"},{"@type":"BreadcrumbList","@id":"https:\/\/hobby4geek.com\/product\/transformers-x-robosen-megatron-g1-flagship-series\/#breadcrumb","itemListElement":[{"@type":"ListItem","position":1,"name":"Home","item":"https:\/\/hobby4geek.com\/"},{"@type":"ListItem","position":2,"name":"Shop","item":"https:\/\/hobby4geek.com\/shop\/"},{"@type":"ListItem","position":3,"name":"Transformers X Robosen &#8211; Megatron &#8211; G1 Flagship Series"}]},{"@type":"WebSite","@id":"https:\/\/hobby4geek.com\/#website","url":"https:\/\/hobby4geek.com\/","name":"Hobby4Geek","description":"Sammeln, Spielen &amp; Pr\u00e4sentieren, Umarmung der Geekiness","publisher":{"@id":"https:\/\/hobby4geek.com\/#organization"},"potentialAction":[{"@type":"SearchAction","target":{"@type":"EntryPoint","urlTemplate":"https:\/\/hobby4geek.com\/?s={search_term_string}"},"query-input":{"@type":"PropertyValueSpecification","valueRequired":true,"valueName":"search_term_string"}}],"inLanguage":"de"},{"@type":"Organization","@id":"https:\/\/hobby4geek.com\/#organization","name":"Hobby4Geek","url":"https:\/\/hobby4geek.com\/","logo":{"@type":"ImageObject","inLanguage":"de","@id":"https:\/\/hobby4geek.com\/#\/schema\/logo\/image\/","url":"https:\/\/hobby4geek.com\/wp-content\/uploads\/2023\/02\/default-kit.png","contentUrl":"https:\/\/hobby4geek.com\/wp-content\/uploads\/2023\/02\/default-kit.png","width":600,"height":600,"caption":"Hobby4Geek"},"image":{"@id":"https:\/\/hobby4geek.com\/#\/schema\/logo\/image\/"},"sameAs":["https:\/\/www.facebook.com\/hobby4geek","https:\/\/x.com\/hobby4geek","https:\/\/www.instagram.com\/hobby4geek\/"]}]},"product_brand":"Transformers","product_price_amount":"1298.00","product_price_currency":"EUR","og_availability":"out of stock","product_availability":"out of stock","product_retailer_item_id":"6971931750545","product_condition":"new"},"_links":{"self":[{"href":"https:\/\/hobby4geek.com\/de\/wp-json\/wp\/v2\/product\/196598","targetHints":{"allow":["GET"]}}],"collection":[{"href":"https:\/\/hobby4geek.com\/de\/wp-json\/wp\/v2\/product"}],"about":[{"href":"https:\/\/hobby4geek.com\/de\/wp-json\/wp\/v2\/types\/product"}],"replies":[{"embeddable":true,"href":"https:\/\/hobby4geek.com\/de\/wp-json\/wp\/v2\/comments?post=196598"}],"version-history":[{"count":0,"href":"https:\/\/hobby4geek.com\/de\/wp-json\/wp\/v2\/product\/196598\/revisions"}],"wp:featuredmedia":[{"embeddable":true,"href":"https:\/\/hobby4geek.com\/de\/wp-json\/wp\/v2\/media\/196616"}],"wp:attachment":[{"href":"https:\/\/hobby4geek.com\/de\/wp-json\/wp\/v2\/media?parent=196598"}],"wp:term":[{"taxonomy":"product_brand","embeddable":true,"href":"https:\/\/hobby4geek.com\/de\/wp-json\/wp\/v2\/product_brand?post=196598"},{"taxonomy":"product_cat","embeddable":true,"href":"https:\/\/hobby4geek.com\/de\/wp-json\/wp\/v2\/product_cat?post=196598"},{"taxonomy":"product_tag","embeddable":true,"href":"https:\/\/hobby4geek.com\/de\/wp-json\/wp\/v2\/product_tag?post=196598"},{"taxonomy":"giftcard-category","embeddable":true,"href":"https:\/\/hobby4geek.com\/de\/wp-json\/wp\/v2\/giftcard-category?post=196598"}],"curies":[{"name":"wp","href":"https:\/\/api.w.org\/{rel}","templated":true}]}}