{"id":196293,"date":"2024-01-02T19:33:37","date_gmt":"2024-01-02T18:33:37","guid":{"rendered":"https:\/\/hobby4geek.com\/?post_type=product&#038;p=196293"},"modified":"2024-08-14T11:53:15","modified_gmt":"2024-08-14T10:53:15","slug":"fanstoys-ft-30d-viper","status":"publish","type":"product","link":"https:\/\/hobby4geek.com\/de\/produkt\/fanstoys-ft-30d-viper\/","title":{"rendered":"FansToys FT-30D Viper"},"content":{"rendered":"<p>FT-30D Viper bringt deine Sammlung auf die n\u00e4chste Stufe mit dieser Masterpiece skalierten, hochgradig beweglichen 3rd Party Transformationsfigur.  Diese Figur steht 9,1-Zoll gro\u00df im Roboter-Modus und verwandelt sich von einem Fighter Jet zu Roboter und zur\u00fcck.  FT-30D Viper ist Masterpiece skaliert und passt zu anderen Takara Tomy Transformers Masterpiece Serie Figuren, 3rd Party Masterpiece skaliert sowie andere Fans Toys Artikel bereits in Ihrer Sammlung.<\/p>\n<p>Fans Toys stellt einige der beliebtesten, coolsten und kreativsten Premium 3rd Party-Figuren her, die es gibt.  Fans Toys produziert Figuren im Ma\u00dfstab Masterpiece, die voller Details sind und das ideale Sammlerst\u00fcck f\u00fcr den ernsthaften Sammler darstellen.  Jede 3rd-Party-Figur von Fans Toys wird nach den h\u00f6chsten Standards hergestellt. Die meisten Figuren enthalten hochdetaillierte Druckgussteile und sind vielseitig, beweglich und langlebig.<\/p>\n<ul>\n<li style=\"list-style-type: none;\"><\/li>\n<\/ul>","protected":false},"excerpt":{"rendered":"<ul>\n<li>Gr\u00f6\u00dfe: 9,1 Zoll \/ 23 cm<\/li>\n<li>Ma\u00dfstab: Masterpiece<\/li>\n<li>Alt-Modus: Kampfjet<\/li>\n<li>2 Blasters<\/li>\n<\/ul>","protected":false},"featured_media":196301,"comment_status":"open","ping_status":"closed","template":"","meta":{"inline_featured_image":false},"product_brand":[],"product_cat":[104],"product_tag":[735,1270,2540,230,1975,2541],"giftcard-category":[],"class_list":{"0":"post-196293","1":"product","2":"type-product","3":"status-publish","4":"has-post-thumbnail","6":"product_cat-fans-toys","7":"product_tag-fans-toys","8":"product_tag-fanstoys","9":"product_tag-ft-30d","10":"product_tag-masterpiece","11":"product_tag-toys-figures","12":"product_tag-viper","13":"product_shipping_class-free-shipping","14":"inventories-china-inventory","16":"first","17":"instock","18":"taxable","19":"shipping-taxable","20":"purchasable","21":"product-type-simple","22":"add-to-wishlist-after_add_to_cart"},"yoast_head":"<!-- This site is optimized with the Yoast SEO Premium plugin v25.3.1 (Yoast SEO v27.2) - https:\/\/yoast.com\/product\/yoast-seo-premium-wordpress\/ -->\n<title>FansToys FT-30D Viper<\/title>\n<meta name=\"robots\" content=\"index, follow, max-snippet:-1, max-image-preview:large, max-video-preview:-1\" \/>\n<link rel=\"canonical\" href=\"https:\/\/hobby4geek.com\/de\/produkt\/fanstoys-ft-30d-viper\/\" \/>\n<meta property=\"og:locale\" content=\"de_DE\" \/>\n<meta property=\"og:type\" content=\"article\" \/>\n<meta property=\"og:title\" content=\"FansToys FT-30D Viper\" \/>\n<meta property=\"og:description\" content=\"Size: 9.1 inches \/ 23 cm  Scale: Masterpiece  Alt Mode: Fighter Jet  2 Blasters\" \/>\n<meta property=\"og:url\" content=\"https:\/\/hobby4geek.com\/de\/produkt\/fanstoys-ft-30d-viper\/\" \/>\n<meta property=\"og:site_name\" content=\"Hobby4Geek\" \/>\n<meta property=\"article:publisher\" content=\"https:\/\/www.facebook.com\/hobby4geek\" \/>\n<meta property=\"article:modified_time\" content=\"2024-08-14T10:53:15+00:00\" \/>\n<meta property=\"og:image\" content=\"https:\/\/hobby4geek.com\/wp-content\/uploads\/2024\/04\/fanstoys-ft-30d-viper.jpg\" \/>\n\t<meta property=\"og:image:width\" content=\"640\" \/>\n\t<meta property=\"og:image:height\" content=\"426\" \/>\n\t<meta property=\"og:image:type\" content=\"image\/jpeg\" \/>\n<meta name=\"twitter:card\" content=\"summary_large_image\" \/>\n<meta name=\"twitter:site\" content=\"@hobby4geek\" \/>\n<script type=\"application\/ld+json\" class=\"yoast-schema-graph\">{\"@context\":\"https:\/\/schema.org\",\"@graph\":[{\"@type\":\"WebPage\",\"@id\":\"https:\/\/hobby4geek.com\/product\/fanstoys-ft-30d-viper\/\",\"url\":\"https:\/\/hobby4geek.com\/product\/fanstoys-ft-30d-viper\/\",\"name\":\"FansToys FT-30D Viper\",\"isPartOf\":{\"@id\":\"https:\/\/hobby4geek.com\/#website\"},\"primaryImageOfPage\":{\"@id\":\"https:\/\/hobby4geek.com\/product\/fanstoys-ft-30d-viper\/#primaryimage\"},\"image\":{\"@id\":\"https:\/\/hobby4geek.com\/product\/fanstoys-ft-30d-viper\/#primaryimage\"},\"thumbnailUrl\":\"https:\/\/hobby4geek.com\/wp-content\/uploads\/2024\/04\/fanstoys-ft-30d-viper.jpg\",\"datePublished\":\"2024-01-02T18:33:37+00:00\",\"dateModified\":\"2024-08-14T10:53:15+00:00\",\"breadcrumb\":{\"@id\":\"https:\/\/hobby4geek.com\/product\/fanstoys-ft-30d-viper\/#breadcrumb\"},\"inLanguage\":\"de\",\"potentialAction\":[{\"@type\":\"ReadAction\",\"target\":[\"https:\/\/hobby4geek.com\/product\/fanstoys-ft-30d-viper\/\"]}]},{\"@type\":\"ImageObject\",\"inLanguage\":\"de\",\"@id\":\"https:\/\/hobby4geek.com\/product\/fanstoys-ft-30d-viper\/#primaryimage\",\"url\":\"https:\/\/hobby4geek.com\/wp-content\/uploads\/2024\/04\/fanstoys-ft-30d-viper.jpg\",\"contentUrl\":\"https:\/\/hobby4geek.com\/wp-content\/uploads\/2024\/04\/fanstoys-ft-30d-viper.jpg\",\"width\":640,\"height\":426,\"caption\":\"Fanstoys Ft 30d Viper\"},{\"@type\":\"BreadcrumbList\",\"@id\":\"https:\/\/hobby4geek.com\/product\/fanstoys-ft-30d-viper\/#breadcrumb\",\"itemListElement\":[{\"@type\":\"ListItem\",\"position\":1,\"name\":\"Home\",\"item\":\"https:\/\/hobby4geek.com\/\"},{\"@type\":\"ListItem\",\"position\":2,\"name\":\"Shop\",\"item\":\"https:\/\/hobby4geek.com\/shop\/\"},{\"@type\":\"ListItem\",\"position\":3,\"name\":\"FansToys FT-30D Viper\"}]},{\"@type\":\"WebSite\",\"@id\":\"https:\/\/hobby4geek.com\/#website\",\"url\":\"https:\/\/hobby4geek.com\/\",\"name\":\"Hobby4Geek\",\"description\":\"Collect, Play &amp; Showcase, Embrace your Geekiness\",\"publisher\":{\"@id\":\"https:\/\/hobby4geek.com\/#organization\"},\"potentialAction\":[{\"@type\":\"SearchAction\",\"target\":{\"@type\":\"EntryPoint\",\"urlTemplate\":\"https:\/\/hobby4geek.com\/?s={search_term_string}\"},\"query-input\":{\"@type\":\"PropertyValueSpecification\",\"valueRequired\":true,\"valueName\":\"search_term_string\"}}],\"inLanguage\":\"de\"},{\"@type\":\"Organization\",\"@id\":\"https:\/\/hobby4geek.com\/#organization\",\"name\":\"Hobby4Geek\",\"url\":\"https:\/\/hobby4geek.com\/\",\"logo\":{\"@type\":\"ImageObject\",\"inLanguage\":\"de\",\"@id\":\"https:\/\/hobby4geek.com\/#\/schema\/logo\/image\/\",\"url\":\"https:\/\/hobby4geek.com\/wp-content\/uploads\/2023\/02\/default-kit.png\",\"contentUrl\":\"https:\/\/hobby4geek.com\/wp-content\/uploads\/2023\/02\/default-kit.png\",\"width\":600,\"height\":600,\"caption\":\"Hobby4Geek\"},\"image\":{\"@id\":\"https:\/\/hobby4geek.com\/#\/schema\/logo\/image\/\"},\"sameAs\":[\"https:\/\/www.facebook.com\/hobby4geek\",\"https:\/\/x.com\/hobby4geek\",\"https:\/\/www.instagram.com\/hobby4geek\/\"]}]}<\/script>\n<meta property=\"product:brand\" content=\"Fans Toys\" \/>\n<meta property=\"product:price:amount\" content=\"209.80\" \/>\n<meta property=\"product:price:currency\" content=\"EUR\" \/>\n<meta property=\"og:availability\" content=\"instock\" \/>\n<meta property=\"product:availability\" content=\"instock\" \/>\n<meta property=\"product:condition\" content=\"new\" \/>\n<!-- \/ Yoast SEO Premium plugin. -->","yoast_head_json":{"title":"FansToys FT-30D Viper","robots":{"index":"index","follow":"follow","max-snippet":"max-snippet:-1","max-image-preview":"max-image-preview:large","max-video-preview":"max-video-preview:-1"},"canonical":"https:\/\/hobby4geek.com\/de\/produkt\/fanstoys-ft-30d-viper\/","og_locale":"de_DE","og_type":"article","og_title":"FansToys FT-30D Viper","og_description":"Size: 9.1 inches \/ 23 cm  Scale: Masterpiece  Alt Mode: Fighter Jet  2 Blasters","og_url":"https:\/\/hobby4geek.com\/de\/produkt\/fanstoys-ft-30d-viper\/","og_site_name":"Hobby4Geek","article_publisher":"https:\/\/www.facebook.com\/hobby4geek","article_modified_time":"2024-08-14T10:53:15+00:00","og_image":[{"width":640,"height":426,"url":"https:\/\/hobby4geek.com\/wp-content\/uploads\/2024\/04\/fanstoys-ft-30d-viper.jpg","type":"image\/jpeg"}],"twitter_card":"summary_large_image","twitter_site":"@hobby4geek","schema":{"@context":"https:\/\/schema.org","@graph":[{"@type":"WebPage","@id":"https:\/\/hobby4geek.com\/product\/fanstoys-ft-30d-viper\/","url":"https:\/\/hobby4geek.com\/product\/fanstoys-ft-30d-viper\/","name":"FansToys FT-30D Viper","isPartOf":{"@id":"https:\/\/hobby4geek.com\/#website"},"primaryImageOfPage":{"@id":"https:\/\/hobby4geek.com\/product\/fanstoys-ft-30d-viper\/#primaryimage"},"image":{"@id":"https:\/\/hobby4geek.com\/product\/fanstoys-ft-30d-viper\/#primaryimage"},"thumbnailUrl":"https:\/\/hobby4geek.com\/wp-content\/uploads\/2024\/04\/fanstoys-ft-30d-viper.jpg","datePublished":"2024-01-02T18:33:37+00:00","dateModified":"2024-08-14T10:53:15+00:00","breadcrumb":{"@id":"https:\/\/hobby4geek.com\/product\/fanstoys-ft-30d-viper\/#breadcrumb"},"inLanguage":"de","potentialAction":[{"@type":"ReadAction","target":["https:\/\/hobby4geek.com\/product\/fanstoys-ft-30d-viper\/"]}]},{"@type":"ImageObject","inLanguage":"de","@id":"https:\/\/hobby4geek.com\/product\/fanstoys-ft-30d-viper\/#primaryimage","url":"https:\/\/hobby4geek.com\/wp-content\/uploads\/2024\/04\/fanstoys-ft-30d-viper.jpg","contentUrl":"https:\/\/hobby4geek.com\/wp-content\/uploads\/2024\/04\/fanstoys-ft-30d-viper.jpg","width":640,"height":426,"caption":"Fanstoys Ft 30d Viper"},{"@type":"BreadcrumbList","@id":"https:\/\/hobby4geek.com\/product\/fanstoys-ft-30d-viper\/#breadcrumb","itemListElement":[{"@type":"ListItem","position":1,"name":"Home","item":"https:\/\/hobby4geek.com\/"},{"@type":"ListItem","position":2,"name":"Shop","item":"https:\/\/hobby4geek.com\/shop\/"},{"@type":"ListItem","position":3,"name":"FansToys FT-30D Viper"}]},{"@type":"WebSite","@id":"https:\/\/hobby4geek.com\/#website","url":"https:\/\/hobby4geek.com\/","name":"Hobby4Geek","description":"Sammeln, Spielen &amp; Pr\u00e4sentieren, Umarmung der Geekiness","publisher":{"@id":"https:\/\/hobby4geek.com\/#organization"},"potentialAction":[{"@type":"SearchAction","target":{"@type":"EntryPoint","urlTemplate":"https:\/\/hobby4geek.com\/?s={search_term_string}"},"query-input":{"@type":"PropertyValueSpecification","valueRequired":true,"valueName":"search_term_string"}}],"inLanguage":"de"},{"@type":"Organization","@id":"https:\/\/hobby4geek.com\/#organization","name":"Hobby4Geek","url":"https:\/\/hobby4geek.com\/","logo":{"@type":"ImageObject","inLanguage":"de","@id":"https:\/\/hobby4geek.com\/#\/schema\/logo\/image\/","url":"https:\/\/hobby4geek.com\/wp-content\/uploads\/2023\/02\/default-kit.png","contentUrl":"https:\/\/hobby4geek.com\/wp-content\/uploads\/2023\/02\/default-kit.png","width":600,"height":600,"caption":"Hobby4Geek"},"image":{"@id":"https:\/\/hobby4geek.com\/#\/schema\/logo\/image\/"},"sameAs":["https:\/\/www.facebook.com\/hobby4geek","https:\/\/x.com\/hobby4geek","https:\/\/www.instagram.com\/hobby4geek\/"]}]},"product_brand":"Fans Toys","product_price_amount":"209.80","product_price_currency":"EUR","og_availability":"instock","product_availability":"instock","product_condition":"new"},"_links":{"self":[{"href":"https:\/\/hobby4geek.com\/de\/wp-json\/wp\/v2\/product\/196293","targetHints":{"allow":["GET"]}}],"collection":[{"href":"https:\/\/hobby4geek.com\/de\/wp-json\/wp\/v2\/product"}],"about":[{"href":"https:\/\/hobby4geek.com\/de\/wp-json\/wp\/v2\/types\/product"}],"replies":[{"embeddable":true,"href":"https:\/\/hobby4geek.com\/de\/wp-json\/wp\/v2\/comments?post=196293"}],"version-history":[{"count":0,"href":"https:\/\/hobby4geek.com\/de\/wp-json\/wp\/v2\/product\/196293\/revisions"}],"wp:featuredmedia":[{"embeddable":true,"href":"https:\/\/hobby4geek.com\/de\/wp-json\/wp\/v2\/media\/196301"}],"wp:attachment":[{"href":"https:\/\/hobby4geek.com\/de\/wp-json\/wp\/v2\/media?parent=196293"}],"wp:term":[{"taxonomy":"product_brand","embeddable":true,"href":"https:\/\/hobby4geek.com\/de\/wp-json\/wp\/v2\/product_brand?post=196293"},{"taxonomy":"product_cat","embeddable":true,"href":"https:\/\/hobby4geek.com\/de\/wp-json\/wp\/v2\/product_cat?post=196293"},{"taxonomy":"product_tag","embeddable":true,"href":"https:\/\/hobby4geek.com\/de\/wp-json\/wp\/v2\/product_tag?post=196293"},{"taxonomy":"giftcard-category","embeddable":true,"href":"https:\/\/hobby4geek.com\/de\/wp-json\/wp\/v2\/giftcard-category?post=196293"}],"curies":[{"name":"wp","href":"https:\/\/api.w.org\/{rel}","templated":true}]}}