{"id":196174,"date":"2024-01-01T18:58:29","date_gmt":"2024-01-01T17:58:29","guid":{"rendered":"https:\/\/hobby4geek.com\/?post_type=product&#038;p=196174"},"modified":"2025-04-05T07:14:46","modified_gmt":"2025-04-05T06:14:46","slug":"fanstoys-ft-61-inquisitor","status":"publish","type":"product","link":"https:\/\/hobby4geek.com\/de\/produkt\/fanstoys-ft-61-inquisitor\/","title":{"rendered":"FansToys FT-61 Inquisitor"},"content":{"rendered":"<p>FT-61 Inquisitor bereichert deine Sammlung mit seiner Masterpiece-gro\u00dfen, hochgradig beweglichen 3rd-Party-Transformationsfigur. Diese vielseitige Figur verwandelt sich nahtlos vom Hovercraft zum Roboter und wieder zur\u00fcck. FT-61 Inquisitor wurde so entworfen, dass er mit anderen Figuren der Takara Tomy Transformers Masterpiece Serie und den Masterpiece skalierten Angeboten von Drittanbietern zusammenpasst und sich nahtlos in deine bestehende Sammlung von Fans Toys Artikeln einf\u00fcgt.<\/p>\n<p>Fans Toys ist bekannt f\u00fcr die Herstellung einiger der begehrtesten, innovativsten und hochwertigsten 3rd Party Figuren auf dem Markt. Ihre Masterpiece skalierten Kreationen sind akribisch detailliert, was sie zu einem Must-Have f\u00fcr ernsthafte Sammler macht. Jede 3rd-Party-Figur von Fans Toys wird nach den h\u00f6chsten Standards gefertigt und zeichnet sich durch aufw\u00e4ndige Designs und eine langlebige Konstruktion aus. Mit ihrer Mischung aus Druckgussteilen, Vielseitigkeit und Beweglichkeit zeichnen sich die Fans Toys-Figuren als erstklassige Sammlerst\u00fccke aus.<\/p>\n<ul>\n<li style=\"list-style-type: none;\"><\/li>\n<\/ul>","protected":false},"excerpt":{"rendered":"<ul>\n<li>Gr\u00f6\u00dfe: 9,1 Zoll \/ 23 cm<\/li>\n<li>Ma\u00dfstab: Masterpiece<\/li>\n<li>Alt-Modus: Luftkissenfahrzeug<\/li>\n<li>1 Blaster<\/li>\n<li>5 Gesichtsteile<\/li>\n<\/ul>","protected":false},"featured_media":196176,"comment_status":"open","ping_status":"closed","template":"","meta":{"inline_featured_image":false},"product_brand":[],"product_cat":[104],"product_tag":[735,1270,2530,2385,230,1975],"giftcard-category":[],"class_list":{"0":"post-196174","1":"product","2":"type-product","3":"status-publish","4":"has-post-thumbnail","6":"product_cat-fans-toys","7":"product_tag-fans-toys","8":"product_tag-fanstoys","9":"product_tag-ft-61","10":"product_tag-inquisitor","11":"product_tag-masterpiece","12":"product_tag-toys-figures","13":"product_shipping_class-free-shipping","15":"first","16":"instock","17":"taxable","18":"shipping-taxable","19":"purchasable","20":"product-type-simple","21":"add-to-wishlist-after_add_to_cart"},"yoast_head":"<!-- This site is optimized with the Yoast SEO Premium plugin v25.3.1 (Yoast SEO v27.2) - https:\/\/yoast.com\/product\/yoast-seo-premium-wordpress\/ -->\n<title>FansToys FT-61 Inquisitor<\/title>\n<meta name=\"robots\" content=\"index, follow, max-snippet:-1, max-image-preview:large, max-video-preview:-1\" \/>\n<link rel=\"canonical\" href=\"https:\/\/hobby4geek.com\/de\/produkt\/fanstoys-ft-61-inquisitor\/\" \/>\n<meta property=\"og:locale\" content=\"de_DE\" \/>\n<meta property=\"og:type\" content=\"article\" \/>\n<meta property=\"og:title\" content=\"FansToys FT-61 Inquisitor\" \/>\n<meta property=\"og:description\" content=\"Size: 9.1 inches \/ 23 cm  Scale: Masterpiece  Alt Mode: Hovercraft  1 Blaster  5 Face Parts\" \/>\n<meta property=\"og:url\" content=\"https:\/\/hobby4geek.com\/de\/produkt\/fanstoys-ft-61-inquisitor\/\" \/>\n<meta property=\"og:site_name\" content=\"Hobby4Geek\" \/>\n<meta property=\"article:publisher\" content=\"https:\/\/www.facebook.com\/hobby4geek\" \/>\n<meta property=\"article:modified_time\" content=\"2025-04-05T06:14:46+00:00\" \/>\n<meta property=\"og:image\" content=\"https:\/\/hobby4geek.com\/wp-content\/uploads\/2024\/04\/fanstoys-ft-61-inquisitor-2.png\" \/>\n\t<meta property=\"og:image:width\" content=\"498\" \/>\n\t<meta property=\"og:image:height\" content=\"644\" \/>\n\t<meta property=\"og:image:type\" content=\"image\/png\" \/>\n<meta name=\"twitter:card\" content=\"summary_large_image\" \/>\n<meta name=\"twitter:site\" content=\"@hobby4geek\" \/>\n<script type=\"application\/ld+json\" class=\"yoast-schema-graph\">{\"@context\":\"https:\/\/schema.org\",\"@graph\":[{\"@type\":\"WebPage\",\"@id\":\"https:\/\/hobby4geek.com\/product\/fanstoys-ft-61-inquisitor\/\",\"url\":\"https:\/\/hobby4geek.com\/product\/fanstoys-ft-61-inquisitor\/\",\"name\":\"FansToys FT-61 Inquisitor\",\"isPartOf\":{\"@id\":\"https:\/\/hobby4geek.com\/#website\"},\"primaryImageOfPage\":{\"@id\":\"https:\/\/hobby4geek.com\/product\/fanstoys-ft-61-inquisitor\/#primaryimage\"},\"image\":{\"@id\":\"https:\/\/hobby4geek.com\/product\/fanstoys-ft-61-inquisitor\/#primaryimage\"},\"thumbnailUrl\":\"https:\/\/hobby4geek.com\/wp-content\/uploads\/2024\/04\/fanstoys-ft-61-inquisitor-2.png\",\"datePublished\":\"2024-01-01T17:58:29+00:00\",\"dateModified\":\"2025-04-05T06:14:46+00:00\",\"breadcrumb\":{\"@id\":\"https:\/\/hobby4geek.com\/product\/fanstoys-ft-61-inquisitor\/#breadcrumb\"},\"inLanguage\":\"de\",\"potentialAction\":[{\"@type\":\"ReadAction\",\"target\":[\"https:\/\/hobby4geek.com\/product\/fanstoys-ft-61-inquisitor\/\"]}]},{\"@type\":\"ImageObject\",\"inLanguage\":\"de\",\"@id\":\"https:\/\/hobby4geek.com\/product\/fanstoys-ft-61-inquisitor\/#primaryimage\",\"url\":\"https:\/\/hobby4geek.com\/wp-content\/uploads\/2024\/04\/fanstoys-ft-61-inquisitor-2.png\",\"contentUrl\":\"https:\/\/hobby4geek.com\/wp-content\/uploads\/2024\/04\/fanstoys-ft-61-inquisitor-2.png\",\"width\":498,\"height\":644,\"caption\":\"Fanstoys Ft 61 Inquisitor 2\"},{\"@type\":\"BreadcrumbList\",\"@id\":\"https:\/\/hobby4geek.com\/product\/fanstoys-ft-61-inquisitor\/#breadcrumb\",\"itemListElement\":[{\"@type\":\"ListItem\",\"position\":1,\"name\":\"Home\",\"item\":\"https:\/\/hobby4geek.com\/\"},{\"@type\":\"ListItem\",\"position\":2,\"name\":\"Shop\",\"item\":\"https:\/\/hobby4geek.com\/shop\/\"},{\"@type\":\"ListItem\",\"position\":3,\"name\":\"FansToys FT-61 Inquisitor\"}]},{\"@type\":\"WebSite\",\"@id\":\"https:\/\/hobby4geek.com\/#website\",\"url\":\"https:\/\/hobby4geek.com\/\",\"name\":\"Hobby4Geek\",\"description\":\"Collect, Play &amp; Showcase, Embrace your Geekiness\",\"publisher\":{\"@id\":\"https:\/\/hobby4geek.com\/#organization\"},\"potentialAction\":[{\"@type\":\"SearchAction\",\"target\":{\"@type\":\"EntryPoint\",\"urlTemplate\":\"https:\/\/hobby4geek.com\/?s={search_term_string}\"},\"query-input\":{\"@type\":\"PropertyValueSpecification\",\"valueRequired\":true,\"valueName\":\"search_term_string\"}}],\"inLanguage\":\"de\"},{\"@type\":\"Organization\",\"@id\":\"https:\/\/hobby4geek.com\/#organization\",\"name\":\"Hobby4Geek\",\"url\":\"https:\/\/hobby4geek.com\/\",\"logo\":{\"@type\":\"ImageObject\",\"inLanguage\":\"de\",\"@id\":\"https:\/\/hobby4geek.com\/#\/schema\/logo\/image\/\",\"url\":\"https:\/\/hobby4geek.com\/wp-content\/uploads\/2023\/02\/default-kit.png\",\"contentUrl\":\"https:\/\/hobby4geek.com\/wp-content\/uploads\/2023\/02\/default-kit.png\",\"width\":600,\"height\":600,\"caption\":\"Hobby4Geek\"},\"image\":{\"@id\":\"https:\/\/hobby4geek.com\/#\/schema\/logo\/image\/\"},\"sameAs\":[\"https:\/\/www.facebook.com\/hobby4geek\",\"https:\/\/x.com\/hobby4geek\",\"https:\/\/www.instagram.com\/hobby4geek\/\"]}]}<\/script>\n<meta property=\"product:brand\" content=\"Fans Toys\" \/>\n<meta property=\"product:price:amount\" content=\"216.90\" \/>\n<meta property=\"product:price:currency\" content=\"EUR\" \/>\n<meta property=\"og:availability\" content=\"instock\" \/>\n<meta property=\"product:availability\" content=\"instock\" \/>\n<meta property=\"product:condition\" content=\"new\" \/>\n<!-- \/ Yoast SEO Premium plugin. -->","yoast_head_json":{"title":"FansToys FT-61 Inquisitor","robots":{"index":"index","follow":"follow","max-snippet":"max-snippet:-1","max-image-preview":"max-image-preview:large","max-video-preview":"max-video-preview:-1"},"canonical":"https:\/\/hobby4geek.com\/de\/produkt\/fanstoys-ft-61-inquisitor\/","og_locale":"de_DE","og_type":"article","og_title":"FansToys FT-61 Inquisitor","og_description":"Size: 9.1 inches \/ 23 cm  Scale: Masterpiece  Alt Mode: Hovercraft  1 Blaster  5 Face Parts","og_url":"https:\/\/hobby4geek.com\/de\/produkt\/fanstoys-ft-61-inquisitor\/","og_site_name":"Hobby4Geek","article_publisher":"https:\/\/www.facebook.com\/hobby4geek","article_modified_time":"2025-04-05T06:14:46+00:00","og_image":[{"width":498,"height":644,"url":"https:\/\/hobby4geek.com\/wp-content\/uploads\/2024\/04\/fanstoys-ft-61-inquisitor-2.png","type":"image\/png"}],"twitter_card":"summary_large_image","twitter_site":"@hobby4geek","schema":{"@context":"https:\/\/schema.org","@graph":[{"@type":"WebPage","@id":"https:\/\/hobby4geek.com\/product\/fanstoys-ft-61-inquisitor\/","url":"https:\/\/hobby4geek.com\/product\/fanstoys-ft-61-inquisitor\/","name":"FansToys FT-61 Inquisitor","isPartOf":{"@id":"https:\/\/hobby4geek.com\/#website"},"primaryImageOfPage":{"@id":"https:\/\/hobby4geek.com\/product\/fanstoys-ft-61-inquisitor\/#primaryimage"},"image":{"@id":"https:\/\/hobby4geek.com\/product\/fanstoys-ft-61-inquisitor\/#primaryimage"},"thumbnailUrl":"https:\/\/hobby4geek.com\/wp-content\/uploads\/2024\/04\/fanstoys-ft-61-inquisitor-2.png","datePublished":"2024-01-01T17:58:29+00:00","dateModified":"2025-04-05T06:14:46+00:00","breadcrumb":{"@id":"https:\/\/hobby4geek.com\/product\/fanstoys-ft-61-inquisitor\/#breadcrumb"},"inLanguage":"de","potentialAction":[{"@type":"ReadAction","target":["https:\/\/hobby4geek.com\/product\/fanstoys-ft-61-inquisitor\/"]}]},{"@type":"ImageObject","inLanguage":"de","@id":"https:\/\/hobby4geek.com\/product\/fanstoys-ft-61-inquisitor\/#primaryimage","url":"https:\/\/hobby4geek.com\/wp-content\/uploads\/2024\/04\/fanstoys-ft-61-inquisitor-2.png","contentUrl":"https:\/\/hobby4geek.com\/wp-content\/uploads\/2024\/04\/fanstoys-ft-61-inquisitor-2.png","width":498,"height":644,"caption":"Fanstoys Ft 61 Inquisitor 2"},{"@type":"BreadcrumbList","@id":"https:\/\/hobby4geek.com\/product\/fanstoys-ft-61-inquisitor\/#breadcrumb","itemListElement":[{"@type":"ListItem","position":1,"name":"Home","item":"https:\/\/hobby4geek.com\/"},{"@type":"ListItem","position":2,"name":"Shop","item":"https:\/\/hobby4geek.com\/shop\/"},{"@type":"ListItem","position":3,"name":"FansToys FT-61 Inquisitor"}]},{"@type":"WebSite","@id":"https:\/\/hobby4geek.com\/#website","url":"https:\/\/hobby4geek.com\/","name":"Hobby4Geek","description":"Sammeln, Spielen &amp; Pr\u00e4sentieren, Umarmung der Geekiness","publisher":{"@id":"https:\/\/hobby4geek.com\/#organization"},"potentialAction":[{"@type":"SearchAction","target":{"@type":"EntryPoint","urlTemplate":"https:\/\/hobby4geek.com\/?s={search_term_string}"},"query-input":{"@type":"PropertyValueSpecification","valueRequired":true,"valueName":"search_term_string"}}],"inLanguage":"de"},{"@type":"Organization","@id":"https:\/\/hobby4geek.com\/#organization","name":"Hobby4Geek","url":"https:\/\/hobby4geek.com\/","logo":{"@type":"ImageObject","inLanguage":"de","@id":"https:\/\/hobby4geek.com\/#\/schema\/logo\/image\/","url":"https:\/\/hobby4geek.com\/wp-content\/uploads\/2023\/02\/default-kit.png","contentUrl":"https:\/\/hobby4geek.com\/wp-content\/uploads\/2023\/02\/default-kit.png","width":600,"height":600,"caption":"Hobby4Geek"},"image":{"@id":"https:\/\/hobby4geek.com\/#\/schema\/logo\/image\/"},"sameAs":["https:\/\/www.facebook.com\/hobby4geek","https:\/\/x.com\/hobby4geek","https:\/\/www.instagram.com\/hobby4geek\/"]}]},"product_brand":"Fans Toys","product_price_amount":"216.90","product_price_currency":"EUR","og_availability":"instock","product_availability":"instock","product_condition":"new"},"_links":{"self":[{"href":"https:\/\/hobby4geek.com\/de\/wp-json\/wp\/v2\/product\/196174","targetHints":{"allow":["GET"]}}],"collection":[{"href":"https:\/\/hobby4geek.com\/de\/wp-json\/wp\/v2\/product"}],"about":[{"href":"https:\/\/hobby4geek.com\/de\/wp-json\/wp\/v2\/types\/product"}],"replies":[{"embeddable":true,"href":"https:\/\/hobby4geek.com\/de\/wp-json\/wp\/v2\/comments?post=196174"}],"version-history":[{"count":0,"href":"https:\/\/hobby4geek.com\/de\/wp-json\/wp\/v2\/product\/196174\/revisions"}],"wp:featuredmedia":[{"embeddable":true,"href":"https:\/\/hobby4geek.com\/de\/wp-json\/wp\/v2\/media\/196176"}],"wp:attachment":[{"href":"https:\/\/hobby4geek.com\/de\/wp-json\/wp\/v2\/media?parent=196174"}],"wp:term":[{"taxonomy":"product_brand","embeddable":true,"href":"https:\/\/hobby4geek.com\/de\/wp-json\/wp\/v2\/product_brand?post=196174"},{"taxonomy":"product_cat","embeddable":true,"href":"https:\/\/hobby4geek.com\/de\/wp-json\/wp\/v2\/product_cat?post=196174"},{"taxonomy":"product_tag","embeddable":true,"href":"https:\/\/hobby4geek.com\/de\/wp-json\/wp\/v2\/product_tag?post=196174"},{"taxonomy":"giftcard-category","embeddable":true,"href":"https:\/\/hobby4geek.com\/de\/wp-json\/wp\/v2\/giftcard-category?post=196174"}],"curies":[{"name":"wp","href":"https:\/\/api.w.org\/{rel}","templated":true}]}}