{"id":195646,"date":"2024-04-19T17:15:19","date_gmt":"2024-04-19T16:15:19","guid":{"rendered":"https:\/\/hobby4geek.com\/?post_type=product&#038;p=195646"},"modified":"2024-05-12T12:57:08","modified_gmt":"2024-05-12T11:57:08","slug":"transformers-generations-selects-shattered-glass-optimus-prime-ratchet-2-pack","status":"publish","type":"product","link":"https:\/\/hobby4geek.com\/de\/produkt\/transformers-generations-selects-shattered-glass-optimus-prime-ratchet-2-pack\/","title":{"rendered":"Transformers Generations Selects Shattered Glass Optimus Prime &amp; Ratchet 2er-Pack"},"content":{"rendered":"<p>Fans k\u00f6nnen ihre Transformers-Figurensammlung mit Generations Selects auf die n\u00e4chste Stufe bringen, einer von Fans gewidmeten Figurenserie mit von Fans bevorzugten Charakteren, die nicht in der Hauptreihe zu finden sind.<\/p>\n<p>Diese Sonderausgabe der WFC-GS17 Shattered Glass Ratchet und Optimus Prime Figuren ist inspiriert von der\u00a0<em>Shattered Glass<\/em>\u00a0Comics, die in Zusammenarbeit mit IDW entstanden sind und ein alternatives Universum darstellen, in dem die heldenhaften Decepticons gegen die b\u00f6sen Autobots k\u00e4mpfen. Diese Figuren stellen den sadistischen Autobot-Anf\u00fchrer und den geistesgest\u00f6rten Autobot-Sanit\u00e4ter mit von den Comics inspirierter Deko dar, die lila Autobot-Logos enth\u00e4lt.<\/p>\n<p>Die Figur Shattered Glass Optimus Prime l\u00e4sst sich in 31 Schritten in den LKW-Modus umwandeln. Die Figur Shattered Glass Ratchet l\u00e4sst sich in 22 Schritten in den Krankenwagen-Modus umwandeln. Jede Figur wird mit ihrem charakteristischen Blaster geliefert und das Paket enth\u00e4lt ein b\u00f6ses Matrix of Leadership-Zubeh\u00f6r. Setze das Matrix of Leadership-Zubeh\u00f6r im Robotermodus in die Brust der Optimus Prime-Figur ein.<\/p>\n<ul>\n<li>Generations Selects ist eine den Fans gewidmete Reihe von Figuren mit Sonderausgaben, die nicht in der Hauptreihe zu finden sind.<\/li>\n<li>Die Figuren Deluxe Class Shattered Glass Ratchet und Voyager Class Shattered Glass Optimus Prime sind inspiriert von der\u00a0<em>Shattered Glass<\/em>\u00a0Comics, die in Zusammenarbeit mit IDW entstanden sind<\/li>\n<li>Diese Figuren stellen den sadistischen Anf\u00fchrer und den geistesgest\u00f6rten Sanit\u00e4ter mit von Comics inspirierter Deko dar und tragen lila Autobot-Logos<\/li>\n<li>Shattered Glass Optimus Prime Figur l\u00e4sst sich in 31 Schritten vom Roboter- in den LKW-Modus umwandeln. Die Figur Shattered Glass Ratchet l\u00e4sst sich in 22 Schritten vom Roboter- in den Krankenwagenmodus umwandeln.<\/li>\n<li>Jede Figur wird mit ihrem charakteristischen Blaster geliefert und das Paket enth\u00e4lt ein b\u00f6ses Matrix of Leadership-Zubeh\u00f6r. Setze das Matrix of Leadership-Zubeh\u00f6r im Robotermodus in die Brust der Figur Optimus Prime ein.<\/li>\n<\/ul>\n<p>8 Jahre und \u00e4lter<\/p>\n<p>WARNUNG: VERSTECKUNGSGEFAHR - Kleine Teile. Nicht f\u00fcr Kinder unter 3 Jahren geeignet.<\/p>","protected":false},"excerpt":{"rendered":"<ul>\n<li>Gr\u00f6\u00dfe der Figuren: 14 cm<\/li>\n<li>Enth\u00e4lt 2 Figuren<\/li>\n<li>Deco aus der Zeichentrickserie<\/li>\n<li>Anweisungen<\/li>\n<\/ul>","protected":false},"featured_media":195648,"comment_status":"open","ping_status":"closed","template":"","meta":{"inline_featured_image":false},"product_brand":[],"product_cat":[68,1955,1960],"product_tag":[1759,2431,2430,335,2400,234,245,2520,1975,204,1962],"giftcard-category":[],"class_list":{"0":"post-195646","1":"product","2":"type-product","3":"status-publish","4":"has-post-thumbnail","6":"product_cat-hasbro","7":"product_cat-transformers","8":"product_cat-transformers-generations","9":"product_tag-action-toys","10":"product_tag-g1-animated-series","11":"product_tag-generations-selects","12":"product_tag-hasbro","13":"product_tag-legacy-united","14":"product_tag-optimus-prime","15":"product_tag-ratchet","16":"product_tag-shattered-glass","17":"product_tag-toys-figures","18":"product_tag-transformers","19":"product_tag-transformers-generations","20":"product_shipping_class-light","21":"inventories-france-inventory","23":"first","24":"instock","25":"taxable","26":"shipping-taxable","27":"purchasable","28":"product-type-simple","29":"add-to-wishlist-after_add_to_cart"},"yoast_head":"<!-- This site is optimized with the Yoast SEO Premium plugin v25.3.1 (Yoast SEO v27.4) - https:\/\/yoast.com\/product\/yoast-seo-premium-wordpress\/ -->\n<title>Transformers Generations Selects Shattered Glass Optimus Prime &amp; Ratchet 2-Pack<\/title>\n<meta name=\"robots\" content=\"index, follow, max-snippet:-1, max-image-preview:large, max-video-preview:-1\" \/>\n<link rel=\"canonical\" href=\"https:\/\/hobby4geek.com\/de\/produkt\/transformers-generations-selects-shattered-glass-optimus-prime-ratchet-2-pack\/\" \/>\n<meta property=\"og:locale\" content=\"de_DE\" \/>\n<meta property=\"og:type\" content=\"article\" \/>\n<meta property=\"og:title\" content=\"Transformers Generations Selects Shattered Glass Optimus Prime &amp; Ratchet 2-Pack\" \/>\n<meta property=\"og:description\" content=\"Figures size: 14 cm  Includes 2 figures  Deco from the animated series  Instructions\" \/>\n<meta property=\"og:url\" content=\"https:\/\/hobby4geek.com\/de\/produkt\/transformers-generations-selects-shattered-glass-optimus-prime-ratchet-2-pack\/\" \/>\n<meta property=\"og:site_name\" content=\"Hobby4Geek\" \/>\n<meta property=\"article:publisher\" content=\"https:\/\/www.facebook.com\/hobby4geek\" \/>\n<meta property=\"article:modified_time\" content=\"2024-05-12T11:57:08+00:00\" \/>\n<meta property=\"og:image\" content=\"https:\/\/hobby4geek.com\/wp-content\/uploads\/2024\/04\/transformers-generations-selects-shattered-glass-optimus-prime-ratchet-2-pack-6.jpg\" \/>\n\t<meta property=\"og:image:width\" content=\"2000\" \/>\n\t<meta property=\"og:image:height\" content=\"2000\" \/>\n\t<meta property=\"og:image:type\" content=\"image\/jpeg\" \/>\n<meta name=\"twitter:card\" content=\"summary_large_image\" \/>\n<meta name=\"twitter:site\" content=\"@hobby4geek\" \/>\n<script type=\"application\/ld+json\" class=\"yoast-schema-graph\">{\"@context\":\"https:\\\/\\\/schema.org\",\"@graph\":[{\"@type\":\"WebPage\",\"@id\":\"https:\\\/\\\/hobby4geek.com\\\/product\\\/transformers-generations-selects-shattered-glass-optimus-prime-ratchet-2-pack\\\/\",\"url\":\"https:\\\/\\\/hobby4geek.com\\\/product\\\/transformers-generations-selects-shattered-glass-optimus-prime-ratchet-2-pack\\\/\",\"name\":\"Transformers Generations Selects Shattered Glass Optimus Prime & Ratchet 2-Pack\",\"isPartOf\":{\"@id\":\"https:\\\/\\\/hobby4geek.com\\\/#website\"},\"primaryImageOfPage\":{\"@id\":\"https:\\\/\\\/hobby4geek.com\\\/product\\\/transformers-generations-selects-shattered-glass-optimus-prime-ratchet-2-pack\\\/#primaryimage\"},\"image\":{\"@id\":\"https:\\\/\\\/hobby4geek.com\\\/product\\\/transformers-generations-selects-shattered-glass-optimus-prime-ratchet-2-pack\\\/#primaryimage\"},\"thumbnailUrl\":\"https:\\\/\\\/hobby4geek.com\\\/wp-content\\\/uploads\\\/2024\\\/04\\\/transformers-generations-selects-shattered-glass-optimus-prime-ratchet-2-pack-6.jpg\",\"datePublished\":\"2024-04-19T16:15:19+00:00\",\"dateModified\":\"2024-05-12T11:57:08+00:00\",\"breadcrumb\":{\"@id\":\"https:\\\/\\\/hobby4geek.com\\\/product\\\/transformers-generations-selects-shattered-glass-optimus-prime-ratchet-2-pack\\\/#breadcrumb\"},\"inLanguage\":\"de\",\"potentialAction\":[{\"@type\":\"ReadAction\",\"target\":[\"https:\\\/\\\/hobby4geek.com\\\/product\\\/transformers-generations-selects-shattered-glass-optimus-prime-ratchet-2-pack\\\/\"]}]},{\"@type\":\"ImageObject\",\"inLanguage\":\"de\",\"@id\":\"https:\\\/\\\/hobby4geek.com\\\/product\\\/transformers-generations-selects-shattered-glass-optimus-prime-ratchet-2-pack\\\/#primaryimage\",\"url\":\"https:\\\/\\\/hobby4geek.com\\\/wp-content\\\/uploads\\\/2024\\\/04\\\/transformers-generations-selects-shattered-glass-optimus-prime-ratchet-2-pack-6.jpg\",\"contentUrl\":\"https:\\\/\\\/hobby4geek.com\\\/wp-content\\\/uploads\\\/2024\\\/04\\\/transformers-generations-selects-shattered-glass-optimus-prime-ratchet-2-pack-6.jpg\",\"width\":2000,\"height\":2000,\"caption\":\"Transformers Generations Selects Shattered Glass Optimus Prime Ratchet 2 Pack 6\"},{\"@type\":\"BreadcrumbList\",\"@id\":\"https:\\\/\\\/hobby4geek.com\\\/product\\\/transformers-generations-selects-shattered-glass-optimus-prime-ratchet-2-pack\\\/#breadcrumb\",\"itemListElement\":[{\"@type\":\"ListItem\",\"position\":1,\"name\":\"Home\",\"item\":\"https:\\\/\\\/hobby4geek.com\\\/\"},{\"@type\":\"ListItem\",\"position\":2,\"name\":\"Shop\",\"item\":\"https:\\\/\\\/hobby4geek.com\\\/shop\\\/\"},{\"@type\":\"ListItem\",\"position\":3,\"name\":\"Transformers Generations Selects Shattered Glass Optimus Prime &#038; Ratchet 2-Pack\"}]},{\"@type\":\"WebSite\",\"@id\":\"https:\\\/\\\/hobby4geek.com\\\/#website\",\"url\":\"https:\\\/\\\/hobby4geek.com\\\/\",\"name\":\"Hobby4Geek\",\"description\":\"Collect, Play &amp; Showcase, Embrace your Geekiness\",\"publisher\":{\"@id\":\"https:\\\/\\\/hobby4geek.com\\\/#organization\"},\"potentialAction\":[{\"@type\":\"SearchAction\",\"target\":{\"@type\":\"EntryPoint\",\"urlTemplate\":\"https:\\\/\\\/hobby4geek.com\\\/?s={search_term_string}\"},\"query-input\":{\"@type\":\"PropertyValueSpecification\",\"valueRequired\":true,\"valueName\":\"search_term_string\"}}],\"inLanguage\":\"de\"},{\"@type\":\"Organization\",\"@id\":\"https:\\\/\\\/hobby4geek.com\\\/#organization\",\"name\":\"Hobby4Geek\",\"url\":\"https:\\\/\\\/hobby4geek.com\\\/\",\"logo\":{\"@type\":\"ImageObject\",\"inLanguage\":\"de\",\"@id\":\"https:\\\/\\\/hobby4geek.com\\\/#\\\/schema\\\/logo\\\/image\\\/\",\"url\":\"https:\\\/\\\/hobby4geek.com\\\/wp-content\\\/uploads\\\/2023\\\/02\\\/default-kit.png\",\"contentUrl\":\"https:\\\/\\\/hobby4geek.com\\\/wp-content\\\/uploads\\\/2023\\\/02\\\/default-kit.png\",\"width\":600,\"height\":600,\"caption\":\"Hobby4Geek\"},\"image\":{\"@id\":\"https:\\\/\\\/hobby4geek.com\\\/#\\\/schema\\\/logo\\\/image\\\/\"},\"sameAs\":[\"https:\\\/\\\/www.facebook.com\\\/hobby4geek\",\"https:\\\/\\\/x.com\\\/hobby4geek\",\"https:\\\/\\\/www.instagram.com\\\/hobby4geek\\\/\"]}]}<\/script>\n<meta property=\"product:brand\" content=\"Hasbro\" \/>\n<meta property=\"product:price:amount\" content=\"78.60\" \/>\n<meta property=\"product:price:currency\" content=\"EUR\" \/>\n<meta property=\"og:availability\" content=\"instock\" \/>\n<meta property=\"product:availability\" content=\"instock\" \/>\n<meta property=\"product:retailer_item_id\" content=\"05010993800612\" \/>\n<meta property=\"product:condition\" content=\"new\" \/>\n<!-- \/ Yoast SEO Premium plugin. -->","yoast_head_json":{"title":"Transformers Generations Selects Shattered Glass Optimus Prime &amp; Ratchet 2er-Pack","robots":{"index":"index","follow":"follow","max-snippet":"max-snippet:-1","max-image-preview":"max-image-preview:large","max-video-preview":"max-video-preview:-1"},"canonical":"https:\/\/hobby4geek.com\/de\/produkt\/transformers-generations-selects-shattered-glass-optimus-prime-ratchet-2-pack\/","og_locale":"de_DE","og_type":"article","og_title":"Transformers Generations Selects Shattered Glass Optimus Prime & Ratchet 2-Pack","og_description":"Figures size: 14 cm  Includes 2 figures  Deco from the animated series  Instructions","og_url":"https:\/\/hobby4geek.com\/de\/produkt\/transformers-generations-selects-shattered-glass-optimus-prime-ratchet-2-pack\/","og_site_name":"Hobby4Geek","article_publisher":"https:\/\/www.facebook.com\/hobby4geek","article_modified_time":"2024-05-12T11:57:08+00:00","og_image":[{"width":2000,"height":2000,"url":"https:\/\/hobby4geek.com\/wp-content\/uploads\/2024\/04\/transformers-generations-selects-shattered-glass-optimus-prime-ratchet-2-pack-6.jpg","type":"image\/jpeg"}],"twitter_card":"summary_large_image","twitter_site":"@hobby4geek","schema":{"@context":"https:\/\/schema.org","@graph":[{"@type":"WebPage","@id":"https:\/\/hobby4geek.com\/product\/transformers-generations-selects-shattered-glass-optimus-prime-ratchet-2-pack\/","url":"https:\/\/hobby4geek.com\/product\/transformers-generations-selects-shattered-glass-optimus-prime-ratchet-2-pack\/","name":"Transformers Generations Selects Shattered Glass Optimus Prime &amp; Ratchet 2er-Pack","isPartOf":{"@id":"https:\/\/hobby4geek.com\/#website"},"primaryImageOfPage":{"@id":"https:\/\/hobby4geek.com\/product\/transformers-generations-selects-shattered-glass-optimus-prime-ratchet-2-pack\/#primaryimage"},"image":{"@id":"https:\/\/hobby4geek.com\/product\/transformers-generations-selects-shattered-glass-optimus-prime-ratchet-2-pack\/#primaryimage"},"thumbnailUrl":"https:\/\/hobby4geek.com\/wp-content\/uploads\/2024\/04\/transformers-generations-selects-shattered-glass-optimus-prime-ratchet-2-pack-6.jpg","datePublished":"2024-04-19T16:15:19+00:00","dateModified":"2024-05-12T11:57:08+00:00","breadcrumb":{"@id":"https:\/\/hobby4geek.com\/product\/transformers-generations-selects-shattered-glass-optimus-prime-ratchet-2-pack\/#breadcrumb"},"inLanguage":"de","potentialAction":[{"@type":"ReadAction","target":["https:\/\/hobby4geek.com\/product\/transformers-generations-selects-shattered-glass-optimus-prime-ratchet-2-pack\/"]}]},{"@type":"ImageObject","inLanguage":"de","@id":"https:\/\/hobby4geek.com\/product\/transformers-generations-selects-shattered-glass-optimus-prime-ratchet-2-pack\/#primaryimage","url":"https:\/\/hobby4geek.com\/wp-content\/uploads\/2024\/04\/transformers-generations-selects-shattered-glass-optimus-prime-ratchet-2-pack-6.jpg","contentUrl":"https:\/\/hobby4geek.com\/wp-content\/uploads\/2024\/04\/transformers-generations-selects-shattered-glass-optimus-prime-ratchet-2-pack-6.jpg","width":2000,"height":2000,"caption":"Transformers Generations Selects Shattered Glass Optimus Prime Ratchet 2 Pack 6"},{"@type":"BreadcrumbList","@id":"https:\/\/hobby4geek.com\/product\/transformers-generations-selects-shattered-glass-optimus-prime-ratchet-2-pack\/#breadcrumb","itemListElement":[{"@type":"ListItem","position":1,"name":"Home","item":"https:\/\/hobby4geek.com\/"},{"@type":"ListItem","position":2,"name":"Shop","item":"https:\/\/hobby4geek.com\/shop\/"},{"@type":"ListItem","position":3,"name":"Transformers Generations Selects Shattered Glass Optimus Prime &#038; Ratchet 2-Pack"}]},{"@type":"WebSite","@id":"https:\/\/hobby4geek.com\/#website","url":"https:\/\/hobby4geek.com\/","name":"Hobby4Geek","description":"Sammeln, Spielen &amp; Pr\u00e4sentieren, Umarmung der Geekiness","publisher":{"@id":"https:\/\/hobby4geek.com\/#organization"},"potentialAction":[{"@type":"SearchAction","target":{"@type":"EntryPoint","urlTemplate":"https:\/\/hobby4geek.com\/?s={search_term_string}"},"query-input":{"@type":"PropertyValueSpecification","valueRequired":true,"valueName":"search_term_string"}}],"inLanguage":"de"},{"@type":"Organization","@id":"https:\/\/hobby4geek.com\/#organization","name":"Hobby4Geek","url":"https:\/\/hobby4geek.com\/","logo":{"@type":"ImageObject","inLanguage":"de","@id":"https:\/\/hobby4geek.com\/#\/schema\/logo\/image\/","url":"https:\/\/hobby4geek.com\/wp-content\/uploads\/2023\/02\/default-kit.png","contentUrl":"https:\/\/hobby4geek.com\/wp-content\/uploads\/2023\/02\/default-kit.png","width":600,"height":600,"caption":"Hobby4Geek"},"image":{"@id":"https:\/\/hobby4geek.com\/#\/schema\/logo\/image\/"},"sameAs":["https:\/\/www.facebook.com\/hobby4geek","https:\/\/x.com\/hobby4geek","https:\/\/www.instagram.com\/hobby4geek\/"]}]},"product_brand":"Hasbro","product_price_amount":"78.60","product_price_currency":"EUR","og_availability":"instock","product_availability":"instock","product_retailer_item_id":"05010993800612","product_condition":"new"},"_links":{"self":[{"href":"https:\/\/hobby4geek.com\/de\/wp-json\/wp\/v2\/product\/195646","targetHints":{"allow":["GET"]}}],"collection":[{"href":"https:\/\/hobby4geek.com\/de\/wp-json\/wp\/v2\/product"}],"about":[{"href":"https:\/\/hobby4geek.com\/de\/wp-json\/wp\/v2\/types\/product"}],"replies":[{"embeddable":true,"href":"https:\/\/hobby4geek.com\/de\/wp-json\/wp\/v2\/comments?post=195646"}],"version-history":[{"count":0,"href":"https:\/\/hobby4geek.com\/de\/wp-json\/wp\/v2\/product\/195646\/revisions"}],"wp:featuredmedia":[{"embeddable":true,"href":"https:\/\/hobby4geek.com\/de\/wp-json\/wp\/v2\/media\/195648"}],"wp:attachment":[{"href":"https:\/\/hobby4geek.com\/de\/wp-json\/wp\/v2\/media?parent=195646"}],"wp:term":[{"taxonomy":"product_brand","embeddable":true,"href":"https:\/\/hobby4geek.com\/de\/wp-json\/wp\/v2\/product_brand?post=195646"},{"taxonomy":"product_cat","embeddable":true,"href":"https:\/\/hobby4geek.com\/de\/wp-json\/wp\/v2\/product_cat?post=195646"},{"taxonomy":"product_tag","embeddable":true,"href":"https:\/\/hobby4geek.com\/de\/wp-json\/wp\/v2\/product_tag?post=195646"},{"taxonomy":"giftcard-category","embeddable":true,"href":"https:\/\/hobby4geek.com\/de\/wp-json\/wp\/v2\/giftcard-category?post=195646"}],"curies":[{"name":"wp","href":"https:\/\/api.w.org\/{rel}","templated":true}]}}