{"id":194985,"date":"2024-04-11T09:18:04","date_gmt":"2024-04-11T08:18:04","guid":{"rendered":"https:\/\/hobby4geek.com\/?post_type=product&#038;p=194985"},"modified":"2025-07-25T00:14:09","modified_gmt":"2025-07-24T23:14:09","slug":"dna-design-dk-53-gear-master-accessory-series","status":"publish","type":"product","link":"https:\/\/hobby4geek.com\/de\/produkt\/dna-design-dk-53-gear-master-accessory-series\/","title":{"rendered":"DNA Design - DK-53 GEAR MASTER Zubeh\u00f6rserie f\u00fcr SS-100, SS-105, SS-108"},"content":{"rendered":"<div class=\"x11i5rnm xat24cr x1mh8g0r x1vvkbs xtlvy1s x126k92a\">\n<div dir=\"auto\">\n<div class=\"x11i5rnm xat24cr x1mh8g0r x1vvkbs xtlvy1s x126k92a\">\n<div dir=\"auto\">\n<p>DK-53 wurde sorgf\u00e4ltig hergestellt, um Figuren aus dem Film direkt in deine Sammlung zu bringen. BUMBLEBEE ist mit einer Kampfmaske und einer Kanone in der linken Hand ausgestattet und strahlt immense St\u00e4rke aus.<\/p>\n<p>MIRAGE f\u00fchrt ein brandneues Design f\u00fcr seine Fu\u00dfpolster ein, das die Proportionen anpasst, die Einhandkanone aus dem Film originalgetreu nachbildet und vollst\u00e4ndige Verwandlungsm\u00f6glichkeiten sowie zwei zus\u00e4tzliche Oberschenkel-Innenseiten bietet.<\/p>\n<p>WHEELJACK zeigt die im Film zu sehende Zweihandkanone und verk\u00f6rpert damit seine Kampff\u00e4higkeit.<\/p>\n<p><em>Aufregende Neuigkeiten! vom 5. April<\/em>: DK-53 wird jetzt Transformers Studio Series Core Class Arcee - Dual Guns enthalten!<\/p>\n<p><em>Aufregende Neuigkeiten! vom 9. April<\/em>: DK-53 wird jetzt SS-100 BUMBLBEE - Dual Blades enthalten! (Als Reaktion auf die Nachfrage der Fans nach offiziellen Klingen ohne Metallic-Lackierung haben wir uns entschlossen, Dual-Klingen mit Metallic-Lackierung anzubieten). (Beide Klingen und Kanonen k\u00f6nnen vollst\u00e4ndig eingefahren werden).<\/p>\n<p><em>Aufregende Neuigkeiten! vom 11. April<\/em>: Hinzuf\u00fcgen einer neuen Kopfskulptur f\u00fcr SS-108 WHEELJACK in DK-53! Um der Unzufriedenheit einiger Fans mit der offiziellen Kopfskulptur Rechnung zu tragen, haben wir uns entschlossen, ein komplett neues Design anzubieten. Bitte beachte jedoch, dass die offizielle Kopfskulptur eingeklebt ist, so dass sie nur durch eine Besch\u00e4digung des Originalstifts ersetzt werden kann. Wenn Sie den Zapfen nicht besch\u00e4digen wollen, kann die neue Kopfskulptur nicht angebracht werden. Diese Entscheidung bleibt dem Ermessen des Sammlers \u00fcberlassen. (Die neue Kopfskulptur kann vollst\u00e4ndig aufbewahrt werden.)<\/p>\n<p>Diese Serie ist auf die Bed\u00fcrfnisse aller Liebhaber zugeschnitten und macht Ihre Sammlung wirklich einzigartig!<\/p>\n<\/div>\n<\/div>\n<div class=\"x11i5rnm xat24cr x1mh8g0r x1vvkbs xtlvy1s x126k92a\">\n<div dir=\"auto\">DNA Design hat ein einzigartiges System zur Aufbewahrung von Waffen entwickelt, um dieses Meisterwerk zu vervollst\u00e4ndigen und das Herz eines jeden Sammlers zu erobern.<\/div>\n<\/div>\n<\/div>\n<\/div>","protected":false},"excerpt":{"rendered":"<ul>\n<li>Kompatibel mit SS-100, SS-105, SS-108 und Core Arcee<\/li>\n<li>Eine Vielzahl von Zubeh\u00f6r und Waffen zum Anpassen<\/li>\n<\/ul>\n<p>&nbsp;<\/p>\n<p><strong>Verpackungsinhalt:<\/strong><\/p>\n<ul>\n<li>Teil der Gesichtsmaske<\/li>\n<li>Paar Blaster-Kanonenarm-Alternativteile<\/li>\n<li>Ein Paar Blaster-schwingende Handteile<\/li>\n<li>Alternatives Blaster-Handteil<\/li>\n<li>Alternatives Teil f\u00fcr den Arm der Blasterkanone<\/li>\n<li>Paar Gewehrteile<\/li>\n<li>Duale Waffen f\u00fcr Core Arcee<\/li>\n<li>Doppelklingen f\u00fcr SS-100 Bumblebee<\/li>\n<li>Alternativer Wheeljack-Kopf<\/li>\n<\/ul>\n<p><em>Hinweis: Alle abgebildeten Figuren sind separat erh\u00e4ltlich.<\/em><\/p>","protected":false},"featured_media":195014,"comment_status":"open","ping_status":"closed","template":"","meta":{"inline_featured_image":false},"product_brand":[],"product_cat":[78],"product_tag":[2474,274,665,224,2478,276,2473,423,2480,2481,2479,1975,204,1994,2227,2354,2288],"giftcard-category":[],"class_list":{"0":"post-194985","1":"product","2":"type-product","3":"status-publish","4":"has-post-thumbnail","6":"product_cat-dna-design","7":"product_tag-accessory-series","8":"product_tag-add-ons","9":"product_tag-arcee","10":"product_tag-bumblebee","11":"product_tag-dk-53","12":"product_tag-dna-design","13":"product_tag-gear-master","14":"product_tag-mirage","15":"product_tag-ss100","16":"product_tag-ss105","17":"product_tag-ss108","18":"product_tag-toys-figures","19":"product_tag-transformers","20":"product_tag-transformers-studio-series","21":"product_tag-transformers-rise-of-the-beasts","22":"product_tag-upgrade-kits","23":"product_tag-wheeljack","24":"product_shipping_class-from-china","25":"inventories-china-inventory","27":"first","28":"instock","29":"taxable","30":"shipping-taxable","31":"purchasable","32":"product-type-simple","33":"add-to-wishlist-after_add_to_cart"},"yoast_head":"<!-- This site is optimized with the Yoast SEO Premium plugin v25.3.1 (Yoast SEO v27.2) - https:\/\/yoast.com\/product\/yoast-seo-premium-wordpress\/ -->\n<title>DNA Design - DK-53 GEAR MASTER Accessory Series for SS-100, SS-105, SS-108<\/title>\n<meta name=\"robots\" content=\"index, follow, max-snippet:-1, max-image-preview:large, max-video-preview:-1\" \/>\n<link rel=\"canonical\" href=\"https:\/\/hobby4geek.com\/de\/produkt\/dna-design-dk-53-gear-master-accessory-series\/\" \/>\n<meta property=\"og:locale\" content=\"de_DE\" \/>\n<meta property=\"og:type\" content=\"article\" \/>\n<meta property=\"og:title\" content=\"DNA Design - DK-53 GEAR MASTER Accessory Series for SS-100, SS-105, SS-108\" \/>\n<meta property=\"og:description\" content=\"Compatible with SS-100, SS-105, SS-108 &amp; Core Arcee  An array of accessories and weapons for customizing  &nbsp;  Packaging Contents:   Face mask part  Pair of Blaster cannon arm alternate parts  Pair of Blaster wielding hand parts  Alternate blaster hand part  Alternate blaster cannon arm part  Pair of gun parts  Dual Guns for Core Arcee  Dual Blades for SS-100 Bumblebee  Alternate Wheeljack head  Note: All figures shown sold separately.\" \/>\n<meta property=\"og:url\" content=\"https:\/\/hobby4geek.com\/de\/produkt\/dna-design-dk-53-gear-master-accessory-series\/\" \/>\n<meta property=\"og:site_name\" content=\"Hobby4Geek\" \/>\n<meta property=\"article:publisher\" content=\"https:\/\/www.facebook.com\/hobby4geek\" \/>\n<meta property=\"article:modified_time\" content=\"2025-07-24T23:14:09+00:00\" \/>\n<meta property=\"og:image\" content=\"https:\/\/hobby4geek.com\/wp-content\/uploads\/2024\/04\/dna-design-dk-53-gear-master-accessory-series-for-ss-100-ss-105-ss-108-3.jpg\" \/>\n\t<meta property=\"og:image:width\" content=\"635\" \/>\n\t<meta property=\"og:image:height\" content=\"1018\" \/>\n\t<meta property=\"og:image:type\" content=\"image\/jpeg\" \/>\n<meta name=\"twitter:card\" content=\"summary_large_image\" \/>\n<meta name=\"twitter:site\" content=\"@hobby4geek\" \/>\n<script type=\"application\/ld+json\" class=\"yoast-schema-graph\">{\"@context\":\"https:\/\/schema.org\",\"@graph\":[{\"@type\":\"WebPage\",\"@id\":\"https:\/\/hobby4geek.com\/product\/dna-design-dk-53-gear-master-accessory-series\/\",\"url\":\"https:\/\/hobby4geek.com\/product\/dna-design-dk-53-gear-master-accessory-series\/\",\"name\":\"DNA Design - DK-53 GEAR MASTER Accessory Series for SS-100, SS-105, SS-108\",\"isPartOf\":{\"@id\":\"https:\/\/hobby4geek.com\/#website\"},\"primaryImageOfPage\":{\"@id\":\"https:\/\/hobby4geek.com\/product\/dna-design-dk-53-gear-master-accessory-series\/#primaryimage\"},\"image\":{\"@id\":\"https:\/\/hobby4geek.com\/product\/dna-design-dk-53-gear-master-accessory-series\/#primaryimage\"},\"thumbnailUrl\":\"https:\/\/hobby4geek.com\/wp-content\/uploads\/2024\/04\/dna-design-dk-53-gear-master-accessory-series-for-ss-100-ss-105-ss-108-3.jpg\",\"datePublished\":\"2024-04-11T08:18:04+00:00\",\"dateModified\":\"2025-07-24T23:14:09+00:00\",\"breadcrumb\":{\"@id\":\"https:\/\/hobby4geek.com\/product\/dna-design-dk-53-gear-master-accessory-series\/#breadcrumb\"},\"inLanguage\":\"de\",\"potentialAction\":[{\"@type\":\"ReadAction\",\"target\":[\"https:\/\/hobby4geek.com\/product\/dna-design-dk-53-gear-master-accessory-series\/\"]}]},{\"@type\":\"ImageObject\",\"inLanguage\":\"de\",\"@id\":\"https:\/\/hobby4geek.com\/product\/dna-design-dk-53-gear-master-accessory-series\/#primaryimage\",\"url\":\"https:\/\/hobby4geek.com\/wp-content\/uploads\/2024\/04\/dna-design-dk-53-gear-master-accessory-series-for-ss-100-ss-105-ss-108-3.jpg\",\"contentUrl\":\"https:\/\/hobby4geek.com\/wp-content\/uploads\/2024\/04\/dna-design-dk-53-gear-master-accessory-series-for-ss-100-ss-105-ss-108-3.jpg\",\"width\":635,\"height\":1018,\"caption\":\"Dna Design Dk 53 Gear Master Accessory Series For Ss 100 Ss 105 Ss 108 3\"},{\"@type\":\"BreadcrumbList\",\"@id\":\"https:\/\/hobby4geek.com\/product\/dna-design-dk-53-gear-master-accessory-series\/#breadcrumb\",\"itemListElement\":[{\"@type\":\"ListItem\",\"position\":1,\"name\":\"Home\",\"item\":\"https:\/\/hobby4geek.com\/\"},{\"@type\":\"ListItem\",\"position\":2,\"name\":\"Shop\",\"item\":\"https:\/\/hobby4geek.com\/shop\/\"},{\"@type\":\"ListItem\",\"position\":3,\"name\":\"DNA Design &#8211; DK-53 GEAR MASTER Accessory Series for SS-100, SS-105, SS-108\"}]},{\"@type\":\"WebSite\",\"@id\":\"https:\/\/hobby4geek.com\/#website\",\"url\":\"https:\/\/hobby4geek.com\/\",\"name\":\"Hobby4Geek\",\"description\":\"Collect, Play &amp; Showcase, Embrace your Geekiness\",\"publisher\":{\"@id\":\"https:\/\/hobby4geek.com\/#organization\"},\"potentialAction\":[{\"@type\":\"SearchAction\",\"target\":{\"@type\":\"EntryPoint\",\"urlTemplate\":\"https:\/\/hobby4geek.com\/?s={search_term_string}\"},\"query-input\":{\"@type\":\"PropertyValueSpecification\",\"valueRequired\":true,\"valueName\":\"search_term_string\"}}],\"inLanguage\":\"de\"},{\"@type\":\"Organization\",\"@id\":\"https:\/\/hobby4geek.com\/#organization\",\"name\":\"Hobby4Geek\",\"url\":\"https:\/\/hobby4geek.com\/\",\"logo\":{\"@type\":\"ImageObject\",\"inLanguage\":\"de\",\"@id\":\"https:\/\/hobby4geek.com\/#\/schema\/logo\/image\/\",\"url\":\"https:\/\/hobby4geek.com\/wp-content\/uploads\/2023\/02\/default-kit.png\",\"contentUrl\":\"https:\/\/hobby4geek.com\/wp-content\/uploads\/2023\/02\/default-kit.png\",\"width\":600,\"height\":600,\"caption\":\"Hobby4Geek\"},\"image\":{\"@id\":\"https:\/\/hobby4geek.com\/#\/schema\/logo\/image\/\"},\"sameAs\":[\"https:\/\/www.facebook.com\/hobby4geek\",\"https:\/\/x.com\/hobby4geek\",\"https:\/\/www.instagram.com\/hobby4geek\/\"]}]}<\/script>\n<meta property=\"product:brand\" content=\"DNA Design\" \/>\n<meta property=\"product:price:amount\" content=\"46.80\" \/>\n<meta property=\"product:price:currency\" content=\"EUR\" \/>\n<meta property=\"og:availability\" content=\"instock\" \/>\n<meta property=\"product:availability\" content=\"instock\" \/>\n<meta property=\"product:condition\" content=\"new\" \/>\n<!-- \/ Yoast SEO Premium plugin. -->","yoast_head_json":{"title":"DNA Design - DK-53 GEAR MASTER Zubeh\u00f6rserie f\u00fcr SS-100, SS-105, SS-108","robots":{"index":"index","follow":"follow","max-snippet":"max-snippet:-1","max-image-preview":"max-image-preview:large","max-video-preview":"max-video-preview:-1"},"canonical":"https:\/\/hobby4geek.com\/de\/produkt\/dna-design-dk-53-gear-master-accessory-series\/","og_locale":"de_DE","og_type":"article","og_title":"DNA Design - DK-53 GEAR MASTER Accessory Series for SS-100, SS-105, SS-108","og_description":"Compatible with SS-100, SS-105, SS-108 &amp; Core Arcee  An array of accessories and weapons for customizing  &nbsp;  Packaging Contents:   Face mask part  Pair of Blaster cannon arm alternate parts  Pair of Blaster wielding hand parts  Alternate blaster hand part  Alternate blaster cannon arm part  Pair of gun parts  Dual Guns for Core Arcee  Dual Blades for SS-100 Bumblebee  Alternate Wheeljack head  Note: All figures shown sold separately.","og_url":"https:\/\/hobby4geek.com\/de\/produkt\/dna-design-dk-53-gear-master-accessory-series\/","og_site_name":"Hobby4Geek","article_publisher":"https:\/\/www.facebook.com\/hobby4geek","article_modified_time":"2025-07-24T23:14:09+00:00","og_image":[{"width":635,"height":1018,"url":"https:\/\/hobby4geek.com\/wp-content\/uploads\/2024\/04\/dna-design-dk-53-gear-master-accessory-series-for-ss-100-ss-105-ss-108-3.jpg","type":"image\/jpeg"}],"twitter_card":"summary_large_image","twitter_site":"@hobby4geek","schema":{"@context":"https:\/\/schema.org","@graph":[{"@type":"WebPage","@id":"https:\/\/hobby4geek.com\/product\/dna-design-dk-53-gear-master-accessory-series\/","url":"https:\/\/hobby4geek.com\/product\/dna-design-dk-53-gear-master-accessory-series\/","name":"DNA Design - DK-53 GEAR MASTER Zubeh\u00f6rserie f\u00fcr SS-100, SS-105, SS-108","isPartOf":{"@id":"https:\/\/hobby4geek.com\/#website"},"primaryImageOfPage":{"@id":"https:\/\/hobby4geek.com\/product\/dna-design-dk-53-gear-master-accessory-series\/#primaryimage"},"image":{"@id":"https:\/\/hobby4geek.com\/product\/dna-design-dk-53-gear-master-accessory-series\/#primaryimage"},"thumbnailUrl":"https:\/\/hobby4geek.com\/wp-content\/uploads\/2024\/04\/dna-design-dk-53-gear-master-accessory-series-for-ss-100-ss-105-ss-108-3.jpg","datePublished":"2024-04-11T08:18:04+00:00","dateModified":"2025-07-24T23:14:09+00:00","breadcrumb":{"@id":"https:\/\/hobby4geek.com\/product\/dna-design-dk-53-gear-master-accessory-series\/#breadcrumb"},"inLanguage":"de","potentialAction":[{"@type":"ReadAction","target":["https:\/\/hobby4geek.com\/product\/dna-design-dk-53-gear-master-accessory-series\/"]}]},{"@type":"ImageObject","inLanguage":"de","@id":"https:\/\/hobby4geek.com\/product\/dna-design-dk-53-gear-master-accessory-series\/#primaryimage","url":"https:\/\/hobby4geek.com\/wp-content\/uploads\/2024\/04\/dna-design-dk-53-gear-master-accessory-series-for-ss-100-ss-105-ss-108-3.jpg","contentUrl":"https:\/\/hobby4geek.com\/wp-content\/uploads\/2024\/04\/dna-design-dk-53-gear-master-accessory-series-for-ss-100-ss-105-ss-108-3.jpg","width":635,"height":1018,"caption":"Dna Design Dk 53 Gear Master Accessory Series For Ss 100 Ss 105 Ss 108 3"},{"@type":"BreadcrumbList","@id":"https:\/\/hobby4geek.com\/product\/dna-design-dk-53-gear-master-accessory-series\/#breadcrumb","itemListElement":[{"@type":"ListItem","position":1,"name":"Home","item":"https:\/\/hobby4geek.com\/"},{"@type":"ListItem","position":2,"name":"Shop","item":"https:\/\/hobby4geek.com\/shop\/"},{"@type":"ListItem","position":3,"name":"DNA Design &#8211; DK-53 GEAR MASTER Accessory Series for SS-100, SS-105, SS-108"}]},{"@type":"WebSite","@id":"https:\/\/hobby4geek.com\/#website","url":"https:\/\/hobby4geek.com\/","name":"Hobby4Geek","description":"Sammeln, Spielen &amp; Pr\u00e4sentieren, Umarmung der Geekiness","publisher":{"@id":"https:\/\/hobby4geek.com\/#organization"},"potentialAction":[{"@type":"SearchAction","target":{"@type":"EntryPoint","urlTemplate":"https:\/\/hobby4geek.com\/?s={search_term_string}"},"query-input":{"@type":"PropertyValueSpecification","valueRequired":true,"valueName":"search_term_string"}}],"inLanguage":"de"},{"@type":"Organization","@id":"https:\/\/hobby4geek.com\/#organization","name":"Hobby4Geek","url":"https:\/\/hobby4geek.com\/","logo":{"@type":"ImageObject","inLanguage":"de","@id":"https:\/\/hobby4geek.com\/#\/schema\/logo\/image\/","url":"https:\/\/hobby4geek.com\/wp-content\/uploads\/2023\/02\/default-kit.png","contentUrl":"https:\/\/hobby4geek.com\/wp-content\/uploads\/2023\/02\/default-kit.png","width":600,"height":600,"caption":"Hobby4Geek"},"image":{"@id":"https:\/\/hobby4geek.com\/#\/schema\/logo\/image\/"},"sameAs":["https:\/\/www.facebook.com\/hobby4geek","https:\/\/x.com\/hobby4geek","https:\/\/www.instagram.com\/hobby4geek\/"]}]},"product_brand":"DNA Design","product_price_amount":"46.80","product_price_currency":"EUR","og_availability":"instock","product_availability":"instock","product_condition":"new"},"_links":{"self":[{"href":"https:\/\/hobby4geek.com\/de\/wp-json\/wp\/v2\/product\/194985","targetHints":{"allow":["GET"]}}],"collection":[{"href":"https:\/\/hobby4geek.com\/de\/wp-json\/wp\/v2\/product"}],"about":[{"href":"https:\/\/hobby4geek.com\/de\/wp-json\/wp\/v2\/types\/product"}],"replies":[{"embeddable":true,"href":"https:\/\/hobby4geek.com\/de\/wp-json\/wp\/v2\/comments?post=194985"}],"version-history":[{"count":0,"href":"https:\/\/hobby4geek.com\/de\/wp-json\/wp\/v2\/product\/194985\/revisions"}],"wp:featuredmedia":[{"embeddable":true,"href":"https:\/\/hobby4geek.com\/de\/wp-json\/wp\/v2\/media\/195014"}],"wp:attachment":[{"href":"https:\/\/hobby4geek.com\/de\/wp-json\/wp\/v2\/media?parent=194985"}],"wp:term":[{"taxonomy":"product_brand","embeddable":true,"href":"https:\/\/hobby4geek.com\/de\/wp-json\/wp\/v2\/product_brand?post=194985"},{"taxonomy":"product_cat","embeddable":true,"href":"https:\/\/hobby4geek.com\/de\/wp-json\/wp\/v2\/product_cat?post=194985"},{"taxonomy":"product_tag","embeddable":true,"href":"https:\/\/hobby4geek.com\/de\/wp-json\/wp\/v2\/product_tag?post=194985"},{"taxonomy":"giftcard-category","embeddable":true,"href":"https:\/\/hobby4geek.com\/de\/wp-json\/wp\/v2\/giftcard-category?post=194985"}],"curies":[{"name":"wp","href":"https:\/\/api.w.org\/{rel}","templated":true}]}}