{"id":194524,"date":"2024-08-21T14:23:46","date_gmt":"2024-08-21T13:23:46","guid":{"rendered":"https:\/\/hobby4geek.com\/?post_type=product&#038;p=194524"},"modified":"2025-01-18T16:39:36","modified_gmt":"2025-01-18T15:39:36","slug":"transformers-collaborative-teenage-mutant-ninja-turtles-x-transformers-party-wallop","status":"publish","type":"product","link":"https:\/\/hobby4geek.com\/de\/produkt\/transformers-collaborative-teenage-mutant-ninja-turtles-x-transformers-party-wallop\/","title":{"rendered":"Transformers X Teenage Mutant Ninja Turtles - Party Wallop"},"content":{"rendered":"<p>Die Welten der Transformers-Roboter und der Teenage Mutant Ninja Turtles kollidieren mit dem Transformers x TMNT Party Wallop Mash-up Pack! Der kultige Party Wagon aus dem Teenage Mutant Ninja Turtles Zeichentrickfilm ist jetzt ein Transformers Roboter! Diese 17,5 cm (7-inch) gro\u00dfe Figur l\u00e4sst sich vom Robotermodus in den vom Cartoon inspirierten Party Wagon Alt-Modus verwandeln und verf\u00fcgt \u00fcber seriengetreue Deko und Details aus dem Cartoon-Klassiker von 1987. Diese Packung enth\u00e4lt von der Zeichentrickserie inspiriertes Zubeh\u00f6r wie Ninja-Schwerter, Bo-Stab, Nunchakus und Ninja-Sai, um die Schildkr\u00f6tenbr\u00fcder zu bewaffnen. Au\u00dferdem sind 4 austauschbare K\u00f6pfe und eine drehbare G\u00fcrtelschnalle enthalten, um den Roboter entweder als Donatello, Michelangelo, Leonardo oder Raphael inspirierte Actionfigur zu gestalten. Transformers-Roboter waren schon immer - mehr als das Auge fassen kann - aber jetzt, durch die Transformers-Kollaboration, k\u00f6nnen Fans diese \u00fcberlebensgro\u00dfen Charaktere erleben, wenn sie sich mit anderen Charakteren, Teams und Menschen zusammentun, die dieselbe besondere Qualit\u00e4t teilen.<\/p>\n<p>Enth\u00e4lt Transformers-Figur, 12 Zubeh\u00f6rteile und eine Anleitung.<\/p>\n<ul>\n<li>Transformers-Roboter waren schon immer mehr als das, was das Auge sieht - und jetzt k\u00f6nnen Fans die Transformers-Charaktere erleben, wenn sie mit ikonischen Figuren verschmelzen, die dieselbe Qualit\u00e4t haben<\/li>\n<li>Mit diesem Van, dem Hauptfahrzeug der kriminalistischen Schildkr\u00f6tenbr\u00fcder, kann die Party beginnen.<\/li>\n<li>Die 17,5 cm (7 Zoll) gro\u00dfe Figur Party Wallop l\u00e4sst sich in 20 Schritten vom Partywagen- in den Robotermodus verwandeln. Inspiriert von dem Partywagen aus dem Zeichentrickfilm Teenage Mutant Ninja Turtles von 1987.<\/li>\n<li>Schalte in den Robotermodus und bringe 1 von 4 verschiedenen K\u00f6pfen an, um eine von Donatello, Michelangelo, Leonardo oder Raphael inspirierte Figur zu schaffen.<\/li>\n<li>Enth\u00e4lt 2 Ninja-Schwerter, einen Bo-Stab, 2 Nunchakus, 2 Ninja-Sai, eine drehbare G\u00fcrtelschnalle und 4 austauschbare K\u00f6pfe, die im Robotermodus befestigt werden k\u00f6nnen.<\/li>\n<\/ul>\n<ul>\n<li>17,5 cm<\/li>\n<li>Baut den Roboter zum Partywagen um<\/li>\n<li>20 Schritte<\/li>\n<li>4 verschiedene K\u00f6pfe<\/li>\n<li>2 Ninja-Schwerter<\/li>\n<li>Bo-Personal<\/li>\n<li>2 Nunchakus<\/li>\n<li>2 Ninja-Sai<\/li>\n<li>Drehbare G\u00fcrtelschnalle<\/li>\n<\/ul>","protected":false},"excerpt":{"rendered":"<ul>\n<li>17,5 cm<\/li>\n<li>Baut den Roboter zum Partywagen um<\/li>\n<li>20 Schritte<\/li>\n<li>4 verschiedene K\u00f6pfe<\/li>\n<li>2 Ninja-Schwerter<\/li>\n<li>Bo-Personal<\/li>\n<li>2 Nunchakus<\/li>\n<li>2 Ninja-Sai<\/li>\n<li>Drehbare G\u00fcrtelschnalle<\/li>\n<\/ul>","protected":false},"featured_media":194533,"comment_status":"open","ping_status":"closed","template":"","meta":{"inline_featured_image":false},"product_brand":[],"product_cat":[1955,68,69,1966,1960],"product_tag":[1759,335,2400,2465,1923,2464,1924,1975,204,2463],"giftcard-category":[],"class_list":{"0":"post-194524","1":"product","2":"type-product","3":"status-publish","4":"has-post-thumbnail","6":"product_cat-transformers","7":"product_cat-hasbro","8":"product_cat-takara-tomy","9":"product_cat-tmnt","10":"product_cat-transformers-generations","11":"product_tag-action-toys","12":"product_tag-hasbro","13":"product_tag-legacy-united","14":"product_tag-party-wallop","15":"product_tag-teenage-mutant-ninja-turtles","16":"product_tag-teenage-mutant-ninja-turtles-x-transformers","17":"product_tag-tmnt","18":"product_tag-toys-figures","19":"product_tag-transformers","20":"product_tag-transformers-collaborative","21":"product_shipping_class-light","23":"first","24":"outofstock","25":"taxable","26":"shipping-taxable","27":"purchasable","28":"product-type-simple","29":"add-to-wishlist-after_add_to_cart"},"yoast_head":"<!-- This site is optimized with the Yoast SEO Premium plugin v25.3.1 (Yoast SEO v27.2) - https:\/\/yoast.com\/product\/yoast-seo-premium-wordpress\/ -->\n<title>Transformers X Teenage Mutant Ninja Turtles - Party Wallop<\/title>\n<meta name=\"robots\" content=\"index, follow, max-snippet:-1, max-image-preview:large, max-video-preview:-1\" \/>\n<link rel=\"canonical\" href=\"https:\/\/hobby4geek.com\/de\/produkt\/transformers-collaborative-teenage-mutant-ninja-turtles-x-transformers-party-wallop\/\" \/>\n<meta property=\"og:locale\" content=\"de_DE\" \/>\n<meta property=\"og:type\" content=\"article\" \/>\n<meta property=\"og:title\" content=\"Transformers X Teenage Mutant Ninja Turtles - Party Wallop\" \/>\n<meta property=\"og:description\" content=\"17.5 cm  Converts robot to Party Wagon  20 Steps  4 Different heads  2 Ninja swords  Bo staff  2 Nunchucks  2 Ninja sai  Rotating belt buckle\" \/>\n<meta property=\"og:url\" content=\"https:\/\/hobby4geek.com\/de\/produkt\/transformers-collaborative-teenage-mutant-ninja-turtles-x-transformers-party-wallop\/\" \/>\n<meta property=\"og:site_name\" content=\"Hobby4Geek\" \/>\n<meta property=\"article:publisher\" content=\"https:\/\/www.facebook.com\/hobby4geek\" \/>\n<meta property=\"article:modified_time\" content=\"2025-01-18T15:39:36+00:00\" \/>\n<meta property=\"og:image\" content=\"https:\/\/hobby4geek.com\/wp-content\/uploads\/2024\/04\/transformers-x-teenage-mutant-ninja-turtles-party-wallop-9.webp\" \/>\n\t<meta property=\"og:image:width\" content=\"2000\" \/>\n\t<meta property=\"og:image:height\" content=\"2000\" \/>\n\t<meta property=\"og:image:type\" content=\"image\/webp\" \/>\n<meta name=\"twitter:card\" content=\"summary_large_image\" \/>\n<meta name=\"twitter:site\" content=\"@hobby4geek\" \/>\n<script type=\"application\/ld+json\" class=\"yoast-schema-graph\">{\"@context\":\"https:\/\/schema.org\",\"@graph\":[{\"@type\":\"WebPage\",\"@id\":\"https:\/\/hobby4geek.com\/product\/transformers-collaborative-teenage-mutant-ninja-turtles-x-transformers-party-wallop\/\",\"url\":\"https:\/\/hobby4geek.com\/product\/transformers-collaborative-teenage-mutant-ninja-turtles-x-transformers-party-wallop\/\",\"name\":\"Transformers X Teenage Mutant Ninja Turtles - Party Wallop\",\"isPartOf\":{\"@id\":\"https:\/\/hobby4geek.com\/#website\"},\"primaryImageOfPage\":{\"@id\":\"https:\/\/hobby4geek.com\/product\/transformers-collaborative-teenage-mutant-ninja-turtles-x-transformers-party-wallop\/#primaryimage\"},\"image\":{\"@id\":\"https:\/\/hobby4geek.com\/product\/transformers-collaborative-teenage-mutant-ninja-turtles-x-transformers-party-wallop\/#primaryimage\"},\"thumbnailUrl\":\"https:\/\/hobby4geek.com\/wp-content\/uploads\/2024\/04\/transformers-x-teenage-mutant-ninja-turtles-party-wallop-9.webp\",\"datePublished\":\"2024-08-21T13:23:46+00:00\",\"dateModified\":\"2025-01-18T15:39:36+00:00\",\"breadcrumb\":{\"@id\":\"https:\/\/hobby4geek.com\/product\/transformers-collaborative-teenage-mutant-ninja-turtles-x-transformers-party-wallop\/#breadcrumb\"},\"inLanguage\":\"de\",\"potentialAction\":[{\"@type\":\"ReadAction\",\"target\":[\"https:\/\/hobby4geek.com\/product\/transformers-collaborative-teenage-mutant-ninja-turtles-x-transformers-party-wallop\/\"]}]},{\"@type\":\"ImageObject\",\"inLanguage\":\"de\",\"@id\":\"https:\/\/hobby4geek.com\/product\/transformers-collaborative-teenage-mutant-ninja-turtles-x-transformers-party-wallop\/#primaryimage\",\"url\":\"https:\/\/hobby4geek.com\/wp-content\/uploads\/2024\/04\/transformers-x-teenage-mutant-ninja-turtles-party-wallop-9.webp\",\"contentUrl\":\"https:\/\/hobby4geek.com\/wp-content\/uploads\/2024\/04\/transformers-x-teenage-mutant-ninja-turtles-party-wallop-9.webp\",\"width\":2000,\"height\":2000,\"caption\":\"Transformers X Teenage Mutant Ninja Turtles Party Wallop 9\"},{\"@type\":\"BreadcrumbList\",\"@id\":\"https:\/\/hobby4geek.com\/product\/transformers-collaborative-teenage-mutant-ninja-turtles-x-transformers-party-wallop\/#breadcrumb\",\"itemListElement\":[{\"@type\":\"ListItem\",\"position\":1,\"name\":\"Home\",\"item\":\"https:\/\/hobby4geek.com\/\"},{\"@type\":\"ListItem\",\"position\":2,\"name\":\"Shop\",\"item\":\"https:\/\/hobby4geek.com\/shop\/\"},{\"@type\":\"ListItem\",\"position\":3,\"name\":\"Transformers X Teenage Mutant Ninja Turtles &#8211; Party Wallop\"}]},{\"@type\":\"WebSite\",\"@id\":\"https:\/\/hobby4geek.com\/#website\",\"url\":\"https:\/\/hobby4geek.com\/\",\"name\":\"Hobby4Geek\",\"description\":\"Collect, Play &amp; Showcase, Embrace your Geekiness\",\"publisher\":{\"@id\":\"https:\/\/hobby4geek.com\/#organization\"},\"potentialAction\":[{\"@type\":\"SearchAction\",\"target\":{\"@type\":\"EntryPoint\",\"urlTemplate\":\"https:\/\/hobby4geek.com\/?s={search_term_string}\"},\"query-input\":{\"@type\":\"PropertyValueSpecification\",\"valueRequired\":true,\"valueName\":\"search_term_string\"}}],\"inLanguage\":\"de\"},{\"@type\":\"Organization\",\"@id\":\"https:\/\/hobby4geek.com\/#organization\",\"name\":\"Hobby4Geek\",\"url\":\"https:\/\/hobby4geek.com\/\",\"logo\":{\"@type\":\"ImageObject\",\"inLanguage\":\"de\",\"@id\":\"https:\/\/hobby4geek.com\/#\/schema\/logo\/image\/\",\"url\":\"https:\/\/hobby4geek.com\/wp-content\/uploads\/2023\/02\/default-kit.png\",\"contentUrl\":\"https:\/\/hobby4geek.com\/wp-content\/uploads\/2023\/02\/default-kit.png\",\"width\":600,\"height\":600,\"caption\":\"Hobby4Geek\"},\"image\":{\"@id\":\"https:\/\/hobby4geek.com\/#\/schema\/logo\/image\/\"},\"sameAs\":[\"https:\/\/www.facebook.com\/hobby4geek\",\"https:\/\/x.com\/hobby4geek\",\"https:\/\/www.instagram.com\/hobby4geek\/\"]}]}<\/script>\n<meta property=\"product:brand\" content=\"Transformers\" \/>\n<meta property=\"product:price:amount\" content=\"56.80\" \/>\n<meta property=\"product:price:currency\" content=\"EUR\" \/>\n<meta property=\"og:availability\" content=\"out of stock\" \/>\n<meta property=\"product:availability\" content=\"out of stock\" \/>\n<meta property=\"product:retailer_item_id\" content=\"5010996248091\" \/>\n<meta property=\"product:condition\" content=\"new\" \/>\n<!-- \/ Yoast SEO Premium plugin. -->","yoast_head_json":{"title":"Transformers X Teenage Mutant Ninja Turtles - Party Wallop","robots":{"index":"index","follow":"follow","max-snippet":"max-snippet:-1","max-image-preview":"max-image-preview:large","max-video-preview":"max-video-preview:-1"},"canonical":"https:\/\/hobby4geek.com\/de\/produkt\/transformers-collaborative-teenage-mutant-ninja-turtles-x-transformers-party-wallop\/","og_locale":"de_DE","og_type":"article","og_title":"Transformers X Teenage Mutant Ninja Turtles - Party Wallop","og_description":"17.5 cm  Converts robot to Party Wagon  20 Steps  4 Different heads  2 Ninja swords  Bo staff  2 Nunchucks  2 Ninja sai  Rotating belt buckle","og_url":"https:\/\/hobby4geek.com\/de\/produkt\/transformers-collaborative-teenage-mutant-ninja-turtles-x-transformers-party-wallop\/","og_site_name":"Hobby4Geek","article_publisher":"https:\/\/www.facebook.com\/hobby4geek","article_modified_time":"2025-01-18T15:39:36+00:00","og_image":[{"width":2000,"height":2000,"url":"https:\/\/hobby4geek.com\/wp-content\/uploads\/2024\/04\/transformers-x-teenage-mutant-ninja-turtles-party-wallop-9.webp","type":"image\/webp"}],"twitter_card":"summary_large_image","twitter_site":"@hobby4geek","schema":{"@context":"https:\/\/schema.org","@graph":[{"@type":"WebPage","@id":"https:\/\/hobby4geek.com\/product\/transformers-collaborative-teenage-mutant-ninja-turtles-x-transformers-party-wallop\/","url":"https:\/\/hobby4geek.com\/product\/transformers-collaborative-teenage-mutant-ninja-turtles-x-transformers-party-wallop\/","name":"Transformers X Teenage Mutant Ninja Turtles - Party Wallop","isPartOf":{"@id":"https:\/\/hobby4geek.com\/#website"},"primaryImageOfPage":{"@id":"https:\/\/hobby4geek.com\/product\/transformers-collaborative-teenage-mutant-ninja-turtles-x-transformers-party-wallop\/#primaryimage"},"image":{"@id":"https:\/\/hobby4geek.com\/product\/transformers-collaborative-teenage-mutant-ninja-turtles-x-transformers-party-wallop\/#primaryimage"},"thumbnailUrl":"https:\/\/hobby4geek.com\/wp-content\/uploads\/2024\/04\/transformers-x-teenage-mutant-ninja-turtles-party-wallop-9.webp","datePublished":"2024-08-21T13:23:46+00:00","dateModified":"2025-01-18T15:39:36+00:00","breadcrumb":{"@id":"https:\/\/hobby4geek.com\/product\/transformers-collaborative-teenage-mutant-ninja-turtles-x-transformers-party-wallop\/#breadcrumb"},"inLanguage":"de","potentialAction":[{"@type":"ReadAction","target":["https:\/\/hobby4geek.com\/product\/transformers-collaborative-teenage-mutant-ninja-turtles-x-transformers-party-wallop\/"]}]},{"@type":"ImageObject","inLanguage":"de","@id":"https:\/\/hobby4geek.com\/product\/transformers-collaborative-teenage-mutant-ninja-turtles-x-transformers-party-wallop\/#primaryimage","url":"https:\/\/hobby4geek.com\/wp-content\/uploads\/2024\/04\/transformers-x-teenage-mutant-ninja-turtles-party-wallop-9.webp","contentUrl":"https:\/\/hobby4geek.com\/wp-content\/uploads\/2024\/04\/transformers-x-teenage-mutant-ninja-turtles-party-wallop-9.webp","width":2000,"height":2000,"caption":"Transformers X Teenage Mutant Ninja Turtles Party Wallop 9"},{"@type":"BreadcrumbList","@id":"https:\/\/hobby4geek.com\/product\/transformers-collaborative-teenage-mutant-ninja-turtles-x-transformers-party-wallop\/#breadcrumb","itemListElement":[{"@type":"ListItem","position":1,"name":"Home","item":"https:\/\/hobby4geek.com\/"},{"@type":"ListItem","position":2,"name":"Shop","item":"https:\/\/hobby4geek.com\/shop\/"},{"@type":"ListItem","position":3,"name":"Transformers X Teenage Mutant Ninja Turtles &#8211; Party Wallop"}]},{"@type":"WebSite","@id":"https:\/\/hobby4geek.com\/#website","url":"https:\/\/hobby4geek.com\/","name":"Hobby4Geek","description":"Sammeln, Spielen &amp; Pr\u00e4sentieren, Umarmung der Geekiness","publisher":{"@id":"https:\/\/hobby4geek.com\/#organization"},"potentialAction":[{"@type":"SearchAction","target":{"@type":"EntryPoint","urlTemplate":"https:\/\/hobby4geek.com\/?s={search_term_string}"},"query-input":{"@type":"PropertyValueSpecification","valueRequired":true,"valueName":"search_term_string"}}],"inLanguage":"de"},{"@type":"Organization","@id":"https:\/\/hobby4geek.com\/#organization","name":"Hobby4Geek","url":"https:\/\/hobby4geek.com\/","logo":{"@type":"ImageObject","inLanguage":"de","@id":"https:\/\/hobby4geek.com\/#\/schema\/logo\/image\/","url":"https:\/\/hobby4geek.com\/wp-content\/uploads\/2023\/02\/default-kit.png","contentUrl":"https:\/\/hobby4geek.com\/wp-content\/uploads\/2023\/02\/default-kit.png","width":600,"height":600,"caption":"Hobby4Geek"},"image":{"@id":"https:\/\/hobby4geek.com\/#\/schema\/logo\/image\/"},"sameAs":["https:\/\/www.facebook.com\/hobby4geek","https:\/\/x.com\/hobby4geek","https:\/\/www.instagram.com\/hobby4geek\/"]}]},"product_brand":"Transformers","product_price_amount":"56.80","product_price_currency":"EUR","og_availability":"out of stock","product_availability":"out of stock","product_retailer_item_id":"5010996248091","product_condition":"new"},"_links":{"self":[{"href":"https:\/\/hobby4geek.com\/de\/wp-json\/wp\/v2\/product\/194524","targetHints":{"allow":["GET"]}}],"collection":[{"href":"https:\/\/hobby4geek.com\/de\/wp-json\/wp\/v2\/product"}],"about":[{"href":"https:\/\/hobby4geek.com\/de\/wp-json\/wp\/v2\/types\/product"}],"replies":[{"embeddable":true,"href":"https:\/\/hobby4geek.com\/de\/wp-json\/wp\/v2\/comments?post=194524"}],"version-history":[{"count":0,"href":"https:\/\/hobby4geek.com\/de\/wp-json\/wp\/v2\/product\/194524\/revisions"}],"wp:featuredmedia":[{"embeddable":true,"href":"https:\/\/hobby4geek.com\/de\/wp-json\/wp\/v2\/media\/194533"}],"wp:attachment":[{"href":"https:\/\/hobby4geek.com\/de\/wp-json\/wp\/v2\/media?parent=194524"}],"wp:term":[{"taxonomy":"product_brand","embeddable":true,"href":"https:\/\/hobby4geek.com\/de\/wp-json\/wp\/v2\/product_brand?post=194524"},{"taxonomy":"product_cat","embeddable":true,"href":"https:\/\/hobby4geek.com\/de\/wp-json\/wp\/v2\/product_cat?post=194524"},{"taxonomy":"product_tag","embeddable":true,"href":"https:\/\/hobby4geek.com\/de\/wp-json\/wp\/v2\/product_tag?post=194524"},{"taxonomy":"giftcard-category","embeddable":true,"href":"https:\/\/hobby4geek.com\/de\/wp-json\/wp\/v2\/giftcard-category?post=194524"}],"curies":[{"name":"wp","href":"https:\/\/api.w.org\/{rel}","templated":true}]}}