{"id":192521,"date":"2024-03-05T10:19:17","date_gmt":"2024-03-05T09:19:17","guid":{"rendered":"https:\/\/hobby4geek.com\/?post_type=product&#038;p=192521"},"modified":"2024-05-12T12:53:33","modified_gmt":"2024-05-12T11:53:33","slug":"transformers-missing-link-c-01-konvoi","status":"publish","type":"product","link":"https:\/\/hobby4geek.com\/de\/produkt\/transformers-missing-link-c-01-konvoi\/","title":{"rendered":"Transformers Missing Link C-01 Konvoi"},"content":{"rendered":"<p>TAKARA TOMY Feiern Sie das 40-j\u00e4hrige Jubil\u00e4um von Transformers mit der Missing Link-Serie, einer virtuellen Neuauflage, die die Essenz der \u00c4ra wieder aufleben l\u00e4sst. Diese Wiedergabe des urspr\u00fcnglichen Convoy verk\u00f6rpert Gr\u00f6\u00dfe, Textur und Nostalgie und bietet gleichzeitig verbesserte Poseability und aktualisierte animierte Funktionen.<\/p>\n<p>Die Druckgusslegierungen sorgen f\u00fcr die klassische Verwandlung, und die beweglichen Gelenke bieten eine noch nie dagewesene Flexibilit\u00e4t und erm\u00f6glichen ikonische Posen.<\/p>\n<p>Verpackung und Zubeh\u00f6r sind eine Hommage an die Begeisterung der 80er Jahre und \u00fcbertreffen die Neuauflagen. Die verbesserte Faustmechanik erm\u00f6glicht eine nahtlose Verwandlung, und die Matrix, die Energieaxt und die Flugabwehrkanone bieten authentische Interaktionen.<\/p>\n<p>Ein Geheimfilm sorgt f\u00fcr zus\u00e4tzliche Spannung, und das geheime Emblem reagiert auf W\u00e4rme. Eine Standhalterung, Benutzeraufkleber und eine neue Sammelkarte erg\u00e4nzen dieses Sammlerst\u00fcck.<\/p>\n<p>&nbsp;<\/p>\n<ul>\n<li>Roboter<\/li>\n<li>Beh\u00e4lterteil<\/li>\n<li>Energie-Axt<\/li>\n<li>Lasergewehr<\/li>\n<li>Schlauch<\/li>\n<li>Energieversorgungspumpe<\/li>\n<li>Adapter f\u00fcr die Energieversorgung<\/li>\n<li>Walze<\/li>\n<li>Rollenreifen (Kufe)<\/li>\n<li>Rakete (L\u00e4ufer)<\/li>\n<li>Matrix<\/li>\n<li>Aufkleber<\/li>\n<li>Geheimer Film<\/li>\n<li>Sammelkarte<\/li>\n<li>Anleitungspapier<\/li>\n<li>Flugblatt<\/li>\n<\/ul>","protected":false},"excerpt":{"rendered":"<ul>\n<li>Roboter<\/li>\n<li>Beh\u00e4lterteil<\/li>\n<li>Energie-Axt<\/li>\n<li>Lasergewehr<\/li>\n<li>Schlauch<\/li>\n<li>Energieversorgungspumpe<\/li>\n<li>Adapter f\u00fcr die Energieversorgung<\/li>\n<li>Walze<\/li>\n<li>Rollenreifen (Kufe)<\/li>\n<li>Rakete (L\u00e4ufer)<\/li>\n<li>Matrix<\/li>\n<li>Aufkleber<\/li>\n<li>Geheimer Film<\/li>\n<li>Sammelkarte<\/li>\n<li>Anleitungspapier<\/li>\n<li>Flugblatt<\/li>\n<\/ul>","protected":false},"featured_media":192530,"comment_status":"open","ping_status":"closed","template":"","meta":{"inline_featured_image":false},"product_brand":[],"product_cat":[69],"product_tag":[1759,199,2434,505,1975,204,2432],"giftcard-category":[],"class_list":{"0":"post-192521","1":"product","2":"type-product","3":"status-publish","4":"has-post-thumbnail","6":"product_cat-takara-tomy","7":"product_tag-action-toys","8":"product_tag-autobot","9":"product_tag-c-01","10":"product_tag-convoy","11":"product_tag-toys-figures","12":"product_tag-transformers","13":"product_tag-transformers-missing-link","14":"product_shipping_class-free-shipping","16":"first","17":"instock","18":"taxable","19":"shipping-taxable","20":"purchasable","21":"product-type-simple","22":"add-to-wishlist-after_add_to_cart"},"yoast_head":"<!-- This site is optimized with the Yoast SEO Premium plugin v25.3.1 (Yoast SEO v27.2) - https:\/\/yoast.com\/product\/yoast-seo-premium-wordpress\/ -->\n<title>Transformers Missing Link C-01 Convoy<\/title>\n<meta name=\"robots\" content=\"index, follow, max-snippet:-1, max-image-preview:large, max-video-preview:-1\" \/>\n<link rel=\"canonical\" href=\"https:\/\/hobby4geek.com\/de\/produkt\/transformers-missing-link-c-01-konvoi\/\" \/>\n<meta property=\"og:locale\" content=\"de_DE\" \/>\n<meta property=\"og:type\" content=\"article\" \/>\n<meta property=\"og:title\" content=\"Transformers Missing Link C-01 Convoy\" \/>\n<meta property=\"og:description\" content=\"Robot  Container part  Energy ax  Laser rifle  Hose  Energy supply pump  Energy supply adapter  Roller  Roller tire (runner)  Missile (runner)  Matrix  Sticker  Secret film  Collection card  Instruction paper  Leaflet\" \/>\n<meta property=\"og:url\" content=\"https:\/\/hobby4geek.com\/de\/produkt\/transformers-missing-link-c-01-konvoi\/\" \/>\n<meta property=\"og:site_name\" content=\"Hobby4Geek\" \/>\n<meta property=\"article:publisher\" content=\"https:\/\/www.facebook.com\/hobby4geek\" \/>\n<meta property=\"article:modified_time\" content=\"2024-05-12T11:53:33+00:00\" \/>\n<meta property=\"og:image\" content=\"https:\/\/hobby4geek.com\/wp-content\/uploads\/2024\/03\/transformers-missing-link-c-01-convoy-3.jpg\" \/>\n\t<meta property=\"og:image:width\" content=\"1959\" \/>\n\t<meta property=\"og:image:height\" content=\"1974\" \/>\n\t<meta property=\"og:image:type\" content=\"image\/jpeg\" \/>\n<meta name=\"twitter:card\" content=\"summary_large_image\" \/>\n<meta name=\"twitter:site\" content=\"@hobby4geek\" \/>\n<script type=\"application\/ld+json\" class=\"yoast-schema-graph\">{\"@context\":\"https:\/\/schema.org\",\"@graph\":[{\"@type\":\"WebPage\",\"@id\":\"https:\/\/hobby4geek.com\/it\/prodotto\/transformers-missing-link-c-01-convoy\/\",\"url\":\"https:\/\/hobby4geek.com\/it\/prodotto\/transformers-missing-link-c-01-convoy\/\",\"name\":\"Transformers Missing Link C-01 Convoy\",\"isPartOf\":{\"@id\":\"https:\/\/hobby4geek.com\/#website\"},\"primaryImageOfPage\":{\"@id\":\"https:\/\/hobby4geek.com\/it\/prodotto\/transformers-missing-link-c-01-convoy\/#primaryimage\"},\"image\":{\"@id\":\"https:\/\/hobby4geek.com\/it\/prodotto\/transformers-missing-link-c-01-convoy\/#primaryimage\"},\"thumbnailUrl\":\"https:\/\/hobby4geek.com\/wp-content\/uploads\/2024\/03\/transformers-missing-link-c-01-convoy-3.jpg\",\"datePublished\":\"2024-03-05T09:19:17+00:00\",\"dateModified\":\"2024-05-12T11:53:33+00:00\",\"breadcrumb\":{\"@id\":\"https:\/\/hobby4geek.com\/it\/prodotto\/transformers-missing-link-c-01-convoy\/#breadcrumb\"},\"inLanguage\":\"de\",\"potentialAction\":[{\"@type\":\"ReadAction\",\"target\":[\"https:\/\/hobby4geek.com\/it\/prodotto\/transformers-missing-link-c-01-convoy\/\"]}]},{\"@type\":\"ImageObject\",\"inLanguage\":\"de\",\"@id\":\"https:\/\/hobby4geek.com\/it\/prodotto\/transformers-missing-link-c-01-convoy\/#primaryimage\",\"url\":\"https:\/\/hobby4geek.com\/wp-content\/uploads\/2024\/03\/transformers-missing-link-c-01-convoy-3.jpg\",\"contentUrl\":\"https:\/\/hobby4geek.com\/wp-content\/uploads\/2024\/03\/transformers-missing-link-c-01-convoy-3.jpg\",\"width\":1959,\"height\":1974,\"caption\":\"Transformers Missing Link C 01 Convoy 3\"},{\"@type\":\"BreadcrumbList\",\"@id\":\"https:\/\/hobby4geek.com\/it\/prodotto\/transformers-missing-link-c-01-convoy\/#breadcrumb\",\"itemListElement\":[{\"@type\":\"ListItem\",\"position\":1,\"name\":\"Home\",\"item\":\"https:\/\/hobby4geek.com\/\"},{\"@type\":\"ListItem\",\"position\":2,\"name\":\"Shop\",\"item\":\"https:\/\/hobby4geek.com\/shop\/\"},{\"@type\":\"ListItem\",\"position\":3,\"name\":\"Transformers Missing Link C-01 Convoy\"}]},{\"@type\":\"WebSite\",\"@id\":\"https:\/\/hobby4geek.com\/#website\",\"url\":\"https:\/\/hobby4geek.com\/\",\"name\":\"Hobby4Geek\",\"description\":\"Collect, Play &amp; Showcase, Embrace your Geekiness\",\"publisher\":{\"@id\":\"https:\/\/hobby4geek.com\/#organization\"},\"potentialAction\":[{\"@type\":\"SearchAction\",\"target\":{\"@type\":\"EntryPoint\",\"urlTemplate\":\"https:\/\/hobby4geek.com\/?s={search_term_string}\"},\"query-input\":{\"@type\":\"PropertyValueSpecification\",\"valueRequired\":true,\"valueName\":\"search_term_string\"}}],\"inLanguage\":\"de\"},{\"@type\":\"Organization\",\"@id\":\"https:\/\/hobby4geek.com\/#organization\",\"name\":\"Hobby4Geek\",\"url\":\"https:\/\/hobby4geek.com\/\",\"logo\":{\"@type\":\"ImageObject\",\"inLanguage\":\"de\",\"@id\":\"https:\/\/hobby4geek.com\/#\/schema\/logo\/image\/\",\"url\":\"https:\/\/hobby4geek.com\/wp-content\/uploads\/2023\/02\/default-kit.png\",\"contentUrl\":\"https:\/\/hobby4geek.com\/wp-content\/uploads\/2023\/02\/default-kit.png\",\"width\":600,\"height\":600,\"caption\":\"Hobby4Geek\"},\"image\":{\"@id\":\"https:\/\/hobby4geek.com\/#\/schema\/logo\/image\/\"},\"sameAs\":[\"https:\/\/www.facebook.com\/hobby4geek\",\"https:\/\/x.com\/hobby4geek\",\"https:\/\/www.instagram.com\/hobby4geek\/\"]}]}<\/script>\n<meta property=\"product:brand\" content=\"Takara Tomy\" \/>\n<meta property=\"product:price:amount\" content=\"224.80\" \/>\n<meta property=\"product:price:currency\" content=\"EUR\" \/>\n<meta property=\"og:availability\" content=\"instock\" \/>\n<meta property=\"product:availability\" content=\"instock\" \/>\n<meta property=\"product:retailer_item_id\" content=\"4904810905899\" \/>\n<meta property=\"product:condition\" content=\"new\" \/>\n<!-- \/ Yoast SEO Premium plugin. -->","yoast_head_json":{"title":"Transformers Missing Link C-01 Konvoi","robots":{"index":"index","follow":"follow","max-snippet":"max-snippet:-1","max-image-preview":"max-image-preview:large","max-video-preview":"max-video-preview:-1"},"canonical":"https:\/\/hobby4geek.com\/de\/produkt\/transformers-missing-link-c-01-konvoi\/","og_locale":"de_DE","og_type":"article","og_title":"Transformers Missing Link C-01 Convoy","og_description":"Robot  Container part  Energy ax  Laser rifle  Hose  Energy supply pump  Energy supply adapter  Roller  Roller tire (runner)  Missile (runner)  Matrix  Sticker  Secret film  Collection card  Instruction paper  Leaflet","og_url":"https:\/\/hobby4geek.com\/de\/produkt\/transformers-missing-link-c-01-konvoi\/","og_site_name":"Hobby4Geek","article_publisher":"https:\/\/www.facebook.com\/hobby4geek","article_modified_time":"2024-05-12T11:53:33+00:00","og_image":[{"width":1959,"height":1974,"url":"https:\/\/hobby4geek.com\/wp-content\/uploads\/2024\/03\/transformers-missing-link-c-01-convoy-3.jpg","type":"image\/jpeg"}],"twitter_card":"summary_large_image","twitter_site":"@hobby4geek","schema":{"@context":"https:\/\/schema.org","@graph":[{"@type":"WebPage","@id":"https:\/\/hobby4geek.com\/it\/prodotto\/transformers-missing-link-c-01-convoy\/","url":"https:\/\/hobby4geek.com\/it\/prodotto\/transformers-missing-link-c-01-convoy\/","name":"Transformers Missing Link C-01 Konvoi","isPartOf":{"@id":"https:\/\/hobby4geek.com\/#website"},"primaryImageOfPage":{"@id":"https:\/\/hobby4geek.com\/it\/prodotto\/transformers-missing-link-c-01-convoy\/#primaryimage"},"image":{"@id":"https:\/\/hobby4geek.com\/it\/prodotto\/transformers-missing-link-c-01-convoy\/#primaryimage"},"thumbnailUrl":"https:\/\/hobby4geek.com\/wp-content\/uploads\/2024\/03\/transformers-missing-link-c-01-convoy-3.jpg","datePublished":"2024-03-05T09:19:17+00:00","dateModified":"2024-05-12T11:53:33+00:00","breadcrumb":{"@id":"https:\/\/hobby4geek.com\/it\/prodotto\/transformers-missing-link-c-01-convoy\/#breadcrumb"},"inLanguage":"de","potentialAction":[{"@type":"ReadAction","target":["https:\/\/hobby4geek.com\/it\/prodotto\/transformers-missing-link-c-01-convoy\/"]}]},{"@type":"ImageObject","inLanguage":"de","@id":"https:\/\/hobby4geek.com\/it\/prodotto\/transformers-missing-link-c-01-convoy\/#primaryimage","url":"https:\/\/hobby4geek.com\/wp-content\/uploads\/2024\/03\/transformers-missing-link-c-01-convoy-3.jpg","contentUrl":"https:\/\/hobby4geek.com\/wp-content\/uploads\/2024\/03\/transformers-missing-link-c-01-convoy-3.jpg","width":1959,"height":1974,"caption":"Transformers Missing Link C 01 Convoy 3"},{"@type":"BreadcrumbList","@id":"https:\/\/hobby4geek.com\/it\/prodotto\/transformers-missing-link-c-01-convoy\/#breadcrumb","itemListElement":[{"@type":"ListItem","position":1,"name":"Home","item":"https:\/\/hobby4geek.com\/"},{"@type":"ListItem","position":2,"name":"Shop","item":"https:\/\/hobby4geek.com\/shop\/"},{"@type":"ListItem","position":3,"name":"Transformers Missing Link C-01 Convoy"}]},{"@type":"WebSite","@id":"https:\/\/hobby4geek.com\/#website","url":"https:\/\/hobby4geek.com\/","name":"Hobby4Geek","description":"Sammeln, Spielen &amp; Pr\u00e4sentieren, Umarmung der Geekiness","publisher":{"@id":"https:\/\/hobby4geek.com\/#organization"},"potentialAction":[{"@type":"SearchAction","target":{"@type":"EntryPoint","urlTemplate":"https:\/\/hobby4geek.com\/?s={search_term_string}"},"query-input":{"@type":"PropertyValueSpecification","valueRequired":true,"valueName":"search_term_string"}}],"inLanguage":"de"},{"@type":"Organization","@id":"https:\/\/hobby4geek.com\/#organization","name":"Hobby4Geek","url":"https:\/\/hobby4geek.com\/","logo":{"@type":"ImageObject","inLanguage":"de","@id":"https:\/\/hobby4geek.com\/#\/schema\/logo\/image\/","url":"https:\/\/hobby4geek.com\/wp-content\/uploads\/2023\/02\/default-kit.png","contentUrl":"https:\/\/hobby4geek.com\/wp-content\/uploads\/2023\/02\/default-kit.png","width":600,"height":600,"caption":"Hobby4Geek"},"image":{"@id":"https:\/\/hobby4geek.com\/#\/schema\/logo\/image\/"},"sameAs":["https:\/\/www.facebook.com\/hobby4geek","https:\/\/x.com\/hobby4geek","https:\/\/www.instagram.com\/hobby4geek\/"]}]},"product_brand":"Takara Tomy","product_price_amount":"224.80","product_price_currency":"EUR","og_availability":"instock","product_availability":"instock","product_retailer_item_id":"4904810905899","product_condition":"new"},"_links":{"self":[{"href":"https:\/\/hobby4geek.com\/de\/wp-json\/wp\/v2\/product\/192521","targetHints":{"allow":["GET"]}}],"collection":[{"href":"https:\/\/hobby4geek.com\/de\/wp-json\/wp\/v2\/product"}],"about":[{"href":"https:\/\/hobby4geek.com\/de\/wp-json\/wp\/v2\/types\/product"}],"replies":[{"embeddable":true,"href":"https:\/\/hobby4geek.com\/de\/wp-json\/wp\/v2\/comments?post=192521"}],"version-history":[{"count":0,"href":"https:\/\/hobby4geek.com\/de\/wp-json\/wp\/v2\/product\/192521\/revisions"}],"wp:featuredmedia":[{"embeddable":true,"href":"https:\/\/hobby4geek.com\/de\/wp-json\/wp\/v2\/media\/192530"}],"wp:attachment":[{"href":"https:\/\/hobby4geek.com\/de\/wp-json\/wp\/v2\/media?parent=192521"}],"wp:term":[{"taxonomy":"product_brand","embeddable":true,"href":"https:\/\/hobby4geek.com\/de\/wp-json\/wp\/v2\/product_brand?post=192521"},{"taxonomy":"product_cat","embeddable":true,"href":"https:\/\/hobby4geek.com\/de\/wp-json\/wp\/v2\/product_cat?post=192521"},{"taxonomy":"product_tag","embeddable":true,"href":"https:\/\/hobby4geek.com\/de\/wp-json\/wp\/v2\/product_tag?post=192521"},{"taxonomy":"giftcard-category","embeddable":true,"href":"https:\/\/hobby4geek.com\/de\/wp-json\/wp\/v2\/giftcard-category?post=192521"}],"curies":[{"name":"wp","href":"https:\/\/api.w.org\/{rel}","templated":true}]}}