{"id":192508,"date":"2024-03-05T10:01:14","date_gmt":"2024-03-05T09:01:14","guid":{"rendered":"https:\/\/hobby4geek.com\/?post_type=product&#038;p=192508"},"modified":"2024-06-17T23:54:37","modified_gmt":"2024-06-17T22:54:37","slug":"transformers-missing-link-c-02-convoy-anime-edition","status":"publish","type":"product","link":"https:\/\/hobby4geek.com\/de\/produkt\/transformers-missing-link-c-02-convoy-anime-edition\/","title":{"rendered":"Transformers Missing Link C-02 Convoy (Anime Edition)"},"content":{"rendered":"<p>TAKARA TOMY stellt die \"Missing Link\"-Serie vor, die die Vergangenheit von Transformers zum 40-j\u00e4hrigen Jubil\u00e4um quasi wieder aufleben l\u00e4sst.<\/p>\n<p>Diese Kollektion verbindet Nostalgie mit modernem Design, mit beweglichen Gelenken f\u00fcr dynamisches Posing und einem neu gestalteten Convoy Commander-Spielzeug mit verbesserten Gimmicks.<\/p>\n<p>Die \"Anime Edition\" des C-02 Convoy korrigiert Fehler, erm\u00f6glicht eine nahtlose Verwandlung und enth\u00e4lt ikonisches Zubeh\u00f6r wie das \u00fcberarbeitete Lasergewehr und die \"Energieaxt\".<\/p>\n<p>Entdecke versteckte Inhalte mit dem roten \"Geheimfilm\", enth\u00fclle das Emblem mit einer Ber\u00fchrung und genie\u00dfe vielseitige Anzeigeoptionen. Die Ver\u00f6ffentlichung zeigt aufgefrischte Farben f\u00fcr die Matrix, das Lasergewehr und die Energieaxt sowie ein neues Design der Sammelkarten.<\/p>\n<p>&nbsp;<\/p>\n<ul>\n<li>Roboter (Anime-Ausgabe)<\/li>\n<li>Energie-Axt<\/li>\n<li>Lasergewehr<\/li>\n<li>Matrix<\/li>\n<li>Geheimer Film<\/li>\n<li>Sammelkarte<\/li>\n<li>Aufkleber<\/li>\n<li>Anleitungspapier<\/li>\n<li>Flugblatt<\/li>\n<\/ul>","protected":false},"excerpt":{"rendered":"<ul>\n<li>Roboter (Anime-Ausgabe)<\/li>\n<li>Energie-Axt<\/li>\n<li>Lasergewehr<\/li>\n<li>Matrix<\/li>\n<li>Geheimer Film<\/li>\n<li>Sammelkarte<\/li>\n<li>Aufkleber<\/li>\n<li>Anleitungspapier<\/li>\n<li>Flugblatt<\/li>\n<\/ul>","protected":false},"featured_media":192511,"comment_status":"open","ping_status":"closed","template":"","meta":{"inline_featured_image":false},"product_brand":[],"product_cat":[69],"product_tag":[1759,1729,199,2433,505,2431,1975,204,2432],"giftcard-category":[],"class_list":{"0":"post-192508","1":"product","2":"type-product","3":"status-publish","4":"has-post-thumbnail","6":"product_cat-takara-tomy","7":"product_tag-action-toys","8":"product_tag-anime-edition","9":"product_tag-autobot","10":"product_tag-c-02","11":"product_tag-convoy","12":"product_tag-g1-animated-series","13":"product_tag-toys-figures","14":"product_tag-transformers","15":"product_tag-transformers-missing-link","16":"product_shipping_class-free-shipping","17":"inventories-china-inventory","19":"first","20":"instock","21":"taxable","22":"shipping-taxable","23":"purchasable","24":"product-type-simple","25":"add-to-wishlist-after_add_to_cart"},"yoast_head":"<!-- This site is optimized with the Yoast SEO Premium plugin v25.3.1 (Yoast SEO v27.2) - https:\/\/yoast.com\/product\/yoast-seo-premium-wordpress\/ -->\n<title>Transformers Missing Link C-02 Convoy (Anime Edition)<\/title>\n<meta name=\"robots\" content=\"index, follow, max-snippet:-1, max-image-preview:large, max-video-preview:-1\" \/>\n<link rel=\"canonical\" href=\"https:\/\/hobby4geek.com\/de\/produkt\/transformers-missing-link-c-02-convoy-anime-edition\/\" \/>\n<meta property=\"og:locale\" content=\"de_DE\" \/>\n<meta property=\"og:type\" content=\"article\" \/>\n<meta property=\"og:title\" content=\"Transformers Missing Link C-02 Convoy (Anime Edition)\" \/>\n<meta property=\"og:description\" content=\"Robot (anime edition)  Energy ax  Laser rifle  Matrix  Secret film  Collection card  Sticker  Instruction paper  Leaflet\" \/>\n<meta property=\"og:url\" content=\"https:\/\/hobby4geek.com\/de\/produkt\/transformers-missing-link-c-02-convoy-anime-edition\/\" \/>\n<meta property=\"og:site_name\" content=\"Hobby4Geek\" \/>\n<meta property=\"article:publisher\" content=\"https:\/\/www.facebook.com\/hobby4geek\" \/>\n<meta property=\"article:modified_time\" content=\"2024-06-17T22:54:37+00:00\" \/>\n<meta property=\"og:image\" content=\"https:\/\/hobby4geek.com\/wp-content\/uploads\/2024\/03\/transformers-missing-link-c-02-convoy-anime-edition-7.jpg\" \/>\n\t<meta property=\"og:image:width\" content=\"1919\" \/>\n\t<meta property=\"og:image:height\" content=\"1961\" \/>\n\t<meta property=\"og:image:type\" content=\"image\/jpeg\" \/>\n<meta name=\"twitter:card\" content=\"summary_large_image\" \/>\n<meta name=\"twitter:site\" content=\"@hobby4geek\" \/>\n<script type=\"application\/ld+json\" class=\"yoast-schema-graph\">{\"@context\":\"https:\/\/schema.org\",\"@graph\":[{\"@type\":\"WebPage\",\"@id\":\"https:\/\/hobby4geek.com\/product\/transformers-missing-link-c-02-convoy-anime-edition\/\",\"url\":\"https:\/\/hobby4geek.com\/product\/transformers-missing-link-c-02-convoy-anime-edition\/\",\"name\":\"Transformers Missing Link C-02 Convoy (Anime Edition)\",\"isPartOf\":{\"@id\":\"https:\/\/hobby4geek.com\/#website\"},\"primaryImageOfPage\":{\"@id\":\"https:\/\/hobby4geek.com\/product\/transformers-missing-link-c-02-convoy-anime-edition\/#primaryimage\"},\"image\":{\"@id\":\"https:\/\/hobby4geek.com\/product\/transformers-missing-link-c-02-convoy-anime-edition\/#primaryimage\"},\"thumbnailUrl\":\"https:\/\/hobby4geek.com\/wp-content\/uploads\/2024\/03\/transformers-missing-link-c-02-convoy-anime-edition-7.jpg\",\"datePublished\":\"2024-03-05T09:01:14+00:00\",\"dateModified\":\"2024-06-17T22:54:37+00:00\",\"breadcrumb\":{\"@id\":\"https:\/\/hobby4geek.com\/product\/transformers-missing-link-c-02-convoy-anime-edition\/#breadcrumb\"},\"inLanguage\":\"de\",\"potentialAction\":[{\"@type\":\"ReadAction\",\"target\":[\"https:\/\/hobby4geek.com\/product\/transformers-missing-link-c-02-convoy-anime-edition\/\"]}]},{\"@type\":\"ImageObject\",\"inLanguage\":\"de\",\"@id\":\"https:\/\/hobby4geek.com\/product\/transformers-missing-link-c-02-convoy-anime-edition\/#primaryimage\",\"url\":\"https:\/\/hobby4geek.com\/wp-content\/uploads\/2024\/03\/transformers-missing-link-c-02-convoy-anime-edition-7.jpg\",\"contentUrl\":\"https:\/\/hobby4geek.com\/wp-content\/uploads\/2024\/03\/transformers-missing-link-c-02-convoy-anime-edition-7.jpg\",\"width\":1919,\"height\":1961,\"caption\":\"Transformers Missing Link C 02 Convoy Anime Edition 7\"},{\"@type\":\"BreadcrumbList\",\"@id\":\"https:\/\/hobby4geek.com\/product\/transformers-missing-link-c-02-convoy-anime-edition\/#breadcrumb\",\"itemListElement\":[{\"@type\":\"ListItem\",\"position\":1,\"name\":\"Home\",\"item\":\"https:\/\/hobby4geek.com\/\"},{\"@type\":\"ListItem\",\"position\":2,\"name\":\"Shop\",\"item\":\"https:\/\/hobby4geek.com\/shop\/\"},{\"@type\":\"ListItem\",\"position\":3,\"name\":\"Transformers Missing Link C-02 Convoy (Anime Edition)\"}]},{\"@type\":\"WebSite\",\"@id\":\"https:\/\/hobby4geek.com\/#website\",\"url\":\"https:\/\/hobby4geek.com\/\",\"name\":\"Hobby4Geek\",\"description\":\"Collect, Play &amp; Showcase, Embrace your Geekiness\",\"publisher\":{\"@id\":\"https:\/\/hobby4geek.com\/#organization\"},\"potentialAction\":[{\"@type\":\"SearchAction\",\"target\":{\"@type\":\"EntryPoint\",\"urlTemplate\":\"https:\/\/hobby4geek.com\/?s={search_term_string}\"},\"query-input\":{\"@type\":\"PropertyValueSpecification\",\"valueRequired\":true,\"valueName\":\"search_term_string\"}}],\"inLanguage\":\"de\"},{\"@type\":\"Organization\",\"@id\":\"https:\/\/hobby4geek.com\/#organization\",\"name\":\"Hobby4Geek\",\"url\":\"https:\/\/hobby4geek.com\/\",\"logo\":{\"@type\":\"ImageObject\",\"inLanguage\":\"de\",\"@id\":\"https:\/\/hobby4geek.com\/#\/schema\/logo\/image\/\",\"url\":\"https:\/\/hobby4geek.com\/wp-content\/uploads\/2023\/02\/default-kit.png\",\"contentUrl\":\"https:\/\/hobby4geek.com\/wp-content\/uploads\/2023\/02\/default-kit.png\",\"width\":600,\"height\":600,\"caption\":\"Hobby4Geek\"},\"image\":{\"@id\":\"https:\/\/hobby4geek.com\/#\/schema\/logo\/image\/\"},\"sameAs\":[\"https:\/\/www.facebook.com\/hobby4geek\",\"https:\/\/x.com\/hobby4geek\",\"https:\/\/www.instagram.com\/hobby4geek\/\"]}]}<\/script>\n<meta property=\"product:brand\" content=\"Takara Tomy\" \/>\n<meta property=\"product:price:amount\" content=\"134.80\" \/>\n<meta property=\"product:price:currency\" content=\"EUR\" \/>\n<meta property=\"og:availability\" content=\"instock\" \/>\n<meta property=\"product:availability\" content=\"instock\" \/>\n<meta property=\"product:retailer_item_id\" content=\"4904810208754\" \/>\n<meta property=\"product:condition\" content=\"new\" \/>\n<!-- \/ Yoast SEO Premium plugin. -->","yoast_head_json":{"title":"Transformers Missing Link C-02 Convoy (Anime Edition)","robots":{"index":"index","follow":"follow","max-snippet":"max-snippet:-1","max-image-preview":"max-image-preview:large","max-video-preview":"max-video-preview:-1"},"canonical":"https:\/\/hobby4geek.com\/de\/produkt\/transformers-missing-link-c-02-convoy-anime-edition\/","og_locale":"de_DE","og_type":"article","og_title":"Transformers Missing Link C-02 Convoy (Anime Edition)","og_description":"Robot (anime edition)  Energy ax  Laser rifle  Matrix  Secret film  Collection card  Sticker  Instruction paper  Leaflet","og_url":"https:\/\/hobby4geek.com\/de\/produkt\/transformers-missing-link-c-02-convoy-anime-edition\/","og_site_name":"Hobby4Geek","article_publisher":"https:\/\/www.facebook.com\/hobby4geek","article_modified_time":"2024-06-17T22:54:37+00:00","og_image":[{"width":1919,"height":1961,"url":"https:\/\/hobby4geek.com\/wp-content\/uploads\/2024\/03\/transformers-missing-link-c-02-convoy-anime-edition-7.jpg","type":"image\/jpeg"}],"twitter_card":"summary_large_image","twitter_site":"@hobby4geek","schema":{"@context":"https:\/\/schema.org","@graph":[{"@type":"WebPage","@id":"https:\/\/hobby4geek.com\/product\/transformers-missing-link-c-02-convoy-anime-edition\/","url":"https:\/\/hobby4geek.com\/product\/transformers-missing-link-c-02-convoy-anime-edition\/","name":"Transformers Missing Link C-02 Convoy (Anime Edition)","isPartOf":{"@id":"https:\/\/hobby4geek.com\/#website"},"primaryImageOfPage":{"@id":"https:\/\/hobby4geek.com\/product\/transformers-missing-link-c-02-convoy-anime-edition\/#primaryimage"},"image":{"@id":"https:\/\/hobby4geek.com\/product\/transformers-missing-link-c-02-convoy-anime-edition\/#primaryimage"},"thumbnailUrl":"https:\/\/hobby4geek.com\/wp-content\/uploads\/2024\/03\/transformers-missing-link-c-02-convoy-anime-edition-7.jpg","datePublished":"2024-03-05T09:01:14+00:00","dateModified":"2024-06-17T22:54:37+00:00","breadcrumb":{"@id":"https:\/\/hobby4geek.com\/product\/transformers-missing-link-c-02-convoy-anime-edition\/#breadcrumb"},"inLanguage":"de","potentialAction":[{"@type":"ReadAction","target":["https:\/\/hobby4geek.com\/product\/transformers-missing-link-c-02-convoy-anime-edition\/"]}]},{"@type":"ImageObject","inLanguage":"de","@id":"https:\/\/hobby4geek.com\/product\/transformers-missing-link-c-02-convoy-anime-edition\/#primaryimage","url":"https:\/\/hobby4geek.com\/wp-content\/uploads\/2024\/03\/transformers-missing-link-c-02-convoy-anime-edition-7.jpg","contentUrl":"https:\/\/hobby4geek.com\/wp-content\/uploads\/2024\/03\/transformers-missing-link-c-02-convoy-anime-edition-7.jpg","width":1919,"height":1961,"caption":"Transformers Missing Link C 02 Convoy Anime Edition 7"},{"@type":"BreadcrumbList","@id":"https:\/\/hobby4geek.com\/product\/transformers-missing-link-c-02-convoy-anime-edition\/#breadcrumb","itemListElement":[{"@type":"ListItem","position":1,"name":"Home","item":"https:\/\/hobby4geek.com\/"},{"@type":"ListItem","position":2,"name":"Shop","item":"https:\/\/hobby4geek.com\/shop\/"},{"@type":"ListItem","position":3,"name":"Transformers Missing Link C-02 Convoy (Anime Edition)"}]},{"@type":"WebSite","@id":"https:\/\/hobby4geek.com\/#website","url":"https:\/\/hobby4geek.com\/","name":"Hobby4Geek","description":"Sammeln, Spielen &amp; Pr\u00e4sentieren, Umarmung der Geekiness","publisher":{"@id":"https:\/\/hobby4geek.com\/#organization"},"potentialAction":[{"@type":"SearchAction","target":{"@type":"EntryPoint","urlTemplate":"https:\/\/hobby4geek.com\/?s={search_term_string}"},"query-input":{"@type":"PropertyValueSpecification","valueRequired":true,"valueName":"search_term_string"}}],"inLanguage":"de"},{"@type":"Organization","@id":"https:\/\/hobby4geek.com\/#organization","name":"Hobby4Geek","url":"https:\/\/hobby4geek.com\/","logo":{"@type":"ImageObject","inLanguage":"de","@id":"https:\/\/hobby4geek.com\/#\/schema\/logo\/image\/","url":"https:\/\/hobby4geek.com\/wp-content\/uploads\/2023\/02\/default-kit.png","contentUrl":"https:\/\/hobby4geek.com\/wp-content\/uploads\/2023\/02\/default-kit.png","width":600,"height":600,"caption":"Hobby4Geek"},"image":{"@id":"https:\/\/hobby4geek.com\/#\/schema\/logo\/image\/"},"sameAs":["https:\/\/www.facebook.com\/hobby4geek","https:\/\/x.com\/hobby4geek","https:\/\/www.instagram.com\/hobby4geek\/"]}]},"product_brand":"Takara Tomy","product_price_amount":"134.80","product_price_currency":"EUR","og_availability":"instock","product_availability":"instock","product_retailer_item_id":"4904810208754","product_condition":"new"},"_links":{"self":[{"href":"https:\/\/hobby4geek.com\/de\/wp-json\/wp\/v2\/product\/192508","targetHints":{"allow":["GET"]}}],"collection":[{"href":"https:\/\/hobby4geek.com\/de\/wp-json\/wp\/v2\/product"}],"about":[{"href":"https:\/\/hobby4geek.com\/de\/wp-json\/wp\/v2\/types\/product"}],"replies":[{"embeddable":true,"href":"https:\/\/hobby4geek.com\/de\/wp-json\/wp\/v2\/comments?post=192508"}],"version-history":[{"count":0,"href":"https:\/\/hobby4geek.com\/de\/wp-json\/wp\/v2\/product\/192508\/revisions"}],"wp:featuredmedia":[{"embeddable":true,"href":"https:\/\/hobby4geek.com\/de\/wp-json\/wp\/v2\/media\/192511"}],"wp:attachment":[{"href":"https:\/\/hobby4geek.com\/de\/wp-json\/wp\/v2\/media?parent=192508"}],"wp:term":[{"taxonomy":"product_brand","embeddable":true,"href":"https:\/\/hobby4geek.com\/de\/wp-json\/wp\/v2\/product_brand?post=192508"},{"taxonomy":"product_cat","embeddable":true,"href":"https:\/\/hobby4geek.com\/de\/wp-json\/wp\/v2\/product_cat?post=192508"},{"taxonomy":"product_tag","embeddable":true,"href":"https:\/\/hobby4geek.com\/de\/wp-json\/wp\/v2\/product_tag?post=192508"},{"taxonomy":"giftcard-category","embeddable":true,"href":"https:\/\/hobby4geek.com\/de\/wp-json\/wp\/v2\/giftcard-category?post=192508"}],"curies":[{"name":"wp","href":"https:\/\/api.w.org\/{rel}","templated":true}]}}