{"id":192426,"date":"2024-04-16T15:47:26","date_gmt":"2024-04-16T14:47:26","guid":{"rendered":"https:\/\/hobby4geek.com\/?post_type=product&#038;p=192426"},"modified":"2024-06-20T20:16:35","modified_gmt":"2024-06-20T19:16:35","slug":"transformers-generations-selects-legacy-united-autobots-stand-united-5-pack","status":"publish","type":"product","link":"https:\/\/hobby4geek.com\/de\/produkt\/transformers-generations-selects-legacy-united-autobots-stand-united-5-pack\/","title":{"rendered":"Transformers Generations Selects Legacy United Autobots Stand United 5-Pack"},"content":{"rendered":"<p>Bring deine Transformers-Figurensammlung auf die n\u00e4chste Stufe mit dem Transformers Generations Selects Autobots Stand United 5-Pack! Generations Selects Sammlerst\u00fccke f\u00fcr Erwachsene sind eine von den Fans gewidmete Reihe von Figuren mit von den Fans bevorzugten Charakteren, die du nicht in der Hauptreihe finden kannst. Dieses Multipack enth\u00e4lt Autobot Jazz, Sunstreaker, Trailbreaker, Wheeljack und Autobot Hound Actionfiguren. Die Figuren lassen sich vom Roboter- in den Fahrzeugmodus umwandeln. Mit dem beiliegenden Blaster-Zubeh\u00f6r, das sich in beiden Modi befestigen l\u00e4sst, kannst du dich in Pose werfen. Diese Autobot-Spielzeuge sind von den Charakteren aus der urspr\u00fcnglichen G1-Zeichentrickserie inspiriert, Der Transformers.<\/p>\n<ul>\n<li>Transformers Generations Selects ist eine den Fans gewidmete Reihe von Figuren mit Sonderausgaben, die nicht in der Hauptreihe zu finden sind.<\/li>\n<li>Dieses Multipack enth\u00e4lt 5 14 cm (5,5-inch) Actionfiguren: Autobot Jazz, Sunstreaker, Trailbreaker, Wheeljack und Autobot Hound. Die Figuren sind von der Deko und den Details der Zeichentrickserie inspiriert, der Transformers<\/li>\n<li>Jede mitgelieferte Transformers-Figur l\u00e4sst sich vom Roboter- in den G1-inspirierten Fahrzeugmodus umwandeln<\/li>\n<li>Dieser Transformers 5er-Pack wird mit 8 Blaster-Zubeh\u00f6rteilen geliefert. Das Zubeh\u00f6r l\u00e4sst sich in beiden Modi an den Figuren befestigen<\/li>\n<li>Transformers-Figuren mit beweglichen K\u00f6pfen, Armen und Beinen f\u00fcr Action-Posen<\/li>\n<li>Dieser 5er-Pack Autobot-Actionfiguren ist ein tolles Geschenk f\u00fcr jeden Transformers-Fan<\/li>\n<\/ul>\n<p>TRANSFORMERS und HASBRO und alle damit verbundenen Marken und Logos sind Marken von Hasbro, Inc. \u00a9 2024 Hasbro.<\/p>\n<p>Enth\u00e4lt 5 Figuren, 8 Zubeh\u00f6rteile und eine Anleitung.<\/p>\n<p>Ma\u00dfstab der Figur: 5,5 Zoll (14 cm)<\/p>\n<p>8 Jahre und \u00e4lter<br \/>\nWarnung: Verschluckungsgefahr - Kleinteile. Nicht f\u00fcr Kinder unter 3 Jahren geeignet.<\/p>","protected":false},"excerpt":{"rendered":"<ul>\n<li>Gr\u00f6\u00dfe der Figuren: 14 cm<\/li>\n<li>Enth\u00e4lt 5 Figuren<\/li>\n<li>8 Zubeh\u00f6r<\/li>\n<li>Deco aus der Zeichentrickserie<\/li>\n<li>Anweisungen<\/li>\n<\/ul>","protected":false},"featured_media":192449,"comment_status":"open","ping_status":"closed","template":"","meta":{"inline_featured_image":false},"product_brand":[],"product_cat":[68,1955,1960],"product_tag":[2429,1759,199,2428,2431,2430,335,296,201,2400,889,1975,2427,204,1962,2288],"giftcard-category":[],"class_list":{"0":"post-192426","1":"product","2":"type-product","3":"status-publish","4":"has-post-thumbnail","6":"product_cat-hasbro","7":"product_cat-transformers","8":"product_cat-transformers-generations","9":"product_tag-5-pack","10":"product_tag-action-toys","11":"product_tag-autobot","12":"product_tag-autobots-stand-united","13":"product_tag-g1-animated-series","14":"product_tag-generations-selects","15":"product_tag-hasbro","16":"product_tag-hound","17":"product_tag-jazz","18":"product_tag-legacy-united","19":"product_tag-sunstreaker","20":"product_tag-toys-figures","21":"product_tag-trailbreaker","22":"product_tag-transformers","23":"product_tag-transformers-generations","24":"product_tag-wheeljack","25":"product_shipping_class-standard","27":"first","28":"outofstock","29":"taxable","30":"shipping-taxable","31":"purchasable","32":"product-type-simple","33":"add-to-wishlist-after_add_to_cart"},"yoast_head":"<!-- This site is optimized with the Yoast SEO Premium plugin v25.3.1 (Yoast SEO v27.4) - https:\/\/yoast.com\/product\/yoast-seo-premium-wordpress\/ -->\n<title>Transformers Generations Selects Legacy United Autobots Stand United 5-Pack<\/title>\n<meta name=\"robots\" content=\"index, follow, max-snippet:-1, max-image-preview:large, max-video-preview:-1\" \/>\n<link rel=\"canonical\" href=\"https:\/\/hobby4geek.com\/de\/produkt\/transformers-generations-selects-legacy-united-autobots-stand-united-5-pack\/\" \/>\n<meta property=\"og:locale\" content=\"de_DE\" \/>\n<meta property=\"og:type\" content=\"article\" \/>\n<meta property=\"og:title\" content=\"Transformers Generations Selects Legacy United Autobots Stand United 5-Pack\" \/>\n<meta property=\"og:description\" content=\"Figures size: 14 cm  Includes 5 figures  8 accessories  Deco from the animated series  Instructions\" \/>\n<meta property=\"og:url\" content=\"https:\/\/hobby4geek.com\/de\/produkt\/transformers-generations-selects-legacy-united-autobots-stand-united-5-pack\/\" \/>\n<meta property=\"og:site_name\" content=\"Hobby4Geek\" \/>\n<meta property=\"article:publisher\" content=\"https:\/\/www.facebook.com\/hobby4geek\" \/>\n<meta property=\"article:modified_time\" content=\"2024-06-20T19:16:35+00:00\" \/>\n<meta property=\"og:image\" content=\"https:\/\/hobby4geek.com\/wp-content\/uploads\/2024\/02\/transformers-generations-selects-legacy-united-autobots-stand-united-5-pack.webp\" \/>\n\t<meta property=\"og:image:width\" content=\"2000\" \/>\n\t<meta property=\"og:image:height\" content=\"2000\" \/>\n\t<meta property=\"og:image:type\" content=\"image\/webp\" \/>\n<meta name=\"twitter:card\" content=\"summary_large_image\" \/>\n<meta name=\"twitter:site\" content=\"@hobby4geek\" \/>\n<script type=\"application\/ld+json\" class=\"yoast-schema-graph\">{\"@context\":\"https:\\\/\\\/schema.org\",\"@graph\":[{\"@type\":\"WebPage\",\"@id\":\"https:\\\/\\\/hobby4geek.com\\\/product\\\/transformers-generations-selects-legacy-united-autobots-stand-united-5-pack\\\/\",\"url\":\"https:\\\/\\\/hobby4geek.com\\\/product\\\/transformers-generations-selects-legacy-united-autobots-stand-united-5-pack\\\/\",\"name\":\"Transformers Generations Selects Legacy United Autobots Stand United 5-Pack\",\"isPartOf\":{\"@id\":\"https:\\\/\\\/hobby4geek.com\\\/#website\"},\"primaryImageOfPage\":{\"@id\":\"https:\\\/\\\/hobby4geek.com\\\/product\\\/transformers-generations-selects-legacy-united-autobots-stand-united-5-pack\\\/#primaryimage\"},\"image\":{\"@id\":\"https:\\\/\\\/hobby4geek.com\\\/product\\\/transformers-generations-selects-legacy-united-autobots-stand-united-5-pack\\\/#primaryimage\"},\"thumbnailUrl\":\"https:\\\/\\\/hobby4geek.com\\\/wp-content\\\/uploads\\\/2024\\\/02\\\/transformers-generations-selects-legacy-united-autobots-stand-united-5-pack.webp\",\"datePublished\":\"2024-04-16T14:47:26+00:00\",\"dateModified\":\"2024-06-20T19:16:35+00:00\",\"breadcrumb\":{\"@id\":\"https:\\\/\\\/hobby4geek.com\\\/product\\\/transformers-generations-selects-legacy-united-autobots-stand-united-5-pack\\\/#breadcrumb\"},\"inLanguage\":\"de\",\"potentialAction\":[{\"@type\":\"ReadAction\",\"target\":[\"https:\\\/\\\/hobby4geek.com\\\/product\\\/transformers-generations-selects-legacy-united-autobots-stand-united-5-pack\\\/\"]}]},{\"@type\":\"ImageObject\",\"inLanguage\":\"de\",\"@id\":\"https:\\\/\\\/hobby4geek.com\\\/product\\\/transformers-generations-selects-legacy-united-autobots-stand-united-5-pack\\\/#primaryimage\",\"url\":\"https:\\\/\\\/hobby4geek.com\\\/wp-content\\\/uploads\\\/2024\\\/02\\\/transformers-generations-selects-legacy-united-autobots-stand-united-5-pack.webp\",\"contentUrl\":\"https:\\\/\\\/hobby4geek.com\\\/wp-content\\\/uploads\\\/2024\\\/02\\\/transformers-generations-selects-legacy-united-autobots-stand-united-5-pack.webp\",\"width\":2000,\"height\":2000,\"caption\":\"Transformers Generations Selects Legacy United Autobots Stand United 5 Pack\"},{\"@type\":\"BreadcrumbList\",\"@id\":\"https:\\\/\\\/hobby4geek.com\\\/product\\\/transformers-generations-selects-legacy-united-autobots-stand-united-5-pack\\\/#breadcrumb\",\"itemListElement\":[{\"@type\":\"ListItem\",\"position\":1,\"name\":\"Home\",\"item\":\"https:\\\/\\\/hobby4geek.com\\\/\"},{\"@type\":\"ListItem\",\"position\":2,\"name\":\"Shop\",\"item\":\"https:\\\/\\\/hobby4geek.com\\\/shop\\\/\"},{\"@type\":\"ListItem\",\"position\":3,\"name\":\"Transformers Generations Selects Legacy United Autobots Stand United 5-Pack\"}]},{\"@type\":\"WebSite\",\"@id\":\"https:\\\/\\\/hobby4geek.com\\\/#website\",\"url\":\"https:\\\/\\\/hobby4geek.com\\\/\",\"name\":\"Hobby4Geek\",\"description\":\"Collect, Play &amp; Showcase, Embrace your Geekiness\",\"publisher\":{\"@id\":\"https:\\\/\\\/hobby4geek.com\\\/#organization\"},\"potentialAction\":[{\"@type\":\"SearchAction\",\"target\":{\"@type\":\"EntryPoint\",\"urlTemplate\":\"https:\\\/\\\/hobby4geek.com\\\/?s={search_term_string}\"},\"query-input\":{\"@type\":\"PropertyValueSpecification\",\"valueRequired\":true,\"valueName\":\"search_term_string\"}}],\"inLanguage\":\"de\"},{\"@type\":\"Organization\",\"@id\":\"https:\\\/\\\/hobby4geek.com\\\/#organization\",\"name\":\"Hobby4Geek\",\"url\":\"https:\\\/\\\/hobby4geek.com\\\/\",\"logo\":{\"@type\":\"ImageObject\",\"inLanguage\":\"de\",\"@id\":\"https:\\\/\\\/hobby4geek.com\\\/#\\\/schema\\\/logo\\\/image\\\/\",\"url\":\"https:\\\/\\\/hobby4geek.com\\\/wp-content\\\/uploads\\\/2023\\\/02\\\/default-kit.png\",\"contentUrl\":\"https:\\\/\\\/hobby4geek.com\\\/wp-content\\\/uploads\\\/2023\\\/02\\\/default-kit.png\",\"width\":600,\"height\":600,\"caption\":\"Hobby4Geek\"},\"image\":{\"@id\":\"https:\\\/\\\/hobby4geek.com\\\/#\\\/schema\\\/logo\\\/image\\\/\"},\"sameAs\":[\"https:\\\/\\\/www.facebook.com\\\/hobby4geek\",\"https:\\\/\\\/x.com\\\/hobby4geek\",\"https:\\\/\\\/www.instagram.com\\\/hobby4geek\\\/\"]}]}<\/script>\n<meta property=\"product:brand\" content=\"Hasbro\" \/>\n<meta property=\"product:price:amount\" content=\"124.80\" \/>\n<meta property=\"product:price:currency\" content=\"EUR\" \/>\n<meta property=\"og:availability\" content=\"out of stock\" \/>\n<meta property=\"product:availability\" content=\"out of stock\" \/>\n<meta property=\"product:retailer_item_id\" content=\"5010996235695\" \/>\n<meta property=\"product:condition\" content=\"new\" \/>\n<!-- \/ Yoast SEO Premium plugin. -->","yoast_head_json":{"title":"Transformers Generations Selects Legacy United Autobots Stand United 5-Pack","robots":{"index":"index","follow":"follow","max-snippet":"max-snippet:-1","max-image-preview":"max-image-preview:large","max-video-preview":"max-video-preview:-1"},"canonical":"https:\/\/hobby4geek.com\/de\/produkt\/transformers-generations-selects-legacy-united-autobots-stand-united-5-pack\/","og_locale":"de_DE","og_type":"article","og_title":"Transformers Generations Selects Legacy United Autobots Stand United 5-Pack","og_description":"Figures size: 14 cm  Includes 5 figures  8 accessories  Deco from the animated series  Instructions","og_url":"https:\/\/hobby4geek.com\/de\/produkt\/transformers-generations-selects-legacy-united-autobots-stand-united-5-pack\/","og_site_name":"Hobby4Geek","article_publisher":"https:\/\/www.facebook.com\/hobby4geek","article_modified_time":"2024-06-20T19:16:35+00:00","og_image":[{"width":2000,"height":2000,"url":"https:\/\/hobby4geek.com\/wp-content\/uploads\/2024\/02\/transformers-generations-selects-legacy-united-autobots-stand-united-5-pack.webp","type":"image\/webp"}],"twitter_card":"summary_large_image","twitter_site":"@hobby4geek","schema":{"@context":"https:\/\/schema.org","@graph":[{"@type":"WebPage","@id":"https:\/\/hobby4geek.com\/product\/transformers-generations-selects-legacy-united-autobots-stand-united-5-pack\/","url":"https:\/\/hobby4geek.com\/product\/transformers-generations-selects-legacy-united-autobots-stand-united-5-pack\/","name":"Transformers Generations Selects Legacy United Autobots Stand United 5-Pack","isPartOf":{"@id":"https:\/\/hobby4geek.com\/#website"},"primaryImageOfPage":{"@id":"https:\/\/hobby4geek.com\/product\/transformers-generations-selects-legacy-united-autobots-stand-united-5-pack\/#primaryimage"},"image":{"@id":"https:\/\/hobby4geek.com\/product\/transformers-generations-selects-legacy-united-autobots-stand-united-5-pack\/#primaryimage"},"thumbnailUrl":"https:\/\/hobby4geek.com\/wp-content\/uploads\/2024\/02\/transformers-generations-selects-legacy-united-autobots-stand-united-5-pack.webp","datePublished":"2024-04-16T14:47:26+00:00","dateModified":"2024-06-20T19:16:35+00:00","breadcrumb":{"@id":"https:\/\/hobby4geek.com\/product\/transformers-generations-selects-legacy-united-autobots-stand-united-5-pack\/#breadcrumb"},"inLanguage":"de","potentialAction":[{"@type":"ReadAction","target":["https:\/\/hobby4geek.com\/product\/transformers-generations-selects-legacy-united-autobots-stand-united-5-pack\/"]}]},{"@type":"ImageObject","inLanguage":"de","@id":"https:\/\/hobby4geek.com\/product\/transformers-generations-selects-legacy-united-autobots-stand-united-5-pack\/#primaryimage","url":"https:\/\/hobby4geek.com\/wp-content\/uploads\/2024\/02\/transformers-generations-selects-legacy-united-autobots-stand-united-5-pack.webp","contentUrl":"https:\/\/hobby4geek.com\/wp-content\/uploads\/2024\/02\/transformers-generations-selects-legacy-united-autobots-stand-united-5-pack.webp","width":2000,"height":2000,"caption":"Transformers Generations Selects Legacy United Autobots Stand United 5 Pack"},{"@type":"BreadcrumbList","@id":"https:\/\/hobby4geek.com\/product\/transformers-generations-selects-legacy-united-autobots-stand-united-5-pack\/#breadcrumb","itemListElement":[{"@type":"ListItem","position":1,"name":"Home","item":"https:\/\/hobby4geek.com\/"},{"@type":"ListItem","position":2,"name":"Shop","item":"https:\/\/hobby4geek.com\/shop\/"},{"@type":"ListItem","position":3,"name":"Transformers Generations Selects Legacy United Autobots Stand United 5-Pack"}]},{"@type":"WebSite","@id":"https:\/\/hobby4geek.com\/#website","url":"https:\/\/hobby4geek.com\/","name":"Hobby4Geek","description":"Sammeln, Spielen &amp; Pr\u00e4sentieren, Umarmung der Geekiness","publisher":{"@id":"https:\/\/hobby4geek.com\/#organization"},"potentialAction":[{"@type":"SearchAction","target":{"@type":"EntryPoint","urlTemplate":"https:\/\/hobby4geek.com\/?s={search_term_string}"},"query-input":{"@type":"PropertyValueSpecification","valueRequired":true,"valueName":"search_term_string"}}],"inLanguage":"de"},{"@type":"Organization","@id":"https:\/\/hobby4geek.com\/#organization","name":"Hobby4Geek","url":"https:\/\/hobby4geek.com\/","logo":{"@type":"ImageObject","inLanguage":"de","@id":"https:\/\/hobby4geek.com\/#\/schema\/logo\/image\/","url":"https:\/\/hobby4geek.com\/wp-content\/uploads\/2023\/02\/default-kit.png","contentUrl":"https:\/\/hobby4geek.com\/wp-content\/uploads\/2023\/02\/default-kit.png","width":600,"height":600,"caption":"Hobby4Geek"},"image":{"@id":"https:\/\/hobby4geek.com\/#\/schema\/logo\/image\/"},"sameAs":["https:\/\/www.facebook.com\/hobby4geek","https:\/\/x.com\/hobby4geek","https:\/\/www.instagram.com\/hobby4geek\/"]}]},"product_brand":"Hasbro","product_price_amount":"124.80","product_price_currency":"EUR","og_availability":"out of stock","product_availability":"out of stock","product_retailer_item_id":"5010996235695","product_condition":"new"},"_links":{"self":[{"href":"https:\/\/hobby4geek.com\/de\/wp-json\/wp\/v2\/product\/192426","targetHints":{"allow":["GET"]}}],"collection":[{"href":"https:\/\/hobby4geek.com\/de\/wp-json\/wp\/v2\/product"}],"about":[{"href":"https:\/\/hobby4geek.com\/de\/wp-json\/wp\/v2\/types\/product"}],"replies":[{"embeddable":true,"href":"https:\/\/hobby4geek.com\/de\/wp-json\/wp\/v2\/comments?post=192426"}],"version-history":[{"count":0,"href":"https:\/\/hobby4geek.com\/de\/wp-json\/wp\/v2\/product\/192426\/revisions"}],"wp:featuredmedia":[{"embeddable":true,"href":"https:\/\/hobby4geek.com\/de\/wp-json\/wp\/v2\/media\/192449"}],"wp:attachment":[{"href":"https:\/\/hobby4geek.com\/de\/wp-json\/wp\/v2\/media?parent=192426"}],"wp:term":[{"taxonomy":"product_brand","embeddable":true,"href":"https:\/\/hobby4geek.com\/de\/wp-json\/wp\/v2\/product_brand?post=192426"},{"taxonomy":"product_cat","embeddable":true,"href":"https:\/\/hobby4geek.com\/de\/wp-json\/wp\/v2\/product_cat?post=192426"},{"taxonomy":"product_tag","embeddable":true,"href":"https:\/\/hobby4geek.com\/de\/wp-json\/wp\/v2\/product_tag?post=192426"},{"taxonomy":"giftcard-category","embeddable":true,"href":"https:\/\/hobby4geek.com\/de\/wp-json\/wp\/v2\/giftcard-category?post=192426"}],"curies":[{"name":"wp","href":"https:\/\/api.w.org\/{rel}","templated":true}]}}