{"id":192343,"date":"2024-02-06T16:24:24","date_gmt":"2024-02-06T15:24:24","guid":{"rendered":"https:\/\/hobby4geek.com\/?post_type=product&#038;p=192343"},"modified":"2025-01-18T16:01:50","modified_gmt":"2025-01-18T15:01:50","slug":"dna-design-dk-48-upgrade-kits-for-ultimate-class-optimus-primal","status":"publish","type":"product","link":"https:\/\/hobby4geek.com\/de\/produkt\/dna-design-dk-48-upgrade-kits-for-ultimate-class-optimus-primal\/","title":{"rendered":"DNA Design - DK-48 Upgrade-Kits f\u00fcr die Ultimate Class Optimus Primal"},"content":{"rendered":"<p>DNA Design - DK-48 Upgrade Kits f\u00fcr Ultimate Class Rise of The Beasts Optimus Primal (Figuren separat erh\u00e4ltlich).<\/p>\n<p>Mit diesem Kit k\u00f6nnen Sie Ihr Optimus Primal in eine Apelink-Figur verwandeln!<\/p>\n<p>DNA Designs Aufr\u00fcsts\u00e4tze werden unter Verwendung moderner Fertigungstechniken entwickelt und bestehen aus langlebigem Qualit\u00e4tskunststoff - perfekt f\u00fcr den Hauch von Realismus, den Sie in Ihrem Aufr\u00fcstsatz suchen.<\/p>","protected":false},"excerpt":{"rendered":"<ul>\n<li>Kompatibel mit Transformers Ultimate Class ROTB Optimus Primal<\/li>\n<li>Eine Vielzahl von Zubeh\u00f6r und Waffen zum Anpassen<\/li>\n<li>Optimus Primal Figur separat erh\u00e4ltlich<\/li>\n<li>Optimus Primal in Apelink umwandeln!<\/li>\n<li>Hergestellt aus Kunststoff<\/li>\n<\/ul>\n<p><strong>Verpackungsinhalt:<\/strong><\/p>\n<ul>\n<li>1 x Kopf<\/li>\n<li>2 x Gewehre<\/li>\n<li>1 x R\u00fcstungsset<\/li>\n<li>1 x Transwarp-Schl\u00fcssel<\/li>\n<\/ul>\n<p>Hinweis: Alle abgebildeten Figuren sind separat erh\u00e4ltlich.<\/p>","protected":false},"featured_media":192344,"comment_status":"open","ping_status":"closed","template":"","meta":{"inline_featured_image":false},"product_brand":[],"product_cat":[78],"product_tag":[274,2426,2424,276,562,1957,240,2156,1975,204,2425,2354],"giftcard-category":[],"class_list":{"0":"post-192343","1":"product","2":"type-product","3":"status-publish","4":"has-post-thumbnail","6":"product_cat-dna-design","7":"product_tag-add-ons","8":"product_tag-apelink","9":"product_tag-dk-48","10":"product_tag-dna-design","11":"product_tag-optimus-primal","12":"product_tag-rotb","13":"product_tag-studio-series","14":"product_tag-terrorcon","15":"product_tag-toys-figures","16":"product_tag-transformers","17":"product_tag-ultimate-class","18":"product_tag-upgrade-kits","19":"product_shipping_class-from-china","20":"inventories-china-inventory","22":"first","23":"instock","24":"taxable","25":"shipping-taxable","26":"purchasable","27":"product-type-simple","28":"add-to-wishlist-after_add_to_cart"},"yoast_head":"<!-- This site is optimized with the Yoast SEO Premium plugin v25.3.1 (Yoast SEO v27.2) - https:\/\/yoast.com\/product\/yoast-seo-premium-wordpress\/ -->\n<title>DNA Design - DK-48 Upgrade Kits for Ultimate Class Optimus Primal<\/title>\n<meta name=\"robots\" content=\"index, follow, max-snippet:-1, max-image-preview:large, max-video-preview:-1\" \/>\n<link rel=\"canonical\" href=\"https:\/\/hobby4geek.com\/de\/produkt\/dna-design-dk-48-upgrade-kits-for-ultimate-class-optimus-primal\/\" \/>\n<meta property=\"og:locale\" content=\"de_DE\" \/>\n<meta property=\"og:type\" content=\"article\" \/>\n<meta property=\"og:title\" content=\"DNA Design - DK-48 Upgrade Kits for Ultimate Class Optimus Primal\" \/>\n<meta property=\"og:description\" content=\"Compatible with Transformers Ultimate Class ROTB Optimus Primal  An array of accessories and weapons for customizing  Optimus Primal figure sold separately  Convert Optimus Primal to Apelink!  Made of plastic  Packaging Contents:   1 x Head  2 x Weapons  1 x Armor Set  1 x Transwarp Key  Note: All figures shown sold separately.\" \/>\n<meta property=\"og:url\" content=\"https:\/\/hobby4geek.com\/de\/produkt\/dna-design-dk-48-upgrade-kits-for-ultimate-class-optimus-primal\/\" \/>\n<meta property=\"og:site_name\" content=\"Hobby4Geek\" \/>\n<meta property=\"article:publisher\" content=\"https:\/\/www.facebook.com\/hobby4geek\" \/>\n<meta property=\"article:modified_time\" content=\"2025-01-18T15:01:50+00:00\" \/>\n<meta property=\"og:image\" content=\"https:\/\/hobby4geek.com\/wp-content\/uploads\/2024\/02\/dna-design-dk-48-upgrade-kits-for-ultimate-class-optimus-primal-25.jpg\" \/>\n\t<meta property=\"og:image:width\" content=\"1145\" \/>\n\t<meta property=\"og:image:height\" content=\"1018\" \/>\n\t<meta property=\"og:image:type\" content=\"image\/jpeg\" \/>\n<meta name=\"twitter:card\" content=\"summary_large_image\" \/>\n<meta name=\"twitter:site\" content=\"@hobby4geek\" \/>\n<script type=\"application\/ld+json\" class=\"yoast-schema-graph\">{\"@context\":\"https:\/\/schema.org\",\"@graph\":[{\"@type\":\"WebPage\",\"@id\":\"https:\/\/hobby4geek.com\/product\/dna-design-dk-48-upgrade-kits-for-ultimate-class-optimus-primal\/\",\"url\":\"https:\/\/hobby4geek.com\/product\/dna-design-dk-48-upgrade-kits-for-ultimate-class-optimus-primal\/\",\"name\":\"DNA Design - DK-48 Upgrade Kits for Ultimate Class Optimus Primal\",\"isPartOf\":{\"@id\":\"https:\/\/hobby4geek.com\/#website\"},\"primaryImageOfPage\":{\"@id\":\"https:\/\/hobby4geek.com\/product\/dna-design-dk-48-upgrade-kits-for-ultimate-class-optimus-primal\/#primaryimage\"},\"image\":{\"@id\":\"https:\/\/hobby4geek.com\/product\/dna-design-dk-48-upgrade-kits-for-ultimate-class-optimus-primal\/#primaryimage\"},\"thumbnailUrl\":\"https:\/\/hobby4geek.com\/wp-content\/uploads\/2024\/02\/dna-design-dk-48-upgrade-kits-for-ultimate-class-optimus-primal-25.jpg\",\"datePublished\":\"2024-02-06T15:24:24+00:00\",\"dateModified\":\"2025-01-18T15:01:50+00:00\",\"breadcrumb\":{\"@id\":\"https:\/\/hobby4geek.com\/product\/dna-design-dk-48-upgrade-kits-for-ultimate-class-optimus-primal\/#breadcrumb\"},\"inLanguage\":\"de\",\"potentialAction\":[{\"@type\":\"ReadAction\",\"target\":[\"https:\/\/hobby4geek.com\/product\/dna-design-dk-48-upgrade-kits-for-ultimate-class-optimus-primal\/\"]}]},{\"@type\":\"ImageObject\",\"inLanguage\":\"de\",\"@id\":\"https:\/\/hobby4geek.com\/product\/dna-design-dk-48-upgrade-kits-for-ultimate-class-optimus-primal\/#primaryimage\",\"url\":\"https:\/\/hobby4geek.com\/wp-content\/uploads\/2024\/02\/dna-design-dk-48-upgrade-kits-for-ultimate-class-optimus-primal-25.jpg\",\"contentUrl\":\"https:\/\/hobby4geek.com\/wp-content\/uploads\/2024\/02\/dna-design-dk-48-upgrade-kits-for-ultimate-class-optimus-primal-25.jpg\",\"width\":1145,\"height\":1018,\"caption\":\"Dna Design Dk 48 Upgrade Kits For Ultimate Class Optimus Primal 25\"},{\"@type\":\"BreadcrumbList\",\"@id\":\"https:\/\/hobby4geek.com\/product\/dna-design-dk-48-upgrade-kits-for-ultimate-class-optimus-primal\/#breadcrumb\",\"itemListElement\":[{\"@type\":\"ListItem\",\"position\":1,\"name\":\"Home\",\"item\":\"https:\/\/hobby4geek.com\/\"},{\"@type\":\"ListItem\",\"position\":2,\"name\":\"Shop\",\"item\":\"https:\/\/hobby4geek.com\/shop\/\"},{\"@type\":\"ListItem\",\"position\":3,\"name\":\"DNA Design &#8211; DK-48 Upgrade Kits for Ultimate Class Optimus Primal\"}]},{\"@type\":\"WebSite\",\"@id\":\"https:\/\/hobby4geek.com\/#website\",\"url\":\"https:\/\/hobby4geek.com\/\",\"name\":\"Hobby4Geek\",\"description\":\"Collect, Play &amp; Showcase, Embrace your Geekiness\",\"publisher\":{\"@id\":\"https:\/\/hobby4geek.com\/#organization\"},\"potentialAction\":[{\"@type\":\"SearchAction\",\"target\":{\"@type\":\"EntryPoint\",\"urlTemplate\":\"https:\/\/hobby4geek.com\/?s={search_term_string}\"},\"query-input\":{\"@type\":\"PropertyValueSpecification\",\"valueRequired\":true,\"valueName\":\"search_term_string\"}}],\"inLanguage\":\"de\"},{\"@type\":\"Organization\",\"@id\":\"https:\/\/hobby4geek.com\/#organization\",\"name\":\"Hobby4Geek\",\"url\":\"https:\/\/hobby4geek.com\/\",\"logo\":{\"@type\":\"ImageObject\",\"inLanguage\":\"de\",\"@id\":\"https:\/\/hobby4geek.com\/#\/schema\/logo\/image\/\",\"url\":\"https:\/\/hobby4geek.com\/wp-content\/uploads\/2023\/02\/default-kit.png\",\"contentUrl\":\"https:\/\/hobby4geek.com\/wp-content\/uploads\/2023\/02\/default-kit.png\",\"width\":600,\"height\":600,\"caption\":\"Hobby4Geek\"},\"image\":{\"@id\":\"https:\/\/hobby4geek.com\/#\/schema\/logo\/image\/\"},\"sameAs\":[\"https:\/\/www.facebook.com\/hobby4geek\",\"https:\/\/x.com\/hobby4geek\",\"https:\/\/www.instagram.com\/hobby4geek\/\"]}]}<\/script>\n<meta property=\"product:brand\" content=\"DNA Design\" \/>\n<meta property=\"product:price:amount\" content=\"46.80\" \/>\n<meta property=\"product:price:currency\" content=\"EUR\" \/>\n<meta property=\"og:availability\" content=\"instock\" \/>\n<meta property=\"product:availability\" content=\"instock\" \/>\n<meta property=\"product:condition\" content=\"new\" \/>\n<!-- \/ Yoast SEO Premium plugin. -->","yoast_head_json":{"title":"DNA Design - DK-48 Aufr\u00fcsts\u00e4tze f\u00fcr die Ultimate-Klasse Optimus Primal","robots":{"index":"index","follow":"follow","max-snippet":"max-snippet:-1","max-image-preview":"max-image-preview:large","max-video-preview":"max-video-preview:-1"},"canonical":"https:\/\/hobby4geek.com\/de\/produkt\/dna-design-dk-48-upgrade-kits-for-ultimate-class-optimus-primal\/","og_locale":"de_DE","og_type":"article","og_title":"DNA Design - DK-48 Upgrade Kits for Ultimate Class Optimus Primal","og_description":"Compatible with Transformers Ultimate Class ROTB Optimus Primal  An array of accessories and weapons for customizing  Optimus Primal figure sold separately  Convert Optimus Primal to Apelink!  Made of plastic  Packaging Contents:   1 x Head  2 x Weapons  1 x Armor Set  1 x Transwarp Key  Note: All figures shown sold separately.","og_url":"https:\/\/hobby4geek.com\/de\/produkt\/dna-design-dk-48-upgrade-kits-for-ultimate-class-optimus-primal\/","og_site_name":"Hobby4Geek","article_publisher":"https:\/\/www.facebook.com\/hobby4geek","article_modified_time":"2025-01-18T15:01:50+00:00","og_image":[{"width":1145,"height":1018,"url":"https:\/\/hobby4geek.com\/wp-content\/uploads\/2024\/02\/dna-design-dk-48-upgrade-kits-for-ultimate-class-optimus-primal-25.jpg","type":"image\/jpeg"}],"twitter_card":"summary_large_image","twitter_site":"@hobby4geek","schema":{"@context":"https:\/\/schema.org","@graph":[{"@type":"WebPage","@id":"https:\/\/hobby4geek.com\/product\/dna-design-dk-48-upgrade-kits-for-ultimate-class-optimus-primal\/","url":"https:\/\/hobby4geek.com\/product\/dna-design-dk-48-upgrade-kits-for-ultimate-class-optimus-primal\/","name":"DNA Design - DK-48 Aufr\u00fcsts\u00e4tze f\u00fcr die Ultimate-Klasse Optimus Primal","isPartOf":{"@id":"https:\/\/hobby4geek.com\/#website"},"primaryImageOfPage":{"@id":"https:\/\/hobby4geek.com\/product\/dna-design-dk-48-upgrade-kits-for-ultimate-class-optimus-primal\/#primaryimage"},"image":{"@id":"https:\/\/hobby4geek.com\/product\/dna-design-dk-48-upgrade-kits-for-ultimate-class-optimus-primal\/#primaryimage"},"thumbnailUrl":"https:\/\/hobby4geek.com\/wp-content\/uploads\/2024\/02\/dna-design-dk-48-upgrade-kits-for-ultimate-class-optimus-primal-25.jpg","datePublished":"2024-02-06T15:24:24+00:00","dateModified":"2025-01-18T15:01:50+00:00","breadcrumb":{"@id":"https:\/\/hobby4geek.com\/product\/dna-design-dk-48-upgrade-kits-for-ultimate-class-optimus-primal\/#breadcrumb"},"inLanguage":"de","potentialAction":[{"@type":"ReadAction","target":["https:\/\/hobby4geek.com\/product\/dna-design-dk-48-upgrade-kits-for-ultimate-class-optimus-primal\/"]}]},{"@type":"ImageObject","inLanguage":"de","@id":"https:\/\/hobby4geek.com\/product\/dna-design-dk-48-upgrade-kits-for-ultimate-class-optimus-primal\/#primaryimage","url":"https:\/\/hobby4geek.com\/wp-content\/uploads\/2024\/02\/dna-design-dk-48-upgrade-kits-for-ultimate-class-optimus-primal-25.jpg","contentUrl":"https:\/\/hobby4geek.com\/wp-content\/uploads\/2024\/02\/dna-design-dk-48-upgrade-kits-for-ultimate-class-optimus-primal-25.jpg","width":1145,"height":1018,"caption":"Dna Design Dk 48 Upgrade Kits For Ultimate Class Optimus Primal 25"},{"@type":"BreadcrumbList","@id":"https:\/\/hobby4geek.com\/product\/dna-design-dk-48-upgrade-kits-for-ultimate-class-optimus-primal\/#breadcrumb","itemListElement":[{"@type":"ListItem","position":1,"name":"Home","item":"https:\/\/hobby4geek.com\/"},{"@type":"ListItem","position":2,"name":"Shop","item":"https:\/\/hobby4geek.com\/shop\/"},{"@type":"ListItem","position":3,"name":"DNA Design &#8211; DK-48 Upgrade Kits for Ultimate Class Optimus Primal"}]},{"@type":"WebSite","@id":"https:\/\/hobby4geek.com\/#website","url":"https:\/\/hobby4geek.com\/","name":"Hobby4Geek","description":"Sammeln, Spielen &amp; Pr\u00e4sentieren, Umarmung der Geekiness","publisher":{"@id":"https:\/\/hobby4geek.com\/#organization"},"potentialAction":[{"@type":"SearchAction","target":{"@type":"EntryPoint","urlTemplate":"https:\/\/hobby4geek.com\/?s={search_term_string}"},"query-input":{"@type":"PropertyValueSpecification","valueRequired":true,"valueName":"search_term_string"}}],"inLanguage":"de"},{"@type":"Organization","@id":"https:\/\/hobby4geek.com\/#organization","name":"Hobby4Geek","url":"https:\/\/hobby4geek.com\/","logo":{"@type":"ImageObject","inLanguage":"de","@id":"https:\/\/hobby4geek.com\/#\/schema\/logo\/image\/","url":"https:\/\/hobby4geek.com\/wp-content\/uploads\/2023\/02\/default-kit.png","contentUrl":"https:\/\/hobby4geek.com\/wp-content\/uploads\/2023\/02\/default-kit.png","width":600,"height":600,"caption":"Hobby4Geek"},"image":{"@id":"https:\/\/hobby4geek.com\/#\/schema\/logo\/image\/"},"sameAs":["https:\/\/www.facebook.com\/hobby4geek","https:\/\/x.com\/hobby4geek","https:\/\/www.instagram.com\/hobby4geek\/"]}]},"product_brand":"DNA Design","product_price_amount":"46.80","product_price_currency":"EUR","og_availability":"instock","product_availability":"instock","product_condition":"new"},"_links":{"self":[{"href":"https:\/\/hobby4geek.com\/de\/wp-json\/wp\/v2\/product\/192343","targetHints":{"allow":["GET"]}}],"collection":[{"href":"https:\/\/hobby4geek.com\/de\/wp-json\/wp\/v2\/product"}],"about":[{"href":"https:\/\/hobby4geek.com\/de\/wp-json\/wp\/v2\/types\/product"}],"replies":[{"embeddable":true,"href":"https:\/\/hobby4geek.com\/de\/wp-json\/wp\/v2\/comments?post=192343"}],"version-history":[{"count":0,"href":"https:\/\/hobby4geek.com\/de\/wp-json\/wp\/v2\/product\/192343\/revisions"}],"wp:featuredmedia":[{"embeddable":true,"href":"https:\/\/hobby4geek.com\/de\/wp-json\/wp\/v2\/media\/192344"}],"wp:attachment":[{"href":"https:\/\/hobby4geek.com\/de\/wp-json\/wp\/v2\/media?parent=192343"}],"wp:term":[{"taxonomy":"product_brand","embeddable":true,"href":"https:\/\/hobby4geek.com\/de\/wp-json\/wp\/v2\/product_brand?post=192343"},{"taxonomy":"product_cat","embeddable":true,"href":"https:\/\/hobby4geek.com\/de\/wp-json\/wp\/v2\/product_cat?post=192343"},{"taxonomy":"product_tag","embeddable":true,"href":"https:\/\/hobby4geek.com\/de\/wp-json\/wp\/v2\/product_tag?post=192343"},{"taxonomy":"giftcard-category","embeddable":true,"href":"https:\/\/hobby4geek.com\/de\/wp-json\/wp\/v2\/giftcard-category?post=192343"}],"curies":[{"name":"wp","href":"https:\/\/api.w.org\/{rel}","templated":true}]}}