{"id":192106,"date":"2024-07-10T09:00:41","date_gmt":"2024-07-10T08:00:41","guid":{"rendered":"https:\/\/hobby4geek.com\/?post_type=product&#038;p=192106"},"modified":"2025-05-15T01:16:29","modified_gmt":"2025-05-15T00:16:29","slug":"transformers-legacy-united-armada-universe-tidal-wave","status":"publish","type":"product","link":"https:\/\/hobby4geek.com\/de\/produkt\/transformers-legacy-united-armada-universe-tidal-wave\/","title":{"rendered":"Transformers: Legacy United - Armada Universe: Flutwelle"},"content":{"rendered":"<p>Vereinige deine Lieblingscharaktere aus der ganzen Welt der Transformers-Roboter in deiner Sammlung mit der Transformers Legacy United Titan Class Armada Universe Tidal Wave Actionfigur! Diese 19 Zoll gro\u00dfe Armada Universe Tidal Wave Actionfigur l\u00e4sst sich in 23 Schritten vom Roboter zur Kampfstation umbauen. Die Figur l\u00e4sst sich au\u00dferdem in 3 Armada Universe Dark Fleet Fahrzeugspielzeuge zerlegen. Kombiniere die Armada Universe Dark Fleet Spielzeuge zu einem Battleship Combiner Modus. Diese Figur ist von der Figur aus der Zeichentrickserie inspiriert,\u00a0<em>Transformers: Armada<\/em>und verf\u00fcgt \u00fcber einen beweglichen Kopf, Arme und Beine f\u00fcr fantastische Action-Posen. Feiern Sie die letzten 40 Jahre der Transformers-Geschichte mit den Transformers Legacy-Actionfiguren. Transformers Legacy \u00f6ffnet das Tor zu einem ganz neuen Universum von - More Than Meets the Eye - und bringt alle Transformers-Generationen zusammen, wie Sie es noch nie zuvor gesehen haben. Sammle und kombiniere verschiedene Figuren, um deine ideale Legacy-Besetzung zusammenzustellen.<\/p>\n<p>Enth\u00e4lt eine Figur, 10 Teile und eine Anleitung.<\/p>\n<ul>\n<li>GROSSE 19-ZOLL ARMADA UNIVERSE TIDAL WAVE ACTIONFIGUR: Dieses 48 cm (19 Zoll) gro\u00dfe Armada Universe Tidal Wave-Spielzeug ist von der Deko und den Details der Zeichentrickserie inspiriert,\u00a0<em>Transformers: Armada<\/em><\/li>\n<li>2 IN 1 UMWANDELBARES TRANSFORMERS-SPIELZEUG: Diese Transformers-Sammelfigur f\u00fcr Erwachsene l\u00e4sst sich in 23 Schritten vom Roboter zur Kampfstation umwandeln.<\/li>\n<li>F\u00fcge die dunkle Flotte zusammen: Trenne die Figur, um die 3 Armada Universe Dark Fleet Fahrzeugspielzeuge zu enth\u00fcllen. Kombiniere diese Figuren zu einem Schlachtschiff-Spielzeug<\/li>\n<li>KOMBINIERE MIT ANDEREN FIGUREN, UM DEN KAMPFMODUS FREIZUSCHALTEN: Kombiniere das Armada Universe Dark Fleet Spielzeug mit Armada Universe Megatron oder Armada Universe Galvatron (jeweils separat erh\u00e4ltlich, je nach Verf\u00fcgbarkeit)<\/li>\n<li>GESTALTEN ZUM SPIELEN UND ANZEIGEN: Die Transformers-Figuren haben bewegliche K\u00f6pfe, Arme und Beine f\u00fcr Action-Posen.<\/li>\n<li>FEIERN SIE DIE LEGACY: Transformers Legacy United ehrt 40 Jahre Transformers-Animationsgeschichte! Sammle weitere Legacy: United-Figuren, um deine Sammlung zu vervollst\u00e4ndigen (jede Figur ist separat erh\u00e4ltlich, je nach Verf\u00fcgbarkeit)<\/li>\n<li>TRANSFORMERS COLLECTIBLES GESCHENK: Diese Armada Universe Tidal Wave Actionfigur ist ein tolles Geschenk f\u00fcr jeden Transformers-Fan<\/li>\n<\/ul>\n<ul>\n<li>48 cm<\/li>\n<li>Titan-Klasse<\/li>\n<li>Baut den Roboter zur Kampfstation um<\/li>\n<li>23 Schritte<\/li>\n<\/ul>","protected":false},"excerpt":{"rendered":"<ul>\n<li>48 cm<\/li>\n<li>Titan-Klasse<\/li>\n<li>Baut den Roboter zur Kampfstation um<\/li>\n<li>23 Schritte<\/li>\n<\/ul>","protected":false},"featured_media":192113,"comment_status":"open","ping_status":"closed","template":"","meta":{"inline_featured_image":false},"product_brand":[],"product_cat":[1955,68,69,1960],"product_tag":[1759,2420,335,2400,1860,2419,2131,1975,204],"giftcard-category":[],"class_list":{"0":"post-192106","1":"product","2":"type-product","3":"status-publish","4":"has-post-thumbnail","6":"product_cat-transformers","7":"product_cat-hasbro","8":"product_cat-takara-tomy","9":"product_cat-transformers-generations","10":"product_tag-action-toys","11":"product_tag-armada-universe","12":"product_tag-hasbro","13":"product_tag-legacy-united","14":"product_tag-takaratomy","15":"product_tag-tidal-wave","16":"product_tag-titan-class","17":"product_tag-toys-figures","18":"product_tag-transformers","19":"product_shipping_class-heavy","21":"first","22":"outofstock","23":"featured","24":"taxable","25":"shipping-taxable","26":"purchasable","27":"product-type-simple","28":"add-to-wishlist-after_add_to_cart"},"yoast_head":"<!-- This site is optimized with the Yoast SEO Premium plugin v25.3.1 (Yoast SEO v27.2) - https:\/\/yoast.com\/product\/yoast-seo-premium-wordpress\/ -->\n<title>Transformers: Legacy United - Armada Universe: Tidal Wave<\/title>\n<meta name=\"robots\" content=\"index, follow, max-snippet:-1, max-image-preview:large, max-video-preview:-1\" \/>\n<link rel=\"canonical\" href=\"https:\/\/hobby4geek.com\/de\/produkt\/transformers-legacy-united-armada-universe-tidal-wave\/\" \/>\n<meta property=\"og:locale\" content=\"de_DE\" \/>\n<meta property=\"og:type\" content=\"article\" \/>\n<meta property=\"og:title\" content=\"Transformers: Legacy United - Armada Universe: Tidal Wave\" \/>\n<meta property=\"og:description\" content=\"48 cm  Titan Class  Converts robot to battle station  23 steps\" \/>\n<meta property=\"og:url\" content=\"https:\/\/hobby4geek.com\/de\/produkt\/transformers-legacy-united-armada-universe-tidal-wave\/\" \/>\n<meta property=\"og:site_name\" content=\"Hobby4Geek\" \/>\n<meta property=\"article:publisher\" content=\"https:\/\/www.facebook.com\/hobby4geek\" \/>\n<meta property=\"article:modified_time\" content=\"2025-05-15T00:16:29+00:00\" \/>\n<meta property=\"og:image\" content=\"https:\/\/hobby4geek.com\/wp-content\/uploads\/2024\/01\/transformers-legacy-united-armada-universe-tidal-wave-3.webp\" \/>\n\t<meta property=\"og:image:width\" content=\"2000\" \/>\n\t<meta property=\"og:image:height\" content=\"2000\" \/>\n\t<meta property=\"og:image:type\" content=\"image\/webp\" \/>\n<meta name=\"twitter:card\" content=\"summary_large_image\" \/>\n<meta name=\"twitter:site\" content=\"@hobby4geek\" \/>\n<script type=\"application\/ld+json\" class=\"yoast-schema-graph\">{\"@context\":\"https:\/\/schema.org\",\"@graph\":[{\"@type\":\"WebPage\",\"@id\":\"https:\/\/hobby4geek.com\/product\/transformers-legacy-united-armada-universe-tidal-wave\/\",\"url\":\"https:\/\/hobby4geek.com\/product\/transformers-legacy-united-armada-universe-tidal-wave\/\",\"name\":\"Transformers: Legacy United - Armada Universe: Tidal Wave\",\"isPartOf\":{\"@id\":\"https:\/\/hobby4geek.com\/#website\"},\"primaryImageOfPage\":{\"@id\":\"https:\/\/hobby4geek.com\/product\/transformers-legacy-united-armada-universe-tidal-wave\/#primaryimage\"},\"image\":{\"@id\":\"https:\/\/hobby4geek.com\/product\/transformers-legacy-united-armada-universe-tidal-wave\/#primaryimage\"},\"thumbnailUrl\":\"https:\/\/hobby4geek.com\/wp-content\/uploads\/2024\/01\/transformers-legacy-united-armada-universe-tidal-wave-3.webp\",\"datePublished\":\"2024-07-10T08:00:41+00:00\",\"dateModified\":\"2025-05-15T00:16:29+00:00\",\"breadcrumb\":{\"@id\":\"https:\/\/hobby4geek.com\/product\/transformers-legacy-united-armada-universe-tidal-wave\/#breadcrumb\"},\"inLanguage\":\"de\",\"potentialAction\":[{\"@type\":\"ReadAction\",\"target\":[\"https:\/\/hobby4geek.com\/product\/transformers-legacy-united-armada-universe-tidal-wave\/\"]}]},{\"@type\":\"ImageObject\",\"inLanguage\":\"de\",\"@id\":\"https:\/\/hobby4geek.com\/product\/transformers-legacy-united-armada-universe-tidal-wave\/#primaryimage\",\"url\":\"https:\/\/hobby4geek.com\/wp-content\/uploads\/2024\/01\/transformers-legacy-united-armada-universe-tidal-wave-3.webp\",\"contentUrl\":\"https:\/\/hobby4geek.com\/wp-content\/uploads\/2024\/01\/transformers-legacy-united-armada-universe-tidal-wave-3.webp\",\"width\":2000,\"height\":2000,\"caption\":\"Transformers Legacy United Armada Universe Tidal Wave 3\"},{\"@type\":\"BreadcrumbList\",\"@id\":\"https:\/\/hobby4geek.com\/product\/transformers-legacy-united-armada-universe-tidal-wave\/#breadcrumb\",\"itemListElement\":[{\"@type\":\"ListItem\",\"position\":1,\"name\":\"Home\",\"item\":\"https:\/\/hobby4geek.com\/\"},{\"@type\":\"ListItem\",\"position\":2,\"name\":\"Shop\",\"item\":\"https:\/\/hobby4geek.com\/shop\/\"},{\"@type\":\"ListItem\",\"position\":3,\"name\":\"Transformers: Legacy United &#8211; Armada Universe: Tidal Wave\"}]},{\"@type\":\"WebSite\",\"@id\":\"https:\/\/hobby4geek.com\/#website\",\"url\":\"https:\/\/hobby4geek.com\/\",\"name\":\"Hobby4Geek\",\"description\":\"Collect, Play &amp; Showcase, Embrace your Geekiness\",\"publisher\":{\"@id\":\"https:\/\/hobby4geek.com\/#organization\"},\"potentialAction\":[{\"@type\":\"SearchAction\",\"target\":{\"@type\":\"EntryPoint\",\"urlTemplate\":\"https:\/\/hobby4geek.com\/?s={search_term_string}\"},\"query-input\":{\"@type\":\"PropertyValueSpecification\",\"valueRequired\":true,\"valueName\":\"search_term_string\"}}],\"inLanguage\":\"de\"},{\"@type\":\"Organization\",\"@id\":\"https:\/\/hobby4geek.com\/#organization\",\"name\":\"Hobby4Geek\",\"url\":\"https:\/\/hobby4geek.com\/\",\"logo\":{\"@type\":\"ImageObject\",\"inLanguage\":\"de\",\"@id\":\"https:\/\/hobby4geek.com\/#\/schema\/logo\/image\/\",\"url\":\"https:\/\/hobby4geek.com\/wp-content\/uploads\/2023\/02\/default-kit.png\",\"contentUrl\":\"https:\/\/hobby4geek.com\/wp-content\/uploads\/2023\/02\/default-kit.png\",\"width\":600,\"height\":600,\"caption\":\"Hobby4Geek\"},\"image\":{\"@id\":\"https:\/\/hobby4geek.com\/#\/schema\/logo\/image\/\"},\"sameAs\":[\"https:\/\/www.facebook.com\/hobby4geek\",\"https:\/\/x.com\/hobby4geek\",\"https:\/\/www.instagram.com\/hobby4geek\/\"]}]}<\/script>\n<meta property=\"product:brand\" content=\"Transformers\" \/>\n<meta property=\"product:price:amount\" content=\"226.80\" \/>\n<meta property=\"product:price:currency\" content=\"EUR\" \/>\n<meta property=\"og:availability\" content=\"out of stock\" \/>\n<meta property=\"product:availability\" content=\"out of stock\" \/>\n<meta property=\"product:retailer_item_id\" content=\"5010996192943\" \/>\n<meta property=\"product:condition\" content=\"new\" \/>\n<!-- \/ Yoast SEO Premium plugin. -->","yoast_head_json":{"title":"Transformers: Legacy United - Armada Universe: Flutwelle","robots":{"index":"index","follow":"follow","max-snippet":"max-snippet:-1","max-image-preview":"max-image-preview:large","max-video-preview":"max-video-preview:-1"},"canonical":"https:\/\/hobby4geek.com\/de\/produkt\/transformers-legacy-united-armada-universe-tidal-wave\/","og_locale":"de_DE","og_type":"article","og_title":"Transformers: Legacy United - Armada Universe: Tidal Wave","og_description":"48 cm  Titan Class  Converts robot to battle station  23 steps","og_url":"https:\/\/hobby4geek.com\/de\/produkt\/transformers-legacy-united-armada-universe-tidal-wave\/","og_site_name":"Hobby4Geek","article_publisher":"https:\/\/www.facebook.com\/hobby4geek","article_modified_time":"2025-05-15T00:16:29+00:00","og_image":[{"width":2000,"height":2000,"url":"https:\/\/hobby4geek.com\/wp-content\/uploads\/2024\/01\/transformers-legacy-united-armada-universe-tidal-wave-3.webp","type":"image\/webp"}],"twitter_card":"summary_large_image","twitter_site":"@hobby4geek","schema":{"@context":"https:\/\/schema.org","@graph":[{"@type":"WebPage","@id":"https:\/\/hobby4geek.com\/product\/transformers-legacy-united-armada-universe-tidal-wave\/","url":"https:\/\/hobby4geek.com\/product\/transformers-legacy-united-armada-universe-tidal-wave\/","name":"Transformers: Legacy United - Armada Universe: Flutwelle","isPartOf":{"@id":"https:\/\/hobby4geek.com\/#website"},"primaryImageOfPage":{"@id":"https:\/\/hobby4geek.com\/product\/transformers-legacy-united-armada-universe-tidal-wave\/#primaryimage"},"image":{"@id":"https:\/\/hobby4geek.com\/product\/transformers-legacy-united-armada-universe-tidal-wave\/#primaryimage"},"thumbnailUrl":"https:\/\/hobby4geek.com\/wp-content\/uploads\/2024\/01\/transformers-legacy-united-armada-universe-tidal-wave-3.webp","datePublished":"2024-07-10T08:00:41+00:00","dateModified":"2025-05-15T00:16:29+00:00","breadcrumb":{"@id":"https:\/\/hobby4geek.com\/product\/transformers-legacy-united-armada-universe-tidal-wave\/#breadcrumb"},"inLanguage":"de","potentialAction":[{"@type":"ReadAction","target":["https:\/\/hobby4geek.com\/product\/transformers-legacy-united-armada-universe-tidal-wave\/"]}]},{"@type":"ImageObject","inLanguage":"de","@id":"https:\/\/hobby4geek.com\/product\/transformers-legacy-united-armada-universe-tidal-wave\/#primaryimage","url":"https:\/\/hobby4geek.com\/wp-content\/uploads\/2024\/01\/transformers-legacy-united-armada-universe-tidal-wave-3.webp","contentUrl":"https:\/\/hobby4geek.com\/wp-content\/uploads\/2024\/01\/transformers-legacy-united-armada-universe-tidal-wave-3.webp","width":2000,"height":2000,"caption":"Transformers Legacy United Armada Universe Tidal Wave 3"},{"@type":"BreadcrumbList","@id":"https:\/\/hobby4geek.com\/product\/transformers-legacy-united-armada-universe-tidal-wave\/#breadcrumb","itemListElement":[{"@type":"ListItem","position":1,"name":"Home","item":"https:\/\/hobby4geek.com\/"},{"@type":"ListItem","position":2,"name":"Shop","item":"https:\/\/hobby4geek.com\/shop\/"},{"@type":"ListItem","position":3,"name":"Transformers: Legacy United &#8211; Armada Universe: Tidal Wave"}]},{"@type":"WebSite","@id":"https:\/\/hobby4geek.com\/#website","url":"https:\/\/hobby4geek.com\/","name":"Hobby4Geek","description":"Sammeln, Spielen &amp; Pr\u00e4sentieren, Umarmung der Geekiness","publisher":{"@id":"https:\/\/hobby4geek.com\/#organization"},"potentialAction":[{"@type":"SearchAction","target":{"@type":"EntryPoint","urlTemplate":"https:\/\/hobby4geek.com\/?s={search_term_string}"},"query-input":{"@type":"PropertyValueSpecification","valueRequired":true,"valueName":"search_term_string"}}],"inLanguage":"de"},{"@type":"Organization","@id":"https:\/\/hobby4geek.com\/#organization","name":"Hobby4Geek","url":"https:\/\/hobby4geek.com\/","logo":{"@type":"ImageObject","inLanguage":"de","@id":"https:\/\/hobby4geek.com\/#\/schema\/logo\/image\/","url":"https:\/\/hobby4geek.com\/wp-content\/uploads\/2023\/02\/default-kit.png","contentUrl":"https:\/\/hobby4geek.com\/wp-content\/uploads\/2023\/02\/default-kit.png","width":600,"height":600,"caption":"Hobby4Geek"},"image":{"@id":"https:\/\/hobby4geek.com\/#\/schema\/logo\/image\/"},"sameAs":["https:\/\/www.facebook.com\/hobby4geek","https:\/\/x.com\/hobby4geek","https:\/\/www.instagram.com\/hobby4geek\/"]}]},"product_brand":"Transformers","product_price_amount":"226.80","product_price_currency":"EUR","og_availability":"out of stock","product_availability":"out of stock","product_retailer_item_id":"5010996192943","product_condition":"new"},"_links":{"self":[{"href":"https:\/\/hobby4geek.com\/de\/wp-json\/wp\/v2\/product\/192106","targetHints":{"allow":["GET"]}}],"collection":[{"href":"https:\/\/hobby4geek.com\/de\/wp-json\/wp\/v2\/product"}],"about":[{"href":"https:\/\/hobby4geek.com\/de\/wp-json\/wp\/v2\/types\/product"}],"replies":[{"embeddable":true,"href":"https:\/\/hobby4geek.com\/de\/wp-json\/wp\/v2\/comments?post=192106"}],"version-history":[{"count":0,"href":"https:\/\/hobby4geek.com\/de\/wp-json\/wp\/v2\/product\/192106\/revisions"}],"wp:featuredmedia":[{"embeddable":true,"href":"https:\/\/hobby4geek.com\/de\/wp-json\/wp\/v2\/media\/192113"}],"wp:attachment":[{"href":"https:\/\/hobby4geek.com\/de\/wp-json\/wp\/v2\/media?parent=192106"}],"wp:term":[{"taxonomy":"product_brand","embeddable":true,"href":"https:\/\/hobby4geek.com\/de\/wp-json\/wp\/v2\/product_brand?post=192106"},{"taxonomy":"product_cat","embeddable":true,"href":"https:\/\/hobby4geek.com\/de\/wp-json\/wp\/v2\/product_cat?post=192106"},{"taxonomy":"product_tag","embeddable":true,"href":"https:\/\/hobby4geek.com\/de\/wp-json\/wp\/v2\/product_tag?post=192106"},{"taxonomy":"giftcard-category","embeddable":true,"href":"https:\/\/hobby4geek.com\/de\/wp-json\/wp\/v2\/giftcard-category?post=192106"}],"curies":[{"name":"wp","href":"https:\/\/api.w.org\/{rel}","templated":true}]}}