{"id":191402,"date":"2023-11-19T12:36:54","date_gmt":"2023-11-19T10:36:54","guid":{"rendered":"https:\/\/hobby4geek.com\/?post_type=product&#038;p=191402"},"modified":"2024-06-15T13:25:12","modified_gmt":"2024-06-15T12:25:12","slug":"masters-of-the-universe-origins-webstor","status":"publish","type":"product","link":"https:\/\/hobby4geek.com\/de\/produkt\/masters-of-the-universe-origins-webstor\/","title":{"rendered":"Masters of the Universe: Die Urspr\u00fcnge - Webstor"},"content":{"rendered":"<p>Es ist eine aufregende Zeit, ein Masters of the Universe-Fan zu sein! F\u00fcr langj\u00e4hrige Fans und f\u00fcr eine neue Generation von Kindern, die Action und Abenteuer lieben, ist es an der Zeit, die aufregende Action und die Abenteuer von He-Man, Skeletor, die Geheimnisse von Castle Grayskull und vieles mehr zu erleben! Die Figuren in dieser Kollektion sind 5,5 Zoll gro\u00df und haben 16 bewegliche Gelenke, so dass sie f\u00fcr fantasievollen und actionorientierten Spa\u00df im Stil der Masters of the Universe posieren k\u00f6nnen! Langj\u00e4hrige Fans werden sowohl die Vintage-Designdetails zu sch\u00e4tzen wissen, die das Erbe dieser geliebten Abenteuerreihe ehren, als auch die Design-Updates, die einen aufregenden Blick in die Zukunft erm\u00f6glichen.<\/p>\n<ul>\n<li>5,50 Zoll (13,97cm)<\/li>\n<li>Hergestellt aus Kunststoff<\/li>\n<li>Bis zu 16 Gelenkpunkte<\/li>\n<li>Klassisches, von Masters of the Universe inspiriertes Spielzeugdesign<\/li>\n<li>Verpackung im Retro-Stil<\/li>\n<\/ul>","protected":false},"excerpt":{"rendered":"<ul>\n<li>5,50 Zoll (13,97cm)<\/li>\n<li>Hergestellt aus Kunststoff<\/li>\n<li>Bis zu 16 Gelenkpunkte<\/li>\n<li>Klassisches, von Masters of the Universe inspiriertes Spielzeugdesign<\/li>\n<li>Verpackung im Retro-Stil<\/li>\n<\/ul>","protected":false},"featured_media":191403,"comment_status":"open","ping_status":"closed","template":"","meta":{"inline_featured_image":false},"product_brand":[],"product_cat":[2218,2224,2023],"product_tag":[1759,2397,2219,2223,2225,1975,2396],"giftcard-category":[],"class_list":{"0":"post-191402","1":"product","2":"type-product","3":"status-publish","4":"has-post-thumbnail","6":"product_cat-masters-of-the-universe","7":"product_cat-masters-of-the-universe-origins","8":"product_cat-mattel","9":"product_tag-action-toys","10":"product_tag-hyd22","11":"product_tag-masters-of-the-universe-origins","12":"product_tag-motu","13":"product_tag-origins","14":"product_tag-toys-figures","15":"product_tag-webstor","16":"product_shipping_class-light","18":"first","19":"outofstock","20":"taxable","21":"shipping-taxable","22":"purchasable","23":"product-type-simple","24":"add-to-wishlist-after_add_to_cart"},"yoast_head":"<!-- This site is optimized with the Yoast SEO Premium plugin v25.3.1 (Yoast SEO v27.2) - https:\/\/yoast.com\/product\/yoast-seo-premium-wordpress\/ -->\n<title>Masters of the Universe: Origins - Webstor<\/title>\n<meta name=\"robots\" content=\"index, follow, max-snippet:-1, max-image-preview:large, max-video-preview:-1\" \/>\n<link rel=\"canonical\" href=\"https:\/\/hobby4geek.com\/de\/produkt\/masters-of-the-universe-origins-webstor\/\" \/>\n<meta property=\"og:locale\" content=\"de_DE\" \/>\n<meta property=\"og:type\" content=\"article\" \/>\n<meta property=\"og:title\" content=\"Masters of the Universe: Origins - Webstor\" \/>\n<meta property=\"og:description\" content=\"5.50 inches (13.97cm)  Made of plastic  Up to 16 points of articulation  Classic Masters of the Universe toy inspired design  Retro-style packaging\" \/>\n<meta property=\"og:url\" content=\"https:\/\/hobby4geek.com\/de\/produkt\/masters-of-the-universe-origins-webstor\/\" \/>\n<meta property=\"og:site_name\" content=\"Hobby4Geek\" \/>\n<meta property=\"article:publisher\" content=\"https:\/\/www.facebook.com\/hobby4geek\" \/>\n<meta property=\"article:modified_time\" content=\"2024-06-15T12:25:12+00:00\" \/>\n<meta property=\"og:image\" content=\"https:\/\/hobby4geek.com\/wp-content\/uploads\/2023\/12\/masters-of-the-universe-origins-webstor-3.jpg\" \/>\n\t<meta property=\"og:image:width\" content=\"1000\" \/>\n\t<meta property=\"og:image:height\" content=\"1000\" \/>\n\t<meta property=\"og:image:type\" content=\"image\/jpeg\" \/>\n<meta name=\"twitter:card\" content=\"summary_large_image\" \/>\n<meta name=\"twitter:site\" content=\"@hobby4geek\" \/>\n<script type=\"application\/ld+json\" class=\"yoast-schema-graph\">{\"@context\":\"https:\/\/schema.org\",\"@graph\":[{\"@type\":\"WebPage\",\"@id\":\"https:\/\/hobby4geek.com\/nl\/product\/masters-of-the-universe-origins-webstor\/\",\"url\":\"https:\/\/hobby4geek.com\/nl\/product\/masters-of-the-universe-origins-webstor\/\",\"name\":\"Masters of the Universe: Origins - Webstor\",\"isPartOf\":{\"@id\":\"https:\/\/hobby4geek.com\/#website\"},\"primaryImageOfPage\":{\"@id\":\"https:\/\/hobby4geek.com\/nl\/product\/masters-of-the-universe-origins-webstor\/#primaryimage\"},\"image\":{\"@id\":\"https:\/\/hobby4geek.com\/nl\/product\/masters-of-the-universe-origins-webstor\/#primaryimage\"},\"thumbnailUrl\":\"https:\/\/hobby4geek.com\/wp-content\/uploads\/2023\/12\/masters-of-the-universe-origins-webstor-3.jpg\",\"datePublished\":\"2023-11-19T10:36:54+00:00\",\"dateModified\":\"2024-06-15T12:25:12+00:00\",\"breadcrumb\":{\"@id\":\"https:\/\/hobby4geek.com\/nl\/product\/masters-of-the-universe-origins-webstor\/#breadcrumb\"},\"inLanguage\":\"de\",\"potentialAction\":[{\"@type\":\"ReadAction\",\"target\":[\"https:\/\/hobby4geek.com\/nl\/product\/masters-of-the-universe-origins-webstor\/\"]}]},{\"@type\":\"ImageObject\",\"inLanguage\":\"de\",\"@id\":\"https:\/\/hobby4geek.com\/nl\/product\/masters-of-the-universe-origins-webstor\/#primaryimage\",\"url\":\"https:\/\/hobby4geek.com\/wp-content\/uploads\/2023\/12\/masters-of-the-universe-origins-webstor-3.jpg\",\"contentUrl\":\"https:\/\/hobby4geek.com\/wp-content\/uploads\/2023\/12\/masters-of-the-universe-origins-webstor-3.jpg\",\"width\":1000,\"height\":1000},{\"@type\":\"BreadcrumbList\",\"@id\":\"https:\/\/hobby4geek.com\/nl\/product\/masters-of-the-universe-origins-webstor\/#breadcrumb\",\"itemListElement\":[{\"@type\":\"ListItem\",\"position\":1,\"name\":\"Home\",\"item\":\"https:\/\/hobby4geek.com\/\"},{\"@type\":\"ListItem\",\"position\":2,\"name\":\"Shop\",\"item\":\"https:\/\/hobby4geek.com\/shop\/\"},{\"@type\":\"ListItem\",\"position\":3,\"name\":\"Masters of the Universe: Origins &#8211; Webstor\"}]},{\"@type\":\"WebSite\",\"@id\":\"https:\/\/hobby4geek.com\/#website\",\"url\":\"https:\/\/hobby4geek.com\/\",\"name\":\"Hobby4Geek\",\"description\":\"Collect, Play &amp; Showcase, Embrace your Geekiness\",\"publisher\":{\"@id\":\"https:\/\/hobby4geek.com\/#organization\"},\"potentialAction\":[{\"@type\":\"SearchAction\",\"target\":{\"@type\":\"EntryPoint\",\"urlTemplate\":\"https:\/\/hobby4geek.com\/?s={search_term_string}\"},\"query-input\":{\"@type\":\"PropertyValueSpecification\",\"valueRequired\":true,\"valueName\":\"search_term_string\"}}],\"inLanguage\":\"de\"},{\"@type\":\"Organization\",\"@id\":\"https:\/\/hobby4geek.com\/#organization\",\"name\":\"Hobby4Geek\",\"url\":\"https:\/\/hobby4geek.com\/\",\"logo\":{\"@type\":\"ImageObject\",\"inLanguage\":\"de\",\"@id\":\"https:\/\/hobby4geek.com\/#\/schema\/logo\/image\/\",\"url\":\"https:\/\/hobby4geek.com\/wp-content\/uploads\/2023\/02\/default-kit.png\",\"contentUrl\":\"https:\/\/hobby4geek.com\/wp-content\/uploads\/2023\/02\/default-kit.png\",\"width\":600,\"height\":600,\"caption\":\"Hobby4Geek\"},\"image\":{\"@id\":\"https:\/\/hobby4geek.com\/#\/schema\/logo\/image\/\"},\"sameAs\":[\"https:\/\/www.facebook.com\/hobby4geek\",\"https:\/\/x.com\/hobby4geek\",\"https:\/\/www.instagram.com\/hobby4geek\/\"]}]}<\/script>\n<meta property=\"product:brand\" content=\"Masters of the Universe\" \/>\n<meta property=\"product:price:amount\" content=\"22.60\" \/>\n<meta property=\"product:price:currency\" content=\"EUR\" \/>\n<meta property=\"og:availability\" content=\"out of stock\" \/>\n<meta property=\"product:availability\" content=\"out of stock\" \/>\n<meta property=\"product:retailer_item_id\" content=\"0194735244256\" \/>\n<meta property=\"product:condition\" content=\"new\" \/>\n<!-- \/ Yoast SEO Premium plugin. -->","yoast_head_json":{"title":"Masters of the Universe: Die Urspr\u00fcnge - Webstor","robots":{"index":"index","follow":"follow","max-snippet":"max-snippet:-1","max-image-preview":"max-image-preview:large","max-video-preview":"max-video-preview:-1"},"canonical":"https:\/\/hobby4geek.com\/de\/produkt\/masters-of-the-universe-origins-webstor\/","og_locale":"de_DE","og_type":"article","og_title":"Masters of the Universe: Origins - Webstor","og_description":"5.50 inches (13.97cm)  Made of plastic  Up to 16 points of articulation  Classic Masters of the Universe toy inspired design  Retro-style packaging","og_url":"https:\/\/hobby4geek.com\/de\/produkt\/masters-of-the-universe-origins-webstor\/","og_site_name":"Hobby4Geek","article_publisher":"https:\/\/www.facebook.com\/hobby4geek","article_modified_time":"2024-06-15T12:25:12+00:00","og_image":[{"width":1000,"height":1000,"url":"https:\/\/hobby4geek.com\/wp-content\/uploads\/2023\/12\/masters-of-the-universe-origins-webstor-3.jpg","type":"image\/jpeg"}],"twitter_card":"summary_large_image","twitter_site":"@hobby4geek","schema":{"@context":"https:\/\/schema.org","@graph":[{"@type":"WebPage","@id":"https:\/\/hobby4geek.com\/nl\/product\/masters-of-the-universe-origins-webstor\/","url":"https:\/\/hobby4geek.com\/nl\/product\/masters-of-the-universe-origins-webstor\/","name":"Masters of the Universe: Die Urspr\u00fcnge - Webstor","isPartOf":{"@id":"https:\/\/hobby4geek.com\/#website"},"primaryImageOfPage":{"@id":"https:\/\/hobby4geek.com\/nl\/product\/masters-of-the-universe-origins-webstor\/#primaryimage"},"image":{"@id":"https:\/\/hobby4geek.com\/nl\/product\/masters-of-the-universe-origins-webstor\/#primaryimage"},"thumbnailUrl":"https:\/\/hobby4geek.com\/wp-content\/uploads\/2023\/12\/masters-of-the-universe-origins-webstor-3.jpg","datePublished":"2023-11-19T10:36:54+00:00","dateModified":"2024-06-15T12:25:12+00:00","breadcrumb":{"@id":"https:\/\/hobby4geek.com\/nl\/product\/masters-of-the-universe-origins-webstor\/#breadcrumb"},"inLanguage":"de","potentialAction":[{"@type":"ReadAction","target":["https:\/\/hobby4geek.com\/nl\/product\/masters-of-the-universe-origins-webstor\/"]}]},{"@type":"ImageObject","inLanguage":"de","@id":"https:\/\/hobby4geek.com\/nl\/product\/masters-of-the-universe-origins-webstor\/#primaryimage","url":"https:\/\/hobby4geek.com\/wp-content\/uploads\/2023\/12\/masters-of-the-universe-origins-webstor-3.jpg","contentUrl":"https:\/\/hobby4geek.com\/wp-content\/uploads\/2023\/12\/masters-of-the-universe-origins-webstor-3.jpg","width":1000,"height":1000},{"@type":"BreadcrumbList","@id":"https:\/\/hobby4geek.com\/nl\/product\/masters-of-the-universe-origins-webstor\/#breadcrumb","itemListElement":[{"@type":"ListItem","position":1,"name":"Home","item":"https:\/\/hobby4geek.com\/"},{"@type":"ListItem","position":2,"name":"Shop","item":"https:\/\/hobby4geek.com\/shop\/"},{"@type":"ListItem","position":3,"name":"Masters of the Universe: Origins &#8211; Webstor"}]},{"@type":"WebSite","@id":"https:\/\/hobby4geek.com\/#website","url":"https:\/\/hobby4geek.com\/","name":"Hobby4Geek","description":"Sammeln, Spielen &amp; Pr\u00e4sentieren, Umarmung der Geekiness","publisher":{"@id":"https:\/\/hobby4geek.com\/#organization"},"potentialAction":[{"@type":"SearchAction","target":{"@type":"EntryPoint","urlTemplate":"https:\/\/hobby4geek.com\/?s={search_term_string}"},"query-input":{"@type":"PropertyValueSpecification","valueRequired":true,"valueName":"search_term_string"}}],"inLanguage":"de"},{"@type":"Organization","@id":"https:\/\/hobby4geek.com\/#organization","name":"Hobby4Geek","url":"https:\/\/hobby4geek.com\/","logo":{"@type":"ImageObject","inLanguage":"de","@id":"https:\/\/hobby4geek.com\/#\/schema\/logo\/image\/","url":"https:\/\/hobby4geek.com\/wp-content\/uploads\/2023\/02\/default-kit.png","contentUrl":"https:\/\/hobby4geek.com\/wp-content\/uploads\/2023\/02\/default-kit.png","width":600,"height":600,"caption":"Hobby4Geek"},"image":{"@id":"https:\/\/hobby4geek.com\/#\/schema\/logo\/image\/"},"sameAs":["https:\/\/www.facebook.com\/hobby4geek","https:\/\/x.com\/hobby4geek","https:\/\/www.instagram.com\/hobby4geek\/"]}]},"product_brand":"Masters of the Universe","product_price_amount":"22.60","product_price_currency":"EUR","og_availability":"out of stock","product_availability":"out of stock","product_retailer_item_id":"0194735244256","product_condition":"new"},"_links":{"self":[{"href":"https:\/\/hobby4geek.com\/de\/wp-json\/wp\/v2\/product\/191402","targetHints":{"allow":["GET"]}}],"collection":[{"href":"https:\/\/hobby4geek.com\/de\/wp-json\/wp\/v2\/product"}],"about":[{"href":"https:\/\/hobby4geek.com\/de\/wp-json\/wp\/v2\/types\/product"}],"replies":[{"embeddable":true,"href":"https:\/\/hobby4geek.com\/de\/wp-json\/wp\/v2\/comments?post=191402"}],"version-history":[{"count":0,"href":"https:\/\/hobby4geek.com\/de\/wp-json\/wp\/v2\/product\/191402\/revisions"}],"wp:featuredmedia":[{"embeddable":true,"href":"https:\/\/hobby4geek.com\/de\/wp-json\/wp\/v2\/media\/191403"}],"wp:attachment":[{"href":"https:\/\/hobby4geek.com\/de\/wp-json\/wp\/v2\/media?parent=191402"}],"wp:term":[{"taxonomy":"product_brand","embeddable":true,"href":"https:\/\/hobby4geek.com\/de\/wp-json\/wp\/v2\/product_brand?post=191402"},{"taxonomy":"product_cat","embeddable":true,"href":"https:\/\/hobby4geek.com\/de\/wp-json\/wp\/v2\/product_cat?post=191402"},{"taxonomy":"product_tag","embeddable":true,"href":"https:\/\/hobby4geek.com\/de\/wp-json\/wp\/v2\/product_tag?post=191402"},{"taxonomy":"giftcard-category","embeddable":true,"href":"https:\/\/hobby4geek.com\/de\/wp-json\/wp\/v2\/giftcard-category?post=191402"}],"curies":[{"name":"wp","href":"https:\/\/api.w.org\/{rel}","templated":true}]}}