{"id":189996,"date":"2024-03-07T11:19:44","date_gmt":"2024-03-07T10:19:44","guid":{"rendered":"https:\/\/hobby4geek.com\/?post_type=product&#038;p=189996"},"modified":"2025-06-05T09:33:33","modified_gmt":"2025-06-05T08:33:33","slug":"transformers-bumblebee-studio-series-konzeptkunst-decepticon-rumble","status":"publish","type":"product","link":"https:\/\/hobby4geek.com\/de\/produkt\/transformers-bumblebee-studio-series-konzeptkunst-decepticon-rumble\/","title":{"rendered":"Transformers: Bumblebee - Studio Series - Konzeptkunst Rumble"},"content":{"rendered":"<p>Holen Sie sich die epische Action der Transformers-Filme von der gro\u00dfen Leinwand in Ihre Sammlung mit der Transformers Studio Series Core Class Concept Art Decepticon Rumble Actionfigur, die von der Konzeptkunst aus\u00a0<em>Transformers: Bumblebee<\/em>!<\/p>\n<p>Transformers Studio Series-Spielzeuge sind Sammelfiguren, die mit Details und Zubeh\u00f6r ausgestattet sind, die vom Film inspiriert sind. Verwandle die Studio Series Transformers-Actionfigur in 11 Schritten vom Roboter- in den Kassettenmodus und posiere mit dem mitgelieferten Blasterzubeh\u00f6r.<\/p>\n<p>Halte Ausschau nach weiteren Transformers Studio Series-Sammelfiguren, um eine vom Film inspirierte Sammlung aufzubauen (jede Figur ist separat erh\u00e4ltlich, je nach Verf\u00fcgbarkeit)!<\/p>\n<p>Enth\u00e4lt eine Figur, 2 Zubeh\u00f6rteile und eine Anleitung.<\/p>\n<ul>\n<li><em>TRANSFORMATOREN: HUMMEL<\/em>\u00a0CONCEPT ART DECEPTICON RUMBLE: Diese Transformers Studio Series Concept Art Decepticon Rumble Actionfigur ist inspiriert von der Konzeptzeichnung von Rumble, die f\u00fcr den Film geplant war, aber nie verwendet wurde.\u00a0<em>Transformers: Bumblebee\u00a0<\/em>Film<\/li>\n<li>TRANSFORMERS TOYS STUDIO SERIES CORE CLASS: Diese 8,9 cm (3,5 Zoll) gro\u00dfe Sammelfigur ist hochgradig beweglich und mit Details ausgestattet, die das Transformers-Filmuniversum widerspiegeln.<\/li>\n<li>2 ICONIC MODES: Dieses Studio Series Transformers Spielzeug bietet die klassische Umwandlung zwischen Roboter- und Kassettenmodus in 11 Schritten<\/li>\n<li>FANTASTISCHES ZUBEH\u00d6R: Transformers Figur wird mit 2 Blaster-Zubeh\u00f6rteilen geliefert, die in beiden Modi angebracht werden k\u00f6nnen<\/li>\n<li>GESTALTEN ZUM SPIELEN UND ANZEIGEN: Die Transformers-Figuren haben bewegliche K\u00f6pfe, Arme und Beine f\u00fcr Action-Posen.<\/li>\n<li>SAMMELN SIE FILMFIGUREN AUS DER STUDIO-SERIE: Diese Actionfigur ist ein tolles Geschenk f\u00fcr jeden Transformers-Fan. Halten Sie Ausschau nach weiteren Transformers Studio Series Spielzeugen, um eine Sammlung aufzubauen (jede Figur wird separat verkauft, je nach Verf\u00fcgbarkeit).<\/li>\n<\/ul>\n<p dir=\"ltr\" data-placeholder=\"Traduction\"><strong>Produkt-Merkmale:<\/strong><\/p>\n<ul>\n<li dir=\"ltr\" data-placeholder=\"Traduction\">Core-Klasse<\/li>\n<li dir=\"ltr\" data-placeholder=\"Traduction\">Gr\u00f6\u00dfe: 9 cm<\/li>\n<li dir=\"ltr\" data-placeholder=\"Traduction\">Verwandeln in 11 Schritten<\/li>\n<li dir=\"ltr\" data-placeholder=\"Traduction\">Konvertiert von Roboter zu Kassette<\/li>\n<\/ul>\n<p><strong>Zubeh\u00f6r:<\/strong><\/p>\n<ul>\n<li>2 Knallk\u00f6rper<\/li>\n<\/ul>","protected":false},"excerpt":{"rendered":"<ul>\n<li dir=\"ltr\" data-placeholder=\"Traduction\">Core-Klasse<\/li>\n<li dir=\"ltr\" data-placeholder=\"Traduction\">Gr\u00f6\u00dfe: 9 cm<\/li>\n<li dir=\"ltr\" data-placeholder=\"Traduction\">Verwandeln in 11 Schritten<\/li>\n<li dir=\"ltr\" data-placeholder=\"Traduction\">Konvertiert von Roboter zu Kassette<\/li>\n<\/ul>","protected":false},"featured_media":190001,"comment_status":"open","ping_status":"closed","template":"","meta":{"inline_featured_image":false},"product_brand":[],"product_cat":[1955,68,69,1960],"product_tag":[1759,2331,2109,221,2330,335,2332,203,1975,204,1961,1962,1994],"giftcard-category":[],"class_list":{"0":"post-189996","1":"product","2":"type-product","3":"status-publish","4":"has-post-thumbnail","6":"product_cat-transformers","7":"product_cat-hasbro","8":"product_cat-takara-tomy","9":"product_cat-transformers-generations","10":"product_tag-action-toys","11":"product_tag-concept-art","12":"product_tag-core-class","13":"product_tag-decepticon","14":"product_tag-figurine-concept-art","15":"product_tag-hasbro","16":"product_tag-rumble","17":"product_tag-takara-tomy","18":"product_tag-toys-figures","19":"product_tag-transformers","20":"product_tag-transformers-authentic","21":"product_tag-transformers-generations","22":"product_tag-transformers-studio-series","23":"product_shipping_class-light","24":"inventories-france-inventory","26":"first","27":"instock","28":"featured","29":"taxable","30":"shipping-taxable","31":"purchasable","32":"product-type-simple","33":"add-to-wishlist-after_add_to_cart"},"yoast_head":"<!-- This site is optimized with the Yoast SEO Premium plugin v25.3.1 (Yoast SEO v27.2) - https:\/\/yoast.com\/product\/yoast-seo-premium-wordpress\/ -->\n<title>Transformers: Bumblebee - Studio Series - Concept Art Rumble<\/title>\n<meta name=\"robots\" content=\"index, follow, max-snippet:-1, max-image-preview:large, max-video-preview:-1\" \/>\n<link rel=\"canonical\" href=\"https:\/\/hobby4geek.com\/de\/produkt\/transformers-bumblebee-studio-series-konzeptkunst-decepticon-rumble\/\" \/>\n<meta property=\"og:locale\" content=\"de_DE\" \/>\n<meta property=\"og:type\" content=\"article\" \/>\n<meta property=\"og:title\" content=\"Transformers: Bumblebee - Studio Series - Concept Art Rumble\" \/>\n<meta property=\"og:description\" content=\"Core Class  Size: 9 cm  Transform in 11\u00a0 steps  Converts from robot to Cassette\" \/>\n<meta property=\"og:url\" content=\"https:\/\/hobby4geek.com\/de\/produkt\/transformers-bumblebee-studio-series-konzeptkunst-decepticon-rumble\/\" \/>\n<meta property=\"og:site_name\" content=\"Hobby4Geek\" \/>\n<meta property=\"article:publisher\" content=\"https:\/\/www.facebook.com\/hobby4geek\" \/>\n<meta property=\"article:modified_time\" content=\"2025-06-05T08:33:33+00:00\" \/>\n<meta property=\"og:image\" content=\"https:\/\/hobby4geek.com\/wp-content\/uploads\/2023\/11\/transformers-bumblebee-studio-series-concept-art-rumble-5.webp\" \/>\n\t<meta property=\"og:image:width\" content=\"2000\" \/>\n\t<meta property=\"og:image:height\" content=\"2000\" \/>\n\t<meta property=\"og:image:type\" content=\"image\/webp\" \/>\n<meta name=\"twitter:card\" content=\"summary_large_image\" \/>\n<meta name=\"twitter:site\" content=\"@hobby4geek\" \/>\n<script type=\"application\/ld+json\" class=\"yoast-schema-graph\">{\"@context\":\"https:\/\/schema.org\",\"@graph\":[{\"@type\":\"WebPage\",\"@id\":\"https:\/\/hobby4geek.com\/product\/transformers-bumblebee-studio-series-concept-art-decepticon-rumble\/\",\"url\":\"https:\/\/hobby4geek.com\/product\/transformers-bumblebee-studio-series-concept-art-decepticon-rumble\/\",\"name\":\"Transformers: Bumblebee - Studio Series - Concept Art Rumble\",\"isPartOf\":{\"@id\":\"https:\/\/hobby4geek.com\/#website\"},\"primaryImageOfPage\":{\"@id\":\"https:\/\/hobby4geek.com\/product\/transformers-bumblebee-studio-series-concept-art-decepticon-rumble\/#primaryimage\"},\"image\":{\"@id\":\"https:\/\/hobby4geek.com\/product\/transformers-bumblebee-studio-series-concept-art-decepticon-rumble\/#primaryimage\"},\"thumbnailUrl\":\"https:\/\/hobby4geek.com\/wp-content\/uploads\/2023\/11\/transformers-bumblebee-studio-series-concept-art-rumble-5.webp\",\"datePublished\":\"2024-03-07T10:19:44+00:00\",\"dateModified\":\"2025-06-05T08:33:33+00:00\",\"breadcrumb\":{\"@id\":\"https:\/\/hobby4geek.com\/product\/transformers-bumblebee-studio-series-concept-art-decepticon-rumble\/#breadcrumb\"},\"inLanguage\":\"de\",\"potentialAction\":[{\"@type\":\"ReadAction\",\"target\":[\"https:\/\/hobby4geek.com\/product\/transformers-bumblebee-studio-series-concept-art-decepticon-rumble\/\"]}]},{\"@type\":\"ImageObject\",\"inLanguage\":\"de\",\"@id\":\"https:\/\/hobby4geek.com\/product\/transformers-bumblebee-studio-series-concept-art-decepticon-rumble\/#primaryimage\",\"url\":\"https:\/\/hobby4geek.com\/wp-content\/uploads\/2023\/11\/transformers-bumblebee-studio-series-concept-art-rumble-5.webp\",\"contentUrl\":\"https:\/\/hobby4geek.com\/wp-content\/uploads\/2023\/11\/transformers-bumblebee-studio-series-concept-art-rumble-5.webp\",\"width\":2000,\"height\":2000},{\"@type\":\"BreadcrumbList\",\"@id\":\"https:\/\/hobby4geek.com\/product\/transformers-bumblebee-studio-series-concept-art-decepticon-rumble\/#breadcrumb\",\"itemListElement\":[{\"@type\":\"ListItem\",\"position\":1,\"name\":\"Home\",\"item\":\"https:\/\/hobby4geek.com\/\"},{\"@type\":\"ListItem\",\"position\":2,\"name\":\"Shop\",\"item\":\"https:\/\/hobby4geek.com\/shop\/\"},{\"@type\":\"ListItem\",\"position\":3,\"name\":\"Transformers: Bumblebee &#8211; Studio Series &#8211; Concept Art Rumble\"}]},{\"@type\":\"WebSite\",\"@id\":\"https:\/\/hobby4geek.com\/#website\",\"url\":\"https:\/\/hobby4geek.com\/\",\"name\":\"Hobby4Geek\",\"description\":\"Collect, Play &amp; Showcase, Embrace your Geekiness\",\"publisher\":{\"@id\":\"https:\/\/hobby4geek.com\/#organization\"},\"potentialAction\":[{\"@type\":\"SearchAction\",\"target\":{\"@type\":\"EntryPoint\",\"urlTemplate\":\"https:\/\/hobby4geek.com\/?s={search_term_string}\"},\"query-input\":{\"@type\":\"PropertyValueSpecification\",\"valueRequired\":true,\"valueName\":\"search_term_string\"}}],\"inLanguage\":\"de\"},{\"@type\":\"Organization\",\"@id\":\"https:\/\/hobby4geek.com\/#organization\",\"name\":\"Hobby4Geek\",\"url\":\"https:\/\/hobby4geek.com\/\",\"logo\":{\"@type\":\"ImageObject\",\"inLanguage\":\"de\",\"@id\":\"https:\/\/hobby4geek.com\/#\/schema\/logo\/image\/\",\"url\":\"https:\/\/hobby4geek.com\/wp-content\/uploads\/2023\/02\/default-kit.png\",\"contentUrl\":\"https:\/\/hobby4geek.com\/wp-content\/uploads\/2023\/02\/default-kit.png\",\"width\":600,\"height\":600,\"caption\":\"Hobby4Geek\"},\"image\":{\"@id\":\"https:\/\/hobby4geek.com\/#\/schema\/logo\/image\/\"},\"sameAs\":[\"https:\/\/www.facebook.com\/hobby4geek\",\"https:\/\/x.com\/hobby4geek\",\"https:\/\/www.instagram.com\/hobby4geek\/\"]}]}<\/script>\n<meta property=\"product:brand\" content=\"Transformers\" \/>\n<meta property=\"product:price:amount\" content=\"14.80\" \/>\n<meta property=\"product:price:currency\" content=\"EUR\" \/>\n<meta property=\"og:availability\" content=\"instock\" \/>\n<meta property=\"product:availability\" content=\"instock\" \/>\n<meta property=\"product:retailer_item_id\" content=\"5010996208316\" \/>\n<meta property=\"product:condition\" content=\"new\" \/>\n<!-- \/ Yoast SEO Premium plugin. -->","yoast_head_json":{"title":"Transformers: Bumblebee - Studio Series - Konzeptkunst-Rumble","robots":{"index":"index","follow":"follow","max-snippet":"max-snippet:-1","max-image-preview":"max-image-preview:large","max-video-preview":"max-video-preview:-1"},"canonical":"https:\/\/hobby4geek.com\/de\/produkt\/transformers-bumblebee-studio-series-konzeptkunst-decepticon-rumble\/","og_locale":"de_DE","og_type":"article","og_title":"Transformers: Bumblebee - Studio Series - Concept Art Rumble","og_description":"Core Class  Size: 9 cm  Transform in 11\u00a0 steps  Converts from robot to Cassette","og_url":"https:\/\/hobby4geek.com\/de\/produkt\/transformers-bumblebee-studio-series-konzeptkunst-decepticon-rumble\/","og_site_name":"Hobby4Geek","article_publisher":"https:\/\/www.facebook.com\/hobby4geek","article_modified_time":"2025-06-05T08:33:33+00:00","og_image":[{"width":2000,"height":2000,"url":"https:\/\/hobby4geek.com\/wp-content\/uploads\/2023\/11\/transformers-bumblebee-studio-series-concept-art-rumble-5.webp","type":"image\/webp"}],"twitter_card":"summary_large_image","twitter_site":"@hobby4geek","schema":{"@context":"https:\/\/schema.org","@graph":[{"@type":"WebPage","@id":"https:\/\/hobby4geek.com\/product\/transformers-bumblebee-studio-series-concept-art-decepticon-rumble\/","url":"https:\/\/hobby4geek.com\/product\/transformers-bumblebee-studio-series-concept-art-decepticon-rumble\/","name":"Transformers: Bumblebee - Studio Series - Konzeptkunst-Rumble","isPartOf":{"@id":"https:\/\/hobby4geek.com\/#website"},"primaryImageOfPage":{"@id":"https:\/\/hobby4geek.com\/product\/transformers-bumblebee-studio-series-concept-art-decepticon-rumble\/#primaryimage"},"image":{"@id":"https:\/\/hobby4geek.com\/product\/transformers-bumblebee-studio-series-concept-art-decepticon-rumble\/#primaryimage"},"thumbnailUrl":"https:\/\/hobby4geek.com\/wp-content\/uploads\/2023\/11\/transformers-bumblebee-studio-series-concept-art-rumble-5.webp","datePublished":"2024-03-07T10:19:44+00:00","dateModified":"2025-06-05T08:33:33+00:00","breadcrumb":{"@id":"https:\/\/hobby4geek.com\/product\/transformers-bumblebee-studio-series-concept-art-decepticon-rumble\/#breadcrumb"},"inLanguage":"de","potentialAction":[{"@type":"ReadAction","target":["https:\/\/hobby4geek.com\/product\/transformers-bumblebee-studio-series-concept-art-decepticon-rumble\/"]}]},{"@type":"ImageObject","inLanguage":"de","@id":"https:\/\/hobby4geek.com\/product\/transformers-bumblebee-studio-series-concept-art-decepticon-rumble\/#primaryimage","url":"https:\/\/hobby4geek.com\/wp-content\/uploads\/2023\/11\/transformers-bumblebee-studio-series-concept-art-rumble-5.webp","contentUrl":"https:\/\/hobby4geek.com\/wp-content\/uploads\/2023\/11\/transformers-bumblebee-studio-series-concept-art-rumble-5.webp","width":2000,"height":2000},{"@type":"BreadcrumbList","@id":"https:\/\/hobby4geek.com\/product\/transformers-bumblebee-studio-series-concept-art-decepticon-rumble\/#breadcrumb","itemListElement":[{"@type":"ListItem","position":1,"name":"Home","item":"https:\/\/hobby4geek.com\/"},{"@type":"ListItem","position":2,"name":"Shop","item":"https:\/\/hobby4geek.com\/shop\/"},{"@type":"ListItem","position":3,"name":"Transformers: Bumblebee &#8211; Studio Series &#8211; Concept Art Rumble"}]},{"@type":"WebSite","@id":"https:\/\/hobby4geek.com\/#website","url":"https:\/\/hobby4geek.com\/","name":"Hobby4Geek","description":"Sammeln, Spielen &amp; Pr\u00e4sentieren, Umarmung der Geekiness","publisher":{"@id":"https:\/\/hobby4geek.com\/#organization"},"potentialAction":[{"@type":"SearchAction","target":{"@type":"EntryPoint","urlTemplate":"https:\/\/hobby4geek.com\/?s={search_term_string}"},"query-input":{"@type":"PropertyValueSpecification","valueRequired":true,"valueName":"search_term_string"}}],"inLanguage":"de"},{"@type":"Organization","@id":"https:\/\/hobby4geek.com\/#organization","name":"Hobby4Geek","url":"https:\/\/hobby4geek.com\/","logo":{"@type":"ImageObject","inLanguage":"de","@id":"https:\/\/hobby4geek.com\/#\/schema\/logo\/image\/","url":"https:\/\/hobby4geek.com\/wp-content\/uploads\/2023\/02\/default-kit.png","contentUrl":"https:\/\/hobby4geek.com\/wp-content\/uploads\/2023\/02\/default-kit.png","width":600,"height":600,"caption":"Hobby4Geek"},"image":{"@id":"https:\/\/hobby4geek.com\/#\/schema\/logo\/image\/"},"sameAs":["https:\/\/www.facebook.com\/hobby4geek","https:\/\/x.com\/hobby4geek","https:\/\/www.instagram.com\/hobby4geek\/"]}]},"product_brand":"Transformers","product_price_amount":"14.80","product_price_currency":"EUR","og_availability":"instock","product_availability":"instock","product_retailer_item_id":"5010996208316","product_condition":"new"},"_links":{"self":[{"href":"https:\/\/hobby4geek.com\/de\/wp-json\/wp\/v2\/product\/189996","targetHints":{"allow":["GET"]}}],"collection":[{"href":"https:\/\/hobby4geek.com\/de\/wp-json\/wp\/v2\/product"}],"about":[{"href":"https:\/\/hobby4geek.com\/de\/wp-json\/wp\/v2\/types\/product"}],"replies":[{"embeddable":true,"href":"https:\/\/hobby4geek.com\/de\/wp-json\/wp\/v2\/comments?post=189996"}],"version-history":[{"count":0,"href":"https:\/\/hobby4geek.com\/de\/wp-json\/wp\/v2\/product\/189996\/revisions"}],"wp:featuredmedia":[{"embeddable":true,"href":"https:\/\/hobby4geek.com\/de\/wp-json\/wp\/v2\/media\/190001"}],"wp:attachment":[{"href":"https:\/\/hobby4geek.com\/de\/wp-json\/wp\/v2\/media?parent=189996"}],"wp:term":[{"taxonomy":"product_brand","embeddable":true,"href":"https:\/\/hobby4geek.com\/de\/wp-json\/wp\/v2\/product_brand?post=189996"},{"taxonomy":"product_cat","embeddable":true,"href":"https:\/\/hobby4geek.com\/de\/wp-json\/wp\/v2\/product_cat?post=189996"},{"taxonomy":"product_tag","embeddable":true,"href":"https:\/\/hobby4geek.com\/de\/wp-json\/wp\/v2\/product_tag?post=189996"},{"taxonomy":"giftcard-category","embeddable":true,"href":"https:\/\/hobby4geek.com\/de\/wp-json\/wp\/v2\/giftcard-category?post=189996"}],"curies":[{"name":"wp","href":"https:\/\/api.w.org\/{rel}","templated":true}]}}