{"id":189862,"date":"2023-10-09T16:08:38","date_gmt":"2023-10-09T14:08:38","guid":{"rendered":"https:\/\/hobby4geek.com\/?post_type=product&#038;p=189862"},"modified":"2024-05-12T12:54:20","modified_gmt":"2024-05-12T11:54:20","slug":"masters-of-the-universe-revelation-masterverse-man-at-arms","status":"publish","type":"product","link":"https:\/\/hobby4geek.com\/de\/produkt\/masters-of-the-universe-revelation-masterverse-man-at-arms\/","title":{"rendered":"Masters of the Universe: Die Offenbarung - Masterverse - Man-At-Arms"},"content":{"rendered":"<p>Dieser Masterverse\u2122 Man-at-Arms\u2122 ist eine Deluxe-Actionfigur, die von den Masters of the Universe\u2122 inspiriert wurde: Revelation\u2122. Er ist 7 Zoll gro\u00df und wurde mit einem hohen Ma\u00df an Details entworfen, die Fans lieben werden. Diese Duncan-Figur ist an 30 Stellen beweglich und wird mit einer unglaublichen Auswahl an Kleidung, R\u00fcstung und Waffenzubeh\u00f6r geliefert, einschlie\u00dflich eines abnehmbaren Umhangs aus Pl\u00fcsch, f\u00fcr epische Geschichten und Darstellungen! Ein gro\u00dfartiges Geschenk, um jede MOTU\u2122-Sammlung zu bereichern. Farben und Dekorationen k\u00f6nnen variieren.<\/p>\n<ul>\n<li>Dieses MOTU\u2122 Origins Snake Mountain Playset ist bereit f\u00fcr Geschichten von der dunklen Seite von Eternia\u2122 mit mehreren Funktionen und authentischem Design, das ein Throwback zu den 80er Jahren Look ist.<\/li>\n<li>Vorne dreht sich der Wolfskopf und das Tor \u00f6ffnet sich. Die Schlange oben kann eine Origins-Figur im Ma\u00dfstab 5,5 Zoll in ihr Maul nehmen oder sie von der oberen Plattform sto\u00dfen. Origins-Figuren sind separat erh\u00e4ltlich, je nach Verf\u00fcgbarkeit.<\/li>\n<li>Wenn sich eine Figur die Treppe hinauf und durch das obere Tor bewegt - BAM! Sie f\u00e4llt durch die Fallt\u00fcr in den K\u00e4fig. Der K\u00e4fig kann zur sicheren Aufbewahrung in den Kerker unter dem Thron von Skeletor\u2122 gebracht werden.<\/li>\n<li>Um zum Thron zu gelangen, m\u00fcssen die Figuren an dem Wolfskopf und der furchterregenden Spinne vorbeikommen. Um wieder herauszukommen, m\u00fcssen sie auf dem Weg zum versteckten Fluchttunnel auf das \"S\u00e4urebecken\" achten.<\/li>\n<li>Geeignet f\u00fcr MOTU\u2122 Origins-Figuren im Ma\u00dfstab 5,5 Zoll. Figuren separat erh\u00e4ltlich, je nach Verf\u00fcgbarkeit.<\/li>\n<li>Ein tolles Geschenk zur Erweiterung jeder MOTU\u2122 Origins-Sammlung f\u00fcr Fans ab 6 Jahren.<\/li>\n<\/ul>","protected":false},"excerpt":{"rendered":"<ul>\n<li>18 cm<\/li>\n<li>Von der dunklen Seite von Eternia\u2122<\/li>\n<li>Der K\u00e4fig kann in den Kerker unter dem Thron von Skeletor\u2122 gebracht werden.<\/li>\n<\/ul>\n<p><strong>Zubeh\u00f6r:<\/strong><\/p>\n<ul>\n<li>Der Weichwarenmantel<\/li>\n<li>Sowie G\u00fcrtel<\/li>\n<li>Halstuch<\/li>\n<li>\u00a0Beinpanzer<\/li>\n<li>Arm-Blaster<\/li>\n<li>Laser-Kanone<\/li>\n<li>Brustpanzer<\/li>\n<\/ul>","protected":false},"featured_media":189863,"comment_status":"open","ping_status":"closed","template":"","meta":{"inline_featured_image":false},"product_brand":[],"product_cat":[2218,2455,2023],"product_tag":[1759,2222,2318,2319,2457,2456,2223,1975],"giftcard-category":[],"class_list":{"0":"post-189862","1":"product","2":"type-product","3":"status-publish","4":"has-post-thumbnail","6":"product_cat-masters-of-the-universe","7":"product_cat-masters-of-the-universe-revelation","8":"product_cat-mattel","9":"product_tag-action-toys","10":"product_tag-dark-side-of-eternia","11":"product_tag-eternia-masterverse","12":"product_tag-man-at-arms","13":"product_tag-masters-of-the-universe","14":"product_tag-masters-of-the-universe-revelation","15":"product_tag-motu","16":"product_tag-toys-figures","17":"product_shipping_class-light","19":"first","20":"outofstock","21":"taxable","22":"shipping-taxable","23":"purchasable","24":"product-type-simple","25":"add-to-wishlist-after_add_to_cart"},"yoast_head":"<!-- This site is optimized with the Yoast SEO Premium plugin v25.3.1 (Yoast SEO v27.4) - https:\/\/yoast.com\/product\/yoast-seo-premium-wordpress\/ -->\n<title>Masters of the Universe: Revelation - Masterverse - Man-At-Arms<\/title>\n<meta name=\"robots\" content=\"index, follow, max-snippet:-1, max-image-preview:large, max-video-preview:-1\" \/>\n<link rel=\"canonical\" href=\"https:\/\/hobby4geek.com\/de\/produkt\/masters-of-the-universe-revelation-masterverse-man-at-arms\/\" \/>\n<meta property=\"og:locale\" content=\"de_DE\" \/>\n<meta property=\"og:type\" content=\"article\" \/>\n<meta property=\"og:title\" content=\"Masters of the Universe: Revelation - Masterverse - Man-At-Arms\" \/>\n<meta property=\"og:description\" content=\"18 cm  From the Dark side of Eternia\u2122  The cage can move to the dungeon underneath the throne of Skeletor\u2122  Accessories:   The soft goods cloak  As well as belt  Scarf  \u00a0Leg armor  Arm blaster  Laser cannon  Chest armor\" \/>\n<meta property=\"og:url\" content=\"https:\/\/hobby4geek.com\/de\/produkt\/masters-of-the-universe-revelation-masterverse-man-at-arms\/\" \/>\n<meta property=\"og:site_name\" content=\"Hobby4Geek\" \/>\n<meta property=\"article:publisher\" content=\"https:\/\/www.facebook.com\/hobby4geek\" \/>\n<meta property=\"article:modified_time\" content=\"2024-05-12T11:54:20+00:00\" \/>\n<meta property=\"og:image\" content=\"https:\/\/hobby4geek.com\/wp-content\/uploads\/2023\/10\/masters-of-the-universe-revelation-masterverse-man-at-arms.jpg\" \/>\n\t<meta property=\"og:image:width\" content=\"720\" \/>\n\t<meta property=\"og:image:height\" content=\"720\" \/>\n\t<meta property=\"og:image:type\" content=\"image\/jpeg\" \/>\n<meta name=\"twitter:card\" content=\"summary_large_image\" \/>\n<meta name=\"twitter:site\" content=\"@hobby4geek\" \/>\n<script type=\"application\/ld+json\" class=\"yoast-schema-graph\">{\"@context\":\"https:\\\/\\\/schema.org\",\"@graph\":[{\"@type\":\"WebPage\",\"@id\":\"https:\\\/\\\/hobby4geek.com\\\/product\\\/masters-of-the-universe-revelation-masterverse-man-at-arms\\\/\",\"url\":\"https:\\\/\\\/hobby4geek.com\\\/product\\\/masters-of-the-universe-revelation-masterverse-man-at-arms\\\/\",\"name\":\"Masters of the Universe: Revelation - Masterverse - Man-At-Arms\",\"isPartOf\":{\"@id\":\"https:\\\/\\\/hobby4geek.com\\\/#website\"},\"primaryImageOfPage\":{\"@id\":\"https:\\\/\\\/hobby4geek.com\\\/product\\\/masters-of-the-universe-revelation-masterverse-man-at-arms\\\/#primaryimage\"},\"image\":{\"@id\":\"https:\\\/\\\/hobby4geek.com\\\/product\\\/masters-of-the-universe-revelation-masterverse-man-at-arms\\\/#primaryimage\"},\"thumbnailUrl\":\"https:\\\/\\\/hobby4geek.com\\\/wp-content\\\/uploads\\\/2023\\\/10\\\/masters-of-the-universe-revelation-masterverse-man-at-arms.jpg\",\"datePublished\":\"2023-10-09T14:08:38+00:00\",\"dateModified\":\"2024-05-12T11:54:20+00:00\",\"breadcrumb\":{\"@id\":\"https:\\\/\\\/hobby4geek.com\\\/product\\\/masters-of-the-universe-revelation-masterverse-man-at-arms\\\/#breadcrumb\"},\"inLanguage\":\"de\",\"potentialAction\":[{\"@type\":\"ReadAction\",\"target\":[\"https:\\\/\\\/hobby4geek.com\\\/product\\\/masters-of-the-universe-revelation-masterverse-man-at-arms\\\/\"]}]},{\"@type\":\"ImageObject\",\"inLanguage\":\"de\",\"@id\":\"https:\\\/\\\/hobby4geek.com\\\/product\\\/masters-of-the-universe-revelation-masterverse-man-at-arms\\\/#primaryimage\",\"url\":\"https:\\\/\\\/hobby4geek.com\\\/wp-content\\\/uploads\\\/2023\\\/10\\\/masters-of-the-universe-revelation-masterverse-man-at-arms.jpg\",\"contentUrl\":\"https:\\\/\\\/hobby4geek.com\\\/wp-content\\\/uploads\\\/2023\\\/10\\\/masters-of-the-universe-revelation-masterverse-man-at-arms.jpg\",\"width\":720,\"height\":720},{\"@type\":\"BreadcrumbList\",\"@id\":\"https:\\\/\\\/hobby4geek.com\\\/product\\\/masters-of-the-universe-revelation-masterverse-man-at-arms\\\/#breadcrumb\",\"itemListElement\":[{\"@type\":\"ListItem\",\"position\":1,\"name\":\"Home\",\"item\":\"https:\\\/\\\/hobby4geek.com\\\/\"},{\"@type\":\"ListItem\",\"position\":2,\"name\":\"Shop\",\"item\":\"https:\\\/\\\/hobby4geek.com\\\/shop\\\/\"},{\"@type\":\"ListItem\",\"position\":3,\"name\":\"Masters of the Universe: Revelation &#8211; Masterverse &#8211; Man-At-Arms\"}]},{\"@type\":\"WebSite\",\"@id\":\"https:\\\/\\\/hobby4geek.com\\\/#website\",\"url\":\"https:\\\/\\\/hobby4geek.com\\\/\",\"name\":\"Hobby4Geek\",\"description\":\"Collect, Play &amp; Showcase, Embrace your Geekiness\",\"publisher\":{\"@id\":\"https:\\\/\\\/hobby4geek.com\\\/#organization\"},\"potentialAction\":[{\"@type\":\"SearchAction\",\"target\":{\"@type\":\"EntryPoint\",\"urlTemplate\":\"https:\\\/\\\/hobby4geek.com\\\/?s={search_term_string}\"},\"query-input\":{\"@type\":\"PropertyValueSpecification\",\"valueRequired\":true,\"valueName\":\"search_term_string\"}}],\"inLanguage\":\"de\"},{\"@type\":\"Organization\",\"@id\":\"https:\\\/\\\/hobby4geek.com\\\/#organization\",\"name\":\"Hobby4Geek\",\"url\":\"https:\\\/\\\/hobby4geek.com\\\/\",\"logo\":{\"@type\":\"ImageObject\",\"inLanguage\":\"de\",\"@id\":\"https:\\\/\\\/hobby4geek.com\\\/#\\\/schema\\\/logo\\\/image\\\/\",\"url\":\"https:\\\/\\\/hobby4geek.com\\\/wp-content\\\/uploads\\\/2023\\\/02\\\/default-kit.png\",\"contentUrl\":\"https:\\\/\\\/hobby4geek.com\\\/wp-content\\\/uploads\\\/2023\\\/02\\\/default-kit.png\",\"width\":600,\"height\":600,\"caption\":\"Hobby4Geek\"},\"image\":{\"@id\":\"https:\\\/\\\/hobby4geek.com\\\/#\\\/schema\\\/logo\\\/image\\\/\"},\"sameAs\":[\"https:\\\/\\\/www.facebook.com\\\/hobby4geek\",\"https:\\\/\\\/x.com\\\/hobby4geek\",\"https:\\\/\\\/www.instagram.com\\\/hobby4geek\\\/\"]}]}<\/script>\n<meta property=\"product:brand\" content=\"Masters of the Universe\" \/>\n<meta property=\"product:price:amount\" content=\"31.80\" \/>\n<meta property=\"product:price:currency\" content=\"EUR\" \/>\n<meta property=\"og:availability\" content=\"out of stock\" \/>\n<meta property=\"product:availability\" content=\"out of stock\" \/>\n<meta property=\"product:retailer_item_id\" content=\"0194735243563\" \/>\n<meta property=\"product:condition\" content=\"new\" \/>\n<!-- \/ Yoast SEO Premium plugin. -->","yoast_head_json":{"title":"Masters of the Universe: Die Offenbarung - Masterverse - Man-At-Arms","robots":{"index":"index","follow":"follow","max-snippet":"max-snippet:-1","max-image-preview":"max-image-preview:large","max-video-preview":"max-video-preview:-1"},"canonical":"https:\/\/hobby4geek.com\/de\/produkt\/masters-of-the-universe-revelation-masterverse-man-at-arms\/","og_locale":"de_DE","og_type":"article","og_title":"Masters of the Universe: Revelation - Masterverse - Man-At-Arms","og_description":"18 cm  From the Dark side of Eternia\u2122  The cage can move to the dungeon underneath the throne of Skeletor\u2122  Accessories:   The soft goods cloak  As well as belt  Scarf  \u00a0Leg armor  Arm blaster  Laser cannon  Chest armor","og_url":"https:\/\/hobby4geek.com\/de\/produkt\/masters-of-the-universe-revelation-masterverse-man-at-arms\/","og_site_name":"Hobby4Geek","article_publisher":"https:\/\/www.facebook.com\/hobby4geek","article_modified_time":"2024-05-12T11:54:20+00:00","og_image":[{"width":720,"height":720,"url":"https:\/\/hobby4geek.com\/wp-content\/uploads\/2023\/10\/masters-of-the-universe-revelation-masterverse-man-at-arms.jpg","type":"image\/jpeg"}],"twitter_card":"summary_large_image","twitter_site":"@hobby4geek","schema":{"@context":"https:\/\/schema.org","@graph":[{"@type":"WebPage","@id":"https:\/\/hobby4geek.com\/product\/masters-of-the-universe-revelation-masterverse-man-at-arms\/","url":"https:\/\/hobby4geek.com\/product\/masters-of-the-universe-revelation-masterverse-man-at-arms\/","name":"Masters of the Universe: Die Offenbarung - Masterverse - Man-At-Arms","isPartOf":{"@id":"https:\/\/hobby4geek.com\/#website"},"primaryImageOfPage":{"@id":"https:\/\/hobby4geek.com\/product\/masters-of-the-universe-revelation-masterverse-man-at-arms\/#primaryimage"},"image":{"@id":"https:\/\/hobby4geek.com\/product\/masters-of-the-universe-revelation-masterverse-man-at-arms\/#primaryimage"},"thumbnailUrl":"https:\/\/hobby4geek.com\/wp-content\/uploads\/2023\/10\/masters-of-the-universe-revelation-masterverse-man-at-arms.jpg","datePublished":"2023-10-09T14:08:38+00:00","dateModified":"2024-05-12T11:54:20+00:00","breadcrumb":{"@id":"https:\/\/hobby4geek.com\/product\/masters-of-the-universe-revelation-masterverse-man-at-arms\/#breadcrumb"},"inLanguage":"de","potentialAction":[{"@type":"ReadAction","target":["https:\/\/hobby4geek.com\/product\/masters-of-the-universe-revelation-masterverse-man-at-arms\/"]}]},{"@type":"ImageObject","inLanguage":"de","@id":"https:\/\/hobby4geek.com\/product\/masters-of-the-universe-revelation-masterverse-man-at-arms\/#primaryimage","url":"https:\/\/hobby4geek.com\/wp-content\/uploads\/2023\/10\/masters-of-the-universe-revelation-masterverse-man-at-arms.jpg","contentUrl":"https:\/\/hobby4geek.com\/wp-content\/uploads\/2023\/10\/masters-of-the-universe-revelation-masterverse-man-at-arms.jpg","width":720,"height":720},{"@type":"BreadcrumbList","@id":"https:\/\/hobby4geek.com\/product\/masters-of-the-universe-revelation-masterverse-man-at-arms\/#breadcrumb","itemListElement":[{"@type":"ListItem","position":1,"name":"Home","item":"https:\/\/hobby4geek.com\/"},{"@type":"ListItem","position":2,"name":"Shop","item":"https:\/\/hobby4geek.com\/shop\/"},{"@type":"ListItem","position":3,"name":"Masters of the Universe: Revelation &#8211; Masterverse &#8211; Man-At-Arms"}]},{"@type":"WebSite","@id":"https:\/\/hobby4geek.com\/#website","url":"https:\/\/hobby4geek.com\/","name":"Hobby4Geek","description":"Sammeln, Spielen &amp; Pr\u00e4sentieren, Umarmung der Geekiness","publisher":{"@id":"https:\/\/hobby4geek.com\/#organization"},"potentialAction":[{"@type":"SearchAction","target":{"@type":"EntryPoint","urlTemplate":"https:\/\/hobby4geek.com\/?s={search_term_string}"},"query-input":{"@type":"PropertyValueSpecification","valueRequired":true,"valueName":"search_term_string"}}],"inLanguage":"de"},{"@type":"Organization","@id":"https:\/\/hobby4geek.com\/#organization","name":"Hobby4Geek","url":"https:\/\/hobby4geek.com\/","logo":{"@type":"ImageObject","inLanguage":"de","@id":"https:\/\/hobby4geek.com\/#\/schema\/logo\/image\/","url":"https:\/\/hobby4geek.com\/wp-content\/uploads\/2023\/02\/default-kit.png","contentUrl":"https:\/\/hobby4geek.com\/wp-content\/uploads\/2023\/02\/default-kit.png","width":600,"height":600,"caption":"Hobby4Geek"},"image":{"@id":"https:\/\/hobby4geek.com\/#\/schema\/logo\/image\/"},"sameAs":["https:\/\/www.facebook.com\/hobby4geek","https:\/\/x.com\/hobby4geek","https:\/\/www.instagram.com\/hobby4geek\/"]}]},"product_brand":"Masters of the Universe","product_price_amount":"31.80","product_price_currency":"EUR","og_availability":"out of stock","product_availability":"out of stock","product_retailer_item_id":"0194735243563","product_condition":"new"},"_links":{"self":[{"href":"https:\/\/hobby4geek.com\/de\/wp-json\/wp\/v2\/product\/189862","targetHints":{"allow":["GET"]}}],"collection":[{"href":"https:\/\/hobby4geek.com\/de\/wp-json\/wp\/v2\/product"}],"about":[{"href":"https:\/\/hobby4geek.com\/de\/wp-json\/wp\/v2\/types\/product"}],"replies":[{"embeddable":true,"href":"https:\/\/hobby4geek.com\/de\/wp-json\/wp\/v2\/comments?post=189862"}],"version-history":[{"count":0,"href":"https:\/\/hobby4geek.com\/de\/wp-json\/wp\/v2\/product\/189862\/revisions"}],"wp:featuredmedia":[{"embeddable":true,"href":"https:\/\/hobby4geek.com\/de\/wp-json\/wp\/v2\/media\/189863"}],"wp:attachment":[{"href":"https:\/\/hobby4geek.com\/de\/wp-json\/wp\/v2\/media?parent=189862"}],"wp:term":[{"taxonomy":"product_brand","embeddable":true,"href":"https:\/\/hobby4geek.com\/de\/wp-json\/wp\/v2\/product_brand?post=189862"},{"taxonomy":"product_cat","embeddable":true,"href":"https:\/\/hobby4geek.com\/de\/wp-json\/wp\/v2\/product_cat?post=189862"},{"taxonomy":"product_tag","embeddable":true,"href":"https:\/\/hobby4geek.com\/de\/wp-json\/wp\/v2\/product_tag?post=189862"},{"taxonomy":"giftcard-category","embeddable":true,"href":"https:\/\/hobby4geek.com\/de\/wp-json\/wp\/v2\/giftcard-category?post=189862"}],"curies":[{"name":"wp","href":"https:\/\/api.w.org\/{rel}","templated":true}]}}