{"id":189837,"date":"2023-04-06T17:19:43","date_gmt":"2023-04-06T16:19:43","guid":{"rendered":"https:\/\/hobby4geek.com\/?post_type=product&#038;p=189837"},"modified":"2024-10-31T11:09:44","modified_gmt":"2024-10-31T10:09:44","slug":"masters-of-the-universe-origins-2021-castle-grayskull","status":"publish","type":"product","link":"https:\/\/hobby4geek.com\/de\/produkt\/masters-of-the-universe-origins-2021-castle-grayskull\/","title":{"rendered":"Masters of the Universe: Origins 2021 - Schloss Grayskull"},"content":{"rendered":"<p>Schloss Grayskull\u00ae: Die m\u00e4chtige Eternia\u00ae-Festung voller Geheimnisse und Macht f\u00fcr He-Man\u00ae und seine Feinde! Dieses Spielset im Dioramen-Stil von Castle Grayskull\u00ae bietet unz\u00e4hlige Stunden kreativer Action und abenteuerlichen Spa\u00df f\u00fcr MOTU\u00ae-Fans. Das gro\u00dfformatige Spielset l\u00e4sst sich \u00f6ffnen, um vier R\u00e4ume zu enth\u00fcllen, die sich hervorragend zum Geschichtenerz\u00e4hlen und Ausstellen eignen. Enth\u00e4lt jede Menge MOTU\u00ae thematisches Zubeh\u00f6r f\u00fcr maximale Individualisierung! Enth\u00e4lt einen funktionst\u00fcchtigen Aufzug und eine Fallt\u00fcr, die Fans des Originals mit Sicherheit lieben werden. Das Set enth\u00e4lt au\u00dferdem eine Sonderausgabe der Temple of Darkness Sorceress\u00ae Figur und kann mit allen anderen Origins 5,5-Zoll Figuren (separat erh\u00e4ltlich) best\u00fcckt werden. Masters of the Universe\u00ae-Fans werden einen Riesenspa\u00df dabei haben, MOTU\u00ae-Szenen nachzuspielen und ihre eigenen Action-Geschichten in dem ber\u00fchmten Bauwerk zu erfinden, das als Zentrum des Kampfes zwischen Gut und B\u00f6se bekannt ist. Bei der Macht von Grayskull\u2122! Farben und Dekorationen k\u00f6nnen variieren.<\/p>\n<div id=\"productDetailsDescription\" class=\"pv-details__description-wrapper\"><\/div>\n<ul>\n<li>Das gro\u00dfe Castle Grayskull\u00ae ist ein spannendes MOTU\u00ae-Spielset f\u00fcr Fans, die gerne Masters of the Universe\u00ae-Abenteuer nachspielen!<\/li>\n<li>Das aufregende Set im Diorama-Stil l\u00e4sst sich aufklappen und gibt vier R\u00e4ume frei - viel Platz f\u00fcr Kreativit\u00e4t und Abenteuer. Und die Fans werden den funktionierenden Aufzug und die Fallt\u00fcr lieben!<\/li>\n<li>Passt zu allen 5,5-Zoll-Origins-Figuren und wird mit einer Sonderausgabe der Temple of Darkness Sorceress\u00ae-Figur geliefert, die nur in diesem Spielset enthalten ist.<\/li>\n<li>Inklusive zahlreichem Zubeh\u00f6r, so dass die Masters of the Universe\u00ae alles haben, was sie brauchen, um unz\u00e4hlige Geschichten \u00fcber den Kampf zwischen Gut und B\u00f6se zu erz\u00e4hlen!<\/li>\n<li>Das authentisch gestaltete Spielset bleibt den Traditionen dieser spannenden Action- und Abenteuer-Reihe treu. Ein tolles Geschenk f\u00fcr MOTU\u00ae-Fans ab 6 Jahren<\/li>\n<\/ul>","protected":false},"excerpt":{"rendered":"<ul>\n<li>14 cm<\/li>\n<li>Von der dunklen Seite von Eternia\u2122<\/li>\n<li>\u00a0Sonderausgabe Temple of Darkness Sorceress<\/li>\n<\/ul>","protected":false},"featured_media":189856,"comment_status":"open","ping_status":"closed","template":"","meta":{"inline_featured_image":false},"product_brand":[],"product_cat":[2218,2224,2023],"product_tag":[1759,2317,2222,2219,2223,2225,2220,1975],"giftcard-category":[],"class_list":{"0":"post-189837","1":"product","2":"type-product","3":"status-publish","4":"has-post-thumbnail","6":"product_cat-masters-of-the-universe","7":"product_cat-masters-of-the-universe-origins","8":"product_cat-mattel","9":"product_tag-action-toys","10":"product_tag-castle-grayskull","11":"product_tag-dark-side-of-eternia","12":"product_tag-masters-of-the-universe-origins","13":"product_tag-motu","14":"product_tag-origins","15":"product_tag-playset","16":"product_tag-toys-figures","17":"product_shipping_class-heavy","19":"first","20":"outofstock","21":"taxable","22":"shipping-taxable","23":"purchasable","24":"product-type-simple","25":"add-to-wishlist-after_add_to_cart"},"yoast_head":"<!-- This site is optimized with the Yoast SEO Premium plugin v25.3.1 (Yoast SEO v27.4) - https:\/\/yoast.com\/product\/yoast-seo-premium-wordpress\/ -->\n<title>Masters of the Universe: Origins 2021 - Castle Grayskull<\/title>\n<meta name=\"robots\" content=\"index, follow, max-snippet:-1, max-image-preview:large, max-video-preview:-1\" \/>\n<link rel=\"canonical\" href=\"https:\/\/hobby4geek.com\/de\/produkt\/masters-of-the-universe-origins-2021-castle-grayskull\/\" \/>\n<meta property=\"og:locale\" content=\"de_DE\" \/>\n<meta property=\"og:type\" content=\"article\" \/>\n<meta property=\"og:title\" content=\"Masters of the Universe: Origins 2021 - Castle Grayskull\" \/>\n<meta property=\"og:description\" content=\"14 cm  From the Dark side of Eternia\u2122  \u00a0Special edition Temple of Darkness Sorceress\" \/>\n<meta property=\"og:url\" content=\"https:\/\/hobby4geek.com\/de\/produkt\/masters-of-the-universe-origins-2021-castle-grayskull\/\" \/>\n<meta property=\"og:site_name\" content=\"Hobby4Geek\" \/>\n<meta property=\"article:publisher\" content=\"https:\/\/www.facebook.com\/hobby4geek\" \/>\n<meta property=\"article:modified_time\" content=\"2024-10-31T10:09:44+00:00\" \/>\n<meta property=\"og:image\" content=\"https:\/\/hobby4geek.com\/wp-content\/uploads\/2023\/10\/masters-of-the-universe-origins-2021-castle-grayskull.webp\" \/>\n\t<meta property=\"og:image:width\" content=\"2000\" \/>\n\t<meta property=\"og:image:height\" content=\"2000\" \/>\n\t<meta property=\"og:image:type\" content=\"image\/webp\" \/>\n<meta name=\"twitter:card\" content=\"summary_large_image\" \/>\n<meta name=\"twitter:site\" content=\"@hobby4geek\" \/>\n<script type=\"application\/ld+json\" class=\"yoast-schema-graph\">{\"@context\":\"https:\\\/\\\/schema.org\",\"@graph\":[{\"@type\":\"WebPage\",\"@id\":\"https:\\\/\\\/hobby4geek.com\\\/product\\\/masters-of-the-universe-origins-2021-castle-grayskull\\\/\",\"url\":\"https:\\\/\\\/hobby4geek.com\\\/product\\\/masters-of-the-universe-origins-2021-castle-grayskull\\\/\",\"name\":\"Masters of the Universe: Origins 2021 - Castle Grayskull\",\"isPartOf\":{\"@id\":\"https:\\\/\\\/hobby4geek.com\\\/#website\"},\"primaryImageOfPage\":{\"@id\":\"https:\\\/\\\/hobby4geek.com\\\/product\\\/masters-of-the-universe-origins-2021-castle-grayskull\\\/#primaryimage\"},\"image\":{\"@id\":\"https:\\\/\\\/hobby4geek.com\\\/product\\\/masters-of-the-universe-origins-2021-castle-grayskull\\\/#primaryimage\"},\"thumbnailUrl\":\"https:\\\/\\\/hobby4geek.com\\\/wp-content\\\/uploads\\\/2023\\\/10\\\/masters-of-the-universe-origins-2021-castle-grayskull.webp\",\"datePublished\":\"2023-04-06T16:19:43+00:00\",\"dateModified\":\"2024-10-31T10:09:44+00:00\",\"breadcrumb\":{\"@id\":\"https:\\\/\\\/hobby4geek.com\\\/product\\\/masters-of-the-universe-origins-2021-castle-grayskull\\\/#breadcrumb\"},\"inLanguage\":\"de\",\"potentialAction\":[{\"@type\":\"ReadAction\",\"target\":[\"https:\\\/\\\/hobby4geek.com\\\/product\\\/masters-of-the-universe-origins-2021-castle-grayskull\\\/\"]}]},{\"@type\":\"ImageObject\",\"inLanguage\":\"de\",\"@id\":\"https:\\\/\\\/hobby4geek.com\\\/product\\\/masters-of-the-universe-origins-2021-castle-grayskull\\\/#primaryimage\",\"url\":\"https:\\\/\\\/hobby4geek.com\\\/wp-content\\\/uploads\\\/2023\\\/10\\\/masters-of-the-universe-origins-2021-castle-grayskull.webp\",\"contentUrl\":\"https:\\\/\\\/hobby4geek.com\\\/wp-content\\\/uploads\\\/2023\\\/10\\\/masters-of-the-universe-origins-2021-castle-grayskull.webp\",\"width\":2000,\"height\":2000},{\"@type\":\"BreadcrumbList\",\"@id\":\"https:\\\/\\\/hobby4geek.com\\\/product\\\/masters-of-the-universe-origins-2021-castle-grayskull\\\/#breadcrumb\",\"itemListElement\":[{\"@type\":\"ListItem\",\"position\":1,\"name\":\"Home\",\"item\":\"https:\\\/\\\/hobby4geek.com\\\/\"},{\"@type\":\"ListItem\",\"position\":2,\"name\":\"Shop\",\"item\":\"https:\\\/\\\/hobby4geek.com\\\/shop\\\/\"},{\"@type\":\"ListItem\",\"position\":3,\"name\":\"Masters of the Universe: Origins 2021 &#8211; Castle Grayskull\"}]},{\"@type\":\"WebSite\",\"@id\":\"https:\\\/\\\/hobby4geek.com\\\/#website\",\"url\":\"https:\\\/\\\/hobby4geek.com\\\/\",\"name\":\"Hobby4Geek\",\"description\":\"Collect, Play &amp; Showcase, Embrace your Geekiness\",\"publisher\":{\"@id\":\"https:\\\/\\\/hobby4geek.com\\\/#organization\"},\"potentialAction\":[{\"@type\":\"SearchAction\",\"target\":{\"@type\":\"EntryPoint\",\"urlTemplate\":\"https:\\\/\\\/hobby4geek.com\\\/?s={search_term_string}\"},\"query-input\":{\"@type\":\"PropertyValueSpecification\",\"valueRequired\":true,\"valueName\":\"search_term_string\"}}],\"inLanguage\":\"de\"},{\"@type\":\"Organization\",\"@id\":\"https:\\\/\\\/hobby4geek.com\\\/#organization\",\"name\":\"Hobby4Geek\",\"url\":\"https:\\\/\\\/hobby4geek.com\\\/\",\"logo\":{\"@type\":\"ImageObject\",\"inLanguage\":\"de\",\"@id\":\"https:\\\/\\\/hobby4geek.com\\\/#\\\/schema\\\/logo\\\/image\\\/\",\"url\":\"https:\\\/\\\/hobby4geek.com\\\/wp-content\\\/uploads\\\/2023\\\/02\\\/default-kit.png\",\"contentUrl\":\"https:\\\/\\\/hobby4geek.com\\\/wp-content\\\/uploads\\\/2023\\\/02\\\/default-kit.png\",\"width\":600,\"height\":600,\"caption\":\"Hobby4Geek\"},\"image\":{\"@id\":\"https:\\\/\\\/hobby4geek.com\\\/#\\\/schema\\\/logo\\\/image\\\/\"},\"sameAs\":[\"https:\\\/\\\/www.facebook.com\\\/hobby4geek\",\"https:\\\/\\\/x.com\\\/hobby4geek\",\"https:\\\/\\\/www.instagram.com\\\/hobby4geek\\\/\"]}]}<\/script>\n<meta property=\"product:brand\" content=\"Masters of the Universe\" \/>\n<meta property=\"product:price:amount\" content=\"49.98\" \/>\n<meta property=\"product:price:currency\" content=\"EUR\" \/>\n<meta property=\"og:availability\" content=\"out of stock\" \/>\n<meta property=\"product:availability\" content=\"out of stock\" \/>\n<meta property=\"product:retailer_item_id\" content=\"00887961960242\" \/>\n<meta property=\"product:condition\" content=\"new\" \/>\n<!-- \/ Yoast SEO Premium plugin. -->","yoast_head_json":{"title":"Masters of the Universe: Origins 2021 - Schloss Grayskull","robots":{"index":"index","follow":"follow","max-snippet":"max-snippet:-1","max-image-preview":"max-image-preview:large","max-video-preview":"max-video-preview:-1"},"canonical":"https:\/\/hobby4geek.com\/de\/produkt\/masters-of-the-universe-origins-2021-castle-grayskull\/","og_locale":"de_DE","og_type":"article","og_title":"Masters of the Universe: Origins 2021 - Castle Grayskull","og_description":"14 cm  From the Dark side of Eternia\u2122  \u00a0Special edition Temple of Darkness Sorceress","og_url":"https:\/\/hobby4geek.com\/de\/produkt\/masters-of-the-universe-origins-2021-castle-grayskull\/","og_site_name":"Hobby4Geek","article_publisher":"https:\/\/www.facebook.com\/hobby4geek","article_modified_time":"2024-10-31T10:09:44+00:00","og_image":[{"width":2000,"height":2000,"url":"https:\/\/hobby4geek.com\/wp-content\/uploads\/2023\/10\/masters-of-the-universe-origins-2021-castle-grayskull.webp","type":"image\/webp"}],"twitter_card":"summary_large_image","twitter_site":"@hobby4geek","schema":{"@context":"https:\/\/schema.org","@graph":[{"@type":"WebPage","@id":"https:\/\/hobby4geek.com\/product\/masters-of-the-universe-origins-2021-castle-grayskull\/","url":"https:\/\/hobby4geek.com\/product\/masters-of-the-universe-origins-2021-castle-grayskull\/","name":"Masters of the Universe: Origins 2021 - Schloss Grayskull","isPartOf":{"@id":"https:\/\/hobby4geek.com\/#website"},"primaryImageOfPage":{"@id":"https:\/\/hobby4geek.com\/product\/masters-of-the-universe-origins-2021-castle-grayskull\/#primaryimage"},"image":{"@id":"https:\/\/hobby4geek.com\/product\/masters-of-the-universe-origins-2021-castle-grayskull\/#primaryimage"},"thumbnailUrl":"https:\/\/hobby4geek.com\/wp-content\/uploads\/2023\/10\/masters-of-the-universe-origins-2021-castle-grayskull.webp","datePublished":"2023-04-06T16:19:43+00:00","dateModified":"2024-10-31T10:09:44+00:00","breadcrumb":{"@id":"https:\/\/hobby4geek.com\/product\/masters-of-the-universe-origins-2021-castle-grayskull\/#breadcrumb"},"inLanguage":"de","potentialAction":[{"@type":"ReadAction","target":["https:\/\/hobby4geek.com\/product\/masters-of-the-universe-origins-2021-castle-grayskull\/"]}]},{"@type":"ImageObject","inLanguage":"de","@id":"https:\/\/hobby4geek.com\/product\/masters-of-the-universe-origins-2021-castle-grayskull\/#primaryimage","url":"https:\/\/hobby4geek.com\/wp-content\/uploads\/2023\/10\/masters-of-the-universe-origins-2021-castle-grayskull.webp","contentUrl":"https:\/\/hobby4geek.com\/wp-content\/uploads\/2023\/10\/masters-of-the-universe-origins-2021-castle-grayskull.webp","width":2000,"height":2000},{"@type":"BreadcrumbList","@id":"https:\/\/hobby4geek.com\/product\/masters-of-the-universe-origins-2021-castle-grayskull\/#breadcrumb","itemListElement":[{"@type":"ListItem","position":1,"name":"Home","item":"https:\/\/hobby4geek.com\/"},{"@type":"ListItem","position":2,"name":"Shop","item":"https:\/\/hobby4geek.com\/shop\/"},{"@type":"ListItem","position":3,"name":"Masters of the Universe: Origins 2021 &#8211; Castle Grayskull"}]},{"@type":"WebSite","@id":"https:\/\/hobby4geek.com\/#website","url":"https:\/\/hobby4geek.com\/","name":"Hobby4Geek","description":"Sammeln, Spielen &amp; Pr\u00e4sentieren, Umarmung der Geekiness","publisher":{"@id":"https:\/\/hobby4geek.com\/#organization"},"potentialAction":[{"@type":"SearchAction","target":{"@type":"EntryPoint","urlTemplate":"https:\/\/hobby4geek.com\/?s={search_term_string}"},"query-input":{"@type":"PropertyValueSpecification","valueRequired":true,"valueName":"search_term_string"}}],"inLanguage":"de"},{"@type":"Organization","@id":"https:\/\/hobby4geek.com\/#organization","name":"Hobby4Geek","url":"https:\/\/hobby4geek.com\/","logo":{"@type":"ImageObject","inLanguage":"de","@id":"https:\/\/hobby4geek.com\/#\/schema\/logo\/image\/","url":"https:\/\/hobby4geek.com\/wp-content\/uploads\/2023\/02\/default-kit.png","contentUrl":"https:\/\/hobby4geek.com\/wp-content\/uploads\/2023\/02\/default-kit.png","width":600,"height":600,"caption":"Hobby4Geek"},"image":{"@id":"https:\/\/hobby4geek.com\/#\/schema\/logo\/image\/"},"sameAs":["https:\/\/www.facebook.com\/hobby4geek","https:\/\/x.com\/hobby4geek","https:\/\/www.instagram.com\/hobby4geek\/"]}]},"product_brand":"Masters of the Universe","product_price_amount":"49.98","product_price_currency":"EUR","og_availability":"out of stock","product_availability":"out of stock","product_retailer_item_id":"00887961960242","product_condition":"new"},"_links":{"self":[{"href":"https:\/\/hobby4geek.com\/de\/wp-json\/wp\/v2\/product\/189837","targetHints":{"allow":["GET"]}}],"collection":[{"href":"https:\/\/hobby4geek.com\/de\/wp-json\/wp\/v2\/product"}],"about":[{"href":"https:\/\/hobby4geek.com\/de\/wp-json\/wp\/v2\/types\/product"}],"replies":[{"embeddable":true,"href":"https:\/\/hobby4geek.com\/de\/wp-json\/wp\/v2\/comments?post=189837"}],"version-history":[{"count":0,"href":"https:\/\/hobby4geek.com\/de\/wp-json\/wp\/v2\/product\/189837\/revisions"}],"wp:featuredmedia":[{"embeddable":true,"href":"https:\/\/hobby4geek.com\/de\/wp-json\/wp\/v2\/media\/189856"}],"wp:attachment":[{"href":"https:\/\/hobby4geek.com\/de\/wp-json\/wp\/v2\/media?parent=189837"}],"wp:term":[{"taxonomy":"product_brand","embeddable":true,"href":"https:\/\/hobby4geek.com\/de\/wp-json\/wp\/v2\/product_brand?post=189837"},{"taxonomy":"product_cat","embeddable":true,"href":"https:\/\/hobby4geek.com\/de\/wp-json\/wp\/v2\/product_cat?post=189837"},{"taxonomy":"product_tag","embeddable":true,"href":"https:\/\/hobby4geek.com\/de\/wp-json\/wp\/v2\/product_tag?post=189837"},{"taxonomy":"giftcard-category","embeddable":true,"href":"https:\/\/hobby4geek.com\/de\/wp-json\/wp\/v2\/giftcard-category?post=189837"}],"curies":[{"name":"wp","href":"https:\/\/api.w.org\/{rel}","templated":true}]}}