{"id":189578,"date":"2023-09-10T21:06:16","date_gmt":"2023-09-10T19:06:16","guid":{"rendered":"https:\/\/hobby4geek.com\/?post_type=product&#038;p=189578"},"modified":"2024-05-12T12:59:00","modified_gmt":"2024-05-12T11:59:00","slug":"threezero-transformers-rise-of-the-beasts-dlx-optimus-primal","status":"publish","type":"product","link":"https:\/\/hobby4geek.com\/de\/produkt\/threezero-transformers-rise-of-the-beasts-dlx-optimus-primal\/","title":{"rendered":"ThreeZero - Transformers: Rise of the Beasts DLX Optimus Primal"},"content":{"rendered":"<p>Mit einer Gr\u00f6\u00dfe von ca. 28,5 cm (11,2\u2033) f\u00e4ngt die Transformers: Rise of the Beasts DLX Optimus Primal Sammelfigur die Essenz des ikonischen Anf\u00fchrers der Maximals ein, wie er im Film erscheint. Transformers: Rise of the Beasts DLX Optimus Primal hat die Ehre, mit ca. 74 Gelenkpunkten die meisten Gelenkpunkte in der DLX-Sammelfigurenserie zu haben! Er verf\u00fcgt \u00fcber verschiedene ineinandergreifende Segmente f\u00fcr Arm-, Bein- und K\u00f6rperbewegungen. Diese dynamische Bandbreite an Poseability erm\u00f6glicht es dir, die epischen Momente und Kampfszenen aus dem Film nachzustellen. Der Druckguss-Metallrahmen sorgt f\u00fcr ein H\u00f6chstma\u00df an Haltbarkeit und Stabilit\u00e4t. Die detaillierte, verwitterte Lackierung unterstreicht sein vom Kampf gezeichnetes Aussehen und zeigt die Unverw\u00fcstlichkeit und Entschlossenheit der Figur.<\/p>\n<p><strong>FEATURES<\/strong><\/p>\n<ul>\n<li>Offiziell lizenziert von Hasbro und TakaraTomy<\/li>\n<li>Ungef\u00e4hr 11,2 Zoll (~28,5cm) gro\u00df<\/li>\n<li>Ungef\u00e4hr 74 Gelenkpunkte<\/li>\n<li>Detaillierter verwitterter Farbauftrag<\/li>\n<li>LED-beleuchtete Augen<\/li>\n<li>Metalldruckguss-Rahmenkonstruktion mit erweitertem Gelenkbereich<\/li>\n<li>Cyber-Klingen, die zu einer einzigen Waffe kombiniert werden k\u00f6nnen<\/li>\n<li>Inklusive Metallkette zum Verbinden der Cyber Blades<\/li>\n<li>Auswechselbare Gesichter<\/li>\n<li>PVC-Pelz an den Schulterpanzern, um die Silhouette aus dem Film nachzubilden<\/li>\n<li>Verschiedene Verkettungsfunktionen f\u00fcr Arm-, Bein- und K\u00f6rperbewegungen<\/li>\n<\/ul>\n<p><strong>ZUBEH\u00d6R<\/strong><\/p>\n<ul>\n<li>Zwei (2) St\u00fcck Cyber Blades<\/li>\n<li>Ein (1) St. Kette<\/li>\n<li>Ein (1) St\u00fcck Verbindungsteil zwischen Cyber Blades<\/li>\n<li>Zwei (2) St. Verbindungsteil zwischen Cyber Blade und DLX Optimus Primals R\u00fcckseite<\/li>\n<li>Drei (3) St\u00fcck austauschbare Gesichtsteile<\/li>\n<li>Vier (4) Paare austauschbarer H\u00e4nde: ein (1) Paar F\u00e4uste, ein (1) Paar entspannte H\u00e4nde, ein (1) Paar Aktionsh\u00e4nde und ein (1) Paar waffenhaltende H\u00e4nde<\/li>\n<li>Ein (1) St\u00fcck DLX Aktionsst\u00e4nder<\/li>\n<\/ul>\n<p><strong>LED-EIGENSCHAFTEN*<\/strong><\/p>\n<ul>\n<li>Augen<\/li>\n<\/ul>\n<p><strong>Bemerkungen<br \/>\n<\/strong><\/p>\n<p>* Ben\u00f6tigt AG13-Batterien x 2 (Batterien nicht im Lieferumfang enthalten)<\/p>\n<p><strong>Materialien<br \/>\n<\/strong>Zinkdruckgusslegierung, PVC, ABS, POM<\/p>","protected":false},"excerpt":{"rendered":"<p><strong>FEATURES<\/strong><\/p>\n<ul>\n<li>Offiziell lizenziert von Hasbro und TakaraTomy<\/li>\n<li>Ungef\u00e4hr 11,2 Zoll (~28,5cm) gro\u00df<\/li>\n<li>Ungef\u00e4hr 74 Gelenkpunkte<\/li>\n<li>Detaillierter verwitterter Farbauftrag<\/li>\n<li>LED-beleuchtete Augen<\/li>\n<li>Metalldruckguss-Rahmenkonstruktion mit erweitertem Gelenkbereich<\/li>\n<li>Cyber-Klingen, die zu einer einzigen Waffe kombiniert werden k\u00f6nnen<\/li>\n<li>Inklusive Metallkette zum Verbinden der Cyber Blades<\/li>\n<li>Auswechselbare Gesichter<\/li>\n<li>PVC-Pelz an den Schulterpanzern, um die Silhouette aus dem Film nachzubilden<\/li>\n<li>Verschiedene Verkettungsfunktionen f\u00fcr Arm-, Bein- und K\u00f6rperbewegungen<\/li>\n<\/ul>\n<p><strong>ZUBEH\u00d6R<\/strong><\/p>\n<ul>\n<li>Zwei (2) St\u00fcck Cyber Blades<\/li>\n<li>Ein (1) St. Kette<\/li>\n<li>Ein (1) St\u00fcck Verbindungsteil zwischen Cyber Blades<\/li>\n<li>Zwei (2) St. Verbindungsteil zwischen Cyber Blade und DLX Optimus Primals R\u00fcckseite<\/li>\n<li>Drei (3) St\u00fcck austauschbare Gesichtsteile<\/li>\n<li>Vier (4) Paare austauschbarer H\u00e4nde: ein (1) Paar F\u00e4uste, ein (1) Paar entspannte H\u00e4nde, ein (1) Paar Aktionsh\u00e4nde und ein (1) Paar waffenhaltende H\u00e4nde<\/li>\n<li>Ein (1) St\u00fcck DLX Aktionsst\u00e4nder<\/li>\n<\/ul>\n<p><strong>LED-EIGENSCHAFTEN*<\/strong><\/p>\n<ul>\n<li>Augen<\/li>\n<\/ul>\n<p><strong>Bemerkungen<br \/>\n<\/strong><\/p>\n<p>* Ben\u00f6tigt AG13-Batterien x 2 (Batterien nicht im Lieferumfang enthalten)<\/p>\n<p><strong>Materialien<br \/>\n<\/strong>Zinkdruckgusslegierung, PVC, ABS, POM<\/p>","protected":false},"featured_media":189579,"comment_status":"open","ping_status":"closed","template":"","meta":{"inline_featured_image":false},"product_brand":[],"product_cat":[1955,68,90],"product_tag":[332,1976,221,333,334,335,1936,562,265,1956,337,770,204,2453,235,2227],"giftcard-category":[],"class_list":{"0":"post-189578","1":"product","2":"type-product","3":"status-publish","4":"has-post-thumbnail","6":"product_cat-transformers","7":"product_cat-hasbro","8":"product_cat-threezero","9":"product_tag-3a","10":"product_tag-collector-figures","11":"product_tag-decepticon","12":"product_tag-dlx-collectible-series","13":"product_tag-film","14":"product_tag-hasbro","15":"product_tag-models-co","16":"product_tag-optimus-primal","17":"product_tag-pre-orders","18":"product_tag-rise-of-the-beasts","19":"product_tag-threea","20":"product_tag-threezero","21":"product_tag-transformers","22":"product_tag-transformers-x-threezero","23":"product_tag-transformers-bumblebee","24":"product_tag-transformers-rise-of-the-beasts","25":"product_shipping_class-standard","26":"inventories-france-inventory","28":"first","29":"instock","30":"taxable","31":"shipping-taxable","32":"purchasable","33":"product-type-simple","34":"add-to-wishlist-after_add_to_cart"},"yoast_head":"<!-- This site is optimized with the Yoast SEO Premium plugin v25.3.1 (Yoast SEO v27.2) - https:\/\/yoast.com\/product\/yoast-seo-premium-wordpress\/ -->\n<title>ThreeZero - Transformers: Rise of the Beasts DLX Optimus Primal<\/title>\n<meta name=\"robots\" content=\"index, follow, max-snippet:-1, max-image-preview:large, max-video-preview:-1\" \/>\n<link rel=\"canonical\" href=\"https:\/\/hobby4geek.com\/de\/produkt\/threezero-transformers-rise-of-the-beasts-dlx-optimus-primal\/\" \/>\n<meta property=\"og:locale\" content=\"de_DE\" \/>\n<meta property=\"og:type\" content=\"article\" \/>\n<meta property=\"og:title\" content=\"ThreeZero - Transformers: Rise of the Beasts DLX Optimus Primal\" \/>\n<meta property=\"og:description\" content=\"FEATURES   Officially Licensed by Hasbro and TakaraTomy  Approximately 11.2 inches (~28.5cm) tall  Approximately 74 points of articulation  Detailed weathered paint application  LED-illuminated eyes  Die-cast metal frame design with advanced articulation range  Cyber Blades that can combine into a single weapon  Metallic chain included for connecting the Cyber Blades  Interchangeable faces  PVC fur added to shoulder armor to replicate the silhouette from the movie  Various interlinking functions for arm, leg, and body movements  ACCESSORIES   Two (2) pcs of Cyber Blades  One (1) pc of Chain  One (1) pc Connection part between Cyber Blades  Two (2) pc of Connection part between Cyber Blade and DLX Optimus Primal\u2019s back  Three (3) pcs of interchangeable face parts  Four (4) pairs of interchangeable hands: one (1) pair of Fists, one (1) pair of Relaxed Hands, one (1) pair of Action Hands, and one (1) pair of Weapon Holding Hands  One (1) pc of DLX action stand  LED FEATURES*   Eyes  Remarks   * Requires AG13 batteries x 2 (Batteries Not Included)  Materials Die-cast zinc alloy, PVC, ABS, POM\" \/>\n<meta property=\"og:url\" content=\"https:\/\/hobby4geek.com\/de\/produkt\/threezero-transformers-rise-of-the-beasts-dlx-optimus-primal\/\" \/>\n<meta property=\"og:site_name\" content=\"Hobby4Geek\" \/>\n<meta property=\"article:publisher\" content=\"https:\/\/www.facebook.com\/hobby4geek\" \/>\n<meta property=\"article:modified_time\" content=\"2024-05-12T11:59:00+00:00\" \/>\n<meta property=\"og:image\" content=\"https:\/\/hobby4geek.com\/wp-content\/uploads\/2023\/09\/threezero-transformers-rise-of-the-beasts-dlx-optimus-primal.jpg\" \/>\n\t<meta property=\"og:image:width\" content=\"600\" \/>\n\t<meta property=\"og:image:height\" content=\"600\" \/>\n\t<meta property=\"og:image:type\" content=\"image\/jpeg\" \/>\n<meta name=\"twitter:card\" content=\"summary_large_image\" \/>\n<meta name=\"twitter:site\" content=\"@hobby4geek\" \/>\n<script type=\"application\/ld+json\" class=\"yoast-schema-graph\">{\"@context\":\"https:\/\/schema.org\",\"@graph\":[{\"@type\":\"WebPage\",\"@id\":\"https:\/\/hobby4geek.com\/product\/threezero-transformers-rise-of-the-beasts-dlx-optimus-primal\/\",\"url\":\"https:\/\/hobby4geek.com\/product\/threezero-transformers-rise-of-the-beasts-dlx-optimus-primal\/\",\"name\":\"ThreeZero - Transformers: Rise of the Beasts DLX Optimus Primal\",\"isPartOf\":{\"@id\":\"https:\/\/hobby4geek.com\/#website\"},\"primaryImageOfPage\":{\"@id\":\"https:\/\/hobby4geek.com\/product\/threezero-transformers-rise-of-the-beasts-dlx-optimus-primal\/#primaryimage\"},\"image\":{\"@id\":\"https:\/\/hobby4geek.com\/product\/threezero-transformers-rise-of-the-beasts-dlx-optimus-primal\/#primaryimage\"},\"thumbnailUrl\":\"https:\/\/hobby4geek.com\/wp-content\/uploads\/2023\/09\/threezero-transformers-rise-of-the-beasts-dlx-optimus-primal.jpg\",\"datePublished\":\"2023-09-10T19:06:16+00:00\",\"dateModified\":\"2024-05-12T11:59:00+00:00\",\"breadcrumb\":{\"@id\":\"https:\/\/hobby4geek.com\/product\/threezero-transformers-rise-of-the-beasts-dlx-optimus-primal\/#breadcrumb\"},\"inLanguage\":\"de\",\"potentialAction\":[{\"@type\":\"ReadAction\",\"target\":[\"https:\/\/hobby4geek.com\/product\/threezero-transformers-rise-of-the-beasts-dlx-optimus-primal\/\"]}]},{\"@type\":\"ImageObject\",\"inLanguage\":\"de\",\"@id\":\"https:\/\/hobby4geek.com\/product\/threezero-transformers-rise-of-the-beasts-dlx-optimus-primal\/#primaryimage\",\"url\":\"https:\/\/hobby4geek.com\/wp-content\/uploads\/2023\/09\/threezero-transformers-rise-of-the-beasts-dlx-optimus-primal.jpg\",\"contentUrl\":\"https:\/\/hobby4geek.com\/wp-content\/uploads\/2023\/09\/threezero-transformers-rise-of-the-beasts-dlx-optimus-primal.jpg\",\"width\":600,\"height\":600},{\"@type\":\"BreadcrumbList\",\"@id\":\"https:\/\/hobby4geek.com\/product\/threezero-transformers-rise-of-the-beasts-dlx-optimus-primal\/#breadcrumb\",\"itemListElement\":[{\"@type\":\"ListItem\",\"position\":1,\"name\":\"Home\",\"item\":\"https:\/\/hobby4geek.com\/\"},{\"@type\":\"ListItem\",\"position\":2,\"name\":\"Shop\",\"item\":\"https:\/\/hobby4geek.com\/shop\/\"},{\"@type\":\"ListItem\",\"position\":3,\"name\":\"ThreeZero &#8211; Transformers: Rise of the Beasts DLX Optimus Primal\"}]},{\"@type\":\"WebSite\",\"@id\":\"https:\/\/hobby4geek.com\/#website\",\"url\":\"https:\/\/hobby4geek.com\/\",\"name\":\"Hobby4Geek\",\"description\":\"Collect, Play &amp; Showcase, Embrace your Geekiness\",\"publisher\":{\"@id\":\"https:\/\/hobby4geek.com\/#organization\"},\"potentialAction\":[{\"@type\":\"SearchAction\",\"target\":{\"@type\":\"EntryPoint\",\"urlTemplate\":\"https:\/\/hobby4geek.com\/?s={search_term_string}\"},\"query-input\":{\"@type\":\"PropertyValueSpecification\",\"valueRequired\":true,\"valueName\":\"search_term_string\"}}],\"inLanguage\":\"de\"},{\"@type\":\"Organization\",\"@id\":\"https:\/\/hobby4geek.com\/#organization\",\"name\":\"Hobby4Geek\",\"url\":\"https:\/\/hobby4geek.com\/\",\"logo\":{\"@type\":\"ImageObject\",\"inLanguage\":\"de\",\"@id\":\"https:\/\/hobby4geek.com\/#\/schema\/logo\/image\/\",\"url\":\"https:\/\/hobby4geek.com\/wp-content\/uploads\/2023\/02\/default-kit.png\",\"contentUrl\":\"https:\/\/hobby4geek.com\/wp-content\/uploads\/2023\/02\/default-kit.png\",\"width\":600,\"height\":600,\"caption\":\"Hobby4Geek\"},\"image\":{\"@id\":\"https:\/\/hobby4geek.com\/#\/schema\/logo\/image\/\"},\"sameAs\":[\"https:\/\/www.facebook.com\/hobby4geek\",\"https:\/\/x.com\/hobby4geek\",\"https:\/\/www.instagram.com\/hobby4geek\/\"]}]}<\/script>\n<meta property=\"product:brand\" content=\"Transformers\" \/>\n<meta property=\"product:price:amount\" content=\"324.00\" \/>\n<meta property=\"product:price:currency\" content=\"EUR\" \/>\n<meta property=\"og:availability\" content=\"instock\" \/>\n<meta property=\"product:availability\" content=\"instock\" \/>\n<meta property=\"product:retailer_item_id\" content=\"4895250808294\" \/>\n<meta property=\"product:condition\" content=\"new\" \/>\n<!-- \/ Yoast SEO Premium plugin. -->","yoast_head_json":{"title":"DreiZero - Transformers: Rise of the Beasts DLX Optimus Primal","robots":{"index":"index","follow":"follow","max-snippet":"max-snippet:-1","max-image-preview":"max-image-preview:large","max-video-preview":"max-video-preview:-1"},"canonical":"https:\/\/hobby4geek.com\/de\/produkt\/threezero-transformers-rise-of-the-beasts-dlx-optimus-primal\/","og_locale":"de_DE","og_type":"article","og_title":"ThreeZero - Transformers: Rise of the Beasts DLX Optimus Primal","og_description":"FEATURES   Officially Licensed by Hasbro and TakaraTomy  Approximately 11.2 inches (~28.5cm) tall  Approximately 74 points of articulation  Detailed weathered paint application  LED-illuminated eyes  Die-cast metal frame design with advanced articulation range  Cyber Blades that can combine into a single weapon  Metallic chain included for connecting the Cyber Blades  Interchangeable faces  PVC fur added to shoulder armor to replicate the silhouette from the movie  Various interlinking functions for arm, leg, and body movements  ACCESSORIES   Two (2) pcs of Cyber Blades  One (1) pc of Chain  One (1) pc Connection part between Cyber Blades  Two (2) pc of Connection part between Cyber Blade and DLX Optimus Primal\u2019s back  Three (3) pcs of interchangeable face parts  Four (4) pairs of interchangeable hands: one (1) pair of Fists, one (1) pair of Relaxed Hands, one (1) pair of Action Hands, and one (1) pair of Weapon Holding Hands  One (1) pc of DLX action stand  LED FEATURES*   Eyes  Remarks   * Requires AG13 batteries x 2 (Batteries Not Included)  Materials Die-cast zinc alloy, PVC, ABS, POM","og_url":"https:\/\/hobby4geek.com\/de\/produkt\/threezero-transformers-rise-of-the-beasts-dlx-optimus-primal\/","og_site_name":"Hobby4Geek","article_publisher":"https:\/\/www.facebook.com\/hobby4geek","article_modified_time":"2024-05-12T11:59:00+00:00","og_image":[{"width":600,"height":600,"url":"https:\/\/hobby4geek.com\/wp-content\/uploads\/2023\/09\/threezero-transformers-rise-of-the-beasts-dlx-optimus-primal.jpg","type":"image\/jpeg"}],"twitter_card":"summary_large_image","twitter_site":"@hobby4geek","schema":{"@context":"https:\/\/schema.org","@graph":[{"@type":"WebPage","@id":"https:\/\/hobby4geek.com\/product\/threezero-transformers-rise-of-the-beasts-dlx-optimus-primal\/","url":"https:\/\/hobby4geek.com\/product\/threezero-transformers-rise-of-the-beasts-dlx-optimus-primal\/","name":"DreiZero - Transformers: Rise of the Beasts DLX Optimus Primal","isPartOf":{"@id":"https:\/\/hobby4geek.com\/#website"},"primaryImageOfPage":{"@id":"https:\/\/hobby4geek.com\/product\/threezero-transformers-rise-of-the-beasts-dlx-optimus-primal\/#primaryimage"},"image":{"@id":"https:\/\/hobby4geek.com\/product\/threezero-transformers-rise-of-the-beasts-dlx-optimus-primal\/#primaryimage"},"thumbnailUrl":"https:\/\/hobby4geek.com\/wp-content\/uploads\/2023\/09\/threezero-transformers-rise-of-the-beasts-dlx-optimus-primal.jpg","datePublished":"2023-09-10T19:06:16+00:00","dateModified":"2024-05-12T11:59:00+00:00","breadcrumb":{"@id":"https:\/\/hobby4geek.com\/product\/threezero-transformers-rise-of-the-beasts-dlx-optimus-primal\/#breadcrumb"},"inLanguage":"de","potentialAction":[{"@type":"ReadAction","target":["https:\/\/hobby4geek.com\/product\/threezero-transformers-rise-of-the-beasts-dlx-optimus-primal\/"]}]},{"@type":"ImageObject","inLanguage":"de","@id":"https:\/\/hobby4geek.com\/product\/threezero-transformers-rise-of-the-beasts-dlx-optimus-primal\/#primaryimage","url":"https:\/\/hobby4geek.com\/wp-content\/uploads\/2023\/09\/threezero-transformers-rise-of-the-beasts-dlx-optimus-primal.jpg","contentUrl":"https:\/\/hobby4geek.com\/wp-content\/uploads\/2023\/09\/threezero-transformers-rise-of-the-beasts-dlx-optimus-primal.jpg","width":600,"height":600},{"@type":"BreadcrumbList","@id":"https:\/\/hobby4geek.com\/product\/threezero-transformers-rise-of-the-beasts-dlx-optimus-primal\/#breadcrumb","itemListElement":[{"@type":"ListItem","position":1,"name":"Home","item":"https:\/\/hobby4geek.com\/"},{"@type":"ListItem","position":2,"name":"Shop","item":"https:\/\/hobby4geek.com\/shop\/"},{"@type":"ListItem","position":3,"name":"ThreeZero &#8211; Transformers: Rise of the Beasts DLX Optimus Primal"}]},{"@type":"WebSite","@id":"https:\/\/hobby4geek.com\/#website","url":"https:\/\/hobby4geek.com\/","name":"Hobby4Geek","description":"Sammeln, Spielen &amp; Pr\u00e4sentieren, Umarmung der Geekiness","publisher":{"@id":"https:\/\/hobby4geek.com\/#organization"},"potentialAction":[{"@type":"SearchAction","target":{"@type":"EntryPoint","urlTemplate":"https:\/\/hobby4geek.com\/?s={search_term_string}"},"query-input":{"@type":"PropertyValueSpecification","valueRequired":true,"valueName":"search_term_string"}}],"inLanguage":"de"},{"@type":"Organization","@id":"https:\/\/hobby4geek.com\/#organization","name":"Hobby4Geek","url":"https:\/\/hobby4geek.com\/","logo":{"@type":"ImageObject","inLanguage":"de","@id":"https:\/\/hobby4geek.com\/#\/schema\/logo\/image\/","url":"https:\/\/hobby4geek.com\/wp-content\/uploads\/2023\/02\/default-kit.png","contentUrl":"https:\/\/hobby4geek.com\/wp-content\/uploads\/2023\/02\/default-kit.png","width":600,"height":600,"caption":"Hobby4Geek"},"image":{"@id":"https:\/\/hobby4geek.com\/#\/schema\/logo\/image\/"},"sameAs":["https:\/\/www.facebook.com\/hobby4geek","https:\/\/x.com\/hobby4geek","https:\/\/www.instagram.com\/hobby4geek\/"]}]},"product_brand":"Transformers","product_price_amount":"324.00","product_price_currency":"EUR","og_availability":"instock","product_availability":"instock","product_retailer_item_id":"4895250808294","product_condition":"new"},"_links":{"self":[{"href":"https:\/\/hobby4geek.com\/de\/wp-json\/wp\/v2\/product\/189578","targetHints":{"allow":["GET"]}}],"collection":[{"href":"https:\/\/hobby4geek.com\/de\/wp-json\/wp\/v2\/product"}],"about":[{"href":"https:\/\/hobby4geek.com\/de\/wp-json\/wp\/v2\/types\/product"}],"replies":[{"embeddable":true,"href":"https:\/\/hobby4geek.com\/de\/wp-json\/wp\/v2\/comments?post=189578"}],"version-history":[{"count":0,"href":"https:\/\/hobby4geek.com\/de\/wp-json\/wp\/v2\/product\/189578\/revisions"}],"wp:featuredmedia":[{"embeddable":true,"href":"https:\/\/hobby4geek.com\/de\/wp-json\/wp\/v2\/media\/189579"}],"wp:attachment":[{"href":"https:\/\/hobby4geek.com\/de\/wp-json\/wp\/v2\/media?parent=189578"}],"wp:term":[{"taxonomy":"product_brand","embeddable":true,"href":"https:\/\/hobby4geek.com\/de\/wp-json\/wp\/v2\/product_brand?post=189578"},{"taxonomy":"product_cat","embeddable":true,"href":"https:\/\/hobby4geek.com\/de\/wp-json\/wp\/v2\/product_cat?post=189578"},{"taxonomy":"product_tag","embeddable":true,"href":"https:\/\/hobby4geek.com\/de\/wp-json\/wp\/v2\/product_tag?post=189578"},{"taxonomy":"giftcard-category","embeddable":true,"href":"https:\/\/hobby4geek.com\/de\/wp-json\/wp\/v2\/giftcard-category?post=189578"}],"curies":[{"name":"wp","href":"https:\/\/api.w.org\/{rel}","templated":true}]}}