{"id":189346,"date":"2023-11-24T09:30:47","date_gmt":"2023-11-24T07:30:47","guid":{"rendered":"https:\/\/hobby4geek.com\/?post_type=product&#038;p=189346"},"modified":"2024-09-23T14:51:08","modified_gmt":"2024-09-23T13:51:08","slug":"threezero-transformers-rise-of-the-beasts-dlx-optimus-prime","status":"publish","type":"product","link":"https:\/\/hobby4geek.com\/de\/produkt\/threezero-transformers-rise-of-the-beasts-dlx-optimus-prime\/","title":{"rendered":"ThreeZero - Transformers: Rise of the Beasts DLX Optimus Prime"},"content":{"rendered":"<p>\"Transformers: Rise of the Beasts\" bringt uns das siebte Kapitel der Transformers-Filmsaga, das in den 90er Jahren spielt, wo sich Autobot-Anf\u00fchrer Optimus Prime mit neuen Verb\u00fcndeten zusammenschlie\u00dft, um sich seinem bisher gr\u00f6\u00dften Feind zu stellen. \"Transformers: Rise of the Beasts\" DLX Optimus Prime setzt die hochwertige Handwerkskunst der DLX-Serie fort, f\u00fchrt neue Elemente und Details ein und reproduziert originalgetreu sein aktualisiertes Design und Arsenal aus dem Film.<\/p>\n<p>Die \"Transformers: Rise of the Beasts\" DLX Optimus Prime ist ca. 11,2 cm gro\u00df, verf\u00fcgt \u00fcber 53 Gelenkpunkte und enth\u00e4lt ein kompliziertes Legierungsskelett, das ein hochwertiges taktiles Gef\u00fchl mit einer gro\u00dfen Anzahl von Gelenken bietet. Das Gelenk-Design ist sorgf\u00e4ltig mit ineinandergreifenden Ebene der Details f\u00fcr eine nahezu nahtlose Aussehen gefertigt.<\/p>\n<p>\"Transformers: Rise of the Beasts\" DLX Optimus Prime besticht durch seine Liebe zum Detail. Seine Augen sind mit LED-Lichteffekten ausgestattet, die die Figur zum Leben erwecken. DLX Optimus Prime ist mit doppelarmigen Ionen-Blastern, zwei Energon-Schwertern und einer Energon-Axt ausgestattet. Es gibt drei S\u00e4tze austauschbarer H\u00e4nde (F\u00e4uste, entspannte H\u00e4nde und Aktionsh\u00e4nde), und in Verbindung mit dem DLX-Aktionsst\u00e4nder kann er eine Vielzahl von ikonischen Posen einnehmen.<\/p>\n<p>Dieses Figurenset enth\u00e4lt auch eine Axt haltende Hand f\u00fcr Transformers: Rise of the Beasts DLX Bumblebee, um die denkw\u00fcrdige Szene aus dem Film nachzustellen, in der Bumblebee die Axt von Optimus Prime schwingt.<\/p>\n<p>TRANSFORMERS und alle dazugeh\u00f6rigen Charaktere sind Markenzeichen von Hasbro und werden mit Genehmigung verwendet. \u00a9 2023 Hasbro. Alle Rechte vorbehalten. \u00a9 2023 Paramount Pictures Corporation. Alle Rechte vorbehalten. Lizensiert durch Hasbro.<\/p>\n<p><strong>FEATURES<\/strong><\/p>\n<ul>\n<li>Offiziell lizenziert von Hasbro und TakaraTomy<\/li>\n<li>Ungef\u00e4hr 11,2 Zoll (~28,5cm) gro\u00df<\/li>\n<li>Ungef\u00e4hr 53 Gelenkpunkte<\/li>\n<li>Detaillierter und verwitterter Farbauftrag<\/li>\n<li>Druckguss-Metallrahmenkonstruktion mit erweitertem Bewegungsspielraum<\/li>\n<li>LED-beleuchtete Augen und Doppelarm-Ionensprenger<\/li>\n<li><\/li>\n<\/ul>\n<p><strong>ZUBEH\u00d6R<\/strong><\/p>\n<ul>\n<li>Ein (1) St\u00fcck austauschbare Kampfmaske<\/li>\n<li>Zwei (2) St\u00fcck Arm-Ionensprenger<\/li>\n<li>Ein (1) St\u00fcck Energon-Axt<\/li>\n<li>Zwei (2) St\u00fcck Energon-Schwert<\/li>\n<li>F\u00fcnf (5) S\u00e4tze austauschbarer H\u00e4nde: ein (1) Paar F\u00e4uste, ein (1) Paar entspannte H\u00e4nde, ein (1) Paar gespreizte H\u00e4nde, ein (1) Paar waffenhaltende H\u00e4nde und eine (1) Kommandohand f\u00fcr die linke Hand<\/li>\n<li>Ein (1) St\u00fcck Energon Axe Holding rechte Hand f\u00fcr Transformers: Rise of the Beasts DLX Bumblebee<\/li>\n<li>Ein (1) DLX-Aktionsst\u00e4nder<\/li>\n<\/ul>\n<p><strong>LED-EIGENSCHAFTEN*<\/strong><\/p>\n<ul>\n<li>Augen<\/li>\n<li>Ionen-Blaster<\/li>\n<\/ul>\n<p><strong>Bemerkungen<br \/>\n<\/strong>* Ben\u00f6tigt AG13-Batterien x 6 (Batterien nicht im Lieferumfang enthalten)<\/p>\n<p><strong>Materialien<br \/>\n<\/strong>Zinkdruckgusslegierung, PVC, ABS, POM<\/p>","protected":false},"excerpt":{"rendered":"<p><strong>FEATURES<\/strong><\/p>\n<ul>\n<li>Offiziell lizenziert von Hasbro und TakaraTomy<\/li>\n<li>Ungef\u00e4hr 11,2 Zoll (~28,5cm) gro\u00df<\/li>\n<li>Ungef\u00e4hr 53 Gelenkpunkte<\/li>\n<li>Detaillierter und verwitterter Farbauftrag<\/li>\n<li>Druckguss-Metallrahmenkonstruktion mit erweitertem Bewegungsspielraum<\/li>\n<li>LED-beleuchtete Augen und Doppelarm-Ionensprenger<\/li>\n<li><\/li>\n<\/ul>\n<p><strong>ZUBEH\u00d6R<\/strong><\/p>\n<ul>\n<li>Ein (1) St\u00fcck austauschbare Kampfmaske<\/li>\n<li>Zwei (2) St\u00fcck Arm-Ionensprenger<\/li>\n<li>Ein (1) St\u00fcck Energon-Axt<\/li>\n<li>Zwei (2) St\u00fcck Energon-Schwert<\/li>\n<li>F\u00fcnf (5) S\u00e4tze austauschbarer H\u00e4nde: ein (1) Paar F\u00e4uste, ein (1) Paar entspannte H\u00e4nde, ein (1) Paar gespreizte H\u00e4nde, ein (1) Paar waffenhaltende H\u00e4nde und eine (1) Kommandohand f\u00fcr die linke Hand<\/li>\n<li>Ein (1) St\u00fcck Energon Axe Holding rechte Hand f\u00fcr Transformers: Rise of the Beasts DLX Bumblebee<\/li>\n<li>Ein (1) DLX-Aktionsst\u00e4nder<\/li>\n<\/ul>\n<p><strong>LED-EIGENSCHAFTEN*<\/strong><\/p>\n<ul>\n<li>Augen<\/li>\n<li>Ionen-Blaster<\/li>\n<\/ul>\n<p><strong>Bemerkungen<br \/>\n<\/strong>* Ben\u00f6tigt AG13-Batterien x 6 (Batterien nicht im Lieferumfang enthalten)<\/p>\n<p><strong>Materialien<br \/>\n<\/strong>Zinkdruckgusslegierung, PVC, ABS, POM<\/p>","protected":false},"featured_media":189347,"comment_status":"open","ping_status":"closed","template":"","meta":{"inline_featured_image":false},"product_brand":[],"product_cat":[1955,68,90],"product_tag":[332,1976,221,2228,333,334,335,1936,234,265,1956,337,770,204,2453,235,2227],"giftcard-category":[],"class_list":{"0":"post-189346","1":"product","2":"type-product","3":"status-publish","4":"has-post-thumbnail","6":"product_cat-transformers","7":"product_cat-hasbro","8":"product_cat-threezero","9":"product_tag-3a","10":"product_tag-collector-figures","11":"product_tag-decepticon","12":"product_tag-dlx-bumblebee","13":"product_tag-dlx-collectible-series","14":"product_tag-film","15":"product_tag-hasbro","16":"product_tag-models-co","17":"product_tag-optimus-prime","18":"product_tag-pre-orders","19":"product_tag-rise-of-the-beasts","20":"product_tag-threea","21":"product_tag-threezero","22":"product_tag-transformers","23":"product_tag-transformers-x-threezero","24":"product_tag-transformers-bumblebee","25":"product_tag-transformers-rise-of-the-beasts","26":"product_shipping_class-standard","28":"first","29":"outofstock","30":"featured","31":"taxable","32":"shipping-taxable","33":"purchasable","34":"product-type-simple","35":"add-to-wishlist-after_add_to_cart"},"yoast_head":"<!-- This site is optimized with the Yoast SEO Premium plugin v25.3.1 (Yoast SEO v27.2) - https:\/\/yoast.com\/product\/yoast-seo-premium-wordpress\/ -->\n<title>ThreeZero - Transformers: Rise of the Beasts DLX Optimus Prime<\/title>\n<meta name=\"robots\" content=\"index, follow, max-snippet:-1, max-image-preview:large, max-video-preview:-1\" \/>\n<link rel=\"canonical\" href=\"https:\/\/hobby4geek.com\/de\/produkt\/threezero-transformers-rise-of-the-beasts-dlx-optimus-prime\/\" \/>\n<meta property=\"og:locale\" content=\"de_DE\" \/>\n<meta property=\"og:type\" content=\"article\" \/>\n<meta property=\"og:title\" content=\"ThreeZero - Transformers: Rise of the Beasts DLX Optimus Prime\" \/>\n<meta property=\"og:description\" content=\"FEATURES   Officially Licensed by Hasbro and TakaraTomy  Approximately 11.2 inches (~28.5cm) tall  Approximately 53 points of articulation  Detailed and weathered paint application  Die-cast Metal frame design with advanced range of articulation  LED illuminated eyes and dual arm Ion Blasters    ACCESSORIES   One (1) pc of interchangeable Battle Mask  Two (2) pcs of Arm Ion Blasters  One (1) pc of Energon Axe  Two (2) pcs of Energon Sword  Five (5) sets of interchangeable hands: one (1) pair of Fists, one (1) pair of Relaxed Hands, one (1) pair of Spread Hands, one (1) pair of Weapon Holding Hands and one (1) of Command Hand for left hand  One (1) pc Energon Axe Holding right hand for Transformers: Rise of the Beasts DLX Bumblebee  One (1) DLX action stand  LED FEATURES*   Eyes  Ion Blaster  Remarks * Requires AG13 batteries x 6 (Batteries Not Included)  Materials Die-cast zinc alloy, PVC, ABS, POM\" \/>\n<meta property=\"og:url\" content=\"https:\/\/hobby4geek.com\/de\/produkt\/threezero-transformers-rise-of-the-beasts-dlx-optimus-prime\/\" \/>\n<meta property=\"og:site_name\" content=\"Hobby4Geek\" \/>\n<meta property=\"article:publisher\" content=\"https:\/\/www.facebook.com\/hobby4geek\" \/>\n<meta property=\"article:modified_time\" content=\"2024-09-23T13:51:08+00:00\" \/>\n<meta property=\"og:image\" content=\"https:\/\/hobby4geek.com\/wp-content\/uploads\/2023\/07\/threezero-transformers-rise-of-the-beasts-dlx-optimus-prime.jpg\" \/>\n\t<meta property=\"og:image:width\" content=\"600\" \/>\n\t<meta property=\"og:image:height\" content=\"600\" \/>\n\t<meta property=\"og:image:type\" content=\"image\/jpeg\" \/>\n<meta name=\"twitter:card\" content=\"summary_large_image\" \/>\n<meta name=\"twitter:site\" content=\"@hobby4geek\" \/>\n<script type=\"application\/ld+json\" class=\"yoast-schema-graph\">{\"@context\":\"https:\/\/schema.org\",\"@graph\":[{\"@type\":\"WebPage\",\"@id\":\"https:\/\/hobby4geek.com\/product\/threezero-transformers-rise-of-the-beasts-dlx-optimus-prime\/\",\"url\":\"https:\/\/hobby4geek.com\/product\/threezero-transformers-rise-of-the-beasts-dlx-optimus-prime\/\",\"name\":\"ThreeZero - Transformers: Rise of the Beasts DLX Optimus Prime\",\"isPartOf\":{\"@id\":\"https:\/\/hobby4geek.com\/#website\"},\"primaryImageOfPage\":{\"@id\":\"https:\/\/hobby4geek.com\/product\/threezero-transformers-rise-of-the-beasts-dlx-optimus-prime\/#primaryimage\"},\"image\":{\"@id\":\"https:\/\/hobby4geek.com\/product\/threezero-transformers-rise-of-the-beasts-dlx-optimus-prime\/#primaryimage\"},\"thumbnailUrl\":\"https:\/\/hobby4geek.com\/wp-content\/uploads\/2023\/07\/threezero-transformers-rise-of-the-beasts-dlx-optimus-prime.jpg\",\"datePublished\":\"2023-11-24T07:30:47+00:00\",\"dateModified\":\"2024-09-23T13:51:08+00:00\",\"breadcrumb\":{\"@id\":\"https:\/\/hobby4geek.com\/product\/threezero-transformers-rise-of-the-beasts-dlx-optimus-prime\/#breadcrumb\"},\"inLanguage\":\"de\",\"potentialAction\":[{\"@type\":\"ReadAction\",\"target\":[\"https:\/\/hobby4geek.com\/product\/threezero-transformers-rise-of-the-beasts-dlx-optimus-prime\/\"]}]},{\"@type\":\"ImageObject\",\"inLanguage\":\"de\",\"@id\":\"https:\/\/hobby4geek.com\/product\/threezero-transformers-rise-of-the-beasts-dlx-optimus-prime\/#primaryimage\",\"url\":\"https:\/\/hobby4geek.com\/wp-content\/uploads\/2023\/07\/threezero-transformers-rise-of-the-beasts-dlx-optimus-prime.jpg\",\"contentUrl\":\"https:\/\/hobby4geek.com\/wp-content\/uploads\/2023\/07\/threezero-transformers-rise-of-the-beasts-dlx-optimus-prime.jpg\",\"width\":600,\"height\":600},{\"@type\":\"BreadcrumbList\",\"@id\":\"https:\/\/hobby4geek.com\/product\/threezero-transformers-rise-of-the-beasts-dlx-optimus-prime\/#breadcrumb\",\"itemListElement\":[{\"@type\":\"ListItem\",\"position\":1,\"name\":\"Home\",\"item\":\"https:\/\/hobby4geek.com\/\"},{\"@type\":\"ListItem\",\"position\":2,\"name\":\"Shop\",\"item\":\"https:\/\/hobby4geek.com\/shop\/\"},{\"@type\":\"ListItem\",\"position\":3,\"name\":\"ThreeZero &#8211; Transformers: Rise of the Beasts DLX Optimus Prime\"}]},{\"@type\":\"WebSite\",\"@id\":\"https:\/\/hobby4geek.com\/#website\",\"url\":\"https:\/\/hobby4geek.com\/\",\"name\":\"Hobby4Geek\",\"description\":\"Collect, Play &amp; Showcase, Embrace your Geekiness\",\"publisher\":{\"@id\":\"https:\/\/hobby4geek.com\/#organization\"},\"potentialAction\":[{\"@type\":\"SearchAction\",\"target\":{\"@type\":\"EntryPoint\",\"urlTemplate\":\"https:\/\/hobby4geek.com\/?s={search_term_string}\"},\"query-input\":{\"@type\":\"PropertyValueSpecification\",\"valueRequired\":true,\"valueName\":\"search_term_string\"}}],\"inLanguage\":\"de\"},{\"@type\":\"Organization\",\"@id\":\"https:\/\/hobby4geek.com\/#organization\",\"name\":\"Hobby4Geek\",\"url\":\"https:\/\/hobby4geek.com\/\",\"logo\":{\"@type\":\"ImageObject\",\"inLanguage\":\"de\",\"@id\":\"https:\/\/hobby4geek.com\/#\/schema\/logo\/image\/\",\"url\":\"https:\/\/hobby4geek.com\/wp-content\/uploads\/2023\/02\/default-kit.png\",\"contentUrl\":\"https:\/\/hobby4geek.com\/wp-content\/uploads\/2023\/02\/default-kit.png\",\"width\":600,\"height\":600,\"caption\":\"Hobby4Geek\"},\"image\":{\"@id\":\"https:\/\/hobby4geek.com\/#\/schema\/logo\/image\/\"},\"sameAs\":[\"https:\/\/www.facebook.com\/hobby4geek\",\"https:\/\/x.com\/hobby4geek\",\"https:\/\/www.instagram.com\/hobby4geek\/\"]}]}<\/script>\n<meta property=\"product:brand\" content=\"Transformers\" \/>\n<meta property=\"product:price:amount\" content=\"276.98\" \/>\n<meta property=\"product:price:currency\" content=\"EUR\" \/>\n<meta property=\"og:availability\" content=\"out of stock\" \/>\n<meta property=\"product:availability\" content=\"out of stock\" \/>\n<meta property=\"product:retailer_item_id\" content=\"4895250807334\" \/>\n<meta property=\"product:condition\" content=\"new\" \/>\n<!-- \/ Yoast SEO Premium plugin. -->","yoast_head_json":{"title":"DreiZero - Transformers: Rise of the Beasts DLX Optimus Prime","robots":{"index":"index","follow":"follow","max-snippet":"max-snippet:-1","max-image-preview":"max-image-preview:large","max-video-preview":"max-video-preview:-1"},"canonical":"https:\/\/hobby4geek.com\/de\/produkt\/threezero-transformers-rise-of-the-beasts-dlx-optimus-prime\/","og_locale":"de_DE","og_type":"article","og_title":"ThreeZero - Transformers: Rise of the Beasts DLX Optimus Prime","og_description":"FEATURES   Officially Licensed by Hasbro and TakaraTomy  Approximately 11.2 inches (~28.5cm) tall  Approximately 53 points of articulation  Detailed and weathered paint application  Die-cast Metal frame design with advanced range of articulation  LED illuminated eyes and dual arm Ion Blasters    ACCESSORIES   One (1) pc of interchangeable Battle Mask  Two (2) pcs of Arm Ion Blasters  One (1) pc of Energon Axe  Two (2) pcs of Energon Sword  Five (5) sets of interchangeable hands: one (1) pair of Fists, one (1) pair of Relaxed Hands, one (1) pair of Spread Hands, one (1) pair of Weapon Holding Hands and one (1) of Command Hand for left hand  One (1) pc Energon Axe Holding right hand for Transformers: Rise of the Beasts DLX Bumblebee  One (1) DLX action stand  LED FEATURES*   Eyes  Ion Blaster  Remarks * Requires AG13 batteries x 6 (Batteries Not Included)  Materials Die-cast zinc alloy, PVC, ABS, POM","og_url":"https:\/\/hobby4geek.com\/de\/produkt\/threezero-transformers-rise-of-the-beasts-dlx-optimus-prime\/","og_site_name":"Hobby4Geek","article_publisher":"https:\/\/www.facebook.com\/hobby4geek","article_modified_time":"2024-09-23T13:51:08+00:00","og_image":[{"width":600,"height":600,"url":"https:\/\/hobby4geek.com\/wp-content\/uploads\/2023\/07\/threezero-transformers-rise-of-the-beasts-dlx-optimus-prime.jpg","type":"image\/jpeg"}],"twitter_card":"summary_large_image","twitter_site":"@hobby4geek","schema":{"@context":"https:\/\/schema.org","@graph":[{"@type":"WebPage","@id":"https:\/\/hobby4geek.com\/product\/threezero-transformers-rise-of-the-beasts-dlx-optimus-prime\/","url":"https:\/\/hobby4geek.com\/product\/threezero-transformers-rise-of-the-beasts-dlx-optimus-prime\/","name":"DreiZero - Transformers: Rise of the Beasts DLX Optimus Prime","isPartOf":{"@id":"https:\/\/hobby4geek.com\/#website"},"primaryImageOfPage":{"@id":"https:\/\/hobby4geek.com\/product\/threezero-transformers-rise-of-the-beasts-dlx-optimus-prime\/#primaryimage"},"image":{"@id":"https:\/\/hobby4geek.com\/product\/threezero-transformers-rise-of-the-beasts-dlx-optimus-prime\/#primaryimage"},"thumbnailUrl":"https:\/\/hobby4geek.com\/wp-content\/uploads\/2023\/07\/threezero-transformers-rise-of-the-beasts-dlx-optimus-prime.jpg","datePublished":"2023-11-24T07:30:47+00:00","dateModified":"2024-09-23T13:51:08+00:00","breadcrumb":{"@id":"https:\/\/hobby4geek.com\/product\/threezero-transformers-rise-of-the-beasts-dlx-optimus-prime\/#breadcrumb"},"inLanguage":"de","potentialAction":[{"@type":"ReadAction","target":["https:\/\/hobby4geek.com\/product\/threezero-transformers-rise-of-the-beasts-dlx-optimus-prime\/"]}]},{"@type":"ImageObject","inLanguage":"de","@id":"https:\/\/hobby4geek.com\/product\/threezero-transformers-rise-of-the-beasts-dlx-optimus-prime\/#primaryimage","url":"https:\/\/hobby4geek.com\/wp-content\/uploads\/2023\/07\/threezero-transformers-rise-of-the-beasts-dlx-optimus-prime.jpg","contentUrl":"https:\/\/hobby4geek.com\/wp-content\/uploads\/2023\/07\/threezero-transformers-rise-of-the-beasts-dlx-optimus-prime.jpg","width":600,"height":600},{"@type":"BreadcrumbList","@id":"https:\/\/hobby4geek.com\/product\/threezero-transformers-rise-of-the-beasts-dlx-optimus-prime\/#breadcrumb","itemListElement":[{"@type":"ListItem","position":1,"name":"Home","item":"https:\/\/hobby4geek.com\/"},{"@type":"ListItem","position":2,"name":"Shop","item":"https:\/\/hobby4geek.com\/shop\/"},{"@type":"ListItem","position":3,"name":"ThreeZero &#8211; Transformers: Rise of the Beasts DLX Optimus Prime"}]},{"@type":"WebSite","@id":"https:\/\/hobby4geek.com\/#website","url":"https:\/\/hobby4geek.com\/","name":"Hobby4Geek","description":"Sammeln, Spielen &amp; Pr\u00e4sentieren, Umarmung der Geekiness","publisher":{"@id":"https:\/\/hobby4geek.com\/#organization"},"potentialAction":[{"@type":"SearchAction","target":{"@type":"EntryPoint","urlTemplate":"https:\/\/hobby4geek.com\/?s={search_term_string}"},"query-input":{"@type":"PropertyValueSpecification","valueRequired":true,"valueName":"search_term_string"}}],"inLanguage":"de"},{"@type":"Organization","@id":"https:\/\/hobby4geek.com\/#organization","name":"Hobby4Geek","url":"https:\/\/hobby4geek.com\/","logo":{"@type":"ImageObject","inLanguage":"de","@id":"https:\/\/hobby4geek.com\/#\/schema\/logo\/image\/","url":"https:\/\/hobby4geek.com\/wp-content\/uploads\/2023\/02\/default-kit.png","contentUrl":"https:\/\/hobby4geek.com\/wp-content\/uploads\/2023\/02\/default-kit.png","width":600,"height":600,"caption":"Hobby4Geek"},"image":{"@id":"https:\/\/hobby4geek.com\/#\/schema\/logo\/image\/"},"sameAs":["https:\/\/www.facebook.com\/hobby4geek","https:\/\/x.com\/hobby4geek","https:\/\/www.instagram.com\/hobby4geek\/"]}]},"product_brand":"Transformers","product_price_amount":"276.98","product_price_currency":"EUR","og_availability":"out of stock","product_availability":"out of stock","product_retailer_item_id":"4895250807334","product_condition":"new"},"_links":{"self":[{"href":"https:\/\/hobby4geek.com\/de\/wp-json\/wp\/v2\/product\/189346","targetHints":{"allow":["GET"]}}],"collection":[{"href":"https:\/\/hobby4geek.com\/de\/wp-json\/wp\/v2\/product"}],"about":[{"href":"https:\/\/hobby4geek.com\/de\/wp-json\/wp\/v2\/types\/product"}],"replies":[{"embeddable":true,"href":"https:\/\/hobby4geek.com\/de\/wp-json\/wp\/v2\/comments?post=189346"}],"version-history":[{"count":0,"href":"https:\/\/hobby4geek.com\/de\/wp-json\/wp\/v2\/product\/189346\/revisions"}],"wp:featuredmedia":[{"embeddable":true,"href":"https:\/\/hobby4geek.com\/de\/wp-json\/wp\/v2\/media\/189347"}],"wp:attachment":[{"href":"https:\/\/hobby4geek.com\/de\/wp-json\/wp\/v2\/media?parent=189346"}],"wp:term":[{"taxonomy":"product_brand","embeddable":true,"href":"https:\/\/hobby4geek.com\/de\/wp-json\/wp\/v2\/product_brand?post=189346"},{"taxonomy":"product_cat","embeddable":true,"href":"https:\/\/hobby4geek.com\/de\/wp-json\/wp\/v2\/product_cat?post=189346"},{"taxonomy":"product_tag","embeddable":true,"href":"https:\/\/hobby4geek.com\/de\/wp-json\/wp\/v2\/product_tag?post=189346"},{"taxonomy":"giftcard-category","embeddable":true,"href":"https:\/\/hobby4geek.com\/de\/wp-json\/wp\/v2\/giftcard-category?post=189346"}],"curies":[{"name":"wp","href":"https:\/\/api.w.org\/{rel}","templated":true}]}}