{"id":189255,"date":"2023-06-30T19:26:50","date_gmt":"2023-06-30T17:26:50","guid":{"rendered":"https:\/\/hobby4geek.com\/?post_type=product&#038;p=189255"},"modified":"2024-05-12T12:56:52","modified_gmt":"2024-05-12T11:56:52","slug":"lego-dc-batman-super-heroes","status":"publish","type":"product","link":"https:\/\/hobby4geek.com\/de\/produkt\/lego-dc-batman-super-heroes\/","title":{"rendered":"Lego 76259 DC: Batman - Superhelden"},"content":{"rendered":"<p>Lege die Zukunft von Gotham City in die H\u00e4nde deines jungen Verbrechensbek\u00e4mpfers mit der LEGO DC Batman (76259) Minifigur zum Bauen.<\/p>\n<p>Mit einer Gr\u00f6\u00dfe von 26 cm (10,5 Inch) wird dieses voll bewegliche und authentisch detaillierte Batman-Spielzeug f\u00fcr Kinder ab 8 Jahren die Fans dazu inspirieren, ihren inneren Superhelden zu entdecken.<\/p>\n<p>Die Batman-Figur f\u00e4ngt den Stil und die St\u00e4rke von Batman ein, wie er im Batman-Film von 1989 dargestellt wird. Mit beweglichen Gelenken in den Schultern, Armen, H\u00fcften und Beinen macht dieses vielseitige Spielzeug Spa\u00df beim Bauen, Spielen und Ausstellen, um Batman zu dekorieren. Mit authentischen Details und einem durchgehenden Textilumhang bietet diese Batman-Sammelfigur unendliche Spielm\u00f6glichkeiten, wo immer Kinder auch hingehen.<\/p>\n<p>F\u00fcr zus\u00e4tzlichen digitalen Spa\u00df k\u00f6nnen die Baumeister mit der lustigen und intuitiven LEGO Builder App zoomen, das Spiel in 3D drehen und ihre Fortschritte verfolgen.<\/p>\n<p>LEGO Batman Spielzeug f\u00fcr Kinder bringt die klassische Fernsehserie und die actiongeladenen Filme ins Kinderzimmer, wo sie spannende Szenen nachspielen oder authentisch aussehende Fahrzeuge zur Verbrechensbek\u00e4mpfung bauen k\u00f6nnen.<\/p>\n<p>Diese Gotham City Knight Superheldenfigur ist ein tolles Geschenk, das alle Kinder lieben werden.<\/p>\n<p>Dieser Bausatz enth\u00e4lt 275 Teile.<\/p>\n<ul>\n<li>Lego DC Batman<\/li>\n<li>Mehr als 26cm<\/li>\n<li>275 St\u00fcck<\/li>\n<\/ul>","protected":false},"excerpt":{"rendered":"<ul>\n<li>Lego DC Batman<\/li>\n<li>Mehr als 26cm<\/li>\n<li>275 St\u00fcck<\/li>\n<\/ul>","protected":false},"featured_media":189260,"comment_status":"open","ping_status":"closed","template":"","meta":{"inline_featured_image":false},"product_brand":[],"product_cat":[2270,2269,2274],"product_tag":[2254,1984,2251,2253,1968,2267,2271],"giftcard-category":[],"class_list":{"0":"post-189255","1":"product","2":"type-product","3":"status-publish","4":"has-post-thumbnail","6":"product_cat-batman","7":"product_cat-dc","8":"product_cat-lego","9":"product_tag-batman","10":"product_tag-bricks-blocs","11":"product_tag-dc","12":"product_tag-dc-comics","13":"product_tag-games","14":"product_tag-lego","15":"product_tag-n76259","16":"product_shipping_class-light","17":"inventories-france-inventory","19":"first","20":"instock","21":"taxable","22":"shipping-taxable","23":"purchasable","24":"product-type-simple","25":"add-to-wishlist-after_add_to_cart"},"yoast_head":"<!-- This site is optimized with the Yoast SEO Premium plugin v25.3.1 (Yoast SEO v27.4) - https:\/\/yoast.com\/product\/yoast-seo-premium-wordpress\/ -->\n<title>Lego 76259 DC: Batman - Super Heroes<\/title>\n<meta name=\"robots\" content=\"index, follow, max-snippet:-1, max-image-preview:large, max-video-preview:-1\" \/>\n<link rel=\"canonical\" href=\"https:\/\/hobby4geek.com\/de\/produkt\/lego-dc-batman-super-heroes\/\" \/>\n<meta property=\"og:locale\" content=\"de_DE\" \/>\n<meta property=\"og:type\" content=\"article\" \/>\n<meta property=\"og:title\" content=\"Lego 76259 DC: Batman - Super Heroes\" \/>\n<meta property=\"og:description\" content=\"Lego DC Batman  More than 26cm  275 pieces\" \/>\n<meta property=\"og:url\" content=\"https:\/\/hobby4geek.com\/de\/produkt\/lego-dc-batman-super-heroes\/\" \/>\n<meta property=\"og:site_name\" content=\"Hobby4Geek\" \/>\n<meta property=\"article:publisher\" content=\"https:\/\/www.facebook.com\/hobby4geek\" \/>\n<meta property=\"article:modified_time\" content=\"2024-05-12T11:56:52+00:00\" \/>\n<meta property=\"og:image\" content=\"https:\/\/hobby4geek.com\/wp-content\/uploads\/2023\/07\/lego-76259-dc-batman-super-heroes.webp\" \/>\n\t<meta property=\"og:image:width\" content=\"1600\" \/>\n\t<meta property=\"og:image:height\" content=\"1200\" \/>\n\t<meta property=\"og:image:type\" content=\"image\/webp\" \/>\n<meta name=\"twitter:card\" content=\"summary_large_image\" \/>\n<meta name=\"twitter:site\" content=\"@hobby4geek\" \/>\n<script type=\"application\/ld+json\" class=\"yoast-schema-graph\">{\"@context\":\"https:\\\/\\\/schema.org\",\"@graph\":[{\"@type\":\"WebPage\",\"@id\":\"https:\\\/\\\/hobby4geek.com\\\/product\\\/lego-dc-batman-super-heroes\\\/\",\"url\":\"https:\\\/\\\/hobby4geek.com\\\/product\\\/lego-dc-batman-super-heroes\\\/\",\"name\":\"Lego 76259 DC: Batman - Super Heroes\",\"isPartOf\":{\"@id\":\"https:\\\/\\\/hobby4geek.com\\\/#website\"},\"primaryImageOfPage\":{\"@id\":\"https:\\\/\\\/hobby4geek.com\\\/product\\\/lego-dc-batman-super-heroes\\\/#primaryimage\"},\"image\":{\"@id\":\"https:\\\/\\\/hobby4geek.com\\\/product\\\/lego-dc-batman-super-heroes\\\/#primaryimage\"},\"thumbnailUrl\":\"https:\\\/\\\/hobby4geek.com\\\/wp-content\\\/uploads\\\/2023\\\/07\\\/lego-76259-dc-batman-super-heroes.webp\",\"datePublished\":\"2023-06-30T17:26:50+00:00\",\"dateModified\":\"2024-05-12T11:56:52+00:00\",\"breadcrumb\":{\"@id\":\"https:\\\/\\\/hobby4geek.com\\\/product\\\/lego-dc-batman-super-heroes\\\/#breadcrumb\"},\"inLanguage\":\"de\",\"potentialAction\":[{\"@type\":\"ReadAction\",\"target\":[\"https:\\\/\\\/hobby4geek.com\\\/product\\\/lego-dc-batman-super-heroes\\\/\"]}]},{\"@type\":\"ImageObject\",\"inLanguage\":\"de\",\"@id\":\"https:\\\/\\\/hobby4geek.com\\\/product\\\/lego-dc-batman-super-heroes\\\/#primaryimage\",\"url\":\"https:\\\/\\\/hobby4geek.com\\\/wp-content\\\/uploads\\\/2023\\\/07\\\/lego-76259-dc-batman-super-heroes.webp\",\"contentUrl\":\"https:\\\/\\\/hobby4geek.com\\\/wp-content\\\/uploads\\\/2023\\\/07\\\/lego-76259-dc-batman-super-heroes.webp\",\"width\":1600,\"height\":1200},{\"@type\":\"BreadcrumbList\",\"@id\":\"https:\\\/\\\/hobby4geek.com\\\/product\\\/lego-dc-batman-super-heroes\\\/#breadcrumb\",\"itemListElement\":[{\"@type\":\"ListItem\",\"position\":1,\"name\":\"Home\",\"item\":\"https:\\\/\\\/hobby4geek.com\\\/\"},{\"@type\":\"ListItem\",\"position\":2,\"name\":\"Shop\",\"item\":\"https:\\\/\\\/hobby4geek.com\\\/shop\\\/\"},{\"@type\":\"ListItem\",\"position\":3,\"name\":\"Lego 76259 DC: Batman &#8211; Super Heroes\"}]},{\"@type\":\"WebSite\",\"@id\":\"https:\\\/\\\/hobby4geek.com\\\/#website\",\"url\":\"https:\\\/\\\/hobby4geek.com\\\/\",\"name\":\"Hobby4Geek\",\"description\":\"Collect, Play &amp; Showcase, Embrace your Geekiness\",\"publisher\":{\"@id\":\"https:\\\/\\\/hobby4geek.com\\\/#organization\"},\"potentialAction\":[{\"@type\":\"SearchAction\",\"target\":{\"@type\":\"EntryPoint\",\"urlTemplate\":\"https:\\\/\\\/hobby4geek.com\\\/?s={search_term_string}\"},\"query-input\":{\"@type\":\"PropertyValueSpecification\",\"valueRequired\":true,\"valueName\":\"search_term_string\"}}],\"inLanguage\":\"de\"},{\"@type\":\"Organization\",\"@id\":\"https:\\\/\\\/hobby4geek.com\\\/#organization\",\"name\":\"Hobby4Geek\",\"url\":\"https:\\\/\\\/hobby4geek.com\\\/\",\"logo\":{\"@type\":\"ImageObject\",\"inLanguage\":\"de\",\"@id\":\"https:\\\/\\\/hobby4geek.com\\\/#\\\/schema\\\/logo\\\/image\\\/\",\"url\":\"https:\\\/\\\/hobby4geek.com\\\/wp-content\\\/uploads\\\/2023\\\/02\\\/default-kit.png\",\"contentUrl\":\"https:\\\/\\\/hobby4geek.com\\\/wp-content\\\/uploads\\\/2023\\\/02\\\/default-kit.png\",\"width\":600,\"height\":600,\"caption\":\"Hobby4Geek\"},\"image\":{\"@id\":\"https:\\\/\\\/hobby4geek.com\\\/#\\\/schema\\\/logo\\\/image\\\/\"},\"sameAs\":[\"https:\\\/\\\/www.facebook.com\\\/hobby4geek\",\"https:\\\/\\\/x.com\\\/hobby4geek\",\"https:\\\/\\\/www.instagram.com\\\/hobby4geek\\\/\"]}]}<\/script>\n<meta property=\"product:brand\" content=\"Batman\" \/>\n<meta property=\"product:price:amount\" content=\"47.00\" \/>\n<meta property=\"product:price:currency\" content=\"EUR\" \/>\n<meta property=\"og:availability\" content=\"instock\" \/>\n<meta property=\"product:availability\" content=\"instock\" \/>\n<meta property=\"product:retailer_item_id\" content=\"5702017419756\" \/>\n<meta property=\"product:condition\" content=\"new\" \/>\n<!-- \/ Yoast SEO Premium plugin. -->","yoast_head_json":{"title":"Lego 76259 DC: Batman - Superhelden","robots":{"index":"index","follow":"follow","max-snippet":"max-snippet:-1","max-image-preview":"max-image-preview:large","max-video-preview":"max-video-preview:-1"},"canonical":"https:\/\/hobby4geek.com\/de\/produkt\/lego-dc-batman-super-heroes\/","og_locale":"de_DE","og_type":"article","og_title":"Lego 76259 DC: Batman - Super Heroes","og_description":"Lego DC Batman  More than 26cm  275 pieces","og_url":"https:\/\/hobby4geek.com\/de\/produkt\/lego-dc-batman-super-heroes\/","og_site_name":"Hobby4Geek","article_publisher":"https:\/\/www.facebook.com\/hobby4geek","article_modified_time":"2024-05-12T11:56:52+00:00","og_image":[{"width":1600,"height":1200,"url":"https:\/\/hobby4geek.com\/wp-content\/uploads\/2023\/07\/lego-76259-dc-batman-super-heroes.webp","type":"image\/webp"}],"twitter_card":"summary_large_image","twitter_site":"@hobby4geek","schema":{"@context":"https:\/\/schema.org","@graph":[{"@type":"WebPage","@id":"https:\/\/hobby4geek.com\/product\/lego-dc-batman-super-heroes\/","url":"https:\/\/hobby4geek.com\/product\/lego-dc-batman-super-heroes\/","name":"Lego 76259 DC: Batman - Superhelden","isPartOf":{"@id":"https:\/\/hobby4geek.com\/#website"},"primaryImageOfPage":{"@id":"https:\/\/hobby4geek.com\/product\/lego-dc-batman-super-heroes\/#primaryimage"},"image":{"@id":"https:\/\/hobby4geek.com\/product\/lego-dc-batman-super-heroes\/#primaryimage"},"thumbnailUrl":"https:\/\/hobby4geek.com\/wp-content\/uploads\/2023\/07\/lego-76259-dc-batman-super-heroes.webp","datePublished":"2023-06-30T17:26:50+00:00","dateModified":"2024-05-12T11:56:52+00:00","breadcrumb":{"@id":"https:\/\/hobby4geek.com\/product\/lego-dc-batman-super-heroes\/#breadcrumb"},"inLanguage":"de","potentialAction":[{"@type":"ReadAction","target":["https:\/\/hobby4geek.com\/product\/lego-dc-batman-super-heroes\/"]}]},{"@type":"ImageObject","inLanguage":"de","@id":"https:\/\/hobby4geek.com\/product\/lego-dc-batman-super-heroes\/#primaryimage","url":"https:\/\/hobby4geek.com\/wp-content\/uploads\/2023\/07\/lego-76259-dc-batman-super-heroes.webp","contentUrl":"https:\/\/hobby4geek.com\/wp-content\/uploads\/2023\/07\/lego-76259-dc-batman-super-heroes.webp","width":1600,"height":1200},{"@type":"BreadcrumbList","@id":"https:\/\/hobby4geek.com\/product\/lego-dc-batman-super-heroes\/#breadcrumb","itemListElement":[{"@type":"ListItem","position":1,"name":"Home","item":"https:\/\/hobby4geek.com\/"},{"@type":"ListItem","position":2,"name":"Shop","item":"https:\/\/hobby4geek.com\/shop\/"},{"@type":"ListItem","position":3,"name":"Lego 76259 DC: Batman &#8211; Super Heroes"}]},{"@type":"WebSite","@id":"https:\/\/hobby4geek.com\/#website","url":"https:\/\/hobby4geek.com\/","name":"Hobby4Geek","description":"Sammeln, Spielen &amp; Pr\u00e4sentieren, Umarmung der Geekiness","publisher":{"@id":"https:\/\/hobby4geek.com\/#organization"},"potentialAction":[{"@type":"SearchAction","target":{"@type":"EntryPoint","urlTemplate":"https:\/\/hobby4geek.com\/?s={search_term_string}"},"query-input":{"@type":"PropertyValueSpecification","valueRequired":true,"valueName":"search_term_string"}}],"inLanguage":"de"},{"@type":"Organization","@id":"https:\/\/hobby4geek.com\/#organization","name":"Hobby4Geek","url":"https:\/\/hobby4geek.com\/","logo":{"@type":"ImageObject","inLanguage":"de","@id":"https:\/\/hobby4geek.com\/#\/schema\/logo\/image\/","url":"https:\/\/hobby4geek.com\/wp-content\/uploads\/2023\/02\/default-kit.png","contentUrl":"https:\/\/hobby4geek.com\/wp-content\/uploads\/2023\/02\/default-kit.png","width":600,"height":600,"caption":"Hobby4Geek"},"image":{"@id":"https:\/\/hobby4geek.com\/#\/schema\/logo\/image\/"},"sameAs":["https:\/\/www.facebook.com\/hobby4geek","https:\/\/x.com\/hobby4geek","https:\/\/www.instagram.com\/hobby4geek\/"]}]},"product_brand":"Batman","product_price_amount":"47.00","product_price_currency":"EUR","og_availability":"instock","product_availability":"instock","product_retailer_item_id":"5702017419756","product_condition":"new"},"_links":{"self":[{"href":"https:\/\/hobby4geek.com\/de\/wp-json\/wp\/v2\/product\/189255","targetHints":{"allow":["GET"]}}],"collection":[{"href":"https:\/\/hobby4geek.com\/de\/wp-json\/wp\/v2\/product"}],"about":[{"href":"https:\/\/hobby4geek.com\/de\/wp-json\/wp\/v2\/types\/product"}],"replies":[{"embeddable":true,"href":"https:\/\/hobby4geek.com\/de\/wp-json\/wp\/v2\/comments?post=189255"}],"version-history":[{"count":0,"href":"https:\/\/hobby4geek.com\/de\/wp-json\/wp\/v2\/product\/189255\/revisions"}],"wp:featuredmedia":[{"embeddable":true,"href":"https:\/\/hobby4geek.com\/de\/wp-json\/wp\/v2\/media\/189260"}],"wp:attachment":[{"href":"https:\/\/hobby4geek.com\/de\/wp-json\/wp\/v2\/media?parent=189255"}],"wp:term":[{"taxonomy":"product_brand","embeddable":true,"href":"https:\/\/hobby4geek.com\/de\/wp-json\/wp\/v2\/product_brand?post=189255"},{"taxonomy":"product_cat","embeddable":true,"href":"https:\/\/hobby4geek.com\/de\/wp-json\/wp\/v2\/product_cat?post=189255"},{"taxonomy":"product_tag","embeddable":true,"href":"https:\/\/hobby4geek.com\/de\/wp-json\/wp\/v2\/product_tag?post=189255"},{"taxonomy":"giftcard-category","embeddable":true,"href":"https:\/\/hobby4geek.com\/de\/wp-json\/wp\/v2\/giftcard-category?post=189255"}],"curies":[{"name":"wp","href":"https:\/\/api.w.org\/{rel}","templated":true}]}}