{"id":189060,"date":"2023-11-05T18:31:39","date_gmt":"2023-11-05T16:31:39","guid":{"rendered":"https:\/\/hobby4geek.com\/?post_type=product&#038;p=189060"},"modified":"2024-05-12T13:07:58","modified_gmt":"2024-05-12T12:07:58","slug":"transformers-rise-of-the-beasts-studio-series-105-deluxe-class-mirage","status":"publish","type":"product","link":"https:\/\/hobby4geek.com\/de\/produkt\/transformers-rise-of-the-beasts-studio-series-105-deluxe-class-mirage\/","title":{"rendered":"Transformers: Rise of the Beasts - Studio Serie 105 - Autobot Mirage"},"content":{"rendered":"<p>Hol dir die epische Action der Transformers-Filme von der gro\u00dfen Leinwand in deine Sammlung mit der Transformers Studio Series Deluxe Class 105 Autobot Mirage Actionfigur, inspiriert von Transformers: Rise of the Beasts! Mirage und Noah rasen durch die Stra\u00dfen von New York City, um der Polizei zu entkommen. Transformers Studio Series-Spielzeuge sind Action-Sammelfiguren f\u00fcr 8-j\u00e4hrige Jungen und M\u00e4dchen, die mit vom Film inspirierten Details und Zubeh\u00f6r ausgestattet sind. Die Actionfigur l\u00e4sst sich in 25 Schritten vom Roboter- in den Porsche 911 Carrera-Modus umwandeln und der Autobot Mirage kann in der mitgelieferten abnehmbaren Kulisse f\u00fcr New York City Getaway in Szene gesetzt werden. Die Transformers-Actionfiguren f\u00fcr Jungen und M\u00e4dchen sind ein tolles Geschenk!<\/p>\n<ul>\n<li>Diese Transformers Studio Series 105 Autobot Mirage Actionfigur f\u00fcr Jungen und M\u00e4dchen ist hochgradig beweglich und verf\u00fcgt \u00fcber vom Film inspirierte Deko und Details.<\/li>\n<li>Diese 4,5-Zoll-Sammelfiguren sind von ikonischen Filmszenen inspiriert und mit Details ausgestattet, die das Transformers-Filmuniversum widerspiegeln.<\/li>\n<li>Dieses Studio Series Transformers Spielzeug f\u00fcr 8-j\u00e4hrige Jungen und M\u00e4dchen l\u00e4sst sich in 25 Schritten zwischen Roboter- und Porsche 911 Carrera-Modus umwandeln.<\/li>\n<li>Die Figur Transformers wird mit einer Armkanone geliefert, die in beiden Modi an der Autobot-Figur Mirage angebracht werden kann.<\/li>\n<li>Der abnehmbare Hintergrund zeigt die Autobot Mirage Figur in der New York City Getaway Szene. Fans k\u00f6nnen die Kulisse verwenden und ihre Figuren in der Szene mit ihrem eigenen Stil posieren<\/li>\n<\/ul>\n<p>Transformers und alle zugeh\u00f6rigen Figuren sind Warenzeichen von Hasbro.<br \/>\nHasbro und alle damit verbundenen Begriffe sind Marken von Hasbro.<br \/>\nPorsche, das Porsche Wappen und das unverwechselbare Design der Porsche Fahrzeuge sind Marken und Handelsmarken der Porsche AG. Erlaubnis erteilt.<\/p>\n<p>Enth\u00e4lt Figur, Zubeh\u00f6r, abnehmbare Kulisse und Anleitung.<\/p>","protected":false},"excerpt":{"rendered":"<ul>\n<li>11 cm<\/li>\n<li>Deluxe-Klasse<\/li>\n<li>25 Schritte<\/li>\n<li>Abnehmbare Dekoration<\/li>\n<\/ul>","protected":false},"featured_media":189064,"comment_status":"open","ping_status":"closed","template":"","meta":{"inline_featured_image":false},"product_brand":[],"product_cat":[1955,68,69,1960],"product_tag":[1759,1964,335,423,1956,1957,240,203,1975,204,1961,1962,1994,2227],"giftcard-category":[],"class_list":{"0":"post-189060","1":"product","2":"type-product","3":"status-publish","4":"has-post-thumbnail","6":"product_cat-transformers","7":"product_cat-hasbro","8":"product_cat-takara-tomy","9":"product_cat-transformers-generations","10":"product_tag-action-toys","11":"product_tag-deluxe-class","12":"product_tag-hasbro","13":"product_tag-mirage","14":"product_tag-rise-of-the-beasts","15":"product_tag-rotb","16":"product_tag-studio-series","17":"product_tag-takara-tomy","18":"product_tag-toys-figures","19":"product_tag-transformers","20":"product_tag-transformers-authentic","21":"product_tag-transformers-generations","22":"product_tag-transformers-studio-series","23":"product_tag-transformers-rise-of-the-beasts","24":"product_shipping_class-light","26":"first","27":"outofstock","28":"taxable","29":"shipping-taxable","30":"purchasable","31":"product-type-simple","32":"add-to-wishlist-after_add_to_cart"},"yoast_head":"<!-- This site is optimized with the Yoast SEO Premium plugin v25.3.1 (Yoast SEO v27.2) - https:\/\/yoast.com\/product\/yoast-seo-premium-wordpress\/ -->\n<title>Transformers: Rise of the Beasts - Studio Series 105 - Autobot Mirage<\/title>\n<meta name=\"robots\" content=\"index, follow, max-snippet:-1, max-image-preview:large, max-video-preview:-1\" \/>\n<link rel=\"canonical\" href=\"https:\/\/hobby4geek.com\/de\/produkt\/transformers-rise-of-the-beasts-studio-series-105-deluxe-class-mirage\/\" \/>\n<meta property=\"og:locale\" content=\"de_DE\" \/>\n<meta property=\"og:type\" content=\"article\" \/>\n<meta property=\"og:title\" content=\"Transformers: Rise of the Beasts - Studio Series 105 - Autobot Mirage\" \/>\n<meta property=\"og:description\" content=\"11 cm  Deluxe Class  25 Steps  Removable Decor\" \/>\n<meta property=\"og:url\" content=\"https:\/\/hobby4geek.com\/de\/produkt\/transformers-rise-of-the-beasts-studio-series-105-deluxe-class-mirage\/\" \/>\n<meta property=\"og:site_name\" content=\"Hobby4Geek\" \/>\n<meta property=\"article:publisher\" content=\"https:\/\/www.facebook.com\/hobby4geek\" \/>\n<meta property=\"article:modified_time\" content=\"2024-05-12T12:07:58+00:00\" \/>\n<meta property=\"og:image\" content=\"https:\/\/hobby4geek.com\/wp-content\/uploads\/2023\/06\/transformers-rise-of-the-beasts-studio-series-105-autobot-mirage-4.webp\" \/>\n\t<meta property=\"og:image:width\" content=\"2000\" \/>\n\t<meta property=\"og:image:height\" content=\"2000\" \/>\n\t<meta property=\"og:image:type\" content=\"image\/webp\" \/>\n<meta name=\"twitter:card\" content=\"summary_large_image\" \/>\n<meta name=\"twitter:site\" content=\"@hobby4geek\" \/>\n<script type=\"application\/ld+json\" class=\"yoast-schema-graph\">{\"@context\":\"https:\/\/schema.org\",\"@graph\":[{\"@type\":\"WebPage\",\"@id\":\"https:\/\/hobby4geek.com\/fr\/produit\/transformers-rise-of-the-beasts-studio-series-105-deluxe-class-mirage\/\",\"url\":\"https:\/\/hobby4geek.com\/fr\/produit\/transformers-rise-of-the-beasts-studio-series-105-deluxe-class-mirage\/\",\"name\":\"Transformers: Rise of the Beasts - Studio Series 105 - Autobot Mirage\",\"isPartOf\":{\"@id\":\"https:\/\/hobby4geek.com\/#website\"},\"primaryImageOfPage\":{\"@id\":\"https:\/\/hobby4geek.com\/fr\/produit\/transformers-rise-of-the-beasts-studio-series-105-deluxe-class-mirage\/#primaryimage\"},\"image\":{\"@id\":\"https:\/\/hobby4geek.com\/fr\/produit\/transformers-rise-of-the-beasts-studio-series-105-deluxe-class-mirage\/#primaryimage\"},\"thumbnailUrl\":\"https:\/\/hobby4geek.com\/wp-content\/uploads\/2023\/06\/transformers-rise-of-the-beasts-studio-series-105-autobot-mirage-4.webp\",\"datePublished\":\"2023-11-05T16:31:39+00:00\",\"dateModified\":\"2024-05-12T12:07:58+00:00\",\"breadcrumb\":{\"@id\":\"https:\/\/hobby4geek.com\/fr\/produit\/transformers-rise-of-the-beasts-studio-series-105-deluxe-class-mirage\/#breadcrumb\"},\"inLanguage\":\"de\",\"potentialAction\":[{\"@type\":\"ReadAction\",\"target\":[\"https:\/\/hobby4geek.com\/fr\/produit\/transformers-rise-of-the-beasts-studio-series-105-deluxe-class-mirage\/\"]}]},{\"@type\":\"ImageObject\",\"inLanguage\":\"de\",\"@id\":\"https:\/\/hobby4geek.com\/fr\/produit\/transformers-rise-of-the-beasts-studio-series-105-deluxe-class-mirage\/#primaryimage\",\"url\":\"https:\/\/hobby4geek.com\/wp-content\/uploads\/2023\/06\/transformers-rise-of-the-beasts-studio-series-105-autobot-mirage-4.webp\",\"contentUrl\":\"https:\/\/hobby4geek.com\/wp-content\/uploads\/2023\/06\/transformers-rise-of-the-beasts-studio-series-105-autobot-mirage-4.webp\",\"width\":2000,\"height\":2000},{\"@type\":\"BreadcrumbList\",\"@id\":\"https:\/\/hobby4geek.com\/fr\/produit\/transformers-rise-of-the-beasts-studio-series-105-deluxe-class-mirage\/#breadcrumb\",\"itemListElement\":[{\"@type\":\"ListItem\",\"position\":1,\"name\":\"Home\",\"item\":\"https:\/\/hobby4geek.com\/\"},{\"@type\":\"ListItem\",\"position\":2,\"name\":\"Shop\",\"item\":\"https:\/\/hobby4geek.com\/shop\/\"},{\"@type\":\"ListItem\",\"position\":3,\"name\":\"Transformers: Rise of the Beasts &#8211; Studio Series 105 &#8211; Autobot Mirage\"}]},{\"@type\":\"WebSite\",\"@id\":\"https:\/\/hobby4geek.com\/#website\",\"url\":\"https:\/\/hobby4geek.com\/\",\"name\":\"Hobby4Geek\",\"description\":\"Collect, Play &amp; Showcase, Embrace your Geekiness\",\"publisher\":{\"@id\":\"https:\/\/hobby4geek.com\/#organization\"},\"potentialAction\":[{\"@type\":\"SearchAction\",\"target\":{\"@type\":\"EntryPoint\",\"urlTemplate\":\"https:\/\/hobby4geek.com\/?s={search_term_string}\"},\"query-input\":{\"@type\":\"PropertyValueSpecification\",\"valueRequired\":true,\"valueName\":\"search_term_string\"}}],\"inLanguage\":\"de\"},{\"@type\":\"Organization\",\"@id\":\"https:\/\/hobby4geek.com\/#organization\",\"name\":\"Hobby4Geek\",\"url\":\"https:\/\/hobby4geek.com\/\",\"logo\":{\"@type\":\"ImageObject\",\"inLanguage\":\"de\",\"@id\":\"https:\/\/hobby4geek.com\/#\/schema\/logo\/image\/\",\"url\":\"https:\/\/hobby4geek.com\/wp-content\/uploads\/2023\/02\/default-kit.png\",\"contentUrl\":\"https:\/\/hobby4geek.com\/wp-content\/uploads\/2023\/02\/default-kit.png\",\"width\":600,\"height\":600,\"caption\":\"Hobby4Geek\"},\"image\":{\"@id\":\"https:\/\/hobby4geek.com\/#\/schema\/logo\/image\/\"},\"sameAs\":[\"https:\/\/www.facebook.com\/hobby4geek\",\"https:\/\/x.com\/hobby4geek\",\"https:\/\/www.instagram.com\/hobby4geek\/\"]}]}<\/script>\n<meta property=\"product:brand\" content=\"Transformers\" \/>\n<meta property=\"product:price:amount\" content=\"27.80\" \/>\n<meta property=\"product:price:currency\" content=\"EUR\" \/>\n<meta property=\"og:availability\" content=\"out of stock\" \/>\n<meta property=\"product:availability\" content=\"out of stock\" \/>\n<meta property=\"product:retailer_item_id\" content=\"5010996165794\" \/>\n<meta property=\"product:condition\" content=\"new\" \/>\n<!-- \/ Yoast SEO Premium plugin. -->","yoast_head_json":{"title":"Transformers: Rise of the Beasts - Studio Series 105 - Autobot Mirage","robots":{"index":"index","follow":"follow","max-snippet":"max-snippet:-1","max-image-preview":"max-image-preview:large","max-video-preview":"max-video-preview:-1"},"canonical":"https:\/\/hobby4geek.com\/de\/produkt\/transformers-rise-of-the-beasts-studio-series-105-deluxe-class-mirage\/","og_locale":"de_DE","og_type":"article","og_title":"Transformers: Rise of the Beasts - Studio Series 105 - Autobot Mirage","og_description":"11 cm  Deluxe Class  25 Steps  Removable Decor","og_url":"https:\/\/hobby4geek.com\/de\/produkt\/transformers-rise-of-the-beasts-studio-series-105-deluxe-class-mirage\/","og_site_name":"Hobby4Geek","article_publisher":"https:\/\/www.facebook.com\/hobby4geek","article_modified_time":"2024-05-12T12:07:58+00:00","og_image":[{"width":2000,"height":2000,"url":"https:\/\/hobby4geek.com\/wp-content\/uploads\/2023\/06\/transformers-rise-of-the-beasts-studio-series-105-autobot-mirage-4.webp","type":"image\/webp"}],"twitter_card":"summary_large_image","twitter_site":"@hobby4geek","schema":{"@context":"https:\/\/schema.org","@graph":[{"@type":"WebPage","@id":"https:\/\/hobby4geek.com\/fr\/produit\/transformers-rise-of-the-beasts-studio-series-105-deluxe-class-mirage\/","url":"https:\/\/hobby4geek.com\/fr\/produit\/transformers-rise-of-the-beasts-studio-series-105-deluxe-class-mirage\/","name":"Transformers: Rise of the Beasts - Studio Series 105 - Autobot Mirage","isPartOf":{"@id":"https:\/\/hobby4geek.com\/#website"},"primaryImageOfPage":{"@id":"https:\/\/hobby4geek.com\/fr\/produit\/transformers-rise-of-the-beasts-studio-series-105-deluxe-class-mirage\/#primaryimage"},"image":{"@id":"https:\/\/hobby4geek.com\/fr\/produit\/transformers-rise-of-the-beasts-studio-series-105-deluxe-class-mirage\/#primaryimage"},"thumbnailUrl":"https:\/\/hobby4geek.com\/wp-content\/uploads\/2023\/06\/transformers-rise-of-the-beasts-studio-series-105-autobot-mirage-4.webp","datePublished":"2023-11-05T16:31:39+00:00","dateModified":"2024-05-12T12:07:58+00:00","breadcrumb":{"@id":"https:\/\/hobby4geek.com\/fr\/produit\/transformers-rise-of-the-beasts-studio-series-105-deluxe-class-mirage\/#breadcrumb"},"inLanguage":"de","potentialAction":[{"@type":"ReadAction","target":["https:\/\/hobby4geek.com\/fr\/produit\/transformers-rise-of-the-beasts-studio-series-105-deluxe-class-mirage\/"]}]},{"@type":"ImageObject","inLanguage":"de","@id":"https:\/\/hobby4geek.com\/fr\/produit\/transformers-rise-of-the-beasts-studio-series-105-deluxe-class-mirage\/#primaryimage","url":"https:\/\/hobby4geek.com\/wp-content\/uploads\/2023\/06\/transformers-rise-of-the-beasts-studio-series-105-autobot-mirage-4.webp","contentUrl":"https:\/\/hobby4geek.com\/wp-content\/uploads\/2023\/06\/transformers-rise-of-the-beasts-studio-series-105-autobot-mirage-4.webp","width":2000,"height":2000},{"@type":"BreadcrumbList","@id":"https:\/\/hobby4geek.com\/fr\/produit\/transformers-rise-of-the-beasts-studio-series-105-deluxe-class-mirage\/#breadcrumb","itemListElement":[{"@type":"ListItem","position":1,"name":"Home","item":"https:\/\/hobby4geek.com\/"},{"@type":"ListItem","position":2,"name":"Shop","item":"https:\/\/hobby4geek.com\/shop\/"},{"@type":"ListItem","position":3,"name":"Transformers: Rise of the Beasts &#8211; Studio Series 105 &#8211; Autobot Mirage"}]},{"@type":"WebSite","@id":"https:\/\/hobby4geek.com\/#website","url":"https:\/\/hobby4geek.com\/","name":"Hobby4Geek","description":"Sammeln, Spielen &amp; Pr\u00e4sentieren, Umarmung der Geekiness","publisher":{"@id":"https:\/\/hobby4geek.com\/#organization"},"potentialAction":[{"@type":"SearchAction","target":{"@type":"EntryPoint","urlTemplate":"https:\/\/hobby4geek.com\/?s={search_term_string}"},"query-input":{"@type":"PropertyValueSpecification","valueRequired":true,"valueName":"search_term_string"}}],"inLanguage":"de"},{"@type":"Organization","@id":"https:\/\/hobby4geek.com\/#organization","name":"Hobby4Geek","url":"https:\/\/hobby4geek.com\/","logo":{"@type":"ImageObject","inLanguage":"de","@id":"https:\/\/hobby4geek.com\/#\/schema\/logo\/image\/","url":"https:\/\/hobby4geek.com\/wp-content\/uploads\/2023\/02\/default-kit.png","contentUrl":"https:\/\/hobby4geek.com\/wp-content\/uploads\/2023\/02\/default-kit.png","width":600,"height":600,"caption":"Hobby4Geek"},"image":{"@id":"https:\/\/hobby4geek.com\/#\/schema\/logo\/image\/"},"sameAs":["https:\/\/www.facebook.com\/hobby4geek","https:\/\/x.com\/hobby4geek","https:\/\/www.instagram.com\/hobby4geek\/"]}]},"product_brand":"Transformers","product_price_amount":"27.80","product_price_currency":"EUR","og_availability":"out of stock","product_availability":"out of stock","product_retailer_item_id":"5010996165794","product_condition":"new"},"_links":{"self":[{"href":"https:\/\/hobby4geek.com\/de\/wp-json\/wp\/v2\/product\/189060","targetHints":{"allow":["GET"]}}],"collection":[{"href":"https:\/\/hobby4geek.com\/de\/wp-json\/wp\/v2\/product"}],"about":[{"href":"https:\/\/hobby4geek.com\/de\/wp-json\/wp\/v2\/types\/product"}],"replies":[{"embeddable":true,"href":"https:\/\/hobby4geek.com\/de\/wp-json\/wp\/v2\/comments?post=189060"}],"version-history":[{"count":0,"href":"https:\/\/hobby4geek.com\/de\/wp-json\/wp\/v2\/product\/189060\/revisions"}],"wp:featuredmedia":[{"embeddable":true,"href":"https:\/\/hobby4geek.com\/de\/wp-json\/wp\/v2\/media\/189064"}],"wp:attachment":[{"href":"https:\/\/hobby4geek.com\/de\/wp-json\/wp\/v2\/media?parent=189060"}],"wp:term":[{"taxonomy":"product_brand","embeddable":true,"href":"https:\/\/hobby4geek.com\/de\/wp-json\/wp\/v2\/product_brand?post=189060"},{"taxonomy":"product_cat","embeddable":true,"href":"https:\/\/hobby4geek.com\/de\/wp-json\/wp\/v2\/product_cat?post=189060"},{"taxonomy":"product_tag","embeddable":true,"href":"https:\/\/hobby4geek.com\/de\/wp-json\/wp\/v2\/product_tag?post=189060"},{"taxonomy":"giftcard-category","embeddable":true,"href":"https:\/\/hobby4geek.com\/de\/wp-json\/wp\/v2\/giftcard-category?post=189060"}],"curies":[{"name":"wp","href":"https:\/\/api.w.org\/{rel}","templated":true}]}}