{"id":188947,"date":"2023-06-14T17:15:46","date_gmt":"2023-06-14T15:15:46","guid":{"rendered":"https:\/\/hobby4geek.com\/?post_type=product&#038;p=188947"},"modified":"2024-05-12T12:54:51","modified_gmt":"2024-05-12T11:54:51","slug":"transformers-bumblebee-buzzworthy-troop-builder-multipack","status":"publish","type":"product","link":"https:\/\/hobby4geek.com\/de\/produkt\/transformers-bumblebee-buzzworthy-troop-builder-multipack\/","title":{"rendered":"Transformers: Bumblebee Buzzworthy - Truppenbauer Multipack"},"content":{"rendered":"<div class=\"row\">\n<div class=\"col-md-12\">\n<p>Mach dich bereit f\u00fcr eine epische Schlacht zwischen den st\u00e4rksten Transformers-Robotertruppen mit dem Troop Builder Multipack! Dieses Pack enth\u00e4lt 4 Transformers-Actionfiguren: Decepticon Seeker, Quintesson Trooper, G1 Universe Cybertronian Trooper und Animated Universe Autotrooper. Jede Figur l\u00e4sst sich in 14 bis 27 Schritten vom Roboter in ihren klassischen Modus verwandeln. R\u00fcste deine Figuren f\u00fcr den Kampf mit dem von den Charakteren inspirierten Waffenzubeh\u00f6r und den 3 mitgelieferten alternativen K\u00f6pfen f\u00fcr die Figuren Quintesson Trooper, G2 Universe Cybertronian Trooper und Aniamted Universe Autotrooper aus. Du hast wahrscheinlich schon davon geh\u00f6rt, aber Bumblebee ist eine ziemlich gro\u00dfe Sache. Und jetzt setzt der knallharte Bot ein Zeichen mit einer Reihe von Bumblebee-Produkten f\u00fcr Fans aller Altersgruppen, die es in sich haben. Die Buzzworthy Bumblebee-Figuren sind in einer speziellen Sammlerverpackung verpackt, die auf die Buzzworthy Bumblebee-Serie abgestimmt ist. Sammle mehr Buzzworthy Bumblebee-Figuren (jede Figur ist separat erh\u00e4ltlich, je nach Verf\u00fcgbarkeit).<\/p>\n<ul>\n<li>Die Kollektion Buzzworthy Bumblebee enth\u00e4lt einige der beliebtesten Transformers-Actionfiguren f\u00fcr Jungen, M\u00e4dchen und Fans jeden Alters.<\/li>\n<li>Stelle mit dem Troop Builder Multipack deine st\u00e4rksten Truppen f\u00fcr den Kampf zusammen! Enth\u00e4lt Decepticon Seeker, Quintesson Trooper, G2 Universe Cybertronian Trooper und Animated Universe Autotrooper.<\/li>\n<li>Jede Figur l\u00e4sst sich in 14-27 Schritten vom Roboter- in den Alternativmodus umwandeln. Enth\u00e4lt alternative K\u00f6pfe f\u00fcr Quintesson Trooper, G2 Universe Cybertronian Trooper und Animated Universe Autotrooper Figuren.<\/li>\n<li>Enth\u00e4lt 2 Null Rays, 2 Schwerter, 2 Kanonen, Blaster, Axt und Streitkolben als Waffenzubeh\u00f6r f\u00fcr die Transformers Figuren in beiden Modi<\/li>\n<li>Dieses Transformers-Multipack enth\u00e4lt eine spezielle Buzzworthy Bumblebee-Sammelverpackung. Diese Transformers-Spielzeuge sind tolle Geschenke f\u00fcr Jungen, M\u00e4dchen und Fans jeden Alters.<\/li>\n<\/ul>\n<p>Enth\u00e4lt: 4 Figuren, 9 Zubeh\u00f6rteile, 3 alternative K\u00f6pfe und Anleitung.<\/p>\n<\/div>\n<\/div>","protected":false},"excerpt":{"rendered":"<ul>\n<li>4 Zahlen<\/li>\n<li>9 Zubeh\u00f6r<\/li>\n<li>3 K\u00f6pfe im Wechsel<\/li>\n<li>Anweisungen.<\/li>\n<\/ul>","protected":false},"featured_media":188955,"comment_status":"open","ping_status":"closed","template":"","meta":{"inline_featured_image":false},"product_brand":[],"product_cat":[1955,68,69,1960],"product_tag":[200,1759,2242,199,2238,2240,335,2239,203,1975,204,1961,1962,2174,2237],"giftcard-category":[],"class_list":{"0":"post-188947","1":"product","2":"type-product","3":"status-publish","4":"has-post-thumbnail","6":"product_cat-transformers","7":"product_cat-hasbro","8":"product_cat-takara-tomy","9":"product_cat-transformers-generations","10":"product_tag-action-figures","11":"product_tag-action-toys","12":"product_tag-animated-universe-autotrooper","13":"product_tag-autobot","14":"product_tag-decepticon-seeker","15":"product_tag-g2-universe-cybertronian-trooper","16":"product_tag-hasbro","17":"product_tag-quintesson-trooper","18":"product_tag-takara-tomy","19":"product_tag-toys-figures","20":"product_tag-transformers","21":"product_tag-transformers-authentic","22":"product_tag-transformers-generations","23":"product_tag-transformers-bumblebee-buzzworthy","24":"product_tag-troop-builder-multipack","25":"product_shipping_class-standard","27":"first","28":"outofstock","29":"taxable","30":"shipping-taxable","31":"purchasable","32":"product-type-simple","33":"add-to-wishlist-after_add_to_cart"},"yoast_head":"<!-- This site is optimized with the Yoast SEO Premium plugin v25.3.1 (Yoast SEO v27.2) - https:\/\/yoast.com\/product\/yoast-seo-premium-wordpress\/ -->\n<title>Transformers: Bumblebee Buzzworthy - Troop Builder Multipack<\/title>\n<meta name=\"robots\" content=\"index, follow, max-snippet:-1, max-image-preview:large, max-video-preview:-1\" \/>\n<link rel=\"canonical\" href=\"https:\/\/hobby4geek.com\/de\/produkt\/transformers-bumblebee-buzzworthy-troop-builder-multipack\/\" \/>\n<meta property=\"og:locale\" content=\"de_DE\" \/>\n<meta property=\"og:type\" content=\"article\" \/>\n<meta property=\"og:title\" content=\"Transformers: Bumblebee Buzzworthy - Troop Builder Multipack\" \/>\n<meta property=\"og:description\" content=\"4 figures  9 accessories  3 alternate heads  instructions.\" \/>\n<meta property=\"og:url\" content=\"https:\/\/hobby4geek.com\/de\/produkt\/transformers-bumblebee-buzzworthy-troop-builder-multipack\/\" \/>\n<meta property=\"og:site_name\" content=\"Hobby4Geek\" \/>\n<meta property=\"article:publisher\" content=\"https:\/\/www.facebook.com\/hobby4geek\" \/>\n<meta property=\"article:modified_time\" content=\"2024-05-12T11:54:51+00:00\" \/>\n<meta property=\"og:image\" content=\"https:\/\/hobby4geek.com\/wp-content\/uploads\/2023\/06\/transformers-bumblebee-buzzworthy-troop-builder-multipack-8.webp\" \/>\n\t<meta property=\"og:image:width\" content=\"2000\" \/>\n\t<meta property=\"og:image:height\" content=\"2000\" \/>\n\t<meta property=\"og:image:type\" content=\"image\/webp\" \/>\n<meta name=\"twitter:card\" content=\"summary_large_image\" \/>\n<meta name=\"twitter:site\" content=\"@hobby4geek\" \/>\n<script type=\"application\/ld+json\" class=\"yoast-schema-graph\">{\"@context\":\"https:\/\/schema.org\",\"@graph\":[{\"@type\":\"WebPage\",\"@id\":\"https:\/\/hobby4geek.com\/es\/producto\/transformers-bumblebee-buzzworthy-troop-builder-multipack\/\",\"url\":\"https:\/\/hobby4geek.com\/es\/producto\/transformers-bumblebee-buzzworthy-troop-builder-multipack\/\",\"name\":\"Transformers: Bumblebee Buzzworthy - Troop Builder Multipack\",\"isPartOf\":{\"@id\":\"https:\/\/hobby4geek.com\/#website\"},\"primaryImageOfPage\":{\"@id\":\"https:\/\/hobby4geek.com\/es\/producto\/transformers-bumblebee-buzzworthy-troop-builder-multipack\/#primaryimage\"},\"image\":{\"@id\":\"https:\/\/hobby4geek.com\/es\/producto\/transformers-bumblebee-buzzworthy-troop-builder-multipack\/#primaryimage\"},\"thumbnailUrl\":\"https:\/\/hobby4geek.com\/wp-content\/uploads\/2023\/06\/transformers-bumblebee-buzzworthy-troop-builder-multipack-8.webp\",\"datePublished\":\"2023-06-14T15:15:46+00:00\",\"dateModified\":\"2024-05-12T11:54:51+00:00\",\"breadcrumb\":{\"@id\":\"https:\/\/hobby4geek.com\/es\/producto\/transformers-bumblebee-buzzworthy-troop-builder-multipack\/#breadcrumb\"},\"inLanguage\":\"de\",\"potentialAction\":[{\"@type\":\"ReadAction\",\"target\":[\"https:\/\/hobby4geek.com\/es\/producto\/transformers-bumblebee-buzzworthy-troop-builder-multipack\/\"]}]},{\"@type\":\"ImageObject\",\"inLanguage\":\"de\",\"@id\":\"https:\/\/hobby4geek.com\/es\/producto\/transformers-bumblebee-buzzworthy-troop-builder-multipack\/#primaryimage\",\"url\":\"https:\/\/hobby4geek.com\/wp-content\/uploads\/2023\/06\/transformers-bumblebee-buzzworthy-troop-builder-multipack-8.webp\",\"contentUrl\":\"https:\/\/hobby4geek.com\/wp-content\/uploads\/2023\/06\/transformers-bumblebee-buzzworthy-troop-builder-multipack-8.webp\",\"width\":2000,\"height\":2000},{\"@type\":\"BreadcrumbList\",\"@id\":\"https:\/\/hobby4geek.com\/es\/producto\/transformers-bumblebee-buzzworthy-troop-builder-multipack\/#breadcrumb\",\"itemListElement\":[{\"@type\":\"ListItem\",\"position\":1,\"name\":\"Home\",\"item\":\"https:\/\/hobby4geek.com\/\"},{\"@type\":\"ListItem\",\"position\":2,\"name\":\"Shop\",\"item\":\"https:\/\/hobby4geek.com\/shop\/\"},{\"@type\":\"ListItem\",\"position\":3,\"name\":\"Transformers: Bumblebee Buzzworthy &#8211; Troop Builder Multipack\"}]},{\"@type\":\"WebSite\",\"@id\":\"https:\/\/hobby4geek.com\/#website\",\"url\":\"https:\/\/hobby4geek.com\/\",\"name\":\"Hobby4Geek\",\"description\":\"Collect, Play &amp; Showcase, Embrace your Geekiness\",\"publisher\":{\"@id\":\"https:\/\/hobby4geek.com\/#organization\"},\"potentialAction\":[{\"@type\":\"SearchAction\",\"target\":{\"@type\":\"EntryPoint\",\"urlTemplate\":\"https:\/\/hobby4geek.com\/?s={search_term_string}\"},\"query-input\":{\"@type\":\"PropertyValueSpecification\",\"valueRequired\":true,\"valueName\":\"search_term_string\"}}],\"inLanguage\":\"de\"},{\"@type\":\"Organization\",\"@id\":\"https:\/\/hobby4geek.com\/#organization\",\"name\":\"Hobby4Geek\",\"url\":\"https:\/\/hobby4geek.com\/\",\"logo\":{\"@type\":\"ImageObject\",\"inLanguage\":\"de\",\"@id\":\"https:\/\/hobby4geek.com\/#\/schema\/logo\/image\/\",\"url\":\"https:\/\/hobby4geek.com\/wp-content\/uploads\/2023\/02\/default-kit.png\",\"contentUrl\":\"https:\/\/hobby4geek.com\/wp-content\/uploads\/2023\/02\/default-kit.png\",\"width\":600,\"height\":600,\"caption\":\"Hobby4Geek\"},\"image\":{\"@id\":\"https:\/\/hobby4geek.com\/#\/schema\/logo\/image\/\"},\"sameAs\":[\"https:\/\/www.facebook.com\/hobby4geek\",\"https:\/\/x.com\/hobby4geek\",\"https:\/\/www.instagram.com\/hobby4geek\/\"]}]}<\/script>\n<meta property=\"product:brand\" content=\"Transformers\" \/>\n<meta property=\"product:price:amount\" content=\"84.00\" \/>\n<meta property=\"product:price:currency\" content=\"EUR\" \/>\n<meta property=\"og:availability\" content=\"out of stock\" \/>\n<meta property=\"product:availability\" content=\"out of stock\" \/>\n<meta property=\"product:retailer_item_id\" content=\"5010996143600\" \/>\n<meta property=\"product:condition\" content=\"new\" \/>\n<!-- \/ Yoast SEO Premium plugin. -->","yoast_head_json":{"title":"Transformers: Bumblebee Buzzworthy - Truppenbauer Multipack","robots":{"index":"index","follow":"follow","max-snippet":"max-snippet:-1","max-image-preview":"max-image-preview:large","max-video-preview":"max-video-preview:-1"},"canonical":"https:\/\/hobby4geek.com\/de\/produkt\/transformers-bumblebee-buzzworthy-troop-builder-multipack\/","og_locale":"de_DE","og_type":"article","og_title":"Transformers: Bumblebee Buzzworthy - Troop Builder Multipack","og_description":"4 figures  9 accessories  3 alternate heads  instructions.","og_url":"https:\/\/hobby4geek.com\/de\/produkt\/transformers-bumblebee-buzzworthy-troop-builder-multipack\/","og_site_name":"Hobby4Geek","article_publisher":"https:\/\/www.facebook.com\/hobby4geek","article_modified_time":"2024-05-12T11:54:51+00:00","og_image":[{"width":2000,"height":2000,"url":"https:\/\/hobby4geek.com\/wp-content\/uploads\/2023\/06\/transformers-bumblebee-buzzworthy-troop-builder-multipack-8.webp","type":"image\/webp"}],"twitter_card":"summary_large_image","twitter_site":"@hobby4geek","schema":{"@context":"https:\/\/schema.org","@graph":[{"@type":"WebPage","@id":"https:\/\/hobby4geek.com\/es\/producto\/transformers-bumblebee-buzzworthy-troop-builder-multipack\/","url":"https:\/\/hobby4geek.com\/es\/producto\/transformers-bumblebee-buzzworthy-troop-builder-multipack\/","name":"Transformers: Bumblebee Buzzworthy - Truppenbauer Multipack","isPartOf":{"@id":"https:\/\/hobby4geek.com\/#website"},"primaryImageOfPage":{"@id":"https:\/\/hobby4geek.com\/es\/producto\/transformers-bumblebee-buzzworthy-troop-builder-multipack\/#primaryimage"},"image":{"@id":"https:\/\/hobby4geek.com\/es\/producto\/transformers-bumblebee-buzzworthy-troop-builder-multipack\/#primaryimage"},"thumbnailUrl":"https:\/\/hobby4geek.com\/wp-content\/uploads\/2023\/06\/transformers-bumblebee-buzzworthy-troop-builder-multipack-8.webp","datePublished":"2023-06-14T15:15:46+00:00","dateModified":"2024-05-12T11:54:51+00:00","breadcrumb":{"@id":"https:\/\/hobby4geek.com\/es\/producto\/transformers-bumblebee-buzzworthy-troop-builder-multipack\/#breadcrumb"},"inLanguage":"de","potentialAction":[{"@type":"ReadAction","target":["https:\/\/hobby4geek.com\/es\/producto\/transformers-bumblebee-buzzworthy-troop-builder-multipack\/"]}]},{"@type":"ImageObject","inLanguage":"de","@id":"https:\/\/hobby4geek.com\/es\/producto\/transformers-bumblebee-buzzworthy-troop-builder-multipack\/#primaryimage","url":"https:\/\/hobby4geek.com\/wp-content\/uploads\/2023\/06\/transformers-bumblebee-buzzworthy-troop-builder-multipack-8.webp","contentUrl":"https:\/\/hobby4geek.com\/wp-content\/uploads\/2023\/06\/transformers-bumblebee-buzzworthy-troop-builder-multipack-8.webp","width":2000,"height":2000},{"@type":"BreadcrumbList","@id":"https:\/\/hobby4geek.com\/es\/producto\/transformers-bumblebee-buzzworthy-troop-builder-multipack\/#breadcrumb","itemListElement":[{"@type":"ListItem","position":1,"name":"Home","item":"https:\/\/hobby4geek.com\/"},{"@type":"ListItem","position":2,"name":"Shop","item":"https:\/\/hobby4geek.com\/shop\/"},{"@type":"ListItem","position":3,"name":"Transformers: Bumblebee Buzzworthy &#8211; Troop Builder Multipack"}]},{"@type":"WebSite","@id":"https:\/\/hobby4geek.com\/#website","url":"https:\/\/hobby4geek.com\/","name":"Hobby4Geek","description":"Sammeln, Spielen &amp; Pr\u00e4sentieren, Umarmung der Geekiness","publisher":{"@id":"https:\/\/hobby4geek.com\/#organization"},"potentialAction":[{"@type":"SearchAction","target":{"@type":"EntryPoint","urlTemplate":"https:\/\/hobby4geek.com\/?s={search_term_string}"},"query-input":{"@type":"PropertyValueSpecification","valueRequired":true,"valueName":"search_term_string"}}],"inLanguage":"de"},{"@type":"Organization","@id":"https:\/\/hobby4geek.com\/#organization","name":"Hobby4Geek","url":"https:\/\/hobby4geek.com\/","logo":{"@type":"ImageObject","inLanguage":"de","@id":"https:\/\/hobby4geek.com\/#\/schema\/logo\/image\/","url":"https:\/\/hobby4geek.com\/wp-content\/uploads\/2023\/02\/default-kit.png","contentUrl":"https:\/\/hobby4geek.com\/wp-content\/uploads\/2023\/02\/default-kit.png","width":600,"height":600,"caption":"Hobby4Geek"},"image":{"@id":"https:\/\/hobby4geek.com\/#\/schema\/logo\/image\/"},"sameAs":["https:\/\/www.facebook.com\/hobby4geek","https:\/\/x.com\/hobby4geek","https:\/\/www.instagram.com\/hobby4geek\/"]}]},"product_brand":"Transformers","product_price_amount":"84.00","product_price_currency":"EUR","og_availability":"out of stock","product_availability":"out of stock","product_retailer_item_id":"5010996143600","product_condition":"new"},"_links":{"self":[{"href":"https:\/\/hobby4geek.com\/de\/wp-json\/wp\/v2\/product\/188947","targetHints":{"allow":["GET"]}}],"collection":[{"href":"https:\/\/hobby4geek.com\/de\/wp-json\/wp\/v2\/product"}],"about":[{"href":"https:\/\/hobby4geek.com\/de\/wp-json\/wp\/v2\/types\/product"}],"replies":[{"embeddable":true,"href":"https:\/\/hobby4geek.com\/de\/wp-json\/wp\/v2\/comments?post=188947"}],"version-history":[{"count":0,"href":"https:\/\/hobby4geek.com\/de\/wp-json\/wp\/v2\/product\/188947\/revisions"}],"wp:featuredmedia":[{"embeddable":true,"href":"https:\/\/hobby4geek.com\/de\/wp-json\/wp\/v2\/media\/188955"}],"wp:attachment":[{"href":"https:\/\/hobby4geek.com\/de\/wp-json\/wp\/v2\/media?parent=188947"}],"wp:term":[{"taxonomy":"product_brand","embeddable":true,"href":"https:\/\/hobby4geek.com\/de\/wp-json\/wp\/v2\/product_brand?post=188947"},{"taxonomy":"product_cat","embeddable":true,"href":"https:\/\/hobby4geek.com\/de\/wp-json\/wp\/v2\/product_cat?post=188947"},{"taxonomy":"product_tag","embeddable":true,"href":"https:\/\/hobby4geek.com\/de\/wp-json\/wp\/v2\/product_tag?post=188947"},{"taxonomy":"giftcard-category","embeddable":true,"href":"https:\/\/hobby4geek.com\/de\/wp-json\/wp\/v2\/giftcard-category?post=188947"}],"curies":[{"name":"wp","href":"https:\/\/api.w.org\/{rel}","templated":true}]}}