{"id":188871,"date":"2024-04-28T20:56:03","date_gmt":"2024-04-28T19:56:03","guid":{"rendered":"https:\/\/hobby4geek.com\/?post_type=product&#038;p=188871"},"modified":"2025-05-30T08:31:45","modified_gmt":"2025-05-30T07:31:45","slug":"threezero-transformers-rise-of-the-beasts-dlx-bumblebee","status":"publish","type":"product","link":"https:\/\/hobby4geek.com\/de\/produkt\/threezero-transformers-rise-of-the-beasts-dlx-bumblebee\/","title":{"rendered":"ThreeZero - Transformers: Aufstieg der Bestien DLX Bumblebee"},"content":{"rendered":"<p>Der n\u00e4chste spannende Teil der \"Transformers\"-Filmreihe, \"Transformers: Rise of the Beasts\", kommt diesen Sommer in die Kinos und der geliebte Autobot Bumblebee kehrt mit seinem brandneuen Design im verbesserten Bot-Modus ins Kino und in die DLX-Sammelfigurenserie von threezero zur\u00fcck!<\/p>\n<p>\"Transformers: Rise of the Beasts\" DLX Bumblebee reproduziert originalgetreu das Design des Films in jedem Detail und Aussehen, sorgf\u00e4ltig dargestellt Bumblebee's stilvolle neue Bot-Mode. Die Augenkomponenten von DLX Bumblebee auf dem Battle Head sind mit austauschbaren zweifarbigen roten und blauen LED-Lichtern ausgestattet und enthalten austauschbare zweiarmige Ionenblaster mit LED-Lichteffekten, die den Battle-Modus von Bumblebee perfekt wiedergeben. Die R\u00e4der am K\u00f6rper sind aus weichem, gummiartigem Material mit zus\u00e4tzlichen Verwitterungseffekten gefertigt. Der hochgradig bewegliche DLX Bumblebee verf\u00fcgt \u00fcber clever konstruierte Gelenke, die einen nahtlosen und umfangreichen Bewegungsumfang \u00fcber seinen gesamten K\u00f6rper erm\u00f6glichen, einschlie\u00dflich der hinteren Fl\u00fcgel, die ihre gefalteten und ausgeklappten Positionen nachbilden k\u00f6nnen. Die Action geht weiter mit der ber\u00fchmten Handwerkskunst von Threezero und der verwitterten Lackierung, die diesen heldenhaften Autobot vollst\u00e4ndig nachbildet.<\/p>\n<p>DLX-Sammelfiguren pr\u00e4sentieren aufw\u00e4ndige Transformers-Designs in einem kleineren Ma\u00dfstab mit hohem Produktionswert. Mit seinem einzigartigen Druckguss-Metallrahmen-Design bietet DLX nicht nur eine erweiterte Palette von Artikulationen, sondern verbessert auch das Gewicht und die Haltbarkeit erheblich. Zusammen mit der detaillierten und verwitterten Lackierung von threezero wird eine bemerkenswerte \u00c4hnlichkeit mit den Charakteren erreicht, wie sie in den Originalmedien zu sehen sind.<\/p>\n<p>TRANSFORMERS und alle dazugeh\u00f6rigen Charaktere sind Markenzeichen von Hasbro und werden mit Genehmigung verwendet. \u00a9 2023 Hasbro. Alle Rechte vorbehalten. \u00a9 2023 Paramount Pictures Corporation. Alle Rechte vorbehalten. Lizensiert durch Hasbro.<\/p>\n<p><strong>FEATURES<\/strong><\/p>\n<ul>\n<li>Offiziell lizenziert von Hasbro und TakaraTomy<\/li>\n<li>Ungef\u00e4hr 8 Zoll (~23,2cm) gro\u00df<\/li>\n<li>Ungef\u00e4hr 60 Gelenkpunkte<\/li>\n<li>Detaillierter und verwitterter Farbauftrag<\/li>\n<li>Druckguss-Metallrahmenkonstruktion mit erweitertem Bewegungsspielraum<\/li>\n<li>LED-beleuchtete Augen, Ion Blaster, Battle Head Eyes<\/li>\n<\/ul>\n<p><strong>ZUBEH\u00d6R<\/strong><\/p>\n<ul>\n<li>Ein (1) St\u00fcck austauschbarer Battle Head<\/li>\n<li>Ein (1) Paar Ion Blasters<\/li>\n<li>Vier (3) Paar austauschbare H\u00e4nde: ein (1) Paar F\u00e4uste, ein (1) Paar entspannte H\u00e4nde und ein (1) Paar Aktionsh\u00e4nde<\/li>\n<li>Ein (1) DLX-Aktionsst\u00e4nder<\/li>\n<\/ul>\n<p><strong>LED-EIGENSCHAFTEN*<\/strong><\/p>\n<ul>\n<li>Augen<\/li>\n<li>Ionen-Blaster<\/li>\n<li>Kampfkopf-Augen<\/li>\n<\/ul>\n<p><strong>Bemerkungen<br \/>\n<\/strong>* Ben\u00f6tigt AG13-Batterien x 8 (Batterien nicht im Lieferumfang enthalten)<\/p>\n<p><strong>Materialien<br \/>\n<\/strong>Zinkdruckgusslegierung, PVC, ABS, POM<\/p>","protected":false},"excerpt":{"rendered":"<p><strong>FEATURES<\/strong><\/p>\n<ul>\n<li>Offiziell lizenziert von Hasbro und TakaraTomy<\/li>\n<li>Ungef\u00e4hr 8 Zoll (~23,2cm) gro\u00df<\/li>\n<li>Ungef\u00e4hr 60 Gelenkpunkte<\/li>\n<li>Detaillierter und verwitterter Farbauftrag<\/li>\n<li>Druckguss-Metallrahmenkonstruktion mit erweitertem Bewegungsspielraum<\/li>\n<li>LED-beleuchtete Augen, Ion Blaster, Battle Head Eyes<\/li>\n<\/ul>\n<p><strong>ZUBEH\u00d6R<\/strong><\/p>\n<ul>\n<li>Ein (1) St\u00fcck austauschbarer Battle Head<\/li>\n<li>Ein (1) Paar Ion Blasters<\/li>\n<li>Vier (3) Paar austauschbare H\u00e4nde: ein (1) Paar F\u00e4uste, ein (1) Paar entspannte H\u00e4nde und ein (1) Paar Aktionsh\u00e4nde<\/li>\n<li>Ein (1) DLX-Aktionsst\u00e4nder<\/li>\n<\/ul>\n<p><strong>LED-EIGENSCHAFTEN*<\/strong><\/p>\n<ul>\n<li>Augen<\/li>\n<li>Ionen-Blaster<\/li>\n<li>Kampfkopf-Augen<\/li>\n<\/ul>\n<p><strong>Bemerkungen<br \/>\n<\/strong>* Ben\u00f6tigt AG13-Batterien x 8 (Batterien nicht im Lieferumfang enthalten)<\/p>\n<p><strong>Materialien<br \/>\n<\/strong>Zinkdruckgusslegierung, PVC, ABS, POM<\/p>","protected":false},"featured_media":188907,"comment_status":"open","ping_status":"closed","template":"","meta":{"inline_featured_image":false},"product_brand":[],"product_cat":[1955,68,90],"product_tag":[332,224,1976,221,2228,333,334,335,1936,265,1956,337,770,204,2453,235,2227],"giftcard-category":[],"class_list":{"0":"post-188871","1":"product","2":"type-product","3":"status-publish","4":"has-post-thumbnail","6":"product_cat-transformers","7":"product_cat-hasbro","8":"product_cat-threezero","9":"product_tag-3a","10":"product_tag-bumblebee","11":"product_tag-collector-figures","12":"product_tag-decepticon","13":"product_tag-dlx-bumblebee","14":"product_tag-dlx-collectible-series","15":"product_tag-film","16":"product_tag-hasbro","17":"product_tag-models-co","18":"product_tag-pre-orders","19":"product_tag-rise-of-the-beasts","20":"product_tag-threea","21":"product_tag-threezero","22":"product_tag-transformers","23":"product_tag-transformers-x-threezero","24":"product_tag-transformers-bumblebee","25":"product_tag-transformers-rise-of-the-beasts","26":"product_shipping_class-standard","28":"first","29":"outofstock","30":"sale","31":"featured","32":"taxable","33":"shipping-taxable","34":"purchasable","35":"product-type-simple","36":"add-to-wishlist-after_add_to_cart"},"yoast_head":"<!-- This site is optimized with the Yoast SEO Premium plugin v25.3.1 (Yoast SEO v27.2) - https:\/\/yoast.com\/product\/yoast-seo-premium-wordpress\/ -->\n<title>ThreeZero - Transformers: Rise of the Beasts DLX Bumblebee<\/title>\n<meta name=\"robots\" content=\"index, follow, max-snippet:-1, max-image-preview:large, max-video-preview:-1\" \/>\n<link rel=\"canonical\" href=\"https:\/\/hobby4geek.com\/de\/produkt\/threezero-transformers-rise-of-the-beasts-dlx-bumblebee\/\" \/>\n<meta property=\"og:locale\" content=\"de_DE\" \/>\n<meta property=\"og:type\" content=\"article\" \/>\n<meta property=\"og:title\" content=\"ThreeZero - Transformers: Rise of the Beasts DLX Bumblebee\" \/>\n<meta property=\"og:description\" content=\"FEATURES   Officially Licensed by Hasbro and TakaraTomy  Approximately 8 inches (~23.2cm) tall  Approximately 60 points of articulation  Detailed and weathered paint application  Die-cast Metal frame design with advanced range of articulation  LED illuminated eyes, Ion Blaster, Battle Head Eyes  ACCESSORIES   One (1) pc of interchangeable Battle Head  One (1) pair of Ion Blasters  Four (3) pairs of interchangeable hands: one (1) pair of fists, one (1) pair of relaxed hands and one (1) pair of action hands  One (1) DLX action stand  LED FEATURES*   Eyes  Ion Blaster  Battle Head Eyes  Remarks * Requires AG13 batteries x 8 (Batteries Not Included)  Materials Die-cast zinc alloy, PVC, ABS, POM\" \/>\n<meta property=\"og:url\" content=\"https:\/\/hobby4geek.com\/de\/produkt\/threezero-transformers-rise-of-the-beasts-dlx-bumblebee\/\" \/>\n<meta property=\"og:site_name\" content=\"Hobby4Geek\" \/>\n<meta property=\"article:publisher\" content=\"https:\/\/www.facebook.com\/hobby4geek\" \/>\n<meta property=\"article:modified_time\" content=\"2025-05-30T07:31:45+00:00\" \/>\n<meta property=\"og:image\" content=\"https:\/\/hobby4geek.com\/wp-content\/uploads\/2023\/06\/threezero-transformers-rise-of-the-beasts-dlx-bumblebee-36.jpg\" \/>\n\t<meta property=\"og:image:width\" content=\"600\" \/>\n\t<meta property=\"og:image:height\" content=\"600\" \/>\n\t<meta property=\"og:image:type\" content=\"image\/jpeg\" \/>\n<meta name=\"twitter:card\" content=\"summary_large_image\" \/>\n<meta name=\"twitter:site\" content=\"@hobby4geek\" \/>\n<script type=\"application\/ld+json\" class=\"yoast-schema-graph\">{\"@context\":\"https:\/\/schema.org\",\"@graph\":[{\"@type\":\"WebPage\",\"@id\":\"https:\/\/hobby4geek.com\/product\/threezero-transformers-rise-of-the-beasts-dlx-bumblebee\/\",\"url\":\"https:\/\/hobby4geek.com\/product\/threezero-transformers-rise-of-the-beasts-dlx-bumblebee\/\",\"name\":\"ThreeZero - Transformers: Rise of the Beasts DLX Bumblebee\",\"isPartOf\":{\"@id\":\"https:\/\/hobby4geek.com\/#website\"},\"primaryImageOfPage\":{\"@id\":\"https:\/\/hobby4geek.com\/product\/threezero-transformers-rise-of-the-beasts-dlx-bumblebee\/#primaryimage\"},\"image\":{\"@id\":\"https:\/\/hobby4geek.com\/product\/threezero-transformers-rise-of-the-beasts-dlx-bumblebee\/#primaryimage\"},\"thumbnailUrl\":\"https:\/\/hobby4geek.com\/wp-content\/uploads\/2023\/06\/threezero-transformers-rise-of-the-beasts-dlx-bumblebee-36.jpg\",\"datePublished\":\"2024-04-28T19:56:03+00:00\",\"dateModified\":\"2025-05-30T07:31:45+00:00\",\"breadcrumb\":{\"@id\":\"https:\/\/hobby4geek.com\/product\/threezero-transformers-rise-of-the-beasts-dlx-bumblebee\/#breadcrumb\"},\"inLanguage\":\"de\",\"potentialAction\":[{\"@type\":\"ReadAction\",\"target\":[\"https:\/\/hobby4geek.com\/product\/threezero-transformers-rise-of-the-beasts-dlx-bumblebee\/\"]}]},{\"@type\":\"ImageObject\",\"inLanguage\":\"de\",\"@id\":\"https:\/\/hobby4geek.com\/product\/threezero-transformers-rise-of-the-beasts-dlx-bumblebee\/#primaryimage\",\"url\":\"https:\/\/hobby4geek.com\/wp-content\/uploads\/2023\/06\/threezero-transformers-rise-of-the-beasts-dlx-bumblebee-36.jpg\",\"contentUrl\":\"https:\/\/hobby4geek.com\/wp-content\/uploads\/2023\/06\/threezero-transformers-rise-of-the-beasts-dlx-bumblebee-36.jpg\",\"width\":600,\"height\":600},{\"@type\":\"BreadcrumbList\",\"@id\":\"https:\/\/hobby4geek.com\/product\/threezero-transformers-rise-of-the-beasts-dlx-bumblebee\/#breadcrumb\",\"itemListElement\":[{\"@type\":\"ListItem\",\"position\":1,\"name\":\"Home\",\"item\":\"https:\/\/hobby4geek.com\/\"},{\"@type\":\"ListItem\",\"position\":2,\"name\":\"Shop\",\"item\":\"https:\/\/hobby4geek.com\/shop\/\"},{\"@type\":\"ListItem\",\"position\":3,\"name\":\"ThreeZero &#8211; Transformers: Rise of the Beasts DLX Bumblebee\"}]},{\"@type\":\"WebSite\",\"@id\":\"https:\/\/hobby4geek.com\/#website\",\"url\":\"https:\/\/hobby4geek.com\/\",\"name\":\"Hobby4Geek\",\"description\":\"Collect, Play &amp; Showcase, Embrace your Geekiness\",\"publisher\":{\"@id\":\"https:\/\/hobby4geek.com\/#organization\"},\"potentialAction\":[{\"@type\":\"SearchAction\",\"target\":{\"@type\":\"EntryPoint\",\"urlTemplate\":\"https:\/\/hobby4geek.com\/?s={search_term_string}\"},\"query-input\":{\"@type\":\"PropertyValueSpecification\",\"valueRequired\":true,\"valueName\":\"search_term_string\"}}],\"inLanguage\":\"de\"},{\"@type\":\"Organization\",\"@id\":\"https:\/\/hobby4geek.com\/#organization\",\"name\":\"Hobby4Geek\",\"url\":\"https:\/\/hobby4geek.com\/\",\"logo\":{\"@type\":\"ImageObject\",\"inLanguage\":\"de\",\"@id\":\"https:\/\/hobby4geek.com\/#\/schema\/logo\/image\/\",\"url\":\"https:\/\/hobby4geek.com\/wp-content\/uploads\/2023\/02\/default-kit.png\",\"contentUrl\":\"https:\/\/hobby4geek.com\/wp-content\/uploads\/2023\/02\/default-kit.png\",\"width\":600,\"height\":600,\"caption\":\"Hobby4Geek\"},\"image\":{\"@id\":\"https:\/\/hobby4geek.com\/#\/schema\/logo\/image\/\"},\"sameAs\":[\"https:\/\/www.facebook.com\/hobby4geek\",\"https:\/\/x.com\/hobby4geek\",\"https:\/\/www.instagram.com\/hobby4geek\/\"]}]}<\/script>\n<meta property=\"product:brand\" content=\"Transformers\" \/>\n<meta property=\"product:price:amount\" content=\"228.00\" \/>\n<meta property=\"product:price:currency\" content=\"EUR\" \/>\n<meta property=\"og:availability\" content=\"out of stock\" \/>\n<meta property=\"product:availability\" content=\"out of stock\" \/>\n<meta property=\"product:retailer_item_id\" content=\"4895250806917\" \/>\n<meta property=\"product:condition\" content=\"new\" \/>\n<!-- \/ Yoast SEO Premium plugin. -->","yoast_head_json":{"title":"DreiZero - Transformers: Rise of the Beasts DLX Bumblebee","robots":{"index":"index","follow":"follow","max-snippet":"max-snippet:-1","max-image-preview":"max-image-preview:large","max-video-preview":"max-video-preview:-1"},"canonical":"https:\/\/hobby4geek.com\/de\/produkt\/threezero-transformers-rise-of-the-beasts-dlx-bumblebee\/","og_locale":"de_DE","og_type":"article","og_title":"ThreeZero - Transformers: Rise of the Beasts DLX Bumblebee","og_description":"FEATURES   Officially Licensed by Hasbro and TakaraTomy  Approximately 8 inches (~23.2cm) tall  Approximately 60 points of articulation  Detailed and weathered paint application  Die-cast Metal frame design with advanced range of articulation  LED illuminated eyes, Ion Blaster, Battle Head Eyes  ACCESSORIES   One (1) pc of interchangeable Battle Head  One (1) pair of Ion Blasters  Four (3) pairs of interchangeable hands: one (1) pair of fists, one (1) pair of relaxed hands and one (1) pair of action hands  One (1) DLX action stand  LED FEATURES*   Eyes  Ion Blaster  Battle Head Eyes  Remarks * Requires AG13 batteries x 8 (Batteries Not Included)  Materials Die-cast zinc alloy, PVC, ABS, POM","og_url":"https:\/\/hobby4geek.com\/de\/produkt\/threezero-transformers-rise-of-the-beasts-dlx-bumblebee\/","og_site_name":"Hobby4Geek","article_publisher":"https:\/\/www.facebook.com\/hobby4geek","article_modified_time":"2025-05-30T07:31:45+00:00","og_image":[{"width":600,"height":600,"url":"https:\/\/hobby4geek.com\/wp-content\/uploads\/2023\/06\/threezero-transformers-rise-of-the-beasts-dlx-bumblebee-36.jpg","type":"image\/jpeg"}],"twitter_card":"summary_large_image","twitter_site":"@hobby4geek","schema":{"@context":"https:\/\/schema.org","@graph":[{"@type":"WebPage","@id":"https:\/\/hobby4geek.com\/product\/threezero-transformers-rise-of-the-beasts-dlx-bumblebee\/","url":"https:\/\/hobby4geek.com\/product\/threezero-transformers-rise-of-the-beasts-dlx-bumblebee\/","name":"DreiZero - Transformers: Rise of the Beasts DLX Bumblebee","isPartOf":{"@id":"https:\/\/hobby4geek.com\/#website"},"primaryImageOfPage":{"@id":"https:\/\/hobby4geek.com\/product\/threezero-transformers-rise-of-the-beasts-dlx-bumblebee\/#primaryimage"},"image":{"@id":"https:\/\/hobby4geek.com\/product\/threezero-transformers-rise-of-the-beasts-dlx-bumblebee\/#primaryimage"},"thumbnailUrl":"https:\/\/hobby4geek.com\/wp-content\/uploads\/2023\/06\/threezero-transformers-rise-of-the-beasts-dlx-bumblebee-36.jpg","datePublished":"2024-04-28T19:56:03+00:00","dateModified":"2025-05-30T07:31:45+00:00","breadcrumb":{"@id":"https:\/\/hobby4geek.com\/product\/threezero-transformers-rise-of-the-beasts-dlx-bumblebee\/#breadcrumb"},"inLanguage":"de","potentialAction":[{"@type":"ReadAction","target":["https:\/\/hobby4geek.com\/product\/threezero-transformers-rise-of-the-beasts-dlx-bumblebee\/"]}]},{"@type":"ImageObject","inLanguage":"de","@id":"https:\/\/hobby4geek.com\/product\/threezero-transformers-rise-of-the-beasts-dlx-bumblebee\/#primaryimage","url":"https:\/\/hobby4geek.com\/wp-content\/uploads\/2023\/06\/threezero-transformers-rise-of-the-beasts-dlx-bumblebee-36.jpg","contentUrl":"https:\/\/hobby4geek.com\/wp-content\/uploads\/2023\/06\/threezero-transformers-rise-of-the-beasts-dlx-bumblebee-36.jpg","width":600,"height":600},{"@type":"BreadcrumbList","@id":"https:\/\/hobby4geek.com\/product\/threezero-transformers-rise-of-the-beasts-dlx-bumblebee\/#breadcrumb","itemListElement":[{"@type":"ListItem","position":1,"name":"Home","item":"https:\/\/hobby4geek.com\/"},{"@type":"ListItem","position":2,"name":"Shop","item":"https:\/\/hobby4geek.com\/shop\/"},{"@type":"ListItem","position":3,"name":"ThreeZero &#8211; Transformers: Rise of the Beasts DLX Bumblebee"}]},{"@type":"WebSite","@id":"https:\/\/hobby4geek.com\/#website","url":"https:\/\/hobby4geek.com\/","name":"Hobby4Geek","description":"Sammeln, Spielen &amp; Pr\u00e4sentieren, Umarmung der Geekiness","publisher":{"@id":"https:\/\/hobby4geek.com\/#organization"},"potentialAction":[{"@type":"SearchAction","target":{"@type":"EntryPoint","urlTemplate":"https:\/\/hobby4geek.com\/?s={search_term_string}"},"query-input":{"@type":"PropertyValueSpecification","valueRequired":true,"valueName":"search_term_string"}}],"inLanguage":"de"},{"@type":"Organization","@id":"https:\/\/hobby4geek.com\/#organization","name":"Hobby4Geek","url":"https:\/\/hobby4geek.com\/","logo":{"@type":"ImageObject","inLanguage":"de","@id":"https:\/\/hobby4geek.com\/#\/schema\/logo\/image\/","url":"https:\/\/hobby4geek.com\/wp-content\/uploads\/2023\/02\/default-kit.png","contentUrl":"https:\/\/hobby4geek.com\/wp-content\/uploads\/2023\/02\/default-kit.png","width":600,"height":600,"caption":"Hobby4Geek"},"image":{"@id":"https:\/\/hobby4geek.com\/#\/schema\/logo\/image\/"},"sameAs":["https:\/\/www.facebook.com\/hobby4geek","https:\/\/x.com\/hobby4geek","https:\/\/www.instagram.com\/hobby4geek\/"]}]},"product_brand":"Transformers","product_price_amount":"228.00","product_price_currency":"EUR","og_availability":"out of stock","product_availability":"out of stock","product_retailer_item_id":"4895250806917","product_condition":"new"},"_links":{"self":[{"href":"https:\/\/hobby4geek.com\/de\/wp-json\/wp\/v2\/product\/188871","targetHints":{"allow":["GET"]}}],"collection":[{"href":"https:\/\/hobby4geek.com\/de\/wp-json\/wp\/v2\/product"}],"about":[{"href":"https:\/\/hobby4geek.com\/de\/wp-json\/wp\/v2\/types\/product"}],"replies":[{"embeddable":true,"href":"https:\/\/hobby4geek.com\/de\/wp-json\/wp\/v2\/comments?post=188871"}],"version-history":[{"count":0,"href":"https:\/\/hobby4geek.com\/de\/wp-json\/wp\/v2\/product\/188871\/revisions"}],"wp:featuredmedia":[{"embeddable":true,"href":"https:\/\/hobby4geek.com\/de\/wp-json\/wp\/v2\/media\/188907"}],"wp:attachment":[{"href":"https:\/\/hobby4geek.com\/de\/wp-json\/wp\/v2\/media?parent=188871"}],"wp:term":[{"taxonomy":"product_brand","embeddable":true,"href":"https:\/\/hobby4geek.com\/de\/wp-json\/wp\/v2\/product_brand?post=188871"},{"taxonomy":"product_cat","embeddable":true,"href":"https:\/\/hobby4geek.com\/de\/wp-json\/wp\/v2\/product_cat?post=188871"},{"taxonomy":"product_tag","embeddable":true,"href":"https:\/\/hobby4geek.com\/de\/wp-json\/wp\/v2\/product_tag?post=188871"},{"taxonomy":"giftcard-category","embeddable":true,"href":"https:\/\/hobby4geek.com\/de\/wp-json\/wp\/v2\/giftcard-category?post=188871"}],"curies":[{"name":"wp","href":"https:\/\/api.w.org\/{rel}","templated":true}]}}