{"id":188811,"date":"2024-06-09T01:01:34","date_gmt":"2024-06-09T00:01:34","guid":{"rendered":"https:\/\/hobby4geek.com\/?post_type=product&#038;p=188811"},"modified":"2024-11-05T12:47:46","modified_gmt":"2024-11-05T11:47:46","slug":"transformers-the-movie-studio-series-86-22-deluxe-class-brawn","status":"publish","type":"product","link":"https:\/\/hobby4geek.com\/de\/produkt\/transformers-the-movie-studio-series-86-22-deluxe-class-brawn\/","title":{"rendered":"Transformers: Der Film - Studio Series 86-22 S\u00fclze"},"content":{"rendered":"<p>Hol dir die epische Action der Transformers-Filme von der gro\u00dfen Leinwand in deine Sammlung mit der Transformers Studio Series Deluxe Class 86-22 Brawn Actionfigur, inspiriert von The Transformers: The Movie! Um die Besatzung zu sch\u00fctzen, ist Brawn der Erste, der handelt, als die Decepticons das Autobot-Shuttle angreifen. Transformers Studio Series-Spielzeuge sind Action-Sammelfiguren f\u00fcr 8-j\u00e4hrige Jungen und M\u00e4dchen, die mit vom Film inspirierten Details und Zubeh\u00f6r ausgestattet sind. Verwandle die Actionfigur in 23 Schritten vom Roboter- in den Gel\u00e4ndewagenmodus und stelle das Brawn-Spielzeug in der mitgelieferten abnehmbaren Kulisse f\u00fcr den Angriff der Decepticons auf das Shuttle in Pose. Die Transformers-Actionfiguren f\u00fcr Jungen und M\u00e4dchen sind ein tolles Geschenk!<\/p>\n<p>Enth\u00e4lt Figur, Zubeh\u00f6r, abnehmbare Kulisse und Anleitung.<\/p>\n<ul>\n<li>THE TRANSFORMERS: THE MOVIE BRAWN: Diese Transformers Studio Series 86-22 Brawn Actionfigur f\u00fcr Jungen und M\u00e4dchen ist hochgradig beweglich und verf\u00fcgt \u00fcber vom Film inspirierte Deko und Details.<\/li>\n<li>TRANSFORMERS STUDIO SERIES DELUXE CLASS: Die Transformers-Sammelfiguren der Deluxe Class sind von ikonischen Filmszenen inspiriert und mit Merkmalen aus dem Transformers-Filmuniversum ausgestattet.<\/li>\n<li>2 ICONIC MODES: Dieses Studio Series Transformers Spielzeug f\u00fcr 8-j\u00e4hrige Jungen und M\u00e4dchen bietet die klassische Umwandlung zwischen Roboter- und Gel\u00e4ndewagenmodi in 23 Schritten<\/li>\n<li>FANTASTISCHES ZUBEH\u00d6R: Transformers-Figur wird mit einem Blaster-Zubeh\u00f6r geliefert, das in beiden Modi an der Brawn-Figur befestigt werden kann<\/li>\n<li>ABNEHMBARE KULISSE: Der abnehmbare Hintergrund zeigt die Figur Brawn in der Szene mit dem Decepticon Shuttle Ambush. Fans k\u00f6nnen die Kulisse verwenden und ihre Figuren in der Szene mit ihrem eigenen Stil posieren<\/li>\n<\/ul>","protected":false},"excerpt":{"rendered":"<ul>\n<li>11 cm<\/li>\n<li>Umbau vom Roboter zum Gel\u00e4ndewagen<\/li>\n<li>Verwandeln in 23 Schritten<\/li>\n<li>Abnehmbare Kulisse<\/li>\n<\/ul>\n<p><strong>Zubeh\u00f6r:<\/strong><\/p>\n<ul>\n<li>2 Knallk\u00f6rper<\/li>\n<li>Ein Schwert<\/li>\n<\/ul>\n<p>&nbsp;<\/p>","protected":false},"featured_media":188817,"comment_status":"open","ping_status":"closed","template":"","meta":{"inline_featured_image":false},"product_brand":[],"product_cat":[1955,68,1960],"product_tag":[1759,199,2216,1964,335,1936,2217,2215,1994,2214],"giftcard-category":[],"class_list":{"0":"post-188811","1":"product","2":"type-product","3":"status-publish","4":"has-post-thumbnail","6":"product_cat-transformers","7":"product_cat-hasbro","8":"product_cat-transformers-generations","9":"product_tag-action-toys","10":"product_tag-autobot","11":"product_tag-brawn","12":"product_tag-deluxe-class","13":"product_tag-hasbro","14":"product_tag-models-co","15":"product_tag-ss86-22","16":"product_tag-studio-series-86-22","17":"product_tag-transformers-studio-series","18":"product_tag-transformers-the-movie","19":"product_shipping_class-light","21":"first","22":"outofstock","23":"featured","24":"taxable","25":"shipping-taxable","26":"purchasable","27":"product-type-simple","28":"add-to-wishlist-after_add_to_cart"},"yoast_head":"<!-- This site is optimized with the Yoast SEO Premium plugin v25.3.1 (Yoast SEO v27.2) - https:\/\/yoast.com\/product\/yoast-seo-premium-wordpress\/ -->\n<title>Transformers: The Movie - Studio Series 86-22 Brawn<\/title>\n<meta name=\"robots\" content=\"index, follow, max-snippet:-1, max-image-preview:large, max-video-preview:-1\" \/>\n<link rel=\"canonical\" href=\"https:\/\/hobby4geek.com\/de\/produkt\/transformers-the-movie-studio-series-86-22-deluxe-class-brawn\/\" \/>\n<meta property=\"og:locale\" content=\"de_DE\" \/>\n<meta property=\"og:type\" content=\"article\" \/>\n<meta property=\"og:title\" content=\"Transformers: The Movie - Studio Series 86-22 Brawn\" \/>\n<meta property=\"og:description\" content=\"11 cm  Convert from robot to off-road vehicle  Transform in 23 steps  Removable backdrop  Accessories:   2 blasters  A sword  &nbsp;\" \/>\n<meta property=\"og:url\" content=\"https:\/\/hobby4geek.com\/de\/produkt\/transformers-the-movie-studio-series-86-22-deluxe-class-brawn\/\" \/>\n<meta property=\"og:site_name\" content=\"Hobby4Geek\" \/>\n<meta property=\"article:publisher\" content=\"https:\/\/www.facebook.com\/hobby4geek\" \/>\n<meta property=\"article:modified_time\" content=\"2024-11-05T11:47:46+00:00\" \/>\n<meta property=\"og:image\" content=\"https:\/\/hobby4geek.com\/wp-content\/uploads\/2023\/06\/transformers-the-movie-studio-series-86-22-deluxe-class-brawn-3.webp\" \/>\n\t<meta property=\"og:image:width\" content=\"2000\" \/>\n\t<meta property=\"og:image:height\" content=\"2000\" \/>\n\t<meta property=\"og:image:type\" content=\"image\/webp\" \/>\n<meta name=\"twitter:card\" content=\"summary_large_image\" \/>\n<meta name=\"twitter:site\" content=\"@hobby4geek\" \/>\n<script type=\"application\/ld+json\" class=\"yoast-schema-graph\">{\"@context\":\"https:\/\/schema.org\",\"@graph\":[{\"@type\":\"WebPage\",\"@id\":\"https:\/\/hobby4geek.com\/product\/transformers-the-movie-studio-series-86-22-deluxe-class-brawn\/\",\"url\":\"https:\/\/hobby4geek.com\/product\/transformers-the-movie-studio-series-86-22-deluxe-class-brawn\/\",\"name\":\"Transformers: The Movie - Studio Series 86-22 Brawn\",\"isPartOf\":{\"@id\":\"https:\/\/hobby4geek.com\/#website\"},\"primaryImageOfPage\":{\"@id\":\"https:\/\/hobby4geek.com\/product\/transformers-the-movie-studio-series-86-22-deluxe-class-brawn\/#primaryimage\"},\"image\":{\"@id\":\"https:\/\/hobby4geek.com\/product\/transformers-the-movie-studio-series-86-22-deluxe-class-brawn\/#primaryimage\"},\"thumbnailUrl\":\"https:\/\/hobby4geek.com\/wp-content\/uploads\/2023\/06\/transformers-the-movie-studio-series-86-22-deluxe-class-brawn-3.webp\",\"datePublished\":\"2024-06-09T00:01:34+00:00\",\"dateModified\":\"2024-11-05T11:47:46+00:00\",\"breadcrumb\":{\"@id\":\"https:\/\/hobby4geek.com\/product\/transformers-the-movie-studio-series-86-22-deluxe-class-brawn\/#breadcrumb\"},\"inLanguage\":\"de\",\"potentialAction\":[{\"@type\":\"ReadAction\",\"target\":[\"https:\/\/hobby4geek.com\/product\/transformers-the-movie-studio-series-86-22-deluxe-class-brawn\/\"]}]},{\"@type\":\"ImageObject\",\"inLanguage\":\"de\",\"@id\":\"https:\/\/hobby4geek.com\/product\/transformers-the-movie-studio-series-86-22-deluxe-class-brawn\/#primaryimage\",\"url\":\"https:\/\/hobby4geek.com\/wp-content\/uploads\/2023\/06\/transformers-the-movie-studio-series-86-22-deluxe-class-brawn-3.webp\",\"contentUrl\":\"https:\/\/hobby4geek.com\/wp-content\/uploads\/2023\/06\/transformers-the-movie-studio-series-86-22-deluxe-class-brawn-3.webp\",\"width\":2000,\"height\":2000},{\"@type\":\"BreadcrumbList\",\"@id\":\"https:\/\/hobby4geek.com\/product\/transformers-the-movie-studio-series-86-22-deluxe-class-brawn\/#breadcrumb\",\"itemListElement\":[{\"@type\":\"ListItem\",\"position\":1,\"name\":\"Home\",\"item\":\"https:\/\/hobby4geek.com\/\"},{\"@type\":\"ListItem\",\"position\":2,\"name\":\"Shop\",\"item\":\"https:\/\/hobby4geek.com\/shop\/\"},{\"@type\":\"ListItem\",\"position\":3,\"name\":\"Transformers: The Movie &#8211; Studio Series 86-22 Brawn\"}]},{\"@type\":\"WebSite\",\"@id\":\"https:\/\/hobby4geek.com\/#website\",\"url\":\"https:\/\/hobby4geek.com\/\",\"name\":\"Hobby4Geek\",\"description\":\"Collect, Play &amp; Showcase, Embrace your Geekiness\",\"publisher\":{\"@id\":\"https:\/\/hobby4geek.com\/#organization\"},\"potentialAction\":[{\"@type\":\"SearchAction\",\"target\":{\"@type\":\"EntryPoint\",\"urlTemplate\":\"https:\/\/hobby4geek.com\/?s={search_term_string}\"},\"query-input\":{\"@type\":\"PropertyValueSpecification\",\"valueRequired\":true,\"valueName\":\"search_term_string\"}}],\"inLanguage\":\"de\"},{\"@type\":\"Organization\",\"@id\":\"https:\/\/hobby4geek.com\/#organization\",\"name\":\"Hobby4Geek\",\"url\":\"https:\/\/hobby4geek.com\/\",\"logo\":{\"@type\":\"ImageObject\",\"inLanguage\":\"de\",\"@id\":\"https:\/\/hobby4geek.com\/#\/schema\/logo\/image\/\",\"url\":\"https:\/\/hobby4geek.com\/wp-content\/uploads\/2023\/02\/default-kit.png\",\"contentUrl\":\"https:\/\/hobby4geek.com\/wp-content\/uploads\/2023\/02\/default-kit.png\",\"width\":600,\"height\":600,\"caption\":\"Hobby4Geek\"},\"image\":{\"@id\":\"https:\/\/hobby4geek.com\/#\/schema\/logo\/image\/\"},\"sameAs\":[\"https:\/\/www.facebook.com\/hobby4geek\",\"https:\/\/x.com\/hobby4geek\",\"https:\/\/www.instagram.com\/hobby4geek\/\"]}]}<\/script>\n<meta property=\"product:brand\" content=\"Transformers\" \/>\n<meta property=\"product:price:amount\" content=\"27.80\" \/>\n<meta property=\"product:price:currency\" content=\"EUR\" \/>\n<meta property=\"og:availability\" content=\"out of stock\" \/>\n<meta property=\"product:availability\" content=\"out of stock\" \/>\n<meta property=\"product:retailer_item_id\" content=\"5010996165787\" \/>\n<meta property=\"product:condition\" content=\"new\" \/>\n<!-- \/ Yoast SEO Premium plugin. -->","yoast_head_json":{"title":"Transformers: Der Film - Studio Series 86-22 S\u00fclze","robots":{"index":"index","follow":"follow","max-snippet":"max-snippet:-1","max-image-preview":"max-image-preview:large","max-video-preview":"max-video-preview:-1"},"canonical":"https:\/\/hobby4geek.com\/de\/produkt\/transformers-the-movie-studio-series-86-22-deluxe-class-brawn\/","og_locale":"de_DE","og_type":"article","og_title":"Transformers: The Movie - Studio Series 86-22 Brawn","og_description":"11 cm  Convert from robot to off-road vehicle  Transform in 23 steps  Removable backdrop  Accessories:   2 blasters  A sword  &nbsp;","og_url":"https:\/\/hobby4geek.com\/de\/produkt\/transformers-the-movie-studio-series-86-22-deluxe-class-brawn\/","og_site_name":"Hobby4Geek","article_publisher":"https:\/\/www.facebook.com\/hobby4geek","article_modified_time":"2024-11-05T11:47:46+00:00","og_image":[{"width":2000,"height":2000,"url":"https:\/\/hobby4geek.com\/wp-content\/uploads\/2023\/06\/transformers-the-movie-studio-series-86-22-deluxe-class-brawn-3.webp","type":"image\/webp"}],"twitter_card":"summary_large_image","twitter_site":"@hobby4geek","schema":{"@context":"https:\/\/schema.org","@graph":[{"@type":"WebPage","@id":"https:\/\/hobby4geek.com\/product\/transformers-the-movie-studio-series-86-22-deluxe-class-brawn\/","url":"https:\/\/hobby4geek.com\/product\/transformers-the-movie-studio-series-86-22-deluxe-class-brawn\/","name":"Transformers: Der Film - Studio Series 86-22 S\u00fclze","isPartOf":{"@id":"https:\/\/hobby4geek.com\/#website"},"primaryImageOfPage":{"@id":"https:\/\/hobby4geek.com\/product\/transformers-the-movie-studio-series-86-22-deluxe-class-brawn\/#primaryimage"},"image":{"@id":"https:\/\/hobby4geek.com\/product\/transformers-the-movie-studio-series-86-22-deluxe-class-brawn\/#primaryimage"},"thumbnailUrl":"https:\/\/hobby4geek.com\/wp-content\/uploads\/2023\/06\/transformers-the-movie-studio-series-86-22-deluxe-class-brawn-3.webp","datePublished":"2024-06-09T00:01:34+00:00","dateModified":"2024-11-05T11:47:46+00:00","breadcrumb":{"@id":"https:\/\/hobby4geek.com\/product\/transformers-the-movie-studio-series-86-22-deluxe-class-brawn\/#breadcrumb"},"inLanguage":"de","potentialAction":[{"@type":"ReadAction","target":["https:\/\/hobby4geek.com\/product\/transformers-the-movie-studio-series-86-22-deluxe-class-brawn\/"]}]},{"@type":"ImageObject","inLanguage":"de","@id":"https:\/\/hobby4geek.com\/product\/transformers-the-movie-studio-series-86-22-deluxe-class-brawn\/#primaryimage","url":"https:\/\/hobby4geek.com\/wp-content\/uploads\/2023\/06\/transformers-the-movie-studio-series-86-22-deluxe-class-brawn-3.webp","contentUrl":"https:\/\/hobby4geek.com\/wp-content\/uploads\/2023\/06\/transformers-the-movie-studio-series-86-22-deluxe-class-brawn-3.webp","width":2000,"height":2000},{"@type":"BreadcrumbList","@id":"https:\/\/hobby4geek.com\/product\/transformers-the-movie-studio-series-86-22-deluxe-class-brawn\/#breadcrumb","itemListElement":[{"@type":"ListItem","position":1,"name":"Home","item":"https:\/\/hobby4geek.com\/"},{"@type":"ListItem","position":2,"name":"Shop","item":"https:\/\/hobby4geek.com\/shop\/"},{"@type":"ListItem","position":3,"name":"Transformers: The Movie &#8211; Studio Series 86-22 Brawn"}]},{"@type":"WebSite","@id":"https:\/\/hobby4geek.com\/#website","url":"https:\/\/hobby4geek.com\/","name":"Hobby4Geek","description":"Sammeln, Spielen &amp; Pr\u00e4sentieren, Umarmung der Geekiness","publisher":{"@id":"https:\/\/hobby4geek.com\/#organization"},"potentialAction":[{"@type":"SearchAction","target":{"@type":"EntryPoint","urlTemplate":"https:\/\/hobby4geek.com\/?s={search_term_string}"},"query-input":{"@type":"PropertyValueSpecification","valueRequired":true,"valueName":"search_term_string"}}],"inLanguage":"de"},{"@type":"Organization","@id":"https:\/\/hobby4geek.com\/#organization","name":"Hobby4Geek","url":"https:\/\/hobby4geek.com\/","logo":{"@type":"ImageObject","inLanguage":"de","@id":"https:\/\/hobby4geek.com\/#\/schema\/logo\/image\/","url":"https:\/\/hobby4geek.com\/wp-content\/uploads\/2023\/02\/default-kit.png","contentUrl":"https:\/\/hobby4geek.com\/wp-content\/uploads\/2023\/02\/default-kit.png","width":600,"height":600,"caption":"Hobby4Geek"},"image":{"@id":"https:\/\/hobby4geek.com\/#\/schema\/logo\/image\/"},"sameAs":["https:\/\/www.facebook.com\/hobby4geek","https:\/\/x.com\/hobby4geek","https:\/\/www.instagram.com\/hobby4geek\/"]}]},"product_brand":"Transformers","product_price_amount":"27.80","product_price_currency":"EUR","og_availability":"out of stock","product_availability":"out of stock","product_retailer_item_id":"5010996165787","product_condition":"new"},"_links":{"self":[{"href":"https:\/\/hobby4geek.com\/de\/wp-json\/wp\/v2\/product\/188811","targetHints":{"allow":["GET"]}}],"collection":[{"href":"https:\/\/hobby4geek.com\/de\/wp-json\/wp\/v2\/product"}],"about":[{"href":"https:\/\/hobby4geek.com\/de\/wp-json\/wp\/v2\/types\/product"}],"replies":[{"embeddable":true,"href":"https:\/\/hobby4geek.com\/de\/wp-json\/wp\/v2\/comments?post=188811"}],"version-history":[{"count":0,"href":"https:\/\/hobby4geek.com\/de\/wp-json\/wp\/v2\/product\/188811\/revisions"}],"wp:featuredmedia":[{"embeddable":true,"href":"https:\/\/hobby4geek.com\/de\/wp-json\/wp\/v2\/media\/188817"}],"wp:attachment":[{"href":"https:\/\/hobby4geek.com\/de\/wp-json\/wp\/v2\/media?parent=188811"}],"wp:term":[{"taxonomy":"product_brand","embeddable":true,"href":"https:\/\/hobby4geek.com\/de\/wp-json\/wp\/v2\/product_brand?post=188811"},{"taxonomy":"product_cat","embeddable":true,"href":"https:\/\/hobby4geek.com\/de\/wp-json\/wp\/v2\/product_cat?post=188811"},{"taxonomy":"product_tag","embeddable":true,"href":"https:\/\/hobby4geek.com\/de\/wp-json\/wp\/v2\/product_tag?post=188811"},{"taxonomy":"giftcard-category","embeddable":true,"href":"https:\/\/hobby4geek.com\/de\/wp-json\/wp\/v2\/giftcard-category?post=188811"}],"curies":[{"name":"wp","href":"https:\/\/api.w.org\/{rel}","templated":true}]}}