{"id":188204,"date":"2024-01-23T01:58:58","date_gmt":"2024-01-23T00:58:58","guid":{"rendered":"https:\/\/hobby4geek.com\/?post_type=product&#038;p=188204"},"modified":"2024-07-16T11:56:04","modified_gmt":"2024-07-16T10:56:04","slug":"threezero-transformers-bumblebee-dlx-arcee","status":"publish","type":"product","link":"https:\/\/hobby4geek.com\/de\/produkt\/threezero-transformers-bumblebee-dlx-arcee\/","title":{"rendered":"ThreeZero - Transformers: Bumblebee DLX Arcee"},"content":{"rendered":"<p>Hasbro und threezero freuen sich, Arcee, den weiblichen Autobot aus dem Film Transformers: Bumblebee, als n\u00e4chste Figur der Transformers DLX Sammelfigurenserie zu pr\u00e4sentieren!<\/p>\n<p>Die Transformers Bumblebee DLX Arcee Sammelfigur ist ca. 20,3 cm gro\u00df und verf\u00fcgt \u00fcber 60 Gelenkpunkte, einen Metalldruckgussrahmen und LED-beleuchtete Augen. Zum Zubeh\u00f6r geh\u00f6ren ein Paar Blaster, vier Paar austauschbare H\u00e4nde und ein DLX Action Stand f\u00fcr noch dynamischere Posen.<\/p>\n<p>DLX-Sammelfiguren pr\u00e4sentieren aufw\u00e4ndige Transformers-Designs in einem kleineren Ma\u00dfstab mit hohem Produktionswert. Mit seinem einzigartigen Druckguss-Metallrahmen-Design bietet DLX nicht nur eine erweiterte Palette von Artikulationen, sondern verbessert auch das Gewicht und die Haltbarkeit erheblich. Zusammen mit der detaillierten und verwitterten Lackierung von threezero wird eine bemerkenswerte \u00c4hnlichkeit mit den Charakteren erreicht, wie sie in den Originalmedien zu sehen sind.<\/p>\n<p>TRANSFORMERS und alle dazugeh\u00f6rigen Charaktere sind Warenzeichen von Hasbro und werden mit Genehmigung verwendet. \u00a92023 Hasbro. Alle Rechte vorbehalten. \u00a9 2023 Paramount Pictures Corporation. Alle Rechte vorbehalten. Lizensiert durch Hasbro.<\/p>\n<ul>\n<li>Offiziell lizenziert von Hasbro und TakaraTomy<\/li>\n<li>Ungef\u00e4hr 8 Zoll (~20,3cm) gro\u00df<\/li>\n<li>Ungef\u00e4hr 60 Gelenkpunkte<\/li>\n<li>Detaillierter und verwitterter Farbauftrag<\/li>\n<li>Rahmen aus Metalldruckguss<\/li>\n<li>LED auf Augen<\/li>\n<\/ul>\n<p><strong>Zubeh\u00f6r:<\/strong><\/p>\n<ul>\n<li>Ein (1) Paar Sprengkapseln<\/li>\n<li>Vier (4) Paar austauschbare H\u00e4nde: ein (1) Paar F\u00e4uste, ein (1) Paar entspannte H\u00e4nde, ein (1) Paar Aktionsh\u00e4nde und ein (1) Paar Blasterh\u00e4nde<\/li>\n<li>Ein (1) DLX-Aktionsst\u00e4nder<\/li>\n<\/ul>\n<p><strong>Bemerkungen<br \/>\n<\/strong>*LED-Funktionen erfordern AG13 x2 Batterien (Batterien nicht enthalten)<\/p>\n<p><strong>Materialien<br \/>\n<\/strong>Zinkdruckgusslegierung, PVC, ABS, POM und Metallteile<\/p>","protected":false},"excerpt":{"rendered":"<ul>\n<li>Offiziell lizenziert von Hasbro und TakaraTomy<\/li>\n<li>Ungef\u00e4hr 8 Zoll (~20,3cm) gro\u00df<\/li>\n<li>Ungef\u00e4hr 60 Gelenkpunkte<\/li>\n<li>Detaillierter und verwitterter Farbauftrag<\/li>\n<li>Rahmen aus Metalldruckguss<\/li>\n<li>LED auf Augen<\/li>\n<\/ul>\n<p><strong>Zubeh\u00f6r:<\/strong><\/p>\n<ul>\n<li>Ein (1) Paar Sprengkapseln<\/li>\n<li>Vier (4) Paar austauschbare H\u00e4nde: ein (1) Paar F\u00e4uste, ein (1) Paar entspannte H\u00e4nde, ein (1) Paar Aktionsh\u00e4nde und ein (1) Paar Blasterh\u00e4nde<\/li>\n<li>Ein (1) DLX-Aktionsst\u00e4nder<\/li>\n<\/ul>\n<p><strong>Bemerkungen<br \/>\n<\/strong>*LED-Funktionen erfordern AG13 x2 Batterien (Batterien nicht enthalten)<\/p>\n<p><strong>Materialien<br \/>\n<\/strong>Zinkdruckgusslegierung, PVC, ABS, POM und Metallteile<\/p>","protected":false},"featured_media":188220,"comment_status":"open","ping_status":"closed","template":"","meta":{"inline_featured_image":false},"product_brand":[],"product_cat":[1955,68,90],"product_tag":[332,665,224,1976,221,333,334,335,1936,265,337,770,204,538,2453,235],"giftcard-category":[],"class_list":{"0":"post-188204","1":"product","2":"type-product","3":"status-publish","4":"has-post-thumbnail","6":"product_cat-transformers","7":"product_cat-hasbro","8":"product_cat-threezero","9":"product_tag-3a","10":"product_tag-arcee","11":"product_tag-bumblebee","12":"product_tag-collector-figures","13":"product_tag-decepticon","14":"product_tag-dlx-collectible-series","15":"product_tag-film","16":"product_tag-hasbro","17":"product_tag-models-co","18":"product_tag-pre-orders","19":"product_tag-threea","20":"product_tag-threezero","21":"product_tag-transformers","22":"product_tag-transformers-bumblebee-movie","23":"product_tag-transformers-x-threezero","24":"product_tag-transformers-bumblebee","25":"product_shipping_class-medium","27":"first","28":"outofstock","29":"taxable","30":"shipping-taxable","31":"purchasable","32":"product-type-simple","33":"add-to-wishlist-after_add_to_cart"},"yoast_head":"<!-- This site is optimized with the Yoast SEO Premium plugin v25.3.1 (Yoast SEO v27.2) - https:\/\/yoast.com\/product\/yoast-seo-premium-wordpress\/ -->\n<title>ThreeZero - Transformers: Bumblebee DLX Arcee<\/title>\n<meta name=\"robots\" content=\"index, follow, max-snippet:-1, max-image-preview:large, max-video-preview:-1\" \/>\n<link rel=\"canonical\" href=\"https:\/\/hobby4geek.com\/de\/produkt\/threezero-transformers-bumblebee-dlx-arcee\/\" \/>\n<meta property=\"og:locale\" content=\"de_DE\" \/>\n<meta property=\"og:type\" content=\"article\" \/>\n<meta property=\"og:title\" content=\"ThreeZero - Transformers: Bumblebee DLX Arcee\" \/>\n<meta property=\"og:description\" content=\"Officially Licensed by Hasbro and TakaraTomy  Approximately 8 inches (~20.3cm) tall  Approximately 60 points of articulation  Detailed and weathered paint application  Die-cast Metal frame  LED on Eyes  Accessories:   One (1) pair of blasters  Four (4) pairs of interchangeable hands: one (1) pair of fists, one (1) pair of relaxed hands, one (1) pair of action hands and one (1) pair of blaster-holding hands  One (1) DLX action stand  Remarks *LED features require AG13 x2 batteries (batteries not included)  Materials Die-cast zinc alloy, PVC, ABS, POM and metal parts\" \/>\n<meta property=\"og:url\" content=\"https:\/\/hobby4geek.com\/de\/produkt\/threezero-transformers-bumblebee-dlx-arcee\/\" \/>\n<meta property=\"og:site_name\" content=\"Hobby4Geek\" \/>\n<meta property=\"article:publisher\" content=\"https:\/\/www.facebook.com\/hobby4geek\" \/>\n<meta property=\"article:modified_time\" content=\"2024-07-16T10:56:04+00:00\" \/>\n<meta property=\"og:image\" content=\"https:\/\/hobby4geek.com\/wp-content\/uploads\/2023\/05\/threezero-transformers-bumblebee-dlx-arcee-16.jpg\" \/>\n\t<meta property=\"og:image:width\" content=\"600\" \/>\n\t<meta property=\"og:image:height\" content=\"600\" \/>\n\t<meta property=\"og:image:type\" content=\"image\/jpeg\" \/>\n<meta name=\"twitter:card\" content=\"summary_large_image\" \/>\n<meta name=\"twitter:site\" content=\"@hobby4geek\" \/>\n<script type=\"application\/ld+json\" class=\"yoast-schema-graph\">{\"@context\":\"https:\/\/schema.org\",\"@graph\":[{\"@type\":\"WebPage\",\"@id\":\"https:\/\/hobby4geek.com\/product\/threezero-transformers-bumblebee-dlx-arcee\/\",\"url\":\"https:\/\/hobby4geek.com\/product\/threezero-transformers-bumblebee-dlx-arcee\/\",\"name\":\"ThreeZero - Transformers: Bumblebee DLX Arcee\",\"isPartOf\":{\"@id\":\"https:\/\/hobby4geek.com\/#website\"},\"primaryImageOfPage\":{\"@id\":\"https:\/\/hobby4geek.com\/product\/threezero-transformers-bumblebee-dlx-arcee\/#primaryimage\"},\"image\":{\"@id\":\"https:\/\/hobby4geek.com\/product\/threezero-transformers-bumblebee-dlx-arcee\/#primaryimage\"},\"thumbnailUrl\":\"https:\/\/hobby4geek.com\/wp-content\/uploads\/2023\/05\/threezero-transformers-bumblebee-dlx-arcee-16.jpg\",\"datePublished\":\"2024-01-23T00:58:58+00:00\",\"dateModified\":\"2024-07-16T10:56:04+00:00\",\"breadcrumb\":{\"@id\":\"https:\/\/hobby4geek.com\/product\/threezero-transformers-bumblebee-dlx-arcee\/#breadcrumb\"},\"inLanguage\":\"de\",\"potentialAction\":[{\"@type\":\"ReadAction\",\"target\":[\"https:\/\/hobby4geek.com\/product\/threezero-transformers-bumblebee-dlx-arcee\/\"]}]},{\"@type\":\"ImageObject\",\"inLanguage\":\"de\",\"@id\":\"https:\/\/hobby4geek.com\/product\/threezero-transformers-bumblebee-dlx-arcee\/#primaryimage\",\"url\":\"https:\/\/hobby4geek.com\/wp-content\/uploads\/2023\/05\/threezero-transformers-bumblebee-dlx-arcee-16.jpg\",\"contentUrl\":\"https:\/\/hobby4geek.com\/wp-content\/uploads\/2023\/05\/threezero-transformers-bumblebee-dlx-arcee-16.jpg\",\"width\":600,\"height\":600},{\"@type\":\"BreadcrumbList\",\"@id\":\"https:\/\/hobby4geek.com\/product\/threezero-transformers-bumblebee-dlx-arcee\/#breadcrumb\",\"itemListElement\":[{\"@type\":\"ListItem\",\"position\":1,\"name\":\"Home\",\"item\":\"https:\/\/hobby4geek.com\/\"},{\"@type\":\"ListItem\",\"position\":2,\"name\":\"Shop\",\"item\":\"https:\/\/hobby4geek.com\/shop\/\"},{\"@type\":\"ListItem\",\"position\":3,\"name\":\"ThreeZero &#8211; Transformers: Bumblebee DLX Arcee\"}]},{\"@type\":\"WebSite\",\"@id\":\"https:\/\/hobby4geek.com\/#website\",\"url\":\"https:\/\/hobby4geek.com\/\",\"name\":\"Hobby4Geek\",\"description\":\"Collect, Play &amp; Showcase, Embrace your Geekiness\",\"publisher\":{\"@id\":\"https:\/\/hobby4geek.com\/#organization\"},\"potentialAction\":[{\"@type\":\"SearchAction\",\"target\":{\"@type\":\"EntryPoint\",\"urlTemplate\":\"https:\/\/hobby4geek.com\/?s={search_term_string}\"},\"query-input\":{\"@type\":\"PropertyValueSpecification\",\"valueRequired\":true,\"valueName\":\"search_term_string\"}}],\"inLanguage\":\"de\"},{\"@type\":\"Organization\",\"@id\":\"https:\/\/hobby4geek.com\/#organization\",\"name\":\"Hobby4Geek\",\"url\":\"https:\/\/hobby4geek.com\/\",\"logo\":{\"@type\":\"ImageObject\",\"inLanguage\":\"de\",\"@id\":\"https:\/\/hobby4geek.com\/#\/schema\/logo\/image\/\",\"url\":\"https:\/\/hobby4geek.com\/wp-content\/uploads\/2023\/02\/default-kit.png\",\"contentUrl\":\"https:\/\/hobby4geek.com\/wp-content\/uploads\/2023\/02\/default-kit.png\",\"width\":600,\"height\":600,\"caption\":\"Hobby4Geek\"},\"image\":{\"@id\":\"https:\/\/hobby4geek.com\/#\/schema\/logo\/image\/\"},\"sameAs\":[\"https:\/\/www.facebook.com\/hobby4geek\",\"https:\/\/x.com\/hobby4geek\",\"https:\/\/www.instagram.com\/hobby4geek\/\"]}]}<\/script>\n<meta property=\"product:brand\" content=\"Transformers\" \/>\n<meta property=\"product:price:amount\" content=\"218.00\" \/>\n<meta property=\"product:price:currency\" content=\"EUR\" \/>\n<meta property=\"og:availability\" content=\"out of stock\" \/>\n<meta property=\"product:availability\" content=\"out of stock\" \/>\n<meta property=\"product:retailer_item_id\" content=\"4897056203556\" \/>\n<meta property=\"product:condition\" content=\"new\" \/>\n<!-- \/ Yoast SEO Premium plugin. -->","yoast_head_json":{"title":"ThreeZero - Transformers: Bumblebee DLX Arcee","robots":{"index":"index","follow":"follow","max-snippet":"max-snippet:-1","max-image-preview":"max-image-preview:large","max-video-preview":"max-video-preview:-1"},"canonical":"https:\/\/hobby4geek.com\/de\/produkt\/threezero-transformers-bumblebee-dlx-arcee\/","og_locale":"de_DE","og_type":"article","og_title":"ThreeZero - Transformers: Bumblebee DLX Arcee","og_description":"Officially Licensed by Hasbro and TakaraTomy  Approximately 8 inches (~20.3cm) tall  Approximately 60 points of articulation  Detailed and weathered paint application  Die-cast Metal frame  LED on Eyes  Accessories:   One (1) pair of blasters  Four (4) pairs of interchangeable hands: one (1) pair of fists, one (1) pair of relaxed hands, one (1) pair of action hands and one (1) pair of blaster-holding hands  One (1) DLX action stand  Remarks *LED features require AG13 x2 batteries (batteries not included)  Materials Die-cast zinc alloy, PVC, ABS, POM and metal parts","og_url":"https:\/\/hobby4geek.com\/de\/produkt\/threezero-transformers-bumblebee-dlx-arcee\/","og_site_name":"Hobby4Geek","article_publisher":"https:\/\/www.facebook.com\/hobby4geek","article_modified_time":"2024-07-16T10:56:04+00:00","og_image":[{"width":600,"height":600,"url":"https:\/\/hobby4geek.com\/wp-content\/uploads\/2023\/05\/threezero-transformers-bumblebee-dlx-arcee-16.jpg","type":"image\/jpeg"}],"twitter_card":"summary_large_image","twitter_site":"@hobby4geek","schema":{"@context":"https:\/\/schema.org","@graph":[{"@type":"WebPage","@id":"https:\/\/hobby4geek.com\/product\/threezero-transformers-bumblebee-dlx-arcee\/","url":"https:\/\/hobby4geek.com\/product\/threezero-transformers-bumblebee-dlx-arcee\/","name":"ThreeZero - Transformers: Bumblebee DLX Arcee","isPartOf":{"@id":"https:\/\/hobby4geek.com\/#website"},"primaryImageOfPage":{"@id":"https:\/\/hobby4geek.com\/product\/threezero-transformers-bumblebee-dlx-arcee\/#primaryimage"},"image":{"@id":"https:\/\/hobby4geek.com\/product\/threezero-transformers-bumblebee-dlx-arcee\/#primaryimage"},"thumbnailUrl":"https:\/\/hobby4geek.com\/wp-content\/uploads\/2023\/05\/threezero-transformers-bumblebee-dlx-arcee-16.jpg","datePublished":"2024-01-23T00:58:58+00:00","dateModified":"2024-07-16T10:56:04+00:00","breadcrumb":{"@id":"https:\/\/hobby4geek.com\/product\/threezero-transformers-bumblebee-dlx-arcee\/#breadcrumb"},"inLanguage":"de","potentialAction":[{"@type":"ReadAction","target":["https:\/\/hobby4geek.com\/product\/threezero-transformers-bumblebee-dlx-arcee\/"]}]},{"@type":"ImageObject","inLanguage":"de","@id":"https:\/\/hobby4geek.com\/product\/threezero-transformers-bumblebee-dlx-arcee\/#primaryimage","url":"https:\/\/hobby4geek.com\/wp-content\/uploads\/2023\/05\/threezero-transformers-bumblebee-dlx-arcee-16.jpg","contentUrl":"https:\/\/hobby4geek.com\/wp-content\/uploads\/2023\/05\/threezero-transformers-bumblebee-dlx-arcee-16.jpg","width":600,"height":600},{"@type":"BreadcrumbList","@id":"https:\/\/hobby4geek.com\/product\/threezero-transformers-bumblebee-dlx-arcee\/#breadcrumb","itemListElement":[{"@type":"ListItem","position":1,"name":"Home","item":"https:\/\/hobby4geek.com\/"},{"@type":"ListItem","position":2,"name":"Shop","item":"https:\/\/hobby4geek.com\/shop\/"},{"@type":"ListItem","position":3,"name":"ThreeZero &#8211; Transformers: Bumblebee DLX Arcee"}]},{"@type":"WebSite","@id":"https:\/\/hobby4geek.com\/#website","url":"https:\/\/hobby4geek.com\/","name":"Hobby4Geek","description":"Sammeln, Spielen &amp; Pr\u00e4sentieren, Umarmung der Geekiness","publisher":{"@id":"https:\/\/hobby4geek.com\/#organization"},"potentialAction":[{"@type":"SearchAction","target":{"@type":"EntryPoint","urlTemplate":"https:\/\/hobby4geek.com\/?s={search_term_string}"},"query-input":{"@type":"PropertyValueSpecification","valueRequired":true,"valueName":"search_term_string"}}],"inLanguage":"de"},{"@type":"Organization","@id":"https:\/\/hobby4geek.com\/#organization","name":"Hobby4Geek","url":"https:\/\/hobby4geek.com\/","logo":{"@type":"ImageObject","inLanguage":"de","@id":"https:\/\/hobby4geek.com\/#\/schema\/logo\/image\/","url":"https:\/\/hobby4geek.com\/wp-content\/uploads\/2023\/02\/default-kit.png","contentUrl":"https:\/\/hobby4geek.com\/wp-content\/uploads\/2023\/02\/default-kit.png","width":600,"height":600,"caption":"Hobby4Geek"},"image":{"@id":"https:\/\/hobby4geek.com\/#\/schema\/logo\/image\/"},"sameAs":["https:\/\/www.facebook.com\/hobby4geek","https:\/\/x.com\/hobby4geek","https:\/\/www.instagram.com\/hobby4geek\/"]}]},"product_brand":"Transformers","product_price_amount":"218.00","product_price_currency":"EUR","og_availability":"out of stock","product_availability":"out of stock","product_retailer_item_id":"4897056203556","product_condition":"new"},"_links":{"self":[{"href":"https:\/\/hobby4geek.com\/de\/wp-json\/wp\/v2\/product\/188204","targetHints":{"allow":["GET"]}}],"collection":[{"href":"https:\/\/hobby4geek.com\/de\/wp-json\/wp\/v2\/product"}],"about":[{"href":"https:\/\/hobby4geek.com\/de\/wp-json\/wp\/v2\/types\/product"}],"replies":[{"embeddable":true,"href":"https:\/\/hobby4geek.com\/de\/wp-json\/wp\/v2\/comments?post=188204"}],"version-history":[{"count":0,"href":"https:\/\/hobby4geek.com\/de\/wp-json\/wp\/v2\/product\/188204\/revisions"}],"wp:featuredmedia":[{"embeddable":true,"href":"https:\/\/hobby4geek.com\/de\/wp-json\/wp\/v2\/media\/188220"}],"wp:attachment":[{"href":"https:\/\/hobby4geek.com\/de\/wp-json\/wp\/v2\/media?parent=188204"}],"wp:term":[{"taxonomy":"product_brand","embeddable":true,"href":"https:\/\/hobby4geek.com\/de\/wp-json\/wp\/v2\/product_brand?post=188204"},{"taxonomy":"product_cat","embeddable":true,"href":"https:\/\/hobby4geek.com\/de\/wp-json\/wp\/v2\/product_cat?post=188204"},{"taxonomy":"product_tag","embeddable":true,"href":"https:\/\/hobby4geek.com\/de\/wp-json\/wp\/v2\/product_tag?post=188204"},{"taxonomy":"giftcard-category","embeddable":true,"href":"https:\/\/hobby4geek.com\/de\/wp-json\/wp\/v2\/giftcard-category?post=188204"}],"curies":[{"name":"wp","href":"https:\/\/api.w.org\/{rel}","templated":true}]}}