{"id":188096,"date":"2023-04-24T11:45:57","date_gmt":"2023-04-24T10:45:57","guid":{"rendered":"https:\/\/hobby4geek.com\/?post_type=product&#038;p=188096"},"modified":"2025-03-01T12:11:57","modified_gmt":"2025-03-01T11:11:57","slug":"transformers-meisterwerk-filmreihe-mpm-12n-nemesis-prime","status":"publish","type":"product","link":"https:\/\/hobby4geek.com\/de\/produkt\/transformers-meisterwerk-filmreihe-mpm-12n-nemesis-prime\/","title":{"rendered":"Transformers: Masterpiece Movie Series MPM-12N Nemesis Prime"},"content":{"rendered":"<p>Diese authentische Sammelfigur Masterpiece Movie MPM-12N Nemesis Prime f\u00fcr Erwachsene ist den Transformers-Live-Action-Filmen nachempfunden und verf\u00fcgt \u00fcber vom Film inspirierte Details und Accessoires, die sich ideal f\u00fcr das Sammlerregal eignen. Diese Figur verf\u00fcgt \u00fcber ein authentisches Takara Tomy-Design und eine von Transformers: Bumblebee inspirierte Deko. Das Spielzeug l\u00e4sst sich in 49 Schritten vom Truck in den Robotermodus umwandeln. Die Figur verf\u00fcgt \u00fcber hochgradig bewegliche H\u00e4nde, Taille, Kopf und Brustplatte und wird mit einem Ion Blaster-Zubeh\u00f6r geliefert.<\/p>\n<p>Inklusive Figur, Zubeh\u00f6r und Anleitung.<\/p>\n<ul>\n<li>AUTHENTISCHES TAKARA TOMY DESIGN: Dieses Transformers Masterpiece Movie Nemesis Prime Premium-Sammlerst\u00fcck f\u00fcr Erwachsene verf\u00fcgt \u00fcber authentisches Takara Tomy Design und Deko aus Transformers: Revenge of the Fallen<\/li>\n<li>SPIN-OFF SCREEN-ACCURATE CONVERSION: Verwandle die Nemesis Prime Figur in 49 Schritten in einen vom Film inspirierten Truck-Modus. Figur ist ein Spin-Off-Charakter von MPM-12 Optimus Prime wie in Transformers gesehen: Bumblebee<\/li>\n<li>DETAILLIERTE MERKMALE UND ZUBEH\u00d6R: Die Figur verf\u00fcgt \u00fcber bewegliche H\u00e4nde, Taille, Kopf und Brustplatte. Inklusive Ion Blaster-Zubeh\u00f6r. Das Zubeh\u00f6r kann an der Figur im Roboter- und Truck-Modus befestigt werden.<\/li>\n<li>PREMIUM DESIGN: Diese Nemesis Prime-Figur mit Druckgussteilen, einer hohen Anzahl an Deko-Objekten und \u00fcber 50 Gelenkpunkten wurde von den Optimus Prime-CAD-Dateien von Transformers inspiriert: Bumblebee<\/li>\n<li>ORIGINALVERPACKUNG UND ANLEITUNG: Diese Masterpiece Movie Transformers Figur kommt mit Originalverpackung und japanischer Anleitung<\/li>\n<\/ul>\n<p>&nbsp;<\/p>","protected":false},"excerpt":{"rendered":"<p><em><br \/>\n<\/em><b><\/b><\/p>\n<ul>\n<li>AUTHENTISCHES TAKARA TOMY DESIGN<\/li>\n<li>BILDSCHIRMGETREUE UMSETZUNG<\/li>\n<li>DETAILLIERTE MERKMALE UND ZUBEH\u00d6R<\/li>\n<li>PREMIUM DESIGN<\/li>\n<li>ORIGINALVERPACKUNG UND -ANLEITUNG<\/li>\n<\/ul>","protected":false},"featured_media":188103,"comment_status":"open","ping_status":"closed","template":"","meta":{"inline_featured_image":false},"product_brand":[],"product_cat":[68,69,1955],"product_tag":[200,1759,221,202,2141,1047,203,1975,204,1961,1638],"giftcard-category":[],"class_list":{"0":"post-188096","1":"product","2":"type-product","3":"status-publish","4":"has-post-thumbnail","6":"product_cat-hasbro","7":"product_cat-takara-tomy","8":"product_cat-transformers","9":"product_tag-action-figures","10":"product_tag-action-toys","11":"product_tag-decepticon","12":"product_tag-masterpiece-movie-series","13":"product_tag-mpm-12n","14":"product_tag-nemesis-prime","15":"product_tag-takara-tomy","16":"product_tag-toys-figures","17":"product_tag-transformers","18":"product_tag-transformers-authentic","19":"product_tag-transformers-revenge-of-the-fallen","20":"product_shipping_class-free-shipping","21":"inventories-china-inventory","23":"first","24":"instock","25":"taxable","26":"shipping-taxable","27":"purchasable","28":"product-type-simple","29":"add-to-wishlist-after_add_to_cart"},"yoast_head":"<!-- This site is optimized with the Yoast SEO Premium plugin v25.3.1 (Yoast SEO v27.4) - https:\/\/yoast.com\/product\/yoast-seo-premium-wordpress\/ -->\n<title>Transformers: Masterpiece Movie Series MPM-12N Nemesis Prime<\/title>\n<meta name=\"robots\" content=\"index, follow, max-snippet:-1, max-image-preview:large, max-video-preview:-1\" \/>\n<link rel=\"canonical\" href=\"https:\/\/hobby4geek.com\/de\/produkt\/transformers-meisterwerk-filmreihe-mpm-12n-nemesis-prime\/\" \/>\n<meta property=\"og:locale\" content=\"de_DE\" \/>\n<meta property=\"og:type\" content=\"article\" \/>\n<meta property=\"og:title\" content=\"Transformers: Masterpiece Movie Series MPM-12N Nemesis Prime\" \/>\n<meta property=\"og:description\" content=\"AUTHENTIC TAKARA TOMY DESIGN  SCREEN-ACCURATE CONVERSION  DETAILED FEATURES AND ACCESSORIES  PREMIUM DESIGN  ORIGINAL PACKAGING AND INSTRUCTIONS\" \/>\n<meta property=\"og:url\" content=\"https:\/\/hobby4geek.com\/de\/produkt\/transformers-meisterwerk-filmreihe-mpm-12n-nemesis-prime\/\" \/>\n<meta property=\"og:site_name\" content=\"Hobby4Geek\" \/>\n<meta property=\"article:publisher\" content=\"https:\/\/www.facebook.com\/hobby4geek\" \/>\n<meta property=\"article:modified_time\" content=\"2025-03-01T11:11:57+00:00\" \/>\n<meta property=\"og:image\" content=\"https:\/\/hobby4geek.com\/wp-content\/uploads\/2023\/04\/transformers-masterpiece-movie-series-mpm-12n-nemesis-prime-7.webp\" \/>\n\t<meta property=\"og:image:width\" content=\"2000\" \/>\n\t<meta property=\"og:image:height\" content=\"2000\" \/>\n\t<meta property=\"og:image:type\" content=\"image\/webp\" \/>\n<meta name=\"twitter:card\" content=\"summary_large_image\" \/>\n<meta name=\"twitter:site\" content=\"@hobby4geek\" \/>\n<script type=\"application\/ld+json\" class=\"yoast-schema-graph\">{\"@context\":\"https:\\\/\\\/schema.org\",\"@graph\":[{\"@type\":\"WebPage\",\"@id\":\"https:\\\/\\\/hobby4geek.com\\\/product\\\/transformers-masterpiece-movie-series-mpm-12n-nemesis-prime\\\/\",\"url\":\"https:\\\/\\\/hobby4geek.com\\\/product\\\/transformers-masterpiece-movie-series-mpm-12n-nemesis-prime\\\/\",\"name\":\"Transformers: Masterpiece Movie Series MPM-12N Nemesis Prime\",\"isPartOf\":{\"@id\":\"https:\\\/\\\/hobby4geek.com\\\/#website\"},\"primaryImageOfPage\":{\"@id\":\"https:\\\/\\\/hobby4geek.com\\\/product\\\/transformers-masterpiece-movie-series-mpm-12n-nemesis-prime\\\/#primaryimage\"},\"image\":{\"@id\":\"https:\\\/\\\/hobby4geek.com\\\/product\\\/transformers-masterpiece-movie-series-mpm-12n-nemesis-prime\\\/#primaryimage\"},\"thumbnailUrl\":\"https:\\\/\\\/hobby4geek.com\\\/wp-content\\\/uploads\\\/2023\\\/04\\\/transformers-masterpiece-movie-series-mpm-12n-nemesis-prime-7.webp\",\"datePublished\":\"2023-04-24T10:45:57+00:00\",\"dateModified\":\"2025-03-01T11:11:57+00:00\",\"breadcrumb\":{\"@id\":\"https:\\\/\\\/hobby4geek.com\\\/product\\\/transformers-masterpiece-movie-series-mpm-12n-nemesis-prime\\\/#breadcrumb\"},\"inLanguage\":\"de\",\"potentialAction\":[{\"@type\":\"ReadAction\",\"target\":[\"https:\\\/\\\/hobby4geek.com\\\/product\\\/transformers-masterpiece-movie-series-mpm-12n-nemesis-prime\\\/\"]}]},{\"@type\":\"ImageObject\",\"inLanguage\":\"de\",\"@id\":\"https:\\\/\\\/hobby4geek.com\\\/product\\\/transformers-masterpiece-movie-series-mpm-12n-nemesis-prime\\\/#primaryimage\",\"url\":\"https:\\\/\\\/hobby4geek.com\\\/wp-content\\\/uploads\\\/2023\\\/04\\\/transformers-masterpiece-movie-series-mpm-12n-nemesis-prime-7.webp\",\"contentUrl\":\"https:\\\/\\\/hobby4geek.com\\\/wp-content\\\/uploads\\\/2023\\\/04\\\/transformers-masterpiece-movie-series-mpm-12n-nemesis-prime-7.webp\",\"width\":2000,\"height\":2000},{\"@type\":\"BreadcrumbList\",\"@id\":\"https:\\\/\\\/hobby4geek.com\\\/product\\\/transformers-masterpiece-movie-series-mpm-12n-nemesis-prime\\\/#breadcrumb\",\"itemListElement\":[{\"@type\":\"ListItem\",\"position\":1,\"name\":\"Home\",\"item\":\"https:\\\/\\\/hobby4geek.com\\\/\"},{\"@type\":\"ListItem\",\"position\":2,\"name\":\"Shop\",\"item\":\"https:\\\/\\\/hobby4geek.com\\\/shop\\\/\"},{\"@type\":\"ListItem\",\"position\":3,\"name\":\"Transformers: Masterpiece Movie Series MPM-12N Nemesis Prime\"}]},{\"@type\":\"WebSite\",\"@id\":\"https:\\\/\\\/hobby4geek.com\\\/#website\",\"url\":\"https:\\\/\\\/hobby4geek.com\\\/\",\"name\":\"Hobby4Geek\",\"description\":\"Collect, Play &amp; Showcase, Embrace your Geekiness\",\"publisher\":{\"@id\":\"https:\\\/\\\/hobby4geek.com\\\/#organization\"},\"potentialAction\":[{\"@type\":\"SearchAction\",\"target\":{\"@type\":\"EntryPoint\",\"urlTemplate\":\"https:\\\/\\\/hobby4geek.com\\\/?s={search_term_string}\"},\"query-input\":{\"@type\":\"PropertyValueSpecification\",\"valueRequired\":true,\"valueName\":\"search_term_string\"}}],\"inLanguage\":\"de\"},{\"@type\":\"Organization\",\"@id\":\"https:\\\/\\\/hobby4geek.com\\\/#organization\",\"name\":\"Hobby4Geek\",\"url\":\"https:\\\/\\\/hobby4geek.com\\\/\",\"logo\":{\"@type\":\"ImageObject\",\"inLanguage\":\"de\",\"@id\":\"https:\\\/\\\/hobby4geek.com\\\/#\\\/schema\\\/logo\\\/image\\\/\",\"url\":\"https:\\\/\\\/hobby4geek.com\\\/wp-content\\\/uploads\\\/2023\\\/02\\\/default-kit.png\",\"contentUrl\":\"https:\\\/\\\/hobby4geek.com\\\/wp-content\\\/uploads\\\/2023\\\/02\\\/default-kit.png\",\"width\":600,\"height\":600,\"caption\":\"Hobby4Geek\"},\"image\":{\"@id\":\"https:\\\/\\\/hobby4geek.com\\\/#\\\/schema\\\/logo\\\/image\\\/\"},\"sameAs\":[\"https:\\\/\\\/www.facebook.com\\\/hobby4geek\",\"https:\\\/\\\/x.com\\\/hobby4geek\",\"https:\\\/\\\/www.instagram.com\\\/hobby4geek\\\/\"]}]}<\/script>\n<meta property=\"product:brand\" content=\"Hasbro\" \/>\n<meta property=\"product:price:amount\" content=\"287.00\" \/>\n<meta property=\"product:price:currency\" content=\"EUR\" \/>\n<meta property=\"og:availability\" content=\"instock\" \/>\n<meta property=\"product:availability\" content=\"instock\" \/>\n<meta property=\"product:retailer_item_id\" content=\"4904810298779\" \/>\n<meta property=\"product:condition\" content=\"new\" \/>\n<!-- \/ Yoast SEO Premium plugin. -->","yoast_head_json":{"title":"Transformers: Masterpiece Movie Series MPM-12N Nemesis Prime","robots":{"index":"index","follow":"follow","max-snippet":"max-snippet:-1","max-image-preview":"max-image-preview:large","max-video-preview":"max-video-preview:-1"},"canonical":"https:\/\/hobby4geek.com\/de\/produkt\/transformers-meisterwerk-filmreihe-mpm-12n-nemesis-prime\/","og_locale":"de_DE","og_type":"article","og_title":"Transformers: Masterpiece Movie Series MPM-12N Nemesis Prime","og_description":"AUTHENTIC TAKARA TOMY DESIGN  SCREEN-ACCURATE CONVERSION  DETAILED FEATURES AND ACCESSORIES  PREMIUM DESIGN  ORIGINAL PACKAGING AND INSTRUCTIONS","og_url":"https:\/\/hobby4geek.com\/de\/produkt\/transformers-meisterwerk-filmreihe-mpm-12n-nemesis-prime\/","og_site_name":"Hobby4Geek","article_publisher":"https:\/\/www.facebook.com\/hobby4geek","article_modified_time":"2025-03-01T11:11:57+00:00","og_image":[{"width":2000,"height":2000,"url":"https:\/\/hobby4geek.com\/wp-content\/uploads\/2023\/04\/transformers-masterpiece-movie-series-mpm-12n-nemesis-prime-7.webp","type":"image\/webp"}],"twitter_card":"summary_large_image","twitter_site":"@hobby4geek","schema":{"@context":"https:\/\/schema.org","@graph":[{"@type":"WebPage","@id":"https:\/\/hobby4geek.com\/product\/transformers-masterpiece-movie-series-mpm-12n-nemesis-prime\/","url":"https:\/\/hobby4geek.com\/product\/transformers-masterpiece-movie-series-mpm-12n-nemesis-prime\/","name":"Transformers: Masterpiece Movie Series MPM-12N Nemesis Prime","isPartOf":{"@id":"https:\/\/hobby4geek.com\/#website"},"primaryImageOfPage":{"@id":"https:\/\/hobby4geek.com\/product\/transformers-masterpiece-movie-series-mpm-12n-nemesis-prime\/#primaryimage"},"image":{"@id":"https:\/\/hobby4geek.com\/product\/transformers-masterpiece-movie-series-mpm-12n-nemesis-prime\/#primaryimage"},"thumbnailUrl":"https:\/\/hobby4geek.com\/wp-content\/uploads\/2023\/04\/transformers-masterpiece-movie-series-mpm-12n-nemesis-prime-7.webp","datePublished":"2023-04-24T10:45:57+00:00","dateModified":"2025-03-01T11:11:57+00:00","breadcrumb":{"@id":"https:\/\/hobby4geek.com\/product\/transformers-masterpiece-movie-series-mpm-12n-nemesis-prime\/#breadcrumb"},"inLanguage":"de","potentialAction":[{"@type":"ReadAction","target":["https:\/\/hobby4geek.com\/product\/transformers-masterpiece-movie-series-mpm-12n-nemesis-prime\/"]}]},{"@type":"ImageObject","inLanguage":"de","@id":"https:\/\/hobby4geek.com\/product\/transformers-masterpiece-movie-series-mpm-12n-nemesis-prime\/#primaryimage","url":"https:\/\/hobby4geek.com\/wp-content\/uploads\/2023\/04\/transformers-masterpiece-movie-series-mpm-12n-nemesis-prime-7.webp","contentUrl":"https:\/\/hobby4geek.com\/wp-content\/uploads\/2023\/04\/transformers-masterpiece-movie-series-mpm-12n-nemesis-prime-7.webp","width":2000,"height":2000},{"@type":"BreadcrumbList","@id":"https:\/\/hobby4geek.com\/product\/transformers-masterpiece-movie-series-mpm-12n-nemesis-prime\/#breadcrumb","itemListElement":[{"@type":"ListItem","position":1,"name":"Home","item":"https:\/\/hobby4geek.com\/"},{"@type":"ListItem","position":2,"name":"Shop","item":"https:\/\/hobby4geek.com\/shop\/"},{"@type":"ListItem","position":3,"name":"Transformers: Masterpiece Movie Series MPM-12N Nemesis Prime"}]},{"@type":"WebSite","@id":"https:\/\/hobby4geek.com\/#website","url":"https:\/\/hobby4geek.com\/","name":"Hobby4Geek","description":"Sammeln, Spielen &amp; Pr\u00e4sentieren, Umarmung der Geekiness","publisher":{"@id":"https:\/\/hobby4geek.com\/#organization"},"potentialAction":[{"@type":"SearchAction","target":{"@type":"EntryPoint","urlTemplate":"https:\/\/hobby4geek.com\/?s={search_term_string}"},"query-input":{"@type":"PropertyValueSpecification","valueRequired":true,"valueName":"search_term_string"}}],"inLanguage":"de"},{"@type":"Organization","@id":"https:\/\/hobby4geek.com\/#organization","name":"Hobby4Geek","url":"https:\/\/hobby4geek.com\/","logo":{"@type":"ImageObject","inLanguage":"de","@id":"https:\/\/hobby4geek.com\/#\/schema\/logo\/image\/","url":"https:\/\/hobby4geek.com\/wp-content\/uploads\/2023\/02\/default-kit.png","contentUrl":"https:\/\/hobby4geek.com\/wp-content\/uploads\/2023\/02\/default-kit.png","width":600,"height":600,"caption":"Hobby4Geek"},"image":{"@id":"https:\/\/hobby4geek.com\/#\/schema\/logo\/image\/"},"sameAs":["https:\/\/www.facebook.com\/hobby4geek","https:\/\/x.com\/hobby4geek","https:\/\/www.instagram.com\/hobby4geek\/"]}]},"product_brand":"Hasbro","product_price_amount":"287.00","product_price_currency":"EUR","og_availability":"instock","product_availability":"instock","product_retailer_item_id":"4904810298779","product_condition":"new"},"_links":{"self":[{"href":"https:\/\/hobby4geek.com\/de\/wp-json\/wp\/v2\/product\/188096","targetHints":{"allow":["GET"]}}],"collection":[{"href":"https:\/\/hobby4geek.com\/de\/wp-json\/wp\/v2\/product"}],"about":[{"href":"https:\/\/hobby4geek.com\/de\/wp-json\/wp\/v2\/types\/product"}],"replies":[{"embeddable":true,"href":"https:\/\/hobby4geek.com\/de\/wp-json\/wp\/v2\/comments?post=188096"}],"version-history":[{"count":0,"href":"https:\/\/hobby4geek.com\/de\/wp-json\/wp\/v2\/product\/188096\/revisions"}],"wp:featuredmedia":[{"embeddable":true,"href":"https:\/\/hobby4geek.com\/de\/wp-json\/wp\/v2\/media\/188103"}],"wp:attachment":[{"href":"https:\/\/hobby4geek.com\/de\/wp-json\/wp\/v2\/media?parent=188096"}],"wp:term":[{"taxonomy":"product_brand","embeddable":true,"href":"https:\/\/hobby4geek.com\/de\/wp-json\/wp\/v2\/product_brand?post=188096"},{"taxonomy":"product_cat","embeddable":true,"href":"https:\/\/hobby4geek.com\/de\/wp-json\/wp\/v2\/product_cat?post=188096"},{"taxonomy":"product_tag","embeddable":true,"href":"https:\/\/hobby4geek.com\/de\/wp-json\/wp\/v2\/product_tag?post=188096"},{"taxonomy":"giftcard-category","embeddable":true,"href":"https:\/\/hobby4geek.com\/de\/wp-json\/wp\/v2\/giftcard-category?post=188096"}],"curies":[{"name":"wp","href":"https:\/\/api.w.org\/{rel}","templated":true}]}}