{"id":188049,"date":"2023-04-22T16:49:33","date_gmt":"2023-04-22T15:49:33","guid":{"rendered":"https:\/\/hobby4geek.com\/?post_type=product&#038;p=188049"},"modified":"2024-05-12T13:03:39","modified_gmt":"2024-05-12T12:03:39","slug":"transformers-rise-of-the-beasts-voyager-class-optimus-prime","status":"publish","type":"product","link":"https:\/\/hobby4geek.com\/de\/produkt\/transformers-rise-of-the-beasts-voyager-class-optimus-prime\/","title":{"rendered":"Transformers: Rise of the Beasts - Voyager-Klasse - Optimus Prime"},"content":{"rendered":"<p>Stell dir vor, du st\u00fcrzt dich als deine Lieblingscharaktere aus Transformers: Rise of the Beasts in die Schlacht - mit dieser Actionfigur der Voyager-Klasse Optimus Prime.<\/p>\n<p>Der Kampf auf der Erde findet nicht mehr zwischen den heldenhaften Autobots und den b\u00f6sen Decepticons statt. Transformers: Rise of the Beasts f\u00fchrt mysteri\u00f6se Fraktionen ein, die Maximals, die Predacons und die Terrorcons, in einem epischen 90er-Jahre-Weltreiseabenteuer.<\/p>\n<ul>\n<li>Abmessungen: 15 cm<\/li>\n<li>Konvertiert in 20 Schritten<\/li>\n<li>Blaster-Zubeh\u00f6r<\/li>\n<\/ul>","protected":false},"excerpt":{"rendered":"<ul>\n<li>Abmessungen: 15 cm<\/li>\n<li>Konvertiert in 20 Schritten<\/li>\n<li>Blaster-Zubeh\u00f6r<\/li>\n<\/ul>","protected":false},"featured_media":188050,"comment_status":"open","ping_status":"closed","template":"","meta":{"inline_featured_image":false},"product_brand":[],"product_cat":[1955,68,69],"product_tag":[1759,335,234,1956,1860,1975,204,2227,1910],"giftcard-category":[],"class_list":{"0":"post-188049","1":"product","2":"type-product","3":"status-publish","4":"has-post-thumbnail","6":"product_cat-transformers","7":"product_cat-hasbro","8":"product_cat-takara-tomy","9":"product_tag-action-toys","10":"product_tag-hasbro","11":"product_tag-optimus-prime","12":"product_tag-rise-of-the-beasts","13":"product_tag-takaratomy","14":"product_tag-toys-figures","15":"product_tag-transformers","16":"product_tag-transformers-rise-of-the-beasts","17":"product_tag-voyager-class","18":"product_shipping_class-light","20":"first","21":"outofstock","22":"taxable","23":"shipping-taxable","24":"purchasable","25":"product-type-simple","26":"add-to-wishlist-after_add_to_cart"},"yoast_head":"<!-- This site is optimized with the Yoast SEO Premium plugin v25.3.1 (Yoast SEO v27.2) - https:\/\/yoast.com\/product\/yoast-seo-premium-wordpress\/ -->\n<title>Transformers: Rise of the Beasts - Voyager Class - Optimus Prime<\/title>\n<meta name=\"robots\" content=\"index, follow, max-snippet:-1, max-image-preview:large, max-video-preview:-1\" \/>\n<link rel=\"canonical\" href=\"https:\/\/hobby4geek.com\/de\/produkt\/transformers-rise-of-the-beasts-voyager-class-optimus-prime\/\" \/>\n<meta property=\"og:locale\" content=\"de_DE\" \/>\n<meta property=\"og:type\" content=\"article\" \/>\n<meta property=\"og:title\" content=\"Transformers: Rise of the Beasts - Voyager Class - Optimus Prime\" \/>\n<meta property=\"og:description\" content=\"Dimensions: 15 cm  Converts in 20 steps  Blaster accessory\" \/>\n<meta property=\"og:url\" content=\"https:\/\/hobby4geek.com\/de\/produkt\/transformers-rise-of-the-beasts-voyager-class-optimus-prime\/\" \/>\n<meta property=\"og:site_name\" content=\"Hobby4Geek\" \/>\n<meta property=\"article:publisher\" content=\"https:\/\/www.facebook.com\/hobby4geek\" \/>\n<meta property=\"article:modified_time\" content=\"2024-05-12T12:03:39+00:00\" \/>\n<meta property=\"og:image\" content=\"https:\/\/hobby4geek.com\/wp-content\/uploads\/2023\/04\/transformers-rise-of-the-beasts-voyager-class-optimus-prime.webp\" \/>\n\t<meta property=\"og:image:width\" content=\"1000\" \/>\n\t<meta property=\"og:image:height\" content=\"1000\" \/>\n\t<meta property=\"og:image:type\" content=\"image\/webp\" \/>\n<meta name=\"twitter:card\" content=\"summary_large_image\" \/>\n<meta name=\"twitter:site\" content=\"@hobby4geek\" \/>\n<script type=\"application\/ld+json\" class=\"yoast-schema-graph\">{\"@context\":\"https:\/\/schema.org\",\"@graph\":[{\"@type\":\"WebPage\",\"@id\":\"https:\/\/hobby4geek.com\/fr\/produit\/transformers-rise-of-the-beasts-voyager-class-optimus-prime\/\",\"url\":\"https:\/\/hobby4geek.com\/fr\/produit\/transformers-rise-of-the-beasts-voyager-class-optimus-prime\/\",\"name\":\"Transformers: Rise of the Beasts - Voyager Class - Optimus Prime\",\"isPartOf\":{\"@id\":\"https:\/\/hobby4geek.com\/#website\"},\"primaryImageOfPage\":{\"@id\":\"https:\/\/hobby4geek.com\/fr\/produit\/transformers-rise-of-the-beasts-voyager-class-optimus-prime\/#primaryimage\"},\"image\":{\"@id\":\"https:\/\/hobby4geek.com\/fr\/produit\/transformers-rise-of-the-beasts-voyager-class-optimus-prime\/#primaryimage\"},\"thumbnailUrl\":\"https:\/\/hobby4geek.com\/wp-content\/uploads\/2023\/04\/transformers-rise-of-the-beasts-voyager-class-optimus-prime.webp\",\"datePublished\":\"2023-04-22T15:49:33+00:00\",\"dateModified\":\"2024-05-12T12:03:39+00:00\",\"breadcrumb\":{\"@id\":\"https:\/\/hobby4geek.com\/fr\/produit\/transformers-rise-of-the-beasts-voyager-class-optimus-prime\/#breadcrumb\"},\"inLanguage\":\"de\",\"potentialAction\":[{\"@type\":\"ReadAction\",\"target\":[\"https:\/\/hobby4geek.com\/fr\/produit\/transformers-rise-of-the-beasts-voyager-class-optimus-prime\/\"]}]},{\"@type\":\"ImageObject\",\"inLanguage\":\"de\",\"@id\":\"https:\/\/hobby4geek.com\/fr\/produit\/transformers-rise-of-the-beasts-voyager-class-optimus-prime\/#primaryimage\",\"url\":\"https:\/\/hobby4geek.com\/wp-content\/uploads\/2023\/04\/transformers-rise-of-the-beasts-voyager-class-optimus-prime.webp\",\"contentUrl\":\"https:\/\/hobby4geek.com\/wp-content\/uploads\/2023\/04\/transformers-rise-of-the-beasts-voyager-class-optimus-prime.webp\",\"width\":1000,\"height\":1000},{\"@type\":\"BreadcrumbList\",\"@id\":\"https:\/\/hobby4geek.com\/fr\/produit\/transformers-rise-of-the-beasts-voyager-class-optimus-prime\/#breadcrumb\",\"itemListElement\":[{\"@type\":\"ListItem\",\"position\":1,\"name\":\"Home\",\"item\":\"https:\/\/hobby4geek.com\/\"},{\"@type\":\"ListItem\",\"position\":2,\"name\":\"Shop\",\"item\":\"https:\/\/hobby4geek.com\/shop\/\"},{\"@type\":\"ListItem\",\"position\":3,\"name\":\"Transformers: Rise of the Beasts &#8211; Voyager Class &#8211; Optimus Prime\"}]},{\"@type\":\"WebSite\",\"@id\":\"https:\/\/hobby4geek.com\/#website\",\"url\":\"https:\/\/hobby4geek.com\/\",\"name\":\"Hobby4Geek\",\"description\":\"Collect, Play &amp; Showcase, Embrace your Geekiness\",\"publisher\":{\"@id\":\"https:\/\/hobby4geek.com\/#organization\"},\"potentialAction\":[{\"@type\":\"SearchAction\",\"target\":{\"@type\":\"EntryPoint\",\"urlTemplate\":\"https:\/\/hobby4geek.com\/?s={search_term_string}\"},\"query-input\":{\"@type\":\"PropertyValueSpecification\",\"valueRequired\":true,\"valueName\":\"search_term_string\"}}],\"inLanguage\":\"de\"},{\"@type\":\"Organization\",\"@id\":\"https:\/\/hobby4geek.com\/#organization\",\"name\":\"Hobby4Geek\",\"url\":\"https:\/\/hobby4geek.com\/\",\"logo\":{\"@type\":\"ImageObject\",\"inLanguage\":\"de\",\"@id\":\"https:\/\/hobby4geek.com\/#\/schema\/logo\/image\/\",\"url\":\"https:\/\/hobby4geek.com\/wp-content\/uploads\/2023\/02\/default-kit.png\",\"contentUrl\":\"https:\/\/hobby4geek.com\/wp-content\/uploads\/2023\/02\/default-kit.png\",\"width\":600,\"height\":600,\"caption\":\"Hobby4Geek\"},\"image\":{\"@id\":\"https:\/\/hobby4geek.com\/#\/schema\/logo\/image\/\"},\"sameAs\":[\"https:\/\/www.facebook.com\/hobby4geek\",\"https:\/\/x.com\/hobby4geek\",\"https:\/\/www.instagram.com\/hobby4geek\/\"]}]}<\/script>\n<meta property=\"product:brand\" content=\"Transformers\" \/>\n<meta property=\"product:price:amount\" content=\"39.80\" \/>\n<meta property=\"product:price:currency\" content=\"EUR\" \/>\n<meta property=\"og:availability\" content=\"out of stock\" \/>\n<meta property=\"product:availability\" content=\"out of stock\" \/>\n<meta property=\"product:retailer_item_id\" content=\"5010993982622\" \/>\n<meta property=\"product:condition\" content=\"new\" \/>\n<!-- \/ Yoast SEO Premium plugin. -->","yoast_head_json":{"title":"Transformers: Rise of the Beasts - Voyager-Klasse - Optimus Prime","robots":{"index":"index","follow":"follow","max-snippet":"max-snippet:-1","max-image-preview":"max-image-preview:large","max-video-preview":"max-video-preview:-1"},"canonical":"https:\/\/hobby4geek.com\/de\/produkt\/transformers-rise-of-the-beasts-voyager-class-optimus-prime\/","og_locale":"de_DE","og_type":"article","og_title":"Transformers: Rise of the Beasts - Voyager Class - Optimus Prime","og_description":"Dimensions: 15 cm  Converts in 20 steps  Blaster accessory","og_url":"https:\/\/hobby4geek.com\/de\/produkt\/transformers-rise-of-the-beasts-voyager-class-optimus-prime\/","og_site_name":"Hobby4Geek","article_publisher":"https:\/\/www.facebook.com\/hobby4geek","article_modified_time":"2024-05-12T12:03:39+00:00","og_image":[{"width":1000,"height":1000,"url":"https:\/\/hobby4geek.com\/wp-content\/uploads\/2023\/04\/transformers-rise-of-the-beasts-voyager-class-optimus-prime.webp","type":"image\/webp"}],"twitter_card":"summary_large_image","twitter_site":"@hobby4geek","schema":{"@context":"https:\/\/schema.org","@graph":[{"@type":"WebPage","@id":"https:\/\/hobby4geek.com\/fr\/produit\/transformers-rise-of-the-beasts-voyager-class-optimus-prime\/","url":"https:\/\/hobby4geek.com\/fr\/produit\/transformers-rise-of-the-beasts-voyager-class-optimus-prime\/","name":"Transformers: Rise of the Beasts - Voyager-Klasse - Optimus Prime","isPartOf":{"@id":"https:\/\/hobby4geek.com\/#website"},"primaryImageOfPage":{"@id":"https:\/\/hobby4geek.com\/fr\/produit\/transformers-rise-of-the-beasts-voyager-class-optimus-prime\/#primaryimage"},"image":{"@id":"https:\/\/hobby4geek.com\/fr\/produit\/transformers-rise-of-the-beasts-voyager-class-optimus-prime\/#primaryimage"},"thumbnailUrl":"https:\/\/hobby4geek.com\/wp-content\/uploads\/2023\/04\/transformers-rise-of-the-beasts-voyager-class-optimus-prime.webp","datePublished":"2023-04-22T15:49:33+00:00","dateModified":"2024-05-12T12:03:39+00:00","breadcrumb":{"@id":"https:\/\/hobby4geek.com\/fr\/produit\/transformers-rise-of-the-beasts-voyager-class-optimus-prime\/#breadcrumb"},"inLanguage":"de","potentialAction":[{"@type":"ReadAction","target":["https:\/\/hobby4geek.com\/fr\/produit\/transformers-rise-of-the-beasts-voyager-class-optimus-prime\/"]}]},{"@type":"ImageObject","inLanguage":"de","@id":"https:\/\/hobby4geek.com\/fr\/produit\/transformers-rise-of-the-beasts-voyager-class-optimus-prime\/#primaryimage","url":"https:\/\/hobby4geek.com\/wp-content\/uploads\/2023\/04\/transformers-rise-of-the-beasts-voyager-class-optimus-prime.webp","contentUrl":"https:\/\/hobby4geek.com\/wp-content\/uploads\/2023\/04\/transformers-rise-of-the-beasts-voyager-class-optimus-prime.webp","width":1000,"height":1000},{"@type":"BreadcrumbList","@id":"https:\/\/hobby4geek.com\/fr\/produit\/transformers-rise-of-the-beasts-voyager-class-optimus-prime\/#breadcrumb","itemListElement":[{"@type":"ListItem","position":1,"name":"Home","item":"https:\/\/hobby4geek.com\/"},{"@type":"ListItem","position":2,"name":"Shop","item":"https:\/\/hobby4geek.com\/shop\/"},{"@type":"ListItem","position":3,"name":"Transformers: Rise of the Beasts &#8211; Voyager Class &#8211; Optimus Prime"}]},{"@type":"WebSite","@id":"https:\/\/hobby4geek.com\/#website","url":"https:\/\/hobby4geek.com\/","name":"Hobby4Geek","description":"Sammeln, Spielen &amp; Pr\u00e4sentieren, Umarmung der Geekiness","publisher":{"@id":"https:\/\/hobby4geek.com\/#organization"},"potentialAction":[{"@type":"SearchAction","target":{"@type":"EntryPoint","urlTemplate":"https:\/\/hobby4geek.com\/?s={search_term_string}"},"query-input":{"@type":"PropertyValueSpecification","valueRequired":true,"valueName":"search_term_string"}}],"inLanguage":"de"},{"@type":"Organization","@id":"https:\/\/hobby4geek.com\/#organization","name":"Hobby4Geek","url":"https:\/\/hobby4geek.com\/","logo":{"@type":"ImageObject","inLanguage":"de","@id":"https:\/\/hobby4geek.com\/#\/schema\/logo\/image\/","url":"https:\/\/hobby4geek.com\/wp-content\/uploads\/2023\/02\/default-kit.png","contentUrl":"https:\/\/hobby4geek.com\/wp-content\/uploads\/2023\/02\/default-kit.png","width":600,"height":600,"caption":"Hobby4Geek"},"image":{"@id":"https:\/\/hobby4geek.com\/#\/schema\/logo\/image\/"},"sameAs":["https:\/\/www.facebook.com\/hobby4geek","https:\/\/x.com\/hobby4geek","https:\/\/www.instagram.com\/hobby4geek\/"]}]},"product_brand":"Transformers","product_price_amount":"39.80","product_price_currency":"EUR","og_availability":"out of stock","product_availability":"out of stock","product_retailer_item_id":"5010993982622","product_condition":"new"},"_links":{"self":[{"href":"https:\/\/hobby4geek.com\/de\/wp-json\/wp\/v2\/product\/188049","targetHints":{"allow":["GET"]}}],"collection":[{"href":"https:\/\/hobby4geek.com\/de\/wp-json\/wp\/v2\/product"}],"about":[{"href":"https:\/\/hobby4geek.com\/de\/wp-json\/wp\/v2\/types\/product"}],"replies":[{"embeddable":true,"href":"https:\/\/hobby4geek.com\/de\/wp-json\/wp\/v2\/comments?post=188049"}],"version-history":[{"count":0,"href":"https:\/\/hobby4geek.com\/de\/wp-json\/wp\/v2\/product\/188049\/revisions"}],"wp:featuredmedia":[{"embeddable":true,"href":"https:\/\/hobby4geek.com\/de\/wp-json\/wp\/v2\/media\/188050"}],"wp:attachment":[{"href":"https:\/\/hobby4geek.com\/de\/wp-json\/wp\/v2\/media?parent=188049"}],"wp:term":[{"taxonomy":"product_brand","embeddable":true,"href":"https:\/\/hobby4geek.com\/de\/wp-json\/wp\/v2\/product_brand?post=188049"},{"taxonomy":"product_cat","embeddable":true,"href":"https:\/\/hobby4geek.com\/de\/wp-json\/wp\/v2\/product_cat?post=188049"},{"taxonomy":"product_tag","embeddable":true,"href":"https:\/\/hobby4geek.com\/de\/wp-json\/wp\/v2\/product_tag?post=188049"},{"taxonomy":"giftcard-category","embeddable":true,"href":"https:\/\/hobby4geek.com\/de\/wp-json\/wp\/v2\/giftcard-category?post=188049"}],"curies":[{"name":"wp","href":"https:\/\/api.w.org\/{rel}","templated":true}]}}