{"id":187981,"date":"2023-04-20T16:51:29","date_gmt":"2023-04-20T15:51:29","guid":{"rendered":"https:\/\/hobby4geek.com\/?post_type=product&#038;p=187981"},"modified":"2024-05-12T13:08:26","modified_gmt":"2024-05-12T12:08:26","slug":"transformers-legacy-evolution-voyager-class-nemesis-leo-prime","status":"publish","type":"product","link":"https:\/\/hobby4geek.com\/de\/produkt\/transformers-legacy-evolution-voyager-class-nemesis-leo-prime\/","title":{"rendered":"Transformers Legacy Evolution - Voyager-Klasse - Nemesis Leo Prime"},"content":{"rendered":"<p>Der Kampf entwickelt sich weiter mit der Transformers Legacy Evolution Nemesis Leo Prime Actionfigur! Nemesis Leo Prime hat eine starke Arroganz, die sein Ziel vorantreibt, die Maximals durch Duplikate zu ersetzen, die er befehligen kann. Die Transformers-Spielzeuge sind mit der Evo-Fusion-Technologie aufger\u00fcstet! Erlebe die Evolution und klappe die Klauenklingen aus beiden L\u00f6wentatzen aus, um dich auf den Kampf vorzubereiten!<\/p>\n<p>Feiern Sie die letzten 40 Jahre der Transformers-Geschichte mit den Transformers Legacy-Actionfiguren f\u00fcr Jungen und M\u00e4dchen. Transformers Legacy \u00f6ffnet das Tor zu einem ganz neuen Universum von - More Than Meets the Eye - und bringt jede Generation von Transformers zusammen, wie du es noch nie zuvor gesehen hast. Sammle und kombiniere verschiedene Figuren, um deine ideale Legacy-Besetzung zusammenzustellen.<\/p>\n<ul>\n<li>18 cm<\/li>\n<li>Umwandlung in 35 Schritten<\/li>\n<li>4 Raketensprenger<\/li>\n<li>Vollst\u00e4ndig gelenkig<\/li>\n<li>Hergestellt aus Kunststoff<\/li>\n<\/ul>","protected":false},"excerpt":{"rendered":"<ul>\n<li>18 cm<\/li>\n<li>Umwandlung in 35 Schritten<\/li>\n<li>4 Raketensprenger<\/li>\n<li>Vollst\u00e4ndig gelenkig<\/li>\n<li>Hergestellt aus Kunststoff<\/li>\n<\/ul>","protected":false},"featured_media":187982,"comment_status":"open","ping_status":"closed","template":"","meta":{"inline_featured_image":false},"product_brand":[],"product_cat":[68,69,1955,1960],"product_tag":[1759,335,2107,2137,1860,1975,204,1910],"giftcard-category":[],"class_list":{"0":"post-187981","1":"product","2":"type-product","3":"status-publish","4":"has-post-thumbnail","6":"product_cat-hasbro","7":"product_cat-takara-tomy","8":"product_cat-transformers","9":"product_cat-transformers-generations","10":"product_tag-action-toys","11":"product_tag-hasbro","12":"product_tag-legacy-evolution","13":"product_tag-nemesis-leo-prime","14":"product_tag-takaratomy","15":"product_tag-toys-figures","16":"product_tag-transformers","17":"product_tag-voyager-class","18":"product_shipping_class-light","20":"first","21":"outofstock","22":"taxable","23":"shipping-taxable","24":"purchasable","25":"product-type-simple","26":"add-to-wishlist-after_add_to_cart"},"yoast_head":"<!-- This site is optimized with the Yoast SEO Premium plugin v25.3.1 (Yoast SEO v27.4) - https:\/\/yoast.com\/product\/yoast-seo-premium-wordpress\/ -->\n<title>Transformers Legacy Evolution - Voyager Class - Nemesis Leo Prime<\/title>\n<meta name=\"robots\" content=\"index, follow, max-snippet:-1, max-image-preview:large, max-video-preview:-1\" \/>\n<link rel=\"canonical\" href=\"https:\/\/hobby4geek.com\/de\/produkt\/transformers-legacy-evolution-voyager-class-nemesis-leo-prime\/\" \/>\n<meta property=\"og:locale\" content=\"de_DE\" \/>\n<meta property=\"og:type\" content=\"article\" \/>\n<meta property=\"og:title\" content=\"Transformers Legacy Evolution - Voyager Class - Nemesis Leo Prime\" \/>\n<meta property=\"og:description\" content=\"18 cm  Transform in 35 steps  4 missile blaster  Fully articulated  Made of plastic\" \/>\n<meta property=\"og:url\" content=\"https:\/\/hobby4geek.com\/de\/produkt\/transformers-legacy-evolution-voyager-class-nemesis-leo-prime\/\" \/>\n<meta property=\"og:site_name\" content=\"Hobby4Geek\" \/>\n<meta property=\"article:publisher\" content=\"https:\/\/www.facebook.com\/hobby4geek\" \/>\n<meta property=\"article:modified_time\" content=\"2024-05-12T12:08:26+00:00\" \/>\n<meta property=\"og:image\" content=\"https:\/\/hobby4geek.com\/wp-content\/uploads\/2023\/04\/transformers-legacy-evolution-voyager-class-nemesis-leo-prime.webp\" \/>\n\t<meta property=\"og:image:width\" content=\"2000\" \/>\n\t<meta property=\"og:image:height\" content=\"2000\" \/>\n\t<meta property=\"og:image:type\" content=\"image\/webp\" \/>\n<meta name=\"twitter:card\" content=\"summary_large_image\" \/>\n<meta name=\"twitter:site\" content=\"@hobby4geek\" \/>\n<script type=\"application\/ld+json\" class=\"yoast-schema-graph\">{\"@context\":\"https:\\\/\\\/schema.org\",\"@graph\":[{\"@type\":\"WebPage\",\"@id\":\"https:\\\/\\\/hobby4geek.com\\\/nl\\\/product\\\/transformers-legacy-evolution-voyager-class-nemesis-leo-prime\\\/\",\"url\":\"https:\\\/\\\/hobby4geek.com\\\/nl\\\/product\\\/transformers-legacy-evolution-voyager-class-nemesis-leo-prime\\\/\",\"name\":\"Transformers Legacy Evolution - Voyager Class - Nemesis Leo Prime\",\"isPartOf\":{\"@id\":\"https:\\\/\\\/hobby4geek.com\\\/#website\"},\"primaryImageOfPage\":{\"@id\":\"https:\\\/\\\/hobby4geek.com\\\/nl\\\/product\\\/transformers-legacy-evolution-voyager-class-nemesis-leo-prime\\\/#primaryimage\"},\"image\":{\"@id\":\"https:\\\/\\\/hobby4geek.com\\\/nl\\\/product\\\/transformers-legacy-evolution-voyager-class-nemesis-leo-prime\\\/#primaryimage\"},\"thumbnailUrl\":\"https:\\\/\\\/hobby4geek.com\\\/wp-content\\\/uploads\\\/2023\\\/04\\\/transformers-legacy-evolution-voyager-class-nemesis-leo-prime.webp\",\"datePublished\":\"2023-04-20T15:51:29+00:00\",\"dateModified\":\"2024-05-12T12:08:26+00:00\",\"breadcrumb\":{\"@id\":\"https:\\\/\\\/hobby4geek.com\\\/nl\\\/product\\\/transformers-legacy-evolution-voyager-class-nemesis-leo-prime\\\/#breadcrumb\"},\"inLanguage\":\"de\",\"potentialAction\":[{\"@type\":\"ReadAction\",\"target\":[\"https:\\\/\\\/hobby4geek.com\\\/nl\\\/product\\\/transformers-legacy-evolution-voyager-class-nemesis-leo-prime\\\/\"]}]},{\"@type\":\"ImageObject\",\"inLanguage\":\"de\",\"@id\":\"https:\\\/\\\/hobby4geek.com\\\/nl\\\/product\\\/transformers-legacy-evolution-voyager-class-nemesis-leo-prime\\\/#primaryimage\",\"url\":\"https:\\\/\\\/hobby4geek.com\\\/wp-content\\\/uploads\\\/2023\\\/04\\\/transformers-legacy-evolution-voyager-class-nemesis-leo-prime.webp\",\"contentUrl\":\"https:\\\/\\\/hobby4geek.com\\\/wp-content\\\/uploads\\\/2023\\\/04\\\/transformers-legacy-evolution-voyager-class-nemesis-leo-prime.webp\",\"width\":2000,\"height\":2000},{\"@type\":\"BreadcrumbList\",\"@id\":\"https:\\\/\\\/hobby4geek.com\\\/nl\\\/product\\\/transformers-legacy-evolution-voyager-class-nemesis-leo-prime\\\/#breadcrumb\",\"itemListElement\":[{\"@type\":\"ListItem\",\"position\":1,\"name\":\"Home\",\"item\":\"https:\\\/\\\/hobby4geek.com\\\/\"},{\"@type\":\"ListItem\",\"position\":2,\"name\":\"Shop\",\"item\":\"https:\\\/\\\/hobby4geek.com\\\/shop\\\/\"},{\"@type\":\"ListItem\",\"position\":3,\"name\":\"Transformers Legacy Evolution &#8211; Voyager Class &#8211; Nemesis Leo Prime\"}]},{\"@type\":\"WebSite\",\"@id\":\"https:\\\/\\\/hobby4geek.com\\\/#website\",\"url\":\"https:\\\/\\\/hobby4geek.com\\\/\",\"name\":\"Hobby4Geek\",\"description\":\"Collect, Play &amp; Showcase, Embrace your Geekiness\",\"publisher\":{\"@id\":\"https:\\\/\\\/hobby4geek.com\\\/#organization\"},\"potentialAction\":[{\"@type\":\"SearchAction\",\"target\":{\"@type\":\"EntryPoint\",\"urlTemplate\":\"https:\\\/\\\/hobby4geek.com\\\/?s={search_term_string}\"},\"query-input\":{\"@type\":\"PropertyValueSpecification\",\"valueRequired\":true,\"valueName\":\"search_term_string\"}}],\"inLanguage\":\"de\"},{\"@type\":\"Organization\",\"@id\":\"https:\\\/\\\/hobby4geek.com\\\/#organization\",\"name\":\"Hobby4Geek\",\"url\":\"https:\\\/\\\/hobby4geek.com\\\/\",\"logo\":{\"@type\":\"ImageObject\",\"inLanguage\":\"de\",\"@id\":\"https:\\\/\\\/hobby4geek.com\\\/#\\\/schema\\\/logo\\\/image\\\/\",\"url\":\"https:\\\/\\\/hobby4geek.com\\\/wp-content\\\/uploads\\\/2023\\\/02\\\/default-kit.png\",\"contentUrl\":\"https:\\\/\\\/hobby4geek.com\\\/wp-content\\\/uploads\\\/2023\\\/02\\\/default-kit.png\",\"width\":600,\"height\":600,\"caption\":\"Hobby4Geek\"},\"image\":{\"@id\":\"https:\\\/\\\/hobby4geek.com\\\/#\\\/schema\\\/logo\\\/image\\\/\"},\"sameAs\":[\"https:\\\/\\\/www.facebook.com\\\/hobby4geek\",\"https:\\\/\\\/x.com\\\/hobby4geek\",\"https:\\\/\\\/www.instagram.com\\\/hobby4geek\\\/\"]}]}<\/script>\n<meta property=\"product:brand\" content=\"Hasbro\" \/>\n<meta property=\"product:price:amount\" content=\"38.84\" \/>\n<meta property=\"product:price:currency\" content=\"EUR\" \/>\n<meta property=\"og:availability\" content=\"out of stock\" \/>\n<meta property=\"product:availability\" content=\"out of stock\" \/>\n<meta property=\"product:retailer_item_id\" content=\"5010996149657\" \/>\n<meta property=\"product:condition\" content=\"new\" \/>\n<!-- \/ Yoast SEO Premium plugin. -->","yoast_head_json":{"title":"Transformers Legacy Evolution - Voyager-Klasse - Nemesis Leo Prime","robots":{"index":"index","follow":"follow","max-snippet":"max-snippet:-1","max-image-preview":"max-image-preview:large","max-video-preview":"max-video-preview:-1"},"canonical":"https:\/\/hobby4geek.com\/de\/produkt\/transformers-legacy-evolution-voyager-class-nemesis-leo-prime\/","og_locale":"de_DE","og_type":"article","og_title":"Transformers Legacy Evolution - Voyager Class - Nemesis Leo Prime","og_description":"18 cm  Transform in 35 steps  4 missile blaster  Fully articulated  Made of plastic","og_url":"https:\/\/hobby4geek.com\/de\/produkt\/transformers-legacy-evolution-voyager-class-nemesis-leo-prime\/","og_site_name":"Hobby4Geek","article_publisher":"https:\/\/www.facebook.com\/hobby4geek","article_modified_time":"2024-05-12T12:08:26+00:00","og_image":[{"width":2000,"height":2000,"url":"https:\/\/hobby4geek.com\/wp-content\/uploads\/2023\/04\/transformers-legacy-evolution-voyager-class-nemesis-leo-prime.webp","type":"image\/webp"}],"twitter_card":"summary_large_image","twitter_site":"@hobby4geek","schema":{"@context":"https:\/\/schema.org","@graph":[{"@type":"WebPage","@id":"https:\/\/hobby4geek.com\/nl\/product\/transformers-legacy-evolution-voyager-class-nemesis-leo-prime\/","url":"https:\/\/hobby4geek.com\/nl\/product\/transformers-legacy-evolution-voyager-class-nemesis-leo-prime\/","name":"Transformers Legacy Evolution - Voyager-Klasse - Nemesis Leo Prime","isPartOf":{"@id":"https:\/\/hobby4geek.com\/#website"},"primaryImageOfPage":{"@id":"https:\/\/hobby4geek.com\/nl\/product\/transformers-legacy-evolution-voyager-class-nemesis-leo-prime\/#primaryimage"},"image":{"@id":"https:\/\/hobby4geek.com\/nl\/product\/transformers-legacy-evolution-voyager-class-nemesis-leo-prime\/#primaryimage"},"thumbnailUrl":"https:\/\/hobby4geek.com\/wp-content\/uploads\/2023\/04\/transformers-legacy-evolution-voyager-class-nemesis-leo-prime.webp","datePublished":"2023-04-20T15:51:29+00:00","dateModified":"2024-05-12T12:08:26+00:00","breadcrumb":{"@id":"https:\/\/hobby4geek.com\/nl\/product\/transformers-legacy-evolution-voyager-class-nemesis-leo-prime\/#breadcrumb"},"inLanguage":"de","potentialAction":[{"@type":"ReadAction","target":["https:\/\/hobby4geek.com\/nl\/product\/transformers-legacy-evolution-voyager-class-nemesis-leo-prime\/"]}]},{"@type":"ImageObject","inLanguage":"de","@id":"https:\/\/hobby4geek.com\/nl\/product\/transformers-legacy-evolution-voyager-class-nemesis-leo-prime\/#primaryimage","url":"https:\/\/hobby4geek.com\/wp-content\/uploads\/2023\/04\/transformers-legacy-evolution-voyager-class-nemesis-leo-prime.webp","contentUrl":"https:\/\/hobby4geek.com\/wp-content\/uploads\/2023\/04\/transformers-legacy-evolution-voyager-class-nemesis-leo-prime.webp","width":2000,"height":2000},{"@type":"BreadcrumbList","@id":"https:\/\/hobby4geek.com\/nl\/product\/transformers-legacy-evolution-voyager-class-nemesis-leo-prime\/#breadcrumb","itemListElement":[{"@type":"ListItem","position":1,"name":"Home","item":"https:\/\/hobby4geek.com\/"},{"@type":"ListItem","position":2,"name":"Shop","item":"https:\/\/hobby4geek.com\/shop\/"},{"@type":"ListItem","position":3,"name":"Transformers Legacy Evolution &#8211; Voyager Class &#8211; Nemesis Leo Prime"}]},{"@type":"WebSite","@id":"https:\/\/hobby4geek.com\/#website","url":"https:\/\/hobby4geek.com\/","name":"Hobby4Geek","description":"Sammeln, Spielen &amp; Pr\u00e4sentieren, Umarmung der Geekiness","publisher":{"@id":"https:\/\/hobby4geek.com\/#organization"},"potentialAction":[{"@type":"SearchAction","target":{"@type":"EntryPoint","urlTemplate":"https:\/\/hobby4geek.com\/?s={search_term_string}"},"query-input":{"@type":"PropertyValueSpecification","valueRequired":true,"valueName":"search_term_string"}}],"inLanguage":"de"},{"@type":"Organization","@id":"https:\/\/hobby4geek.com\/#organization","name":"Hobby4Geek","url":"https:\/\/hobby4geek.com\/","logo":{"@type":"ImageObject","inLanguage":"de","@id":"https:\/\/hobby4geek.com\/#\/schema\/logo\/image\/","url":"https:\/\/hobby4geek.com\/wp-content\/uploads\/2023\/02\/default-kit.png","contentUrl":"https:\/\/hobby4geek.com\/wp-content\/uploads\/2023\/02\/default-kit.png","width":600,"height":600,"caption":"Hobby4Geek"},"image":{"@id":"https:\/\/hobby4geek.com\/#\/schema\/logo\/image\/"},"sameAs":["https:\/\/www.facebook.com\/hobby4geek","https:\/\/x.com\/hobby4geek","https:\/\/www.instagram.com\/hobby4geek\/"]}]},"product_brand":"Hasbro","product_price_amount":"38.84","product_price_currency":"EUR","og_availability":"out of stock","product_availability":"out of stock","product_retailer_item_id":"5010996149657","product_condition":"new"},"_links":{"self":[{"href":"https:\/\/hobby4geek.com\/de\/wp-json\/wp\/v2\/product\/187981","targetHints":{"allow":["GET"]}}],"collection":[{"href":"https:\/\/hobby4geek.com\/de\/wp-json\/wp\/v2\/product"}],"about":[{"href":"https:\/\/hobby4geek.com\/de\/wp-json\/wp\/v2\/types\/product"}],"replies":[{"embeddable":true,"href":"https:\/\/hobby4geek.com\/de\/wp-json\/wp\/v2\/comments?post=187981"}],"version-history":[{"count":0,"href":"https:\/\/hobby4geek.com\/de\/wp-json\/wp\/v2\/product\/187981\/revisions"}],"wp:featuredmedia":[{"embeddable":true,"href":"https:\/\/hobby4geek.com\/de\/wp-json\/wp\/v2\/media\/187982"}],"wp:attachment":[{"href":"https:\/\/hobby4geek.com\/de\/wp-json\/wp\/v2\/media?parent=187981"}],"wp:term":[{"taxonomy":"product_brand","embeddable":true,"href":"https:\/\/hobby4geek.com\/de\/wp-json\/wp\/v2\/product_brand?post=187981"},{"taxonomy":"product_cat","embeddable":true,"href":"https:\/\/hobby4geek.com\/de\/wp-json\/wp\/v2\/product_cat?post=187981"},{"taxonomy":"product_tag","embeddable":true,"href":"https:\/\/hobby4geek.com\/de\/wp-json\/wp\/v2\/product_tag?post=187981"},{"taxonomy":"giftcard-category","embeddable":true,"href":"https:\/\/hobby4geek.com\/de\/wp-json\/wp\/v2\/giftcard-category?post=187981"}],"curies":[{"name":"wp","href":"https:\/\/api.w.org\/{rel}","templated":true}]}}