{"id":187759,"date":"2023-04-17T17:47:50","date_gmt":"2023-04-17T16:47:50","guid":{"rendered":"https:\/\/hobby4geek.com\/?post_type=product&#038;p=187759"},"modified":"2025-02-18T18:53:04","modified_gmt":"2025-02-18T17:53:04","slug":"transformers-legacy-evolution-titan-class-guardian-robot-lunar-tread","status":"publish","type":"product","link":"https:\/\/hobby4geek.com\/de\/produkt\/transformers-legacy-evolution-titan-class-guardian-robot-lunar-tread\/","title":{"rendered":"Transformers Legacy Evolution - W\u00e4chterroboter der Titan-Klasse &amp; Mondlauffl\u00e4che"},"content":{"rendered":"<p>Fans k\u00f6nnen ihre Transformers-Figurensammlung mit den Transformers Generations Selects Guardian Robot und Lunar-Tread-Figuren auf die n\u00e4chste Stufe bringen! Diese auf Fans ausgerichtete Serie von Sammelfiguren f\u00fcr Erwachsene bietet Sondereditionen von beliebten Figuren, die nicht in der Hauptlinie zu finden sind.<\/p>\n<p>Die Transformers G1 Guardian Robot Figur kann vom Robotermodus in eine Rakete umgewandelt werden,<\/p>\n<p>Abschussrampe, Panzer und Sicherheitsmodus f\u00fcr den Umkreis. Die Micromaster Lunar-Tread-Figur l\u00e4sst sich in 3 Schritten vom Roboter- in den Rover-Modus verwandeln. Die Figur des Guardian-Roboters hat eine Dekoration, die von der ber\u00fchmten Episode \"War Dawn\" aus dem Zeichentrickfilm Transformers: Generation 1 inspiriert ist.<\/p>\n<ul>\n<li>60 cm<\/li>\n<li id=\"specs-altMode-data\">Alter Modus: Micromaster Lunar-Tread Konvertiert vom Robotermodus zum Rover<\/li>\n<li>G1 Guardian Roboter vom Roboter- zum Raketenmodus,<\/li>\n<li>Schaltet in 3 Schritten vom Roboter- in den Rover-Modus um.<\/li>\n<li>Andere abgebildete Figuren sind separat erh\u00e4ltlich<\/li>\n<li>Vollst\u00e4ndig gelenkig<\/li>\n<li>Hergestellt aus Kunststoff<\/li>\n<\/ul>\n<p><strong>Paketinhalt:<\/strong><\/p>\n<ul>\n<li>1 x Micromaster Mondsichel-Figur<\/li>\n<li>1 x W\u00e4chter-Roboter-Figur<\/li>\n<li>2 Figuren, 8 Zubeh\u00f6rteile und Anleitung.<\/li>\n<li>Eine Dekoration, inspiriert von der ber\u00fchmten Episode \"War Dawn\".<\/li>\n<\/ul>","protected":false},"excerpt":{"rendered":"<ul>\n<li>60 cm<\/li>\n<li id=\"specs-altMode-data\">Alter Modus: Micromaster Lunar-Tread Konvertiert vom Robotermodus zum Rover<\/li>\n<li>G1 Guardian Roboter vom Roboter- zum Raketenmodus,<\/li>\n<li>Schaltet in 3 Schritten vom Roboter- in den Rover-Modus um.<\/li>\n<li>Andere abgebildete Figuren sind separat erh\u00e4ltlich<\/li>\n<li>Vollst\u00e4ndig gelenkig<\/li>\n<li>Hergestellt aus Kunststoff<\/li>\n<\/ul>\n<p><strong>Paketinhalt:<\/strong><\/p>\n<ul>\n<li>1 x Micromaster Mondsichel-Figur<\/li>\n<li>1 x W\u00e4chter-Roboter-Figur<\/li>\n<li>2 Figuren, 8 Zubeh\u00f6rteile und Anleitung.<\/li>\n<li>Eine Dekoration, inspiriert von der ber\u00fchmten Episode \"War Dawn\".<\/li>\n<\/ul>","protected":false},"featured_media":187789,"comment_status":"open","ping_status":"closed","template":"","meta":{"inline_featured_image":false},"product_brand":[],"product_cat":[68,69,1955,1960],"product_tag":[1759,1774,2125,335,2107,1860,1975,204],"giftcard-category":[],"class_list":{"0":"post-187759","1":"product","2":"type-product","3":"status-publish","4":"has-post-thumbnail","6":"product_cat-hasbro","7":"product_cat-takara-tomy","8":"product_cat-transformers","9":"product_cat-transformers-generations","10":"product_tag-action-toys","11":"product_tag-g1-version","12":"product_tag-guardian-robot-lunar-tread","13":"product_tag-hasbro","14":"product_tag-legacy-evolution","15":"product_tag-takaratomy","16":"product_tag-toys-figures","17":"product_tag-transformers","18":"product_shipping_class-heavy","20":"first","21":"outofstock","22":"taxable","23":"shipping-taxable","24":"purchasable","25":"product-type-simple","26":"add-to-wishlist-after_add_to_cart"},"yoast_head":"<!-- This site is optimized with the Yoast SEO Premium plugin v25.3.1 (Yoast SEO v27.4) - https:\/\/yoast.com\/product\/yoast-seo-premium-wordpress\/ -->\n<title>Transformers Legacy Evolution - Titan Class Guardian Robot &amp; Lunar-Tread<\/title>\n<meta name=\"robots\" content=\"index, follow, max-snippet:-1, max-image-preview:large, max-video-preview:-1\" \/>\n<link rel=\"canonical\" href=\"https:\/\/hobby4geek.com\/de\/produkt\/transformers-legacy-evolution-titan-class-guardian-robot-lunar-tread\/\" \/>\n<meta property=\"og:locale\" content=\"de_DE\" \/>\n<meta property=\"og:type\" content=\"article\" \/>\n<meta property=\"og:title\" content=\"Transformers Legacy Evolution - Titan Class Guardian Robot &amp; Lunar-Tread\" \/>\n<meta property=\"og:description\" content=\"60 cm  Alt Mode: Micromaster Lunar-Tread\u00a0Converts from robot mode to rover  G1 Guardian Robot from robot mode to rocket modes,  Converts from robot mode to rover mode in 3 steps.  Other figures shown sold separately  Fully articulated  Made of plastic  Package Contents:   1 x \u00a0Micromaster Lunar-Tread\u00a0Figure  1 x Guardian Robot Figure  2 figures, 8 accessories and instructions.  A decoration inspired by the famous episode entitled \u201cWar Dawn\u201d\" \/>\n<meta property=\"og:url\" content=\"https:\/\/hobby4geek.com\/de\/produkt\/transformers-legacy-evolution-titan-class-guardian-robot-lunar-tread\/\" \/>\n<meta property=\"og:site_name\" content=\"Hobby4Geek\" \/>\n<meta property=\"article:publisher\" content=\"https:\/\/www.facebook.com\/hobby4geek\" \/>\n<meta property=\"article:modified_time\" content=\"2025-02-18T17:53:04+00:00\" \/>\n<meta property=\"og:image\" content=\"https:\/\/hobby4geek.com\/wp-content\/uploads\/2023\/04\/transformers-legacy-evolution-titan-class-guardian-robot-lunar-tread.webp\" \/>\n\t<meta property=\"og:image:width\" content=\"1500\" \/>\n\t<meta property=\"og:image:height\" content=\"1500\" \/>\n\t<meta property=\"og:image:type\" content=\"image\/webp\" \/>\n<meta name=\"twitter:card\" content=\"summary_large_image\" \/>\n<meta name=\"twitter:site\" content=\"@hobby4geek\" \/>\n<script type=\"application\/ld+json\" class=\"yoast-schema-graph\">{\"@context\":\"https:\\\/\\\/schema.org\",\"@graph\":[{\"@type\":\"WebPage\",\"@id\":\"https:\\\/\\\/hobby4geek.com\\\/product\\\/transformers-legacy-evolution-titan-class-guardian-robot-lunar-tread\\\/\",\"url\":\"https:\\\/\\\/hobby4geek.com\\\/product\\\/transformers-legacy-evolution-titan-class-guardian-robot-lunar-tread\\\/\",\"name\":\"Transformers Legacy Evolution - Titan Class Guardian Robot & Lunar-Tread\",\"isPartOf\":{\"@id\":\"https:\\\/\\\/hobby4geek.com\\\/#website\"},\"primaryImageOfPage\":{\"@id\":\"https:\\\/\\\/hobby4geek.com\\\/product\\\/transformers-legacy-evolution-titan-class-guardian-robot-lunar-tread\\\/#primaryimage\"},\"image\":{\"@id\":\"https:\\\/\\\/hobby4geek.com\\\/product\\\/transformers-legacy-evolution-titan-class-guardian-robot-lunar-tread\\\/#primaryimage\"},\"thumbnailUrl\":\"https:\\\/\\\/hobby4geek.com\\\/wp-content\\\/uploads\\\/2023\\\/04\\\/transformers-legacy-evolution-titan-class-guardian-robot-lunar-tread.webp\",\"datePublished\":\"2023-04-17T16:47:50+00:00\",\"dateModified\":\"2025-02-18T17:53:04+00:00\",\"breadcrumb\":{\"@id\":\"https:\\\/\\\/hobby4geek.com\\\/product\\\/transformers-legacy-evolution-titan-class-guardian-robot-lunar-tread\\\/#breadcrumb\"},\"inLanguage\":\"de\",\"potentialAction\":[{\"@type\":\"ReadAction\",\"target\":[\"https:\\\/\\\/hobby4geek.com\\\/product\\\/transformers-legacy-evolution-titan-class-guardian-robot-lunar-tread\\\/\"]}]},{\"@type\":\"ImageObject\",\"inLanguage\":\"de\",\"@id\":\"https:\\\/\\\/hobby4geek.com\\\/product\\\/transformers-legacy-evolution-titan-class-guardian-robot-lunar-tread\\\/#primaryimage\",\"url\":\"https:\\\/\\\/hobby4geek.com\\\/wp-content\\\/uploads\\\/2023\\\/04\\\/transformers-legacy-evolution-titan-class-guardian-robot-lunar-tread.webp\",\"contentUrl\":\"https:\\\/\\\/hobby4geek.com\\\/wp-content\\\/uploads\\\/2023\\\/04\\\/transformers-legacy-evolution-titan-class-guardian-robot-lunar-tread.webp\",\"width\":1500,\"height\":1500},{\"@type\":\"BreadcrumbList\",\"@id\":\"https:\\\/\\\/hobby4geek.com\\\/product\\\/transformers-legacy-evolution-titan-class-guardian-robot-lunar-tread\\\/#breadcrumb\",\"itemListElement\":[{\"@type\":\"ListItem\",\"position\":1,\"name\":\"Home\",\"item\":\"https:\\\/\\\/hobby4geek.com\\\/\"},{\"@type\":\"ListItem\",\"position\":2,\"name\":\"Shop\",\"item\":\"https:\\\/\\\/hobby4geek.com\\\/shop\\\/\"},{\"@type\":\"ListItem\",\"position\":3,\"name\":\"Transformers Legacy Evolution &#8211; Titan Class Guardian Robot &#038; Lunar-Tread\"}]},{\"@type\":\"WebSite\",\"@id\":\"https:\\\/\\\/hobby4geek.com\\\/#website\",\"url\":\"https:\\\/\\\/hobby4geek.com\\\/\",\"name\":\"Hobby4Geek\",\"description\":\"Collect, Play &amp; Showcase, Embrace your Geekiness\",\"publisher\":{\"@id\":\"https:\\\/\\\/hobby4geek.com\\\/#organization\"},\"potentialAction\":[{\"@type\":\"SearchAction\",\"target\":{\"@type\":\"EntryPoint\",\"urlTemplate\":\"https:\\\/\\\/hobby4geek.com\\\/?s={search_term_string}\"},\"query-input\":{\"@type\":\"PropertyValueSpecification\",\"valueRequired\":true,\"valueName\":\"search_term_string\"}}],\"inLanguage\":\"de\"},{\"@type\":\"Organization\",\"@id\":\"https:\\\/\\\/hobby4geek.com\\\/#organization\",\"name\":\"Hobby4Geek\",\"url\":\"https:\\\/\\\/hobby4geek.com\\\/\",\"logo\":{\"@type\":\"ImageObject\",\"inLanguage\":\"de\",\"@id\":\"https:\\\/\\\/hobby4geek.com\\\/#\\\/schema\\\/logo\\\/image\\\/\",\"url\":\"https:\\\/\\\/hobby4geek.com\\\/wp-content\\\/uploads\\\/2023\\\/02\\\/default-kit.png\",\"contentUrl\":\"https:\\\/\\\/hobby4geek.com\\\/wp-content\\\/uploads\\\/2023\\\/02\\\/default-kit.png\",\"width\":600,\"height\":600,\"caption\":\"Hobby4Geek\"},\"image\":{\"@id\":\"https:\\\/\\\/hobby4geek.com\\\/#\\\/schema\\\/logo\\\/image\\\/\"},\"sameAs\":[\"https:\\\/\\\/www.facebook.com\\\/hobby4geek\",\"https:\\\/\\\/x.com\\\/hobby4geek\",\"https:\\\/\\\/www.instagram.com\\\/hobby4geek\\\/\"]}]}<\/script>\n<meta property=\"product:brand\" content=\"Hasbro\" \/>\n<meta property=\"product:price:amount\" content=\"189.33\" \/>\n<meta property=\"product:price:currency\" content=\"EUR\" \/>\n<meta property=\"og:availability\" content=\"out of stock\" \/>\n<meta property=\"product:availability\" content=\"out of stock\" \/>\n<meta property=\"product:retailer_item_id\" content=\"5010996115188\" \/>\n<meta property=\"product:condition\" content=\"new\" \/>\n<!-- \/ Yoast SEO Premium plugin. -->","yoast_head_json":{"title":"Transformers Legacy Evolution - W\u00e4chterroboter der Titan-Klasse &amp; Mondlauffl\u00e4che","robots":{"index":"index","follow":"follow","max-snippet":"max-snippet:-1","max-image-preview":"max-image-preview:large","max-video-preview":"max-video-preview:-1"},"canonical":"https:\/\/hobby4geek.com\/de\/produkt\/transformers-legacy-evolution-titan-class-guardian-robot-lunar-tread\/","og_locale":"de_DE","og_type":"article","og_title":"Transformers Legacy Evolution - Titan Class Guardian Robot & Lunar-Tread","og_description":"60 cm  Alt Mode: Micromaster Lunar-Tread\u00a0Converts from robot mode to rover  G1 Guardian Robot from robot mode to rocket modes,  Converts from robot mode to rover mode in 3 steps.  Other figures shown sold separately  Fully articulated  Made of plastic  Package Contents:   1 x \u00a0Micromaster Lunar-Tread\u00a0Figure  1 x Guardian Robot Figure  2 figures, 8 accessories and instructions.  A decoration inspired by the famous episode entitled \u201cWar Dawn\u201d","og_url":"https:\/\/hobby4geek.com\/de\/produkt\/transformers-legacy-evolution-titan-class-guardian-robot-lunar-tread\/","og_site_name":"Hobby4Geek","article_publisher":"https:\/\/www.facebook.com\/hobby4geek","article_modified_time":"2025-02-18T17:53:04+00:00","og_image":[{"width":1500,"height":1500,"url":"https:\/\/hobby4geek.com\/wp-content\/uploads\/2023\/04\/transformers-legacy-evolution-titan-class-guardian-robot-lunar-tread.webp","type":"image\/webp"}],"twitter_card":"summary_large_image","twitter_site":"@hobby4geek","schema":{"@context":"https:\/\/schema.org","@graph":[{"@type":"WebPage","@id":"https:\/\/hobby4geek.com\/product\/transformers-legacy-evolution-titan-class-guardian-robot-lunar-tread\/","url":"https:\/\/hobby4geek.com\/product\/transformers-legacy-evolution-titan-class-guardian-robot-lunar-tread\/","name":"Transformers Legacy Evolution - W\u00e4chterroboter der Titan-Klasse &amp; Mondlauffl\u00e4che","isPartOf":{"@id":"https:\/\/hobby4geek.com\/#website"},"primaryImageOfPage":{"@id":"https:\/\/hobby4geek.com\/product\/transformers-legacy-evolution-titan-class-guardian-robot-lunar-tread\/#primaryimage"},"image":{"@id":"https:\/\/hobby4geek.com\/product\/transformers-legacy-evolution-titan-class-guardian-robot-lunar-tread\/#primaryimage"},"thumbnailUrl":"https:\/\/hobby4geek.com\/wp-content\/uploads\/2023\/04\/transformers-legacy-evolution-titan-class-guardian-robot-lunar-tread.webp","datePublished":"2023-04-17T16:47:50+00:00","dateModified":"2025-02-18T17:53:04+00:00","breadcrumb":{"@id":"https:\/\/hobby4geek.com\/product\/transformers-legacy-evolution-titan-class-guardian-robot-lunar-tread\/#breadcrumb"},"inLanguage":"de","potentialAction":[{"@type":"ReadAction","target":["https:\/\/hobby4geek.com\/product\/transformers-legacy-evolution-titan-class-guardian-robot-lunar-tread\/"]}]},{"@type":"ImageObject","inLanguage":"de","@id":"https:\/\/hobby4geek.com\/product\/transformers-legacy-evolution-titan-class-guardian-robot-lunar-tread\/#primaryimage","url":"https:\/\/hobby4geek.com\/wp-content\/uploads\/2023\/04\/transformers-legacy-evolution-titan-class-guardian-robot-lunar-tread.webp","contentUrl":"https:\/\/hobby4geek.com\/wp-content\/uploads\/2023\/04\/transformers-legacy-evolution-titan-class-guardian-robot-lunar-tread.webp","width":1500,"height":1500},{"@type":"BreadcrumbList","@id":"https:\/\/hobby4geek.com\/product\/transformers-legacy-evolution-titan-class-guardian-robot-lunar-tread\/#breadcrumb","itemListElement":[{"@type":"ListItem","position":1,"name":"Home","item":"https:\/\/hobby4geek.com\/"},{"@type":"ListItem","position":2,"name":"Shop","item":"https:\/\/hobby4geek.com\/shop\/"},{"@type":"ListItem","position":3,"name":"Transformers Legacy Evolution &#8211; Titan Class Guardian Robot &#038; Lunar-Tread"}]},{"@type":"WebSite","@id":"https:\/\/hobby4geek.com\/#website","url":"https:\/\/hobby4geek.com\/","name":"Hobby4Geek","description":"Sammeln, Spielen &amp; Pr\u00e4sentieren, Umarmung der Geekiness","publisher":{"@id":"https:\/\/hobby4geek.com\/#organization"},"potentialAction":[{"@type":"SearchAction","target":{"@type":"EntryPoint","urlTemplate":"https:\/\/hobby4geek.com\/?s={search_term_string}"},"query-input":{"@type":"PropertyValueSpecification","valueRequired":true,"valueName":"search_term_string"}}],"inLanguage":"de"},{"@type":"Organization","@id":"https:\/\/hobby4geek.com\/#organization","name":"Hobby4Geek","url":"https:\/\/hobby4geek.com\/","logo":{"@type":"ImageObject","inLanguage":"de","@id":"https:\/\/hobby4geek.com\/#\/schema\/logo\/image\/","url":"https:\/\/hobby4geek.com\/wp-content\/uploads\/2023\/02\/default-kit.png","contentUrl":"https:\/\/hobby4geek.com\/wp-content\/uploads\/2023\/02\/default-kit.png","width":600,"height":600,"caption":"Hobby4Geek"},"image":{"@id":"https:\/\/hobby4geek.com\/#\/schema\/logo\/image\/"},"sameAs":["https:\/\/www.facebook.com\/hobby4geek","https:\/\/x.com\/hobby4geek","https:\/\/www.instagram.com\/hobby4geek\/"]}]},"product_brand":"Hasbro","product_price_amount":"189.33","product_price_currency":"EUR","og_availability":"out of stock","product_availability":"out of stock","product_retailer_item_id":"5010996115188","product_condition":"new"},"_links":{"self":[{"href":"https:\/\/hobby4geek.com\/de\/wp-json\/wp\/v2\/product\/187759","targetHints":{"allow":["GET"]}}],"collection":[{"href":"https:\/\/hobby4geek.com\/de\/wp-json\/wp\/v2\/product"}],"about":[{"href":"https:\/\/hobby4geek.com\/de\/wp-json\/wp\/v2\/types\/product"}],"replies":[{"embeddable":true,"href":"https:\/\/hobby4geek.com\/de\/wp-json\/wp\/v2\/comments?post=187759"}],"version-history":[{"count":0,"href":"https:\/\/hobby4geek.com\/de\/wp-json\/wp\/v2\/product\/187759\/revisions"}],"wp:featuredmedia":[{"embeddable":true,"href":"https:\/\/hobby4geek.com\/de\/wp-json\/wp\/v2\/media\/187789"}],"wp:attachment":[{"href":"https:\/\/hobby4geek.com\/de\/wp-json\/wp\/v2\/media?parent=187759"}],"wp:term":[{"taxonomy":"product_brand","embeddable":true,"href":"https:\/\/hobby4geek.com\/de\/wp-json\/wp\/v2\/product_brand?post=187759"},{"taxonomy":"product_cat","embeddable":true,"href":"https:\/\/hobby4geek.com\/de\/wp-json\/wp\/v2\/product_cat?post=187759"},{"taxonomy":"product_tag","embeddable":true,"href":"https:\/\/hobby4geek.com\/de\/wp-json\/wp\/v2\/product_tag?post=187759"},{"taxonomy":"giftcard-category","embeddable":true,"href":"https:\/\/hobby4geek.com\/de\/wp-json\/wp\/v2\/giftcard-category?post=187759"}],"curies":[{"name":"wp","href":"https:\/\/api.w.org\/{rel}","templated":true}]}}