{"id":187667,"date":"2023-04-15T21:28:18","date_gmt":"2023-04-15T20:28:18","guid":{"rendered":"https:\/\/hobby4geek.com\/?post_type=product&#038;p=187667"},"modified":"2024-05-12T13:37:23","modified_gmt":"2024-05-12T12:37:23","slug":"transformers-legacy-evolution-thundercracker","status":"publish","type":"product","link":"https:\/\/hobby4geek.com\/de\/produkt\/transformers-legacy-evolution-thundercracker\/","title":{"rendered":"Transformers Legacy Evolution - Kernklasse Thundercracker"},"content":{"rendered":"<p>Der Kampf entwickelt sich weiter mit der Transformers Legacy Evolution Thundercracker Actionfigur! Thundercracker glaubt, dass alles, was nicht fliegen kann, minderwertig ist. Er genie\u00dft es, mit vernichtenden Strahlen auf irdische Wesen zu zielen. Feiern Sie 40 Jahre Transformers-Geschichte mit den Transformers Legacy-Actionfiguren f\u00fcr M\u00e4dchen und Jungen. Transformers Legacy \u00f6ffnet das Portal zu einem neuen Universum, das gr\u00f6\u00dfer ist, als es scheint, und in dem alle Generationen von Transformers wie nie zuvor zusammenkommen.<\/p>\n<p>Mit dieser Reihe k\u00f6nnen verschiedene Figuren gesammelt und kombiniert werden, um die perfekte Auswahl an Legacy-Figuren zu schaffen.<\/p>\n<ul>\n<li>8 cm<\/li>\n<li id=\"specs-altMode-data\">Alt-Modus: Kampfjet<\/li>\n<li>Verwandelt sich in 17 Schritten vom Roboter zum Jet<\/li>\n<li>Skala: Hauptklasse<\/li>\n<li>Andere abgebildete Figuren sind separat erh\u00e4ltlich<\/li>\n<li>Vollst\u00e4ndig gelenkig<\/li>\n<li>Hergestellt aus Kunststoff<\/li>\n<\/ul>\n<p><strong>Paketinhalt:<\/strong><\/p>\n<ul>\n<li>1 x Thundercracker Figur<\/li>\n<li>1 x Blaster-Waffe<\/li>\n<\/ul>","protected":false},"excerpt":{"rendered":"<ul>\n<li>8 cm<\/li>\n<li id=\"specs-altMode-data\">Alt-Modus: Kampfjet<\/li>\n<li>Verwandelt sich in 17 Schritten vom Roboter zum Jet<\/li>\n<li>Skala: Hauptklasse<\/li>\n<li>Andere abgebildete Figuren sind separat erh\u00e4ltlich<\/li>\n<li>Vollst\u00e4ndig gelenkig<\/li>\n<li>Hergestellt aus Kunststoff<\/li>\n<\/ul>\n<p><strong>Paketinhalt:<\/strong><\/p>\n<ul>\n<li>1 x Thundercracker Figur<\/li>\n<li>1 x Blaster-Waffe<\/li>\n<\/ul>","protected":false},"featured_media":187668,"comment_status":"open","ping_status":"closed","template":"","meta":{"inline_featured_image":false},"product_brand":[],"product_cat":[1955,68,69,1960],"product_tag":[1759,2109,335,2107,1860,258,1975,204],"giftcard-category":[],"class_list":{"0":"post-187667","1":"product","2":"type-product","3":"status-publish","4":"has-post-thumbnail","6":"product_cat-transformers","7":"product_cat-hasbro","8":"product_cat-takara-tomy","9":"product_cat-transformers-generations","10":"product_tag-action-toys","11":"product_tag-core-class","12":"product_tag-hasbro","13":"product_tag-legacy-evolution","14":"product_tag-takaratomy","15":"product_tag-thundercracker","16":"product_tag-toys-figures","17":"product_tag-transformers","18":"product_shipping_class-light","20":"first","21":"outofstock","22":"taxable","23":"shipping-taxable","24":"purchasable","25":"product-type-simple","26":"add-to-wishlist-after_add_to_cart"},"yoast_head":"<!-- This site is optimized with the Yoast SEO Premium plugin v25.3.1 (Yoast SEO v27.2) - https:\/\/yoast.com\/product\/yoast-seo-premium-wordpress\/ -->\n<title>Transformers Legacy Evolution - Core Class Thundercracker<\/title>\n<meta name=\"robots\" content=\"index, follow, max-snippet:-1, max-image-preview:large, max-video-preview:-1\" \/>\n<link rel=\"canonical\" href=\"https:\/\/hobby4geek.com\/de\/produkt\/transformers-legacy-evolution-thundercracker\/\" \/>\n<meta property=\"og:locale\" content=\"de_DE\" \/>\n<meta property=\"og:type\" content=\"article\" \/>\n<meta property=\"og:title\" content=\"Transformers Legacy Evolution - Core Class Thundercracker\" \/>\n<meta property=\"og:description\" content=\"8 cm  Alt Mode: Fighter Jet  Converts from robot to jet in 17 steps  Scale: Core Class  Other figures shown sold separately  Fully articulated  Made of plastic  Package Contents:   1 x Thundercracker Figure  1 x Blaster Weapon\" \/>\n<meta property=\"og:url\" content=\"https:\/\/hobby4geek.com\/de\/produkt\/transformers-legacy-evolution-thundercracker\/\" \/>\n<meta property=\"og:site_name\" content=\"Hobby4Geek\" \/>\n<meta property=\"article:publisher\" content=\"https:\/\/www.facebook.com\/hobby4geek\" \/>\n<meta property=\"article:modified_time\" content=\"2024-05-12T12:37:23+00:00\" \/>\n<meta property=\"og:image\" content=\"https:\/\/hobby4geek.com\/wp-content\/uploads\/2023\/04\/transformers-legacy-evolution-core-class-thundercracker.webp\" \/>\n\t<meta property=\"og:image:width\" content=\"2000\" \/>\n\t<meta property=\"og:image:height\" content=\"2000\" \/>\n\t<meta property=\"og:image:type\" content=\"image\/webp\" \/>\n<meta name=\"twitter:card\" content=\"summary_large_image\" \/>\n<meta name=\"twitter:site\" content=\"@hobby4geek\" \/>\n<script type=\"application\/ld+json\" class=\"yoast-schema-graph\">{\"@context\":\"https:\/\/schema.org\",\"@graph\":[{\"@type\":\"WebPage\",\"@id\":\"https:\/\/hobby4geek.com\/fr\/produit\/transformers-legacy-evolution-thundercracker\/\",\"url\":\"https:\/\/hobby4geek.com\/fr\/produit\/transformers-legacy-evolution-thundercracker\/\",\"name\":\"Transformers Legacy Evolution - Core Class Thundercracker\",\"isPartOf\":{\"@id\":\"https:\/\/hobby4geek.com\/#website\"},\"primaryImageOfPage\":{\"@id\":\"https:\/\/hobby4geek.com\/fr\/produit\/transformers-legacy-evolution-thundercracker\/#primaryimage\"},\"image\":{\"@id\":\"https:\/\/hobby4geek.com\/fr\/produit\/transformers-legacy-evolution-thundercracker\/#primaryimage\"},\"thumbnailUrl\":\"https:\/\/hobby4geek.com\/wp-content\/uploads\/2023\/04\/transformers-legacy-evolution-core-class-thundercracker.webp\",\"datePublished\":\"2023-04-15T20:28:18+00:00\",\"dateModified\":\"2024-05-12T12:37:23+00:00\",\"breadcrumb\":{\"@id\":\"https:\/\/hobby4geek.com\/fr\/produit\/transformers-legacy-evolution-thundercracker\/#breadcrumb\"},\"inLanguage\":\"de\",\"potentialAction\":[{\"@type\":\"ReadAction\",\"target\":[\"https:\/\/hobby4geek.com\/fr\/produit\/transformers-legacy-evolution-thundercracker\/\"]}]},{\"@type\":\"ImageObject\",\"inLanguage\":\"de\",\"@id\":\"https:\/\/hobby4geek.com\/fr\/produit\/transformers-legacy-evolution-thundercracker\/#primaryimage\",\"url\":\"https:\/\/hobby4geek.com\/wp-content\/uploads\/2023\/04\/transformers-legacy-evolution-core-class-thundercracker.webp\",\"contentUrl\":\"https:\/\/hobby4geek.com\/wp-content\/uploads\/2023\/04\/transformers-legacy-evolution-core-class-thundercracker.webp\",\"width\":2000,\"height\":2000},{\"@type\":\"BreadcrumbList\",\"@id\":\"https:\/\/hobby4geek.com\/fr\/produit\/transformers-legacy-evolution-thundercracker\/#breadcrumb\",\"itemListElement\":[{\"@type\":\"ListItem\",\"position\":1,\"name\":\"Home\",\"item\":\"https:\/\/hobby4geek.com\/\"},{\"@type\":\"ListItem\",\"position\":2,\"name\":\"Shop\",\"item\":\"https:\/\/hobby4geek.com\/shop\/\"},{\"@type\":\"ListItem\",\"position\":3,\"name\":\"Transformers Legacy Evolution &#8211; Core Class Thundercracker\"}]},{\"@type\":\"WebSite\",\"@id\":\"https:\/\/hobby4geek.com\/#website\",\"url\":\"https:\/\/hobby4geek.com\/\",\"name\":\"Hobby4Geek\",\"description\":\"Collect, Play &amp; Showcase, Embrace your Geekiness\",\"publisher\":{\"@id\":\"https:\/\/hobby4geek.com\/#organization\"},\"potentialAction\":[{\"@type\":\"SearchAction\",\"target\":{\"@type\":\"EntryPoint\",\"urlTemplate\":\"https:\/\/hobby4geek.com\/?s={search_term_string}\"},\"query-input\":{\"@type\":\"PropertyValueSpecification\",\"valueRequired\":true,\"valueName\":\"search_term_string\"}}],\"inLanguage\":\"de\"},{\"@type\":\"Organization\",\"@id\":\"https:\/\/hobby4geek.com\/#organization\",\"name\":\"Hobby4Geek\",\"url\":\"https:\/\/hobby4geek.com\/\",\"logo\":{\"@type\":\"ImageObject\",\"inLanguage\":\"de\",\"@id\":\"https:\/\/hobby4geek.com\/#\/schema\/logo\/image\/\",\"url\":\"https:\/\/hobby4geek.com\/wp-content\/uploads\/2023\/02\/default-kit.png\",\"contentUrl\":\"https:\/\/hobby4geek.com\/wp-content\/uploads\/2023\/02\/default-kit.png\",\"width\":600,\"height\":600,\"caption\":\"Hobby4Geek\"},\"image\":{\"@id\":\"https:\/\/hobby4geek.com\/#\/schema\/logo\/image\/\"},\"sameAs\":[\"https:\/\/www.facebook.com\/hobby4geek\",\"https:\/\/x.com\/hobby4geek\",\"https:\/\/www.instagram.com\/hobby4geek\/\"]}]}<\/script>\n<meta property=\"product:brand\" content=\"Transformers\" \/>\n<meta property=\"product:price:amount\" content=\"14.80\" \/>\n<meta property=\"product:price:currency\" content=\"EUR\" \/>\n<meta property=\"og:availability\" content=\"out of stock\" \/>\n<meta property=\"product:availability\" content=\"out of stock\" \/>\n<meta property=\"product:retailer_item_id\" content=\"5010996115201\" \/>\n<meta property=\"product:condition\" content=\"new\" \/>\n<!-- \/ Yoast SEO Premium plugin. -->","yoast_head_json":{"title":"Transformers Legacy Evolution - Kernklasse Thundercracker","robots":{"index":"index","follow":"follow","max-snippet":"max-snippet:-1","max-image-preview":"max-image-preview:large","max-video-preview":"max-video-preview:-1"},"canonical":"https:\/\/hobby4geek.com\/de\/produkt\/transformers-legacy-evolution-thundercracker\/","og_locale":"de_DE","og_type":"article","og_title":"Transformers Legacy Evolution - Core Class Thundercracker","og_description":"8 cm  Alt Mode: Fighter Jet  Converts from robot to jet in 17 steps  Scale: Core Class  Other figures shown sold separately  Fully articulated  Made of plastic  Package Contents:   1 x Thundercracker Figure  1 x Blaster Weapon","og_url":"https:\/\/hobby4geek.com\/de\/produkt\/transformers-legacy-evolution-thundercracker\/","og_site_name":"Hobby4Geek","article_publisher":"https:\/\/www.facebook.com\/hobby4geek","article_modified_time":"2024-05-12T12:37:23+00:00","og_image":[{"width":2000,"height":2000,"url":"https:\/\/hobby4geek.com\/wp-content\/uploads\/2023\/04\/transformers-legacy-evolution-core-class-thundercracker.webp","type":"image\/webp"}],"twitter_card":"summary_large_image","twitter_site":"@hobby4geek","schema":{"@context":"https:\/\/schema.org","@graph":[{"@type":"WebPage","@id":"https:\/\/hobby4geek.com\/fr\/produit\/transformers-legacy-evolution-thundercracker\/","url":"https:\/\/hobby4geek.com\/fr\/produit\/transformers-legacy-evolution-thundercracker\/","name":"Transformers Legacy Evolution - Kernklasse Thundercracker","isPartOf":{"@id":"https:\/\/hobby4geek.com\/#website"},"primaryImageOfPage":{"@id":"https:\/\/hobby4geek.com\/fr\/produit\/transformers-legacy-evolution-thundercracker\/#primaryimage"},"image":{"@id":"https:\/\/hobby4geek.com\/fr\/produit\/transformers-legacy-evolution-thundercracker\/#primaryimage"},"thumbnailUrl":"https:\/\/hobby4geek.com\/wp-content\/uploads\/2023\/04\/transformers-legacy-evolution-core-class-thundercracker.webp","datePublished":"2023-04-15T20:28:18+00:00","dateModified":"2024-05-12T12:37:23+00:00","breadcrumb":{"@id":"https:\/\/hobby4geek.com\/fr\/produit\/transformers-legacy-evolution-thundercracker\/#breadcrumb"},"inLanguage":"de","potentialAction":[{"@type":"ReadAction","target":["https:\/\/hobby4geek.com\/fr\/produit\/transformers-legacy-evolution-thundercracker\/"]}]},{"@type":"ImageObject","inLanguage":"de","@id":"https:\/\/hobby4geek.com\/fr\/produit\/transformers-legacy-evolution-thundercracker\/#primaryimage","url":"https:\/\/hobby4geek.com\/wp-content\/uploads\/2023\/04\/transformers-legacy-evolution-core-class-thundercracker.webp","contentUrl":"https:\/\/hobby4geek.com\/wp-content\/uploads\/2023\/04\/transformers-legacy-evolution-core-class-thundercracker.webp","width":2000,"height":2000},{"@type":"BreadcrumbList","@id":"https:\/\/hobby4geek.com\/fr\/produit\/transformers-legacy-evolution-thundercracker\/#breadcrumb","itemListElement":[{"@type":"ListItem","position":1,"name":"Home","item":"https:\/\/hobby4geek.com\/"},{"@type":"ListItem","position":2,"name":"Shop","item":"https:\/\/hobby4geek.com\/shop\/"},{"@type":"ListItem","position":3,"name":"Transformers Legacy Evolution &#8211; Core Class Thundercracker"}]},{"@type":"WebSite","@id":"https:\/\/hobby4geek.com\/#website","url":"https:\/\/hobby4geek.com\/","name":"Hobby4Geek","description":"Sammeln, Spielen &amp; Pr\u00e4sentieren, Umarmung der Geekiness","publisher":{"@id":"https:\/\/hobby4geek.com\/#organization"},"potentialAction":[{"@type":"SearchAction","target":{"@type":"EntryPoint","urlTemplate":"https:\/\/hobby4geek.com\/?s={search_term_string}"},"query-input":{"@type":"PropertyValueSpecification","valueRequired":true,"valueName":"search_term_string"}}],"inLanguage":"de"},{"@type":"Organization","@id":"https:\/\/hobby4geek.com\/#organization","name":"Hobby4Geek","url":"https:\/\/hobby4geek.com\/","logo":{"@type":"ImageObject","inLanguage":"de","@id":"https:\/\/hobby4geek.com\/#\/schema\/logo\/image\/","url":"https:\/\/hobby4geek.com\/wp-content\/uploads\/2023\/02\/default-kit.png","contentUrl":"https:\/\/hobby4geek.com\/wp-content\/uploads\/2023\/02\/default-kit.png","width":600,"height":600,"caption":"Hobby4Geek"},"image":{"@id":"https:\/\/hobby4geek.com\/#\/schema\/logo\/image\/"},"sameAs":["https:\/\/www.facebook.com\/hobby4geek","https:\/\/x.com\/hobby4geek","https:\/\/www.instagram.com\/hobby4geek\/"]}]},"product_brand":"Transformers","product_price_amount":"14.80","product_price_currency":"EUR","og_availability":"out of stock","product_availability":"out of stock","product_retailer_item_id":"5010996115201","product_condition":"new"},"_links":{"self":[{"href":"https:\/\/hobby4geek.com\/de\/wp-json\/wp\/v2\/product\/187667","targetHints":{"allow":["GET"]}}],"collection":[{"href":"https:\/\/hobby4geek.com\/de\/wp-json\/wp\/v2\/product"}],"about":[{"href":"https:\/\/hobby4geek.com\/de\/wp-json\/wp\/v2\/types\/product"}],"replies":[{"embeddable":true,"href":"https:\/\/hobby4geek.com\/de\/wp-json\/wp\/v2\/comments?post=187667"}],"version-history":[{"count":0,"href":"https:\/\/hobby4geek.com\/de\/wp-json\/wp\/v2\/product\/187667\/revisions"}],"wp:featuredmedia":[{"embeddable":true,"href":"https:\/\/hobby4geek.com\/de\/wp-json\/wp\/v2\/media\/187668"}],"wp:attachment":[{"href":"https:\/\/hobby4geek.com\/de\/wp-json\/wp\/v2\/media?parent=187667"}],"wp:term":[{"taxonomy":"product_brand","embeddable":true,"href":"https:\/\/hobby4geek.com\/de\/wp-json\/wp\/v2\/product_brand?post=187667"},{"taxonomy":"product_cat","embeddable":true,"href":"https:\/\/hobby4geek.com\/de\/wp-json\/wp\/v2\/product_cat?post=187667"},{"taxonomy":"product_tag","embeddable":true,"href":"https:\/\/hobby4geek.com\/de\/wp-json\/wp\/v2\/product_tag?post=187667"},{"taxonomy":"giftcard-category","embeddable":true,"href":"https:\/\/hobby4geek.com\/de\/wp-json\/wp\/v2\/giftcard-category?post=187667"}],"curies":[{"name":"wp","href":"https:\/\/api.w.org\/{rel}","templated":true}]}}