{"id":187612,"date":"2023-04-15T19:04:22","date_gmt":"2023-04-15T18:04:22","guid":{"rendered":"https:\/\/hobby4geek.com\/?post_type=product&#038;p=187612"},"modified":"2024-05-12T13:37:25","modified_gmt":"2024-05-12T12:37:25","slug":"transformers-legacy-evolution-nemesis-prime","status":"publish","type":"product","link":"https:\/\/hobby4geek.com\/de\/produkt\/transformers-legacy-evolution-nemesis-prime\/","title":{"rendered":"Transformers Legacy Evolution - Kernklasse Nemesis Prime"},"content":{"rendered":"<p>Der Kampf entwickelt sich weiter mit der Transformers Legacy Evolution Nemesis Prime Actionfigur! Nemesis Prime ist das b\u00f6se Spiegelbild seines Namensvetters. Seine R\u00fccksichtslosigkeit und sein Mangel an Hemmungen machen ihn zu einem t\u00f6dlichen Gegner. Feiern Sie 40 Jahre Transformers-Geschichte mit<\/p>\n<p>Transformers Legacy Actionfiguren f\u00fcr M\u00e4dchen und Jungen. Transformers Legacy \u00f6ffnet die T\u00fcr zu einem neuen Universum, das st\u00e4rker als der Schein ist und in dem alle Generationen von Transformers wie nie zuvor zusammenkommen. Mit dieser Reihe k\u00f6nnen verschiedene Charaktere gesammelt und kombiniert werden, um die perfekte Auswahl an Legacy-Figuren zu schaffen.<\/p>\n<ul>\n<li>8 cm<\/li>\n<li>Alt-Modus: Lkw<\/li>\n<li>In 11 Schritten vom Roboter zum Lkw umgebaut<\/li>\n<li>Skala: Hauptklasse<\/li>\n<li>Vollst\u00e4ndig gelenkig<\/li>\n<li>Hergestellt aus Kunststoff<\/li>\n<\/ul>\n<p><strong>Paketinhalt:<\/strong><\/p>\n<ul>\n<li>1 x Nemesis Prime Figur<\/li>\n<li>1 x Axt-Waffe<\/li>\n<\/ul>","protected":false},"excerpt":{"rendered":"<ul>\n<li>8 cm<\/li>\n<li>Alt-Modus: Lkw<\/li>\n<li>In 11 Schritten vom Roboter zum Lkw umgebaut<\/li>\n<li>Skala: Hauptklasse<\/li>\n<li>Vollst\u00e4ndig gelenkig<\/li>\n<li>Hergestellt aus Kunststoff<\/li>\n<\/ul>\n<p><strong>Paketinhalt:<\/strong><\/p>\n<ul>\n<li>1 x Nemesis Prime Figur<\/li>\n<li>1 x Axt-Waffe<\/li>\n<\/ul>","protected":false},"featured_media":187620,"comment_status":"open","ping_status":"closed","template":"","meta":{"inline_featured_image":false},"product_brand":[],"product_cat":[1955,68,69,1960],"product_tag":[1759,2109,335,2107,1047,1860,1975,204],"giftcard-category":[],"class_list":{"0":"post-187612","1":"product","2":"type-product","3":"status-publish","4":"has-post-thumbnail","6":"product_cat-transformers","7":"product_cat-hasbro","8":"product_cat-takara-tomy","9":"product_cat-transformers-generations","10":"product_tag-action-toys","11":"product_tag-core-class","12":"product_tag-hasbro","13":"product_tag-legacy-evolution","14":"product_tag-nemesis-prime","15":"product_tag-takaratomy","16":"product_tag-toys-figures","17":"product_tag-transformers","18":"product_shipping_class-light","20":"first","21":"outofstock","22":"taxable","23":"shipping-taxable","24":"purchasable","25":"product-type-simple","26":"add-to-wishlist-after_add_to_cart"},"yoast_head":"<!-- This site is optimized with the Yoast SEO Premium plugin v25.3.1 (Yoast SEO v27.2) - https:\/\/yoast.com\/product\/yoast-seo-premium-wordpress\/ -->\n<title>Transformers Legacy Evolution - Core Class Nemesis Prime<\/title>\n<meta name=\"robots\" content=\"index, follow, max-snippet:-1, max-image-preview:large, max-video-preview:-1\" \/>\n<link rel=\"canonical\" href=\"https:\/\/hobby4geek.com\/de\/produkt\/transformers-legacy-evolution-nemesis-prime\/\" \/>\n<meta property=\"og:locale\" content=\"de_DE\" \/>\n<meta property=\"og:type\" content=\"article\" \/>\n<meta property=\"og:title\" content=\"Transformers Legacy Evolution - Core Class Nemesis Prime\" \/>\n<meta property=\"og:description\" content=\"8 cm  Alt Mode: Truck  Converts from robot to truck in 11 steps  Scale: Core Class  Fully articulated  Made of plastic  Package Contents:   1 x Nemesis Prime Figure  1 x Axe Weapon\" \/>\n<meta property=\"og:url\" content=\"https:\/\/hobby4geek.com\/de\/produkt\/transformers-legacy-evolution-nemesis-prime\/\" \/>\n<meta property=\"og:site_name\" content=\"Hobby4Geek\" \/>\n<meta property=\"article:publisher\" content=\"https:\/\/www.facebook.com\/hobby4geek\" \/>\n<meta property=\"article:modified_time\" content=\"2024-05-12T12:37:25+00:00\" \/>\n<meta property=\"og:image\" content=\"https:\/\/hobby4geek.com\/wp-content\/uploads\/2023\/04\/transformers-legacy-evolution-core-class-nemesis-prime.webp\" \/>\n\t<meta property=\"og:image:width\" content=\"2000\" \/>\n\t<meta property=\"og:image:height\" content=\"2000\" \/>\n\t<meta property=\"og:image:type\" content=\"image\/webp\" \/>\n<meta name=\"twitter:card\" content=\"summary_large_image\" \/>\n<meta name=\"twitter:site\" content=\"@hobby4geek\" \/>\n<script type=\"application\/ld+json\" class=\"yoast-schema-graph\">{\"@context\":\"https:\/\/schema.org\",\"@graph\":[{\"@type\":\"WebPage\",\"@id\":\"https:\/\/hobby4geek.com\/nl\/product\/transformers-legacy-evolution-nemesis-prime\/\",\"url\":\"https:\/\/hobby4geek.com\/nl\/product\/transformers-legacy-evolution-nemesis-prime\/\",\"name\":\"Transformers Legacy Evolution - Core Class Nemesis Prime\",\"isPartOf\":{\"@id\":\"https:\/\/hobby4geek.com\/#website\"},\"primaryImageOfPage\":{\"@id\":\"https:\/\/hobby4geek.com\/nl\/product\/transformers-legacy-evolution-nemesis-prime\/#primaryimage\"},\"image\":{\"@id\":\"https:\/\/hobby4geek.com\/nl\/product\/transformers-legacy-evolution-nemesis-prime\/#primaryimage\"},\"thumbnailUrl\":\"https:\/\/hobby4geek.com\/wp-content\/uploads\/2023\/04\/transformers-legacy-evolution-core-class-nemesis-prime.webp\",\"datePublished\":\"2023-04-15T18:04:22+00:00\",\"dateModified\":\"2024-05-12T12:37:25+00:00\",\"breadcrumb\":{\"@id\":\"https:\/\/hobby4geek.com\/nl\/product\/transformers-legacy-evolution-nemesis-prime\/#breadcrumb\"},\"inLanguage\":\"de\",\"potentialAction\":[{\"@type\":\"ReadAction\",\"target\":[\"https:\/\/hobby4geek.com\/nl\/product\/transformers-legacy-evolution-nemesis-prime\/\"]}]},{\"@type\":\"ImageObject\",\"inLanguage\":\"de\",\"@id\":\"https:\/\/hobby4geek.com\/nl\/product\/transformers-legacy-evolution-nemesis-prime\/#primaryimage\",\"url\":\"https:\/\/hobby4geek.com\/wp-content\/uploads\/2023\/04\/transformers-legacy-evolution-core-class-nemesis-prime.webp\",\"contentUrl\":\"https:\/\/hobby4geek.com\/wp-content\/uploads\/2023\/04\/transformers-legacy-evolution-core-class-nemesis-prime.webp\",\"width\":2000,\"height\":2000},{\"@type\":\"BreadcrumbList\",\"@id\":\"https:\/\/hobby4geek.com\/nl\/product\/transformers-legacy-evolution-nemesis-prime\/#breadcrumb\",\"itemListElement\":[{\"@type\":\"ListItem\",\"position\":1,\"name\":\"Home\",\"item\":\"https:\/\/hobby4geek.com\/\"},{\"@type\":\"ListItem\",\"position\":2,\"name\":\"Shop\",\"item\":\"https:\/\/hobby4geek.com\/shop\/\"},{\"@type\":\"ListItem\",\"position\":3,\"name\":\"Transformers Legacy Evolution &#8211; Core Class Nemesis Prime\"}]},{\"@type\":\"WebSite\",\"@id\":\"https:\/\/hobby4geek.com\/#website\",\"url\":\"https:\/\/hobby4geek.com\/\",\"name\":\"Hobby4Geek\",\"description\":\"Collect, Play &amp; Showcase, Embrace your Geekiness\",\"publisher\":{\"@id\":\"https:\/\/hobby4geek.com\/#organization\"},\"potentialAction\":[{\"@type\":\"SearchAction\",\"target\":{\"@type\":\"EntryPoint\",\"urlTemplate\":\"https:\/\/hobby4geek.com\/?s={search_term_string}\"},\"query-input\":{\"@type\":\"PropertyValueSpecification\",\"valueRequired\":true,\"valueName\":\"search_term_string\"}}],\"inLanguage\":\"de\"},{\"@type\":\"Organization\",\"@id\":\"https:\/\/hobby4geek.com\/#organization\",\"name\":\"Hobby4Geek\",\"url\":\"https:\/\/hobby4geek.com\/\",\"logo\":{\"@type\":\"ImageObject\",\"inLanguage\":\"de\",\"@id\":\"https:\/\/hobby4geek.com\/#\/schema\/logo\/image\/\",\"url\":\"https:\/\/hobby4geek.com\/wp-content\/uploads\/2023\/02\/default-kit.png\",\"contentUrl\":\"https:\/\/hobby4geek.com\/wp-content\/uploads\/2023\/02\/default-kit.png\",\"width\":600,\"height\":600,\"caption\":\"Hobby4Geek\"},\"image\":{\"@id\":\"https:\/\/hobby4geek.com\/#\/schema\/logo\/image\/\"},\"sameAs\":[\"https:\/\/www.facebook.com\/hobby4geek\",\"https:\/\/x.com\/hobby4geek\",\"https:\/\/www.instagram.com\/hobby4geek\/\"]}]}<\/script>\n<meta property=\"product:brand\" content=\"Transformers\" \/>\n<meta property=\"product:price:amount\" content=\"14.80\" \/>\n<meta property=\"product:price:currency\" content=\"EUR\" \/>\n<meta property=\"og:availability\" content=\"out of stock\" \/>\n<meta property=\"product:availability\" content=\"out of stock\" \/>\n<meta property=\"product:retailer_item_id\" content=\"5010996120526\" \/>\n<meta property=\"product:condition\" content=\"new\" \/>\n<!-- \/ Yoast SEO Premium plugin. -->","yoast_head_json":{"title":"Transformers Legacy Evolution - Kernklasse Nemesis Prime","robots":{"index":"index","follow":"follow","max-snippet":"max-snippet:-1","max-image-preview":"max-image-preview:large","max-video-preview":"max-video-preview:-1"},"canonical":"https:\/\/hobby4geek.com\/de\/produkt\/transformers-legacy-evolution-nemesis-prime\/","og_locale":"de_DE","og_type":"article","og_title":"Transformers Legacy Evolution - Core Class Nemesis Prime","og_description":"8 cm  Alt Mode: Truck  Converts from robot to truck in 11 steps  Scale: Core Class  Fully articulated  Made of plastic  Package Contents:   1 x Nemesis Prime Figure  1 x Axe Weapon","og_url":"https:\/\/hobby4geek.com\/de\/produkt\/transformers-legacy-evolution-nemesis-prime\/","og_site_name":"Hobby4Geek","article_publisher":"https:\/\/www.facebook.com\/hobby4geek","article_modified_time":"2024-05-12T12:37:25+00:00","og_image":[{"width":2000,"height":2000,"url":"https:\/\/hobby4geek.com\/wp-content\/uploads\/2023\/04\/transformers-legacy-evolution-core-class-nemesis-prime.webp","type":"image\/webp"}],"twitter_card":"summary_large_image","twitter_site":"@hobby4geek","schema":{"@context":"https:\/\/schema.org","@graph":[{"@type":"WebPage","@id":"https:\/\/hobby4geek.com\/nl\/product\/transformers-legacy-evolution-nemesis-prime\/","url":"https:\/\/hobby4geek.com\/nl\/product\/transformers-legacy-evolution-nemesis-prime\/","name":"Transformers Legacy Evolution - Kernklasse Nemesis Prime","isPartOf":{"@id":"https:\/\/hobby4geek.com\/#website"},"primaryImageOfPage":{"@id":"https:\/\/hobby4geek.com\/nl\/product\/transformers-legacy-evolution-nemesis-prime\/#primaryimage"},"image":{"@id":"https:\/\/hobby4geek.com\/nl\/product\/transformers-legacy-evolution-nemesis-prime\/#primaryimage"},"thumbnailUrl":"https:\/\/hobby4geek.com\/wp-content\/uploads\/2023\/04\/transformers-legacy-evolution-core-class-nemesis-prime.webp","datePublished":"2023-04-15T18:04:22+00:00","dateModified":"2024-05-12T12:37:25+00:00","breadcrumb":{"@id":"https:\/\/hobby4geek.com\/nl\/product\/transformers-legacy-evolution-nemesis-prime\/#breadcrumb"},"inLanguage":"de","potentialAction":[{"@type":"ReadAction","target":["https:\/\/hobby4geek.com\/nl\/product\/transformers-legacy-evolution-nemesis-prime\/"]}]},{"@type":"ImageObject","inLanguage":"de","@id":"https:\/\/hobby4geek.com\/nl\/product\/transformers-legacy-evolution-nemesis-prime\/#primaryimage","url":"https:\/\/hobby4geek.com\/wp-content\/uploads\/2023\/04\/transformers-legacy-evolution-core-class-nemesis-prime.webp","contentUrl":"https:\/\/hobby4geek.com\/wp-content\/uploads\/2023\/04\/transformers-legacy-evolution-core-class-nemesis-prime.webp","width":2000,"height":2000},{"@type":"BreadcrumbList","@id":"https:\/\/hobby4geek.com\/nl\/product\/transformers-legacy-evolution-nemesis-prime\/#breadcrumb","itemListElement":[{"@type":"ListItem","position":1,"name":"Home","item":"https:\/\/hobby4geek.com\/"},{"@type":"ListItem","position":2,"name":"Shop","item":"https:\/\/hobby4geek.com\/shop\/"},{"@type":"ListItem","position":3,"name":"Transformers Legacy Evolution &#8211; Core Class Nemesis Prime"}]},{"@type":"WebSite","@id":"https:\/\/hobby4geek.com\/#website","url":"https:\/\/hobby4geek.com\/","name":"Hobby4Geek","description":"Sammeln, Spielen &amp; Pr\u00e4sentieren, Umarmung der Geekiness","publisher":{"@id":"https:\/\/hobby4geek.com\/#organization"},"potentialAction":[{"@type":"SearchAction","target":{"@type":"EntryPoint","urlTemplate":"https:\/\/hobby4geek.com\/?s={search_term_string}"},"query-input":{"@type":"PropertyValueSpecification","valueRequired":true,"valueName":"search_term_string"}}],"inLanguage":"de"},{"@type":"Organization","@id":"https:\/\/hobby4geek.com\/#organization","name":"Hobby4Geek","url":"https:\/\/hobby4geek.com\/","logo":{"@type":"ImageObject","inLanguage":"de","@id":"https:\/\/hobby4geek.com\/#\/schema\/logo\/image\/","url":"https:\/\/hobby4geek.com\/wp-content\/uploads\/2023\/02\/default-kit.png","contentUrl":"https:\/\/hobby4geek.com\/wp-content\/uploads\/2023\/02\/default-kit.png","width":600,"height":600,"caption":"Hobby4Geek"},"image":{"@id":"https:\/\/hobby4geek.com\/#\/schema\/logo\/image\/"},"sameAs":["https:\/\/www.facebook.com\/hobby4geek","https:\/\/x.com\/hobby4geek","https:\/\/www.instagram.com\/hobby4geek\/"]}]},"product_brand":"Transformers","product_price_amount":"14.80","product_price_currency":"EUR","og_availability":"out of stock","product_availability":"out of stock","product_retailer_item_id":"5010996120526","product_condition":"new"},"_links":{"self":[{"href":"https:\/\/hobby4geek.com\/de\/wp-json\/wp\/v2\/product\/187612","targetHints":{"allow":["GET"]}}],"collection":[{"href":"https:\/\/hobby4geek.com\/de\/wp-json\/wp\/v2\/product"}],"about":[{"href":"https:\/\/hobby4geek.com\/de\/wp-json\/wp\/v2\/types\/product"}],"replies":[{"embeddable":true,"href":"https:\/\/hobby4geek.com\/de\/wp-json\/wp\/v2\/comments?post=187612"}],"version-history":[{"count":0,"href":"https:\/\/hobby4geek.com\/de\/wp-json\/wp\/v2\/product\/187612\/revisions"}],"wp:featuredmedia":[{"embeddable":true,"href":"https:\/\/hobby4geek.com\/de\/wp-json\/wp\/v2\/media\/187620"}],"wp:attachment":[{"href":"https:\/\/hobby4geek.com\/de\/wp-json\/wp\/v2\/media?parent=187612"}],"wp:term":[{"taxonomy":"product_brand","embeddable":true,"href":"https:\/\/hobby4geek.com\/de\/wp-json\/wp\/v2\/product_brand?post=187612"},{"taxonomy":"product_cat","embeddable":true,"href":"https:\/\/hobby4geek.com\/de\/wp-json\/wp\/v2\/product_cat?post=187612"},{"taxonomy":"product_tag","embeddable":true,"href":"https:\/\/hobby4geek.com\/de\/wp-json\/wp\/v2\/product_tag?post=187612"},{"taxonomy":"giftcard-category","embeddable":true,"href":"https:\/\/hobby4geek.com\/de\/wp-json\/wp\/v2\/giftcard-category?post=187612"}],"curies":[{"name":"wp","href":"https:\/\/api.w.org\/{rel}","templated":true}]}}