{"id":187542,"date":"2023-04-13T22:10:08","date_gmt":"2023-04-13T21:10:08","guid":{"rendered":"https:\/\/hobby4geek.com\/?post_type=product&#038;p=187542"},"modified":"2024-05-12T13:15:12","modified_gmt":"2024-05-12T12:15:12","slug":"warhammer-40k-figurine-tyranid-genestealer","status":"publish","type":"product","link":"https:\/\/hobby4geek.com\/de\/produkt\/warhammer-40k-figurine-tyranid-genestealer\/","title":{"rendered":"Warhammer 40k : Figur Tyranid Genestealer"},"content":{"rendered":"<p>Genestealer sind legend\u00e4r wilde Nahk\u00e4mpfer mit blitzschnellen Reflexen und t\u00f6dlichen Klauen, die Adamantium zerrei\u00dfen k\u00f6nnen. Sie verf\u00fcgen \u00fcber ihre eigene Brut-Telepathie, die es ihnen erm\u00f6glicht, au\u00dferhalb der Reichweite des Hive Minds zu agieren.<\/p>\n<ul>\n<li>Unglaublich detaillierte Figur im 7\u2033-Ma\u00dfstab, basierend auf dem Warhammer 40.000 Franchise<\/li>\n<li>Entwickelt mit Ultra Articulation mit bis zu 22 beweglichen Teilen f\u00fcr die volle Bandbreite an Posen<\/li>\n<li>Enth\u00e4lt einen Sockel<\/li>\n<li>Die Figur wird in einer Fensterbox im Warhammer 40.000-Stil pr\u00e4sentiert.<\/li>\n<li>Sammle alle zus\u00e4tzlichen McFarlane Toys Warhammer 40.000 Figuren<\/li>\n<\/ul>","protected":false},"excerpt":{"rendered":"<ul>\n<li>Unglaublich detaillierte Figur im 7\u2033-Ma\u00dfstab, basierend auf dem Warhammer 40.000 Franchise<\/li>\n<li>Entwickelt mit Ultra Articulation mit bis zu 22 beweglichen Teilen f\u00fcr die volle Bandbreite an Posen<\/li>\n<li>Enth\u00e4lt einen Sockel<\/li>\n<li>Die Figur wird in einer Fensterbox im Warhammer 40.000-Stil pr\u00e4sentiert.<\/li>\n<li>Sammle alle zus\u00e4tzlichen McFarlane Toys Warhammer 40.000 Figuren<\/li>\n<\/ul>","protected":false},"featured_media":187543,"comment_status":"open","ping_status":"closed","template":"","meta":{"inline_featured_image":false},"product_brand":[],"product_cat":[2094,2101,2105],"product_tag":[2097,1759,2099,1975,2098,2096,2095],"giftcard-category":[],"class_list":{"0":"post-187542","1":"product","2":"type-product","3":"status-publish","4":"has-post-thumbnail","6":"product_cat-mc-farlane-toys","7":"product_cat-warhammer-40k","8":"product_cat-warhammer-official-licensed-product","9":"product_tag-40k","10":"product_tag-action-toys","11":"product_tag-genestealer","12":"product_tag-toys-figures","13":"product_tag-tyranid","14":"product_tag-warhammer","15":"product_tag-warhammer-40k","16":"product_shipping_class-light","18":"first","19":"outofstock","20":"taxable","21":"shipping-taxable","22":"purchasable","23":"product-type-simple","24":"add-to-wishlist-after_add_to_cart"},"yoast_head":"<!-- This site is optimized with the Yoast SEO Premium plugin v25.3.1 (Yoast SEO v27.2) - https:\/\/yoast.com\/product\/yoast-seo-premium-wordpress\/ -->\n<title>Warhammer 40k : figurine Tyranid Genestealer<\/title>\n<meta name=\"robots\" content=\"index, follow, max-snippet:-1, max-image-preview:large, max-video-preview:-1\" \/>\n<link rel=\"canonical\" href=\"https:\/\/hobby4geek.com\/de\/produkt\/warhammer-40k-figurine-tyranid-genestealer\/\" \/>\n<meta property=\"og:locale\" content=\"de_DE\" \/>\n<meta property=\"og:type\" content=\"article\" \/>\n<meta property=\"og:title\" content=\"Warhammer 40k : figurine Tyranid Genestealer\" \/>\n<meta property=\"og:description\" content=\"Incredibly detailed 7&quot; scale figure based off the Warhammer 40,000 Franchise  Designed with Ultra Articulation with up to 22 moving parts for full range of posing  Includes a base  Figure is showcased in Warhammer 40,000 themed window box packaging  Collect all Additional McFarlane Toys Warhammer 40,000 Figure\" \/>\n<meta property=\"og:url\" content=\"https:\/\/hobby4geek.com\/de\/produkt\/warhammer-40k-figurine-tyranid-genestealer\/\" \/>\n<meta property=\"og:site_name\" content=\"Hobby4Geek\" \/>\n<meta property=\"article:publisher\" content=\"https:\/\/www.facebook.com\/hobby4geek\" \/>\n<meta property=\"article:modified_time\" content=\"2024-05-12T12:15:12+00:00\" \/>\n<meta property=\"og:image\" content=\"https:\/\/hobby4geek.com\/wp-content\/uploads\/2023\/04\/warhammer-40k-figurine-tyranid-genestealer.jpg\" \/>\n\t<meta property=\"og:image:width\" content=\"1000\" \/>\n\t<meta property=\"og:image:height\" content=\"1000\" \/>\n\t<meta property=\"og:image:type\" content=\"image\/jpeg\" \/>\n<meta name=\"twitter:card\" content=\"summary_large_image\" \/>\n<meta name=\"twitter:site\" content=\"@hobby4geek\" \/>\n<script type=\"application\/ld+json\" class=\"yoast-schema-graph\">{\"@context\":\"https:\/\/schema.org\",\"@graph\":[{\"@type\":\"WebPage\",\"@id\":\"https:\/\/hobby4geek.com\/es\/producto\/warhammer-40k-figurine-tyranid-genestealer\/\",\"url\":\"https:\/\/hobby4geek.com\/es\/producto\/warhammer-40k-figurine-tyranid-genestealer\/\",\"name\":\"Warhammer 40k : figurine Tyranid Genestealer\",\"isPartOf\":{\"@id\":\"https:\/\/hobby4geek.com\/#website\"},\"primaryImageOfPage\":{\"@id\":\"https:\/\/hobby4geek.com\/es\/producto\/warhammer-40k-figurine-tyranid-genestealer\/#primaryimage\"},\"image\":{\"@id\":\"https:\/\/hobby4geek.com\/es\/producto\/warhammer-40k-figurine-tyranid-genestealer\/#primaryimage\"},\"thumbnailUrl\":\"https:\/\/hobby4geek.com\/wp-content\/uploads\/2023\/04\/warhammer-40k-figurine-tyranid-genestealer.jpg\",\"datePublished\":\"2023-04-13T21:10:08+00:00\",\"dateModified\":\"2024-05-12T12:15:12+00:00\",\"breadcrumb\":{\"@id\":\"https:\/\/hobby4geek.com\/es\/producto\/warhammer-40k-figurine-tyranid-genestealer\/#breadcrumb\"},\"inLanguage\":\"de\",\"potentialAction\":[{\"@type\":\"ReadAction\",\"target\":[\"https:\/\/hobby4geek.com\/es\/producto\/warhammer-40k-figurine-tyranid-genestealer\/\"]}]},{\"@type\":\"ImageObject\",\"inLanguage\":\"de\",\"@id\":\"https:\/\/hobby4geek.com\/es\/producto\/warhammer-40k-figurine-tyranid-genestealer\/#primaryimage\",\"url\":\"https:\/\/hobby4geek.com\/wp-content\/uploads\/2023\/04\/warhammer-40k-figurine-tyranid-genestealer.jpg\",\"contentUrl\":\"https:\/\/hobby4geek.com\/wp-content\/uploads\/2023\/04\/warhammer-40k-figurine-tyranid-genestealer.jpg\",\"width\":1000,\"height\":1000},{\"@type\":\"BreadcrumbList\",\"@id\":\"https:\/\/hobby4geek.com\/es\/producto\/warhammer-40k-figurine-tyranid-genestealer\/#breadcrumb\",\"itemListElement\":[{\"@type\":\"ListItem\",\"position\":1,\"name\":\"Home\",\"item\":\"https:\/\/hobby4geek.com\/\"},{\"@type\":\"ListItem\",\"position\":2,\"name\":\"Shop\",\"item\":\"https:\/\/hobby4geek.com\/shop\/\"},{\"@type\":\"ListItem\",\"position\":3,\"name\":\"Warhammer 40k : figurine Tyranid Genestealer\"}]},{\"@type\":\"WebSite\",\"@id\":\"https:\/\/hobby4geek.com\/#website\",\"url\":\"https:\/\/hobby4geek.com\/\",\"name\":\"Hobby4Geek\",\"description\":\"Collect, Play &amp; Showcase, Embrace your Geekiness\",\"publisher\":{\"@id\":\"https:\/\/hobby4geek.com\/#organization\"},\"potentialAction\":[{\"@type\":\"SearchAction\",\"target\":{\"@type\":\"EntryPoint\",\"urlTemplate\":\"https:\/\/hobby4geek.com\/?s={search_term_string}\"},\"query-input\":{\"@type\":\"PropertyValueSpecification\",\"valueRequired\":true,\"valueName\":\"search_term_string\"}}],\"inLanguage\":\"de\"},{\"@type\":\"Organization\",\"@id\":\"https:\/\/hobby4geek.com\/#organization\",\"name\":\"Hobby4Geek\",\"url\":\"https:\/\/hobby4geek.com\/\",\"logo\":{\"@type\":\"ImageObject\",\"inLanguage\":\"de\",\"@id\":\"https:\/\/hobby4geek.com\/#\/schema\/logo\/image\/\",\"url\":\"https:\/\/hobby4geek.com\/wp-content\/uploads\/2023\/02\/default-kit.png\",\"contentUrl\":\"https:\/\/hobby4geek.com\/wp-content\/uploads\/2023\/02\/default-kit.png\",\"width\":600,\"height\":600,\"caption\":\"Hobby4Geek\"},\"image\":{\"@id\":\"https:\/\/hobby4geek.com\/#\/schema\/logo\/image\/\"},\"sameAs\":[\"https:\/\/www.facebook.com\/hobby4geek\",\"https:\/\/x.com\/hobby4geek\",\"https:\/\/www.instagram.com\/hobby4geek\/\"]}]}<\/script>\n<meta property=\"product:brand\" content=\"Mc Farlane Toys\" \/>\n<meta property=\"product:price:amount\" content=\"28.00\" \/>\n<meta property=\"product:price:currency\" content=\"EUR\" \/>\n<meta property=\"og:availability\" content=\"out of stock\" \/>\n<meta property=\"product:availability\" content=\"out of stock\" \/>\n<meta property=\"product:retailer_item_id\" content=\"787926109276\" \/>\n<meta property=\"product:condition\" content=\"new\" \/>\n<!-- \/ Yoast SEO Premium plugin. -->","yoast_head_json":{"title":"Warhammer 40k : Figur Tyranid Genestealer","robots":{"index":"index","follow":"follow","max-snippet":"max-snippet:-1","max-image-preview":"max-image-preview:large","max-video-preview":"max-video-preview:-1"},"canonical":"https:\/\/hobby4geek.com\/de\/produkt\/warhammer-40k-figurine-tyranid-genestealer\/","og_locale":"de_DE","og_type":"article","og_title":"Warhammer 40k : figurine Tyranid Genestealer","og_description":"Incredibly detailed 7\" scale figure based off the Warhammer 40,000 Franchise  Designed with Ultra Articulation with up to 22 moving parts for full range of posing  Includes a base  Figure is showcased in Warhammer 40,000 themed window box packaging  Collect all Additional McFarlane Toys Warhammer 40,000 Figure","og_url":"https:\/\/hobby4geek.com\/de\/produkt\/warhammer-40k-figurine-tyranid-genestealer\/","og_site_name":"Hobby4Geek","article_publisher":"https:\/\/www.facebook.com\/hobby4geek","article_modified_time":"2024-05-12T12:15:12+00:00","og_image":[{"width":1000,"height":1000,"url":"https:\/\/hobby4geek.com\/wp-content\/uploads\/2023\/04\/warhammer-40k-figurine-tyranid-genestealer.jpg","type":"image\/jpeg"}],"twitter_card":"summary_large_image","twitter_site":"@hobby4geek","schema":{"@context":"https:\/\/schema.org","@graph":[{"@type":"WebPage","@id":"https:\/\/hobby4geek.com\/es\/producto\/warhammer-40k-figurine-tyranid-genestealer\/","url":"https:\/\/hobby4geek.com\/es\/producto\/warhammer-40k-figurine-tyranid-genestealer\/","name":"Warhammer 40k : Figur Tyranid Genestealer","isPartOf":{"@id":"https:\/\/hobby4geek.com\/#website"},"primaryImageOfPage":{"@id":"https:\/\/hobby4geek.com\/es\/producto\/warhammer-40k-figurine-tyranid-genestealer\/#primaryimage"},"image":{"@id":"https:\/\/hobby4geek.com\/es\/producto\/warhammer-40k-figurine-tyranid-genestealer\/#primaryimage"},"thumbnailUrl":"https:\/\/hobby4geek.com\/wp-content\/uploads\/2023\/04\/warhammer-40k-figurine-tyranid-genestealer.jpg","datePublished":"2023-04-13T21:10:08+00:00","dateModified":"2024-05-12T12:15:12+00:00","breadcrumb":{"@id":"https:\/\/hobby4geek.com\/es\/producto\/warhammer-40k-figurine-tyranid-genestealer\/#breadcrumb"},"inLanguage":"de","potentialAction":[{"@type":"ReadAction","target":["https:\/\/hobby4geek.com\/es\/producto\/warhammer-40k-figurine-tyranid-genestealer\/"]}]},{"@type":"ImageObject","inLanguage":"de","@id":"https:\/\/hobby4geek.com\/es\/producto\/warhammer-40k-figurine-tyranid-genestealer\/#primaryimage","url":"https:\/\/hobby4geek.com\/wp-content\/uploads\/2023\/04\/warhammer-40k-figurine-tyranid-genestealer.jpg","contentUrl":"https:\/\/hobby4geek.com\/wp-content\/uploads\/2023\/04\/warhammer-40k-figurine-tyranid-genestealer.jpg","width":1000,"height":1000},{"@type":"BreadcrumbList","@id":"https:\/\/hobby4geek.com\/es\/producto\/warhammer-40k-figurine-tyranid-genestealer\/#breadcrumb","itemListElement":[{"@type":"ListItem","position":1,"name":"Home","item":"https:\/\/hobby4geek.com\/"},{"@type":"ListItem","position":2,"name":"Shop","item":"https:\/\/hobby4geek.com\/shop\/"},{"@type":"ListItem","position":3,"name":"Warhammer 40k : figurine Tyranid Genestealer"}]},{"@type":"WebSite","@id":"https:\/\/hobby4geek.com\/#website","url":"https:\/\/hobby4geek.com\/","name":"Hobby4Geek","description":"Sammeln, Spielen &amp; Pr\u00e4sentieren, Umarmung der Geekiness","publisher":{"@id":"https:\/\/hobby4geek.com\/#organization"},"potentialAction":[{"@type":"SearchAction","target":{"@type":"EntryPoint","urlTemplate":"https:\/\/hobby4geek.com\/?s={search_term_string}"},"query-input":{"@type":"PropertyValueSpecification","valueRequired":true,"valueName":"search_term_string"}}],"inLanguage":"de"},{"@type":"Organization","@id":"https:\/\/hobby4geek.com\/#organization","name":"Hobby4Geek","url":"https:\/\/hobby4geek.com\/","logo":{"@type":"ImageObject","inLanguage":"de","@id":"https:\/\/hobby4geek.com\/#\/schema\/logo\/image\/","url":"https:\/\/hobby4geek.com\/wp-content\/uploads\/2023\/02\/default-kit.png","contentUrl":"https:\/\/hobby4geek.com\/wp-content\/uploads\/2023\/02\/default-kit.png","width":600,"height":600,"caption":"Hobby4Geek"},"image":{"@id":"https:\/\/hobby4geek.com\/#\/schema\/logo\/image\/"},"sameAs":["https:\/\/www.facebook.com\/hobby4geek","https:\/\/x.com\/hobby4geek","https:\/\/www.instagram.com\/hobby4geek\/"]}]},"product_brand":"Mc Farlane Toys","product_price_amount":"28.00","product_price_currency":"EUR","og_availability":"out of stock","product_availability":"out of stock","product_retailer_item_id":"787926109276","product_condition":"new"},"_links":{"self":[{"href":"https:\/\/hobby4geek.com\/de\/wp-json\/wp\/v2\/product\/187542","targetHints":{"allow":["GET"]}}],"collection":[{"href":"https:\/\/hobby4geek.com\/de\/wp-json\/wp\/v2\/product"}],"about":[{"href":"https:\/\/hobby4geek.com\/de\/wp-json\/wp\/v2\/types\/product"}],"replies":[{"embeddable":true,"href":"https:\/\/hobby4geek.com\/de\/wp-json\/wp\/v2\/comments?post=187542"}],"version-history":[{"count":0,"href":"https:\/\/hobby4geek.com\/de\/wp-json\/wp\/v2\/product\/187542\/revisions"}],"wp:featuredmedia":[{"embeddable":true,"href":"https:\/\/hobby4geek.com\/de\/wp-json\/wp\/v2\/media\/187543"}],"wp:attachment":[{"href":"https:\/\/hobby4geek.com\/de\/wp-json\/wp\/v2\/media?parent=187542"}],"wp:term":[{"taxonomy":"product_brand","embeddable":true,"href":"https:\/\/hobby4geek.com\/de\/wp-json\/wp\/v2\/product_brand?post=187542"},{"taxonomy":"product_cat","embeddable":true,"href":"https:\/\/hobby4geek.com\/de\/wp-json\/wp\/v2\/product_cat?post=187542"},{"taxonomy":"product_tag","embeddable":true,"href":"https:\/\/hobby4geek.com\/de\/wp-json\/wp\/v2\/product_tag?post=187542"},{"taxonomy":"giftcard-category","embeddable":true,"href":"https:\/\/hobby4geek.com\/de\/wp-json\/wp\/v2\/giftcard-category?post=187542"}],"curies":[{"name":"wp","href":"https:\/\/api.w.org\/{rel}","templated":true}]}}