{"id":178156,"date":"2019-04-04T10:04:28","date_gmt":"2019-04-04T10:04:28","guid":{"rendered":"https:\/\/hobby4geek.com\/?post_type=product&#038;p=178156"},"modified":"2024-05-12T12:55:29","modified_gmt":"2024-05-12T11:55:29","slug":"mpm-9-jazz","status":"publish","type":"product","link":"https:\/\/hobby4geek.com\/de\/produkt\/mpm-9-jazz\/","title":{"rendered":"Transformers: Masterpiece Movie Series MPM-9 Jazz"},"content":{"rendered":"<p>Der Masterpiece JAZZ MPM-9 Movie Series ist 15,25 cm gro\u00df und ist eine perfekte, authentische Figur f\u00fcr Enthusiasten und Sammler gleicherma\u00dfen, mit Merkmalen inspiriert von der 2007 Live-Action-Film TRANSFORMERS. Die Figur zeigt den wagemutigen AUTOBOT mit beeindruckender Detailtreue und verf\u00fcgt \u00fcber bewegliche H\u00e4nde, ein verschiebbares Visier, Details aus Druckguss, eine \"Schildkanone\" als Armzubeh\u00f6r und eine \"Wirbels\u00e4ulen\"-Anlage. Mit einem Knopfdruck kann Jazz in zwei H\u00e4lften geteilt und mit Masterpiece Movie Series MEGATRON MPM-8 posiert werden, um die tragische Todesszene im TRANSFORMERS-Film 2007 nachzustellen.<\/p>\n<p>Die Figur ist an 47 Stellen beweglich und enth\u00e4lt eine funktionierende Sam Witwicky-Minifigur mit dem ALLSPARK-W\u00fcrfel.<br \/>\nVerwandle den Roboter in 48 Schritten in den Pontiac Solstice GXP Hardtop-Modus. Die TRANSFORMERS Masterpiece-Figuren zeigen die gr\u00f6\u00dften TRANSFORMERS-Charaktere in h\u00f6chster Detailtreue (jeweils separat erh\u00e4ltlich).<\/p>\n<p>Ultra-Premium-Sammelfiguren sind ein Muss f\u00fcr jede TRANSFORMERS-Sammlung. Die Masterpiece Movie Series-Kollektion enth\u00e4lt kultige Figuren aus den TRANSFORMERS-Filmen mit vom Film inspirierten Details und Zubeh\u00f6r.<\/p>\n<p>MPM-8 Megatron wird separat verkauft.<\/p>\n<ul>\n<li>Authentische und ultra-premium Figur des verwegenen AUTOBOT!<\/li>\n<li>Inspiriert durch den Transformers-Live-Action-Film von 2007.<\/li>\n<li>Kunststoff und geformt<\/li>\n<li>6,39 Zoll \/ 16,25 cm gro\u00df<\/li>\n<li>Jazz wird mit einem \"Schildkanonen\"-Armzubeh\u00f6r, einem \"Wirbels\u00e4ulen\"-Ansatz und einer Sam Witwicky-Figur geliefert.<\/li>\n<li>Mit 47 beweglichen Teilen, einschlie\u00dflich H\u00e4nden und Mund!<\/li>\n<\/ul>","protected":false},"excerpt":{"rendered":"<ul>\n<li>Authentische und ultra-premium Figur des verwegenen AUTOBOT!<\/li>\n<li>Inspiriert durch den Transformers-Live-Action-Film von 2007.<\/li>\n<li>Kunststoff und geformt<\/li>\n<li>6,39 Zoll \/ 16,25 cm gro\u00df<\/li>\n<li>Jazz wird mit einem \"Schildkanonen\"-Armzubeh\u00f6r, einem \"Wirbels\u00e4ulen\"-Ansatz und einer Sam Witwicky-Figur geliefert.<\/li>\n<li>Mit 47 beweglichen Teilen, einschlie\u00dflich H\u00e4nden und Mund!<\/li>\n<\/ul>","protected":false},"featured_media":178157,"comment_status":"open","ping_status":"closed","template":"","meta":{"inline_featured_image":false},"product_brand":[],"product_cat":[1955,68,69],"product_tag":[200,1759,199,201,202,203,1975,204],"giftcard-category":[],"class_list":{"0":"post-178156","1":"product","2":"type-product","3":"status-publish","4":"has-post-thumbnail","6":"product_cat-transformers","7":"product_cat-hasbro","8":"product_cat-takara-tomy","9":"product_tag-action-figures","10":"product_tag-action-toys","11":"product_tag-autobot","12":"product_tag-jazz","13":"product_tag-masterpiece-movie-series","14":"product_tag-takara-tomy","15":"product_tag-toys-figures","16":"product_tag-transformers","17":"product_shipping_class-from-china","18":"inventories-china-inventory","20":"first","21":"outofstock","22":"taxable","23":"shipping-taxable","24":"purchasable","25":"product-type-simple","26":"add-to-wishlist-after_add_to_cart"},"yoast_head":"<!-- This site is optimized with the Yoast SEO Premium plugin v25.3.1 (Yoast SEO v27.2) - https:\/\/yoast.com\/product\/yoast-seo-premium-wordpress\/ -->\n<title>Transformers: Masterpiece Movie Series MPM-9 Jazz<\/title>\n<meta name=\"robots\" content=\"index, follow, max-snippet:-1, max-image-preview:large, max-video-preview:-1\" \/>\n<link rel=\"canonical\" href=\"https:\/\/hobby4geek.com\/de\/produkt\/mpm-9-jazz\/\" \/>\n<meta property=\"og:locale\" content=\"de_DE\" \/>\n<meta property=\"og:type\" content=\"article\" \/>\n<meta property=\"og:title\" content=\"Transformers: Masterpiece Movie Series MPM-9 Jazz\" \/>\n<meta property=\"og:description\" content=\"Authentic and ultra-premium figurine of the audacious AUTOBOT!  Inspired by the 2007 Transformers live action movie.  Plastic and molded  6.39 inches \/ 16.25 cm tall  Jazz comes with a &quot;shield cannon&quot; arm accessory, a &quot;spine&quot; attachment, and a Sam Witwicky figure.  Features 47 points of articulation, including hands and mouth!\" \/>\n<meta property=\"og:url\" content=\"https:\/\/hobby4geek.com\/de\/produkt\/mpm-9-jazz\/\" \/>\n<meta property=\"og:site_name\" content=\"Hobby4Geek\" \/>\n<meta property=\"article:publisher\" content=\"https:\/\/www.facebook.com\/hobby4geek\" \/>\n<meta property=\"article:modified_time\" content=\"2024-05-12T11:55:29+00:00\" \/>\n<meta property=\"og:image\" content=\"https:\/\/hobby4geek.com\/wp-content\/uploads\/2023\/02\/masterpiece-movie-series-mpm-9-jazz.jpg\" \/>\n\t<meta property=\"og:image:width\" content=\"800\" \/>\n\t<meta property=\"og:image:height\" content=\"544\" \/>\n\t<meta property=\"og:image:type\" content=\"image\/jpeg\" \/>\n<meta name=\"twitter:card\" content=\"summary_large_image\" \/>\n<meta name=\"twitter:site\" content=\"@hobby4geek\" \/>\n<script type=\"application\/ld+json\" class=\"yoast-schema-graph\">{\"@context\":\"https:\/\/schema.org\",\"@graph\":[{\"@type\":\"WebPage\",\"@id\":\"https:\/\/hobby4geek.com\/product\/mpm-9-jazz\/\",\"url\":\"https:\/\/hobby4geek.com\/product\/mpm-9-jazz\/\",\"name\":\"Transformers: Masterpiece Movie Series MPM-9 Jazz\",\"isPartOf\":{\"@id\":\"https:\/\/hobby4geek.com\/#website\"},\"primaryImageOfPage\":{\"@id\":\"https:\/\/hobby4geek.com\/product\/mpm-9-jazz\/#primaryimage\"},\"image\":{\"@id\":\"https:\/\/hobby4geek.com\/product\/mpm-9-jazz\/#primaryimage\"},\"thumbnailUrl\":\"https:\/\/hobby4geek.com\/wp-content\/uploads\/2023\/02\/masterpiece-movie-series-mpm-9-jazz.jpg\",\"datePublished\":\"2019-04-04T10:04:28+00:00\",\"dateModified\":\"2024-05-12T11:55:29+00:00\",\"breadcrumb\":{\"@id\":\"https:\/\/hobby4geek.com\/product\/mpm-9-jazz\/#breadcrumb\"},\"inLanguage\":\"de\",\"potentialAction\":[{\"@type\":\"ReadAction\",\"target\":[\"https:\/\/hobby4geek.com\/product\/mpm-9-jazz\/\"]}]},{\"@type\":\"ImageObject\",\"inLanguage\":\"de\",\"@id\":\"https:\/\/hobby4geek.com\/product\/mpm-9-jazz\/#primaryimage\",\"url\":\"https:\/\/hobby4geek.com\/wp-content\/uploads\/2023\/02\/masterpiece-movie-series-mpm-9-jazz.jpg\",\"contentUrl\":\"https:\/\/hobby4geek.com\/wp-content\/uploads\/2023\/02\/masterpiece-movie-series-mpm-9-jazz.jpg\",\"width\":800,\"height\":544,\"caption\":\"FB IMG 1554583395556 E1569974941874\"},{\"@type\":\"BreadcrumbList\",\"@id\":\"https:\/\/hobby4geek.com\/product\/mpm-9-jazz\/#breadcrumb\",\"itemListElement\":[{\"@type\":\"ListItem\",\"position\":1,\"name\":\"Home\",\"item\":\"https:\/\/hobby4geek.com\/\"},{\"@type\":\"ListItem\",\"position\":2,\"name\":\"Shop\",\"item\":\"https:\/\/hobby4geek.com\/shop\/\"},{\"@type\":\"ListItem\",\"position\":3,\"name\":\"Transformers: Masterpiece Movie Series MPM-9 Jazz\"}]},{\"@type\":\"WebSite\",\"@id\":\"https:\/\/hobby4geek.com\/#website\",\"url\":\"https:\/\/hobby4geek.com\/\",\"name\":\"Hobby4Geek\",\"description\":\"Collect, Play &amp; Showcase, Embrace your Geekiness\",\"publisher\":{\"@id\":\"https:\/\/hobby4geek.com\/#organization\"},\"potentialAction\":[{\"@type\":\"SearchAction\",\"target\":{\"@type\":\"EntryPoint\",\"urlTemplate\":\"https:\/\/hobby4geek.com\/?s={search_term_string}\"},\"query-input\":{\"@type\":\"PropertyValueSpecification\",\"valueRequired\":true,\"valueName\":\"search_term_string\"}}],\"inLanguage\":\"de\"},{\"@type\":\"Organization\",\"@id\":\"https:\/\/hobby4geek.com\/#organization\",\"name\":\"Hobby4Geek\",\"url\":\"https:\/\/hobby4geek.com\/\",\"logo\":{\"@type\":\"ImageObject\",\"inLanguage\":\"de\",\"@id\":\"https:\/\/hobby4geek.com\/#\/schema\/logo\/image\/\",\"url\":\"https:\/\/hobby4geek.com\/wp-content\/uploads\/2023\/02\/default-kit.png\",\"contentUrl\":\"https:\/\/hobby4geek.com\/wp-content\/uploads\/2023\/02\/default-kit.png\",\"width\":600,\"height\":600,\"caption\":\"Hobby4Geek\"},\"image\":{\"@id\":\"https:\/\/hobby4geek.com\/#\/schema\/logo\/image\/\"},\"sameAs\":[\"https:\/\/www.facebook.com\/hobby4geek\",\"https:\/\/x.com\/hobby4geek\",\"https:\/\/www.instagram.com\/hobby4geek\/\"]}]}<\/script>\n<meta property=\"product:brand\" content=\"Transformers\" \/>\n<meta property=\"product:price:amount\" content=\"134.84\" \/>\n<meta property=\"product:price:currency\" content=\"EUR\" \/>\n<meta property=\"og:availability\" content=\"out of stock\" \/>\n<meta property=\"product:availability\" content=\"out of stock\" \/>\n<meta property=\"product:retailer_item_id\" content=\"masterpiecejazz-1\" \/>\n<meta property=\"product:condition\" content=\"new\" \/>\n<!-- \/ Yoast SEO Premium plugin. -->","yoast_head_json":{"title":"Transformers: Masterpiece Movie Series MPM-9 Jazz","robots":{"index":"index","follow":"follow","max-snippet":"max-snippet:-1","max-image-preview":"max-image-preview:large","max-video-preview":"max-video-preview:-1"},"canonical":"https:\/\/hobby4geek.com\/de\/produkt\/mpm-9-jazz\/","og_locale":"de_DE","og_type":"article","og_title":"Transformers: Masterpiece Movie Series MPM-9 Jazz","og_description":"Authentic and ultra-premium figurine of the audacious AUTOBOT!  Inspired by the 2007 Transformers live action movie.  Plastic and molded  6.39 inches \/ 16.25 cm tall  Jazz comes with a \"shield cannon\" arm accessory, a \"spine\" attachment, and a Sam Witwicky figure.  Features 47 points of articulation, including hands and mouth!","og_url":"https:\/\/hobby4geek.com\/de\/produkt\/mpm-9-jazz\/","og_site_name":"Hobby4Geek","article_publisher":"https:\/\/www.facebook.com\/hobby4geek","article_modified_time":"2024-05-12T11:55:29+00:00","og_image":[{"width":800,"height":544,"url":"https:\/\/hobby4geek.com\/wp-content\/uploads\/2023\/02\/masterpiece-movie-series-mpm-9-jazz.jpg","type":"image\/jpeg"}],"twitter_card":"summary_large_image","twitter_site":"@hobby4geek","schema":{"@context":"https:\/\/schema.org","@graph":[{"@type":"WebPage","@id":"https:\/\/hobby4geek.com\/product\/mpm-9-jazz\/","url":"https:\/\/hobby4geek.com\/product\/mpm-9-jazz\/","name":"Transformers: Masterpiece Movie Series MPM-9 Jazz","isPartOf":{"@id":"https:\/\/hobby4geek.com\/#website"},"primaryImageOfPage":{"@id":"https:\/\/hobby4geek.com\/product\/mpm-9-jazz\/#primaryimage"},"image":{"@id":"https:\/\/hobby4geek.com\/product\/mpm-9-jazz\/#primaryimage"},"thumbnailUrl":"https:\/\/hobby4geek.com\/wp-content\/uploads\/2023\/02\/masterpiece-movie-series-mpm-9-jazz.jpg","datePublished":"2019-04-04T10:04:28+00:00","dateModified":"2024-05-12T11:55:29+00:00","breadcrumb":{"@id":"https:\/\/hobby4geek.com\/product\/mpm-9-jazz\/#breadcrumb"},"inLanguage":"de","potentialAction":[{"@type":"ReadAction","target":["https:\/\/hobby4geek.com\/product\/mpm-9-jazz\/"]}]},{"@type":"ImageObject","inLanguage":"de","@id":"https:\/\/hobby4geek.com\/product\/mpm-9-jazz\/#primaryimage","url":"https:\/\/hobby4geek.com\/wp-content\/uploads\/2023\/02\/masterpiece-movie-series-mpm-9-jazz.jpg","contentUrl":"https:\/\/hobby4geek.com\/wp-content\/uploads\/2023\/02\/masterpiece-movie-series-mpm-9-jazz.jpg","width":800,"height":544,"caption":"FB IMG 1554583395556 E1569974941874"},{"@type":"BreadcrumbList","@id":"https:\/\/hobby4geek.com\/product\/mpm-9-jazz\/#breadcrumb","itemListElement":[{"@type":"ListItem","position":1,"name":"Home","item":"https:\/\/hobby4geek.com\/"},{"@type":"ListItem","position":2,"name":"Shop","item":"https:\/\/hobby4geek.com\/shop\/"},{"@type":"ListItem","position":3,"name":"Transformers: Masterpiece Movie Series MPM-9 Jazz"}]},{"@type":"WebSite","@id":"https:\/\/hobby4geek.com\/#website","url":"https:\/\/hobby4geek.com\/","name":"Hobby4Geek","description":"Sammeln, Spielen &amp; Pr\u00e4sentieren, Umarmung der Geekiness","publisher":{"@id":"https:\/\/hobby4geek.com\/#organization"},"potentialAction":[{"@type":"SearchAction","target":{"@type":"EntryPoint","urlTemplate":"https:\/\/hobby4geek.com\/?s={search_term_string}"},"query-input":{"@type":"PropertyValueSpecification","valueRequired":true,"valueName":"search_term_string"}}],"inLanguage":"de"},{"@type":"Organization","@id":"https:\/\/hobby4geek.com\/#organization","name":"Hobby4Geek","url":"https:\/\/hobby4geek.com\/","logo":{"@type":"ImageObject","inLanguage":"de","@id":"https:\/\/hobby4geek.com\/#\/schema\/logo\/image\/","url":"https:\/\/hobby4geek.com\/wp-content\/uploads\/2023\/02\/default-kit.png","contentUrl":"https:\/\/hobby4geek.com\/wp-content\/uploads\/2023\/02\/default-kit.png","width":600,"height":600,"caption":"Hobby4Geek"},"image":{"@id":"https:\/\/hobby4geek.com\/#\/schema\/logo\/image\/"},"sameAs":["https:\/\/www.facebook.com\/hobby4geek","https:\/\/x.com\/hobby4geek","https:\/\/www.instagram.com\/hobby4geek\/"]}]},"product_brand":"Transformers","product_price_amount":"134.84","product_price_currency":"EUR","og_availability":"out of stock","product_availability":"out of stock","product_retailer_item_id":"masterpiecejazz-1","product_condition":"new"},"_links":{"self":[{"href":"https:\/\/hobby4geek.com\/de\/wp-json\/wp\/v2\/product\/178156","targetHints":{"allow":["GET"]}}],"collection":[{"href":"https:\/\/hobby4geek.com\/de\/wp-json\/wp\/v2\/product"}],"about":[{"href":"https:\/\/hobby4geek.com\/de\/wp-json\/wp\/v2\/types\/product"}],"replies":[{"embeddable":true,"href":"https:\/\/hobby4geek.com\/de\/wp-json\/wp\/v2\/comments?post=178156"}],"version-history":[{"count":0,"href":"https:\/\/hobby4geek.com\/de\/wp-json\/wp\/v2\/product\/178156\/revisions"}],"wp:featuredmedia":[{"embeddable":true,"href":"https:\/\/hobby4geek.com\/de\/wp-json\/wp\/v2\/media\/178157"}],"wp:attachment":[{"href":"https:\/\/hobby4geek.com\/de\/wp-json\/wp\/v2\/media?parent=178156"}],"wp:term":[{"taxonomy":"product_brand","embeddable":true,"href":"https:\/\/hobby4geek.com\/de\/wp-json\/wp\/v2\/product_brand?post=178156"},{"taxonomy":"product_cat","embeddable":true,"href":"https:\/\/hobby4geek.com\/de\/wp-json\/wp\/v2\/product_cat?post=178156"},{"taxonomy":"product_tag","embeddable":true,"href":"https:\/\/hobby4geek.com\/de\/wp-json\/wp\/v2\/product_tag?post=178156"},{"taxonomy":"giftcard-category","embeddable":true,"href":"https:\/\/hobby4geek.com\/de\/wp-json\/wp\/v2\/giftcard-category?post=178156"}],"curies":[{"name":"wp","href":"https:\/\/api.w.org\/{rel}","templated":true}]}}