{"id":176032,"date":"2022-11-26T23:09:53","date_gmt":"2022-11-26T23:09:53","guid":{"rendered":"https:\/\/hobby4geek.com\/?post_type=product&#038;p=176032"},"modified":"2024-11-23T13:43:55","modified_gmt":"2024-11-23T12:43:55","slug":"fl-01-fury-leader","status":"publish","type":"product","link":"https:\/\/hobby4geek.com\/de\/produkt\/fl-01-fury-leader\/","title":{"rendered":"FL-01 - Anf\u00fchrer der Wut"},"content":{"rendered":"<p>\u00dcberdimensionale Version des Unique Toys R-04 Nero mit einigen Verbesserungen.<\/p>\n<p>Er verwandelt sich vom Roboter in einen Freightliner Argosy 2014 und umgekehrt!<\/p>\n<p>Die Figur ist im Ma\u00dfstab MPM gehalten und ist ca. 31,50 cm gro\u00df. Das Set ist mit abnehmbaren Waffen ausgestattet: Armklingen, Kanone, Raketenwerfer.<\/p>\n<p>Verbesserungen wurden an den Brustkorb Reaktor, Rippen, F\u00fc\u00dfe, Oberschenkel, die Gelenke des Beckens sind aus Metall, mehr gegossenen Details f\u00fcr eine noch bessere Wiedergabe gemacht.<\/p>\n<ul>\n<li>Material: ABS, Druckgu\u00df<\/li>\n<li>H\u00f6he: 31.50cm \/ 12.2\u2033<\/li>\n<li>Ma\u00dfstab: Film Masterpiece (MPM)<\/li>\n<li>Gelenkige H\u00e4nde<\/li>\n<li>2\u00d7 Armklingen<\/li>\n<li>1\u00d7 Kanone<\/li>\n<li>1\u00d7 Raketenwerfer<\/li>\n<\/ul>\n<p>Ben\u00f6tigt 2 Batterien (2x) AG3\/LR41\/192\/392<\/p>","protected":false},"excerpt":{"rendered":"<ul>\n<li>Material: ABS, Druckgu\u00df<\/li>\n<li>H\u00f6he: 31.50cm \/ 12.2\u2033<\/li>\n<li>Ma\u00dfstab: Film Masterpiece (MPM)<\/li>\n<li>Gelenkige H\u00e4nde<\/li>\n<li>2\u00d7 Armklingen<\/li>\n<li>1\u00d7 Kanone<\/li>\n<li>1\u00d7 Raketenwerfer<\/li>\n<\/ul>\n<p>Ben\u00f6tigt 2 Batterien (2x) AG3\/LR41\/192\/392<\/p>","protected":false},"featured_media":183096,"comment_status":"open","ping_status":"closed","template":"","meta":{"inline_featured_image":false},"product_brand":[],"product_cat":[94],"product_tag":[200,1759,2381,1837,1838,1839,497,231,299,957,1975,204,903,1826],"giftcard-category":[],"class_list":{"0":"post-176032","1":"product","2":"type-product","3":"status-publish","4":"has-post-thumbnail","6":"product_cat-4th-party","7":"product_tag-action-figures","8":"product_tag-action-toys","9":"product_tag-bs-04","10":"product_tag-bs04","11":"product_tag-fl-01","12":"product_tag-fl01","13":"product_tag-galvatron","14":"product_tag-movie-masterpiece","15":"product_tag-mpm","16":"product_tag-nero","17":"product_tag-toys-figures","18":"product_tag-transformers","19":"product_tag-transformers-age-of-extinction","20":"product_tag-ut-r-04-nero","21":"product_shipping_class-free-shipping","23":"first","24":"outofstock","25":"taxable","26":"shipping-taxable","27":"purchasable","28":"product-type-simple","29":"add-to-wishlist-after_add_to_cart"},"yoast_head":"<!-- This site is optimized with the Yoast SEO Premium plugin v25.3.1 (Yoast SEO v27.2) - https:\/\/yoast.com\/product\/yoast-seo-premium-wordpress\/ -->\n<title>FL-01 - Fury Leader<\/title>\n<meta name=\"robots\" content=\"index, follow, max-snippet:-1, max-image-preview:large, max-video-preview:-1\" \/>\n<link rel=\"canonical\" href=\"https:\/\/hobby4geek.com\/de\/produkt\/fl-01-fury-leader\/\" \/>\n<meta property=\"og:locale\" content=\"de_DE\" \/>\n<meta property=\"og:type\" content=\"article\" \/>\n<meta property=\"og:title\" content=\"FL-01 - Fury Leader\" \/>\n<meta property=\"og:description\" content=\"Material: ABS, die-cast  Height: 31.50cm \/ 12.2&quot;  Scale: Movie Masterpiece (MPM)  Articulated hands  2\u00d7 Arm Blades  1\u00d7 Cannon  1\u00d7 Missile Launcher  Requires 2 batteries (2x) AG3\/LR41\/192\/392\" \/>\n<meta property=\"og:url\" content=\"https:\/\/hobby4geek.com\/de\/produkt\/fl-01-fury-leader\/\" \/>\n<meta property=\"og:site_name\" content=\"Hobby4Geek\" \/>\n<meta property=\"article:publisher\" content=\"https:\/\/www.facebook.com\/hobby4geek\" \/>\n<meta property=\"article:modified_time\" content=\"2024-11-23T12:43:55+00:00\" \/>\n<meta property=\"og:image\" content=\"https:\/\/hobby4geek.com\/wp-content\/uploads\/2023\/02\/fl-01-fury-leader.png\" \/>\n\t<meta property=\"og:image:width\" content=\"1138\" \/>\n\t<meta property=\"og:image:height\" content=\"938\" \/>\n\t<meta property=\"og:image:type\" content=\"image\/png\" \/>\n<meta name=\"twitter:card\" content=\"summary_large_image\" \/>\n<meta name=\"twitter:site\" content=\"@hobby4geek\" \/>\n<script type=\"application\/ld+json\" class=\"yoast-schema-graph\">{\"@context\":\"https:\/\/schema.org\",\"@graph\":[{\"@type\":\"WebPage\",\"@id\":\"https:\/\/hobby4geek.com\/product\/fl-01-fury-leader\/\",\"url\":\"https:\/\/hobby4geek.com\/product\/fl-01-fury-leader\/\",\"name\":\"FL-01 - Fury Leader\",\"isPartOf\":{\"@id\":\"https:\/\/hobby4geek.com\/#website\"},\"primaryImageOfPage\":{\"@id\":\"https:\/\/hobby4geek.com\/product\/fl-01-fury-leader\/#primaryimage\"},\"image\":{\"@id\":\"https:\/\/hobby4geek.com\/product\/fl-01-fury-leader\/#primaryimage\"},\"thumbnailUrl\":\"https:\/\/hobby4geek.com\/wp-content\/uploads\/2023\/02\/fl-01-fury-leader.png\",\"datePublished\":\"2022-11-26T23:09:53+00:00\",\"dateModified\":\"2024-11-23T12:43:55+00:00\",\"breadcrumb\":{\"@id\":\"https:\/\/hobby4geek.com\/product\/fl-01-fury-leader\/#breadcrumb\"},\"inLanguage\":\"de\",\"potentialAction\":[{\"@type\":\"ReadAction\",\"target\":[\"https:\/\/hobby4geek.com\/product\/fl-01-fury-leader\/\"]}]},{\"@type\":\"ImageObject\",\"inLanguage\":\"de\",\"@id\":\"https:\/\/hobby4geek.com\/product\/fl-01-fury-leader\/#primaryimage\",\"url\":\"https:\/\/hobby4geek.com\/wp-content\/uploads\/2023\/02\/fl-01-fury-leader.png\",\"contentUrl\":\"https:\/\/hobby4geek.com\/wp-content\/uploads\/2023\/02\/fl-01-fury-leader.png\",\"width\":1138,\"height\":938},{\"@type\":\"BreadcrumbList\",\"@id\":\"https:\/\/hobby4geek.com\/product\/fl-01-fury-leader\/#breadcrumb\",\"itemListElement\":[{\"@type\":\"ListItem\",\"position\":1,\"name\":\"Home\",\"item\":\"https:\/\/hobby4geek.com\/\"},{\"@type\":\"ListItem\",\"position\":2,\"name\":\"Shop\",\"item\":\"https:\/\/hobby4geek.com\/shop\/\"},{\"@type\":\"ListItem\",\"position\":3,\"name\":\"FL-01 &#8211; Fury Leader\"}]},{\"@type\":\"WebSite\",\"@id\":\"https:\/\/hobby4geek.com\/#website\",\"url\":\"https:\/\/hobby4geek.com\/\",\"name\":\"Hobby4Geek\",\"description\":\"Collect, Play &amp; Showcase, Embrace your Geekiness\",\"publisher\":{\"@id\":\"https:\/\/hobby4geek.com\/#organization\"},\"potentialAction\":[{\"@type\":\"SearchAction\",\"target\":{\"@type\":\"EntryPoint\",\"urlTemplate\":\"https:\/\/hobby4geek.com\/?s={search_term_string}\"},\"query-input\":{\"@type\":\"PropertyValueSpecification\",\"valueRequired\":true,\"valueName\":\"search_term_string\"}}],\"inLanguage\":\"de\"},{\"@type\":\"Organization\",\"@id\":\"https:\/\/hobby4geek.com\/#organization\",\"name\":\"Hobby4Geek\",\"url\":\"https:\/\/hobby4geek.com\/\",\"logo\":{\"@type\":\"ImageObject\",\"inLanguage\":\"de\",\"@id\":\"https:\/\/hobby4geek.com\/#\/schema\/logo\/image\/\",\"url\":\"https:\/\/hobby4geek.com\/wp-content\/uploads\/2023\/02\/default-kit.png\",\"contentUrl\":\"https:\/\/hobby4geek.com\/wp-content\/uploads\/2023\/02\/default-kit.png\",\"width\":600,\"height\":600,\"caption\":\"Hobby4Geek\"},\"image\":{\"@id\":\"https:\/\/hobby4geek.com\/#\/schema\/logo\/image\/\"},\"sameAs\":[\"https:\/\/www.facebook.com\/hobby4geek\",\"https:\/\/x.com\/hobby4geek\",\"https:\/\/www.instagram.com\/hobby4geek\/\"]}]}<\/script>\n<meta property=\"product:brand\" content=\"4th Party\" \/>\n<meta property=\"product:price:amount\" content=\"128.00\" \/>\n<meta property=\"product:price:currency\" content=\"EUR\" \/>\n<meta property=\"og:availability\" content=\"out of stock\" \/>\n<meta property=\"product:availability\" content=\"out of stock\" \/>\n<meta property=\"product:condition\" content=\"new\" \/>\n<!-- \/ Yoast SEO Premium plugin. -->","yoast_head_json":{"title":"FL-01 - Anf\u00fchrer der Wut","robots":{"index":"index","follow":"follow","max-snippet":"max-snippet:-1","max-image-preview":"max-image-preview:large","max-video-preview":"max-video-preview:-1"},"canonical":"https:\/\/hobby4geek.com\/de\/produkt\/fl-01-fury-leader\/","og_locale":"de_DE","og_type":"article","og_title":"FL-01 - Fury Leader","og_description":"Material: ABS, die-cast  Height: 31.50cm \/ 12.2\"  Scale: Movie Masterpiece (MPM)  Articulated hands  2\u00d7 Arm Blades  1\u00d7 Cannon  1\u00d7 Missile Launcher  Requires 2 batteries (2x) AG3\/LR41\/192\/392","og_url":"https:\/\/hobby4geek.com\/de\/produkt\/fl-01-fury-leader\/","og_site_name":"Hobby4Geek","article_publisher":"https:\/\/www.facebook.com\/hobby4geek","article_modified_time":"2024-11-23T12:43:55+00:00","og_image":[{"width":1138,"height":938,"url":"https:\/\/hobby4geek.com\/wp-content\/uploads\/2023\/02\/fl-01-fury-leader.png","type":"image\/png"}],"twitter_card":"summary_large_image","twitter_site":"@hobby4geek","schema":{"@context":"https:\/\/schema.org","@graph":[{"@type":"WebPage","@id":"https:\/\/hobby4geek.com\/product\/fl-01-fury-leader\/","url":"https:\/\/hobby4geek.com\/product\/fl-01-fury-leader\/","name":"FL-01 - Anf\u00fchrer der Wut","isPartOf":{"@id":"https:\/\/hobby4geek.com\/#website"},"primaryImageOfPage":{"@id":"https:\/\/hobby4geek.com\/product\/fl-01-fury-leader\/#primaryimage"},"image":{"@id":"https:\/\/hobby4geek.com\/product\/fl-01-fury-leader\/#primaryimage"},"thumbnailUrl":"https:\/\/hobby4geek.com\/wp-content\/uploads\/2023\/02\/fl-01-fury-leader.png","datePublished":"2022-11-26T23:09:53+00:00","dateModified":"2024-11-23T12:43:55+00:00","breadcrumb":{"@id":"https:\/\/hobby4geek.com\/product\/fl-01-fury-leader\/#breadcrumb"},"inLanguage":"de","potentialAction":[{"@type":"ReadAction","target":["https:\/\/hobby4geek.com\/product\/fl-01-fury-leader\/"]}]},{"@type":"ImageObject","inLanguage":"de","@id":"https:\/\/hobby4geek.com\/product\/fl-01-fury-leader\/#primaryimage","url":"https:\/\/hobby4geek.com\/wp-content\/uploads\/2023\/02\/fl-01-fury-leader.png","contentUrl":"https:\/\/hobby4geek.com\/wp-content\/uploads\/2023\/02\/fl-01-fury-leader.png","width":1138,"height":938},{"@type":"BreadcrumbList","@id":"https:\/\/hobby4geek.com\/product\/fl-01-fury-leader\/#breadcrumb","itemListElement":[{"@type":"ListItem","position":1,"name":"Home","item":"https:\/\/hobby4geek.com\/"},{"@type":"ListItem","position":2,"name":"Shop","item":"https:\/\/hobby4geek.com\/shop\/"},{"@type":"ListItem","position":3,"name":"FL-01 &#8211; Fury Leader"}]},{"@type":"WebSite","@id":"https:\/\/hobby4geek.com\/#website","url":"https:\/\/hobby4geek.com\/","name":"Hobby4Geek","description":"Sammeln, Spielen &amp; Pr\u00e4sentieren, Umarmung der Geekiness","publisher":{"@id":"https:\/\/hobby4geek.com\/#organization"},"potentialAction":[{"@type":"SearchAction","target":{"@type":"EntryPoint","urlTemplate":"https:\/\/hobby4geek.com\/?s={search_term_string}"},"query-input":{"@type":"PropertyValueSpecification","valueRequired":true,"valueName":"search_term_string"}}],"inLanguage":"de"},{"@type":"Organization","@id":"https:\/\/hobby4geek.com\/#organization","name":"Hobby4Geek","url":"https:\/\/hobby4geek.com\/","logo":{"@type":"ImageObject","inLanguage":"de","@id":"https:\/\/hobby4geek.com\/#\/schema\/logo\/image\/","url":"https:\/\/hobby4geek.com\/wp-content\/uploads\/2023\/02\/default-kit.png","contentUrl":"https:\/\/hobby4geek.com\/wp-content\/uploads\/2023\/02\/default-kit.png","width":600,"height":600,"caption":"Hobby4Geek"},"image":{"@id":"https:\/\/hobby4geek.com\/#\/schema\/logo\/image\/"},"sameAs":["https:\/\/www.facebook.com\/hobby4geek","https:\/\/x.com\/hobby4geek","https:\/\/www.instagram.com\/hobby4geek\/"]}]},"product_brand":"4th Party","product_price_amount":"128.00","product_price_currency":"EUR","og_availability":"out of stock","product_availability":"out of stock","product_condition":"new"},"_links":{"self":[{"href":"https:\/\/hobby4geek.com\/de\/wp-json\/wp\/v2\/product\/176032","targetHints":{"allow":["GET"]}}],"collection":[{"href":"https:\/\/hobby4geek.com\/de\/wp-json\/wp\/v2\/product"}],"about":[{"href":"https:\/\/hobby4geek.com\/de\/wp-json\/wp\/v2\/types\/product"}],"replies":[{"embeddable":true,"href":"https:\/\/hobby4geek.com\/de\/wp-json\/wp\/v2\/comments?post=176032"}],"version-history":[{"count":0,"href":"https:\/\/hobby4geek.com\/de\/wp-json\/wp\/v2\/product\/176032\/revisions"}],"wp:featuredmedia":[{"embeddable":true,"href":"https:\/\/hobby4geek.com\/de\/wp-json\/wp\/v2\/media\/183096"}],"wp:attachment":[{"href":"https:\/\/hobby4geek.com\/de\/wp-json\/wp\/v2\/media?parent=176032"}],"wp:term":[{"taxonomy":"product_brand","embeddable":true,"href":"https:\/\/hobby4geek.com\/de\/wp-json\/wp\/v2\/product_brand?post=176032"},{"taxonomy":"product_cat","embeddable":true,"href":"https:\/\/hobby4geek.com\/de\/wp-json\/wp\/v2\/product_cat?post=176032"},{"taxonomy":"product_tag","embeddable":true,"href":"https:\/\/hobby4geek.com\/de\/wp-json\/wp\/v2\/product_tag?post=176032"},{"taxonomy":"giftcard-category","embeddable":true,"href":"https:\/\/hobby4geek.com\/de\/wp-json\/wp\/v2\/giftcard-category?post=176032"}],"curies":[{"name":"wp","href":"https:\/\/api.w.org\/{rel}","templated":true}]}}