{"id":175972,"date":"2022-11-18T20:18:17","date_gmt":"2022-11-18T20:18:17","guid":{"rendered":"https:\/\/hobby4geek.com\/?post_type=product&#038;p=175972"},"modified":"2026-04-03T11:43:18","modified_gmt":"2026-04-03T10:43:18","slug":"l8-upgrade-head-for-dlx-tlk-bumblebee","status":"publish","type":"product","link":"https:\/\/hobby4geek.com\/de\/produkt\/l8-upgrade-head-for-dlx-tlk-bumblebee\/","title":{"rendered":"L8 - Upgrade-Kopf f\u00fcr DLX TLK Bumblebee"},"content":{"rendered":"<p>L8 Studio hat diese wunderbare geformte Kunststoff-Kopf sch\u00f6n bemalt, es ist ultra realistisch und treu zu den Transformers 5 The Last Knight Filme!<\/p>\n<p>Der Kopf ist kompatibel mit dem erstaunlichen \"<a href=\"https:\/\/hobby4geek.com\/de\/produkt\/threezero-transformers-the-last-knight-dlx-bumblebee\/\" target=\"_blank\" rel=\"noopener\">ThreeZero - Transformers: The Last Knight DLX Bumblebee<\/a>\", um dem Ganzen den letzten Schliff zu geben!<\/p>\n<p>Schalten Sie die sch\u00f6nen LED-Augen mit einem Schalter unter der Sch\u00e4deldecke ein und pr\u00e4sentieren Sie Ihre Figur mit Stolz.<\/p>\n<ul>\n<li>Kopf kompatibel mit DLX TLK Bumblebee<\/li>\n<li>Filmgetreu (Movie Accurate)<\/li>\n<li>Geformte Cybertron- und Autobot-Symbole<\/li>\n<li>Geformter Kunststoff<\/li>\n<li>Hohleffekt-LED-Augen von L8 Studio<\/li>\n<li>Leicht zu montieren<\/li>\n<li>Auswechselbare Kampfmaske<\/li>\n<\/ul>","protected":false},"excerpt":{"rendered":"<ul>\n<li>Kopf kompatibel mit DLX TLK Bumblebee<\/li>\n<li>Filmgetreu (Movie Accurate)<\/li>\n<li>Geformte Cybertron- und Autobot-Symbole<\/li>\n<li>Geformter Kunststoff<\/li>\n<li>Hohleffekt-LED-Augen von L8 Studio<\/li>\n<li>Leicht zu montieren<\/li>\n<li>Auswechselbare Kampfmaske<\/li>\n<\/ul>","protected":false},"featured_media":185208,"comment_status":"open","ping_status":"closed","template":"","meta":{"inline_featured_image":false},"product_brand":[],"product_cat":[149],"product_tag":[274,224,827,1213,1327,1328,659,1827,442],"giftcard-category":[],"class_list":{"0":"post-175972","1":"product","2":"type-product","3":"status-publish","4":"has-post-thumbnail","6":"product_cat-l8-repaint-","7":"product_tag-add-ons","8":"product_tag-bumblebee","9":"product_tag-commander-thunder-leader","10":"product_tag-dlx","11":"product_tag-head","12":"product_tag-l8-studio","13":"product_tag-the-last-knight","14":"product_tag-trhee-zero","15":"product_tag-upgrade-kit","16":"product_shipping_class-free-shipping","17":"inventories-china-inventory","19":"first","20":"onbackorder","21":"taxable","22":"shipping-taxable","23":"purchasable","24":"product-type-simple","25":"add-to-wishlist-after_add_to_cart"},"yoast_head":"<!-- This site is optimized with the Yoast SEO Premium plugin v25.3.1 (Yoast SEO v27.2) - https:\/\/yoast.com\/product\/yoast-seo-premium-wordpress\/ -->\n<title>L8 - Upgrade Head for DLX TLK Bumblebee<\/title>\n<meta name=\"robots\" content=\"index, follow, max-snippet:-1, max-image-preview:large, max-video-preview:-1\" \/>\n<link rel=\"canonical\" href=\"https:\/\/hobby4geek.com\/de\/produkt\/l8-upgrade-head-for-dlx-tlk-bumblebee\/\" \/>\n<meta property=\"og:locale\" content=\"de_DE\" \/>\n<meta property=\"og:type\" content=\"article\" \/>\n<meta property=\"og:title\" content=\"L8 - Upgrade Head for DLX TLK Bumblebee\" \/>\n<meta property=\"og:description\" content=\"Head compatible with DLX TLK Bumblebee  True to Movie (Movie Accurate)  Molded Cybertron and Autobot Symbols  Molded plastic  Hollow Effect LED Eyes by L8 Studio  Easy to mount  Interchangeable battle mask\" \/>\n<meta property=\"og:url\" content=\"https:\/\/hobby4geek.com\/de\/produkt\/l8-upgrade-head-for-dlx-tlk-bumblebee\/\" \/>\n<meta property=\"og:site_name\" content=\"Hobby4Geek\" \/>\n<meta property=\"article:publisher\" content=\"https:\/\/www.facebook.com\/hobby4geek\" \/>\n<meta property=\"article:modified_time\" content=\"2026-04-03T10:43:18+00:00\" \/>\n<meta property=\"og:image\" content=\"https:\/\/hobby4geek.com\/wp-content\/uploads\/2022\/11\/l8-upgrade-head-for-dlx-tlk-bumblebee.webp\" \/>\n\t<meta property=\"og:image:width\" content=\"1080\" \/>\n\t<meta property=\"og:image:height\" content=\"1015\" \/>\n\t<meta property=\"og:image:type\" content=\"image\/webp\" \/>\n<meta name=\"twitter:card\" content=\"summary_large_image\" \/>\n<meta name=\"twitter:site\" content=\"@hobby4geek\" \/>\n<script type=\"application\/ld+json\" class=\"yoast-schema-graph\">{\"@context\":\"https:\/\/schema.org\",\"@graph\":[{\"@type\":\"WebPage\",\"@id\":\"https:\/\/hobby4geek.com\/product\/l8-upgrade-head-for-dlx-tlk-bumblebee\/\",\"url\":\"https:\/\/hobby4geek.com\/product\/l8-upgrade-head-for-dlx-tlk-bumblebee\/\",\"name\":\"L8 - Upgrade Head for DLX TLK Bumblebee\",\"isPartOf\":{\"@id\":\"https:\/\/hobby4geek.com\/#website\"},\"primaryImageOfPage\":{\"@id\":\"https:\/\/hobby4geek.com\/product\/l8-upgrade-head-for-dlx-tlk-bumblebee\/#primaryimage\"},\"image\":{\"@id\":\"https:\/\/hobby4geek.com\/product\/l8-upgrade-head-for-dlx-tlk-bumblebee\/#primaryimage\"},\"thumbnailUrl\":\"https:\/\/hobby4geek.com\/wp-content\/uploads\/2022\/11\/l8-upgrade-head-for-dlx-tlk-bumblebee.webp\",\"datePublished\":\"2022-11-18T20:18:17+00:00\",\"dateModified\":\"2026-04-03T10:43:18+00:00\",\"breadcrumb\":{\"@id\":\"https:\/\/hobby4geek.com\/product\/l8-upgrade-head-for-dlx-tlk-bumblebee\/#breadcrumb\"},\"inLanguage\":\"de\",\"potentialAction\":[{\"@type\":\"ReadAction\",\"target\":[\"https:\/\/hobby4geek.com\/product\/l8-upgrade-head-for-dlx-tlk-bumblebee\/\"]}]},{\"@type\":\"ImageObject\",\"inLanguage\":\"de\",\"@id\":\"https:\/\/hobby4geek.com\/product\/l8-upgrade-head-for-dlx-tlk-bumblebee\/#primaryimage\",\"url\":\"https:\/\/hobby4geek.com\/wp-content\/uploads\/2022\/11\/l8-upgrade-head-for-dlx-tlk-bumblebee.webp\",\"contentUrl\":\"https:\/\/hobby4geek.com\/wp-content\/uploads\/2022\/11\/l8-upgrade-head-for-dlx-tlk-bumblebee.webp\",\"width\":1080,\"height\":1015},{\"@type\":\"BreadcrumbList\",\"@id\":\"https:\/\/hobby4geek.com\/product\/l8-upgrade-head-for-dlx-tlk-bumblebee\/#breadcrumb\",\"itemListElement\":[{\"@type\":\"ListItem\",\"position\":1,\"name\":\"Home\",\"item\":\"https:\/\/hobby4geek.com\/\"},{\"@type\":\"ListItem\",\"position\":2,\"name\":\"Shop\",\"item\":\"https:\/\/hobby4geek.com\/shop\/\"},{\"@type\":\"ListItem\",\"position\":3,\"name\":\"L8 &#8211; Upgrade Head for DLX TLK Bumblebee\"}]},{\"@type\":\"WebSite\",\"@id\":\"https:\/\/hobby4geek.com\/#website\",\"url\":\"https:\/\/hobby4geek.com\/\",\"name\":\"Hobby4Geek\",\"description\":\"Collect, Play &amp; Showcase, Embrace your Geekiness\",\"publisher\":{\"@id\":\"https:\/\/hobby4geek.com\/#organization\"},\"potentialAction\":[{\"@type\":\"SearchAction\",\"target\":{\"@type\":\"EntryPoint\",\"urlTemplate\":\"https:\/\/hobby4geek.com\/?s={search_term_string}\"},\"query-input\":{\"@type\":\"PropertyValueSpecification\",\"valueRequired\":true,\"valueName\":\"search_term_string\"}}],\"inLanguage\":\"de\"},{\"@type\":\"Organization\",\"@id\":\"https:\/\/hobby4geek.com\/#organization\",\"name\":\"Hobby4Geek\",\"url\":\"https:\/\/hobby4geek.com\/\",\"logo\":{\"@type\":\"ImageObject\",\"inLanguage\":\"de\",\"@id\":\"https:\/\/hobby4geek.com\/#\/schema\/logo\/image\/\",\"url\":\"https:\/\/hobby4geek.com\/wp-content\/uploads\/2023\/02\/default-kit.png\",\"contentUrl\":\"https:\/\/hobby4geek.com\/wp-content\/uploads\/2023\/02\/default-kit.png\",\"width\":600,\"height\":600,\"caption\":\"Hobby4Geek\"},\"image\":{\"@id\":\"https:\/\/hobby4geek.com\/#\/schema\/logo\/image\/\"},\"sameAs\":[\"https:\/\/www.facebook.com\/hobby4geek\",\"https:\/\/x.com\/hobby4geek\",\"https:\/\/www.instagram.com\/hobby4geek\/\"]}]}<\/script>\n<meta property=\"product:brand\" content=\"L8 Repaint \u5730\u9752\u79d1\u6280\" \/>\n<meta property=\"product:price:amount\" content=\"104.00\" \/>\n<meta property=\"product:price:currency\" content=\"EUR\" \/>\n<meta property=\"og:availability\" content=\"backorder\" \/>\n<meta property=\"product:availability\" content=\"available for order\" \/>\n<meta property=\"product:condition\" content=\"new\" \/>\n<!-- \/ Yoast SEO Premium plugin. -->","yoast_head_json":{"title":"L8 - Upgrade-Kopf f\u00fcr DLX TLK Bumblebee","robots":{"index":"index","follow":"follow","max-snippet":"max-snippet:-1","max-image-preview":"max-image-preview:large","max-video-preview":"max-video-preview:-1"},"canonical":"https:\/\/hobby4geek.com\/de\/produkt\/l8-upgrade-head-for-dlx-tlk-bumblebee\/","og_locale":"de_DE","og_type":"article","og_title":"L8 - Upgrade Head for DLX TLK Bumblebee","og_description":"Head compatible with DLX TLK Bumblebee  True to Movie (Movie Accurate)  Molded Cybertron and Autobot Symbols  Molded plastic  Hollow Effect LED Eyes by L8 Studio  Easy to mount  Interchangeable battle mask","og_url":"https:\/\/hobby4geek.com\/de\/produkt\/l8-upgrade-head-for-dlx-tlk-bumblebee\/","og_site_name":"Hobby4Geek","article_publisher":"https:\/\/www.facebook.com\/hobby4geek","article_modified_time":"2026-04-03T10:43:18+00:00","og_image":[{"width":1080,"height":1015,"url":"https:\/\/hobby4geek.com\/wp-content\/uploads\/2022\/11\/l8-upgrade-head-for-dlx-tlk-bumblebee.webp","type":"image\/webp"}],"twitter_card":"summary_large_image","twitter_site":"@hobby4geek","schema":{"@context":"https:\/\/schema.org","@graph":[{"@type":"WebPage","@id":"https:\/\/hobby4geek.com\/product\/l8-upgrade-head-for-dlx-tlk-bumblebee\/","url":"https:\/\/hobby4geek.com\/product\/l8-upgrade-head-for-dlx-tlk-bumblebee\/","name":"L8 - Upgrade-Kopf f\u00fcr DLX TLK Bumblebee","isPartOf":{"@id":"https:\/\/hobby4geek.com\/#website"},"primaryImageOfPage":{"@id":"https:\/\/hobby4geek.com\/product\/l8-upgrade-head-for-dlx-tlk-bumblebee\/#primaryimage"},"image":{"@id":"https:\/\/hobby4geek.com\/product\/l8-upgrade-head-for-dlx-tlk-bumblebee\/#primaryimage"},"thumbnailUrl":"https:\/\/hobby4geek.com\/wp-content\/uploads\/2022\/11\/l8-upgrade-head-for-dlx-tlk-bumblebee.webp","datePublished":"2022-11-18T20:18:17+00:00","dateModified":"2026-04-03T10:43:18+00:00","breadcrumb":{"@id":"https:\/\/hobby4geek.com\/product\/l8-upgrade-head-for-dlx-tlk-bumblebee\/#breadcrumb"},"inLanguage":"de","potentialAction":[{"@type":"ReadAction","target":["https:\/\/hobby4geek.com\/product\/l8-upgrade-head-for-dlx-tlk-bumblebee\/"]}]},{"@type":"ImageObject","inLanguage":"de","@id":"https:\/\/hobby4geek.com\/product\/l8-upgrade-head-for-dlx-tlk-bumblebee\/#primaryimage","url":"https:\/\/hobby4geek.com\/wp-content\/uploads\/2022\/11\/l8-upgrade-head-for-dlx-tlk-bumblebee.webp","contentUrl":"https:\/\/hobby4geek.com\/wp-content\/uploads\/2022\/11\/l8-upgrade-head-for-dlx-tlk-bumblebee.webp","width":1080,"height":1015},{"@type":"BreadcrumbList","@id":"https:\/\/hobby4geek.com\/product\/l8-upgrade-head-for-dlx-tlk-bumblebee\/#breadcrumb","itemListElement":[{"@type":"ListItem","position":1,"name":"Home","item":"https:\/\/hobby4geek.com\/"},{"@type":"ListItem","position":2,"name":"Shop","item":"https:\/\/hobby4geek.com\/shop\/"},{"@type":"ListItem","position":3,"name":"L8 &#8211; Upgrade Head for DLX TLK Bumblebee"}]},{"@type":"WebSite","@id":"https:\/\/hobby4geek.com\/#website","url":"https:\/\/hobby4geek.com\/","name":"Hobby4Geek","description":"Sammeln, Spielen &amp; Pr\u00e4sentieren, Umarmung der Geekiness","publisher":{"@id":"https:\/\/hobby4geek.com\/#organization"},"potentialAction":[{"@type":"SearchAction","target":{"@type":"EntryPoint","urlTemplate":"https:\/\/hobby4geek.com\/?s={search_term_string}"},"query-input":{"@type":"PropertyValueSpecification","valueRequired":true,"valueName":"search_term_string"}}],"inLanguage":"de"},{"@type":"Organization","@id":"https:\/\/hobby4geek.com\/#organization","name":"Hobby4Geek","url":"https:\/\/hobby4geek.com\/","logo":{"@type":"ImageObject","inLanguage":"de","@id":"https:\/\/hobby4geek.com\/#\/schema\/logo\/image\/","url":"https:\/\/hobby4geek.com\/wp-content\/uploads\/2023\/02\/default-kit.png","contentUrl":"https:\/\/hobby4geek.com\/wp-content\/uploads\/2023\/02\/default-kit.png","width":600,"height":600,"caption":"Hobby4Geek"},"image":{"@id":"https:\/\/hobby4geek.com\/#\/schema\/logo\/image\/"},"sameAs":["https:\/\/www.facebook.com\/hobby4geek","https:\/\/x.com\/hobby4geek","https:\/\/www.instagram.com\/hobby4geek\/"]}]},"product_brand":"L8 Repaint \u5730\u9752\u79d1\u6280","product_price_amount":"104.00","product_price_currency":"EUR","og_availability":"backorder","product_availability":"available for order","product_condition":"new"},"_links":{"self":[{"href":"https:\/\/hobby4geek.com\/de\/wp-json\/wp\/v2\/product\/175972","targetHints":{"allow":["GET"]}}],"collection":[{"href":"https:\/\/hobby4geek.com\/de\/wp-json\/wp\/v2\/product"}],"about":[{"href":"https:\/\/hobby4geek.com\/de\/wp-json\/wp\/v2\/types\/product"}],"replies":[{"embeddable":true,"href":"https:\/\/hobby4geek.com\/de\/wp-json\/wp\/v2\/comments?post=175972"}],"version-history":[{"count":0,"href":"https:\/\/hobby4geek.com\/de\/wp-json\/wp\/v2\/product\/175972\/revisions"}],"wp:featuredmedia":[{"embeddable":true,"href":"https:\/\/hobby4geek.com\/de\/wp-json\/wp\/v2\/media\/185208"}],"wp:attachment":[{"href":"https:\/\/hobby4geek.com\/de\/wp-json\/wp\/v2\/media?parent=175972"}],"wp:term":[{"taxonomy":"product_brand","embeddable":true,"href":"https:\/\/hobby4geek.com\/de\/wp-json\/wp\/v2\/product_brand?post=175972"},{"taxonomy":"product_cat","embeddable":true,"href":"https:\/\/hobby4geek.com\/de\/wp-json\/wp\/v2\/product_cat?post=175972"},{"taxonomy":"product_tag","embeddable":true,"href":"https:\/\/hobby4geek.com\/de\/wp-json\/wp\/v2\/product_tag?post=175972"},{"taxonomy":"giftcard-category","embeddable":true,"href":"https:\/\/hobby4geek.com\/de\/wp-json\/wp\/v2\/giftcard-category?post=175972"}],"curies":[{"name":"wp","href":"https:\/\/api.w.org\/{rel}","templated":true}]}}