{"id":175329,"date":"2023-04-10T19:29:54","date_gmt":"2023-04-10T18:29:54","guid":{"rendered":"https:\/\/hobby4geek.com\/?post_type=product&#038;p=175329"},"modified":"2024-05-12T12:59:02","modified_gmt":"2024-05-12T11:59:02","slug":"threezero-transformers-revenge-of-the-fallen-dlx-megatron","status":"publish","type":"product","link":"https:\/\/hobby4geek.com\/de\/produkt\/threezero-transformers-revenge-of-the-fallen-dlx-megatron\/","title":{"rendered":"ThreeZero - Transformers : Die Rache der Gefallenen DLX Megatron"},"content":{"rendered":"<p>Hasbro und threezero freuen sich, Megatron aus dem Film Transformers: Revenge of the Fallen als n\u00e4chste Figur der Transformers DLX Sammelfigurenserie vorstellen zu k\u00f6nnen!<\/p>\n<p>Mit einer Gr\u00f6\u00dfe von 12 Zoll (~31cm) verf\u00fcgt die Transformers: Revenge of the Fallen - DLX Megatron Sammelfigur \u00fcber ca. 53 Gelenkpunkte, einen Metalldruckgussrahmen und LED-beleuchtete Augen. Die Tank-Tritte an den Kniegelenken bilden die Rotationsmechanik aus dem Film nach, mit einer Verbindung zwischen den Schienbeinen, die den Kn\u00f6chel kreuzt und f\u00fcr au\u00dfergew\u00f6hnliche Beweglichkeit sorgt. Zum Zubeh\u00f6r geh\u00f6ren eine austauschbare Fusionskanone mit rechtem Unterarm, zwei Paar austauschbare H\u00e4nde und ein DLX-Aktionsst\u00e4nder f\u00fcr noch dynamischere Posen.<\/p>\n<p>DLX-Sammelfiguren zeichnen sich durch aufwendige, kleinere Transformer-Designs mit hohem Produktionswert aus. Mit seinem einzigartigen Druckguss-Metallrahmen-Design bietet DLX nicht nur eine erweiterte Palette von Artikulationen, sondern verbessert auch das Gewicht und die Haltbarkeit drastisch. Mit der detaillierten, verwitterten Lackierung von threezero wird eine bemerkenswerte \u00c4hnlichkeit mit den Charakteren erreicht, wie sie in den Originalmedien zu sehen sind.<\/p>\n<p>TRANSFORMERS und alle dazugeh\u00f6rigen Charaktere sind Warenzeichen von Hasbro und werden mit Genehmigung verwendet. \u00a9\ufe0f2022 Hasbro. Alle Rechte vorbehalten. \u00a9\ufe0f2022 DreamWorks LLC und Paramount Pictures Corporation. Alle Rechte vorbehalten. Lizensiert durch Hasbro.<\/p>\n<ul>\n<li>Offiziell lizenziert von Hasbro und TakaraTomy<\/li>\n<li>Ungef\u00e4hr 12\u2033 (31cm) gro\u00df<\/li>\n<li>Ungef\u00e4hr 53 Gelenkpunkte<\/li>\n<li>LED-beleuchtete Augen*<\/li>\n<li>Rahmen aus Metalldruckguss<\/li>\n<li>Detaillierter und verwitterter Farbauftrag<\/li>\n<li>Inter-Link Funktion Reservoir Lauffl\u00e4chen an den Sprunggelenken<\/li>\n<\/ul>\n<p><strong>Zubeh\u00f6r:<\/strong><\/p>\n<ul>\n<li>Eine (1) Fusionskanone (austauschbar mit dem rechten Unterarm)<\/li>\n<li>Zwei (2) Paar austauschbare H\u00e4nde: (1) Paar entspannte H\u00e4nde und (1) Paar Aktionsh\u00e4nde<\/li>\n<li>Ein (1) DLX Action Stand<\/li>\n<\/ul>\n<p><strong>Bemerkungen<br \/>\n<\/strong>*LED-Funktionen erfordern AG13 x2 Batterien (Batterien nicht enthalten)<\/p>\n<p><strong>Materialien<br \/>\n<\/strong>Zinkdruckgusslegierung, POM, ABS und PVC<\/p>","protected":false},"excerpt":{"rendered":"<ul>\n<li>Offiziell lizenziert von Hasbro und TakaraTomy<\/li>\n<li>Ungef\u00e4hr 12\u2033 (31cm) gro\u00df<\/li>\n<li>Ungef\u00e4hr 53 Gelenkpunkte<\/li>\n<li>LED-beleuchtete Augen*<\/li>\n<li>Rahmen aus Metalldruckguss<\/li>\n<li>Detaillierter und verwitterter Farbauftrag<\/li>\n<li>Inter-Link Funktion Reservoir Lauffl\u00e4chen an den Sprunggelenken<\/li>\n<\/ul>\n<p><strong>Zubeh\u00f6r:<\/strong><\/p>\n<ul>\n<li>Eine (1) Fusionskanone (austauschbar mit dem rechten Unterarm)<\/li>\n<li>Zwei (2) Paar austauschbare H\u00e4nde: (1) Paar entspannte H\u00e4nde und (1) Paar Aktionsh\u00e4nde<\/li>\n<li>Ein (1) DLX Action Stand<\/li>\n<\/ul>\n<p><strong>Bemerkungen<br \/>\n<\/strong>*LED-Funktionen erfordern AG13 x2 Batterien (Batterien nicht enthalten)<\/p>\n<p><strong>Materialien<br \/>\n<\/strong>Zinkdruckgusslegierung, POM, ABS und PVC<\/p>","protected":false},"featured_media":182900,"comment_status":"open","ping_status":"closed","template":"","meta":{"inline_featured_image":false},"product_brand":[],"product_cat":[1955,68,90],"product_tag":[332,1976,221,333,334,335,306,1936,265,668,337,770,204,2453],"giftcard-category":[],"class_list":{"0":"post-175329","1":"product","2":"type-product","3":"status-publish","4":"has-post-thumbnail","6":"product_cat-transformers","7":"product_cat-hasbro","8":"product_cat-threezero","9":"product_tag-3a","10":"product_tag-collector-figures","11":"product_tag-decepticon","12":"product_tag-dlx-collectible-series","13":"product_tag-film","14":"product_tag-hasbro","15":"product_tag-megatron","16":"product_tag-models-co","17":"product_tag-pre-orders","18":"product_tag-revenge-of-the-fallen","19":"product_tag-threea","20":"product_tag-threezero","21":"product_tag-transformers","22":"product_tag-transformers-x-threezero","23":"product_shipping_class-medium","25":"first","26":"outofstock","27":"taxable","28":"shipping-taxable","29":"purchasable","30":"product-type-simple","31":"add-to-wishlist-after_add_to_cart"},"yoast_head":"<!-- This site is optimized with the Yoast SEO Premium plugin v25.3.1 (Yoast SEO v27.2) - https:\/\/yoast.com\/product\/yoast-seo-premium-wordpress\/ -->\n<title>ThreeZero - Transformers : Revenge of the Fallen DLX Megatron<\/title>\n<meta name=\"robots\" content=\"index, follow, max-snippet:-1, max-image-preview:large, max-video-preview:-1\" \/>\n<link rel=\"canonical\" href=\"https:\/\/hobby4geek.com\/de\/produkt\/threezero-transformers-revenge-of-the-fallen-dlx-megatron\/\" \/>\n<meta property=\"og:locale\" content=\"de_DE\" \/>\n<meta property=\"og:type\" content=\"article\" \/>\n<meta property=\"og:title\" content=\"ThreeZero - Transformers : Revenge of the Fallen DLX Megatron\" \/>\n<meta property=\"og:description\" content=\"Officially licensed by Hasbro and TakaraTomy  Approximately 12&quot; (31cm) tall  Approximately 53 points of articulation  LED lighted eyes*  Die-cast metal frame  Detailed and weathered paint application  Inter-link function reservoir treads on the ankle joints  Accessories:   One (1) fusion cannon (interchangeable with right forearm)  Two (2) pairs of interchangeable hands: (1) pair of relaxed hands and (1) pair of action hands  One (1) DLX Action Stand  Remarks *LED features require AG13 x2 batteries (batteries not included)  Materials Die-cast zinc alloy, POM, ABS and PVC\" \/>\n<meta property=\"og:url\" content=\"https:\/\/hobby4geek.com\/de\/produkt\/threezero-transformers-revenge-of-the-fallen-dlx-megatron\/\" \/>\n<meta property=\"og:site_name\" content=\"Hobby4Geek\" \/>\n<meta property=\"article:publisher\" content=\"https:\/\/www.facebook.com\/hobby4geek\" \/>\n<meta property=\"article:modified_time\" content=\"2024-05-12T11:59:02+00:00\" \/>\n<meta property=\"og:image\" content=\"https:\/\/hobby4geek.com\/wp-content\/uploads\/2023\/02\/threezero-transformers-revenge-of-the-fallen-dlx-megatron-25.jpg\" \/>\n\t<meta property=\"og:image:width\" content=\"600\" \/>\n\t<meta property=\"og:image:height\" content=\"600\" \/>\n\t<meta property=\"og:image:type\" content=\"image\/jpeg\" \/>\n<meta name=\"twitter:card\" content=\"summary_large_image\" \/>\n<meta name=\"twitter:site\" content=\"@hobby4geek\" \/>\n<script type=\"application\/ld+json\" class=\"yoast-schema-graph\">{\"@context\":\"https:\/\/schema.org\",\"@graph\":[{\"@type\":\"WebPage\",\"@id\":\"https:\/\/hobby4geek.com\/product\/threezero-transformers-revenge-of-the-fallen-dlx-megatron\/\",\"url\":\"https:\/\/hobby4geek.com\/product\/threezero-transformers-revenge-of-the-fallen-dlx-megatron\/\",\"name\":\"ThreeZero - Transformers : Revenge of the Fallen DLX Megatron\",\"isPartOf\":{\"@id\":\"https:\/\/hobby4geek.com\/#website\"},\"primaryImageOfPage\":{\"@id\":\"https:\/\/hobby4geek.com\/product\/threezero-transformers-revenge-of-the-fallen-dlx-megatron\/#primaryimage\"},\"image\":{\"@id\":\"https:\/\/hobby4geek.com\/product\/threezero-transformers-revenge-of-the-fallen-dlx-megatron\/#primaryimage\"},\"thumbnailUrl\":\"https:\/\/hobby4geek.com\/wp-content\/uploads\/2023\/02\/threezero-transformers-revenge-of-the-fallen-dlx-megatron-25.jpg\",\"datePublished\":\"2023-04-10T18:29:54+00:00\",\"dateModified\":\"2024-05-12T11:59:02+00:00\",\"breadcrumb\":{\"@id\":\"https:\/\/hobby4geek.com\/product\/threezero-transformers-revenge-of-the-fallen-dlx-megatron\/#breadcrumb\"},\"inLanguage\":\"de\",\"potentialAction\":[{\"@type\":\"ReadAction\",\"target\":[\"https:\/\/hobby4geek.com\/product\/threezero-transformers-revenge-of-the-fallen-dlx-megatron\/\"]}]},{\"@type\":\"ImageObject\",\"inLanguage\":\"de\",\"@id\":\"https:\/\/hobby4geek.com\/product\/threezero-transformers-revenge-of-the-fallen-dlx-megatron\/#primaryimage\",\"url\":\"https:\/\/hobby4geek.com\/wp-content\/uploads\/2023\/02\/threezero-transformers-revenge-of-the-fallen-dlx-megatron-25.jpg\",\"contentUrl\":\"https:\/\/hobby4geek.com\/wp-content\/uploads\/2023\/02\/threezero-transformers-revenge-of-the-fallen-dlx-megatron-25.jpg\",\"width\":600,\"height\":600},{\"@type\":\"BreadcrumbList\",\"@id\":\"https:\/\/hobby4geek.com\/product\/threezero-transformers-revenge-of-the-fallen-dlx-megatron\/#breadcrumb\",\"itemListElement\":[{\"@type\":\"ListItem\",\"position\":1,\"name\":\"Home\",\"item\":\"https:\/\/hobby4geek.com\/\"},{\"@type\":\"ListItem\",\"position\":2,\"name\":\"Shop\",\"item\":\"https:\/\/hobby4geek.com\/shop\/\"},{\"@type\":\"ListItem\",\"position\":3,\"name\":\"ThreeZero &#8211; Transformers : Revenge of the Fallen DLX Megatron\"}]},{\"@type\":\"WebSite\",\"@id\":\"https:\/\/hobby4geek.com\/#website\",\"url\":\"https:\/\/hobby4geek.com\/\",\"name\":\"Hobby4Geek\",\"description\":\"Collect, Play &amp; Showcase, Embrace your Geekiness\",\"publisher\":{\"@id\":\"https:\/\/hobby4geek.com\/#organization\"},\"potentialAction\":[{\"@type\":\"SearchAction\",\"target\":{\"@type\":\"EntryPoint\",\"urlTemplate\":\"https:\/\/hobby4geek.com\/?s={search_term_string}\"},\"query-input\":{\"@type\":\"PropertyValueSpecification\",\"valueRequired\":true,\"valueName\":\"search_term_string\"}}],\"inLanguage\":\"de\"},{\"@type\":\"Organization\",\"@id\":\"https:\/\/hobby4geek.com\/#organization\",\"name\":\"Hobby4Geek\",\"url\":\"https:\/\/hobby4geek.com\/\",\"logo\":{\"@type\":\"ImageObject\",\"inLanguage\":\"de\",\"@id\":\"https:\/\/hobby4geek.com\/#\/schema\/logo\/image\/\",\"url\":\"https:\/\/hobby4geek.com\/wp-content\/uploads\/2023\/02\/default-kit.png\",\"contentUrl\":\"https:\/\/hobby4geek.com\/wp-content\/uploads\/2023\/02\/default-kit.png\",\"width\":600,\"height\":600,\"caption\":\"Hobby4Geek\"},\"image\":{\"@id\":\"https:\/\/hobby4geek.com\/#\/schema\/logo\/image\/\"},\"sameAs\":[\"https:\/\/www.facebook.com\/hobby4geek\",\"https:\/\/x.com\/hobby4geek\",\"https:\/\/www.instagram.com\/hobby4geek\/\"]}]}<\/script>\n<meta property=\"product:brand\" content=\"Transformers\" \/>\n<meta property=\"product:price:amount\" content=\"358.00\" \/>\n<meta property=\"product:price:currency\" content=\"EUR\" \/>\n<meta property=\"og:availability\" content=\"out of stock\" \/>\n<meta property=\"product:availability\" content=\"out of stock\" \/>\n<meta property=\"product:retailer_item_id\" content=\"4895250803541\" \/>\n<meta property=\"product:condition\" content=\"new\" \/>\n<!-- \/ Yoast SEO Premium plugin. -->","yoast_head_json":{"title":"ThreeZero - Transformers : Die Rache der Gefallenen DLX Megatron","robots":{"index":"index","follow":"follow","max-snippet":"max-snippet:-1","max-image-preview":"max-image-preview:large","max-video-preview":"max-video-preview:-1"},"canonical":"https:\/\/hobby4geek.com\/de\/produkt\/threezero-transformers-revenge-of-the-fallen-dlx-megatron\/","og_locale":"de_DE","og_type":"article","og_title":"ThreeZero - Transformers : Revenge of the Fallen DLX Megatron","og_description":"Officially licensed by Hasbro and TakaraTomy  Approximately 12\" (31cm) tall  Approximately 53 points of articulation  LED lighted eyes*  Die-cast metal frame  Detailed and weathered paint application  Inter-link function reservoir treads on the ankle joints  Accessories:   One (1) fusion cannon (interchangeable with right forearm)  Two (2) pairs of interchangeable hands: (1) pair of relaxed hands and (1) pair of action hands  One (1) DLX Action Stand  Remarks *LED features require AG13 x2 batteries (batteries not included)  Materials Die-cast zinc alloy, POM, ABS and PVC","og_url":"https:\/\/hobby4geek.com\/de\/produkt\/threezero-transformers-revenge-of-the-fallen-dlx-megatron\/","og_site_name":"Hobby4Geek","article_publisher":"https:\/\/www.facebook.com\/hobby4geek","article_modified_time":"2024-05-12T11:59:02+00:00","og_image":[{"width":600,"height":600,"url":"https:\/\/hobby4geek.com\/wp-content\/uploads\/2023\/02\/threezero-transformers-revenge-of-the-fallen-dlx-megatron-25.jpg","type":"image\/jpeg"}],"twitter_card":"summary_large_image","twitter_site":"@hobby4geek","schema":{"@context":"https:\/\/schema.org","@graph":[{"@type":"WebPage","@id":"https:\/\/hobby4geek.com\/product\/threezero-transformers-revenge-of-the-fallen-dlx-megatron\/","url":"https:\/\/hobby4geek.com\/product\/threezero-transformers-revenge-of-the-fallen-dlx-megatron\/","name":"ThreeZero - Transformers : Die Rache der Gefallenen DLX Megatron","isPartOf":{"@id":"https:\/\/hobby4geek.com\/#website"},"primaryImageOfPage":{"@id":"https:\/\/hobby4geek.com\/product\/threezero-transformers-revenge-of-the-fallen-dlx-megatron\/#primaryimage"},"image":{"@id":"https:\/\/hobby4geek.com\/product\/threezero-transformers-revenge-of-the-fallen-dlx-megatron\/#primaryimage"},"thumbnailUrl":"https:\/\/hobby4geek.com\/wp-content\/uploads\/2023\/02\/threezero-transformers-revenge-of-the-fallen-dlx-megatron-25.jpg","datePublished":"2023-04-10T18:29:54+00:00","dateModified":"2024-05-12T11:59:02+00:00","breadcrumb":{"@id":"https:\/\/hobby4geek.com\/product\/threezero-transformers-revenge-of-the-fallen-dlx-megatron\/#breadcrumb"},"inLanguage":"de","potentialAction":[{"@type":"ReadAction","target":["https:\/\/hobby4geek.com\/product\/threezero-transformers-revenge-of-the-fallen-dlx-megatron\/"]}]},{"@type":"ImageObject","inLanguage":"de","@id":"https:\/\/hobby4geek.com\/product\/threezero-transformers-revenge-of-the-fallen-dlx-megatron\/#primaryimage","url":"https:\/\/hobby4geek.com\/wp-content\/uploads\/2023\/02\/threezero-transformers-revenge-of-the-fallen-dlx-megatron-25.jpg","contentUrl":"https:\/\/hobby4geek.com\/wp-content\/uploads\/2023\/02\/threezero-transformers-revenge-of-the-fallen-dlx-megatron-25.jpg","width":600,"height":600},{"@type":"BreadcrumbList","@id":"https:\/\/hobby4geek.com\/product\/threezero-transformers-revenge-of-the-fallen-dlx-megatron\/#breadcrumb","itemListElement":[{"@type":"ListItem","position":1,"name":"Home","item":"https:\/\/hobby4geek.com\/"},{"@type":"ListItem","position":2,"name":"Shop","item":"https:\/\/hobby4geek.com\/shop\/"},{"@type":"ListItem","position":3,"name":"ThreeZero &#8211; Transformers : Revenge of the Fallen DLX Megatron"}]},{"@type":"WebSite","@id":"https:\/\/hobby4geek.com\/#website","url":"https:\/\/hobby4geek.com\/","name":"Hobby4Geek","description":"Sammeln, Spielen &amp; Pr\u00e4sentieren, Umarmung der Geekiness","publisher":{"@id":"https:\/\/hobby4geek.com\/#organization"},"potentialAction":[{"@type":"SearchAction","target":{"@type":"EntryPoint","urlTemplate":"https:\/\/hobby4geek.com\/?s={search_term_string}"},"query-input":{"@type":"PropertyValueSpecification","valueRequired":true,"valueName":"search_term_string"}}],"inLanguage":"de"},{"@type":"Organization","@id":"https:\/\/hobby4geek.com\/#organization","name":"Hobby4Geek","url":"https:\/\/hobby4geek.com\/","logo":{"@type":"ImageObject","inLanguage":"de","@id":"https:\/\/hobby4geek.com\/#\/schema\/logo\/image\/","url":"https:\/\/hobby4geek.com\/wp-content\/uploads\/2023\/02\/default-kit.png","contentUrl":"https:\/\/hobby4geek.com\/wp-content\/uploads\/2023\/02\/default-kit.png","width":600,"height":600,"caption":"Hobby4Geek"},"image":{"@id":"https:\/\/hobby4geek.com\/#\/schema\/logo\/image\/"},"sameAs":["https:\/\/www.facebook.com\/hobby4geek","https:\/\/x.com\/hobby4geek","https:\/\/www.instagram.com\/hobby4geek\/"]}]},"product_brand":"Transformers","product_price_amount":"358.00","product_price_currency":"EUR","og_availability":"out of stock","product_availability":"out of stock","product_retailer_item_id":"4895250803541","product_condition":"new"},"_links":{"self":[{"href":"https:\/\/hobby4geek.com\/de\/wp-json\/wp\/v2\/product\/175329","targetHints":{"allow":["GET"]}}],"collection":[{"href":"https:\/\/hobby4geek.com\/de\/wp-json\/wp\/v2\/product"}],"about":[{"href":"https:\/\/hobby4geek.com\/de\/wp-json\/wp\/v2\/types\/product"}],"replies":[{"embeddable":true,"href":"https:\/\/hobby4geek.com\/de\/wp-json\/wp\/v2\/comments?post=175329"}],"version-history":[{"count":0,"href":"https:\/\/hobby4geek.com\/de\/wp-json\/wp\/v2\/product\/175329\/revisions"}],"wp:featuredmedia":[{"embeddable":true,"href":"https:\/\/hobby4geek.com\/de\/wp-json\/wp\/v2\/media\/182900"}],"wp:attachment":[{"href":"https:\/\/hobby4geek.com\/de\/wp-json\/wp\/v2\/media?parent=175329"}],"wp:term":[{"taxonomy":"product_brand","embeddable":true,"href":"https:\/\/hobby4geek.com\/de\/wp-json\/wp\/v2\/product_brand?post=175329"},{"taxonomy":"product_cat","embeddable":true,"href":"https:\/\/hobby4geek.com\/de\/wp-json\/wp\/v2\/product_cat?post=175329"},{"taxonomy":"product_tag","embeddable":true,"href":"https:\/\/hobby4geek.com\/de\/wp-json\/wp\/v2\/product_tag?post=175329"},{"taxonomy":"giftcard-category","embeddable":true,"href":"https:\/\/hobby4geek.com\/de\/wp-json\/wp\/v2\/giftcard-category?post=175329"}],"curies":[{"name":"wp","href":"https:\/\/api.w.org\/{rel}","templated":true}]}}