{"id":174884,"date":"2022-10-28T20:37:51","date_gmt":"2022-10-28T20:37:51","guid":{"rendered":"https:\/\/hobby4geek.com\/?post_type=product&#038;p=174884"},"modified":"2025-03-03T08:08:05","modified_gmt":"2025-03-03T07:08:05","slug":"killerbody-kb20069-48-1-1-transformers-megatron-wearable-helmet-voice-changer","status":"publish","type":"product","link":"https:\/\/hobby4geek.com\/de\/produkt\/killerbody-kb20069-48-1-1-transformers-megatron-wearable-helmet-voice-changer\/","title":{"rendered":"Killerbody KB20069-48 1\/1 Transformers Megatron Tragbarer Helm mit Sprachwechsler"},"content":{"rendered":"<p>Killerbody 1\/1 KB20069-48 Offiziell lizenzierter Megatron tragbarer Helm mit Sprachsteuerung<\/p>\n<p>Material: ABS, PVC, PC, Legierung, elektronische Bauteile<br \/>\nAbmessungen des Helms: 40 x 30 x 29 cm \/ 15.75 x 11.81 x 11.42\u2033<br \/>\nMa\u00dfstab: 1\/1<\/p>\n<p><strong>Produktmerkmale: :<\/strong><\/p>\n<ol>\n<li>Tragbar<\/li>\n<li>Schaltet man in den Kampfmodus, lassen sich die Oberseite und die Seiten des Kopfes elektrisch \u00f6ffnen und schlie\u00dfen;<\/li>\n<li>Megatron Exklusiver Sprachwechsler<\/li>\n<li>Beweglicher Mund (synchronisiert mit dem Ton), Mund und Z\u00e4hne \u00f6ffnen und schlie\u00dfen sich, auf und ab, wenn ein Ton abgegeben wird<\/li>\n<li>Spielt klassische Megatron-Linien<\/li>\n<li>Kampfgesch\u00e4digtes cooles Bogenlicht, schaltbare Lichteffekte mit verschiedenen Reglern, begleitet von aktuellen Soundeffekten<\/li>\n<li>Kampfgesch\u00e4digte LED-Lichter, ge\u00e4tzte feine Linien auf den Augen, kampfgesch\u00e4digte Augenlichteffekte mit verschiedenen Kontrollen, Niederfrequenz<\/li>\n<li>blinkt<\/li>\n<li>Integrierte obere Abdeckung mit Decepticon-Gesicht, mit LED-Augenleuchten<\/li>\n<li>Handbemaltes verwittertes Finish, detailgetreu zum Film<\/li>\n<li>Chinesischer Sprachbefehl<\/li>\n<li>Englischer Sprachbefehl<\/li>\n<li>Ber\u00fchrungssteuerung<\/li>\n<li>2.4G-Fernbedienung (mit Decepticon 3D-Logo)<\/li>\n<li>Trockenbatterie: Kopfh\u00f6rer*4St\u00fcck Fernbedienung*1St\u00fcck<\/li>\n<\/ol>\n<p><iframe title=\"Megatron Helmreplik #Transformers #OptimusPrime #Killerbody\" width=\"800\" height=\"450\" src=\"https:\/\/www.youtube.com\/embed\/_7LIR0gFclE?feature=oembed\" frameborder=\"0\" allow=\"accelerometer; autoplay; clipboard-write; encrypted-media; gyroscope; picture-in-picture; web-share\" referrerpolicy=\"strict-origin-when-cross-origin\" allowfullscreen><\/iframe><\/p>","protected":false},"excerpt":{"rendered":"<p><strong>Produktmerkmale: :<\/strong><\/p>\n<ul>\n<li>Tragbar<\/li>\n<li>Schaltet man in den Kampfmodus, lassen sich die Oberseite und die Seiten des Kopfes elektrisch \u00f6ffnen und schlie\u00dfen;<\/li>\n<li>Megatron Exklusiver Sprachwechsler<\/li>\n<li>Beweglicher Mund (synchronisiert mit dem Ton), Mund und Z\u00e4hne \u00f6ffnen und schlie\u00dfen sich, auf und ab, wenn ein Ton abgegeben wird<\/li>\n<li>Spielt klassische Megatron-Linien<\/li>\n<li>Kampfgesch\u00e4digtes cooles Bogenlicht, schaltbare Lichteffekte mit verschiedenen Reglern, begleitet von aktuellen Soundeffekten<\/li>\n<li>Kampfgesch\u00e4digte LED-Lichter, ge\u00e4tzte feine Linien auf den Augen, kampfgesch\u00e4digte Augenlichteffekte mit verschiedenen Kontrollen, Niederfrequenz<\/li>\n<li>blinkt<\/li>\n<li>Integrierte obere Abdeckung mit Decepticon-Gesicht, mit LED-Augenleuchten<\/li>\n<li>Handbemaltes verwittertes Finish, detailgetreu zum Film<\/li>\n<li>Chinesischer Sprachbefehl<\/li>\n<li>Englischer Sprachbefehl<\/li>\n<li>Ber\u00fchrungssteuerung<\/li>\n<li>2.4G-Fernbedienung (mit Decepticon 3D-Logo)<\/li>\n<li>Trockenbatterie: Kopfh\u00f6rer*4St\u00fcck Fernbedienung*1St\u00fcck<\/li>\n<\/ul>","protected":false},"featured_media":185223,"comment_status":"open","ping_status":"closed","template":"","meta":{"inline_featured_image":false},"product_brand":[],"product_cat":[68,181,1955],"product_tag":[1762,1759,1763,1764,306,1975,204,1765,1766],"giftcard-category":[],"class_list":{"0":"post-174884","1":"product","2":"type-product","3":"status-publish","4":"has-post-thumbnail","6":"product_cat-hasbro","7":"product_cat-killerbody","8":"product_cat-transformers","9":"product_tag-1-1","10":"product_tag-action-toys","11":"product_tag-kb20069-48","12":"product_tag-killerbody","13":"product_tag-megatron","14":"product_tag-toys-figures","15":"product_tag-transformers","16":"product_tag-voice-changer","17":"product_tag-wearable-helmet","18":"product_shipping_class-heavy","19":"inventories-china-inventory","20":"inventories-france-inventory","22":"first","23":"onbackorder","24":"taxable","25":"shipping-taxable","26":"purchasable","27":"product-type-simple","28":"add-to-wishlist-after_add_to_cart"},"yoast_head":"<!-- This site is optimized with the Yoast SEO Premium plugin v25.3.1 (Yoast SEO v27.4) - https:\/\/yoast.com\/product\/yoast-seo-premium-wordpress\/ -->\n<title>Killerbody KB20069-48 1\/1 Transformers Megatron Wearable Helmet &amp; Voice-Changer<\/title>\n<meta name=\"robots\" content=\"index, follow, max-snippet:-1, max-image-preview:large, max-video-preview:-1\" \/>\n<link rel=\"canonical\" href=\"https:\/\/hobby4geek.com\/de\/produkt\/killerbody-kb20069-48-1-1-transformers-megatron-wearable-helmet-voice-changer\/\" \/>\n<meta property=\"og:locale\" content=\"de_DE\" \/>\n<meta property=\"og:type\" content=\"article\" \/>\n<meta property=\"og:title\" content=\"Killerbody KB20069-48 1\/1 Transformers Megatron Wearable Helmet &amp; Voice-Changer\" \/>\n<meta property=\"og:description\" content=\"Product Features:\u00a0:   Portable  Switch to battle mode, the top and sides of the head can be opened and closed electrically;  Megatron Exclusive Voice Changer  Movable mouth (synchronized with sound), mouth and teeth open and close, up and down when sound is emitted  Plays classic Megatron lines  Battle-damaged cool arc light, switch light effects with different controls, accompanied by current sound effects  Battle-damaged LED lights, etched fine lines on the eyes, battle-damaged eye light effects with different controls, low frequency  flashes  Integrated top cover with Decepticon face, with LED eye lights  Hand painted weathered finish, true to movie detail  Chinese voice command  English voice command  Touch control  2.4G remote control (with Decepticon 3D logo)  Dry battery: headphones*4pcs remote control*1pc\" \/>\n<meta property=\"og:url\" content=\"https:\/\/hobby4geek.com\/de\/produkt\/killerbody-kb20069-48-1-1-transformers-megatron-wearable-helmet-voice-changer\/\" \/>\n<meta property=\"og:site_name\" content=\"Hobby4Geek\" \/>\n<meta property=\"article:publisher\" content=\"https:\/\/www.facebook.com\/hobby4geek\" \/>\n<meta property=\"article:modified_time\" content=\"2025-03-03T07:08:05+00:00\" \/>\n<meta property=\"og:image\" content=\"https:\/\/hobby4geek.com\/wp-content\/uploads\/2022\/10\/killerbody-kb20069-48-1-1-transformers-megatron-wearable-helmet-voice-changer-11.webp\" \/>\n\t<meta property=\"og:image:width\" content=\"800\" \/>\n\t<meta property=\"og:image:height\" content=\"800\" \/>\n\t<meta property=\"og:image:type\" content=\"image\/webp\" \/>\n<meta name=\"twitter:card\" content=\"summary_large_image\" \/>\n<meta name=\"twitter:site\" content=\"@hobby4geek\" \/>\n<script type=\"application\/ld+json\" class=\"yoast-schema-graph\">{\"@context\":\"https:\\\/\\\/schema.org\",\"@graph\":[{\"@type\":\"WebPage\",\"@id\":\"https:\\\/\\\/hobby4geek.com\\\/product\\\/killerbody-kb20069-48-1-1-transformers-megatron-wearable-helmet-voice-changer\\\/\",\"url\":\"https:\\\/\\\/hobby4geek.com\\\/product\\\/killerbody-kb20069-48-1-1-transformers-megatron-wearable-helmet-voice-changer\\\/\",\"name\":\"Killerbody KB20069-48 1\\\/1 Transformers Megatron Wearable Helmet & Voice-Changer\",\"isPartOf\":{\"@id\":\"https:\\\/\\\/hobby4geek.com\\\/#website\"},\"primaryImageOfPage\":{\"@id\":\"https:\\\/\\\/hobby4geek.com\\\/product\\\/killerbody-kb20069-48-1-1-transformers-megatron-wearable-helmet-voice-changer\\\/#primaryimage\"},\"image\":{\"@id\":\"https:\\\/\\\/hobby4geek.com\\\/product\\\/killerbody-kb20069-48-1-1-transformers-megatron-wearable-helmet-voice-changer\\\/#primaryimage\"},\"thumbnailUrl\":\"https:\\\/\\\/hobby4geek.com\\\/wp-content\\\/uploads\\\/2022\\\/10\\\/killerbody-kb20069-48-1-1-transformers-megatron-wearable-helmet-voice-changer-11.webp\",\"datePublished\":\"2022-10-28T20:37:51+00:00\",\"dateModified\":\"2025-03-03T07:08:05+00:00\",\"breadcrumb\":{\"@id\":\"https:\\\/\\\/hobby4geek.com\\\/product\\\/killerbody-kb20069-48-1-1-transformers-megatron-wearable-helmet-voice-changer\\\/#breadcrumb\"},\"inLanguage\":\"de\",\"potentialAction\":[{\"@type\":\"ReadAction\",\"target\":[\"https:\\\/\\\/hobby4geek.com\\\/product\\\/killerbody-kb20069-48-1-1-transformers-megatron-wearable-helmet-voice-changer\\\/\"]}]},{\"@type\":\"ImageObject\",\"inLanguage\":\"de\",\"@id\":\"https:\\\/\\\/hobby4geek.com\\\/product\\\/killerbody-kb20069-48-1-1-transformers-megatron-wearable-helmet-voice-changer\\\/#primaryimage\",\"url\":\"https:\\\/\\\/hobby4geek.com\\\/wp-content\\\/uploads\\\/2022\\\/10\\\/killerbody-kb20069-48-1-1-transformers-megatron-wearable-helmet-voice-changer-11.webp\",\"contentUrl\":\"https:\\\/\\\/hobby4geek.com\\\/wp-content\\\/uploads\\\/2022\\\/10\\\/killerbody-kb20069-48-1-1-transformers-megatron-wearable-helmet-voice-changer-11.webp\",\"width\":800,\"height\":800},{\"@type\":\"BreadcrumbList\",\"@id\":\"https:\\\/\\\/hobby4geek.com\\\/product\\\/killerbody-kb20069-48-1-1-transformers-megatron-wearable-helmet-voice-changer\\\/#breadcrumb\",\"itemListElement\":[{\"@type\":\"ListItem\",\"position\":1,\"name\":\"Home\",\"item\":\"https:\\\/\\\/hobby4geek.com\\\/\"},{\"@type\":\"ListItem\",\"position\":2,\"name\":\"Shop\",\"item\":\"https:\\\/\\\/hobby4geek.com\\\/shop\\\/\"},{\"@type\":\"ListItem\",\"position\":3,\"name\":\"Killerbody KB20069-48 1\\\/1 Transformers Megatron Wearable Helmet &#038; Voice-Changer\"}]},{\"@type\":\"WebSite\",\"@id\":\"https:\\\/\\\/hobby4geek.com\\\/#website\",\"url\":\"https:\\\/\\\/hobby4geek.com\\\/\",\"name\":\"Hobby4Geek\",\"description\":\"Collect, Play &amp; Showcase, Embrace your Geekiness\",\"publisher\":{\"@id\":\"https:\\\/\\\/hobby4geek.com\\\/#organization\"},\"potentialAction\":[{\"@type\":\"SearchAction\",\"target\":{\"@type\":\"EntryPoint\",\"urlTemplate\":\"https:\\\/\\\/hobby4geek.com\\\/?s={search_term_string}\"},\"query-input\":{\"@type\":\"PropertyValueSpecification\",\"valueRequired\":true,\"valueName\":\"search_term_string\"}}],\"inLanguage\":\"de\"},{\"@type\":\"Organization\",\"@id\":\"https:\\\/\\\/hobby4geek.com\\\/#organization\",\"name\":\"Hobby4Geek\",\"url\":\"https:\\\/\\\/hobby4geek.com\\\/\",\"logo\":{\"@type\":\"ImageObject\",\"inLanguage\":\"de\",\"@id\":\"https:\\\/\\\/hobby4geek.com\\\/#\\\/schema\\\/logo\\\/image\\\/\",\"url\":\"https:\\\/\\\/hobby4geek.com\\\/wp-content\\\/uploads\\\/2023\\\/02\\\/default-kit.png\",\"contentUrl\":\"https:\\\/\\\/hobby4geek.com\\\/wp-content\\\/uploads\\\/2023\\\/02\\\/default-kit.png\",\"width\":600,\"height\":600,\"caption\":\"Hobby4Geek\"},\"image\":{\"@id\":\"https:\\\/\\\/hobby4geek.com\\\/#\\\/schema\\\/logo\\\/image\\\/\"},\"sameAs\":[\"https:\\\/\\\/www.facebook.com\\\/hobby4geek\",\"https:\\\/\\\/x.com\\\/hobby4geek\",\"https:\\\/\\\/www.instagram.com\\\/hobby4geek\\\/\"]}]}<\/script>\n<meta property=\"product:brand\" content=\"Hasbro\" \/>\n<meta property=\"product:price:amount\" content=\"638.00\" \/>\n<meta property=\"product:price:currency\" content=\"EUR\" \/>\n<meta property=\"og:availability\" content=\"backorder\" \/>\n<meta property=\"product:availability\" content=\"available for order\" \/>\n<meta property=\"product:retailer_item_id\" content=\"4895229501836\" \/>\n<meta property=\"product:condition\" content=\"new\" \/>\n<!-- \/ Yoast SEO Premium plugin. -->","yoast_head_json":{"title":"Killerbody KB20069-48 1\/1 Transformers Megatron Tragbarer Helm mit Sprachwechsler","robots":{"index":"index","follow":"follow","max-snippet":"max-snippet:-1","max-image-preview":"max-image-preview:large","max-video-preview":"max-video-preview:-1"},"canonical":"https:\/\/hobby4geek.com\/de\/produkt\/killerbody-kb20069-48-1-1-transformers-megatron-wearable-helmet-voice-changer\/","og_locale":"de_DE","og_type":"article","og_title":"Killerbody KB20069-48 1\/1 Transformers Megatron Wearable Helmet & Voice-Changer","og_description":"Product Features:\u00a0:   Portable  Switch to battle mode, the top and sides of the head can be opened and closed electrically;  Megatron Exclusive Voice Changer  Movable mouth (synchronized with sound), mouth and teeth open and close, up and down when sound is emitted  Plays classic Megatron lines  Battle-damaged cool arc light, switch light effects with different controls, accompanied by current sound effects  Battle-damaged LED lights, etched fine lines on the eyes, battle-damaged eye light effects with different controls, low frequency  flashes  Integrated top cover with Decepticon face, with LED eye lights  Hand painted weathered finish, true to movie detail  Chinese voice command  English voice command  Touch control  2.4G remote control (with Decepticon 3D logo)  Dry battery: headphones*4pcs remote control*1pc","og_url":"https:\/\/hobby4geek.com\/de\/produkt\/killerbody-kb20069-48-1-1-transformers-megatron-wearable-helmet-voice-changer\/","og_site_name":"Hobby4Geek","article_publisher":"https:\/\/www.facebook.com\/hobby4geek","article_modified_time":"2025-03-03T07:08:05+00:00","og_image":[{"width":800,"height":800,"url":"https:\/\/hobby4geek.com\/wp-content\/uploads\/2022\/10\/killerbody-kb20069-48-1-1-transformers-megatron-wearable-helmet-voice-changer-11.webp","type":"image\/webp"}],"twitter_card":"summary_large_image","twitter_site":"@hobby4geek","schema":{"@context":"https:\/\/schema.org","@graph":[{"@type":"WebPage","@id":"https:\/\/hobby4geek.com\/product\/killerbody-kb20069-48-1-1-transformers-megatron-wearable-helmet-voice-changer\/","url":"https:\/\/hobby4geek.com\/product\/killerbody-kb20069-48-1-1-transformers-megatron-wearable-helmet-voice-changer\/","name":"Killerbody KB20069-48 1\/1 Transformers Megatron Tragbarer Helm mit Sprachwechsler","isPartOf":{"@id":"https:\/\/hobby4geek.com\/#website"},"primaryImageOfPage":{"@id":"https:\/\/hobby4geek.com\/product\/killerbody-kb20069-48-1-1-transformers-megatron-wearable-helmet-voice-changer\/#primaryimage"},"image":{"@id":"https:\/\/hobby4geek.com\/product\/killerbody-kb20069-48-1-1-transformers-megatron-wearable-helmet-voice-changer\/#primaryimage"},"thumbnailUrl":"https:\/\/hobby4geek.com\/wp-content\/uploads\/2022\/10\/killerbody-kb20069-48-1-1-transformers-megatron-wearable-helmet-voice-changer-11.webp","datePublished":"2022-10-28T20:37:51+00:00","dateModified":"2025-03-03T07:08:05+00:00","breadcrumb":{"@id":"https:\/\/hobby4geek.com\/product\/killerbody-kb20069-48-1-1-transformers-megatron-wearable-helmet-voice-changer\/#breadcrumb"},"inLanguage":"de","potentialAction":[{"@type":"ReadAction","target":["https:\/\/hobby4geek.com\/product\/killerbody-kb20069-48-1-1-transformers-megatron-wearable-helmet-voice-changer\/"]}]},{"@type":"ImageObject","inLanguage":"de","@id":"https:\/\/hobby4geek.com\/product\/killerbody-kb20069-48-1-1-transformers-megatron-wearable-helmet-voice-changer\/#primaryimage","url":"https:\/\/hobby4geek.com\/wp-content\/uploads\/2022\/10\/killerbody-kb20069-48-1-1-transformers-megatron-wearable-helmet-voice-changer-11.webp","contentUrl":"https:\/\/hobby4geek.com\/wp-content\/uploads\/2022\/10\/killerbody-kb20069-48-1-1-transformers-megatron-wearable-helmet-voice-changer-11.webp","width":800,"height":800},{"@type":"BreadcrumbList","@id":"https:\/\/hobby4geek.com\/product\/killerbody-kb20069-48-1-1-transformers-megatron-wearable-helmet-voice-changer\/#breadcrumb","itemListElement":[{"@type":"ListItem","position":1,"name":"Home","item":"https:\/\/hobby4geek.com\/"},{"@type":"ListItem","position":2,"name":"Shop","item":"https:\/\/hobby4geek.com\/shop\/"},{"@type":"ListItem","position":3,"name":"Killerbody KB20069-48 1\/1 Transformers Megatron Wearable Helmet &#038; Voice-Changer"}]},{"@type":"WebSite","@id":"https:\/\/hobby4geek.com\/#website","url":"https:\/\/hobby4geek.com\/","name":"Hobby4Geek","description":"Sammeln, Spielen &amp; Pr\u00e4sentieren, Umarmung der Geekiness","publisher":{"@id":"https:\/\/hobby4geek.com\/#organization"},"potentialAction":[{"@type":"SearchAction","target":{"@type":"EntryPoint","urlTemplate":"https:\/\/hobby4geek.com\/?s={search_term_string}"},"query-input":{"@type":"PropertyValueSpecification","valueRequired":true,"valueName":"search_term_string"}}],"inLanguage":"de"},{"@type":"Organization","@id":"https:\/\/hobby4geek.com\/#organization","name":"Hobby4Geek","url":"https:\/\/hobby4geek.com\/","logo":{"@type":"ImageObject","inLanguage":"de","@id":"https:\/\/hobby4geek.com\/#\/schema\/logo\/image\/","url":"https:\/\/hobby4geek.com\/wp-content\/uploads\/2023\/02\/default-kit.png","contentUrl":"https:\/\/hobby4geek.com\/wp-content\/uploads\/2023\/02\/default-kit.png","width":600,"height":600,"caption":"Hobby4Geek"},"image":{"@id":"https:\/\/hobby4geek.com\/#\/schema\/logo\/image\/"},"sameAs":["https:\/\/www.facebook.com\/hobby4geek","https:\/\/x.com\/hobby4geek","https:\/\/www.instagram.com\/hobby4geek\/"]}]},"product_brand":"Hasbro","product_price_amount":"638.00","product_price_currency":"EUR","og_availability":"backorder","product_availability":"available for order","product_retailer_item_id":"4895229501836","product_condition":"new"},"_links":{"self":[{"href":"https:\/\/hobby4geek.com\/de\/wp-json\/wp\/v2\/product\/174884","targetHints":{"allow":["GET"]}}],"collection":[{"href":"https:\/\/hobby4geek.com\/de\/wp-json\/wp\/v2\/product"}],"about":[{"href":"https:\/\/hobby4geek.com\/de\/wp-json\/wp\/v2\/types\/product"}],"replies":[{"embeddable":true,"href":"https:\/\/hobby4geek.com\/de\/wp-json\/wp\/v2\/comments?post=174884"}],"version-history":[{"count":0,"href":"https:\/\/hobby4geek.com\/de\/wp-json\/wp\/v2\/product\/174884\/revisions"}],"wp:featuredmedia":[{"embeddable":true,"href":"https:\/\/hobby4geek.com\/de\/wp-json\/wp\/v2\/media\/185223"}],"wp:attachment":[{"href":"https:\/\/hobby4geek.com\/de\/wp-json\/wp\/v2\/media?parent=174884"}],"wp:term":[{"taxonomy":"product_brand","embeddable":true,"href":"https:\/\/hobby4geek.com\/de\/wp-json\/wp\/v2\/product_brand?post=174884"},{"taxonomy":"product_cat","embeddable":true,"href":"https:\/\/hobby4geek.com\/de\/wp-json\/wp\/v2\/product_cat?post=174884"},{"taxonomy":"product_tag","embeddable":true,"href":"https:\/\/hobby4geek.com\/de\/wp-json\/wp\/v2\/product_tag?post=174884"},{"taxonomy":"giftcard-category","embeddable":true,"href":"https:\/\/hobby4geek.com\/de\/wp-json\/wp\/v2\/giftcard-category?post=174884"}],"curies":[{"name":"wp","href":"https:\/\/api.w.org\/{rel}","templated":true}]}}