{"id":174814,"date":"2022-10-28T19:09:52","date_gmt":"2022-10-28T18:09:52","guid":{"rendered":"https:\/\/hobby4geek.com\/?post_type=product&#038;p=174814"},"modified":"2024-05-22T18:22:40","modified_gmt":"2024-05-22T17:22:40","slug":"threezero-transformers-mdlx-megatron","status":"publish","type":"product","link":"https:\/\/hobby4geek.com\/de\/produkt\/threezero-transformers-mdlx-megatron\/","title":{"rendered":"ThreeZero - Transformers MDLX Megatron"},"content":{"rendered":"<p>Nach der Einf\u00fchrung von MDLX Bumblebee und Optimus Prime ist threezero stolz, die dritte Figur der MDLX-Serie anzuk\u00fcndigen: Megatron, der Oberste Anf\u00fchrer der Decepticons!<\/p>\n<p>MDLX ist eine neue Serie von Action-Figuren, die den Geist der ber\u00fchmten DLX-Serie von Threezero in einem kleineren Ma\u00dfstab einf\u00e4ngt, mit einer \u00e4hnlichen Bandbreite an Artikulation und hoher Haltbarkeit, was zu einer revolution\u00e4ren Erschwinglichkeit f\u00fchrt.<\/p>\n<p>Die Transformers MDLX-Figurenserie basiert auf der urspr\u00fcnglichen 1980er-Jahre-Reihe der Transformers-Cartoons und -Spielzeuge, die von Kelvin Sau, dem Art Director von threezero, neu interpretiert wurden. Die ikonischen Designs wurden neu abgemischt und mit der detailreichen mechanischen \u00c4sthetik von threezero versehen, um eine vertraute und aufregende neue Pr\u00e4sentation zu erm\u00f6glichen. Die Transformers MDLX-Figuren verf\u00fcgen \u00fcber ein einzigartiges Rahmensystem aus Zinkdruckgusslegierung und technischem Kunststoff, das die Spielbarkeit und Haltbarkeit der Figur bewahrt. Jede Figur ist mit der detaillierten Handwerkskunst und dem verwitterten Farbauftrag versehen, f\u00fcr die threezero bekannt ist, und bringt geliebte Transformers-Charaktere in ein neues Format, an dem sich alle erfreuen k\u00f6nnen.<\/p>\n<p>Transformers - MDLX Megatron ist ca. 7\u2033 (18cm) gro\u00df, hat ca. 45 Gelenkpunkte und einen Metalldruckgussrahmen. Zum Zubeh\u00f6r geh\u00f6ren eine Fusionskanone, eine Heckkanone und vier S\u00e4tze austauschbarer H\u00e4nde.<\/p>\n<p>\u25cf Offiziell lizenziert von Hasbro<br \/>\n\u25cf ~ 7\u2033 (18cm) gro\u00df<br \/>\n\u25cf ~45 Gelenkpunkte<br \/>\n\u25cf Zinklegierung und Metallteile<\/p>\n<p><b>Einschlie\u00dfen:<\/b><br \/>\n\u25cf Fusionskanone<br \/>\n\u25cf (1) Heckkanone<br \/>\n\u25cf (4) S\u00e4tze von austauschbaren H\u00e4nden: (1) Paar F\u00e4uste, (1) Paar erhobene H\u00e4nde, (1) nach rechts zeigende Hand, (1) offene linke Hand.<\/p>\n<p><b>Verwendetes Material \/ Produktinformation:<\/b><br \/>\n\u25cf Material - ABS, PVC, POM, ZINC ALLOY<br \/>\n\u25cf Kein Magnet enthalten<\/p>","protected":false},"excerpt":{"rendered":"<h4><\/h4>\n<ul>\n<li>Offiziell lizenziert von Hasbro<\/li>\n<li>~ 7\u2033 (18cm) gro\u00df<\/li>\n<li>~45 Gelenkpunkte<\/li>\n<li>Zinklegierung und Metallteile<\/li>\n<li>Fusionskanone<\/li>\n<li>(1) Heckkanone<\/li>\n<li>(4) S\u00e4tze von austauschbaren H\u00e4nden: (1) Paar F\u00e4uste, (1) Paar erhobene H\u00e4nde, (1) nach rechts zeigende Hand, (1) offene linke Hand.<\/li>\n<\/ul>","protected":false},"featured_media":182802,"comment_status":"open","ping_status":"closed","template":"","meta":{"inline_featured_image":false},"product_brand":[],"product_cat":[1955,68,90],"product_tag":[332,768,1976,221,334,335,1754,306,1936,265,337,770,204,2453],"giftcard-category":[],"class_list":{"0":"post-174814","1":"product","2":"type-product","3":"status-publish","4":"has-post-thumbnail","6":"product_cat-transformers","7":"product_cat-hasbro","8":"product_cat-threezero","9":"product_tag-3a","10":"product_tag-3zero","11":"product_tag-collector-figures","12":"product_tag-decepticon","13":"product_tag-film","14":"product_tag-hasbro","15":"product_tag-mdlx-collectible","16":"product_tag-megatron","17":"product_tag-models-co","18":"product_tag-pre-orders","19":"product_tag-threea","20":"product_tag-threezero","21":"product_tag-transformers","22":"product_tag-transformers-x-threezero","23":"product_shipping_class-from-china","24":"inventories-china-inventory","26":"first","27":"outofstock","28":"purchasable","29":"product-type-simple","30":"add-to-wishlist-after_add_to_cart"},"yoast_head":"<!-- This site is optimized with the Yoast SEO Premium plugin v25.3.1 (Yoast SEO v27.2) - https:\/\/yoast.com\/product\/yoast-seo-premium-wordpress\/ -->\n<title>ThreeZero - Transformers MDLX Megatron<\/title>\n<meta name=\"robots\" content=\"index, follow, max-snippet:-1, max-image-preview:large, max-video-preview:-1\" \/>\n<link rel=\"canonical\" href=\"https:\/\/hobby4geek.com\/de\/produkt\/threezero-transformers-mdlx-megatron\/\" \/>\n<meta property=\"og:locale\" content=\"de_DE\" \/>\n<meta property=\"og:type\" content=\"article\" \/>\n<meta property=\"og:title\" content=\"ThreeZero - Transformers MDLX Megatron\" \/>\n<meta property=\"og:description\" content=\"Officially licensed by Hasbro  ~ 7&quot; (18cm) tall  ~45 points of articulation  Zinc alloy and metal parts  Fusion Cannon  (1) rear cannon  (4) sets of interchangeable hands: (1) pair of fists, (1) pair of raised hands, (1) pointing right hand, (1) open left hand.\" \/>\n<meta property=\"og:url\" content=\"https:\/\/hobby4geek.com\/de\/produkt\/threezero-transformers-mdlx-megatron\/\" \/>\n<meta property=\"og:site_name\" content=\"Hobby4Geek\" \/>\n<meta property=\"article:publisher\" content=\"https:\/\/www.facebook.com\/hobby4geek\" \/>\n<meta property=\"article:modified_time\" content=\"2024-05-22T17:22:40+00:00\" \/>\n<meta property=\"og:image\" content=\"https:\/\/hobby4geek.com\/wp-content\/uploads\/2023\/02\/threezero-transformers-mdlx-megatron.jpg\" \/>\n\t<meta property=\"og:image:width\" content=\"1188\" \/>\n\t<meta property=\"og:image:height\" content=\"1781\" \/>\n\t<meta property=\"og:image:type\" content=\"image\/jpeg\" \/>\n<meta name=\"twitter:card\" content=\"summary_large_image\" \/>\n<meta name=\"twitter:site\" content=\"@hobby4geek\" \/>\n<script type=\"application\/ld+json\" class=\"yoast-schema-graph\">{\"@context\":\"https:\/\/schema.org\",\"@graph\":[{\"@type\":\"WebPage\",\"@id\":\"https:\/\/hobby4geek.com\/product\/threezero-transformers-mdlx-megatron\/\",\"url\":\"https:\/\/hobby4geek.com\/product\/threezero-transformers-mdlx-megatron\/\",\"name\":\"ThreeZero - Transformers MDLX Megatron\",\"isPartOf\":{\"@id\":\"https:\/\/hobby4geek.com\/#website\"},\"primaryImageOfPage\":{\"@id\":\"https:\/\/hobby4geek.com\/product\/threezero-transformers-mdlx-megatron\/#primaryimage\"},\"image\":{\"@id\":\"https:\/\/hobby4geek.com\/product\/threezero-transformers-mdlx-megatron\/#primaryimage\"},\"thumbnailUrl\":\"https:\/\/hobby4geek.com\/wp-content\/uploads\/2023\/02\/threezero-transformers-mdlx-megatron.jpg\",\"datePublished\":\"2022-10-28T18:09:52+00:00\",\"dateModified\":\"2024-05-22T17:22:40+00:00\",\"breadcrumb\":{\"@id\":\"https:\/\/hobby4geek.com\/product\/threezero-transformers-mdlx-megatron\/#breadcrumb\"},\"inLanguage\":\"de\",\"potentialAction\":[{\"@type\":\"ReadAction\",\"target\":[\"https:\/\/hobby4geek.com\/product\/threezero-transformers-mdlx-megatron\/\"]}]},{\"@type\":\"ImageObject\",\"inLanguage\":\"de\",\"@id\":\"https:\/\/hobby4geek.com\/product\/threezero-transformers-mdlx-megatron\/#primaryimage\",\"url\":\"https:\/\/hobby4geek.com\/wp-content\/uploads\/2023\/02\/threezero-transformers-mdlx-megatron.jpg\",\"contentUrl\":\"https:\/\/hobby4geek.com\/wp-content\/uploads\/2023\/02\/threezero-transformers-mdlx-megatron.jpg\",\"width\":1188,\"height\":1781,\"caption\":\"threezero-transformers-mdlx-megatron\"},{\"@type\":\"BreadcrumbList\",\"@id\":\"https:\/\/hobby4geek.com\/product\/threezero-transformers-mdlx-megatron\/#breadcrumb\",\"itemListElement\":[{\"@type\":\"ListItem\",\"position\":1,\"name\":\"Home\",\"item\":\"https:\/\/hobby4geek.com\/\"},{\"@type\":\"ListItem\",\"position\":2,\"name\":\"Shop\",\"item\":\"https:\/\/hobby4geek.com\/shop\/\"},{\"@type\":\"ListItem\",\"position\":3,\"name\":\"ThreeZero &#8211; Transformers MDLX Megatron\"}]},{\"@type\":\"WebSite\",\"@id\":\"https:\/\/hobby4geek.com\/#website\",\"url\":\"https:\/\/hobby4geek.com\/\",\"name\":\"Hobby4Geek\",\"description\":\"Collect, Play &amp; Showcase, Embrace your Geekiness\",\"publisher\":{\"@id\":\"https:\/\/hobby4geek.com\/#organization\"},\"potentialAction\":[{\"@type\":\"SearchAction\",\"target\":{\"@type\":\"EntryPoint\",\"urlTemplate\":\"https:\/\/hobby4geek.com\/?s={search_term_string}\"},\"query-input\":{\"@type\":\"PropertyValueSpecification\",\"valueRequired\":true,\"valueName\":\"search_term_string\"}}],\"inLanguage\":\"de\"},{\"@type\":\"Organization\",\"@id\":\"https:\/\/hobby4geek.com\/#organization\",\"name\":\"Hobby4Geek\",\"url\":\"https:\/\/hobby4geek.com\/\",\"logo\":{\"@type\":\"ImageObject\",\"inLanguage\":\"de\",\"@id\":\"https:\/\/hobby4geek.com\/#\/schema\/logo\/image\/\",\"url\":\"https:\/\/hobby4geek.com\/wp-content\/uploads\/2023\/02\/default-kit.png\",\"contentUrl\":\"https:\/\/hobby4geek.com\/wp-content\/uploads\/2023\/02\/default-kit.png\",\"width\":600,\"height\":600,\"caption\":\"Hobby4Geek\"},\"image\":{\"@id\":\"https:\/\/hobby4geek.com\/#\/schema\/logo\/image\/\"},\"sameAs\":[\"https:\/\/www.facebook.com\/hobby4geek\",\"https:\/\/x.com\/hobby4geek\",\"https:\/\/www.instagram.com\/hobby4geek\/\"]}]}<\/script>\n<meta property=\"product:brand\" content=\"Transformers\" \/>\n<meta property=\"product:price:amount\" content=\"143.36\" \/>\n<meta property=\"product:price:currency\" content=\"EUR\" \/>\n<meta property=\"og:availability\" content=\"out of stock\" \/>\n<meta property=\"product:availability\" content=\"out of stock\" \/>\n<meta property=\"product:condition\" content=\"new\" \/>\n<!-- \/ Yoast SEO Premium plugin. -->","yoast_head_json":{"title":"DreiNull - Transformers MDLX Megatron","robots":{"index":"index","follow":"follow","max-snippet":"max-snippet:-1","max-image-preview":"max-image-preview:large","max-video-preview":"max-video-preview:-1"},"canonical":"https:\/\/hobby4geek.com\/de\/produkt\/threezero-transformers-mdlx-megatron\/","og_locale":"de_DE","og_type":"article","og_title":"ThreeZero - Transformers MDLX Megatron","og_description":"Officially licensed by Hasbro  ~ 7\" (18cm) tall  ~45 points of articulation  Zinc alloy and metal parts  Fusion Cannon  (1) rear cannon  (4) sets of interchangeable hands: (1) pair of fists, (1) pair of raised hands, (1) pointing right hand, (1) open left hand.","og_url":"https:\/\/hobby4geek.com\/de\/produkt\/threezero-transformers-mdlx-megatron\/","og_site_name":"Hobby4Geek","article_publisher":"https:\/\/www.facebook.com\/hobby4geek","article_modified_time":"2024-05-22T17:22:40+00:00","og_image":[{"width":1188,"height":1781,"url":"https:\/\/hobby4geek.com\/wp-content\/uploads\/2023\/02\/threezero-transformers-mdlx-megatron.jpg","type":"image\/jpeg"}],"twitter_card":"summary_large_image","twitter_site":"@hobby4geek","schema":{"@context":"https:\/\/schema.org","@graph":[{"@type":"WebPage","@id":"https:\/\/hobby4geek.com\/product\/threezero-transformers-mdlx-megatron\/","url":"https:\/\/hobby4geek.com\/product\/threezero-transformers-mdlx-megatron\/","name":"DreiNull - Transformers MDLX Megatron","isPartOf":{"@id":"https:\/\/hobby4geek.com\/#website"},"primaryImageOfPage":{"@id":"https:\/\/hobby4geek.com\/product\/threezero-transformers-mdlx-megatron\/#primaryimage"},"image":{"@id":"https:\/\/hobby4geek.com\/product\/threezero-transformers-mdlx-megatron\/#primaryimage"},"thumbnailUrl":"https:\/\/hobby4geek.com\/wp-content\/uploads\/2023\/02\/threezero-transformers-mdlx-megatron.jpg","datePublished":"2022-10-28T18:09:52+00:00","dateModified":"2024-05-22T17:22:40+00:00","breadcrumb":{"@id":"https:\/\/hobby4geek.com\/product\/threezero-transformers-mdlx-megatron\/#breadcrumb"},"inLanguage":"de","potentialAction":[{"@type":"ReadAction","target":["https:\/\/hobby4geek.com\/product\/threezero-transformers-mdlx-megatron\/"]}]},{"@type":"ImageObject","inLanguage":"de","@id":"https:\/\/hobby4geek.com\/product\/threezero-transformers-mdlx-megatron\/#primaryimage","url":"https:\/\/hobby4geek.com\/wp-content\/uploads\/2023\/02\/threezero-transformers-mdlx-megatron.jpg","contentUrl":"https:\/\/hobby4geek.com\/wp-content\/uploads\/2023\/02\/threezero-transformers-mdlx-megatron.jpg","width":1188,"height":1781,"caption":"threezero-transformers-mdlx-megatron"},{"@type":"BreadcrumbList","@id":"https:\/\/hobby4geek.com\/product\/threezero-transformers-mdlx-megatron\/#breadcrumb","itemListElement":[{"@type":"ListItem","position":1,"name":"Home","item":"https:\/\/hobby4geek.com\/"},{"@type":"ListItem","position":2,"name":"Shop","item":"https:\/\/hobby4geek.com\/shop\/"},{"@type":"ListItem","position":3,"name":"ThreeZero &#8211; Transformers MDLX Megatron"}]},{"@type":"WebSite","@id":"https:\/\/hobby4geek.com\/#website","url":"https:\/\/hobby4geek.com\/","name":"Hobby4Geek","description":"Sammeln, Spielen &amp; Pr\u00e4sentieren, Umarmung der Geekiness","publisher":{"@id":"https:\/\/hobby4geek.com\/#organization"},"potentialAction":[{"@type":"SearchAction","target":{"@type":"EntryPoint","urlTemplate":"https:\/\/hobby4geek.com\/?s={search_term_string}"},"query-input":{"@type":"PropertyValueSpecification","valueRequired":true,"valueName":"search_term_string"}}],"inLanguage":"de"},{"@type":"Organization","@id":"https:\/\/hobby4geek.com\/#organization","name":"Hobby4Geek","url":"https:\/\/hobby4geek.com\/","logo":{"@type":"ImageObject","inLanguage":"de","@id":"https:\/\/hobby4geek.com\/#\/schema\/logo\/image\/","url":"https:\/\/hobby4geek.com\/wp-content\/uploads\/2023\/02\/default-kit.png","contentUrl":"https:\/\/hobby4geek.com\/wp-content\/uploads\/2023\/02\/default-kit.png","width":600,"height":600,"caption":"Hobby4Geek"},"image":{"@id":"https:\/\/hobby4geek.com\/#\/schema\/logo\/image\/"},"sameAs":["https:\/\/www.facebook.com\/hobby4geek","https:\/\/x.com\/hobby4geek","https:\/\/www.instagram.com\/hobby4geek\/"]}]},"product_brand":"Transformers","product_price_amount":"143.36","product_price_currency":"EUR","og_availability":"out of stock","product_availability":"out of stock","product_condition":"new"},"_links":{"self":[{"href":"https:\/\/hobby4geek.com\/de\/wp-json\/wp\/v2\/product\/174814","targetHints":{"allow":["GET"]}}],"collection":[{"href":"https:\/\/hobby4geek.com\/de\/wp-json\/wp\/v2\/product"}],"about":[{"href":"https:\/\/hobby4geek.com\/de\/wp-json\/wp\/v2\/types\/product"}],"replies":[{"embeddable":true,"href":"https:\/\/hobby4geek.com\/de\/wp-json\/wp\/v2\/comments?post=174814"}],"version-history":[{"count":0,"href":"https:\/\/hobby4geek.com\/de\/wp-json\/wp\/v2\/product\/174814\/revisions"}],"wp:featuredmedia":[{"embeddable":true,"href":"https:\/\/hobby4geek.com\/de\/wp-json\/wp\/v2\/media\/182802"}],"wp:attachment":[{"href":"https:\/\/hobby4geek.com\/de\/wp-json\/wp\/v2\/media?parent=174814"}],"wp:term":[{"taxonomy":"product_brand","embeddable":true,"href":"https:\/\/hobby4geek.com\/de\/wp-json\/wp\/v2\/product_brand?post=174814"},{"taxonomy":"product_cat","embeddable":true,"href":"https:\/\/hobby4geek.com\/de\/wp-json\/wp\/v2\/product_cat?post=174814"},{"taxonomy":"product_tag","embeddable":true,"href":"https:\/\/hobby4geek.com\/de\/wp-json\/wp\/v2\/product_tag?post=174814"},{"taxonomy":"giftcard-category","embeddable":true,"href":"https:\/\/hobby4geek.com\/de\/wp-json\/wp\/v2\/giftcard-category?post=174814"}],"curies":[{"name":"wp","href":"https:\/\/api.w.org\/{rel}","templated":true}]}}