{"id":173443,"date":"2019-08-12T15:40:36","date_gmt":"2019-08-12T14:40:36","guid":{"rendered":"https:\/\/hobby4geek.com\/?post_type=product&#038;p=173443"},"modified":"2024-05-12T12:55:14","modified_gmt":"2024-05-12T11:55:14","slug":"transformers-studio-series-14-voyager-ironhide","status":"publish","type":"product","link":"https:\/\/hobby4geek.com\/de\/produkt\/transformers-studio-series-14-voyager-ironhide\/","title":{"rendered":"Transformers Studio Series - 14 Voyager Ironhide"},"content":{"rendered":"<p>Realistisch und getreu dem Universum des Films erm\u00f6glichen die Figuren des Studio Series die Zusammenstellung einer perfekten Transformers-Sammlung und die Nachstellung emblematischer Szenen der Filme.<\/p>\n<p>W\u00e4hrend der Schlacht um Mission City aus dem ersten Film weicht IRONHIDE den Raketen und Gegenangriffen aus, um die Stadt zu sch\u00fctzen. Der loyale Autobot gibt alles, um die Decepticons abzuwehren und einen Durchgang zu schaffen, der es Sam Witwicky erm\u00f6glicht, den Sieg zu erringen und den AllSpark zu retten.<\/p>\n<p>Diese Studio Series 14 (Movie 1) Deluxe Class Ironhide Figur l\u00e4sst sich in 27 Schritten vom Robotermodus in den GMC Topkick C4500 Pickup Truck Modus und zur\u00fcck verwandeln und wird mit 2 Zubeh\u00f6rteilen geliefert. Die Kulisse kann aus der Verpackung entfernt werden, um Ironhide in der Mission City Kampfszene darzustellen.<\/p>\n<ul>\n<li>Studio Series 14 Voyager-Klasse Optimus Prime Figur (Film 1)<\/li>\n<li>Premium-Figur und -Verpackung inspiriert von der kultigen Mission City-Kampfszene<\/li>\n<li>Verwandelt sich in 27 Schritten vom Roboter-Modus in den GMC Topkick Van-Modus<\/li>\n<li>Der abnehmbare Hintergrund erm\u00f6glicht die Darstellung des Ironhide in der Kampfszene von Mission City<\/li>\n<li>15,2cm Figur<\/li>\n<\/ul>","protected":false},"excerpt":{"rendered":"<ul>\n<li>Studio Series 14 Voyager-Klasse Optimus Prime Figur (Film 1)<\/li>\n<li>Premium-Figur und -Verpackung inspiriert von der kultigen Mission City-Kampfszene<\/li>\n<li>Verwandelt sich in 27 Schritten vom Roboter-Modus in den GMC Topkick Van-Modus<\/li>\n<li>Der abnehmbare Hintergrund erm\u00f6glicht die Darstellung des Ironhide in der Kampfszene von Mission City<\/li>\n<li>15,2cm Figur<\/li>\n<\/ul>","protected":false},"featured_media":182509,"comment_status":"open","ping_status":"closed","template":"","meta":{"inline_featured_image":false},"product_brand":[],"product_cat":[68,69,1955,1960],"product_tag":[1703,200,1759,199,217,1704,240,203,1975,204,247],"giftcard-category":[],"class_list":{"0":"post-173443","1":"product","2":"type-product","3":"status-publish","4":"has-post-thumbnail","6":"product_cat-hasbro","7":"product_cat-takara-tomy","8":"product_cat-transformers","9":"product_cat-transformers-generations","10":"product_tag-1703","11":"product_tag-action-figures","12":"product_tag-action-toys","13":"product_tag-autobot","14":"product_tag-ironhide","15":"product_tag-ss-14","16":"product_tag-studio-series","17":"product_tag-takara-tomy","18":"product_tag-toys-figures","19":"product_tag-transformers","20":"product_tag-voyager","21":"product_shipping_class-from-china","22":"inventories-china-inventory","24":"first","25":"outofstock","26":"taxable","27":"shipping-taxable","28":"purchasable","29":"product-type-simple","30":"add-to-wishlist-after_add_to_cart"},"yoast_head":"<!-- This site is optimized with the Yoast SEO Premium plugin v25.3.1 (Yoast SEO v27.4) - https:\/\/yoast.com\/product\/yoast-seo-premium-wordpress\/ -->\n<title>Transformers Studio Series - 14 Voyager Ironhide<\/title>\n<meta name=\"robots\" content=\"index, follow, max-snippet:-1, max-image-preview:large, max-video-preview:-1\" \/>\n<link rel=\"canonical\" href=\"https:\/\/hobby4geek.com\/de\/produkt\/transformers-studio-series-14-voyager-ironhide\/\" \/>\n<meta property=\"og:locale\" content=\"de_DE\" \/>\n<meta property=\"og:type\" content=\"article\" \/>\n<meta property=\"og:title\" content=\"Transformers Studio Series - 14 Voyager Ironhide\" \/>\n<meta property=\"og:description\" content=\"Studio Series 14 Voyager Class Optimus Prime Figure (Movie 1)  Premium figure and packaging inspired by the iconic Mission City battle scene  Converts from robot mode to GMC Topkick van mode in 27 steps  Removable backdrop allows Ironhide to be displayed in the Mission City battle scene  15.2cm figure\" \/>\n<meta property=\"og:url\" content=\"https:\/\/hobby4geek.com\/de\/produkt\/transformers-studio-series-14-voyager-ironhide\/\" \/>\n<meta property=\"og:site_name\" content=\"Hobby4Geek\" \/>\n<meta property=\"article:publisher\" content=\"https:\/\/www.facebook.com\/hobby4geek\" \/>\n<meta property=\"article:modified_time\" content=\"2024-05-12T11:55:14+00:00\" \/>\n<meta property=\"og:image\" content=\"https:\/\/hobby4geek.com\/wp-content\/uploads\/2023\/02\/transformers-studio-series-14-voyager-ironhide.jpg\" \/>\n\t<meta property=\"og:image:width\" content=\"1000\" \/>\n\t<meta property=\"og:image:height\" content=\"1000\" \/>\n\t<meta property=\"og:image:type\" content=\"image\/jpeg\" \/>\n<meta name=\"twitter:card\" content=\"summary_large_image\" \/>\n<meta name=\"twitter:site\" content=\"@hobby4geek\" \/>\n<script type=\"application\/ld+json\" class=\"yoast-schema-graph\">{\"@context\":\"https:\\\/\\\/schema.org\",\"@graph\":[{\"@type\":\"WebPage\",\"@id\":\"https:\\\/\\\/hobby4geek.com\\\/product\\\/transformers-studio-series-14-voyager-ironhide\\\/\",\"url\":\"https:\\\/\\\/hobby4geek.com\\\/product\\\/transformers-studio-series-14-voyager-ironhide\\\/\",\"name\":\"Transformers Studio Series - 14 Voyager Ironhide\",\"isPartOf\":{\"@id\":\"https:\\\/\\\/hobby4geek.com\\\/#website\"},\"primaryImageOfPage\":{\"@id\":\"https:\\\/\\\/hobby4geek.com\\\/product\\\/transformers-studio-series-14-voyager-ironhide\\\/#primaryimage\"},\"image\":{\"@id\":\"https:\\\/\\\/hobby4geek.com\\\/product\\\/transformers-studio-series-14-voyager-ironhide\\\/#primaryimage\"},\"thumbnailUrl\":\"https:\\\/\\\/hobby4geek.com\\\/wp-content\\\/uploads\\\/2023\\\/02\\\/transformers-studio-series-14-voyager-ironhide.jpg\",\"datePublished\":\"2019-08-12T14:40:36+00:00\",\"dateModified\":\"2024-05-12T11:55:14+00:00\",\"breadcrumb\":{\"@id\":\"https:\\\/\\\/hobby4geek.com\\\/product\\\/transformers-studio-series-14-voyager-ironhide\\\/#breadcrumb\"},\"inLanguage\":\"de\",\"potentialAction\":[{\"@type\":\"ReadAction\",\"target\":[\"https:\\\/\\\/hobby4geek.com\\\/product\\\/transformers-studio-series-14-voyager-ironhide\\\/\"]}]},{\"@type\":\"ImageObject\",\"inLanguage\":\"de\",\"@id\":\"https:\\\/\\\/hobby4geek.com\\\/product\\\/transformers-studio-series-14-voyager-ironhide\\\/#primaryimage\",\"url\":\"https:\\\/\\\/hobby4geek.com\\\/wp-content\\\/uploads\\\/2023\\\/02\\\/transformers-studio-series-14-voyager-ironhide.jpg\",\"contentUrl\":\"https:\\\/\\\/hobby4geek.com\\\/wp-content\\\/uploads\\\/2023\\\/02\\\/transformers-studio-series-14-voyager-ironhide.jpg\",\"width\":1000,\"height\":1000,\"caption\":\"transformers-studio-series-14-voyager-ironhide\"},{\"@type\":\"BreadcrumbList\",\"@id\":\"https:\\\/\\\/hobby4geek.com\\\/product\\\/transformers-studio-series-14-voyager-ironhide\\\/#breadcrumb\",\"itemListElement\":[{\"@type\":\"ListItem\",\"position\":1,\"name\":\"Home\",\"item\":\"https:\\\/\\\/hobby4geek.com\\\/\"},{\"@type\":\"ListItem\",\"position\":2,\"name\":\"Shop\",\"item\":\"https:\\\/\\\/hobby4geek.com\\\/shop\\\/\"},{\"@type\":\"ListItem\",\"position\":3,\"name\":\"Transformers Studio Series &#8211; 14 Voyager Ironhide\"}]},{\"@type\":\"WebSite\",\"@id\":\"https:\\\/\\\/hobby4geek.com\\\/#website\",\"url\":\"https:\\\/\\\/hobby4geek.com\\\/\",\"name\":\"Hobby4Geek\",\"description\":\"Collect, Play &amp; Showcase, Embrace your Geekiness\",\"publisher\":{\"@id\":\"https:\\\/\\\/hobby4geek.com\\\/#organization\"},\"potentialAction\":[{\"@type\":\"SearchAction\",\"target\":{\"@type\":\"EntryPoint\",\"urlTemplate\":\"https:\\\/\\\/hobby4geek.com\\\/?s={search_term_string}\"},\"query-input\":{\"@type\":\"PropertyValueSpecification\",\"valueRequired\":true,\"valueName\":\"search_term_string\"}}],\"inLanguage\":\"de\"},{\"@type\":\"Organization\",\"@id\":\"https:\\\/\\\/hobby4geek.com\\\/#organization\",\"name\":\"Hobby4Geek\",\"url\":\"https:\\\/\\\/hobby4geek.com\\\/\",\"logo\":{\"@type\":\"ImageObject\",\"inLanguage\":\"de\",\"@id\":\"https:\\\/\\\/hobby4geek.com\\\/#\\\/schema\\\/logo\\\/image\\\/\",\"url\":\"https:\\\/\\\/hobby4geek.com\\\/wp-content\\\/uploads\\\/2023\\\/02\\\/default-kit.png\",\"contentUrl\":\"https:\\\/\\\/hobby4geek.com\\\/wp-content\\\/uploads\\\/2023\\\/02\\\/default-kit.png\",\"width\":600,\"height\":600,\"caption\":\"Hobby4Geek\"},\"image\":{\"@id\":\"https:\\\/\\\/hobby4geek.com\\\/#\\\/schema\\\/logo\\\/image\\\/\"},\"sameAs\":[\"https:\\\/\\\/www.facebook.com\\\/hobby4geek\",\"https:\\\/\\\/x.com\\\/hobby4geek\",\"https:\\\/\\\/www.instagram.com\\\/hobby4geek\\\/\"]}]}<\/script>\n<meta property=\"product:brand\" content=\"Hasbro\" \/>\n<meta property=\"product:price:amount\" content=\"37.00\" \/>\n<meta property=\"product:price:currency\" content=\"EUR\" \/>\n<meta property=\"og:availability\" content=\"out of stock\" \/>\n<meta property=\"product:availability\" content=\"out of stock\" \/>\n<meta property=\"product:condition\" content=\"new\" \/>\n<!-- \/ Yoast SEO Premium plugin. -->","yoast_head_json":{"title":"Transformers Studio Series - 14 Voyager Ironhide","robots":{"index":"index","follow":"follow","max-snippet":"max-snippet:-1","max-image-preview":"max-image-preview:large","max-video-preview":"max-video-preview:-1"},"canonical":"https:\/\/hobby4geek.com\/de\/produkt\/transformers-studio-series-14-voyager-ironhide\/","og_locale":"de_DE","og_type":"article","og_title":"Transformers Studio Series - 14 Voyager Ironhide","og_description":"Studio Series 14 Voyager Class Optimus Prime Figure (Movie 1)  Premium figure and packaging inspired by the iconic Mission City battle scene  Converts from robot mode to GMC Topkick van mode in 27 steps  Removable backdrop allows Ironhide to be displayed in the Mission City battle scene  15.2cm figure","og_url":"https:\/\/hobby4geek.com\/de\/produkt\/transformers-studio-series-14-voyager-ironhide\/","og_site_name":"Hobby4Geek","article_publisher":"https:\/\/www.facebook.com\/hobby4geek","article_modified_time":"2024-05-12T11:55:14+00:00","og_image":[{"width":1000,"height":1000,"url":"https:\/\/hobby4geek.com\/wp-content\/uploads\/2023\/02\/transformers-studio-series-14-voyager-ironhide.jpg","type":"image\/jpeg"}],"twitter_card":"summary_large_image","twitter_site":"@hobby4geek","schema":{"@context":"https:\/\/schema.org","@graph":[{"@type":"WebPage","@id":"https:\/\/hobby4geek.com\/product\/transformers-studio-series-14-voyager-ironhide\/","url":"https:\/\/hobby4geek.com\/product\/transformers-studio-series-14-voyager-ironhide\/","name":"Transformers Studio Series - 14 Voyager Ironhide","isPartOf":{"@id":"https:\/\/hobby4geek.com\/#website"},"primaryImageOfPage":{"@id":"https:\/\/hobby4geek.com\/product\/transformers-studio-series-14-voyager-ironhide\/#primaryimage"},"image":{"@id":"https:\/\/hobby4geek.com\/product\/transformers-studio-series-14-voyager-ironhide\/#primaryimage"},"thumbnailUrl":"https:\/\/hobby4geek.com\/wp-content\/uploads\/2023\/02\/transformers-studio-series-14-voyager-ironhide.jpg","datePublished":"2019-08-12T14:40:36+00:00","dateModified":"2024-05-12T11:55:14+00:00","breadcrumb":{"@id":"https:\/\/hobby4geek.com\/product\/transformers-studio-series-14-voyager-ironhide\/#breadcrumb"},"inLanguage":"de","potentialAction":[{"@type":"ReadAction","target":["https:\/\/hobby4geek.com\/product\/transformers-studio-series-14-voyager-ironhide\/"]}]},{"@type":"ImageObject","inLanguage":"de","@id":"https:\/\/hobby4geek.com\/product\/transformers-studio-series-14-voyager-ironhide\/#primaryimage","url":"https:\/\/hobby4geek.com\/wp-content\/uploads\/2023\/02\/transformers-studio-series-14-voyager-ironhide.jpg","contentUrl":"https:\/\/hobby4geek.com\/wp-content\/uploads\/2023\/02\/transformers-studio-series-14-voyager-ironhide.jpg","width":1000,"height":1000,"caption":"transformers-studio-series-14-voyager-ironhide"},{"@type":"BreadcrumbList","@id":"https:\/\/hobby4geek.com\/product\/transformers-studio-series-14-voyager-ironhide\/#breadcrumb","itemListElement":[{"@type":"ListItem","position":1,"name":"Home","item":"https:\/\/hobby4geek.com\/"},{"@type":"ListItem","position":2,"name":"Shop","item":"https:\/\/hobby4geek.com\/shop\/"},{"@type":"ListItem","position":3,"name":"Transformers Studio Series &#8211; 14 Voyager Ironhide"}]},{"@type":"WebSite","@id":"https:\/\/hobby4geek.com\/#website","url":"https:\/\/hobby4geek.com\/","name":"Hobby4Geek","description":"Sammeln, Spielen &amp; Pr\u00e4sentieren, Umarmung der Geekiness","publisher":{"@id":"https:\/\/hobby4geek.com\/#organization"},"potentialAction":[{"@type":"SearchAction","target":{"@type":"EntryPoint","urlTemplate":"https:\/\/hobby4geek.com\/?s={search_term_string}"},"query-input":{"@type":"PropertyValueSpecification","valueRequired":true,"valueName":"search_term_string"}}],"inLanguage":"de"},{"@type":"Organization","@id":"https:\/\/hobby4geek.com\/#organization","name":"Hobby4Geek","url":"https:\/\/hobby4geek.com\/","logo":{"@type":"ImageObject","inLanguage":"de","@id":"https:\/\/hobby4geek.com\/#\/schema\/logo\/image\/","url":"https:\/\/hobby4geek.com\/wp-content\/uploads\/2023\/02\/default-kit.png","contentUrl":"https:\/\/hobby4geek.com\/wp-content\/uploads\/2023\/02\/default-kit.png","width":600,"height":600,"caption":"Hobby4Geek"},"image":{"@id":"https:\/\/hobby4geek.com\/#\/schema\/logo\/image\/"},"sameAs":["https:\/\/www.facebook.com\/hobby4geek","https:\/\/x.com\/hobby4geek","https:\/\/www.instagram.com\/hobby4geek\/"]}]},"product_brand":"Hasbro","product_price_amount":"37.00","product_price_currency":"EUR","og_availability":"out of stock","product_availability":"out of stock","product_condition":"new"},"_links":{"self":[{"href":"https:\/\/hobby4geek.com\/de\/wp-json\/wp\/v2\/product\/173443","targetHints":{"allow":["GET"]}}],"collection":[{"href":"https:\/\/hobby4geek.com\/de\/wp-json\/wp\/v2\/product"}],"about":[{"href":"https:\/\/hobby4geek.com\/de\/wp-json\/wp\/v2\/types\/product"}],"replies":[{"embeddable":true,"href":"https:\/\/hobby4geek.com\/de\/wp-json\/wp\/v2\/comments?post=173443"}],"version-history":[{"count":0,"href":"https:\/\/hobby4geek.com\/de\/wp-json\/wp\/v2\/product\/173443\/revisions"}],"wp:featuredmedia":[{"embeddable":true,"href":"https:\/\/hobby4geek.com\/de\/wp-json\/wp\/v2\/media\/182509"}],"wp:attachment":[{"href":"https:\/\/hobby4geek.com\/de\/wp-json\/wp\/v2\/media?parent=173443"}],"wp:term":[{"taxonomy":"product_brand","embeddable":true,"href":"https:\/\/hobby4geek.com\/de\/wp-json\/wp\/v2\/product_brand?post=173443"},{"taxonomy":"product_cat","embeddable":true,"href":"https:\/\/hobby4geek.com\/de\/wp-json\/wp\/v2\/product_cat?post=173443"},{"taxonomy":"product_tag","embeddable":true,"href":"https:\/\/hobby4geek.com\/de\/wp-json\/wp\/v2\/product_tag?post=173443"},{"taxonomy":"giftcard-category","embeddable":true,"href":"https:\/\/hobby4geek.com\/de\/wp-json\/wp\/v2\/giftcard-category?post=173443"}],"curies":[{"name":"wp","href":"https:\/\/api.w.org\/{rel}","templated":true}]}}