{"id":171609,"date":"2022-05-12T17:06:12","date_gmt":"2022-05-12T16:06:12","guid":{"rendered":"https:\/\/hobby4geek.com\/?post_type=product&#038;p=171609"},"modified":"2024-05-12T12:53:28","modified_gmt":"2024-05-12T11:53:28","slug":"3zero-transformers-revenge-of-the-fallen-dlx-optimus-prime","status":"publish","type":"product","link":"https:\/\/hobby4geek.com\/de\/produkt\/3zero-transformers-revenge-of-the-fallen-dlx-optimus-prime\/","title":{"rendered":"ThreeZero - Transformers: Die Rache der Gefallenen DLX Optimus Prime"},"content":{"rendered":"<p>Hasbro und threezero freuen sich, euch Optimus Prime aus dem Film Transformers: Revenge of the Fallen als n\u00e4chste Figur der Transformers DLX Sammelfigurenserie pr\u00e4sentieren zu k\u00f6nnen!<\/p>\n<p>Die Transformers: Revenge of the Fallen - DLX Optimus Prime Sammelfigur ist 11,4 Zoll gro\u00df und verf\u00fcgt \u00fcber ca. 57 Gelenkpunkte, einen Metalldruckgussrahmen und LED-Leuchtaugen. Zum Zubeh\u00f6r geh\u00f6ren zwei Ionen-Blaster, zwei Energon-Schwerter, ein austauschbares Kampfgesicht und eine austauschbare Maske, insgesamt vier Paar austauschbare H\u00e4nde und ein DLX-Aktionsst\u00e4nder f\u00fcr verschiedene ausdrucksstarke Posen.<\/p>\n<p>Transformers: Revenge of the Fallen - DLX Optimus Prime ist so konzipiert, dass er mit dem DLX Jetfire aus demselben Film (voraussichtliche Ver\u00f6ffentlichung Q1 2021) kombiniert werden kann. Zusammen bilden die beiden Figuren die beeindruckende DLX Jetpower.<\/p>\n<p>Die DLX-Sammelfiguren zeichnen sich durch die aufw\u00e4ndigen Designs der kleineren Transformers-Figuren aus und bieten einen hohen Produktionswert. Mit seinem einzigartigen Druckguss-Metallrahmen-Design bietet DLX nicht nur eine erweiterte Palette von Artikulation, sondern auch dramatisch verbessert Gewicht und Haltbarkeit. Mit der detaillierten, verwitterten Lackierung von threezero wird eine bemerkenswerte \u00c4hnlichkeit mit den Figuren erreicht, wie sie in den Originalmedien zu sehen sind.<\/p>\n<ul>\n<li>Offiziell lizenziert von Hasbro und TakaraTomy<\/li>\n<li>Ungef\u00e4hr 29,2 cm (11,4 Zoll) gro\u00df<\/li>\n<li>Ungef\u00e4hr 57 Gelenkpunkte<\/li>\n<li>Metalldruckgussteile<\/li>\n<li>LED-beleuchtete Augen*<\/li>\n<li>Ein Teil der externen Panzerung ist abnehmbar f\u00fcr die Integration mit DLX Jetfire<\/li>\n<\/ul>\n<p><strong>Zubeh\u00f6r:<\/strong><\/p>\n<ul>\n<li>Eine austauschbare Kampfmaske und ein austauschbares Gesicht<\/li>\n<li>Zwei Ionensprenger<\/li>\n<li>Zwei Energon-Doppelschwerter<\/li>\n<li>Vier Paar austauschbare H\u00e4nde: ein Paar F\u00e4uste, ein Paar entspannte H\u00e4nde, ein Paar Aktionsh\u00e4nde und ein Paar H\u00e4nde zum Halten des Ionen-Blasters.<\/li>\n<li>Ein Aktionsst\u00e4nder mit Sockel<\/li>\n<\/ul>\n<p><strong>Bemerkungen<\/strong><\/p>\n<p>*LED-Funktionen erfordern AG13 x2 Batterien (Batterien nicht enthalten)<\/p>\n<p><strong>Materialien<\/strong><\/p>\n<p>Zinkdruckgusslegierung, POM, ABS und PVC<\/p>","protected":false},"excerpt":{"rendered":"<ul>\n<li>Offiziell lizenziert von Hasbro und TakaraTomy<\/li>\n<li>Ungef\u00e4hr 29,2 cm (11,4 Zoll) gro\u00df<\/li>\n<li>Ungef\u00e4hr 57 Gelenkpunkte<\/li>\n<li>Metalldruckgussteile<\/li>\n<li>LED-beleuchtete Augen*<\/li>\n<li>Ein Teil der externen Panzerung ist abnehmbar f\u00fcr die Integration mit DLX Jetfire<\/li>\n<\/ul>\n<p><strong>Zubeh\u00f6r:<\/strong><\/p>\n<ul>\n<li>Eine austauschbare Kampfmaske und ein austauschbares Gesicht<\/li>\n<li>Zwei Ionensprenger<\/li>\n<li>Zwei Energon-Doppelschwerter<\/li>\n<li>Vier Paar austauschbare H\u00e4nde: ein Paar F\u00e4uste, ein Paar entspannte H\u00e4nde, ein Paar Aktionsh\u00e4nde und ein Paar H\u00e4nde zum Halten des Ionen-Blasters.<\/li>\n<li>Ein Aktionsst\u00e4nder mit Sockel<\/li>\n<\/ul>\n<p><strong>Bemerkungen<\/strong><\/p>\n<p>*LED-Funktionen erfordern AG13 x2 Batterien (Batterien nicht enthalten)<\/p>\n<p><strong>Materialien<\/strong><\/p>\n<p>Zinkdruckgusslegierung, POM, ABS und PVC<\/p>","protected":false},"featured_media":182248,"comment_status":"open","ping_status":"closed","template":"","meta":{"inline_featured_image":false},"product_brand":[],"product_cat":[68,90,1955],"product_tag":[332,199,1976,333,334,335,1936,234,265,337,770,1975,204,2453,1638],"giftcard-category":[],"class_list":{"0":"post-171609","1":"product","2":"type-product","3":"status-publish","4":"has-post-thumbnail","6":"product_cat-hasbro","7":"product_cat-threezero","8":"product_cat-transformers","9":"product_tag-3a","10":"product_tag-autobot","11":"product_tag-collector-figures","12":"product_tag-dlx-collectible-series","13":"product_tag-film","14":"product_tag-hasbro","15":"product_tag-models-co","16":"product_tag-optimus-prime","17":"product_tag-pre-orders","18":"product_tag-threea","19":"product_tag-threezero","20":"product_tag-toys-figures","21":"product_tag-transformers","22":"product_tag-transformers-x-threezero","23":"product_tag-transformers-revenge-of-the-fallen","24":"product_shipping_class-from-china","26":"first","27":"outofstock","28":"taxable","29":"shipping-taxable","30":"purchasable","31":"product-type-simple","32":"add-to-wishlist-after_add_to_cart"},"yoast_head":"<!-- This site is optimized with the Yoast SEO Premium plugin v25.3.1 (Yoast SEO v27.4) - https:\/\/yoast.com\/product\/yoast-seo-premium-wordpress\/ -->\n<title>ThreeZero - Transformers: Revenge of the Fallen DLX Optimus Prime<\/title>\n<meta name=\"robots\" content=\"index, follow, max-snippet:-1, max-image-preview:large, max-video-preview:-1\" \/>\n<link rel=\"canonical\" href=\"https:\/\/hobby4geek.com\/de\/produkt\/3zero-transformers-revenge-of-the-fallen-dlx-optimus-prime\/\" \/>\n<meta property=\"og:locale\" content=\"de_DE\" \/>\n<meta property=\"og:type\" content=\"article\" \/>\n<meta property=\"og:title\" content=\"ThreeZero - Transformers: Revenge of the Fallen DLX Optimus Prime\" \/>\n<meta property=\"og:description\" content=\"Officially licensed by Hasbro and TakaraTomy  Approximately 29.2 cm (11.4 inches) tall  Approximately 57 points of articulation  Die-cast metal parts  LED lighted eyes*  Part of the external armor is detachable for integration with DLX Jetfire  Accessories:   An interchangeable battle mask and face  Two ion blasters  Two Energon Dual Swords  Four pairs of interchangeable hands: a pair of fists, a pair of relaxed hands, a pair of action hands and a pair of hands to hold the Ion Blaster.  One Action stand with base  Remarks  *LED features require AG13 x2 batteries (batteries not included)  Materials  Die-cast zinc alloy, POM, ABS and PVC\" \/>\n<meta property=\"og:url\" content=\"https:\/\/hobby4geek.com\/de\/produkt\/3zero-transformers-revenge-of-the-fallen-dlx-optimus-prime\/\" \/>\n<meta property=\"og:site_name\" content=\"Hobby4Geek\" \/>\n<meta property=\"article:publisher\" content=\"https:\/\/www.facebook.com\/hobby4geek\" \/>\n<meta property=\"article:modified_time\" content=\"2024-05-12T11:53:28+00:00\" \/>\n<meta property=\"og:image\" content=\"https:\/\/hobby4geek.com\/wp-content\/uploads\/2023\/02\/threezero-transformers-revenge-of-the-fallen-dlx-optimus-prime.jpg\" \/>\n\t<meta property=\"og:image:width\" content=\"1052\" \/>\n\t<meta property=\"og:image:height\" content=\"744\" \/>\n\t<meta property=\"og:image:type\" content=\"image\/jpeg\" \/>\n<meta name=\"twitter:card\" content=\"summary_large_image\" \/>\n<meta name=\"twitter:site\" content=\"@hobby4geek\" \/>\n<script type=\"application\/ld+json\" class=\"yoast-schema-graph\">{\"@context\":\"https:\\\/\\\/schema.org\",\"@graph\":[{\"@type\":\"WebPage\",\"@id\":\"https:\\\/\\\/hobby4geek.com\\\/product\\\/3zero-transformers-revenge-of-the-fallen-dlx-optimus-prime\\\/\",\"url\":\"https:\\\/\\\/hobby4geek.com\\\/product\\\/3zero-transformers-revenge-of-the-fallen-dlx-optimus-prime\\\/\",\"name\":\"ThreeZero - Transformers: Revenge of the Fallen DLX Optimus Prime\",\"isPartOf\":{\"@id\":\"https:\\\/\\\/hobby4geek.com\\\/#website\"},\"primaryImageOfPage\":{\"@id\":\"https:\\\/\\\/hobby4geek.com\\\/product\\\/3zero-transformers-revenge-of-the-fallen-dlx-optimus-prime\\\/#primaryimage\"},\"image\":{\"@id\":\"https:\\\/\\\/hobby4geek.com\\\/product\\\/3zero-transformers-revenge-of-the-fallen-dlx-optimus-prime\\\/#primaryimage\"},\"thumbnailUrl\":\"https:\\\/\\\/hobby4geek.com\\\/wp-content\\\/uploads\\\/2023\\\/02\\\/threezero-transformers-revenge-of-the-fallen-dlx-optimus-prime.jpg\",\"datePublished\":\"2022-05-12T16:06:12+00:00\",\"dateModified\":\"2024-05-12T11:53:28+00:00\",\"breadcrumb\":{\"@id\":\"https:\\\/\\\/hobby4geek.com\\\/product\\\/3zero-transformers-revenge-of-the-fallen-dlx-optimus-prime\\\/#breadcrumb\"},\"inLanguage\":\"de\",\"potentialAction\":[{\"@type\":\"ReadAction\",\"target\":[\"https:\\\/\\\/hobby4geek.com\\\/product\\\/3zero-transformers-revenge-of-the-fallen-dlx-optimus-prime\\\/\"]}]},{\"@type\":\"ImageObject\",\"inLanguage\":\"de\",\"@id\":\"https:\\\/\\\/hobby4geek.com\\\/product\\\/3zero-transformers-revenge-of-the-fallen-dlx-optimus-prime\\\/#primaryimage\",\"url\":\"https:\\\/\\\/hobby4geek.com\\\/wp-content\\\/uploads\\\/2023\\\/02\\\/threezero-transformers-revenge-of-the-fallen-dlx-optimus-prime.jpg\",\"contentUrl\":\"https:\\\/\\\/hobby4geek.com\\\/wp-content\\\/uploads\\\/2023\\\/02\\\/threezero-transformers-revenge-of-the-fallen-dlx-optimus-prime.jpg\",\"width\":1052,\"height\":744,\"caption\":\"007-PO-image\"},{\"@type\":\"BreadcrumbList\",\"@id\":\"https:\\\/\\\/hobby4geek.com\\\/product\\\/3zero-transformers-revenge-of-the-fallen-dlx-optimus-prime\\\/#breadcrumb\",\"itemListElement\":[{\"@type\":\"ListItem\",\"position\":1,\"name\":\"Home\",\"item\":\"https:\\\/\\\/hobby4geek.com\\\/\"},{\"@type\":\"ListItem\",\"position\":2,\"name\":\"Shop\",\"item\":\"https:\\\/\\\/hobby4geek.com\\\/shop\\\/\"},{\"@type\":\"ListItem\",\"position\":3,\"name\":\"ThreeZero &#8211; Transformers: Revenge of the Fallen DLX Optimus Prime\"}]},{\"@type\":\"WebSite\",\"@id\":\"https:\\\/\\\/hobby4geek.com\\\/#website\",\"url\":\"https:\\\/\\\/hobby4geek.com\\\/\",\"name\":\"Hobby4Geek\",\"description\":\"Collect, Play &amp; Showcase, Embrace your Geekiness\",\"publisher\":{\"@id\":\"https:\\\/\\\/hobby4geek.com\\\/#organization\"},\"potentialAction\":[{\"@type\":\"SearchAction\",\"target\":{\"@type\":\"EntryPoint\",\"urlTemplate\":\"https:\\\/\\\/hobby4geek.com\\\/?s={search_term_string}\"},\"query-input\":{\"@type\":\"PropertyValueSpecification\",\"valueRequired\":true,\"valueName\":\"search_term_string\"}}],\"inLanguage\":\"de\"},{\"@type\":\"Organization\",\"@id\":\"https:\\\/\\\/hobby4geek.com\\\/#organization\",\"name\":\"Hobby4Geek\",\"url\":\"https:\\\/\\\/hobby4geek.com\\\/\",\"logo\":{\"@type\":\"ImageObject\",\"inLanguage\":\"de\",\"@id\":\"https:\\\/\\\/hobby4geek.com\\\/#\\\/schema\\\/logo\\\/image\\\/\",\"url\":\"https:\\\/\\\/hobby4geek.com\\\/wp-content\\\/uploads\\\/2023\\\/02\\\/default-kit.png\",\"contentUrl\":\"https:\\\/\\\/hobby4geek.com\\\/wp-content\\\/uploads\\\/2023\\\/02\\\/default-kit.png\",\"width\":600,\"height\":600,\"caption\":\"Hobby4Geek\"},\"image\":{\"@id\":\"https:\\\/\\\/hobby4geek.com\\\/#\\\/schema\\\/logo\\\/image\\\/\"},\"sameAs\":[\"https:\\\/\\\/www.facebook.com\\\/hobby4geek\",\"https:\\\/\\\/x.com\\\/hobby4geek\",\"https:\\\/\\\/www.instagram.com\\\/hobby4geek\\\/\"]}]}<\/script>\n<meta property=\"product:brand\" content=\"Hasbro\" \/>\n<meta property=\"product:price:amount\" content=\"276.98\" \/>\n<meta property=\"product:price:currency\" content=\"EUR\" \/>\n<meta property=\"og:availability\" content=\"out of stock\" \/>\n<meta property=\"product:availability\" content=\"out of stock\" \/>\n<meta property=\"product:condition\" content=\"new\" \/>\n<!-- \/ Yoast SEO Premium plugin. -->","yoast_head_json":{"title":"ThreeZero - Transformers: Die Rache der Gefallenen DLX Optimus Prime","robots":{"index":"index","follow":"follow","max-snippet":"max-snippet:-1","max-image-preview":"max-image-preview:large","max-video-preview":"max-video-preview:-1"},"canonical":"https:\/\/hobby4geek.com\/de\/produkt\/3zero-transformers-revenge-of-the-fallen-dlx-optimus-prime\/","og_locale":"de_DE","og_type":"article","og_title":"ThreeZero - Transformers: Revenge of the Fallen DLX Optimus Prime","og_description":"Officially licensed by Hasbro and TakaraTomy  Approximately 29.2 cm (11.4 inches) tall  Approximately 57 points of articulation  Die-cast metal parts  LED lighted eyes*  Part of the external armor is detachable for integration with DLX Jetfire  Accessories:   An interchangeable battle mask and face  Two ion blasters  Two Energon Dual Swords  Four pairs of interchangeable hands: a pair of fists, a pair of relaxed hands, a pair of action hands and a pair of hands to hold the Ion Blaster.  One Action stand with base  Remarks  *LED features require AG13 x2 batteries (batteries not included)  Materials  Die-cast zinc alloy, POM, ABS and PVC","og_url":"https:\/\/hobby4geek.com\/de\/produkt\/3zero-transformers-revenge-of-the-fallen-dlx-optimus-prime\/","og_site_name":"Hobby4Geek","article_publisher":"https:\/\/www.facebook.com\/hobby4geek","article_modified_time":"2024-05-12T11:53:28+00:00","og_image":[{"width":1052,"height":744,"url":"https:\/\/hobby4geek.com\/wp-content\/uploads\/2023\/02\/threezero-transformers-revenge-of-the-fallen-dlx-optimus-prime.jpg","type":"image\/jpeg"}],"twitter_card":"summary_large_image","twitter_site":"@hobby4geek","schema":{"@context":"https:\/\/schema.org","@graph":[{"@type":"WebPage","@id":"https:\/\/hobby4geek.com\/product\/3zero-transformers-revenge-of-the-fallen-dlx-optimus-prime\/","url":"https:\/\/hobby4geek.com\/product\/3zero-transformers-revenge-of-the-fallen-dlx-optimus-prime\/","name":"ThreeZero - Transformers: Die Rache der Gefallenen DLX Optimus Prime","isPartOf":{"@id":"https:\/\/hobby4geek.com\/#website"},"primaryImageOfPage":{"@id":"https:\/\/hobby4geek.com\/product\/3zero-transformers-revenge-of-the-fallen-dlx-optimus-prime\/#primaryimage"},"image":{"@id":"https:\/\/hobby4geek.com\/product\/3zero-transformers-revenge-of-the-fallen-dlx-optimus-prime\/#primaryimage"},"thumbnailUrl":"https:\/\/hobby4geek.com\/wp-content\/uploads\/2023\/02\/threezero-transformers-revenge-of-the-fallen-dlx-optimus-prime.jpg","datePublished":"2022-05-12T16:06:12+00:00","dateModified":"2024-05-12T11:53:28+00:00","breadcrumb":{"@id":"https:\/\/hobby4geek.com\/product\/3zero-transformers-revenge-of-the-fallen-dlx-optimus-prime\/#breadcrumb"},"inLanguage":"de","potentialAction":[{"@type":"ReadAction","target":["https:\/\/hobby4geek.com\/product\/3zero-transformers-revenge-of-the-fallen-dlx-optimus-prime\/"]}]},{"@type":"ImageObject","inLanguage":"de","@id":"https:\/\/hobby4geek.com\/product\/3zero-transformers-revenge-of-the-fallen-dlx-optimus-prime\/#primaryimage","url":"https:\/\/hobby4geek.com\/wp-content\/uploads\/2023\/02\/threezero-transformers-revenge-of-the-fallen-dlx-optimus-prime.jpg","contentUrl":"https:\/\/hobby4geek.com\/wp-content\/uploads\/2023\/02\/threezero-transformers-revenge-of-the-fallen-dlx-optimus-prime.jpg","width":1052,"height":744,"caption":"007-PO-image"},{"@type":"BreadcrumbList","@id":"https:\/\/hobby4geek.com\/product\/3zero-transformers-revenge-of-the-fallen-dlx-optimus-prime\/#breadcrumb","itemListElement":[{"@type":"ListItem","position":1,"name":"Home","item":"https:\/\/hobby4geek.com\/"},{"@type":"ListItem","position":2,"name":"Shop","item":"https:\/\/hobby4geek.com\/shop\/"},{"@type":"ListItem","position":3,"name":"ThreeZero &#8211; Transformers: Revenge of the Fallen DLX Optimus Prime"}]},{"@type":"WebSite","@id":"https:\/\/hobby4geek.com\/#website","url":"https:\/\/hobby4geek.com\/","name":"Hobby4Geek","description":"Sammeln, Spielen &amp; Pr\u00e4sentieren, Umarmung der Geekiness","publisher":{"@id":"https:\/\/hobby4geek.com\/#organization"},"potentialAction":[{"@type":"SearchAction","target":{"@type":"EntryPoint","urlTemplate":"https:\/\/hobby4geek.com\/?s={search_term_string}"},"query-input":{"@type":"PropertyValueSpecification","valueRequired":true,"valueName":"search_term_string"}}],"inLanguage":"de"},{"@type":"Organization","@id":"https:\/\/hobby4geek.com\/#organization","name":"Hobby4Geek","url":"https:\/\/hobby4geek.com\/","logo":{"@type":"ImageObject","inLanguage":"de","@id":"https:\/\/hobby4geek.com\/#\/schema\/logo\/image\/","url":"https:\/\/hobby4geek.com\/wp-content\/uploads\/2023\/02\/default-kit.png","contentUrl":"https:\/\/hobby4geek.com\/wp-content\/uploads\/2023\/02\/default-kit.png","width":600,"height":600,"caption":"Hobby4Geek"},"image":{"@id":"https:\/\/hobby4geek.com\/#\/schema\/logo\/image\/"},"sameAs":["https:\/\/www.facebook.com\/hobby4geek","https:\/\/x.com\/hobby4geek","https:\/\/www.instagram.com\/hobby4geek\/"]}]},"product_brand":"Hasbro","product_price_amount":"276.98","product_price_currency":"EUR","og_availability":"out of stock","product_availability":"out of stock","product_condition":"new"},"_links":{"self":[{"href":"https:\/\/hobby4geek.com\/de\/wp-json\/wp\/v2\/product\/171609","targetHints":{"allow":["GET"]}}],"collection":[{"href":"https:\/\/hobby4geek.com\/de\/wp-json\/wp\/v2\/product"}],"about":[{"href":"https:\/\/hobby4geek.com\/de\/wp-json\/wp\/v2\/types\/product"}],"replies":[{"embeddable":true,"href":"https:\/\/hobby4geek.com\/de\/wp-json\/wp\/v2\/comments?post=171609"}],"version-history":[{"count":0,"href":"https:\/\/hobby4geek.com\/de\/wp-json\/wp\/v2\/product\/171609\/revisions"}],"wp:featuredmedia":[{"embeddable":true,"href":"https:\/\/hobby4geek.com\/de\/wp-json\/wp\/v2\/media\/182248"}],"wp:attachment":[{"href":"https:\/\/hobby4geek.com\/de\/wp-json\/wp\/v2\/media?parent=171609"}],"wp:term":[{"taxonomy":"product_brand","embeddable":true,"href":"https:\/\/hobby4geek.com\/de\/wp-json\/wp\/v2\/product_brand?post=171609"},{"taxonomy":"product_cat","embeddable":true,"href":"https:\/\/hobby4geek.com\/de\/wp-json\/wp\/v2\/product_cat?post=171609"},{"taxonomy":"product_tag","embeddable":true,"href":"https:\/\/hobby4geek.com\/de\/wp-json\/wp\/v2\/product_tag?post=171609"},{"taxonomy":"giftcard-category","embeddable":true,"href":"https:\/\/hobby4geek.com\/de\/wp-json\/wp\/v2\/giftcard-category?post=171609"}],"curies":[{"name":"wp","href":"https:\/\/api.w.org\/{rel}","templated":true}]}}