{"id":148290,"date":"2021-10-24T15:05:13","date_gmt":"2021-10-24T15:05:13","guid":{"rendered":"https:\/\/hobby4geek.com\/?post_type=product&#038;p=148290"},"modified":"2026-02-03T10:32:47","modified_gmt":"2026-02-03T09:32:47","slug":"sentinel-riobot-afc-01h-legioss-eta","status":"publish","type":"product","link":"https:\/\/hobby4geek.com\/de\/produkt\/sentinel-riobot-afc-01h-legioss-eta\/","title":{"rendered":"\u5343\u5024\u7df4 : RIOBOT - Genesis Climber Mospeada - AFC-01H Legioss (1\/48)"},"content":{"rendered":"<p>Als Fortsetzung der Genesis Climber Mospeada Linie pr\u00e4sentiert die Firma SEN-TI-NEL co.,ltd den Riobot AFC-01H Legioss. Der \u00fcber 20 cm gro\u00dfe Legioss besteht aus Druckgussteilen, die f\u00fcr Langlebigkeit sorgen, und l\u00e4sst sich leicht in die Formen K\u00e4mpfer, Taucher und Soldat verwandeln! Ein ma\u00dfstabsgetreuer Pilot wird mit der Figur geliefert.<\/p>\n<ul>\n<li>21cm<\/li>\n<li>Ma\u00dfstab 1\/48<\/li>\n<li>Poseable Mini-Reitanzug<\/li>\n<li>Modi K\u00e4mpfer, Taucher und Soldat<\/li>\n<li>Strahlenkanone<\/li>\n<li>Raketenkapsel<\/li>\n<\/ul>","protected":false},"excerpt":{"rendered":"<ul>\n<li>21cm<\/li>\n<li>Ma\u00dfstab 1\/48<\/li>\n<li>Poseable Mini-Reitanzug<\/li>\n<li>Modi K\u00e4mpfer, Taucher und Soldat<\/li>\n<li>Strahlenkanone<\/li>\n<li>Raketenkapsel<\/li>\n<\/ul>","protected":false},"featured_media":181742,"comment_status":"open","ping_status":"closed","template":"","meta":{"inline_featured_image":false},"product_brand":[],"product_cat":[148],"product_tag":[1435,1436,1437,1438,1439,1440,1441,1442,1443,1444,1445],"giftcard-category":[],"class_list":{"0":"post-148290","1":"product","2":"type-product","3":"status-publish","4":"has-post-thumbnail","6":"product_cat-sentinel-toys","7":"product_tag-1-48","8":"product_tag-afc-01h","9":"product_tag-genesis-climber-mospeada","10":"product_tag-legioss-eta","11":"product_tag-ltd","12":"product_tag-mecha","13":"product_tag-riobot","14":"product_tag-sen-ti-nel-co","15":"product_tag-sentinel-toys","16":"product_tag-1444","17":"product_tag--sen-ti-nel-co","18":"product_shipping_class-from-china","19":"inventories-china-inventory","21":"first","22":"outofstock","23":"taxable","24":"shipping-taxable","25":"purchasable","26":"product-type-simple","27":"add-to-wishlist-after_add_to_cart"},"yoast_head":"<!-- This site is optimized with the Yoast SEO Premium plugin v25.3.1 (Yoast SEO v27.2) - https:\/\/yoast.com\/product\/yoast-seo-premium-wordpress\/ -->\n<title>\u5343\u5024\u7df4 : RIOBOT - Genesis Climber Mospeada - AFC-01H Legioss (1\/48)<\/title>\n<meta name=\"robots\" content=\"index, follow, max-snippet:-1, max-image-preview:large, max-video-preview:-1\" \/>\n<link rel=\"canonical\" href=\"https:\/\/hobby4geek.com\/de\/produkt\/sentinel-riobot-afc-01h-legioss-eta\/\" \/>\n<meta property=\"og:locale\" content=\"de_DE\" \/>\n<meta property=\"og:type\" content=\"article\" \/>\n<meta property=\"og:title\" content=\"\u5343\u5024\u7df4 : RIOBOT - Genesis Climber Mospeada - AFC-01H Legioss (1\/48)\" \/>\n<meta property=\"og:description\" content=\"21cm  Scale 1\/48  Poseable Mini Riding Suit  Fighter, Diver and Soldier modes  beam cannon  Missile capsule\" \/>\n<meta property=\"og:url\" content=\"https:\/\/hobby4geek.com\/de\/produkt\/sentinel-riobot-afc-01h-legioss-eta\/\" \/>\n<meta property=\"og:site_name\" content=\"Hobby4Geek\" \/>\n<meta property=\"article:publisher\" content=\"https:\/\/www.facebook.com\/hobby4geek\" \/>\n<meta property=\"article:modified_time\" content=\"2026-02-03T09:32:47+00:00\" \/>\n<meta property=\"og:image\" content=\"https:\/\/hobby4geek.com\/wp-content\/uploads\/2023\/02\/\u5343\u5024\u7df4-riobot-genesis-climber-mospeada-afc-01h-legioss-1-48.jpg\" \/>\n\t<meta property=\"og:image:width\" content=\"1200\" \/>\n\t<meta property=\"og:image:height\" content=\"1711\" \/>\n\t<meta property=\"og:image:type\" content=\"image\/jpeg\" \/>\n<meta name=\"twitter:card\" content=\"summary_large_image\" \/>\n<meta name=\"twitter:site\" content=\"@hobby4geek\" \/>\n<script type=\"application\/ld+json\" class=\"yoast-schema-graph\">{\"@context\":\"https:\/\/schema.org\",\"@graph\":[{\"@type\":\"WebPage\",\"@id\":\"https:\/\/hobby4geek.com\/product\/sentinel-riobot-afc-01h-legioss-eta\/\",\"url\":\"https:\/\/hobby4geek.com\/product\/sentinel-riobot-afc-01h-legioss-eta\/\",\"name\":\"\u5343\u5024\u7df4 : RIOBOT - Genesis Climber Mospeada - AFC-01H Legioss (1\/48)\",\"isPartOf\":{\"@id\":\"https:\/\/hobby4geek.com\/#website\"},\"primaryImageOfPage\":{\"@id\":\"https:\/\/hobby4geek.com\/product\/sentinel-riobot-afc-01h-legioss-eta\/#primaryimage\"},\"image\":{\"@id\":\"https:\/\/hobby4geek.com\/product\/sentinel-riobot-afc-01h-legioss-eta\/#primaryimage\"},\"thumbnailUrl\":\"https:\/\/hobby4geek.com\/wp-content\/uploads\/2023\/02\/\u5343\u5024\u7df4-riobot-genesis-climber-mospeada-afc-01h-legioss-1-48.jpg\",\"datePublished\":\"2021-10-24T15:05:13+00:00\",\"dateModified\":\"2026-02-03T09:32:47+00:00\",\"breadcrumb\":{\"@id\":\"https:\/\/hobby4geek.com\/product\/sentinel-riobot-afc-01h-legioss-eta\/#breadcrumb\"},\"inLanguage\":\"de\",\"potentialAction\":[{\"@type\":\"ReadAction\",\"target\":[\"https:\/\/hobby4geek.com\/product\/sentinel-riobot-afc-01h-legioss-eta\/\"]}]},{\"@type\":\"ImageObject\",\"inLanguage\":\"de\",\"@id\":\"https:\/\/hobby4geek.com\/product\/sentinel-riobot-afc-01h-legioss-eta\/#primaryimage\",\"url\":\"https:\/\/hobby4geek.com\/wp-content\/uploads\/2023\/02\/\u5343\u5024\u7df4-riobot-genesis-climber-mospeada-afc-01h-legioss-1-48.jpg\",\"contentUrl\":\"https:\/\/hobby4geek.com\/wp-content\/uploads\/2023\/02\/\u5343\u5024\u7df4-riobot-genesis-climber-mospeada-afc-01h-legioss-1-48.jpg\",\"width\":1200,\"height\":1711,\"caption\":\"\u5343\u5024\u7df4 Riobot Genesis Climber Mospeada Afc 01h Legioss 1 48\"},{\"@type\":\"BreadcrumbList\",\"@id\":\"https:\/\/hobby4geek.com\/product\/sentinel-riobot-afc-01h-legioss-eta\/#breadcrumb\",\"itemListElement\":[{\"@type\":\"ListItem\",\"position\":1,\"name\":\"Home\",\"item\":\"https:\/\/hobby4geek.com\/\"},{\"@type\":\"ListItem\",\"position\":2,\"name\":\"Shop\",\"item\":\"https:\/\/hobby4geek.com\/shop\/\"},{\"@type\":\"ListItem\",\"position\":3,\"name\":\"\u5343\u5024\u7df4 : RIOBOT &#8211; Genesis Climber Mospeada &#8211; AFC-01H Legioss (1\/48)\"}]},{\"@type\":\"WebSite\",\"@id\":\"https:\/\/hobby4geek.com\/#website\",\"url\":\"https:\/\/hobby4geek.com\/\",\"name\":\"Hobby4Geek\",\"description\":\"Collect, Play &amp; Showcase, Embrace your Geekiness\",\"publisher\":{\"@id\":\"https:\/\/hobby4geek.com\/#organization\"},\"potentialAction\":[{\"@type\":\"SearchAction\",\"target\":{\"@type\":\"EntryPoint\",\"urlTemplate\":\"https:\/\/hobby4geek.com\/?s={search_term_string}\"},\"query-input\":{\"@type\":\"PropertyValueSpecification\",\"valueRequired\":true,\"valueName\":\"search_term_string\"}}],\"inLanguage\":\"de\"},{\"@type\":\"Organization\",\"@id\":\"https:\/\/hobby4geek.com\/#organization\",\"name\":\"Hobby4Geek\",\"url\":\"https:\/\/hobby4geek.com\/\",\"logo\":{\"@type\":\"ImageObject\",\"inLanguage\":\"de\",\"@id\":\"https:\/\/hobby4geek.com\/#\/schema\/logo\/image\/\",\"url\":\"https:\/\/hobby4geek.com\/wp-content\/uploads\/2023\/02\/default-kit.png\",\"contentUrl\":\"https:\/\/hobby4geek.com\/wp-content\/uploads\/2023\/02\/default-kit.png\",\"width\":600,\"height\":600,\"caption\":\"Hobby4Geek\"},\"image\":{\"@id\":\"https:\/\/hobby4geek.com\/#\/schema\/logo\/image\/\"},\"sameAs\":[\"https:\/\/www.facebook.com\/hobby4geek\",\"https:\/\/x.com\/hobby4geek\",\"https:\/\/www.instagram.com\/hobby4geek\/\"]}]}<\/script>\n<meta property=\"product:brand\" content=\"\u5343\u5024\u7df4 SEN-TI-NEL co.,ltd\" \/>\n<meta property=\"product:price:amount\" content=\"335.84\" \/>\n<meta property=\"product:price:currency\" content=\"EUR\" \/>\n<meta property=\"og:availability\" content=\"out of stock\" \/>\n<meta property=\"product:availability\" content=\"out of stock\" \/>\n<meta property=\"product:condition\" content=\"new\" \/>\n<!-- \/ Yoast SEO Premium plugin. -->","yoast_head_json":{"title":"\u5343\u5024\u7df4 : RIOBOT - Genesis Climber Mospeada - AFC-01H Legioss (1\/48)","robots":{"index":"index","follow":"follow","max-snippet":"max-snippet:-1","max-image-preview":"max-image-preview:large","max-video-preview":"max-video-preview:-1"},"canonical":"https:\/\/hobby4geek.com\/de\/produkt\/sentinel-riobot-afc-01h-legioss-eta\/","og_locale":"de_DE","og_type":"article","og_title":"\u5343\u5024\u7df4 : RIOBOT - Genesis Climber Mospeada - AFC-01H Legioss (1\/48)","og_description":"21cm  Scale 1\/48  Poseable Mini Riding Suit  Fighter, Diver and Soldier modes  beam cannon  Missile capsule","og_url":"https:\/\/hobby4geek.com\/de\/produkt\/sentinel-riobot-afc-01h-legioss-eta\/","og_site_name":"Hobby4Geek","article_publisher":"https:\/\/www.facebook.com\/hobby4geek","article_modified_time":"2026-02-03T09:32:47+00:00","og_image":[{"width":1200,"height":1711,"url":"https:\/\/hobby4geek.com\/wp-content\/uploads\/2023\/02\/\u5343\u5024\u7df4-riobot-genesis-climber-mospeada-afc-01h-legioss-1-48.jpg","type":"image\/jpeg"}],"twitter_card":"summary_large_image","twitter_site":"@hobby4geek","schema":{"@context":"https:\/\/schema.org","@graph":[{"@type":"WebPage","@id":"https:\/\/hobby4geek.com\/product\/sentinel-riobot-afc-01h-legioss-eta\/","url":"https:\/\/hobby4geek.com\/product\/sentinel-riobot-afc-01h-legioss-eta\/","name":"\u5343\u5024\u7df4 : RIOBOT - Genesis Climber Mospeada - AFC-01H Legioss (1\/48)","isPartOf":{"@id":"https:\/\/hobby4geek.com\/#website"},"primaryImageOfPage":{"@id":"https:\/\/hobby4geek.com\/product\/sentinel-riobot-afc-01h-legioss-eta\/#primaryimage"},"image":{"@id":"https:\/\/hobby4geek.com\/product\/sentinel-riobot-afc-01h-legioss-eta\/#primaryimage"},"thumbnailUrl":"https:\/\/hobby4geek.com\/wp-content\/uploads\/2023\/02\/\u5343\u5024\u7df4-riobot-genesis-climber-mospeada-afc-01h-legioss-1-48.jpg","datePublished":"2021-10-24T15:05:13+00:00","dateModified":"2026-02-03T09:32:47+00:00","breadcrumb":{"@id":"https:\/\/hobby4geek.com\/product\/sentinel-riobot-afc-01h-legioss-eta\/#breadcrumb"},"inLanguage":"de","potentialAction":[{"@type":"ReadAction","target":["https:\/\/hobby4geek.com\/product\/sentinel-riobot-afc-01h-legioss-eta\/"]}]},{"@type":"ImageObject","inLanguage":"de","@id":"https:\/\/hobby4geek.com\/product\/sentinel-riobot-afc-01h-legioss-eta\/#primaryimage","url":"https:\/\/hobby4geek.com\/wp-content\/uploads\/2023\/02\/\u5343\u5024\u7df4-riobot-genesis-climber-mospeada-afc-01h-legioss-1-48.jpg","contentUrl":"https:\/\/hobby4geek.com\/wp-content\/uploads\/2023\/02\/\u5343\u5024\u7df4-riobot-genesis-climber-mospeada-afc-01h-legioss-1-48.jpg","width":1200,"height":1711,"caption":"\u5343\u5024\u7df4 Riobot Genesis Climber Mospeada Afc 01h Legioss 1 48"},{"@type":"BreadcrumbList","@id":"https:\/\/hobby4geek.com\/product\/sentinel-riobot-afc-01h-legioss-eta\/#breadcrumb","itemListElement":[{"@type":"ListItem","position":1,"name":"Home","item":"https:\/\/hobby4geek.com\/"},{"@type":"ListItem","position":2,"name":"Shop","item":"https:\/\/hobby4geek.com\/shop\/"},{"@type":"ListItem","position":3,"name":"\u5343\u5024\u7df4 : RIOBOT &#8211; Genesis Climber Mospeada &#8211; AFC-01H Legioss (1\/48)"}]},{"@type":"WebSite","@id":"https:\/\/hobby4geek.com\/#website","url":"https:\/\/hobby4geek.com\/","name":"Hobby4Geek","description":"Sammeln, Spielen &amp; Pr\u00e4sentieren, Umarmung der Geekiness","publisher":{"@id":"https:\/\/hobby4geek.com\/#organization"},"potentialAction":[{"@type":"SearchAction","target":{"@type":"EntryPoint","urlTemplate":"https:\/\/hobby4geek.com\/?s={search_term_string}"},"query-input":{"@type":"PropertyValueSpecification","valueRequired":true,"valueName":"search_term_string"}}],"inLanguage":"de"},{"@type":"Organization","@id":"https:\/\/hobby4geek.com\/#organization","name":"Hobby4Geek","url":"https:\/\/hobby4geek.com\/","logo":{"@type":"ImageObject","inLanguage":"de","@id":"https:\/\/hobby4geek.com\/#\/schema\/logo\/image\/","url":"https:\/\/hobby4geek.com\/wp-content\/uploads\/2023\/02\/default-kit.png","contentUrl":"https:\/\/hobby4geek.com\/wp-content\/uploads\/2023\/02\/default-kit.png","width":600,"height":600,"caption":"Hobby4Geek"},"image":{"@id":"https:\/\/hobby4geek.com\/#\/schema\/logo\/image\/"},"sameAs":["https:\/\/www.facebook.com\/hobby4geek","https:\/\/x.com\/hobby4geek","https:\/\/www.instagram.com\/hobby4geek\/"]}]},"product_brand":"\u5343\u5024\u7df4 SEN-TI-NEL co.,ltd","product_price_amount":"335.84","product_price_currency":"EUR","og_availability":"out of stock","product_availability":"out of stock","product_condition":"new"},"_links":{"self":[{"href":"https:\/\/hobby4geek.com\/de\/wp-json\/wp\/v2\/product\/148290","targetHints":{"allow":["GET"]}}],"collection":[{"href":"https:\/\/hobby4geek.com\/de\/wp-json\/wp\/v2\/product"}],"about":[{"href":"https:\/\/hobby4geek.com\/de\/wp-json\/wp\/v2\/types\/product"}],"replies":[{"embeddable":true,"href":"https:\/\/hobby4geek.com\/de\/wp-json\/wp\/v2\/comments?post=148290"}],"version-history":[{"count":1,"href":"https:\/\/hobby4geek.com\/de\/wp-json\/wp\/v2\/product\/148290\/revisions"}],"predecessor-version":[{"id":200404,"href":"https:\/\/hobby4geek.com\/de\/wp-json\/wp\/v2\/product\/148290\/revisions\/200404"}],"wp:featuredmedia":[{"embeddable":true,"href":"https:\/\/hobby4geek.com\/de\/wp-json\/wp\/v2\/media\/181742"}],"wp:attachment":[{"href":"https:\/\/hobby4geek.com\/de\/wp-json\/wp\/v2\/media?parent=148290"}],"wp:term":[{"taxonomy":"product_brand","embeddable":true,"href":"https:\/\/hobby4geek.com\/de\/wp-json\/wp\/v2\/product_brand?post=148290"},{"taxonomy":"product_cat","embeddable":true,"href":"https:\/\/hobby4geek.com\/de\/wp-json\/wp\/v2\/product_cat?post=148290"},{"taxonomy":"product_tag","embeddable":true,"href":"https:\/\/hobby4geek.com\/de\/wp-json\/wp\/v2\/product_tag?post=148290"},{"taxonomy":"giftcard-category","embeddable":true,"href":"https:\/\/hobby4geek.com\/de\/wp-json\/wp\/v2\/giftcard-category?post=148290"}],"curies":[{"name":"wp","href":"https:\/\/api.w.org\/{rel}","templated":true}]}}