{"id":143186,"date":"2020-12-17T21:28:02","date_gmt":"2020-12-17T21:28:02","guid":{"rendered":"https:\/\/hobby4geek.com\/?post_type=product&#038;p=143186"},"modified":"2024-05-12T14:31:30","modified_gmt":"2024-05-12T13:31:30","slug":"apc-toys-apc-005-angel-engine-tfp-arcee","status":"publish","type":"product","link":"https:\/\/hobby4geek.com\/de\/produkt\/apc-toys-apc-005-angel-engine-tfp-arcee\/","title":{"rendered":"Apc Toys - APC-005 Engelsmotor (TFP Arcee)"},"content":{"rendered":"<p>Apc Toys - APC-005 Angel Engine zeigt Arcee aus der Zeichentrickserie Transformers Prime.<\/p>\n<p><strong>Produktmerkmal:<\/strong><\/p>\n<ul>\n<li>x2 Kanonen<\/li>\n<li>x2 Unterarmklingen<\/li>\n<li>x2 kleinere Klingen<\/li>\n<li>verbesserter Lenker<\/li>\n<li>Ver\u00e4nderung der Kopfskulptur<\/li>\n<li>mehr Handgelenke<\/li>\n<li>Metallverkleidung am ganzen K\u00f6rper<\/li>\n<\/ul>","protected":false},"excerpt":{"rendered":"<p>Apc Toys - APC-005 Angel Engine repr\u00e9sente Arcee de la s\u00e9rie anim\u00e9e Transformers Prime.<\/p>\n<p><strong>Produktmerkmal:<\/strong><\/p>\n<ul>\n<li>x2 Kanonen<\/li>\n<li>x2 Unterarmklingen<\/li>\n<li>x2 kleinere Klingen<\/li>\n<li>verbesserter Lenker<\/li>\n<li>Ver\u00e4nderung der Kopfskulptur<\/li>\n<li>mehr Handgelenke<\/li>\n<li>Metallverkleidung am ganzen K\u00f6rper<\/li>\n<\/ul>","protected":false},"featured_media":181050,"comment_status":"open","ping_status":"closed","template":"","meta":{"inline_featured_image":false},"product_brand":[],"product_cat":[123],"product_tag":[200,1759,1202,1069,1203,665,596,1204,1975,204,1073],"giftcard-category":[],"class_list":{"0":"post-143186","1":"product","2":"type-product","3":"status-publish","4":"has-post-thumbnail","6":"product_cat-apc-toys","7":"product_tag-action-figures","8":"product_tag-action-toys","9":"product_tag-angel-engine","10":"product_tag-apc-toys","11":"product_tag-apc-005","12":"product_tag-arcee","13":"product_tag-ko","14":"product_tag-moto","15":"product_tag-toys-figures","16":"product_tag-transformers","17":"product_tag-transformers-prime","18":"product_shipping_class-free-shipping","19":"inventories-china-inventory","21":"first","22":"outofstock","23":"taxable","24":"shipping-taxable","25":"purchasable","26":"product-type-simple","27":"add-to-wishlist-after_add_to_cart"},"yoast_head":"<!-- This site is optimized with the Yoast SEO Premium plugin v25.3.1 (Yoast SEO v27.2) - https:\/\/yoast.com\/product\/yoast-seo-premium-wordpress\/ -->\n<title>Apc Toys - APC-005 Angel Engine (TFP Arcee)<\/title>\n<meta name=\"robots\" content=\"index, follow, max-snippet:-1, max-image-preview:large, max-video-preview:-1\" \/>\n<link rel=\"canonical\" href=\"https:\/\/hobby4geek.com\/de\/produkt\/apc-toys-apc-005-angel-engine-tfp-arcee\/\" \/>\n<meta property=\"og:locale\" content=\"de_DE\" \/>\n<meta property=\"og:type\" content=\"article\" \/>\n<meta property=\"og:title\" content=\"Apc Toys - APC-005 Angel Engine (TFP Arcee)\" \/>\n<meta property=\"og:description\" content=\"Apc Toys - APC-005 Angel Engine repr\u00e9sente Arcee de la s\u00e9rie anim\u00e9e Transformers Prime.  Product Feature:   x2 cannons  x2 forearm blades  x2 smaller blades  improved handlebar  modification of the head sculpt  more wrist joints  metal covering all over the body\" \/>\n<meta property=\"og:url\" content=\"https:\/\/hobby4geek.com\/de\/produkt\/apc-toys-apc-005-angel-engine-tfp-arcee\/\" \/>\n<meta property=\"og:site_name\" content=\"Hobby4Geek\" \/>\n<meta property=\"article:publisher\" content=\"https:\/\/www.facebook.com\/hobby4geek\" \/>\n<meta property=\"article:modified_time\" content=\"2024-05-12T13:31:30+00:00\" \/>\n<meta property=\"og:image\" content=\"https:\/\/hobby4geek.com\/wp-content\/uploads\/2023\/02\/apc-toys-apc-005-angel-engine-tfp-arcee.jpg\" \/>\n\t<meta property=\"og:image:width\" content=\"640\" \/>\n\t<meta property=\"og:image:height\" content=\"387\" \/>\n\t<meta property=\"og:image:type\" content=\"image\/jpeg\" \/>\n<meta name=\"twitter:card\" content=\"summary_large_image\" \/>\n<meta name=\"twitter:site\" content=\"@hobby4geek\" \/>\n<script type=\"application\/ld+json\" class=\"yoast-schema-graph\">{\"@context\":\"https:\/\/schema.org\",\"@graph\":[{\"@type\":\"WebPage\",\"@id\":\"https:\/\/hobby4geek.com\/product\/apc-toys-apc-005-angel-engine-tfp-arcee\/\",\"url\":\"https:\/\/hobby4geek.com\/product\/apc-toys-apc-005-angel-engine-tfp-arcee\/\",\"name\":\"Apc Toys - APC-005 Angel Engine (TFP Arcee)\",\"isPartOf\":{\"@id\":\"https:\/\/hobby4geek.com\/#website\"},\"primaryImageOfPage\":{\"@id\":\"https:\/\/hobby4geek.com\/product\/apc-toys-apc-005-angel-engine-tfp-arcee\/#primaryimage\"},\"image\":{\"@id\":\"https:\/\/hobby4geek.com\/product\/apc-toys-apc-005-angel-engine-tfp-arcee\/#primaryimage\"},\"thumbnailUrl\":\"https:\/\/hobby4geek.com\/wp-content\/uploads\/2023\/02\/apc-toys-apc-005-angel-engine-tfp-arcee.jpg\",\"datePublished\":\"2020-12-17T21:28:02+00:00\",\"dateModified\":\"2024-05-12T13:31:30+00:00\",\"breadcrumb\":{\"@id\":\"https:\/\/hobby4geek.com\/product\/apc-toys-apc-005-angel-engine-tfp-arcee\/#breadcrumb\"},\"inLanguage\":\"de\",\"potentialAction\":[{\"@type\":\"ReadAction\",\"target\":[\"https:\/\/hobby4geek.com\/product\/apc-toys-apc-005-angel-engine-tfp-arcee\/\"]}]},{\"@type\":\"ImageObject\",\"inLanguage\":\"de\",\"@id\":\"https:\/\/hobby4geek.com\/product\/apc-toys-apc-005-angel-engine-tfp-arcee\/#primaryimage\",\"url\":\"https:\/\/hobby4geek.com\/wp-content\/uploads\/2023\/02\/apc-toys-apc-005-angel-engine-tfp-arcee.jpg\",\"contentUrl\":\"https:\/\/hobby4geek.com\/wp-content\/uploads\/2023\/02\/apc-toys-apc-005-angel-engine-tfp-arcee.jpg\",\"width\":640,\"height\":387,\"caption\":\"Dd54085f9d.jpg.640x640\"},{\"@type\":\"BreadcrumbList\",\"@id\":\"https:\/\/hobby4geek.com\/product\/apc-toys-apc-005-angel-engine-tfp-arcee\/#breadcrumb\",\"itemListElement\":[{\"@type\":\"ListItem\",\"position\":1,\"name\":\"Home\",\"item\":\"https:\/\/hobby4geek.com\/\"},{\"@type\":\"ListItem\",\"position\":2,\"name\":\"Shop\",\"item\":\"https:\/\/hobby4geek.com\/shop\/\"},{\"@type\":\"ListItem\",\"position\":3,\"name\":\"Apc Toys &#8211; APC-005 Angel Engine (TFP Arcee)\"}]},{\"@type\":\"WebSite\",\"@id\":\"https:\/\/hobby4geek.com\/#website\",\"url\":\"https:\/\/hobby4geek.com\/\",\"name\":\"Hobby4Geek\",\"description\":\"Collect, Play &amp; Showcase, Embrace your Geekiness\",\"publisher\":{\"@id\":\"https:\/\/hobby4geek.com\/#organization\"},\"potentialAction\":[{\"@type\":\"SearchAction\",\"target\":{\"@type\":\"EntryPoint\",\"urlTemplate\":\"https:\/\/hobby4geek.com\/?s={search_term_string}\"},\"query-input\":{\"@type\":\"PropertyValueSpecification\",\"valueRequired\":true,\"valueName\":\"search_term_string\"}}],\"inLanguage\":\"de\"},{\"@type\":\"Organization\",\"@id\":\"https:\/\/hobby4geek.com\/#organization\",\"name\":\"Hobby4Geek\",\"url\":\"https:\/\/hobby4geek.com\/\",\"logo\":{\"@type\":\"ImageObject\",\"inLanguage\":\"de\",\"@id\":\"https:\/\/hobby4geek.com\/#\/schema\/logo\/image\/\",\"url\":\"https:\/\/hobby4geek.com\/wp-content\/uploads\/2023\/02\/default-kit.png\",\"contentUrl\":\"https:\/\/hobby4geek.com\/wp-content\/uploads\/2023\/02\/default-kit.png\",\"width\":600,\"height\":600,\"caption\":\"Hobby4Geek\"},\"image\":{\"@id\":\"https:\/\/hobby4geek.com\/#\/schema\/logo\/image\/\"},\"sameAs\":[\"https:\/\/www.facebook.com\/hobby4geek\",\"https:\/\/x.com\/hobby4geek\",\"https:\/\/www.instagram.com\/hobby4geek\/\"]}]}<\/script>\n<meta property=\"product:brand\" content=\"Apc Toys\" \/>\n<meta property=\"product:price:amount\" content=\"64.00\" \/>\n<meta property=\"product:price:currency\" content=\"EUR\" \/>\n<meta property=\"og:availability\" content=\"out of stock\" \/>\n<meta property=\"product:availability\" content=\"out of stock\" \/>\n<meta property=\"product:condition\" content=\"new\" \/>\n<!-- \/ Yoast SEO Premium plugin. -->","yoast_head_json":{"title":"Apc Toys - APC-005 Engelsmotor (TFP Arcee)","robots":{"index":"index","follow":"follow","max-snippet":"max-snippet:-1","max-image-preview":"max-image-preview:large","max-video-preview":"max-video-preview:-1"},"canonical":"https:\/\/hobby4geek.com\/de\/produkt\/apc-toys-apc-005-angel-engine-tfp-arcee\/","og_locale":"de_DE","og_type":"article","og_title":"Apc Toys - APC-005 Angel Engine (TFP Arcee)","og_description":"Apc Toys - APC-005 Angel Engine repr\u00e9sente Arcee de la s\u00e9rie anim\u00e9e Transformers Prime.  Product Feature:   x2 cannons  x2 forearm blades  x2 smaller blades  improved handlebar  modification of the head sculpt  more wrist joints  metal covering all over the body","og_url":"https:\/\/hobby4geek.com\/de\/produkt\/apc-toys-apc-005-angel-engine-tfp-arcee\/","og_site_name":"Hobby4Geek","article_publisher":"https:\/\/www.facebook.com\/hobby4geek","article_modified_time":"2024-05-12T13:31:30+00:00","og_image":[{"width":640,"height":387,"url":"https:\/\/hobby4geek.com\/wp-content\/uploads\/2023\/02\/apc-toys-apc-005-angel-engine-tfp-arcee.jpg","type":"image\/jpeg"}],"twitter_card":"summary_large_image","twitter_site":"@hobby4geek","schema":{"@context":"https:\/\/schema.org","@graph":[{"@type":"WebPage","@id":"https:\/\/hobby4geek.com\/product\/apc-toys-apc-005-angel-engine-tfp-arcee\/","url":"https:\/\/hobby4geek.com\/product\/apc-toys-apc-005-angel-engine-tfp-arcee\/","name":"Apc Toys - APC-005 Engelsmotor (TFP Arcee)","isPartOf":{"@id":"https:\/\/hobby4geek.com\/#website"},"primaryImageOfPage":{"@id":"https:\/\/hobby4geek.com\/product\/apc-toys-apc-005-angel-engine-tfp-arcee\/#primaryimage"},"image":{"@id":"https:\/\/hobby4geek.com\/product\/apc-toys-apc-005-angel-engine-tfp-arcee\/#primaryimage"},"thumbnailUrl":"https:\/\/hobby4geek.com\/wp-content\/uploads\/2023\/02\/apc-toys-apc-005-angel-engine-tfp-arcee.jpg","datePublished":"2020-12-17T21:28:02+00:00","dateModified":"2024-05-12T13:31:30+00:00","breadcrumb":{"@id":"https:\/\/hobby4geek.com\/product\/apc-toys-apc-005-angel-engine-tfp-arcee\/#breadcrumb"},"inLanguage":"de","potentialAction":[{"@type":"ReadAction","target":["https:\/\/hobby4geek.com\/product\/apc-toys-apc-005-angel-engine-tfp-arcee\/"]}]},{"@type":"ImageObject","inLanguage":"de","@id":"https:\/\/hobby4geek.com\/product\/apc-toys-apc-005-angel-engine-tfp-arcee\/#primaryimage","url":"https:\/\/hobby4geek.com\/wp-content\/uploads\/2023\/02\/apc-toys-apc-005-angel-engine-tfp-arcee.jpg","contentUrl":"https:\/\/hobby4geek.com\/wp-content\/uploads\/2023\/02\/apc-toys-apc-005-angel-engine-tfp-arcee.jpg","width":640,"height":387,"caption":"Dd54085f9d.jpg.640x640"},{"@type":"BreadcrumbList","@id":"https:\/\/hobby4geek.com\/product\/apc-toys-apc-005-angel-engine-tfp-arcee\/#breadcrumb","itemListElement":[{"@type":"ListItem","position":1,"name":"Home","item":"https:\/\/hobby4geek.com\/"},{"@type":"ListItem","position":2,"name":"Shop","item":"https:\/\/hobby4geek.com\/shop\/"},{"@type":"ListItem","position":3,"name":"Apc Toys &#8211; APC-005 Angel Engine (TFP Arcee)"}]},{"@type":"WebSite","@id":"https:\/\/hobby4geek.com\/#website","url":"https:\/\/hobby4geek.com\/","name":"Hobby4Geek","description":"Sammeln, Spielen &amp; Pr\u00e4sentieren, Umarmung der Geekiness","publisher":{"@id":"https:\/\/hobby4geek.com\/#organization"},"potentialAction":[{"@type":"SearchAction","target":{"@type":"EntryPoint","urlTemplate":"https:\/\/hobby4geek.com\/?s={search_term_string}"},"query-input":{"@type":"PropertyValueSpecification","valueRequired":true,"valueName":"search_term_string"}}],"inLanguage":"de"},{"@type":"Organization","@id":"https:\/\/hobby4geek.com\/#organization","name":"Hobby4Geek","url":"https:\/\/hobby4geek.com\/","logo":{"@type":"ImageObject","inLanguage":"de","@id":"https:\/\/hobby4geek.com\/#\/schema\/logo\/image\/","url":"https:\/\/hobby4geek.com\/wp-content\/uploads\/2023\/02\/default-kit.png","contentUrl":"https:\/\/hobby4geek.com\/wp-content\/uploads\/2023\/02\/default-kit.png","width":600,"height":600,"caption":"Hobby4Geek"},"image":{"@id":"https:\/\/hobby4geek.com\/#\/schema\/logo\/image\/"},"sameAs":["https:\/\/www.facebook.com\/hobby4geek","https:\/\/x.com\/hobby4geek","https:\/\/www.instagram.com\/hobby4geek\/"]}]},"product_brand":"Apc Toys","product_price_amount":"64.00","product_price_currency":"EUR","og_availability":"out of stock","product_availability":"out of stock","product_condition":"new"},"_links":{"self":[{"href":"https:\/\/hobby4geek.com\/de\/wp-json\/wp\/v2\/product\/143186","targetHints":{"allow":["GET"]}}],"collection":[{"href":"https:\/\/hobby4geek.com\/de\/wp-json\/wp\/v2\/product"}],"about":[{"href":"https:\/\/hobby4geek.com\/de\/wp-json\/wp\/v2\/types\/product"}],"replies":[{"embeddable":true,"href":"https:\/\/hobby4geek.com\/de\/wp-json\/wp\/v2\/comments?post=143186"}],"version-history":[{"count":0,"href":"https:\/\/hobby4geek.com\/de\/wp-json\/wp\/v2\/product\/143186\/revisions"}],"wp:featuredmedia":[{"embeddable":true,"href":"https:\/\/hobby4geek.com\/de\/wp-json\/wp\/v2\/media\/181050"}],"wp:attachment":[{"href":"https:\/\/hobby4geek.com\/de\/wp-json\/wp\/v2\/media?parent=143186"}],"wp:term":[{"taxonomy":"product_brand","embeddable":true,"href":"https:\/\/hobby4geek.com\/de\/wp-json\/wp\/v2\/product_brand?post=143186"},{"taxonomy":"product_cat","embeddable":true,"href":"https:\/\/hobby4geek.com\/de\/wp-json\/wp\/v2\/product_cat?post=143186"},{"taxonomy":"product_tag","embeddable":true,"href":"https:\/\/hobby4geek.com\/de\/wp-json\/wp\/v2\/product_tag?post=143186"},{"taxonomy":"giftcard-category","embeddable":true,"href":"https:\/\/hobby4geek.com\/de\/wp-json\/wp\/v2\/giftcard-category?post=143186"}],"curies":[{"name":"wp","href":"https:\/\/api.w.org\/{rel}","templated":true}]}}