{"id":124586,"date":"2020-04-08T20:01:54","date_gmt":"2020-04-08T20:01:54","guid":{"rendered":"https:\/\/hobby4geek.com\/?post_type=product&#038;p=124586"},"modified":"2024-05-12T13:26:46","modified_gmt":"2024-05-12T12:26:46","slug":"transformers-masterpiece-mp-41-beast-wars-dinobot","status":"publish","type":"product","link":"https:\/\/hobby4geek.com\/de\/produkt\/transformers-masterpiece-mp-41-beast-wars-dinobot\/","title":{"rendered":"Transformers Masterpiece MP-41 Beast Wars Dinobot"},"content":{"rendered":"<p>Transformers Masterpiece MP-41 Beast Wars Dinobot<\/p>\n<p>Dinobot schlie\u00dft sich endlich der Masterpiece-Serie an! Dieser Dinobot MP-41 ist voll beweglich und kann in einen Roboter- und Dinosaurier-Kriegermodus verwandelt werden. Er verf\u00fcgt \u00fcber zwei austauschbare Gesichtsausdr\u00fccke (schreiend und l\u00e4chelnd) mit leuchtenden Augen und einem Gesichtsstrahleffekt, der seine Farbe von rot auf gr\u00fcn \u00e4ndern kann! Er wird mit seiner goldenen Scheibe, dem Dino-Schwert und dem Cyber Shield, Effektteilen und einer Basis f\u00fcr die Pr\u00e4sentation geliefert.<\/p>\n<ul>\n<li>Gr\u00f6\u00dfe: 20cm\/7.87\u2033<\/li>\n<li>Leuchtende Augen<\/li>\n<li>Cyber-Schild<\/li>\n<li>Dino-Schwert<\/li>\n<li>Auswechselbare Gesichter<\/li>\n<li>Face-Beam-Effekt<\/li>\n<li>Strahlenwirkung<\/li>\n<li>Goldene Schallplatte<\/li>\n<li>Scheibenhalter<\/li>\n<li>Scheibenadapter<\/li>\n<\/ul>","protected":false},"excerpt":{"rendered":"<ul>\n<li>Gr\u00f6\u00dfe: 20cm\/7.87\u2033<\/li>\n<li>Leuchtende Augen<\/li>\n<li>Cyber-Schild<\/li>\n<li>Dino-Schwert<\/li>\n<li>Auswechselbare Gesichter<\/li>\n<li>Face-Beam-Effekt<\/li>\n<li>Strahlenwirkung<\/li>\n<li>Goldene Schallplatte<\/li>\n<li>Scheibenhalter<\/li>\n<li>Scheibenadapter<\/li>\n<\/ul>","protected":false},"featured_media":180000,"comment_status":"open","ping_status":"closed","template":"","meta":{"inline_featured_image":false},"product_brand":[],"product_cat":[1955,68,69],"product_tag":[1759,557,221,568,335,230,569,559,203,1975,204],"giftcard-category":[],"class_list":{"0":"post-124586","1":"product","2":"type-product","3":"status-publish","4":"has-post-thumbnail","6":"product_cat-transformers","7":"product_cat-hasbro","8":"product_cat-takara-tomy","9":"product_tag-action-toys","10":"product_tag-beast-wars","11":"product_tag-decepticon","12":"product_tag-dinobot","13":"product_tag-hasbro","14":"product_tag-masterpiece","15":"product_tag-mp-41","16":"product_tag-predacon","17":"product_tag-takara-tomy","18":"product_tag-toys-figures","19":"product_tag-transformers","20":"product_shipping_class-from-china","21":"inventories-china-inventory","23":"first","24":"outofstock","25":"sold-individually","26":"taxable","27":"shipping-taxable","28":"purchasable","29":"product-type-simple","30":"add-to-wishlist-after_add_to_cart"},"yoast_head":"<!-- This site is optimized with the Yoast SEO Premium plugin v25.3.1 (Yoast SEO v27.2) - https:\/\/yoast.com\/product\/yoast-seo-premium-wordpress\/ -->\n<title>Transformers Masterpiece MP-41 Beast Wars Dinobot<\/title>\n<meta name=\"robots\" content=\"index, follow, max-snippet:-1, max-image-preview:large, max-video-preview:-1\" \/>\n<link rel=\"canonical\" href=\"https:\/\/hobby4geek.com\/de\/produkt\/transformers-masterpiece-mp-41-beast-wars-dinobot\/\" \/>\n<meta property=\"og:locale\" content=\"de_DE\" \/>\n<meta property=\"og:type\" content=\"article\" \/>\n<meta property=\"og:title\" content=\"Transformers Masterpiece MP-41 Beast Wars Dinobot\" \/>\n<meta property=\"og:description\" content=\"Size: 20cm\/7.87&quot;  Bright eyes  Cyber Shield  dino sword  Interchangeable faces  face beam effect  beam effect  gold record  disc holder  disc adapter\" \/>\n<meta property=\"og:url\" content=\"https:\/\/hobby4geek.com\/de\/produkt\/transformers-masterpiece-mp-41-beast-wars-dinobot\/\" \/>\n<meta property=\"og:site_name\" content=\"Hobby4Geek\" \/>\n<meta property=\"article:publisher\" content=\"https:\/\/www.facebook.com\/hobby4geek\" \/>\n<meta property=\"article:modified_time\" content=\"2024-05-12T12:26:46+00:00\" \/>\n<meta property=\"og:image\" content=\"https:\/\/hobby4geek.com\/wp-content\/uploads\/2023\/02\/transformers-masterpiece-mp-41-beast-wars-dinobot.jpg\" \/>\n\t<meta property=\"og:image:width\" content=\"720\" \/>\n\t<meta property=\"og:image:height\" content=\"540\" \/>\n\t<meta property=\"og:image:type\" content=\"image\/jpeg\" \/>\n<meta name=\"twitter:card\" content=\"summary_large_image\" \/>\n<meta name=\"twitter:site\" content=\"@hobby4geek\" \/>\n<script type=\"application\/ld+json\" class=\"yoast-schema-graph\">{\"@context\":\"https:\/\/schema.org\",\"@graph\":[{\"@type\":\"WebPage\",\"@id\":\"https:\/\/hobby4geek.com\/product\/transformers-masterpiece-mp-41-beast-wars-dinobot\/\",\"url\":\"https:\/\/hobby4geek.com\/product\/transformers-masterpiece-mp-41-beast-wars-dinobot\/\",\"name\":\"Transformers Masterpiece MP-41 Beast Wars Dinobot\",\"isPartOf\":{\"@id\":\"https:\/\/hobby4geek.com\/#website\"},\"primaryImageOfPage\":{\"@id\":\"https:\/\/hobby4geek.com\/product\/transformers-masterpiece-mp-41-beast-wars-dinobot\/#primaryimage\"},\"image\":{\"@id\":\"https:\/\/hobby4geek.com\/product\/transformers-masterpiece-mp-41-beast-wars-dinobot\/#primaryimage\"},\"thumbnailUrl\":\"https:\/\/hobby4geek.com\/wp-content\/uploads\/2023\/02\/transformers-masterpiece-mp-41-beast-wars-dinobot.jpg\",\"datePublished\":\"2020-04-08T20:01:54+00:00\",\"dateModified\":\"2024-05-12T12:26:46+00:00\",\"breadcrumb\":{\"@id\":\"https:\/\/hobby4geek.com\/product\/transformers-masterpiece-mp-41-beast-wars-dinobot\/#breadcrumb\"},\"inLanguage\":\"de\",\"potentialAction\":[{\"@type\":\"ReadAction\",\"target\":[\"https:\/\/hobby4geek.com\/product\/transformers-masterpiece-mp-41-beast-wars-dinobot\/\"]}]},{\"@type\":\"ImageObject\",\"inLanguage\":\"de\",\"@id\":\"https:\/\/hobby4geek.com\/product\/transformers-masterpiece-mp-41-beast-wars-dinobot\/#primaryimage\",\"url\":\"https:\/\/hobby4geek.com\/wp-content\/uploads\/2023\/02\/transformers-masterpiece-mp-41-beast-wars-dinobot.jpg\",\"contentUrl\":\"https:\/\/hobby4geek.com\/wp-content\/uploads\/2023\/02\/transformers-masterpiece-mp-41-beast-wars-dinobot.jpg\",\"width\":720,\"height\":540},{\"@type\":\"BreadcrumbList\",\"@id\":\"https:\/\/hobby4geek.com\/product\/transformers-masterpiece-mp-41-beast-wars-dinobot\/#breadcrumb\",\"itemListElement\":[{\"@type\":\"ListItem\",\"position\":1,\"name\":\"Home\",\"item\":\"https:\/\/hobby4geek.com\/\"},{\"@type\":\"ListItem\",\"position\":2,\"name\":\"Shop\",\"item\":\"https:\/\/hobby4geek.com\/shop\/\"},{\"@type\":\"ListItem\",\"position\":3,\"name\":\"Transformers Masterpiece MP-41 Beast Wars Dinobot\"}]},{\"@type\":\"WebSite\",\"@id\":\"https:\/\/hobby4geek.com\/#website\",\"url\":\"https:\/\/hobby4geek.com\/\",\"name\":\"Hobby4Geek\",\"description\":\"Collect, Play &amp; Showcase, Embrace your Geekiness\",\"publisher\":{\"@id\":\"https:\/\/hobby4geek.com\/#organization\"},\"potentialAction\":[{\"@type\":\"SearchAction\",\"target\":{\"@type\":\"EntryPoint\",\"urlTemplate\":\"https:\/\/hobby4geek.com\/?s={search_term_string}\"},\"query-input\":{\"@type\":\"PropertyValueSpecification\",\"valueRequired\":true,\"valueName\":\"search_term_string\"}}],\"inLanguage\":\"de\"},{\"@type\":\"Organization\",\"@id\":\"https:\/\/hobby4geek.com\/#organization\",\"name\":\"Hobby4Geek\",\"url\":\"https:\/\/hobby4geek.com\/\",\"logo\":{\"@type\":\"ImageObject\",\"inLanguage\":\"de\",\"@id\":\"https:\/\/hobby4geek.com\/#\/schema\/logo\/image\/\",\"url\":\"https:\/\/hobby4geek.com\/wp-content\/uploads\/2023\/02\/default-kit.png\",\"contentUrl\":\"https:\/\/hobby4geek.com\/wp-content\/uploads\/2023\/02\/default-kit.png\",\"width\":600,\"height\":600,\"caption\":\"Hobby4Geek\"},\"image\":{\"@id\":\"https:\/\/hobby4geek.com\/#\/schema\/logo\/image\/\"},\"sameAs\":[\"https:\/\/www.facebook.com\/hobby4geek\",\"https:\/\/x.com\/hobby4geek\",\"https:\/\/www.instagram.com\/hobby4geek\/\"]}]}<\/script>\n<meta property=\"product:brand\" content=\"Transformers\" \/>\n<meta property=\"product:price:amount\" content=\"298.00\" \/>\n<meta property=\"product:price:currency\" content=\"EUR\" \/>\n<meta property=\"og:availability\" content=\"out of stock\" \/>\n<meta property=\"product:availability\" content=\"out of stock\" \/>\n<meta property=\"product:condition\" content=\"new\" \/>\n<!-- \/ Yoast SEO Premium plugin. -->","yoast_head_json":{"title":"Transformers Masterpiece MP-41 Beast Wars Dinobot","robots":{"index":"index","follow":"follow","max-snippet":"max-snippet:-1","max-image-preview":"max-image-preview:large","max-video-preview":"max-video-preview:-1"},"canonical":"https:\/\/hobby4geek.com\/de\/produkt\/transformers-masterpiece-mp-41-beast-wars-dinobot\/","og_locale":"de_DE","og_type":"article","og_title":"Transformers Masterpiece MP-41 Beast Wars Dinobot","og_description":"Size: 20cm\/7.87\"  Bright eyes  Cyber Shield  dino sword  Interchangeable faces  face beam effect  beam effect  gold record  disc holder  disc adapter","og_url":"https:\/\/hobby4geek.com\/de\/produkt\/transformers-masterpiece-mp-41-beast-wars-dinobot\/","og_site_name":"Hobby4Geek","article_publisher":"https:\/\/www.facebook.com\/hobby4geek","article_modified_time":"2024-05-12T12:26:46+00:00","og_image":[{"width":720,"height":540,"url":"https:\/\/hobby4geek.com\/wp-content\/uploads\/2023\/02\/transformers-masterpiece-mp-41-beast-wars-dinobot.jpg","type":"image\/jpeg"}],"twitter_card":"summary_large_image","twitter_site":"@hobby4geek","schema":{"@context":"https:\/\/schema.org","@graph":[{"@type":"WebPage","@id":"https:\/\/hobby4geek.com\/product\/transformers-masterpiece-mp-41-beast-wars-dinobot\/","url":"https:\/\/hobby4geek.com\/product\/transformers-masterpiece-mp-41-beast-wars-dinobot\/","name":"Transformers Masterpiece MP-41 Beast Wars Dinobot","isPartOf":{"@id":"https:\/\/hobby4geek.com\/#website"},"primaryImageOfPage":{"@id":"https:\/\/hobby4geek.com\/product\/transformers-masterpiece-mp-41-beast-wars-dinobot\/#primaryimage"},"image":{"@id":"https:\/\/hobby4geek.com\/product\/transformers-masterpiece-mp-41-beast-wars-dinobot\/#primaryimage"},"thumbnailUrl":"https:\/\/hobby4geek.com\/wp-content\/uploads\/2023\/02\/transformers-masterpiece-mp-41-beast-wars-dinobot.jpg","datePublished":"2020-04-08T20:01:54+00:00","dateModified":"2024-05-12T12:26:46+00:00","breadcrumb":{"@id":"https:\/\/hobby4geek.com\/product\/transformers-masterpiece-mp-41-beast-wars-dinobot\/#breadcrumb"},"inLanguage":"de","potentialAction":[{"@type":"ReadAction","target":["https:\/\/hobby4geek.com\/product\/transformers-masterpiece-mp-41-beast-wars-dinobot\/"]}]},{"@type":"ImageObject","inLanguage":"de","@id":"https:\/\/hobby4geek.com\/product\/transformers-masterpiece-mp-41-beast-wars-dinobot\/#primaryimage","url":"https:\/\/hobby4geek.com\/wp-content\/uploads\/2023\/02\/transformers-masterpiece-mp-41-beast-wars-dinobot.jpg","contentUrl":"https:\/\/hobby4geek.com\/wp-content\/uploads\/2023\/02\/transformers-masterpiece-mp-41-beast-wars-dinobot.jpg","width":720,"height":540},{"@type":"BreadcrumbList","@id":"https:\/\/hobby4geek.com\/product\/transformers-masterpiece-mp-41-beast-wars-dinobot\/#breadcrumb","itemListElement":[{"@type":"ListItem","position":1,"name":"Home","item":"https:\/\/hobby4geek.com\/"},{"@type":"ListItem","position":2,"name":"Shop","item":"https:\/\/hobby4geek.com\/shop\/"},{"@type":"ListItem","position":3,"name":"Transformers Masterpiece MP-41 Beast Wars Dinobot"}]},{"@type":"WebSite","@id":"https:\/\/hobby4geek.com\/#website","url":"https:\/\/hobby4geek.com\/","name":"Hobby4Geek","description":"Sammeln, Spielen &amp; Pr\u00e4sentieren, Umarmung der Geekiness","publisher":{"@id":"https:\/\/hobby4geek.com\/#organization"},"potentialAction":[{"@type":"SearchAction","target":{"@type":"EntryPoint","urlTemplate":"https:\/\/hobby4geek.com\/?s={search_term_string}"},"query-input":{"@type":"PropertyValueSpecification","valueRequired":true,"valueName":"search_term_string"}}],"inLanguage":"de"},{"@type":"Organization","@id":"https:\/\/hobby4geek.com\/#organization","name":"Hobby4Geek","url":"https:\/\/hobby4geek.com\/","logo":{"@type":"ImageObject","inLanguage":"de","@id":"https:\/\/hobby4geek.com\/#\/schema\/logo\/image\/","url":"https:\/\/hobby4geek.com\/wp-content\/uploads\/2023\/02\/default-kit.png","contentUrl":"https:\/\/hobby4geek.com\/wp-content\/uploads\/2023\/02\/default-kit.png","width":600,"height":600,"caption":"Hobby4Geek"},"image":{"@id":"https:\/\/hobby4geek.com\/#\/schema\/logo\/image\/"},"sameAs":["https:\/\/www.facebook.com\/hobby4geek","https:\/\/x.com\/hobby4geek","https:\/\/www.instagram.com\/hobby4geek\/"]}]},"product_brand":"Transformers","product_price_amount":"298.00","product_price_currency":"EUR","og_availability":"out of stock","product_availability":"out of stock","product_condition":"new"},"_links":{"self":[{"href":"https:\/\/hobby4geek.com\/de\/wp-json\/wp\/v2\/product\/124586","targetHints":{"allow":["GET"]}}],"collection":[{"href":"https:\/\/hobby4geek.com\/de\/wp-json\/wp\/v2\/product"}],"about":[{"href":"https:\/\/hobby4geek.com\/de\/wp-json\/wp\/v2\/types\/product"}],"replies":[{"embeddable":true,"href":"https:\/\/hobby4geek.com\/de\/wp-json\/wp\/v2\/comments?post=124586"}],"version-history":[{"count":0,"href":"https:\/\/hobby4geek.com\/de\/wp-json\/wp\/v2\/product\/124586\/revisions"}],"wp:featuredmedia":[{"embeddable":true,"href":"https:\/\/hobby4geek.com\/de\/wp-json\/wp\/v2\/media\/180000"}],"wp:attachment":[{"href":"https:\/\/hobby4geek.com\/de\/wp-json\/wp\/v2\/media?parent=124586"}],"wp:term":[{"taxonomy":"product_brand","embeddable":true,"href":"https:\/\/hobby4geek.com\/de\/wp-json\/wp\/v2\/product_brand?post=124586"},{"taxonomy":"product_cat","embeddable":true,"href":"https:\/\/hobby4geek.com\/de\/wp-json\/wp\/v2\/product_cat?post=124586"},{"taxonomy":"product_tag","embeddable":true,"href":"https:\/\/hobby4geek.com\/de\/wp-json\/wp\/v2\/product_tag?post=124586"},{"taxonomy":"giftcard-category","embeddable":true,"href":"https:\/\/hobby4geek.com\/de\/wp-json\/wp\/v2\/giftcard-category?post=124586"}],"curies":[{"name":"wp","href":"https:\/\/api.w.org\/{rel}","templated":true}]}}