{"id":105144,"date":"2019-12-30T01:12:48","date_gmt":"2019-12-30T00:12:48","guid":{"rendered":"https:\/\/hobby4geek.com\/?post_type=product&#038;p=105144"},"modified":"2024-05-12T12:55:08","modified_gmt":"2024-05-12T11:55:08","slug":"transformers-studio-serie-57-deluxe-klasse-offroad-bumblebee","status":"publish","type":"product","link":"https:\/\/hobby4geek.com\/de\/produkt\/transformers-studio-serie-57-deluxe-klasse-offroad-bumblebee\/","title":{"rendered":"Transformers Studio Series - 57 Luxusklasse Offroad Bumblebee"},"content":{"rendered":"<p>Die Studio Series-Figuren und ihre Deko sind in ihrer Gr\u00f6\u00dfe den Figuren aus dem Transformers-Universum angepasst und von ikonischen Figuren und Szenen aus dem Film inspiriert. Au\u00dferdem eignen sich diese Figuren hervorragend f\u00fcr den Aufbau einer tollen Transformers-Sammlung.<\/p>\n<p>In der Canyon-Angriffsszene aus dem Film Transformers: Bumblebee k\u00e4mpft Bumblebee gegen Blitzwing in einem Kampf, der in der ganzen Schlucht widerhallt.<\/p>\n<p>Diese Deluxe Class Studio Series 57 Offroad Bumblebee Figur hat eine vom Film inspirierte Deko und l\u00e4sst sich in 26 Schritten vom Roboter- in den Jeep-Modus verwandeln. Entferne einfach die Kulisse aus der Verpackung, um Offroad Bumblebee in der Canyon-Angriffsszene darzustellen. Die Figur wird mit einer realistischen Waffe verkauft.<\/p>\n<p><strong>Produktmerkmale :\u00a0<\/strong><\/p>\n<ul>\n<li>4,50 Zoll (11,43cm)<\/li>\n<li>Deluxe Gr\u00f6\u00dfe<\/li>\n<li>Aus Kunststoff<\/li>\n<li>Basierend auf dem Film Transformers<\/li>\n<li>Umstellung vom Roboter- auf den Automodus in 26 Schritten<\/li>\n<li>Premium-Wert<\/li>\n<li>Abnehmbarer Boden, inspiriert von einer Szene aus dem Film Transformers Bumblebee<\/li>\n<li>Bewaffnet<\/li>\n<\/ul>","protected":false},"excerpt":{"rendered":"<ul>\n<li>4,50 Zoll (11,43cm)<\/li>\n<li>Deluxe Gr\u00f6\u00dfe<\/li>\n<li>Aus Kunststoff<\/li>\n<li>Basierend auf dem Film Transformers<\/li>\n<li>Umstellung vom Roboter- auf den Automodus in 26 Schritten<\/li>\n<li>Premium-Wert<\/li>\n<li>Abnehmbarer Boden, inspiriert von einer Szene aus dem Film Transformers Bumblebee<\/li>\n<li>Bewaffnet<\/li>\n<\/ul>","protected":false},"featured_media":179699,"comment_status":"open","ping_status":"closed","template":"","meta":{"inline_featured_image":false},"product_brand":[],"product_cat":[1955,68,69,1960],"product_tag":[776,200,1759,199,224,239,655,777,240,203,1975,204],"giftcard-category":[],"class_list":{"0":"post-105144","1":"product","2":"type-product","3":"status-publish","4":"has-post-thumbnail","6":"product_cat-transformers","7":"product_cat-hasbro","8":"product_cat-takara-tomy","9":"product_cat-transformers-generations","10":"product_tag-776","11":"product_tag-action-figures","12":"product_tag-action-toys","13":"product_tag-autobot","14":"product_tag-bumblebee","15":"product_tag-deluxe","16":"product_tag-ss","17":"product_tag-ss57","18":"product_tag-studio-series","19":"product_tag-takara-tomy","20":"product_tag-toys-figures","21":"product_tag-transformers","22":"inventories-china-inventory","24":"first","25":"outofstock","26":"taxable","27":"shipping-taxable","28":"purchasable","29":"product-type-simple","30":"add-to-wishlist-after_add_to_cart"},"yoast_head":"<!-- This site is optimized with the Yoast SEO Premium plugin v25.3.1 (Yoast SEO v27.2) - https:\/\/yoast.com\/product\/yoast-seo-premium-wordpress\/ -->\n<title>Transformers Studio Series - 57 Deluxe Class Offroad Bumblebee<\/title>\n<meta name=\"robots\" content=\"index, follow, max-snippet:-1, max-image-preview:large, max-video-preview:-1\" \/>\n<link rel=\"canonical\" href=\"https:\/\/hobby4geek.com\/de\/produkt\/transformers-studio-serie-57-deluxe-klasse-offroad-bumblebee\/\" \/>\n<meta property=\"og:locale\" content=\"de_DE\" \/>\n<meta property=\"og:type\" content=\"article\" \/>\n<meta property=\"og:title\" content=\"Transformers Studio Series - 57 Deluxe Class Offroad Bumblebee\" \/>\n<meta property=\"og:description\" content=\"4.50 inches (11.43cm)  Deluxe Size  In plastic  Based on the Transformers movie  Convert from robot mode to car mode in 26 steps  Premium figure  Removable bottom inspired by an iconic scene from the Transformers Bumblebee movie  Armed\" \/>\n<meta property=\"og:url\" content=\"https:\/\/hobby4geek.com\/de\/produkt\/transformers-studio-serie-57-deluxe-klasse-offroad-bumblebee\/\" \/>\n<meta property=\"og:site_name\" content=\"Hobby4Geek\" \/>\n<meta property=\"article:publisher\" content=\"https:\/\/www.facebook.com\/hobby4geek\" \/>\n<meta property=\"article:modified_time\" content=\"2024-05-12T11:55:08+00:00\" \/>\n<meta property=\"og:image\" content=\"https:\/\/hobby4geek.com\/wp-content\/uploads\/2023\/02\/transformers-studio-series-57-deluxe-class-offroad-bumblebee.jpg\" \/>\n\t<meta property=\"og:image:width\" content=\"1024\" \/>\n\t<meta property=\"og:image:height\" content=\"1024\" \/>\n\t<meta property=\"og:image:type\" content=\"image\/jpeg\" \/>\n<meta name=\"twitter:card\" content=\"summary_large_image\" \/>\n<meta name=\"twitter:site\" content=\"@hobby4geek\" \/>\n<script type=\"application\/ld+json\" class=\"yoast-schema-graph\">{\"@context\":\"https:\/\/schema.org\",\"@graph\":[{\"@type\":\"WebPage\",\"@id\":\"https:\/\/hobby4geek.com\/product\/transformers-studio-series-57-deluxe-class-offroad-bumblebee\/\",\"url\":\"https:\/\/hobby4geek.com\/product\/transformers-studio-series-57-deluxe-class-offroad-bumblebee\/\",\"name\":\"Transformers Studio Series - 57 Deluxe Class Offroad Bumblebee\",\"isPartOf\":{\"@id\":\"https:\/\/hobby4geek.com\/#website\"},\"primaryImageOfPage\":{\"@id\":\"https:\/\/hobby4geek.com\/product\/transformers-studio-series-57-deluxe-class-offroad-bumblebee\/#primaryimage\"},\"image\":{\"@id\":\"https:\/\/hobby4geek.com\/product\/transformers-studio-series-57-deluxe-class-offroad-bumblebee\/#primaryimage\"},\"thumbnailUrl\":\"https:\/\/hobby4geek.com\/wp-content\/uploads\/2023\/02\/transformers-studio-series-57-deluxe-class-offroad-bumblebee.jpg\",\"datePublished\":\"2019-12-30T00:12:48+00:00\",\"dateModified\":\"2024-05-12T11:55:08+00:00\",\"breadcrumb\":{\"@id\":\"https:\/\/hobby4geek.com\/product\/transformers-studio-series-57-deluxe-class-offroad-bumblebee\/#breadcrumb\"},\"inLanguage\":\"de\",\"potentialAction\":[{\"@type\":\"ReadAction\",\"target\":[\"https:\/\/hobby4geek.com\/product\/transformers-studio-series-57-deluxe-class-offroad-bumblebee\/\"]}]},{\"@type\":\"ImageObject\",\"inLanguage\":\"de\",\"@id\":\"https:\/\/hobby4geek.com\/product\/transformers-studio-series-57-deluxe-class-offroad-bumblebee\/#primaryimage\",\"url\":\"https:\/\/hobby4geek.com\/wp-content\/uploads\/2023\/02\/transformers-studio-series-57-deluxe-class-offroad-bumblebee.jpg\",\"contentUrl\":\"https:\/\/hobby4geek.com\/wp-content\/uploads\/2023\/02\/transformers-studio-series-57-deluxe-class-offroad-bumblebee.jpg\",\"width\":1024,\"height\":1024},{\"@type\":\"BreadcrumbList\",\"@id\":\"https:\/\/hobby4geek.com\/product\/transformers-studio-series-57-deluxe-class-offroad-bumblebee\/#breadcrumb\",\"itemListElement\":[{\"@type\":\"ListItem\",\"position\":1,\"name\":\"Home\",\"item\":\"https:\/\/hobby4geek.com\/\"},{\"@type\":\"ListItem\",\"position\":2,\"name\":\"Shop\",\"item\":\"https:\/\/hobby4geek.com\/shop\/\"},{\"@type\":\"ListItem\",\"position\":3,\"name\":\"Transformers Studio Series &#8211; 57 Deluxe Class Offroad Bumblebee\"}]},{\"@type\":\"WebSite\",\"@id\":\"https:\/\/hobby4geek.com\/#website\",\"url\":\"https:\/\/hobby4geek.com\/\",\"name\":\"Hobby4Geek\",\"description\":\"Collect, Play &amp; Showcase, Embrace your Geekiness\",\"publisher\":{\"@id\":\"https:\/\/hobby4geek.com\/#organization\"},\"potentialAction\":[{\"@type\":\"SearchAction\",\"target\":{\"@type\":\"EntryPoint\",\"urlTemplate\":\"https:\/\/hobby4geek.com\/?s={search_term_string}\"},\"query-input\":{\"@type\":\"PropertyValueSpecification\",\"valueRequired\":true,\"valueName\":\"search_term_string\"}}],\"inLanguage\":\"de\"},{\"@type\":\"Organization\",\"@id\":\"https:\/\/hobby4geek.com\/#organization\",\"name\":\"Hobby4Geek\",\"url\":\"https:\/\/hobby4geek.com\/\",\"logo\":{\"@type\":\"ImageObject\",\"inLanguage\":\"de\",\"@id\":\"https:\/\/hobby4geek.com\/#\/schema\/logo\/image\/\",\"url\":\"https:\/\/hobby4geek.com\/wp-content\/uploads\/2023\/02\/default-kit.png\",\"contentUrl\":\"https:\/\/hobby4geek.com\/wp-content\/uploads\/2023\/02\/default-kit.png\",\"width\":600,\"height\":600,\"caption\":\"Hobby4Geek\"},\"image\":{\"@id\":\"https:\/\/hobby4geek.com\/#\/schema\/logo\/image\/\"},\"sameAs\":[\"https:\/\/www.facebook.com\/hobby4geek\",\"https:\/\/x.com\/hobby4geek\",\"https:\/\/www.instagram.com\/hobby4geek\/\"]}]}<\/script>\n<meta property=\"product:brand\" content=\"Transformers\" \/>\n<meta property=\"product:price:amount\" content=\"29.00\" \/>\n<meta property=\"product:price:currency\" content=\"EUR\" \/>\n<meta property=\"og:availability\" content=\"out of stock\" \/>\n<meta property=\"product:availability\" content=\"out of stock\" \/>\n<meta property=\"product:retailer_item_id\" content=\"studioseries057\" \/>\n<meta property=\"product:condition\" content=\"new\" \/>\n<!-- \/ Yoast SEO Premium plugin. -->","yoast_head_json":{"title":"Transformers Studio Series - 57 Luxusklasse Offroad Bumblebee","robots":{"index":"index","follow":"follow","max-snippet":"max-snippet:-1","max-image-preview":"max-image-preview:large","max-video-preview":"max-video-preview:-1"},"canonical":"https:\/\/hobby4geek.com\/de\/produkt\/transformers-studio-serie-57-deluxe-klasse-offroad-bumblebee\/","og_locale":"de_DE","og_type":"article","og_title":"Transformers Studio Series - 57 Deluxe Class Offroad Bumblebee","og_description":"4.50 inches (11.43cm)  Deluxe Size  In plastic  Based on the Transformers movie  Convert from robot mode to car mode in 26 steps  Premium figure  Removable bottom inspired by an iconic scene from the Transformers Bumblebee movie  Armed","og_url":"https:\/\/hobby4geek.com\/de\/produkt\/transformers-studio-serie-57-deluxe-klasse-offroad-bumblebee\/","og_site_name":"Hobby4Geek","article_publisher":"https:\/\/www.facebook.com\/hobby4geek","article_modified_time":"2024-05-12T11:55:08+00:00","og_image":[{"width":1024,"height":1024,"url":"https:\/\/hobby4geek.com\/wp-content\/uploads\/2023\/02\/transformers-studio-series-57-deluxe-class-offroad-bumblebee.jpg","type":"image\/jpeg"}],"twitter_card":"summary_large_image","twitter_site":"@hobby4geek","schema":{"@context":"https:\/\/schema.org","@graph":[{"@type":"WebPage","@id":"https:\/\/hobby4geek.com\/product\/transformers-studio-series-57-deluxe-class-offroad-bumblebee\/","url":"https:\/\/hobby4geek.com\/product\/transformers-studio-series-57-deluxe-class-offroad-bumblebee\/","name":"Transformers Studio Series - 57 Luxusklasse Offroad Bumblebee","isPartOf":{"@id":"https:\/\/hobby4geek.com\/#website"},"primaryImageOfPage":{"@id":"https:\/\/hobby4geek.com\/product\/transformers-studio-series-57-deluxe-class-offroad-bumblebee\/#primaryimage"},"image":{"@id":"https:\/\/hobby4geek.com\/product\/transformers-studio-series-57-deluxe-class-offroad-bumblebee\/#primaryimage"},"thumbnailUrl":"https:\/\/hobby4geek.com\/wp-content\/uploads\/2023\/02\/transformers-studio-series-57-deluxe-class-offroad-bumblebee.jpg","datePublished":"2019-12-30T00:12:48+00:00","dateModified":"2024-05-12T11:55:08+00:00","breadcrumb":{"@id":"https:\/\/hobby4geek.com\/product\/transformers-studio-series-57-deluxe-class-offroad-bumblebee\/#breadcrumb"},"inLanguage":"de","potentialAction":[{"@type":"ReadAction","target":["https:\/\/hobby4geek.com\/product\/transformers-studio-series-57-deluxe-class-offroad-bumblebee\/"]}]},{"@type":"ImageObject","inLanguage":"de","@id":"https:\/\/hobby4geek.com\/product\/transformers-studio-series-57-deluxe-class-offroad-bumblebee\/#primaryimage","url":"https:\/\/hobby4geek.com\/wp-content\/uploads\/2023\/02\/transformers-studio-series-57-deluxe-class-offroad-bumblebee.jpg","contentUrl":"https:\/\/hobby4geek.com\/wp-content\/uploads\/2023\/02\/transformers-studio-series-57-deluxe-class-offroad-bumblebee.jpg","width":1024,"height":1024},{"@type":"BreadcrumbList","@id":"https:\/\/hobby4geek.com\/product\/transformers-studio-series-57-deluxe-class-offroad-bumblebee\/#breadcrumb","itemListElement":[{"@type":"ListItem","position":1,"name":"Home","item":"https:\/\/hobby4geek.com\/"},{"@type":"ListItem","position":2,"name":"Shop","item":"https:\/\/hobby4geek.com\/shop\/"},{"@type":"ListItem","position":3,"name":"Transformers Studio Series &#8211; 57 Deluxe Class Offroad Bumblebee"}]},{"@type":"WebSite","@id":"https:\/\/hobby4geek.com\/#website","url":"https:\/\/hobby4geek.com\/","name":"Hobby4Geek","description":"Sammeln, Spielen &amp; Pr\u00e4sentieren, Umarmung der Geekiness","publisher":{"@id":"https:\/\/hobby4geek.com\/#organization"},"potentialAction":[{"@type":"SearchAction","target":{"@type":"EntryPoint","urlTemplate":"https:\/\/hobby4geek.com\/?s={search_term_string}"},"query-input":{"@type":"PropertyValueSpecification","valueRequired":true,"valueName":"search_term_string"}}],"inLanguage":"de"},{"@type":"Organization","@id":"https:\/\/hobby4geek.com\/#organization","name":"Hobby4Geek","url":"https:\/\/hobby4geek.com\/","logo":{"@type":"ImageObject","inLanguage":"de","@id":"https:\/\/hobby4geek.com\/#\/schema\/logo\/image\/","url":"https:\/\/hobby4geek.com\/wp-content\/uploads\/2023\/02\/default-kit.png","contentUrl":"https:\/\/hobby4geek.com\/wp-content\/uploads\/2023\/02\/default-kit.png","width":600,"height":600,"caption":"Hobby4Geek"},"image":{"@id":"https:\/\/hobby4geek.com\/#\/schema\/logo\/image\/"},"sameAs":["https:\/\/www.facebook.com\/hobby4geek","https:\/\/x.com\/hobby4geek","https:\/\/www.instagram.com\/hobby4geek\/"]}]},"product_brand":"Transformers","product_price_amount":"29.00","product_price_currency":"EUR","og_availability":"out of stock","product_availability":"out of stock","product_retailer_item_id":"studioseries057","product_condition":"new"},"_links":{"self":[{"href":"https:\/\/hobby4geek.com\/de\/wp-json\/wp\/v2\/product\/105144","targetHints":{"allow":["GET"]}}],"collection":[{"href":"https:\/\/hobby4geek.com\/de\/wp-json\/wp\/v2\/product"}],"about":[{"href":"https:\/\/hobby4geek.com\/de\/wp-json\/wp\/v2\/types\/product"}],"replies":[{"embeddable":true,"href":"https:\/\/hobby4geek.com\/de\/wp-json\/wp\/v2\/comments?post=105144"}],"version-history":[{"count":0,"href":"https:\/\/hobby4geek.com\/de\/wp-json\/wp\/v2\/product\/105144\/revisions"}],"wp:featuredmedia":[{"embeddable":true,"href":"https:\/\/hobby4geek.com\/de\/wp-json\/wp\/v2\/media\/179699"}],"wp:attachment":[{"href":"https:\/\/hobby4geek.com\/de\/wp-json\/wp\/v2\/media?parent=105144"}],"wp:term":[{"taxonomy":"product_brand","embeddable":true,"href":"https:\/\/hobby4geek.com\/de\/wp-json\/wp\/v2\/product_brand?post=105144"},{"taxonomy":"product_cat","embeddable":true,"href":"https:\/\/hobby4geek.com\/de\/wp-json\/wp\/v2\/product_cat?post=105144"},{"taxonomy":"product_tag","embeddable":true,"href":"https:\/\/hobby4geek.com\/de\/wp-json\/wp\/v2\/product_tag?post=105144"},{"taxonomy":"giftcard-category","embeddable":true,"href":"https:\/\/hobby4geek.com\/de\/wp-json\/wp\/v2\/giftcard-category?post=105144"}],"curies":[{"name":"wp","href":"https:\/\/api.w.org\/{rel}","templated":true}]}}