{"id":186181,"date":"2023-04-07T01:15:52","date_gmt":"2023-04-07T00:15:52","guid":{"rendered":"https:\/\/hobby4geek.com\/?page_id=186181"},"modified":"2024-06-01T12:26:36","modified_gmt":"2024-06-01T11:26:36","slug":"faq","status":"publish","type":"page","link":"https:\/\/hobby4geek.com\/de\/faq\/","title":{"rendered":"H\u00e4ufig gestellte Fragen"},"content":{"rendered":"<div class=\"yith-faqs\">\n\t\t\t\t\n\t\t\t\t\t<ul class=\"yith-faqs-categories minimal\">\n\t\t\t\t\t\t<li>\n\t\t\t\t\t\t\t<a href=\"?term_id=all\" class=\"active\">Alle<\/a>\n\t\t\t\t\t\t<\/li>\n\t\t\t\t\t\t\t\t\t\t\t\t\t<li>\n\t\t\t\t\t\t\t\t<a href=\"?term_id=2003\" class=\"\">Versand<\/a>\n\t\t\t\t\t\t\t<\/li>\n\t\t\t\t\t\t\t\t\t\t\t\t\t<li>\n\t\t\t\t\t\t\t\t<a href=\"?term_id=2561\" class=\"\">\u00dcber uns<\/a>\n\t\t\t\t\t\t\t<\/li>\n\t\t\t\t\t\t\t\t\t\t\t\t\t<li>\n\t\t\t\t\t\t\t\t<a href=\"?term_id=2562\" class=\"\">Zahlungen<\/a>\n\t\t\t\t\t\t\t<\/li>\n\t\t\t\t\t\t\t\t\t\t\t\t\t<li>\n\t\t\t\t\t\t\t\t<a href=\"?term_id=2563\" class=\"\">Produkte<\/a>\n\t\t\t\t\t\t\t<\/li>\n\t\t\t\t\t\t\t\t\t\t\t<\/ul>\n\n\t\t\t\t\t\t\t\t<div id=\"yith-faqs-container\" class=\"yith-faqs-container yith-faq-type-toggle minimal yith-faqs-paged  default-loader\" style=\"--ywfp-icon-font-size: 14px;\">\n\n\t\t\t\t\t\n\t\t\t\t\t\n\t\t\t\t\t\t\t\t\t\t\t\t<div id=\"faq-197609\" class=\"yith-faqs-item icon-right\">\n\t\t\t\t\t\t\t<div class=\"yith-faqs-title\">\n\t\t\t\t\t\t\t\t\t\t\t\t\t\t\t\t\t<div class=\"icon yfwp-plus\"><\/div>\n\t\t\t\t\t\t\t\t\t\t\t\t\t\t\t\t<b>Vorbestellung? Anzahlung? Was ist das?<\/b>\n\t\t\t\t\t\t\t<\/div>\n\t\t\t\t\t\t\t<div class=\"yith-faqs-content-wrapper\">\n\t\t\t\t\t\t\t\t<div class=\"yith-faqs-content\">\n\t\t\t\t\t\t\t\t\t<strong>Wie sieht es mit Vorbestellungen aus?<\/strong>\r\n<ul>\r\n \t<li>Hast du schon einmal davon getr\u00e4umt, der ultimative Trendsetter zu sein und die hei\u00dfesten Artikel zu ergattern, bevor sie \u00fcberhaupt in den Regalen stehen? Genau darum geht es bei einer Vorbestellung! Du sicherst dir deine Lieblingsprodukte schon vor den anderen und sorgst daf\u00fcr, dass dich jeder Geek in deinem Viertel beneidet.<\/li>\r\n<\/ul>\r\n<strong>Warum sollte ich auf den Vorbestellungszug aufspringen?<\/strong>\r\n<ul>\r\n \t<li>Stellen Sie sich das vor: Es ist, als ob Sie eine Superkraft in der Welt des Einkaufens freischalten! Verabschieden Sie sich von der gef\u00fcrchteten Meldung \"nicht auf Lager\" und holen Sie sich genau das, was Sie wollen, bevor es weg ist. Au\u00dferdem bedeutet eine Vorbestellung oft, dass Sie Sonderangebote und exklusive Angebote erhalten.<\/li>\r\n<\/ul>\r\n<strong>Was hat es mit den Kautionen auf sich und warum brauche ich eine?<\/strong>\r\n<ul>\r\n \t<li>Betrachten Sie es als eine Anzahlung auf Ihr Gl\u00fcck! Wenn du einen Artikel vorbestellst, legst du im Voraus ein wenig Geld hin, um dir deine Reservierung zu sichern. Das ist wie ein pers\u00f6nliches VIP-Ticket, das Ihnen garantiert, dass Sie den Artikel, auf den Sie so versessen sind, nicht verpassen werden.<\/li>\r\n<\/ul>\r\n<strong>Warum ist eine Kaution so wichtig?<\/strong>\r\n<ul>\r\n \t<li>Oh, das ist cooler als ein Eisb\u00e4r, der Cha-Cha tanzt! Du schnappst dir nicht nur dein Must-Have, sondern kannst dich auch beruhigt zur\u00fccklehnen, weil du wei\u00dft, dass es auf dich wartet, sobald es in den Regalen steht und nur von dir gekauft werden kann. - Keine Sorgen, nur Spa\u00df!<\/li>\r\n<\/ul>\r\n<strong>Was sind die zus\u00e4tzlichen Vorteile einer Vorbestellung und Einzahlung bei Hobby4Geek?<\/strong>\r\n<ul>\r\n \t<li>Bei Hobby4Geek m\u00f6chten wir nicht nur sicherstellen, dass Sie immer einen Schritt voraus sind, sondern auch unsere cleveren Kunden verw\u00f6hnen! Denken Sie an spezielle Rabatte, exklusive Angebote und sogar \u00dcberraschungsgeschenke, wenn Sie vorbestellen und eine Anzahlung leisten. Warum also warten? Sichern Sie sich Ihre Lieblingsprodukte!<\/li>\r\n<\/ul>\t\t\t\t\t\t\t\t<\/div>\n\t\t\t\t\t\t\t\t\t\t\t\t\t\t\t\t\t<div class=\"yith-faqs-link\">\n\t\t\t\t\t\t\t\t\t\t<a class=\"yith-faqs-copy\" href=\"#\" data-faq=\"https:\/\/hobby4geek.com\/de\/faq\/#faq-197609\">\n\t\t\t\t\t\t\t\t\t\t\t<span class=\"hover-text\">Link kopieren<\/span>\n\t\t\t\t\t\t\t\t\t\t\t<span class=\"success-text\">Kopiert!<\/span>\n\t\t\t\t\t\t\t\t\t\t<\/a>\n\t\t\t\t\t\t\t\t\t<\/div>\n\t\t\t\t\t\t\t\t\t\t\t\t\t\t\t<\/div>\n\t\t\t\t\t\t<\/div>\n\n\t\t\t\t\t\n\t\t\t\t\t\t\t\t\t\t\t\t<div id=\"faq-197605\" class=\"yith-faqs-item icon-right\">\n\t\t\t\t\t\t\t<div class=\"yith-faqs-title\">\n\t\t\t\t\t\t\t\t\t\t\t\t\t\t\t\t\t<div class=\"icon yfwp-plus\"><\/div>\n\t\t\t\t\t\t\t\t\t\t\t\t\t\t\t\t<b>Wie verdient man Geek-Punkte und warum?<\/b>\n\t\t\t\t\t\t\t<\/div>\n\t\t\t\t\t\t\t<div class=\"yith-faqs-content-wrapper\">\n\t\t\t\t\t\t\t\t<div class=\"yith-faqs-content\">\n\t\t\t\t\t\t\t\t\t<p>Mit Hobby4Geek ist das Sammeln von Geek-Punkten ein Kinderspiel! F\u00fcr jeden Artikel, den du kaufst, sammelst du diese wertvollen Punkte - betrachte sie als deine Shopping-Freunde, die dich anfeuern!<\/p>\n<blockquote><p>Im Grunde erhalten Sie einen Geek-Punkt pro 5,51 \u20ac, die Sie ausgeben. Und jetzt kommt der lustige Teil: Jeder Geek-Punkt hat es in sich, denn er wiegt etwa 0,08 \u20ac!<\/p><\/blockquote>\n<p>Und wissen Sie was? Sie k\u00f6nnen diese digitalen Sch\u00e4tze gegen satte Rabatte eintauschen, wenn Sie zur Kasse gehen wollen.<\/p>\n<blockquote><p>Stellen Sie sich Folgendes vor: Sie schnappen sich das <a href=\"https:\/\/hobby4geek.com\/de\/produkt\/newage-xm-2-duel\/\" target=\"_blank\" rel=\"noopener\">gro\u00dfartiges Produkt<\/a> f\u00fcr 297,60 \u20ac (inkl. MwSt.), und schon landen 59 Geek-Punkte auf Ihrem Konto, die insgesamt 4,72 \u20ac einbringen.<\/p><\/blockquote>\n<p>Es ist wie ein kleiner Siegestanz, weil man sich etwas Besonderes geg\u00f6nnt hat! Oh, und hier ist das Geheimrezept hinter den Kulissen: \"Geek-Punkte = Produktbetrag \/ 5,51\". Ganz einfach, oder? Viel Spa\u00df beim Einkaufen, liebe Geeks!<\/p>\n\t\t\t\t\t\t\t\t<\/div>\n\t\t\t\t\t\t\t\t\t\t\t\t\t\t\t\t\t<div class=\"yith-faqs-link\">\n\t\t\t\t\t\t\t\t\t\t<a class=\"yith-faqs-copy\" href=\"#\" data-faq=\"https:\/\/hobby4geek.com\/de\/faq\/#faq-197605\">\n\t\t\t\t\t\t\t\t\t\t\t<span class=\"hover-text\">Link kopieren<\/span>\n\t\t\t\t\t\t\t\t\t\t\t<span class=\"success-text\">Kopiert!<\/span>\n\t\t\t\t\t\t\t\t\t\t<\/a>\n\t\t\t\t\t\t\t\t\t<\/div>\n\t\t\t\t\t\t\t\t\t\t\t\t\t\t\t<\/div>\n\t\t\t\t\t\t<\/div>\n\n\t\t\t\t\t\n\t\t\t\t\t\t\t\t\t\t\t\t<div id=\"faq-197601\" class=\"yith-faqs-item icon-right\">\n\t\t\t\t\t\t\t<div class=\"yith-faqs-title\">\n\t\t\t\t\t\t\t\t\t\t\t\t\t\t\t\t\t<div class=\"icon yfwp-plus\"><\/div>\n\t\t\t\t\t\t\t\t\t\t\t\t\t\t\t\t<b>Was sind die Unterschiede zwischen \"KO\", \"3rd Party, \"4th Party\" &amp; unter offizieller Lizenz\"?<\/b>\n\t\t\t\t\t\t\t<\/div>\n\t\t\t\t\t\t\t<div class=\"yith-faqs-content-wrapper\">\n\t\t\t\t\t\t\t\t<div class=\"yith-faqs-content\">\n\t\t\t\t\t\t\t\t\t<blockquote><p>Die Begriffe \"Knock Off\" (KO), \"Third Party\" (3rd Party), \"Fourth Party\" (4th Party) und \"Official\" (Licensed) werden h\u00e4ufig im Zusammenhang mit abgeleiteten Produkten verwendet, insbesondere in der Spielzeug- und Sammlerbranche. Hier sind ihre Unterschiede:<\/p><\/blockquote>\n<ul>\n<li><strong>\"Knock Off\" (KO)<\/strong>: Knock Offs, oft abgek\u00fcrzt als KO, sind nicht lizenzierte Produkte, die absichtlich offizielle Produkte imitieren, aber in der Regel von minderer Qualit\u00e4t, aber billiger sind.<\/li>\n<li><strong>\"Dritte Partei\" (3rd Party)<\/strong>: Third Party bezieht sich auf Hersteller, die ihre eigenen, nicht lizenzierten Produkte herstellen, die von lizenzierten Figuren inspiriert sind, aber so konzipiert sind, dass sie mit den bestehenden lizenzierten Produktreihen kompatibel sind. In der Transformers-Spielzeugindustrie beispielsweise stellen Dritthersteller h\u00e4ufig Figuren und Zubeh\u00f6r her, die mit den offiziellen Spielzeuglinien kompatibel sind, aber nicht von Hasbro oder Takara Tomy produziert werden.<\/li>\n<li><strong>\"Vierte Partei\" (4th Party)<\/strong>: Der Begriff \"Vierter Beteiligter\" ist nicht so gebr\u00e4uchlich wie die anderen und wird m\u00f6glicherweise nicht in allen Zusammenh\u00e4ngen anerkannt. In einigen Branchen kann sich der Begriff jedoch auf Unternehmen oder Einzelpersonen beziehen, die Dienstleistungen oder Produkte f\u00fcr Dritte (Dritte) erbringen, h\u00e4ufig im Rahmen von Vertr\u00e4gen oder komplexen Vereinbarungen, an denen mehrere Parteien beteiligt sind. Die Unterscheidung zwischen Dritten und Vierten Parteien kann je nach dem spezifischen Kontext variieren.<\/li>\n<li><strong>Offiziell (lizenziert)<\/strong>: Lizenzprodukte, die auch als offizielle Produkte bezeichnet werden, sind Produkte, die vom Rechteinhaber genehmigt wurden. Das bedeutet, dass der Hersteller das Recht erhalten hat, Produkte zu produzieren und zu verkaufen, die auf einem bestimmten Franchise, einer Figur oder einem geistigen Eigentum basieren. Lizenzierte Produkte sind in der Regel von h\u00f6herer Qualit\u00e4t und werden vom Rechteinhaber unterst\u00fctzt. Marvel- oder Star-Wars-Spielzeug, das von Hasbro hergestellt wird, ist zum Beispiel ein offizielles Lizenzprodukt.<\/li>\n<\/ul>\n\t\t\t\t\t\t\t\t<\/div>\n\t\t\t\t\t\t\t\t\t\t\t\t\t\t\t\t\t<div class=\"yith-faqs-link\">\n\t\t\t\t\t\t\t\t\t\t<a class=\"yith-faqs-copy\" href=\"#\" data-faq=\"https:\/\/hobby4geek.com\/de\/faq\/#faq-197601\">\n\t\t\t\t\t\t\t\t\t\t\t<span class=\"hover-text\">Link kopieren<\/span>\n\t\t\t\t\t\t\t\t\t\t\t<span class=\"success-text\">Kopiert!<\/span>\n\t\t\t\t\t\t\t\t\t\t<\/a>\n\t\t\t\t\t\t\t\t\t<\/div>\n\t\t\t\t\t\t\t\t\t\t\t\t\t\t\t<\/div>\n\t\t\t\t\t\t<\/div>\n\n\t\t\t\t\t\n\t\t\t\t\t\t\t\t\t\t\t\t<div id=\"faq-197599\" class=\"yith-faqs-item icon-right\">\n\t\t\t\t\t\t\t<div class=\"yith-faqs-title\">\n\t\t\t\t\t\t\t\t\t\t\t\t\t\t\t\t\t<div class=\"icon yfwp-plus\"><\/div>\n\t\t\t\t\t\t\t\t\t\t\t\t\t\t\t\t<b>Wie wurde Hobby4Geek ins Leben gerufen?<\/b>\n\t\t\t\t\t\t\t<\/div>\n\t\t\t\t\t\t\t<div class=\"yith-faqs-content-wrapper\">\n\t\t\t\t\t\t\t\t<div class=\"yith-faqs-content\">\n\t\t\t\t\t\t\t\t\t<blockquote><p>HOBBY4GEEK wurde am 8. Februar 2023 gegr\u00fcndet. Er wurde aus purer Leidenschaft f\u00fcr Transformers und alles, was mit Geek zu tun hat, geboren! Stellen Sie sich einen Ort vor, an dem Fans der coolsten gestaltwandelnden Roboter des Universums zusammenkommen und alle Actionfiguren ihrer Tr\u00e4ume finden k\u00f6nnen. Nun, das ist genau das, was wir geschaffen haben! Unser Online-Shop ist der ultimative Zufluchtsort f\u00fcr Transformers-Liebhaber, wo du ein endloses Universum von Spielzeugen, Sonderausgaben und Sammlerst\u00fccken entdecken kannst.<\/p><\/blockquote>\n<blockquote><p>Wir hatten diese geniale Idee, als wir feststellten, dass es keinen Online-Shop gab, der sich ausschlie\u00dflich diesen Metall-Superhelden widmete. Also beschlossen wir, die Dinge selbst in die Hand zu nehmen und den Transformers-Tempel im Internet aufzubauen! Unser Ziel? Ihnen die gr\u00f6\u00dfte Auswahl an Transformers-Actionfiguren zu bieten, von Klassikern \u00fcber die neuesten Ver\u00f6ffentlichungen bis hin zu ultraseltenen Modellen, die Sie nirgendwo anders finden werden.<\/p><\/blockquote>\n<blockquote><p>Bei HOBBY4GEEK machen wir keine halben Sachen, wenn es um Transformers geht. Wir sind hier, um dir ein episches Einkaufserlebnis zu bieten, so episch wie die Schlacht zwischen Autobots und Decepticons! Machen Sie sich also bereit f\u00fcr eine Reise, bei der jeder Klick Sie Ihrer n\u00e4chsten Lieblings-Actionfigur n\u00e4her bringt. Komm zu uns und tauche mit HOBBY4GEEK in die Action ein - wo die Leidenschaft f\u00fcr Spielzeuge zu einem Abenteuer wird!<\/p><\/blockquote>\n\t\t\t\t\t\t\t\t<\/div>\n\t\t\t\t\t\t\t\t\t\t\t\t\t\t\t\t\t<div class=\"yith-faqs-link\">\n\t\t\t\t\t\t\t\t\t\t<a class=\"yith-faqs-copy\" href=\"#\" data-faq=\"https:\/\/hobby4geek.com\/de\/faq\/#faq-197599\">\n\t\t\t\t\t\t\t\t\t\t\t<span class=\"hover-text\">Link kopieren<\/span>\n\t\t\t\t\t\t\t\t\t\t\t<span class=\"success-text\">Kopiert!<\/span>\n\t\t\t\t\t\t\t\t\t\t<\/a>\n\t\t\t\t\t\t\t\t\t<\/div>\n\t\t\t\t\t\t\t\t\t\t\t\t\t\t\t<\/div>\n\t\t\t\t\t\t<\/div>\n\n\t\t\t\t\t\n\t\t\t\t\t\t\t\t\t\t\t\t<div id=\"faq-197596\" class=\"yith-faqs-item icon-right\">\n\t\t\t\t\t\t\t<div class=\"yith-faqs-title\">\n\t\t\t\t\t\t\t\t\t\t\t\t\t\t\t\t\t<div class=\"icon yfwp-plus\"><\/div>\n\t\t\t\t\t\t\t\t\t\t\t\t\t\t\t\t<b>Welche Zahlungsarten werden auf Hobby4geek.com akzeptiert?<\/b>\n\t\t\t\t\t\t\t<\/div>\n\t\t\t\t\t\t\t<div class=\"yith-faqs-content-wrapper\">\n\t\t\t\t\t\t\t\t<div class=\"yith-faqs-content\">\n\t\t\t\t\t\t\t\t\t<p>Der Kunde w\u00e4hlt seine Zahlungsart am Ende seiner Bestellung aus und hat die M\u00f6glichkeit, per zu bezahlen:<\/p>\n<ul>\n<li>Sp\u00e4ter bezahlen \/ 3 Mal bezahlen (mit Klarna)<\/li>\n<li>Kreditkarte \/ Debitkarte (\u00fcber Stripe)<\/li>\n<li>Paypal-Konto\/Kreditkarten (\u00fcber PayPal)<\/li>\n<li>4 mal Bezahlung (per PayPal)<\/li>\n<li>Sofortige Bank\u00fcberweisung (durch Fintecture)<\/li>\n<li>Bank\u00fcberweisung (von Wise)<\/li>\n<li>ApplePay<\/li>\n<li>GooglePay<\/li>\n<li>Bancontact<\/li>\n<li>EPS<\/li>\n<li>Giropay<\/li>\n<li>iDEAL<\/li>\n<li>Sofort<\/li>\n<li>Przelewy24 (P24)<\/li>\n<\/ul>\n\t\t\t\t\t\t\t\t<\/div>\n\t\t\t\t\t\t\t\t\t\t\t\t\t\t\t\t\t<div class=\"yith-faqs-link\">\n\t\t\t\t\t\t\t\t\t\t<a class=\"yith-faqs-copy\" href=\"#\" data-faq=\"https:\/\/hobby4geek.com\/de\/faq\/#faq-197596\">\n\t\t\t\t\t\t\t\t\t\t\t<span class=\"hover-text\">Link kopieren<\/span>\n\t\t\t\t\t\t\t\t\t\t\t<span class=\"success-text\">Kopiert!<\/span>\n\t\t\t\t\t\t\t\t\t\t<\/a>\n\t\t\t\t\t\t\t\t\t<\/div>\n\t\t\t\t\t\t\t\t\t\t\t\t\t\t\t<\/div>\n\t\t\t\t\t\t<\/div>\n\n\t\t\t\t\t\n\t\t\t\t\t\t\t\t\t\t\t\t<div id=\"faq-197592\" class=\"yith-faqs-item icon-right\">\n\t\t\t\t\t\t\t<div class=\"yith-faqs-title\">\n\t\t\t\t\t\t\t\t\t\t\t\t\t\t\t\t\t<div class=\"icon yfwp-plus\"><\/div>\n\t\t\t\t\t\t\t\t\t\t\t\t\t\t\t\t<b>Welche Bedeutung hat der Name Hobby4Geek?<\/b>\n\t\t\t\t\t\t\t<\/div>\n\t\t\t\t\t\t\t<div class=\"yith-faqs-content-wrapper\">\n\t\t\t\t\t\t\t\t<div class=\"yith-faqs-content\">\n\t\t\t\t\t\t\t\t\t<p>Der Name \"Hobby4Geek\" ist eine Kombination aus \"Hobby\", das sich auf eine Aktivit\u00e4t bezieht, die regelm\u00e4\u00dfig zum Vergn\u00fcgen ausge\u00fcbt wird, und \"Geek\", das eine Person mit einer tiefen Leidenschaft und Kenntnissen in bestimmten Bereichen wie Technologie, Science Fiction und Gaming bezeichnet. Konkret konzentriert sich Hobby4Geek.com auf Spielzeug und Sammelfiguren, mit besonderem Schwerpunkt auf Transformers.<\/p>\n\t\t\t\t\t\t\t\t<\/div>\n\t\t\t\t\t\t\t\t\t\t\t\t\t\t\t\t\t<div class=\"yith-faqs-link\">\n\t\t\t\t\t\t\t\t\t\t<a class=\"yith-faqs-copy\" href=\"#\" data-faq=\"https:\/\/hobby4geek.com\/de\/faq\/#faq-197592\">\n\t\t\t\t\t\t\t\t\t\t\t<span class=\"hover-text\">Link kopieren<\/span>\n\t\t\t\t\t\t\t\t\t\t\t<span class=\"success-text\">Kopiert!<\/span>\n\t\t\t\t\t\t\t\t\t\t<\/a>\n\t\t\t\t\t\t\t\t\t<\/div>\n\t\t\t\t\t\t\t\t\t\t\t\t\t\t\t<\/div>\n\t\t\t\t\t\t<\/div>\n\n\t\t\t\t\t\n\t\t\t\t\t\t\t\t\t\t\t\t<div id=\"faq-186180\" class=\"yith-faqs-item icon-right\">\n\t\t\t\t\t\t\t<div class=\"yith-faqs-title\">\n\t\t\t\t\t\t\t\t\t\t\t\t\t\t\t\t\t<div class=\"icon yfwp-plus\"><\/div>\n\t\t\t\t\t\t\t\t\t\t\t\t\t\t\t\t<b>Herkunft der Pakete und Versandgeb\u00fchren?<\/b>\n\t\t\t\t\t\t\t<\/div>\n\t\t\t\t\t\t\t<div class=\"yith-faqs-content-wrapper\">\n\t\t\t\t\t\t\t\t<div class=\"yith-faqs-content\">\n\t\t\t\t\t\t\t\t\t<ul>\n<li>Unsere Pakete werden je nach Ihrem Standort und dem von Ihnen gew\u00e4hlten Produkt aus Frankreich oder China verschickt. Auf jeder Produktseite k\u00f6nnen Sie die Verf\u00fcgbarkeit f\u00fcr den Versand aus Frankreich oder China \u00fcberpr\u00fcfen.<\/li>\n<\/ul>\n<p>&nbsp;<\/p>\n<ul>\n<li>Sendungen aus China werden in der Regel kostenlos in fast alle L\u00e4nder der Welt verschickt.<\/li>\n<\/ul>\n<p>&nbsp;<\/p>\n<ul>\n<li>F\u00fcr Produkte, die von Frankreich aus versandt werden, k\u00f6nnen je nach Bestimmungsort Versandgeb\u00fchren anfallen. Die Lieferung ist jedoch innerhalb Europas ab einem Bestellwert von 70\u20ac und international ab einem Bestellwert von 150\u20ac kostenlos.<\/li>\n<\/ul>\n\t\t\t\t\t\t\t\t<\/div>\n\t\t\t\t\t\t\t\t\t\t\t\t\t\t\t\t\t<div class=\"yith-faqs-link\">\n\t\t\t\t\t\t\t\t\t\t<a class=\"yith-faqs-copy\" href=\"#\" data-faq=\"https:\/\/hobby4geek.com\/de\/faq\/#faq-186180\">\n\t\t\t\t\t\t\t\t\t\t\t<span class=\"hover-text\">Link kopieren<\/span>\n\t\t\t\t\t\t\t\t\t\t\t<span class=\"success-text\">Kopiert!<\/span>\n\t\t\t\t\t\t\t\t\t\t<\/a>\n\t\t\t\t\t\t\t\t\t<\/div>\n\t\t\t\t\t\t\t\t\t\t\t\t\t\t\t<\/div>\n\t\t\t\t\t\t<\/div>\n\n\t\t\t\t\t\n\t\t\t\t<\/div>\n\t\t\t\t\t\t\t<\/div>","protected":false},"excerpt":{"rendered":"","protected":false},"author":1,"featured_media":0,"parent":0,"menu_order":0,"comment_status":"closed","ping_status":"closed","template":"","meta":{"inline_featured_image":false,"footnotes":""},"class_list":["post-186181","page","type-page","status-publish","hentry"],"yoast_head":"<!-- This site is optimized with the Yoast SEO Premium plugin v25.3.1 (Yoast SEO v27.2) - https:\/\/yoast.com\/product\/yoast-seo-premium-wordpress\/ -->\n<title>Frequently asked questions<\/title>\n<meta name=\"robots\" content=\"index, follow, max-snippet:-1, max-image-preview:large, max-video-preview:-1\" \/>\n<link rel=\"canonical\" href=\"https:\/\/hobby4geek.com\/de\/faq\/\" \/>\n<meta property=\"og:locale\" content=\"de_DE\" \/>\n<meta property=\"og:type\" content=\"article\" \/>\n<meta property=\"og:title\" content=\"Frequently asked questions\" \/>\n<meta property=\"og:url\" content=\"https:\/\/hobby4geek.com\/de\/faq\/\" \/>\n<meta property=\"og:site_name\" content=\"Hobby4Geek\" \/>\n<meta property=\"article:publisher\" content=\"https:\/\/www.facebook.com\/hobby4geek\" \/>\n<meta property=\"article:modified_time\" content=\"2024-06-01T11:26:36+00:00\" \/>\n<meta name=\"twitter:card\" content=\"summary_large_image\" \/>\n<meta name=\"twitter:site\" content=\"@hobby4geek\" \/>\n<script type=\"application\/ld+json\" class=\"yoast-schema-graph\">{\"@context\":\"https:\/\/schema.org\",\"@graph\":[{\"@type\":\"WebPage\",\"@id\":\"https:\/\/hobby4geek.com\/faq\/\",\"url\":\"https:\/\/hobby4geek.com\/faq\/\",\"name\":\"Frequently asked questions\",\"isPartOf\":{\"@id\":\"https:\/\/hobby4geek.com\/#website\"},\"datePublished\":\"2023-04-07T00:15:52+00:00\",\"dateModified\":\"2024-06-01T11:26:36+00:00\",\"breadcrumb\":{\"@id\":\"https:\/\/hobby4geek.com\/faq\/#breadcrumb\"},\"inLanguage\":\"de\",\"potentialAction\":[{\"@type\":\"ReadAction\",\"target\":[\"https:\/\/hobby4geek.com\/faq\/\"]}]},{\"@type\":\"BreadcrumbList\",\"@id\":\"https:\/\/hobby4geek.com\/faq\/#breadcrumb\",\"itemListElement\":[{\"@type\":\"ListItem\",\"position\":1,\"name\":\"Home\",\"item\":\"https:\/\/hobby4geek.com\/\"},{\"@type\":\"ListItem\",\"position\":2,\"name\":\"Frequently asked questions\"}]},{\"@type\":\"WebSite\",\"@id\":\"https:\/\/hobby4geek.com\/#website\",\"url\":\"https:\/\/hobby4geek.com\/\",\"name\":\"Hobby4Geek\",\"description\":\"Collect, Play &amp; Showcase, Embrace your Geekiness\",\"publisher\":{\"@id\":\"https:\/\/hobby4geek.com\/#organization\"},\"potentialAction\":[{\"@type\":\"SearchAction\",\"target\":{\"@type\":\"EntryPoint\",\"urlTemplate\":\"https:\/\/hobby4geek.com\/?s={search_term_string}\"},\"query-input\":{\"@type\":\"PropertyValueSpecification\",\"valueRequired\":true,\"valueName\":\"search_term_string\"}}],\"inLanguage\":\"de\"},{\"@type\":\"Organization\",\"@id\":\"https:\/\/hobby4geek.com\/#organization\",\"name\":\"Hobby4Geek\",\"url\":\"https:\/\/hobby4geek.com\/\",\"logo\":{\"@type\":\"ImageObject\",\"inLanguage\":\"de\",\"@id\":\"https:\/\/hobby4geek.com\/#\/schema\/logo\/image\/\",\"url\":\"https:\/\/hobby4geek.com\/wp-content\/uploads\/2023\/02\/default-kit.png\",\"contentUrl\":\"https:\/\/hobby4geek.com\/wp-content\/uploads\/2023\/02\/default-kit.png\",\"width\":600,\"height\":600,\"caption\":\"Hobby4Geek\"},\"image\":{\"@id\":\"https:\/\/hobby4geek.com\/#\/schema\/logo\/image\/\"},\"sameAs\":[\"https:\/\/www.facebook.com\/hobby4geek\",\"https:\/\/x.com\/hobby4geek\",\"https:\/\/www.instagram.com\/hobby4geek\/\"]}]}<\/script>\n<!-- \/ Yoast SEO Premium plugin. -->","yoast_head_json":{"title":"H\u00e4ufig gestellte Fragen","robots":{"index":"index","follow":"follow","max-snippet":"max-snippet:-1","max-image-preview":"max-image-preview:large","max-video-preview":"max-video-preview:-1"},"canonical":"https:\/\/hobby4geek.com\/de\/faq\/","og_locale":"de_DE","og_type":"article","og_title":"Frequently asked questions","og_url":"https:\/\/hobby4geek.com\/de\/faq\/","og_site_name":"Hobby4Geek","article_publisher":"https:\/\/www.facebook.com\/hobby4geek","article_modified_time":"2024-06-01T11:26:36+00:00","twitter_card":"summary_large_image","twitter_site":"@hobby4geek","schema":{"@context":"https:\/\/schema.org","@graph":[{"@type":"WebPage","@id":"https:\/\/hobby4geek.com\/faq\/","url":"https:\/\/hobby4geek.com\/faq\/","name":"H\u00e4ufig gestellte Fragen","isPartOf":{"@id":"https:\/\/hobby4geek.com\/#website"},"datePublished":"2023-04-07T00:15:52+00:00","dateModified":"2024-06-01T11:26:36+00:00","breadcrumb":{"@id":"https:\/\/hobby4geek.com\/faq\/#breadcrumb"},"inLanguage":"de","potentialAction":[{"@type":"ReadAction","target":["https:\/\/hobby4geek.com\/faq\/"]}]},{"@type":"BreadcrumbList","@id":"https:\/\/hobby4geek.com\/faq\/#breadcrumb","itemListElement":[{"@type":"ListItem","position":1,"name":"Home","item":"https:\/\/hobby4geek.com\/"},{"@type":"ListItem","position":2,"name":"Frequently asked questions"}]},{"@type":"WebSite","@id":"https:\/\/hobby4geek.com\/#website","url":"https:\/\/hobby4geek.com\/","name":"Hobby4Geek","description":"Sammeln, Spielen &amp; Pr\u00e4sentieren, Umarmung der Geekiness","publisher":{"@id":"https:\/\/hobby4geek.com\/#organization"},"potentialAction":[{"@type":"SearchAction","target":{"@type":"EntryPoint","urlTemplate":"https:\/\/hobby4geek.com\/?s={search_term_string}"},"query-input":{"@type":"PropertyValueSpecification","valueRequired":true,"valueName":"search_term_string"}}],"inLanguage":"de"},{"@type":"Organization","@id":"https:\/\/hobby4geek.com\/#organization","name":"Hobby4Geek","url":"https:\/\/hobby4geek.com\/","logo":{"@type":"ImageObject","inLanguage":"de","@id":"https:\/\/hobby4geek.com\/#\/schema\/logo\/image\/","url":"https:\/\/hobby4geek.com\/wp-content\/uploads\/2023\/02\/default-kit.png","contentUrl":"https:\/\/hobby4geek.com\/wp-content\/uploads\/2023\/02\/default-kit.png","width":600,"height":600,"caption":"Hobby4Geek"},"image":{"@id":"https:\/\/hobby4geek.com\/#\/schema\/logo\/image\/"},"sameAs":["https:\/\/www.facebook.com\/hobby4geek","https:\/\/x.com\/hobby4geek","https:\/\/www.instagram.com\/hobby4geek\/"]}]}},"_links":{"self":[{"href":"https:\/\/hobby4geek.com\/de\/wp-json\/wp\/v2\/pages\/186181","targetHints":{"allow":["GET"]}}],"collection":[{"href":"https:\/\/hobby4geek.com\/de\/wp-json\/wp\/v2\/pages"}],"about":[{"href":"https:\/\/hobby4geek.com\/de\/wp-json\/wp\/v2\/types\/page"}],"author":[{"embeddable":true,"href":"https:\/\/hobby4geek.com\/de\/wp-json\/wp\/v2\/users\/1"}],"replies":[{"embeddable":true,"href":"https:\/\/hobby4geek.com\/de\/wp-json\/wp\/v2\/comments?post=186181"}],"version-history":[{"count":0,"href":"https:\/\/hobby4geek.com\/de\/wp-json\/wp\/v2\/pages\/186181\/revisions"}],"wp:attachment":[{"href":"https:\/\/hobby4geek.com\/de\/wp-json\/wp\/v2\/media?parent=186181"}],"curies":[{"name":"wp","href":"https:\/\/api.w.org\/{rel}","templated":true}]}}